{"id":16262,"date":"2026-03-17T10:49:36","date_gmt":"2026-03-17T09:49:36","guid":{"rendered":"https:\/\/www.perfectvanwamel.com\/?page_id=16262"},"modified":"2026-03-17T10:49:36","modified_gmt":"2026-03-17T09:49:36","slug":"gruenlandpflege","status":"publish","type":"page","link":"https:\/\/www.perfectvanwamel.com\/de\/sparten\/obst-und-weinbau\/gruenlandpflege\/","title":{"rendered":"Gr\u00fcnlandpflege"},"content":{"rendered":"<section class=\"l-section wpb_row height_small\"><div class=\"l-section-h i-cf\"><div class=\"g-cols vc_row type_default valign_top reversed\"><div class=\"vc_col-sm-12 wpb_column vc_column_container\"><div class=\"vc_column-inner\"><div class=\"wpb_wrapper\">[vc_custom_heading text=&#8221;Gr\u00fcnlandpflege&#8221; font_container=&#8221;tag:h1|text_align:left&#8221; use_theme_fonts=&#8221;yes&#8221;]<div class=\"g-cols wpb_row  type_default valign_top vc_inner\"><div class=\"vc_col-sm-12 wpb_column vc_column_container\"><div class=\"vc_column-inner\"><div class=\"wpb_wrapper\"><div class=\"w-image align_none\"><div class=\"w-image-h\"><img decoding=\"async\" width=\"1600\" height=\"620\" src=\"https:\/\/www.perfectvanwamel.com\/wp-content\/uploads\/2026\/03\/Onderhoud-van-de-grasstrook.jpg\" class=\"attachment-us_1600_620_crop size-us_1600_620_crop\" alt=\"\" srcset=\"https:\/\/www.perfectvanwamel.com\/wp-content\/uploads\/2026\/03\/Onderhoud-van-de-grasstrook.jpg 1600w, https:\/\/www.perfectvanwamel.com\/wp-content\/uploads\/2026\/03\/Onderhoud-van-de-grasstrook-300x116.jpg 300w, https:\/\/www.perfectvanwamel.com\/wp-content\/uploads\/2026\/03\/Onderhoud-van-de-grasstrook-1024x397.jpg 1024w, https:\/\/www.perfectvanwamel.com\/wp-content\/uploads\/2026\/03\/Onderhoud-van-de-grasstrook-600x233.jpg 600w\" sizes=\"(max-width: 1600px) 100vw, 1600px\" \/><\/div><\/div><div class=\"w-separator size_medium\"><\/div><div class=\"wpb_text_column\" ><div class=\"wpb_wrapper\"><p>Die Qualit\u00e4t und Tragf\u00e4higkeit des Gr\u00fcnstreifens h\u00e4ngt von Boden, Feuchtigkeit und N\u00e4hrstoffen ab. Wenn einer dieser drei Faktoren unzureichend ist, wird die Qualit\u00e4t und Tragf\u00e4higkeit des Gr\u00fcnstreifens stark beeintr\u00e4chtigt. Die Menge an Feuchtigkeit ist direkt von den Niederschl\u00e4gen und dem Boden abh\u00e4ngig. Die Qualit\u00e4t des Bodens h\u00e4ngt auch von der Nutzung und dem Fahren mit immer schwereren Maschinen ab.<\/p>\n<p>PERFECT \u2013 Van Wamel bietet ein komplettes Sortiment an L\u00f6sungen zur Wiederherstellung, Verbesserung oder Erhaltung der Rasenqualit\u00e4t. Bel\u00fcftung und Unterbodenschutz beseitigen die Bodenverdichtung und f\u00f6rdern die Wasserableitung, die Durchwurzelbarkeit und den Sauerstoffgehalt, so dass der Rasen die N\u00e4hrstoffe besser aufnehmen kann. Durch \u00dcbersaat werden sch\u00e4dliche Gr\u00e4ser und Unkr\u00e4uter entfernt und die Grasnarbe verj\u00fcngt.<\/p>\n<\/div><\/div><\/div><\/div><\/div><\/div><div class=\"w-separator size_small\"><\/div><div class=\"w-grid type_carousel layout_3518\" id=\"us_grid_1\"><style id=\"us_grid_1_css\">#us_grid_1 .w-grid-item{padding:1.5rem}#us_grid_1 .w-grid-list{margin:-1.5rem}.w-grid + #us_grid_1 .w-grid-list{margin-top:1.5rem}<\/style><style>.layout_3518 .w-grid-item-h{}.layout_3518 .usg_post_image_1{margin-bottom:0.5rem!important}.layout_3518 .usg_post_title_1{font-size:1rem!important}<\/style><div class=\"w-grid-list owl-carousel navstyle_circle navpos_outside\"><article class=\"w-grid-item post-16277 product type-product status-publish has-post-thumbnail product_cat-gruenlandpflege first instock shipping-taxable product-type-simple\" data-id=\"16277\">\r\n\t<div class=\"w-grid-item-h\">\r\n\t\t\t\t<div class=\"w-post-elm post_image usg_post_image_1 stretched\"><a href=\"https:\/\/www.perfectvanwamel.com\/de\/produkt\/wbg-2-grasnarbenlockerer\/\" aria-label=\"WBG 2 &#8211; Grasnarbenlockerer\"><img decoding=\"async\" width=\"600\" height=\"600\" src=\"https:\/\/www.perfectvanwamel.com\/wp-content\/uploads\/2024\/12\/WBG-2-180-1-600x600.jpg\" class=\"attachment-us_600_600_crop size-us_600_600_crop wp-post-image\" alt=\"\" srcset=\"https:\/\/www.perfectvanwamel.com\/wp-content\/uploads\/2024\/12\/WBG-2-180-1-600x600.jpg 600w, https:\/\/www.perfectvanwamel.com\/wp-content\/uploads\/2024\/12\/WBG-2-180-1-150x150.jpg 150w, https:\/\/www.perfectvanwamel.com\/wp-content\/uploads\/2024\/12\/WBG-2-180-1-64x64.jpg 64w, https:\/\/www.perfectvanwamel.com\/wp-content\/uploads\/2024\/12\/WBG-2-180-1-300x300.jpg 300w\" sizes=\"(max-width: 600px) 100vw, 600px\" \/><\/a><\/div><h2 class=\"w-post-elm post_title usg_post_title_1 woocommerce-loop-product__title color_link_inherit\"><a href=\"https:\/\/www.perfectvanwamel.com\/de\/produkt\/wbg-2-grasnarbenlockerer\/\">WBG 2 &#8211; Grasnarbenlockerer<\/a><\/h2>\t<\/div>\r\n<\/article>\r\n<article class=\"w-grid-item post-16288 product type-product status-publish has-post-thumbnail product_cat-gruenlandpflege  instock shipping-taxable product-type-simple\" data-id=\"16288\">\r\n\t<div class=\"w-grid-item-h\">\r\n\t\t\t\t<div class=\"w-post-elm post_image usg_post_image_1 stretched\"><a href=\"https:\/\/www.perfectvanwamel.com\/de\/produkt\/gb-grasnarbenbeluefter-fuer-obst-und-weinbau\/\" aria-label=\"GB &#8211; Grasnarbenbel\u00fcfter f\u00fcr Obst- und Weinbau\"><img decoding=\"async\" width=\"600\" height=\"600\" src=\"https:\/\/www.perfectvanwamel.com\/wp-content\/uploads\/2024\/12\/GB-150-zonder-logo-600x600.jpg\" class=\"attachment-us_600_600_crop size-us_600_600_crop wp-post-image\" alt=\"\" srcset=\"https:\/\/www.perfectvanwamel.com\/wp-content\/uploads\/2024\/12\/GB-150-zonder-logo-600x600.jpg 600w, https:\/\/www.perfectvanwamel.com\/wp-content\/uploads\/2024\/12\/GB-150-zonder-logo-150x150.jpg 150w, https:\/\/www.perfectvanwamel.com\/wp-content\/uploads\/2024\/12\/GB-150-zonder-logo-64x64.jpg 64w, https:\/\/www.perfectvanwamel.com\/wp-content\/uploads\/2024\/12\/GB-150-zonder-logo-300x300.jpg 300w\" sizes=\"(max-width: 600px) 100vw, 600px\" \/><\/a><\/div><h2 class=\"w-post-elm post_title usg_post_title_1 woocommerce-loop-product__title color_link_inherit\"><a href=\"https:\/\/www.perfectvanwamel.com\/de\/produkt\/gb-grasnarbenbeluefter-fuer-obst-und-weinbau\/\">GB &#8211; Grasnarbenbel\u00fcfter f\u00fcr Obst- und Weinbau<\/a><\/h2>\t<\/div>\r\n<\/article>\r\n<article class=\"w-grid-item post-16319 product type-product status-publish has-post-thumbnail product_cat-gruenlandpflege last instock shipping-taxable product-type-simple\" data-id=\"16319\">\r\n\t<div class=\"w-grid-item-h\">\r\n\t\t\t\t<div class=\"w-post-elm post_image usg_post_image_1 stretched\"><a href=\"https:\/\/www.perfectvanwamel.com\/de\/produkt\/grass-profi-nachsaemaschine-fuer-obst-und-weinbau\/\" aria-label=\"Grass Profi &#8211; Nachs\u00e4maschine f\u00fcr Obst- und Weinbau\"><img decoding=\"async\" width=\"600\" height=\"600\" src=\"https:\/\/www.perfectvanwamel.com\/wp-content\/uploads\/2024\/12\/Grass-profi-new-600x600.jpg\" class=\"attachment-us_600_600_crop size-us_600_600_crop wp-post-image\" alt=\"\" srcset=\"https:\/\/www.perfectvanwamel.com\/wp-content\/uploads\/2024\/12\/Grass-profi-new-600x600.jpg 600w, https:\/\/www.perfectvanwamel.com\/wp-content\/uploads\/2024\/12\/Grass-profi-new-150x150.jpg 150w, https:\/\/www.perfectvanwamel.com\/wp-content\/uploads\/2024\/12\/Grass-profi-new-64x64.jpg 64w, https:\/\/www.perfectvanwamel.com\/wp-content\/uploads\/2024\/12\/Grass-profi-new-300x300.jpg 300w\" sizes=\"(max-width: 600px) 100vw, 600px\" \/><\/a><\/div><h2 class=\"w-post-elm post_title usg_post_title_1 woocommerce-loop-product__title color_link_inherit\"><a href=\"https:\/\/www.perfectvanwamel.com\/de\/produkt\/grass-profi-nachsaemaschine-fuer-obst-und-weinbau\/\">Grass Profi &#8211; Nachs\u00e4maschine f\u00fcr Obst- und Weinbau<\/a><\/h2>\t<\/div>\r\n<\/article>\r\n<\/div>\t<div class=\"g-preloader type_1\">\r\n\t\t<div><\/div>\r\n\t<\/div>\r\n\t\t<div class=\"w-grid-json hidden\" onclick='return {&quot;ajax_url&quot;:&quot;https:\\\/\\\/www.perfectvanwamel.com\\\/wp-admin\\\/admin-ajax.php&quot;,&quot;permalink_url&quot;:&quot;https:\\\/\\\/www.perfectvanwamel.com\\\/de\\\/produkt\\\/grass-profi-nachsaemaschine-fuer-obst-und-weinbau\\\/&quot;,&quot;action&quot;:&quot;us_ajax_grid&quot;,&quot;max_num_pages&quot;:1,&quot;infinite_scroll&quot;:0,&quot;template_vars&quot;:{&quot;query_args&quot;:{&quot;ignore_sticky_posts&quot;:1,&quot;post_type&quot;:&quot;any&quot;,&quot;post__in&quot;:[&quot;16186&quot;,&quot;16133&quot;,&quot;16203&quot;],&quot;orderby&quot;:{&quot;post__in&quot;:&quot;ASC&quot;},&quot;posts_per_page&quot;:&quot;10&quot;},&quot;post_id&quot;:16262,&quot;us_grid_index&quot;:1,&quot;us_grid_ajax_index&quot;:null,&quot;exclude_items&quot;:&quot;none&quot;,&quot;items_offset&quot;:&quot;1&quot;,&quot;items_layout&quot;:&quot;3518&quot;,&quot;type&quot;:&quot;carousel&quot;,&quot;columns&quot;:&quot;4&quot;,&quot;img_size&quot;:&quot;default&quot;,&quot;overriding_link&quot;:&quot;none&quot;,&quot;lang&quot;:&quot;de&quot;},&quot;carousel_settings&quot;:{&quot;items&quot;:&quot;4&quot;,&quot;nav&quot;:1,&quot;navNext&quot;:&quot;&quot;,&quot;navPrev&quot;:&quot;&quot;,&quot;dots&quot;:0,&quot;center&quot;:0,&quot;autoplay&quot;:0,&quot;smooth_play&quot;:0,&quot;timeout&quot;:3000,&quot;speed&quot;:250,&quot;transition&quot;:&quot;&quot;,&quot;autoHeight&quot;:0,&quot;slideby&quot;:&quot;1&quot;},&quot;carousel_breakpoints&quot;:{&quot;1200&quot;:{&quot;items&quot;:4},&quot;900&quot;:{&quot;items&quot;:3,&quot;autoplay&quot;:1,&quot;autoplayHoverPause&quot;:1,&quot;autoHeight&quot;:0},&quot;600&quot;:{&quot;items&quot;:2,&quot;autoplay&quot;:1,&quot;autoplayHoverPause&quot;:1,&quot;autoHeight&quot;:0},&quot;0&quot;:{&quot;items&quot;:1,&quot;autoplay&quot;:1,&quot;autoplayHoverPause&quot;:1,&quot;autoHeight&quot;:0}}}'><\/div>\r\n<\/div><\/div><\/div><\/div><\/div><\/div><\/section>\n","protected":false},"excerpt":{"rendered":"Der PERFECT Grass Profi ist die Gr\u00fcnlandpflegemaschine oder Gr\u00fcnland-Nachs\u00e4maschine, die zum Eggen, Einebnen, Nachs\u00e4en und Walzen in einem Arbeitsgang eingesetzt werden kann. Einebnen: Unebenheiten, wie Maulwurfsh\u00fcgel im Gr\u00fcnland, mit dem Einebnungsbalken einebnen Eggen: robuste Zinken entfernen Unkraut und oberfl\u00e4chlich verwurzelte schlechte Gr\u00e4ser Die Aggressivit\u00e4t der Eggenzinken ist stufenlos einstellbar Nachs\u00e4en: Die Aufbaus\u00e4maschine s\u00e4t und verteilt...","protected":false},"author":2,"featured_media":16255,"parent":5287,"menu_order":0,"comment_status":"closed","ping_status":"closed","template":"","meta":{"_acf_changed":false,"footnotes":""},"class_list":["post-16262","page","type-page","status-publish","has-post-thumbnail","hentry"],"acf":[],"yoast_head":"<!-- This site is optimized with the Yoast SEO plugin v27.4 - https:\/\/yoast.com\/product\/yoast-seo-wordpress\/ -->\n<title>Gr\u00fcnlandpflege - PERFECT - Van Wamel<\/title>\n<meta name=\"robots\" content=\"index, follow, max-snippet:-1, max-image-preview:large, max-video-preview:-1\" \/>\n<link rel=\"canonical\" href=\"https:\/\/www.perfectvanwamel.com\/de\/sparten\/obst-und-weinbau\/gruenlandpflege\/\" \/>\n<meta property=\"og:locale\" content=\"de_DE\" \/>\n<meta property=\"og:type\" content=\"article\" \/>\n<meta property=\"og:title\" content=\"Gr\u00fcnlandpflege - PERFECT - Van Wamel\" \/>\n<meta property=\"og:url\" content=\"https:\/\/www.perfectvanwamel.com\/de\/sparten\/obst-und-weinbau\/gruenlandpflege\/\" \/>\n<meta property=\"og:site_name\" content=\"PERFECT - Van Wamel\" \/>\n<meta property=\"og:image\" content=\"https:\/\/staging.perfectvanwamel.com\/wp-content\/uploads\/2024\/12\/Woeler-folder-2-oranje-min-1-e1733653830113.png\" \/>\n\t<meta property=\"og:image:width\" content=\"1039\" \/>\n\t<meta property=\"og:image:height\" content=\"833\" \/>\n\t<meta property=\"og:image:type\" content=\"image\/png\" \/>\n<meta name=\"twitter:card\" content=\"summary_large_image\" \/>\n<meta name=\"twitter:label1\" content=\"Gesch\u00e4tzte Lesezeit\" \/>\n\t<meta name=\"twitter:data1\" content=\"1\u00a0Minute\" \/>\n<script type=\"application\/ld+json\" class=\"yoast-schema-graph\">{\"@context\":\"https:\\\/\\\/schema.org\",\"@graph\":[{\"@type\":\"WebPage\",\"@id\":\"https:\\\/\\\/www.perfectvanwamel.com\\\/de\\\/sparten\\\/obst-und-weinbau\\\/gruenlandpflege\\\/\",\"url\":\"https:\\\/\\\/www.perfectvanwamel.com\\\/de\\\/sparten\\\/obst-und-weinbau\\\/gruenlandpflege\\\/\",\"name\":\"Gr\u00fcnlandpflege - PERFECT - Van Wamel\",\"isPartOf\":{\"@id\":\"https:\\\/\\\/www.perfectvanwamel.com\\\/de\\\/#website\"},\"primaryImageOfPage\":{\"@id\":\"https:\\\/\\\/www.perfectvanwamel.com\\\/de\\\/sparten\\\/obst-und-weinbau\\\/gruenlandpflege\\\/#primaryimage\"},\"image\":{\"@id\":\"https:\\\/\\\/www.perfectvanwamel.com\\\/de\\\/sparten\\\/obst-und-weinbau\\\/gruenlandpflege\\\/#primaryimage\"},\"thumbnailUrl\":\"https:\\\/\\\/www.perfectvanwamel.com\\\/wp-content\\\/uploads\\\/2024\\\/12\\\/Woeler-folder-2-oranje-min-1-e1733653830113.png\",\"datePublished\":\"2026-03-17T09:49:36+00:00\",\"breadcrumb\":{\"@id\":\"https:\\\/\\\/www.perfectvanwamel.com\\\/de\\\/sparten\\\/obst-und-weinbau\\\/gruenlandpflege\\\/#breadcrumb\"},\"inLanguage\":\"de\",\"potentialAction\":[{\"@type\":\"ReadAction\",\"target\":[\"https:\\\/\\\/www.perfectvanwamel.com\\\/de\\\/sparten\\\/obst-und-weinbau\\\/gruenlandpflege\\\/\"]}]},{\"@type\":\"ImageObject\",\"inLanguage\":\"de\",\"@id\":\"https:\\\/\\\/www.perfectvanwamel.com\\\/de\\\/sparten\\\/obst-und-weinbau\\\/gruenlandpflege\\\/#primaryimage\",\"url\":\"https:\\\/\\\/www.perfectvanwamel.com\\\/wp-content\\\/uploads\\\/2024\\\/12\\\/Woeler-folder-2-oranje-min-1-e1733653830113.png\",\"contentUrl\":\"https:\\\/\\\/www.perfectvanwamel.com\\\/wp-content\\\/uploads\\\/2024\\\/12\\\/Woeler-folder-2-oranje-min-1-e1733653830113.png\",\"width\":1039,\"height\":833},{\"@type\":\"BreadcrumbList\",\"@id\":\"https:\\\/\\\/www.perfectvanwamel.com\\\/de\\\/sparten\\\/obst-und-weinbau\\\/gruenlandpflege\\\/#breadcrumb\",\"itemListElement\":[{\"@type\":\"ListItem\",\"position\":1,\"name\":\"Home\",\"item\":\"https:\\\/\\\/staging.perfectvanwamel.com\\\/de\\\/\"},{\"@type\":\"ListItem\",\"position\":2,\"name\":\"Sparten\",\"item\":\"https:\\\/\\\/staging.perfectvanwamel.com\\\/de\\\/sparten\\\/\"},{\"@type\":\"ListItem\",\"position\":3,\"name\":\"Obst- und Weinbau\",\"item\":\"https:\\\/\\\/staging.perfectvanwamel.com\\\/de\\\/sparten\\\/obst-und-weinbau\\\/\"},{\"@type\":\"ListItem\",\"position\":4,\"name\":\"Gr\u00fcnlandpflege\"}]},{\"@type\":\"WebSite\",\"@id\":\"https:\\\/\\\/www.perfectvanwamel.com\\\/de\\\/#website\",\"url\":\"https:\\\/\\\/www.perfectvanwamel.com\\\/de\\\/\",\"name\":\"PERFECT - Van Wamel\",\"description\":\"\",\"potentialAction\":[{\"@type\":\"SearchAction\",\"target\":{\"@type\":\"EntryPoint\",\"urlTemplate\":\"https:\\\/\\\/www.perfectvanwamel.com\\\/de\\\/?s={search_term_string}\"},\"query-input\":{\"@type\":\"PropertyValueSpecification\",\"valueRequired\":true,\"valueName\":\"search_term_string\"}}],\"inLanguage\":\"de\"}]}<\/script>\n<!-- \/ Yoast SEO plugin. -->","yoast_head_json":{"title":"Gr\u00fcnlandpflege - PERFECT - Van Wamel","robots":{"index":"index","follow":"follow","max-snippet":"max-snippet:-1","max-image-preview":"max-image-preview:large","max-video-preview":"max-video-preview:-1"},"canonical":"https:\/\/www.perfectvanwamel.com\/de\/sparten\/obst-und-weinbau\/gruenlandpflege\/","og_locale":"de_DE","og_type":"article","og_title":"Gr\u00fcnlandpflege - PERFECT - Van Wamel","og_url":"https:\/\/www.perfectvanwamel.com\/de\/sparten\/obst-und-weinbau\/gruenlandpflege\/","og_site_name":"PERFECT - Van Wamel","og_image":[{"width":1039,"height":833,"url":"https:\/\/staging.perfectvanwamel.com\/wp-content\/uploads\/2024\/12\/Woeler-folder-2-oranje-min-1-e1733653830113.png","type":"image\/png"}],"twitter_card":"summary_large_image","twitter_misc":{"Gesch\u00e4tzte Lesezeit":"1\u00a0Minute"},"schema":{"@context":"https:\/\/schema.org","@graph":[{"@type":"WebPage","@id":"https:\/\/www.perfectvanwamel.com\/de\/sparten\/obst-und-weinbau\/gruenlandpflege\/","url":"https:\/\/www.perfectvanwamel.com\/de\/sparten\/obst-und-weinbau\/gruenlandpflege\/","name":"Gr\u00fcnlandpflege - PERFECT - Van Wamel","isPartOf":{"@id":"https:\/\/www.perfectvanwamel.com\/de\/#website"},"primaryImageOfPage":{"@id":"https:\/\/www.perfectvanwamel.com\/de\/sparten\/obst-und-weinbau\/gruenlandpflege\/#primaryimage"},"image":{"@id":"https:\/\/www.perfectvanwamel.com\/de\/sparten\/obst-und-weinbau\/gruenlandpflege\/#primaryimage"},"thumbnailUrl":"https:\/\/www.perfectvanwamel.com\/wp-content\/uploads\/2024\/12\/Woeler-folder-2-oranje-min-1-e1733653830113.png","datePublished":"2026-03-17T09:49:36+00:00","breadcrumb":{"@id":"https:\/\/www.perfectvanwamel.com\/de\/sparten\/obst-und-weinbau\/gruenlandpflege\/#breadcrumb"},"inLanguage":"de","potentialAction":[{"@type":"ReadAction","target":["https:\/\/www.perfectvanwamel.com\/de\/sparten\/obst-und-weinbau\/gruenlandpflege\/"]}]},{"@type":"ImageObject","inLanguage":"de","@id":"https:\/\/www.perfectvanwamel.com\/de\/sparten\/obst-und-weinbau\/gruenlandpflege\/#primaryimage","url":"https:\/\/www.perfectvanwamel.com\/wp-content\/uploads\/2024\/12\/Woeler-folder-2-oranje-min-1-e1733653830113.png","contentUrl":"https:\/\/www.perfectvanwamel.com\/wp-content\/uploads\/2024\/12\/Woeler-folder-2-oranje-min-1-e1733653830113.png","width":1039,"height":833},{"@type":"BreadcrumbList","@id":"https:\/\/www.perfectvanwamel.com\/de\/sparten\/obst-und-weinbau\/gruenlandpflege\/#breadcrumb","itemListElement":[{"@type":"ListItem","position":1,"name":"Home","item":"https:\/\/staging.perfectvanwamel.com\/de\/"},{"@type":"ListItem","position":2,"name":"Sparten","item":"https:\/\/staging.perfectvanwamel.com\/de\/sparten\/"},{"@type":"ListItem","position":3,"name":"Obst- und Weinbau","item":"https:\/\/staging.perfectvanwamel.com\/de\/sparten\/obst-und-weinbau\/"},{"@type":"ListItem","position":4,"name":"Gr\u00fcnlandpflege"}]},{"@type":"WebSite","@id":"https:\/\/www.perfectvanwamel.com\/de\/#website","url":"https:\/\/www.perfectvanwamel.com\/de\/","name":"PERFECT - Van Wamel","description":"","potentialAction":[{"@type":"SearchAction","target":{"@type":"EntryPoint","urlTemplate":"https:\/\/www.perfectvanwamel.com\/de\/?s={search_term_string}"},"query-input":{"@type":"PropertyValueSpecification","valueRequired":true,"valueName":"search_term_string"}}],"inLanguage":"de"}]}},"_links":{"self":[{"href":"https:\/\/www.perfectvanwamel.com\/de\/wp-json\/wp\/v2\/pages\/16262","targetHints":{"allow":["GET"]}}],"collection":[{"href":"https:\/\/www.perfectvanwamel.com\/de\/wp-json\/wp\/v2\/pages"}],"about":[{"href":"https:\/\/www.perfectvanwamel.com\/de\/wp-json\/wp\/v2\/types\/page"}],"author":[{"embeddable":true,"href":"https:\/\/www.perfectvanwamel.com\/de\/wp-json\/wp\/v2\/users\/2"}],"replies":[{"embeddable":true,"href":"https:\/\/www.perfectvanwamel.com\/de\/wp-json\/wp\/v2\/comments?post=16262"}],"version-history":[{"count":13,"href":"https:\/\/www.perfectvanwamel.com\/de\/wp-json\/wp\/v2\/pages\/16262\/revisions"}],"predecessor-version":[{"id":28732,"href":"https:\/\/www.perfectvanwamel.com\/de\/wp-json\/wp\/v2\/pages\/16262\/revisions\/28732"}],"up":[{"embeddable":true,"href":"https:\/\/www.perfectvanwamel.com\/de\/wp-json\/wp\/v2\/pages\/5287"}],"wp:featuredmedia":[{"embeddable":true,"href":"https:\/\/www.perfectvanwamel.com\/de\/wp-json\/wp\/v2\/media\/16255"}],"wp:attachment":[{"href":"https:\/\/www.perfectvanwamel.com\/de\/wp-json\/wp\/v2\/media?parent=16262"}],"curies":[{"name":"wp","href":"https:\/\/api.w.org\/{rel}","templated":true}]}}