{"id":16345,"date":"2024-12-08T16:38:12","date_gmt":"2024-12-08T15:38:12","guid":{"rendered":"https:\/\/www.perfectvanwamel.com\/sparten\/obst-und-weinbau\/bodenbearbeitung-und-unkrautbekaempfung\/"},"modified":"2024-12-08T16:38:13","modified_gmt":"2024-12-08T15:38:13","slug":"bodenbearbeitung-und-unkrautbekaempfung","status":"publish","type":"page","link":"https:\/\/www.perfectvanwamel.com\/de\/sparten\/obst-und-weinbau\/bodenbearbeitung-und-unkrautbekaempfung\/","title":{"rendered":"Bodenbearbeitung und Unkrautbek\u00e4mpfung"},"content":{"rendered":"<section class=\"l-section wpb_row height_small\"><div class=\"l-section-h i-cf\"><div class=\"g-cols vc_row type_default valign_top reversed\"><div class=\"vc_col-sm-12 wpb_column vc_column_container\"><div class=\"vc_column-inner\"><div class=\"wpb_wrapper\">[vc_custom_heading text=&#8221;Bodenbearbeitung und Unkrautbek\u00e4mpfung&#8221; font_container=&#8221;tag:h1|text_align:left&#8221; use_theme_fonts=&#8221;yes&#8221;]<div class=\"g-cols wpb_row  type_default valign_top vc_inner\"><div class=\"vc_col-sm-12 wpb_column vc_column_container\"><div class=\"vc_column-inner\"><div class=\"wpb_wrapper\"><div class=\"w-image align_none\"><div class=\"w-image-h\"><img decoding=\"async\" width=\"1024\" height=\"750\" src=\"https:\/\/www.perfectvanwamel.com\/wp-content\/uploads\/2021\/09\/P1040698-1-e1733670751894.jpg\" class=\"attachment-large size-large\" alt=\"\" \/><\/div><\/div><div class=\"w-separator size_medium\"><\/div><div class=\"wpb_text_column\" ><div class=\"wpb_wrapper\"><p>PERFECT &#8211; Van Wamel bietet verschiedene L\u00f6sungen f\u00fcr die Bodenbearbeitung im Obst- und Weinbau.<\/p>\n<p>Bew\u00e4hrte Techniken, um den gesamten Streifen zwischen B\u00e4umen und Ranken frei von Bewuchs zu halten, wie die Skyros Vario &#8211; Scheibenegge. Neueren Datums ist der Fr\u00e4se Terra Ranger f\u00fcr eine schnelle und effektive Unkrautbek\u00e4mpfung im Unterstockbereich.<\/p>\n<\/div><\/div><\/div><\/div><\/div><\/div><div class=\"w-separator size_small\"><\/div><div class=\"w-grid type_carousel layout_3518\" id=\"us_grid_1\"><style id=\"us_grid_1_css\">#us_grid_1 .w-grid-item{padding:1.5rem}#us_grid_1 .w-grid-list{margin:-1.5rem}.w-grid + #us_grid_1 .w-grid-list{margin-top:1.5rem}<\/style><style>.layout_3518 .w-grid-item-h{}.layout_3518 .usg_post_image_1{margin-bottom:0.5rem!important}.layout_3518 .usg_post_title_1{font-size:1rem!important}<\/style><div class=\"w-grid-list owl-carousel navstyle_circle navpos_outside\"><article class=\"w-grid-item post-16277 product type-product status-publish has-post-thumbnail product_cat-gruenlandpflege first instock shipping-taxable product-type-simple\" data-id=\"16277\">\r\n\t<div class=\"w-grid-item-h\">\r\n\t\t\t\t<div class=\"w-post-elm post_image usg_post_image_1 stretched\"><a href=\"https:\/\/www.perfectvanwamel.com\/de\/produkt\/wbg-2-grasnarbenlockerer\/\" aria-label=\"WBG 2 &#8211; Grasnarbenlockerer\"><img decoding=\"async\" width=\"600\" height=\"600\" src=\"https:\/\/www.perfectvanwamel.com\/wp-content\/uploads\/2024\/12\/WBG-2-180-1-600x600.jpg\" class=\"attachment-us_600_600_crop size-us_600_600_crop wp-post-image\" alt=\"\" srcset=\"https:\/\/www.perfectvanwamel.com\/wp-content\/uploads\/2024\/12\/WBG-2-180-1-600x600.jpg 600w, https:\/\/www.perfectvanwamel.com\/wp-content\/uploads\/2024\/12\/WBG-2-180-1-150x150.jpg 150w, https:\/\/www.perfectvanwamel.com\/wp-content\/uploads\/2024\/12\/WBG-2-180-1-64x64.jpg 64w, https:\/\/www.perfectvanwamel.com\/wp-content\/uploads\/2024\/12\/WBG-2-180-1-300x300.jpg 300w\" sizes=\"(max-width: 600px) 100vw, 600px\" \/><\/a><\/div><h2 class=\"w-post-elm post_title usg_post_title_1 woocommerce-loop-product__title color_link_inherit\"><a href=\"https:\/\/www.perfectvanwamel.com\/de\/produkt\/wbg-2-grasnarbenlockerer\/\">WBG 2 &#8211; Grasnarbenlockerer<\/a><\/h2>\t<\/div>\r\n<\/article>\r\n<article class=\"w-grid-item post-16288 product type-product status-publish has-post-thumbnail product_cat-gruenlandpflege  instock shipping-taxable product-type-simple\" data-id=\"16288\">\r\n\t<div class=\"w-grid-item-h\">\r\n\t\t\t\t<div class=\"w-post-elm post_image usg_post_image_1 stretched\"><a href=\"https:\/\/www.perfectvanwamel.com\/de\/produkt\/gb-grasnarbenbeluefter-fuer-obst-und-weinbau\/\" aria-label=\"GB &#8211; Grasnarbenbel\u00fcfter f\u00fcr Obst- und Weinbau\"><img decoding=\"async\" width=\"600\" height=\"600\" src=\"https:\/\/www.perfectvanwamel.com\/wp-content\/uploads\/2024\/12\/GB-150-zonder-logo-600x600.jpg\" class=\"attachment-us_600_600_crop size-us_600_600_crop wp-post-image\" alt=\"\" srcset=\"https:\/\/www.perfectvanwamel.com\/wp-content\/uploads\/2024\/12\/GB-150-zonder-logo-600x600.jpg 600w, https:\/\/www.perfectvanwamel.com\/wp-content\/uploads\/2024\/12\/GB-150-zonder-logo-150x150.jpg 150w, https:\/\/www.perfectvanwamel.com\/wp-content\/uploads\/2024\/12\/GB-150-zonder-logo-64x64.jpg 64w, https:\/\/www.perfectvanwamel.com\/wp-content\/uploads\/2024\/12\/GB-150-zonder-logo-300x300.jpg 300w\" sizes=\"(max-width: 600px) 100vw, 600px\" \/><\/a><\/div><h2 class=\"w-post-elm post_title usg_post_title_1 woocommerce-loop-product__title color_link_inherit\"><a href=\"https:\/\/www.perfectvanwamel.com\/de\/produkt\/gb-grasnarbenbeluefter-fuer-obst-und-weinbau\/\">GB &#8211; Grasnarbenbel\u00fcfter f\u00fcr Obst- und Weinbau<\/a><\/h2>\t<\/div>\r\n<\/article>\r\n<article class=\"w-grid-item post-16319 product type-product status-publish has-post-thumbnail product_cat-gruenlandpflege last instock shipping-taxable product-type-simple\" data-id=\"16319\">\r\n\t<div class=\"w-grid-item-h\">\r\n\t\t\t\t<div class=\"w-post-elm post_image usg_post_image_1 stretched\"><a href=\"https:\/\/www.perfectvanwamel.com\/de\/produkt\/grass-profi-nachsaemaschine-fuer-obst-und-weinbau\/\" aria-label=\"Grass Profi &#8211; Nachs\u00e4maschine f\u00fcr Obst- und Weinbau\"><img decoding=\"async\" width=\"600\" height=\"600\" src=\"https:\/\/www.perfectvanwamel.com\/wp-content\/uploads\/2024\/12\/Grass-profi-new-600x600.jpg\" class=\"attachment-us_600_600_crop size-us_600_600_crop wp-post-image\" alt=\"\" srcset=\"https:\/\/www.perfectvanwamel.com\/wp-content\/uploads\/2024\/12\/Grass-profi-new-600x600.jpg 600w, https:\/\/www.perfectvanwamel.com\/wp-content\/uploads\/2024\/12\/Grass-profi-new-150x150.jpg 150w, https:\/\/www.perfectvanwamel.com\/wp-content\/uploads\/2024\/12\/Grass-profi-new-64x64.jpg 64w, https:\/\/www.perfectvanwamel.com\/wp-content\/uploads\/2024\/12\/Grass-profi-new-300x300.jpg 300w\" sizes=\"(max-width: 600px) 100vw, 600px\" \/><\/a><\/div><h2 class=\"w-post-elm post_title usg_post_title_1 woocommerce-loop-product__title color_link_inherit\"><a href=\"https:\/\/www.perfectvanwamel.com\/de\/produkt\/grass-profi-nachsaemaschine-fuer-obst-und-weinbau\/\">Grass Profi &#8211; Nachs\u00e4maschine f\u00fcr Obst- und Weinbau<\/a><\/h2>\t<\/div>\r\n<\/article>\r\n<\/div>\t<div class=\"g-preloader type_1\">\r\n\t\t<div><\/div>\r\n\t<\/div>\r\n\t\t<div class=\"w-grid-json hidden\" onclick='return {&quot;ajax_url&quot;:&quot;https:\\\/\\\/www.perfectvanwamel.com\\\/wp-admin\\\/admin-ajax.php&quot;,&quot;permalink_url&quot;:&quot;https:\\\/\\\/www.perfectvanwamel.com\\\/de\\\/produkt\\\/grass-profi-nachsaemaschine-fuer-obst-und-weinbau\\\/&quot;,&quot;action&quot;:&quot;us_ajax_grid&quot;,&quot;max_num_pages&quot;:1,&quot;infinite_scroll&quot;:0,&quot;template_vars&quot;:{&quot;query_args&quot;:{&quot;ignore_sticky_posts&quot;:1,&quot;post_type&quot;:&quot;any&quot;,&quot;post__in&quot;:[&quot;16186&quot;,&quot;16133&quot;,&quot;16203&quot;],&quot;orderby&quot;:{&quot;post__in&quot;:&quot;ASC&quot;},&quot;posts_per_page&quot;:&quot;10&quot;},&quot;post_id&quot;:16345,&quot;us_grid_index&quot;:1,&quot;us_grid_ajax_index&quot;:null,&quot;exclude_items&quot;:&quot;none&quot;,&quot;items_offset&quot;:&quot;1&quot;,&quot;items_layout&quot;:&quot;3518&quot;,&quot;type&quot;:&quot;carousel&quot;,&quot;columns&quot;:&quot;4&quot;,&quot;img_size&quot;:&quot;default&quot;,&quot;overriding_link&quot;:&quot;none&quot;,&quot;lang&quot;:&quot;de&quot;},&quot;carousel_settings&quot;:{&quot;items&quot;:&quot;4&quot;,&quot;nav&quot;:1,&quot;navNext&quot;:&quot;&quot;,&quot;navPrev&quot;:&quot;&quot;,&quot;dots&quot;:0,&quot;center&quot;:0,&quot;autoplay&quot;:0,&quot;smooth_play&quot;:0,&quot;timeout&quot;:3000,&quot;speed&quot;:250,&quot;transition&quot;:&quot;&quot;,&quot;autoHeight&quot;:0,&quot;slideby&quot;:&quot;1&quot;},&quot;carousel_breakpoints&quot;:{&quot;1200&quot;:{&quot;items&quot;:4},&quot;900&quot;:{&quot;items&quot;:3,&quot;autoplay&quot;:1,&quot;autoplayHoverPause&quot;:1,&quot;autoHeight&quot;:0},&quot;600&quot;:{&quot;items&quot;:2,&quot;autoplay&quot;:1,&quot;autoplayHoverPause&quot;:1,&quot;autoHeight&quot;:0},&quot;0&quot;:{&quot;items&quot;:1,&quot;autoplay&quot;:1,&quot;autoplayHoverPause&quot;:1,&quot;autoHeight&quot;:0}}}'><\/div>\r\n<\/div><\/div><\/div><\/div><\/div><\/div><\/section>\n","protected":false},"excerpt":{"rendered":"Der PERFECT Grass Profi ist die Gr\u00fcnlandpflegemaschine oder Gr\u00fcnland-Nachs\u00e4maschine, die zum Eggen, Einebnen, Nachs\u00e4en und Walzen in einem Arbeitsgang eingesetzt werden kann. Einebnen: Unebenheiten, wie Maulwurfsh\u00fcgel im Gr\u00fcnland, mit dem Einebnungsbalken einebnen Eggen: robuste Zinken entfernen Unkraut und oberfl\u00e4chlich verwurzelte schlechte Gr\u00e4ser Die Aggressivit\u00e4t der Eggenzinken ist stufenlos einstellbar Nachs\u00e4en: Die Aufbaus\u00e4maschine s\u00e4t und verteilt...","protected":false},"author":2,"featured_media":9135,"parent":5287,"menu_order":0,"comment_status":"closed","ping_status":"closed","template":"","meta":{"_acf_changed":false,"footnotes":""},"class_list":["post-16345","page","type-page","status-publish","has-post-thumbnail","hentry"],"acf":[],"yoast_head":"<!-- This site is optimized with the Yoast SEO plugin v27.5 - https:\/\/yoast.com\/product\/yoast-seo-wordpress\/ -->\n<title>Bodenbearbeitung und Unkrautbek\u00e4mpfung - PERFECT - Van Wamel<\/title>\n<meta name=\"robots\" content=\"index, follow, max-snippet:-1, max-image-preview:large, max-video-preview:-1\" \/>\n<link rel=\"canonical\" href=\"https:\/\/www.perfectvanwamel.com\/de\/sparten\/obst-und-weinbau\/bodenbearbeitung-und-unkrautbekaempfung\/\" \/>\n<meta property=\"og:locale\" content=\"de_DE\" \/>\n<meta property=\"og:type\" content=\"article\" \/>\n<meta property=\"og:title\" content=\"Bodenbearbeitung und Unkrautbek\u00e4mpfung - PERFECT - Van Wamel\" \/>\n<meta property=\"og:url\" content=\"https:\/\/www.perfectvanwamel.com\/de\/sparten\/obst-und-weinbau\/bodenbearbeitung-und-unkrautbekaempfung\/\" \/>\n<meta property=\"og:site_name\" content=\"PERFECT - Van Wamel\" \/>\n<meta property=\"article:modified_time\" content=\"2024-12-08T15:38:13+00:00\" \/>\n<meta property=\"og:image\" content=\"https:\/\/staging.perfectvanwamel.com\/wp-content\/uploads\/2021\/09\/P1040698-1-e1733670751894.jpg\" \/>\n\t<meta property=\"og:image:width\" content=\"1024\" \/>\n\t<meta property=\"og:image:height\" content=\"750\" \/>\n\t<meta property=\"og:image:type\" content=\"image\/jpeg\" \/>\n<meta name=\"twitter:card\" content=\"summary_large_image\" \/>\n<meta name=\"twitter:label1\" content=\"Gesch\u00e4tzte Lesezeit\" \/>\n\t<meta name=\"twitter:data1\" content=\"1\u00a0Minute\" \/>\n<script type=\"application\/ld+json\" class=\"yoast-schema-graph\">{\"@context\":\"https:\\\/\\\/schema.org\",\"@graph\":[{\"@type\":\"WebPage\",\"@id\":\"https:\\\/\\\/www.perfectvanwamel.com\\\/de\\\/sparten\\\/obst-und-weinbau\\\/bodenbearbeitung-und-unkrautbekaempfung\\\/\",\"url\":\"https:\\\/\\\/www.perfectvanwamel.com\\\/de\\\/sparten\\\/obst-und-weinbau\\\/bodenbearbeitung-und-unkrautbekaempfung\\\/\",\"name\":\"Bodenbearbeitung und Unkrautbek\u00e4mpfung - PERFECT - Van Wamel\",\"isPartOf\":{\"@id\":\"https:\\\/\\\/www.perfectvanwamel.com\\\/de\\\/#website\"},\"primaryImageOfPage\":{\"@id\":\"https:\\\/\\\/www.perfectvanwamel.com\\\/de\\\/sparten\\\/obst-und-weinbau\\\/bodenbearbeitung-und-unkrautbekaempfung\\\/#primaryimage\"},\"image\":{\"@id\":\"https:\\\/\\\/www.perfectvanwamel.com\\\/de\\\/sparten\\\/obst-und-weinbau\\\/bodenbearbeitung-und-unkrautbekaempfung\\\/#primaryimage\"},\"thumbnailUrl\":\"https:\\\/\\\/www.perfectvanwamel.com\\\/wp-content\\\/uploads\\\/2021\\\/09\\\/P1040698-1-e1733670751894.jpg\",\"datePublished\":\"2024-12-08T15:38:12+00:00\",\"dateModified\":\"2024-12-08T15:38:13+00:00\",\"breadcrumb\":{\"@id\":\"https:\\\/\\\/www.perfectvanwamel.com\\\/de\\\/sparten\\\/obst-und-weinbau\\\/bodenbearbeitung-und-unkrautbekaempfung\\\/#breadcrumb\"},\"inLanguage\":\"de\",\"potentialAction\":[{\"@type\":\"ReadAction\",\"target\":[\"https:\\\/\\\/www.perfectvanwamel.com\\\/de\\\/sparten\\\/obst-und-weinbau\\\/bodenbearbeitung-und-unkrautbekaempfung\\\/\"]}]},{\"@type\":\"ImageObject\",\"inLanguage\":\"de\",\"@id\":\"https:\\\/\\\/www.perfectvanwamel.com\\\/de\\\/sparten\\\/obst-und-weinbau\\\/bodenbearbeitung-und-unkrautbekaempfung\\\/#primaryimage\",\"url\":\"https:\\\/\\\/www.perfectvanwamel.com\\\/wp-content\\\/uploads\\\/2021\\\/09\\\/P1040698-1-e1733670751894.jpg\",\"contentUrl\":\"https:\\\/\\\/www.perfectvanwamel.com\\\/wp-content\\\/uploads\\\/2021\\\/09\\\/P1040698-1-e1733670751894.jpg\",\"width\":1024,\"height\":750},{\"@type\":\"BreadcrumbList\",\"@id\":\"https:\\\/\\\/www.perfectvanwamel.com\\\/de\\\/sparten\\\/obst-und-weinbau\\\/bodenbearbeitung-und-unkrautbekaempfung\\\/#breadcrumb\",\"itemListElement\":[{\"@type\":\"ListItem\",\"position\":1,\"name\":\"Home\",\"item\":\"https:\\\/\\\/staging.perfectvanwamel.com\\\/de\\\/\"},{\"@type\":\"ListItem\",\"position\":2,\"name\":\"Sparten\",\"item\":\"https:\\\/\\\/staging.perfectvanwamel.com\\\/de\\\/sparten\\\/\"},{\"@type\":\"ListItem\",\"position\":3,\"name\":\"Obst- und Weinbau\",\"item\":\"https:\\\/\\\/staging.perfectvanwamel.com\\\/de\\\/sparten\\\/obst-und-weinbau\\\/\"},{\"@type\":\"ListItem\",\"position\":4,\"name\":\"Bodenbearbeitung und Unkrautbek\u00e4mpfung\"}]},{\"@type\":\"WebSite\",\"@id\":\"https:\\\/\\\/www.perfectvanwamel.com\\\/de\\\/#website\",\"url\":\"https:\\\/\\\/www.perfectvanwamel.com\\\/de\\\/\",\"name\":\"PERFECT - Van Wamel\",\"description\":\"\",\"potentialAction\":[{\"@type\":\"SearchAction\",\"target\":{\"@type\":\"EntryPoint\",\"urlTemplate\":\"https:\\\/\\\/www.perfectvanwamel.com\\\/de\\\/?s={search_term_string}\"},\"query-input\":{\"@type\":\"PropertyValueSpecification\",\"valueRequired\":true,\"valueName\":\"search_term_string\"}}],\"inLanguage\":\"de\"}]}<\/script>\n<!-- \/ Yoast SEO plugin. -->","yoast_head_json":{"title":"Bodenbearbeitung und Unkrautbek\u00e4mpfung - PERFECT - Van Wamel","robots":{"index":"index","follow":"follow","max-snippet":"max-snippet:-1","max-image-preview":"max-image-preview:large","max-video-preview":"max-video-preview:-1"},"canonical":"https:\/\/www.perfectvanwamel.com\/de\/sparten\/obst-und-weinbau\/bodenbearbeitung-und-unkrautbekaempfung\/","og_locale":"de_DE","og_type":"article","og_title":"Bodenbearbeitung und Unkrautbek\u00e4mpfung - PERFECT - Van Wamel","og_url":"https:\/\/www.perfectvanwamel.com\/de\/sparten\/obst-und-weinbau\/bodenbearbeitung-und-unkrautbekaempfung\/","og_site_name":"PERFECT - Van Wamel","article_modified_time":"2024-12-08T15:38:13+00:00","og_image":[{"width":1024,"height":750,"url":"https:\/\/staging.perfectvanwamel.com\/wp-content\/uploads\/2021\/09\/P1040698-1-e1733670751894.jpg","type":"image\/jpeg"}],"twitter_card":"summary_large_image","twitter_misc":{"Gesch\u00e4tzte Lesezeit":"1\u00a0Minute"},"schema":{"@context":"https:\/\/schema.org","@graph":[{"@type":"WebPage","@id":"https:\/\/www.perfectvanwamel.com\/de\/sparten\/obst-und-weinbau\/bodenbearbeitung-und-unkrautbekaempfung\/","url":"https:\/\/www.perfectvanwamel.com\/de\/sparten\/obst-und-weinbau\/bodenbearbeitung-und-unkrautbekaempfung\/","name":"Bodenbearbeitung und Unkrautbek\u00e4mpfung - PERFECT - Van Wamel","isPartOf":{"@id":"https:\/\/www.perfectvanwamel.com\/de\/#website"},"primaryImageOfPage":{"@id":"https:\/\/www.perfectvanwamel.com\/de\/sparten\/obst-und-weinbau\/bodenbearbeitung-und-unkrautbekaempfung\/#primaryimage"},"image":{"@id":"https:\/\/www.perfectvanwamel.com\/de\/sparten\/obst-und-weinbau\/bodenbearbeitung-und-unkrautbekaempfung\/#primaryimage"},"thumbnailUrl":"https:\/\/www.perfectvanwamel.com\/wp-content\/uploads\/2021\/09\/P1040698-1-e1733670751894.jpg","datePublished":"2024-12-08T15:38:12+00:00","dateModified":"2024-12-08T15:38:13+00:00","breadcrumb":{"@id":"https:\/\/www.perfectvanwamel.com\/de\/sparten\/obst-und-weinbau\/bodenbearbeitung-und-unkrautbekaempfung\/#breadcrumb"},"inLanguage":"de","potentialAction":[{"@type":"ReadAction","target":["https:\/\/www.perfectvanwamel.com\/de\/sparten\/obst-und-weinbau\/bodenbearbeitung-und-unkrautbekaempfung\/"]}]},{"@type":"ImageObject","inLanguage":"de","@id":"https:\/\/www.perfectvanwamel.com\/de\/sparten\/obst-und-weinbau\/bodenbearbeitung-und-unkrautbekaempfung\/#primaryimage","url":"https:\/\/www.perfectvanwamel.com\/wp-content\/uploads\/2021\/09\/P1040698-1-e1733670751894.jpg","contentUrl":"https:\/\/www.perfectvanwamel.com\/wp-content\/uploads\/2021\/09\/P1040698-1-e1733670751894.jpg","width":1024,"height":750},{"@type":"BreadcrumbList","@id":"https:\/\/www.perfectvanwamel.com\/de\/sparten\/obst-und-weinbau\/bodenbearbeitung-und-unkrautbekaempfung\/#breadcrumb","itemListElement":[{"@type":"ListItem","position":1,"name":"Home","item":"https:\/\/staging.perfectvanwamel.com\/de\/"},{"@type":"ListItem","position":2,"name":"Sparten","item":"https:\/\/staging.perfectvanwamel.com\/de\/sparten\/"},{"@type":"ListItem","position":3,"name":"Obst- und Weinbau","item":"https:\/\/staging.perfectvanwamel.com\/de\/sparten\/obst-und-weinbau\/"},{"@type":"ListItem","position":4,"name":"Bodenbearbeitung und Unkrautbek\u00e4mpfung"}]},{"@type":"WebSite","@id":"https:\/\/www.perfectvanwamel.com\/de\/#website","url":"https:\/\/www.perfectvanwamel.com\/de\/","name":"PERFECT - Van Wamel","description":"","potentialAction":[{"@type":"SearchAction","target":{"@type":"EntryPoint","urlTemplate":"https:\/\/www.perfectvanwamel.com\/de\/?s={search_term_string}"},"query-input":{"@type":"PropertyValueSpecification","valueRequired":true,"valueName":"search_term_string"}}],"inLanguage":"de"}]}},"_links":{"self":[{"href":"https:\/\/www.perfectvanwamel.com\/de\/wp-json\/wp\/v2\/pages\/16345","targetHints":{"allow":["GET"]}}],"collection":[{"href":"https:\/\/www.perfectvanwamel.com\/de\/wp-json\/wp\/v2\/pages"}],"about":[{"href":"https:\/\/www.perfectvanwamel.com\/de\/wp-json\/wp\/v2\/types\/page"}],"author":[{"embeddable":true,"href":"https:\/\/www.perfectvanwamel.com\/de\/wp-json\/wp\/v2\/users\/2"}],"replies":[{"embeddable":true,"href":"https:\/\/www.perfectvanwamel.com\/de\/wp-json\/wp\/v2\/comments?post=16345"}],"version-history":[{"count":2,"href":"https:\/\/www.perfectvanwamel.com\/de\/wp-json\/wp\/v2\/pages\/16345\/revisions"}],"predecessor-version":[{"id":16347,"href":"https:\/\/www.perfectvanwamel.com\/de\/wp-json\/wp\/v2\/pages\/16345\/revisions\/16347"}],"up":[{"embeddable":true,"href":"https:\/\/www.perfectvanwamel.com\/de\/wp-json\/wp\/v2\/pages\/5287"}],"wp:featuredmedia":[{"embeddable":true,"href":"https:\/\/www.perfectvanwamel.com\/de\/wp-json\/wp\/v2\/media\/9135"}],"wp:attachment":[{"href":"https:\/\/www.perfectvanwamel.com\/de\/wp-json\/wp\/v2\/media?parent=16345"}],"curies":[{"name":"wp","href":"https:\/\/api.w.org\/{rel}","templated":true}]}}