{"id":5142,"date":"2020-08-26T16:30:21","date_gmt":"2020-08-26T14:30:21","guid":{"rendered":"https:\/\/www.perfectvanwamel.com\/ueber-uns\/"},"modified":"2026-03-18T14:33:31","modified_gmt":"2026-03-18T13:33:31","slug":"ueber-uns","status":"publish","type":"page","link":"https:\/\/www.perfectvanwamel.com\/de\/ueber-uns\/","title":{"rendered":"\u00dcber uns"},"content":{"rendered":"<section class=\"l-section wpb_row us_custom_d984a24d height_small\"><div class=\"l-section-h i-cf\"><div class=\"g-cols vc_row type_default valign_top\"><div class=\"vc_col-sm-12 wpb_column vc_column_container\"><div class=\"vc_column-inner\"><div class=\"wpb_wrapper\"><h1 class=\"w-post-elm post_title us_custom_b8b30b8a entry-title\" itemprop=\"headline\">\u00dcber uns<\/h1><div class=\"w-separator size_small\"><\/div><div class=\"w-image align_center\"><div class=\"w-image-h\"><img decoding=\"async\" width=\"1600\" height=\"620\" src=\"https:\/\/www.perfectvanwamel.com\/wp-content\/uploads\/2026\/02\/1e-machine-export-banner-met-verloop.jpg\" class=\"attachment-us_1600_620_crop size-us_1600_620_crop\" alt=\"\" srcset=\"https:\/\/www.perfectvanwamel.com\/wp-content\/uploads\/2026\/02\/1e-machine-export-banner-met-verloop.jpg 1600w, https:\/\/www.perfectvanwamel.com\/wp-content\/uploads\/2026\/02\/1e-machine-export-banner-met-verloop-300x116.jpg 300w, https:\/\/www.perfectvanwamel.com\/wp-content\/uploads\/2026\/02\/1e-machine-export-banner-met-verloop-1024x397.jpg 1024w, https:\/\/www.perfectvanwamel.com\/wp-content\/uploads\/2026\/02\/1e-machine-export-banner-met-verloop-600x233.jpg 600w\" sizes=\"(max-width: 1600px) 100vw, 1600px\" \/><\/div><\/div><div class=\"w-separator size_small\"><\/div><\/div><\/div><\/div><\/div><\/div><\/section><section class=\"l-section wpb_row height_small\"><div class=\"l-section-h i-cf\"><div class=\"g-cols vc_row type_default valign_top\"><div class=\"vc_col-sm-12 wpb_column vc_column_container\"><div class=\"vc_column-inner\"><div class=\"wpb_wrapper\">[vc_custom_heading text=&#8221;75 Jahre Erfahrung&#8221; use_theme_fonts=&#8221;yes&#8221;]<div class=\"g-cols wpb_row  type_default valign_top vc_inner\"><div class=\"vc_col-sm-6 wpb_column vc_column_container\"><div class=\"vc_column-inner\"><div class=\"wpb_wrapper\"><div class=\"wpb_text_column\" ><div class=\"wpb_wrapper\"><p>PERFECT \u2013 Van Wamel <span class=\"--l --r hover:bg-blue-100 hover:dark:bg-blue-600\"><span class=\"container-target\">hat<\/span><\/span> <span class=\"--l --r hover:bg-blue-100 hover:dark:bg-blue-600\"><span class=\"container-target\">fast<\/span><\/span> <span class=\"--l --r hover:bg-blue-100 hover:dark:bg-blue-600\"><span class=\"container-target\">80<\/span><\/span> <span class=\"--l --r hover:bg-blue-100 hover:dark:bg-blue-600\"><span class=\"container-target\">Jahre<\/span><\/span> Erfahrung bei der Entwicklung und Herstellung eines umfangreichen Sortiments an <a href=\"https:\/\/www.perfectvanwamel.com\/de\/Produkt-Kategorie\/schlegelmulcher\/\">Schlegelmulchern<\/a>, <a href=\"https:\/\/www.perfectvanwamel.com\/de\/Produkt-Kategorie\/obstbaumulcher\/\">Kreiselmulchern<\/a>, <a href=\"https:\/\/www.perfectvanwamel.com\/de\/Produkt-Kategorie\/holzschnitthacksler\/\">H\u00e4ckslern<\/a> und <a href=\"https:\/\/www.perfectvanwamel.com\/de\/Produkt-Kategorie\/reihenkehrer\/\">Reihenkehrern<\/a>. PERFECT Maschinen sind derzeit bei professionellen Anwendern auf der ganzen Welt im Einsatz. Ein weltweites H\u00e4ndlernetz unterst\u00fctzt unsere Serviceleistungen und den Verkauf neuer Maschinen.<\/p>\n<\/div><\/div><\/div><\/div><\/div><div class=\"vc_col-sm-6 wpb_column vc_column_container\"><div class=\"vc_column-inner\"><div class=\"wpb_wrapper\"><div class=\"wpb_text_column\" ><div class=\"wpb_wrapper\"><p>Unser Team mit ca. 80 Mitarbeitern entwirft und baut Schlegel- und Kreiselmulcher, Holzschnitth\u00e4cksler und Reihenkehrer in vielen Sorten und Gr\u00f6\u00dfen \u2013 nicht selten nach speziellen Vorgaben direkt aus der Praxis. Demzufolge d\u00fcrfen wir sowohl professionelle Obstbaubetriebe auf allen Kontinenten als auch sehr gro\u00dfe landwirtschaftliche Betriebe zu unseren Kunden z\u00e4hlen.<\/p>\n<\/div><\/div><\/div><\/div><\/div><\/div><\/div><\/div><\/div><\/div><\/div><\/section><section class=\"l-section wpb_row height_small\"><div class=\"l-section-h i-cf\"><div class=\"g-cols vc_row type_default valign_top\"><div class=\"vc_col-sm-12 wpb_column vc_column_container\"><div class=\"vc_column-inner\"><div class=\"wpb_wrapper\"><div class=\"w-video align_left ratio_16x9\"><div class=\"w-video-h\"><iframe src=\"\/\/www.youtube.com\/embed\/FuWIrHnZUB0\" allowfullscreen=\"1\"><\/iframe><\/div><div class=\"w-video-icon\" style=\"font-size:1.5rem;background:rgba(0,0,0,0.5);color:#fff;\"><\/div><\/div><\/div><\/div><\/div><\/div><\/div><\/section><section class=\"l-section wpb_row height_auto with_overlay\"><div class=\"l-section-overlay\" style=\"background: rgba(153,203,229,0.2)\"><\/div><div class=\"l-section-h i-cf\"><div class=\"g-cols vc_row type_boxes valign_middle reversed\"><div class=\"vc_col-sm-6 wpb_column vc_column_container\"><div class=\"vc_column-inner\"><div class=\"wpb_wrapper\">[vc_custom_heading text=&#8221;Modernste Herstellungsverfahren&#8221; use_theme_fonts=&#8221;yes&#8221;]<div class=\"wpb_text_column\" ><div class=\"wpb_wrapper\"><p>Der Einsatz bester Materialien in Kombination mit den modernsten Fertigungstechniken in unserem Werk im niederl\u00e4ndischen Beneden-Leeuwen sind Garant f\u00fcr \u00fcberaus hohe Produktqualit\u00e4t, einfache Wartung und sehr lange Lebensdauer. Diesem Umstand verdanken die PERFECT Maschinen ihren ausgezeichneten Ruf.<\/p>\n<\/div><\/div><\/div><\/div><\/div><div class=\"vc_col-sm-6 wpb_column vc_column_container\"><div class=\"vc_column-inner\"><div class=\"wpb_wrapper\"><div class=\"w-image align_none\"><div class=\"w-image-h\"><img decoding=\"async\" width=\"1024\" height=\"1024\" src=\"https:\/\/www.perfectvanwamel.com\/wp-content\/uploads\/2026\/02\/Looprol-machine-1.jpg\" class=\"attachment-large size-large\" alt=\"\" srcset=\"https:\/\/www.perfectvanwamel.com\/wp-content\/uploads\/2026\/02\/Looprol-machine-1.jpg 1024w, https:\/\/www.perfectvanwamel.com\/wp-content\/uploads\/2026\/02\/Looprol-machine-1-300x300.jpg 300w, https:\/\/www.perfectvanwamel.com\/wp-content\/uploads\/2026\/02\/Looprol-machine-1-150x150.jpg 150w, https:\/\/www.perfectvanwamel.com\/wp-content\/uploads\/2026\/02\/Looprol-machine-1-64x64.jpg 64w, https:\/\/www.perfectvanwamel.com\/wp-content\/uploads\/2026\/02\/Looprol-machine-1-600x600.jpg 600w\" sizes=\"(max-width: 1024px) 100vw, 1024px\" \/><\/div><\/div><\/div><\/div><\/div><\/div><\/div><\/section><section class=\"l-section wpb_row height_auto with_overlay\"><div class=\"l-section-overlay\" style=\"background: #ffffff\"><\/div><div class=\"l-section-h i-cf\"><div class=\"g-cols vc_row type_boxes valign_middle reversed\"><div class=\"vc_col-sm-6 wpb_column vc_column_container\"><div class=\"vc_column-inner\"><div class=\"wpb_wrapper\"><div class=\"w-image align_none\"><div class=\"w-image-h\"><img decoding=\"async\" width=\"844\" height=\"706\" src=\"https:\/\/www.perfectvanwamel.com\/wp-content\/uploads\/2020\/10\/COMBI-KLEPEL-explode.jpg\" class=\"attachment-large size-large\" alt=\"\" srcset=\"https:\/\/www.perfectvanwamel.com\/wp-content\/uploads\/2020\/10\/COMBI-KLEPEL-explode.jpg 844w, https:\/\/www.perfectvanwamel.com\/wp-content\/uploads\/2020\/10\/COMBI-KLEPEL-explode-300x251.jpg 300w, https:\/\/www.perfectvanwamel.com\/wp-content\/uploads\/2020\/10\/COMBI-KLEPEL-explode-600x502.jpg 600w\" sizes=\"(max-width: 844px) 100vw, 844px\" \/><\/div><\/div><\/div><\/div><\/div><div class=\"vc_col-sm-6 wpb_column vc_column_container\"><div class=\"vc_column-inner\"><div class=\"wpb_wrapper\">[vc_custom_heading text=&#8221;Kundendienst&#8221; use_theme_fonts=&#8221;yes&#8221;]<div class=\"wpb_text_column\" ><div class=\"wpb_wrapper\"><p>Gemeinsam mit unseren H\u00e4ndlern und Importeuren sorgen wir daf\u00fcr, dass Sie Ihre PERFECT Maschine sehr lange einsetzen k\u00f6nnen\u00a0\u2013 mit minimalem Ausfall bei gr\u00f6\u00dferen Wartungen oder Reparaturen. Auch f\u00fcr Mulcher und H\u00e4cksler mit einem Alter von beispielsweise 40 Jahren sind noch nahezu alle Bauteile schnell und problemlos erh\u00e4ltlich. Auch in dieser Hinsicht nehmen PERFECT Maschinen eine Sonderstellung ein.<\/p>\n<\/div><\/div><\/div><\/div><\/div><\/div><\/div><\/section>\n","protected":false},"excerpt":{"rendered":"\u00dcber uns[vc_custom_heading text=\"75 Jahre Erfahrung\" use_theme_fonts=\"yes\"]PERFECT \u2013 Van Wamel hat fast 80 Jahre Erfahrung bei der Entwicklung und Herstellung eines umfangreichen Sortiments an Schlegelmulchern, Kreiselmulchern, H\u00e4ckslern und Reihenkehrern. PERFECT Maschinen sind derzeit bei professionellen Anwendern auf der ganzen Welt im Einsatz. Ein weltweites H\u00e4ndlernetz unterst\u00fctzt unsere Serviceleistungen und den Verkauf neuer Maschinen. Unser Team mit...","protected":false},"author":1,"featured_media":0,"parent":0,"menu_order":30,"comment_status":"closed","ping_status":"closed","template":"","meta":{"_acf_changed":false,"footnotes":""},"class_list":["post-5142","page","type-page","status-publish","hentry"],"acf":[],"yoast_head":"<!-- This site is optimized with the Yoast SEO plugin v27.5 - https:\/\/yoast.com\/product\/yoast-seo-wordpress\/ -->\n<title>\u00dcber uns - PERFECT - Van Wamel<\/title>\n<meta name=\"robots\" content=\"index, follow, max-snippet:-1, max-image-preview:large, max-video-preview:-1\" \/>\n<link rel=\"canonical\" href=\"https:\/\/www.perfectvanwamel.com\/de\/ueber-uns\/\" \/>\n<meta property=\"og:locale\" content=\"de_DE\" \/>\n<meta property=\"og:type\" content=\"article\" \/>\n<meta property=\"og:title\" content=\"\u00dcber uns - PERFECT - Van Wamel\" \/>\n<meta property=\"og:url\" content=\"https:\/\/www.perfectvanwamel.com\/de\/ueber-uns\/\" \/>\n<meta property=\"og:site_name\" content=\"PERFECT - Van Wamel\" \/>\n<meta property=\"article:modified_time\" content=\"2026-03-18T13:33:31+00:00\" \/>\n<meta name=\"twitter:card\" content=\"summary_large_image\" \/>\n<meta name=\"twitter:label1\" content=\"Gesch\u00e4tzte Lesezeit\" \/>\n\t<meta name=\"twitter:data1\" content=\"2\u00a0Minuten\" \/>\n<script type=\"application\/ld+json\" class=\"yoast-schema-graph\">{\"@context\":\"https:\\\/\\\/schema.org\",\"@graph\":[{\"@type\":\"WebPage\",\"@id\":\"https:\\\/\\\/www.perfectvanwamel.com\\\/de\\\/ueber-uns\\\/\",\"url\":\"https:\\\/\\\/www.perfectvanwamel.com\\\/de\\\/ueber-uns\\\/\",\"name\":\"\u00dcber uns - PERFECT - Van Wamel\",\"isPartOf\":{\"@id\":\"https:\\\/\\\/www.perfectvanwamel.com\\\/de\\\/#website\"},\"datePublished\":\"2020-08-26T14:30:21+00:00\",\"dateModified\":\"2026-03-18T13:33:31+00:00\",\"breadcrumb\":{\"@id\":\"https:\\\/\\\/www.perfectvanwamel.com\\\/de\\\/ueber-uns\\\/#breadcrumb\"},\"inLanguage\":\"de\",\"potentialAction\":[{\"@type\":\"ReadAction\",\"target\":[\"https:\\\/\\\/www.perfectvanwamel.com\\\/de\\\/ueber-uns\\\/\"]}]},{\"@type\":\"BreadcrumbList\",\"@id\":\"https:\\\/\\\/www.perfectvanwamel.com\\\/de\\\/ueber-uns\\\/#breadcrumb\",\"itemListElement\":[{\"@type\":\"ListItem\",\"position\":1,\"name\":\"Home\",\"item\":\"https:\\\/\\\/staging.perfectvanwamel.com\\\/de\\\/\"},{\"@type\":\"ListItem\",\"position\":2,\"name\":\"\u00dcber uns\"}]},{\"@type\":\"WebSite\",\"@id\":\"https:\\\/\\\/www.perfectvanwamel.com\\\/de\\\/#website\",\"url\":\"https:\\\/\\\/www.perfectvanwamel.com\\\/de\\\/\",\"name\":\"PERFECT - Van Wamel\",\"description\":\"\",\"potentialAction\":[{\"@type\":\"SearchAction\",\"target\":{\"@type\":\"EntryPoint\",\"urlTemplate\":\"https:\\\/\\\/www.perfectvanwamel.com\\\/de\\\/?s={search_term_string}\"},\"query-input\":{\"@type\":\"PropertyValueSpecification\",\"valueRequired\":true,\"valueName\":\"search_term_string\"}}],\"inLanguage\":\"de\"}]}<\/script>\n<!-- \/ Yoast SEO plugin. -->","yoast_head_json":{"title":"\u00dcber uns - PERFECT - Van Wamel","robots":{"index":"index","follow":"follow","max-snippet":"max-snippet:-1","max-image-preview":"max-image-preview:large","max-video-preview":"max-video-preview:-1"},"canonical":"https:\/\/www.perfectvanwamel.com\/de\/ueber-uns\/","og_locale":"de_DE","og_type":"article","og_title":"\u00dcber uns - PERFECT - Van Wamel","og_url":"https:\/\/www.perfectvanwamel.com\/de\/ueber-uns\/","og_site_name":"PERFECT - Van Wamel","article_modified_time":"2026-03-18T13:33:31+00:00","twitter_card":"summary_large_image","twitter_misc":{"Gesch\u00e4tzte Lesezeit":"2\u00a0Minuten"},"schema":{"@context":"https:\/\/schema.org","@graph":[{"@type":"WebPage","@id":"https:\/\/www.perfectvanwamel.com\/de\/ueber-uns\/","url":"https:\/\/www.perfectvanwamel.com\/de\/ueber-uns\/","name":"\u00dcber uns - PERFECT - Van Wamel","isPartOf":{"@id":"https:\/\/www.perfectvanwamel.com\/de\/#website"},"datePublished":"2020-08-26T14:30:21+00:00","dateModified":"2026-03-18T13:33:31+00:00","breadcrumb":{"@id":"https:\/\/www.perfectvanwamel.com\/de\/ueber-uns\/#breadcrumb"},"inLanguage":"de","potentialAction":[{"@type":"ReadAction","target":["https:\/\/www.perfectvanwamel.com\/de\/ueber-uns\/"]}]},{"@type":"BreadcrumbList","@id":"https:\/\/www.perfectvanwamel.com\/de\/ueber-uns\/#breadcrumb","itemListElement":[{"@type":"ListItem","position":1,"name":"Home","item":"https:\/\/staging.perfectvanwamel.com\/de\/"},{"@type":"ListItem","position":2,"name":"\u00dcber uns"}]},{"@type":"WebSite","@id":"https:\/\/www.perfectvanwamel.com\/de\/#website","url":"https:\/\/www.perfectvanwamel.com\/de\/","name":"PERFECT - Van Wamel","description":"","potentialAction":[{"@type":"SearchAction","target":{"@type":"EntryPoint","urlTemplate":"https:\/\/www.perfectvanwamel.com\/de\/?s={search_term_string}"},"query-input":{"@type":"PropertyValueSpecification","valueRequired":true,"valueName":"search_term_string"}}],"inLanguage":"de"}]}},"_links":{"self":[{"href":"https:\/\/www.perfectvanwamel.com\/de\/wp-json\/wp\/v2\/pages\/5142","targetHints":{"allow":["GET"]}}],"collection":[{"href":"https:\/\/www.perfectvanwamel.com\/de\/wp-json\/wp\/v2\/pages"}],"about":[{"href":"https:\/\/www.perfectvanwamel.com\/de\/wp-json\/wp\/v2\/types\/page"}],"author":[{"embeddable":true,"href":"https:\/\/www.perfectvanwamel.com\/de\/wp-json\/wp\/v2\/users\/1"}],"replies":[{"embeddable":true,"href":"https:\/\/www.perfectvanwamel.com\/de\/wp-json\/wp\/v2\/comments?post=5142"}],"version-history":[{"count":11,"href":"https:\/\/www.perfectvanwamel.com\/de\/wp-json\/wp\/v2\/pages\/5142\/revisions"}],"predecessor-version":[{"id":28883,"href":"https:\/\/www.perfectvanwamel.com\/de\/wp-json\/wp\/v2\/pages\/5142\/revisions\/28883"}],"wp:attachment":[{"href":"https:\/\/www.perfectvanwamel.com\/de\/wp-json\/wp\/v2\/media?parent=5142"}],"curies":[{"name":"wp","href":"https:\/\/api.w.org\/{rel}","templated":true}]}}