{"id":5386,"date":"2020-09-07T08:22:52","date_gmt":"2020-09-07T06:22:52","guid":{"rendered":"https:\/\/www.perfectvanwamel.com\/kundendienst\/"},"modified":"2026-03-06T14:48:32","modified_gmt":"2026-03-06T13:48:32","slug":"kundendienst","status":"publish","type":"page","link":"https:\/\/www.perfectvanwamel.com\/de\/kundendienst\/","title":{"rendered":"Kundendienst"},"content":{"rendered":"<section class=\"l-section wpb_row height_small\"><div class=\"l-section-h i-cf\"><div class=\"g-cols vc_row type_default valign_top\"><div class=\"vc_col-sm-12 wpb_column vc_column_container\"><div class=\"vc_column-inner\"><div class=\"wpb_wrapper\">[vc_custom_heading text=&#8221;Kundendienst&#8221; font_container=&#8221;tag:h1|text_align:left&#8221; use_theme_fonts=&#8221;yes&#8221;]<div class=\"w-image align_none\"><div class=\"w-image-h\"><img decoding=\"async\" width=\"1600\" height=\"620\" src=\"https:\/\/www.perfectvanwamel.com\/wp-content\/uploads\/2026\/03\/Van-Wamel-met-verloop.jpg\" class=\"attachment-us_1600_620_crop size-us_1600_620_crop\" alt=\"\" srcset=\"https:\/\/www.perfectvanwamel.com\/wp-content\/uploads\/2026\/03\/Van-Wamel-met-verloop.jpg 1600w, https:\/\/www.perfectvanwamel.com\/wp-content\/uploads\/2026\/03\/Van-Wamel-met-verloop-300x116.jpg 300w, https:\/\/www.perfectvanwamel.com\/wp-content\/uploads\/2026\/03\/Van-Wamel-met-verloop-1024x397.jpg 1024w, https:\/\/www.perfectvanwamel.com\/wp-content\/uploads\/2026\/03\/Van-Wamel-met-verloop-600x233.jpg 600w\" sizes=\"(max-width: 1600px) 100vw, 1600px\" \/><\/div><\/div><div class=\"w-separator size_medium\"><\/div><div class=\"g-cols wpb_row  type_default valign_top vc_inner\"><div class=\"vc_col-sm-12 wpb_column vc_column_container\"><div class=\"vc_column-inner\"><div class=\"wpb_wrapper\"><div class=\"wpb_text_column\" ><div class=\"wpb_wrapper\"><h2>Sicherheit<\/h2>\n<p>Sicherheit hat einen noch h\u00f6heren Stellenwert als eine qualitativ hochwertige Maschine und eine zuverl\u00e4ssige Lieferung. Gemeinsam mit unseren H\u00e4ndlern und Importeuren bieten wir Ihnen einen zuverl\u00e4ssigen Kundendienst und schnelle Ersatzteillieferungen. Dabei ist es unerheblich, ob es sich um einen Obstsortierer vom letzten Jahr oder um einen Holzschnitth\u00e4cksler aus den 1970er-Jahren handelt. Klicken Sie <a href=\"mailto:parts@vanwamel.nl\">hier<\/a>, um Ersatzteile zu bestellen.<\/p>\n<h2>Kontakt<\/h2>\n<p><span class=\"--l --r hover:bg-blue-100 hover:dark:bg-blue-600\"><span class=\"--l container-target\">M\u00f6chten<\/span><\/span> <span class=\"--l --r hover:bg-blue-100 hover:dark:bg-blue-600\"><span class=\"container-target\">Sie<\/span><\/span> <span class=\"--l --r hover:bg-blue-100 hover:dark:bg-blue-600\"><span class=\"container-target\">uns<\/span><\/span> <span class=\"--l --r hover:bg-blue-100 hover:dark:bg-blue-600\"><span class=\"container-target\">Ihre<\/span><\/span> <span class=\"--l --r hover:bg-blue-100 hover:dark:bg-blue-600\"><span class=\"container-target\">Fragen<\/span><\/span> <span class=\"--l --r hover:bg-blue-100 hover:dark:bg-blue-600\"><span class=\"container-target\">zur<\/span><\/span> <span class=\"--l --r hover:bg-blue-100 hover:dark:bg-blue-600\"><span class=\"container-target\">Wartung<\/span><\/span> <span class=\"--l --r hover:bg-blue-100 hover:dark:bg-blue-600\"><span class=\"container-target\">stellen<\/span><\/span> <span class=\"--l --r hover:bg-blue-100 hover:dark:bg-blue-600\"><span class=\"container-target\">oder<\/span><\/span> <span class=\"--l --r hover:bg-blue-100 hover:dark:bg-blue-600\"><span class=\"container-target\">Ersatzteile<\/span><\/span> <span class=\"--l --r hover:bg-blue-100 hover:dark:bg-blue-600\"><span class=\"container-target\">bestellen<\/span><\/span><span class=\"container-target\">? <\/span><span class=\"--l --r hover:bg-blue-100 hover:dark:bg-blue-600\"><span class=\"container-target\">Dann<\/span><\/span> <span class=\"--l --r hover:bg-blue-100 hover:dark:bg-blue-600\"><span class=\"container-target\">klicken<\/span><\/span> <span class=\"--l --r hover:bg-blue-100 hover:dark:bg-blue-600\"><span class=\"container-target\">Sie<\/span><\/span> <span class=\"--l --r hover:bg-blue-100 hover:dark:bg-blue-600\"><span class=\"container-target\">auf<\/span><\/span> <span class=\"--l --r hover:bg-blue-100 hover:dark:bg-blue-600\"><span class=\"container-target\">eine<\/span><\/span> <span class=\"--l --r hover:bg-blue-100 hover:dark:bg-blue-600\"><span class=\"container-target\">der<\/span><\/span> <span class=\"--l --r hover:bg-blue-100 hover:dark:bg-blue-600\"><span class=\"container-target\">Optionen<\/span><\/span> <span class=\"--l --r hover:bg-blue-100 hover:dark:bg-blue-600\"><span class=\"container-target\">im<\/span><\/span> <span class=\"--l --r hover:bg-blue-100 hover:dark:bg-blue-600\"><span class=\"container-target\">Men\u00fc<\/span><\/span><span class=\"container-target\">.<\/span><\/p>\n<p><span class=\"--l --r hover:bg-blue-100 hover:dark:bg-blue-600\"><span class=\"container-target\">Wenn<\/span><\/span> <span class=\"--l --r hover:bg-blue-100 hover:dark:bg-blue-600\"><span class=\"container-target\">Sie<\/span><\/span> <span class=\"--l --r hover:bg-blue-100 hover:dark:bg-blue-600\"><span class=\"container-target\">Ihre<\/span><\/span> <span class=\"--l --r hover:bg-blue-100 hover:dark:bg-blue-600\"><span class=\"container-target\">Fragen<\/span><\/span> <span class=\"--l --r hover:bg-blue-100 hover:dark:bg-blue-600\"><span class=\"container-target\">per<\/span><\/span> <span class=\"--l --r hover:bg-blue-100 hover:dark:bg-blue-600\"><span class=\"container-target\">E<\/span><\/span><span class=\"container-target\">&#8211;<\/span><span class=\"--l --r hover:bg-blue-100 hover:dark:bg-blue-600\"><span class=\"container-target\">Mail<\/span><\/span> <span class=\"--l --r hover:bg-blue-100 hover:dark:bg-blue-600\"><span class=\"container-target\">stellen<\/span><\/span> <span class=\"--l --r hover:bg-blue-100 hover:dark:bg-blue-600\"><span class=\"container-target\">m\u00f6chten<\/span><\/span><span class=\"container-target\">, <\/span><span class=\"--l --r hover:bg-blue-100 hover:dark:bg-blue-600\"><span class=\"container-target\">k\u00f6nnen<\/span><\/span> <span class=\"--l --r hover:bg-blue-100 hover:dark:bg-blue-600\"><span class=\"container-target\">Sie<\/span><\/span> <span class=\"--l --r hover:bg-blue-100 hover:dark:bg-blue-600\"><span class=\"container-target\">eine<\/span><\/span> <span class=\"--l --r hover:bg-blue-100 hover:dark:bg-blue-600\"><span class=\"container-target\">Nachricht<\/span><\/span> <span class=\"--l --r hover:bg-blue-100 hover:dark:bg-blue-600\"><span class=\"container-target\">an<\/span><\/span> <span class=\"--l --r hover:bg-blue-100 hover:dark:bg-blue-600\"><span class=\"container-target\">eine<\/span><\/span> <span class=\"--l --r hover:bg-blue-100 hover:dark:bg-blue-600\"><span class=\"container-target\">der<\/span><\/span> <span class=\"--l --r hover:bg-blue-100 hover:dark:bg-blue-600\"><span class=\"container-target\">folgenden<\/span><\/span> <span class=\"--l --r hover:bg-blue-100 hover:dark:bg-blue-600\"><span class=\"container-target\">E<\/span><\/span><span class=\"container-target\">&#8211;<\/span><span class=\"--l --r hover:bg-blue-100 hover:dark:bg-blue-600\"><span class=\"container-target\">Mail<\/span><\/span><span class=\"container-target\">&#8211;<\/span><span class=\"--l --r hover:bg-blue-100 hover:dark:bg-blue-600\"><span class=\"container-target\">Adressen<\/span><\/span> <span class=\"--l --r hover:bg-blue-100 hover:dark:bg-blue-600\"><span class=\"container-target\">senden<\/span><\/span><span class=\"container-target\">:<\/span><\/p>\n<ul>\n<li><a href=\"mailto:parts@vanwamel.nl\"><span class=\"--l --r hover:bg-blue-100 hover:dark:bg-blue-600\"><span class=\"container-target\">parts<\/span><\/span><span class=\"container-target\">@<\/span><span class=\"--l --r hover:bg-blue-100 hover:dark:bg-blue-600\"><span class=\"container-target\">vanwamel.nl<\/span><\/span><\/a><span class=\"container-target\"> (<\/span><span class=\"--l --r hover:bg-blue-100 hover:dark:bg-blue-600\"><span class=\"container-target\">M\u00e4hmaschinen<\/span><\/span><span class=\"container-target\">)<\/span><\/li>\n<li><a href=\"mailto:service@vanwamel.nl\"><span class=\"--l --r hover:bg-blue-100 hover:dark:bg-blue-600\"><span class=\"container-target\">service<\/span><\/span><span class=\"container-target\">@<\/span><span class=\"--l --r hover:bg-blue-100 hover:dark:bg-blue-600\"><span class=\"container-target\">vanwamel.nl<\/span><\/span><\/a><span class=\"container-target\"> (<\/span><span class=\"--l --r hover:bg-blue-100 hover:dark:bg-blue-600\"><span class=\"container-target\">Sortiermaschinen<\/span><\/span><span class=\"--r container-target\">)<\/span><\/li>\n<\/ul>\n<\/div><\/div><\/div><\/div><\/div><\/div><\/div><\/div><\/div><\/div><\/div><\/section>\n","protected":false},"excerpt":{"rendered":"[vc_custom_heading text=\"Kundendienst\" font_container=\"tag:h1|text_align:left\" use_theme_fonts=\"yes\"]Sicherheit Sicherheit hat einen noch h\u00f6heren Stellenwert als eine qualitativ hochwertige Maschine und eine zuverl\u00e4ssige Lieferung. Gemeinsam mit unseren H\u00e4ndlern und Importeuren bieten wir Ihnen einen zuverl\u00e4ssigen Kundendienst und schnelle Ersatzteillieferungen. Dabei ist es unerheblich, ob es sich um einen Obstsortierer vom letzten Jahr oder um einen Holzschnitth\u00e4cksler aus den 1970er-Jahren handelt....","protected":false},"author":1,"featured_media":0,"parent":0,"menu_order":0,"comment_status":"closed","ping_status":"closed","template":"","meta":{"_acf_changed":false,"footnotes":""},"class_list":["post-5386","page","type-page","status-publish","hentry"],"acf":[],"yoast_head":"<!-- This site is optimized with the Yoast SEO plugin v27.4 - https:\/\/yoast.com\/product\/yoast-seo-wordpress\/ -->\n<title>Kundendienst - PERFECT - Van Wamel<\/title>\n<meta name=\"robots\" content=\"index, follow, max-snippet:-1, max-image-preview:large, max-video-preview:-1\" \/>\n<link rel=\"canonical\" href=\"https:\/\/www.perfectvanwamel.com\/de\/kundendienst\/\" \/>\n<meta property=\"og:locale\" content=\"de_DE\" \/>\n<meta property=\"og:type\" content=\"article\" \/>\n<meta property=\"og:title\" content=\"Kundendienst - PERFECT - Van Wamel\" \/>\n<meta property=\"og:url\" content=\"https:\/\/www.perfectvanwamel.com\/de\/kundendienst\/\" \/>\n<meta property=\"og:site_name\" content=\"PERFECT - Van Wamel\" \/>\n<meta property=\"article:modified_time\" content=\"2026-03-06T13:48:32+00:00\" \/>\n<meta name=\"twitter:card\" content=\"summary_large_image\" \/>\n<meta name=\"twitter:label1\" content=\"Gesch\u00e4tzte Lesezeit\" \/>\n\t<meta name=\"twitter:data1\" content=\"1\u00a0Minute\" \/>\n<script type=\"application\/ld+json\" class=\"yoast-schema-graph\">{\"@context\":\"https:\\\/\\\/schema.org\",\"@graph\":[{\"@type\":\"WebPage\",\"@id\":\"https:\\\/\\\/www.perfectvanwamel.com\\\/de\\\/kundendienst\\\/\",\"url\":\"https:\\\/\\\/www.perfectvanwamel.com\\\/de\\\/kundendienst\\\/\",\"name\":\"Kundendienst - PERFECT - Van Wamel\",\"isPartOf\":{\"@id\":\"https:\\\/\\\/www.perfectvanwamel.com\\\/de\\\/#website\"},\"datePublished\":\"2020-09-07T06:22:52+00:00\",\"dateModified\":\"2026-03-06T13:48:32+00:00\",\"breadcrumb\":{\"@id\":\"https:\\\/\\\/www.perfectvanwamel.com\\\/de\\\/kundendienst\\\/#breadcrumb\"},\"inLanguage\":\"de\",\"potentialAction\":[{\"@type\":\"ReadAction\",\"target\":[\"https:\\\/\\\/www.perfectvanwamel.com\\\/de\\\/kundendienst\\\/\"]}]},{\"@type\":\"BreadcrumbList\",\"@id\":\"https:\\\/\\\/www.perfectvanwamel.com\\\/de\\\/kundendienst\\\/#breadcrumb\",\"itemListElement\":[{\"@type\":\"ListItem\",\"position\":1,\"name\":\"Home\",\"item\":\"https:\\\/\\\/staging.perfectvanwamel.com\\\/de\\\/\"},{\"@type\":\"ListItem\",\"position\":2,\"name\":\"Kundendienst\"}]},{\"@type\":\"WebSite\",\"@id\":\"https:\\\/\\\/www.perfectvanwamel.com\\\/de\\\/#website\",\"url\":\"https:\\\/\\\/www.perfectvanwamel.com\\\/de\\\/\",\"name\":\"PERFECT - Van Wamel\",\"description\":\"\",\"potentialAction\":[{\"@type\":\"SearchAction\",\"target\":{\"@type\":\"EntryPoint\",\"urlTemplate\":\"https:\\\/\\\/www.perfectvanwamel.com\\\/de\\\/?s={search_term_string}\"},\"query-input\":{\"@type\":\"PropertyValueSpecification\",\"valueRequired\":true,\"valueName\":\"search_term_string\"}}],\"inLanguage\":\"de\"}]}<\/script>\n<!-- \/ Yoast SEO plugin. -->","yoast_head_json":{"title":"Kundendienst - PERFECT - Van Wamel","robots":{"index":"index","follow":"follow","max-snippet":"max-snippet:-1","max-image-preview":"max-image-preview:large","max-video-preview":"max-video-preview:-1"},"canonical":"https:\/\/www.perfectvanwamel.com\/de\/kundendienst\/","og_locale":"de_DE","og_type":"article","og_title":"Kundendienst - PERFECT - Van Wamel","og_url":"https:\/\/www.perfectvanwamel.com\/de\/kundendienst\/","og_site_name":"PERFECT - Van Wamel","article_modified_time":"2026-03-06T13:48:32+00:00","twitter_card":"summary_large_image","twitter_misc":{"Gesch\u00e4tzte Lesezeit":"1\u00a0Minute"},"schema":{"@context":"https:\/\/schema.org","@graph":[{"@type":"WebPage","@id":"https:\/\/www.perfectvanwamel.com\/de\/kundendienst\/","url":"https:\/\/www.perfectvanwamel.com\/de\/kundendienst\/","name":"Kundendienst - PERFECT - Van Wamel","isPartOf":{"@id":"https:\/\/www.perfectvanwamel.com\/de\/#website"},"datePublished":"2020-09-07T06:22:52+00:00","dateModified":"2026-03-06T13:48:32+00:00","breadcrumb":{"@id":"https:\/\/www.perfectvanwamel.com\/de\/kundendienst\/#breadcrumb"},"inLanguage":"de","potentialAction":[{"@type":"ReadAction","target":["https:\/\/www.perfectvanwamel.com\/de\/kundendienst\/"]}]},{"@type":"BreadcrumbList","@id":"https:\/\/www.perfectvanwamel.com\/de\/kundendienst\/#breadcrumb","itemListElement":[{"@type":"ListItem","position":1,"name":"Home","item":"https:\/\/staging.perfectvanwamel.com\/de\/"},{"@type":"ListItem","position":2,"name":"Kundendienst"}]},{"@type":"WebSite","@id":"https:\/\/www.perfectvanwamel.com\/de\/#website","url":"https:\/\/www.perfectvanwamel.com\/de\/","name":"PERFECT - Van Wamel","description":"","potentialAction":[{"@type":"SearchAction","target":{"@type":"EntryPoint","urlTemplate":"https:\/\/www.perfectvanwamel.com\/de\/?s={search_term_string}"},"query-input":{"@type":"PropertyValueSpecification","valueRequired":true,"valueName":"search_term_string"}}],"inLanguage":"de"}]}},"_links":{"self":[{"href":"https:\/\/www.perfectvanwamel.com\/de\/wp-json\/wp\/v2\/pages\/5386","targetHints":{"allow":["GET"]}}],"collection":[{"href":"https:\/\/www.perfectvanwamel.com\/de\/wp-json\/wp\/v2\/pages"}],"about":[{"href":"https:\/\/www.perfectvanwamel.com\/de\/wp-json\/wp\/v2\/types\/page"}],"author":[{"embeddable":true,"href":"https:\/\/www.perfectvanwamel.com\/de\/wp-json\/wp\/v2\/users\/1"}],"replies":[{"embeddable":true,"href":"https:\/\/www.perfectvanwamel.com\/de\/wp-json\/wp\/v2\/comments?post=5386"}],"version-history":[{"count":12,"href":"https:\/\/www.perfectvanwamel.com\/de\/wp-json\/wp\/v2\/pages\/5386\/revisions"}],"predecessor-version":[{"id":28529,"href":"https:\/\/www.perfectvanwamel.com\/de\/wp-json\/wp\/v2\/pages\/5386\/revisions\/28529"}],"wp:attachment":[{"href":"https:\/\/www.perfectvanwamel.com\/de\/wp-json\/wp\/v2\/media?parent=5386"}],"curies":[{"name":"wp","href":"https:\/\/api.w.org\/{rel}","templated":true}]}}