{"id":5393,"date":"2020-09-07T09:23:15","date_gmt":"2020-09-07T07:23:15","guid":{"rendered":"https:\/\/www.perfectvanwamel.com\/kontakt\/"},"modified":"2026-04-01T08:57:46","modified_gmt":"2026-04-01T06:57:46","slug":"kontakt","status":"publish","type":"page","link":"https:\/\/www.perfectvanwamel.com\/de\/kontakt\/","title":{"rendered":"Kontakt"},"content":{"rendered":"<section class=\"l-section wpb_row height_small\"><div class=\"l-section-h i-cf\"><div class=\"g-cols vc_row type_default valign_top\"><div class=\"vc_col-sm-8 wpb_column vc_column_container contact-pagina-form\"><div class=\"vc_column-inner us_custom_e30afda7 \"><div class=\"wpb_wrapper\">[vc_custom_heading text=&#8221;Bitte kontaktieren Sie uns&#8221; use_theme_fonts=&#8221;yes&#8221;]<div class=\"wpb_text_column\" ><div class=\"wpb_wrapper\"><p><span class=\"tlid-translation translation\" lang=\"de\"><span class=\"\" title=\"\">Gerne beantworten wir alle Ihre Fragen so schnell und effizient wie m\u00f6glich.<\/span> <span title=\"\">Deshalb bitten wir Sie, das unten stehende Kontaktformular so vollst\u00e4ndig wie m\u00f6glich auszuf\u00fcllen.<\/span><\/span><\/p>\n<\/div><\/div>\n<div class=\"wpcf7 no-js\" id=\"wpcf7-f6039-o1\" lang=\"de-DE\" dir=\"ltr\" data-wpcf7-id=\"6039\">\n<div class=\"screen-reader-response\"><p role=\"status\" aria-live=\"polite\" aria-atomic=\"true\"><\/p> <ul><\/ul><\/div>\n<form action=\"\/de\/wp-json\/wp\/v2\/pages\/5393#wpcf7-f6039-o1\" method=\"post\" class=\"wpcf7-form init\" aria-label=\"Kontaktformular\" novalidate=\"novalidate\" data-status=\"init\">\n<fieldset class=\"hidden-fields-container\"><input type=\"hidden\" name=\"_wpcf7\" value=\"6039\" \/><input type=\"hidden\" name=\"_wpcf7_version\" value=\"6.1.5\" \/><input type=\"hidden\" name=\"_wpcf7_locale\" value=\"de_DE\" \/><input type=\"hidden\" name=\"_wpcf7_unit_tag\" value=\"wpcf7-f6039-o1\" \/><input type=\"hidden\" name=\"_wpcf7_container_post\" value=\"0\" \/><input type=\"hidden\" name=\"_wpcf7_posted_data_hash\" value=\"\" \/><input type=\"hidden\" name=\"_wpcf7_recaptcha_response\" value=\"\" \/>\n<\/fieldset>\n<div class=\"g-cols vc_row type_default valign_top contact-form\">\n\t<div class=\"vc_col-sm-6 wpb_column vc_column_container\">\n\t\t<div class=\"vc_column-inner\">\n\t\t\t<p><span class=\"wpcf7-form-control-wrap\" data-name=\"company-name\"><input size=\"40\" maxlength=\"400\" class=\"wpcf7-form-control wpcf7-text\" aria-invalid=\"false\" placeholder=\"Name des Unternehmens\" value=\"\" type=\"text\" name=\"company-name\" \/><\/span>\n\t\t\t<\/p>\n\t\t<\/div>\n\t<\/div>\n\t<div class=\"vc_col-sm-6 wpb_column vc_column_container\">\n\t\t<div class=\"vc_column-inner\">\n\t\t\t<p><span class=\"wpcf7-form-control-wrap\" data-name=\"your-name\"><input size=\"40\" maxlength=\"400\" class=\"wpcf7-form-control wpcf7-text wpcf7-validates-as-required\" aria-required=\"true\" aria-invalid=\"false\" placeholder=\"Name*\" value=\"\" type=\"text\" name=\"your-name\" \/><\/span>\n\t\t\t<\/p>\n\t\t<\/div>\n\t<\/div>\n\t<div class=\"vc_col-sm-6 wpb_column vc_column_container\">\n\t\t<div class=\"vc_column-inner\">\n\t\t\t<p><span class=\"wpcf7-form-control-wrap\" data-name=\"address\"><input size=\"40\" maxlength=\"400\" class=\"wpcf7-form-control wpcf7-text\" aria-invalid=\"false\" placeholder=\"Adresse\" value=\"\" type=\"text\" name=\"address\" \/><\/span>\n\t\t\t<\/p>\n\t\t<\/div>\n\t<\/div>\n\t<div class=\"vc_col-sm-6 wpb_column vc_column_container\">\n\t\t<div class=\"vc_column-inner\">\n\t\t\t<p><span class=\"wpcf7-form-control-wrap\" data-name=\"postcode\"><input size=\"40\" maxlength=\"400\" class=\"wpcf7-form-control wpcf7-text\" aria-invalid=\"false\" placeholder=\"Postleitzahl\" value=\"\" type=\"text\" name=\"postcode\" \/><\/span>\n\t\t\t<\/p>\n\t\t<\/div>\n\t<\/div>\n\t<div class=\"vc_col-sm-6 wpb_column vc_column_container\">\n\t\t<div class=\"vc_column-inner\">\n\t\t\t<p><span class=\"wpcf7-form-control-wrap\" data-name=\"city\"><input size=\"40\" maxlength=\"400\" class=\"wpcf7-form-control wpcf7-text wpcf7-validates-as-required\" aria-required=\"true\" aria-invalid=\"false\" placeholder=\"Wohnort*\" value=\"\" type=\"text\" name=\"city\" \/><\/span>\n\t\t\t<\/p>\n\t\t<\/div>\n\t<\/div>\n\t<div class=\"vc_col-sm-6 wpb_column vc_column_container\">\n\t\t<div class=\"vc_column-inner\">\n\t\t\t<p><span class=\"wpcf7-form-control-wrap\" data-name=\"land\"><input size=\"40\" maxlength=\"400\" class=\"wpcf7-form-control wpcf7-text wpcf7-validates-as-required\" aria-required=\"true\" aria-invalid=\"false\" placeholder=\"Land*\" value=\"\" type=\"text\" name=\"land\" \/><\/span>\n\t\t\t<\/p>\n\t\t<\/div>\n\t<\/div>\n\t<div class=\"vc_col-sm-6 wpb_column vc_column_container\">\n\t\t<div class=\"vc_column-inner\">\n\t\t\t<p><span class=\"wpcf7-form-control-wrap\" data-name=\"your-tel\"><input size=\"40\" maxlength=\"400\" class=\"wpcf7-form-control wpcf7-tel wpcf7-text wpcf7-validates-as-tel\" aria-invalid=\"false\" placeholder=\"Telefonnummer\" value=\"\" type=\"tel\" name=\"your-tel\" \/><\/span>\n\t\t\t<\/p>\n\t\t<\/div>\n\t<\/div>\n\t<div class=\"vc_col-sm-6 wpb_column vc_column_container\">\n\t\t<div class=\"vc_column-inner\">\n\t\t\t<p><span class=\"wpcf7-form-control-wrap\" data-name=\"your-email\"><input size=\"40\" maxlength=\"400\" class=\"wpcf7-form-control wpcf7-email wpcf7-validates-as-required wpcf7-text wpcf7-validates-as-email\" aria-required=\"true\" aria-invalid=\"false\" placeholder=\"E-Mail-Adresse\" value=\"\" type=\"email\" name=\"your-email\" \/><\/span>\n\t\t\t<\/p>\n\t\t<\/div>\n\t<\/div>\n\t<div class=\"vc_col-sm-12 wpb_column vc_column_container\">\n\t\t<div class=\"vc_column-inner\">\n\t\t\t<p>Nachricht oder Kommentar<br \/>\n<span class=\"wpcf7-form-control-wrap\" data-name=\"your-message\"><textarea cols=\"40\" rows=\"10\" maxlength=\"2000\" class=\"wpcf7-form-control wpcf7-textarea wpcf7-validates-as-required\" aria-required=\"true\" aria-invalid=\"false\" placeholder=\"...\" name=\"your-message\"><\/textarea><\/span>\n\t\t\t<\/p>\n\t\t<\/div>\n\t<\/div>\n<\/div>\n<div class=\"vc_col-sm-12 wpb_column vc_column_container\">\n\t<div class=\"vc_column-inner\">\n\t\t<p><strong>Obst- und Weinbau<\/strong><span class=\"wpcf7-form-control-wrap\" data-name=\"fruitteelt\"><span class=\"wpcf7-form-control wpcf7-checkbox\"><span class=\"wpcf7-list-item first\"><label><input type=\"checkbox\" name=\"fruitteelt[]\" value=\"Kreiselm\u00e4her\" \/><span class=\"wpcf7-list-item-label\">Kreiselm\u00e4her<\/span><\/label><\/span><span class=\"wpcf7-list-item\"><label><input type=\"checkbox\" name=\"fruitteelt[]\" value=\"Zerkleinerungsmaschinen f\u00fcr Schnittholz\" \/><span class=\"wpcf7-list-item-label\">Zerkleinerungsmaschinen f\u00fcr Schnittholz<\/span><\/label><\/span><span class=\"wpcf7-list-item\"><label><input type=\"checkbox\" name=\"fruitteelt[]\" value=\"Solo-Swing\" \/><span class=\"wpcf7-list-item-label\">Solo-Swing<\/span><\/label><\/span><span class=\"wpcf7-list-item last\"><label><input type=\"checkbox\" name=\"fruitteelt[]\" value=\"Streifenreiniger\" \/><span class=\"wpcf7-list-item-label\">Streifenreiniger<\/span><\/label><\/span><\/span><\/span><br \/>\n<strong>Landwirtschaft und Kulturtechnik<\/strong><span class=\"wpcf7-form-control-wrap\" data-name=\"landbouw\"><span class=\"wpcf7-form-control wpcf7-checkbox\"><span class=\"wpcf7-list-item first\"><label><input type=\"checkbox\" name=\"landbouw[]\" value=\"Wiesenbl\u00e4ser\" \/><span class=\"wpcf7-list-item-label\">Wiesenbl\u00e4ser<\/span><\/label><\/span><span class=\"wpcf7-list-item\"><label><input type=\"checkbox\" name=\"landbouw[]\" value=\"Schlegelm\u00e4her\" \/><span class=\"wpcf7-list-item-label\">Schlegelm\u00e4her<\/span><\/label><\/span><span class=\"wpcf7-list-item\"><label><input type=\"checkbox\" name=\"landbouw[]\" value=\"Multi- und Seitenschlegelm\u00e4hwerke\" \/><span class=\"wpcf7-list-item-label\">Multi- und Seitenschlegelm\u00e4hwerke<\/span><\/label><\/span><span class=\"wpcf7-list-item\"><label><input type=\"checkbox\" name=\"landbouw[]\" value=\"Dreifach-M\u00e4hwerke\" \/><span class=\"wpcf7-list-item-label\">Dreifach-M\u00e4hwerke<\/span><\/label><\/span><span class=\"wpcf7-list-item last\"><label><input type=\"checkbox\" name=\"landbouw[]\" value=\"Solo-Swing\" \/><span class=\"wpcf7-list-item-label\">Solo-Swing<\/span><\/label><\/span><\/span><\/span><br \/>\n<strong>Ich m\u00f6chte gerne erhalten<\/strong><span class=\"wpcf7-form-control-wrap\" data-name=\"folder\"><span class=\"wpcf7-form-control wpcf7-checkbox\"><span class=\"wpcf7-list-item first\"><label><input type=\"checkbox\" name=\"folder[]\" value=\"Faltbl\u00e4tter und Preise\" \/><span class=\"wpcf7-list-item-label\">Faltbl\u00e4tter und Preise<\/span><\/label><\/span><span class=\"wpcf7-list-item last\"><label><input type=\"checkbox\" name=\"folder[]\" value=\"Kontaktdaten meines n\u00e4chsten Perfect H\u00e4ndlers\" \/><span class=\"wpcf7-list-item-label\">Kontaktdaten meines n\u00e4chsten Perfect H\u00e4ndlers<\/span><\/label><\/span><\/span><\/span>\n\t\t<\/p>\n\t<\/div>\n<\/div>\n<p><strong>Erkl\u00e4rung zum Datenschutz<\/strong><br \/>\n<span class=\"wpcf7-form-control-wrap\" data-name=\"terms\"><span class=\"wpcf7-form-control wpcf7-acceptance\"><span class=\"wpcf7-list-item\"><label><input type=\"checkbox\" name=\"terms\" value=\"1\" aria-invalid=\"false\" \/><span class=\"wpcf7-list-item-label\">Ich bin damit einverstanden, dass meine Daten gespeichert werden..<\/span><\/label><\/span><\/span><\/span>\n<\/p>\n<p><input class=\"wpcf7-form-control wpcf7-submit has-spinner\" type=\"submit\" value=\"Versenden\" \/>\n<\/p><div class=\"wpcf7-response-output\" aria-hidden=\"true\"><\/div>\n<\/form>\n<\/div>\n<\/div><\/div><\/div><div class=\"vc_col-sm-4 wpb_column vc_column_container\"><div class=\"vc_column-inner\"><div class=\"wpb_wrapper\"><div class=\"g-cols wpb_row  us_custom_62e46706 type_default valign_top vc_inner\"><div class=\"vc_col-sm-12 wpb_column vc_column_container\"><div class=\"vc_column-inner us_custom_31214a47 \"><div class=\"wpb_wrapper\">[vc_custom_heading text=&#8221;PERFECT van Wamel&#8221; use_theme_fonts=&#8221;yes&#8221;]<div class=\"wpb_text_column\" ><div class=\"wpb_wrapper\"><p>Energieweg 1<br \/>\n6658AE Beneden-Leeuwen<br \/>\nNederland<\/p>\n<p>KvK: 10022212<br \/>\nBTW nr: NL.004064537B06<\/p>\n<\/div><\/div><\/div><\/div><\/div><\/div><div class=\"g-cols wpb_row  us_custom_62e46706 type_default valign_top vc_inner\"><div class=\"vc_col-sm-12 wpb_column vc_column_container\"><div class=\"vc_column-inner us_custom_31214a47 \"><div class=\"wpb_wrapper\">[vc_custom_heading text=&#8221;Kontaktdetails&#8221; use_theme_fonts=&#8221;yes&#8221;]<div class=\"wpb_text_column\" ><div class=\"wpb_wrapper\"><p><strong><span class=\"--l --r hover:bg-surface-info-muted hover:text-info-muted\"><span class=\"--l container-target\">Ersatzteile<\/span><\/span><span class=\"container-target\"> &amp; <\/span><span class=\"--l --r hover:bg-surface-info-muted hover:text-info-muted\"><span class=\"--r container-target\">Service<\/span><\/span>:<br \/>\n<\/strong>E-mail: <strong><a href=\"mailto:parts@vanwamel.nl\">parts@vanwamel.nl<\/a><\/strong><br \/>\nTel: <a href=\"tel:+31(0) 487 74 58 07\">+31(0) 487 74 58 07<\/a><\/p>\n<p><strong><span class=\"--l --r hover:bg-surface-info-muted hover:text-info-muted\"><span class=\"--l container-target\">Verkauf<\/span><\/span><span class=\"container-target\">\/<\/span><span class=\"--l --r hover:bg-surface-info-muted hover:text-info-muted\"><span class=\"container-target\">Vertrieb<\/span><\/span> <span class=\"--l --r hover:bg-surface-info-muted hover:text-info-muted\"><span class=\"--r container-target\">Maschinen<\/span><\/span>:<br \/>\n<\/strong>E-mail<strong>:<a href=\"mailto:sales@vanwamel.nl\"> sales@vanwamel.nl<\/a><br \/>\n<\/strong><strong><br \/>\nE-mail:<a href=\"mailto:service@vanwamel.nl\"> service@vanwamel.nl<\/a><br \/>\n<\/strong>Tel: <a href=\"tel:0031 487594964\">+31 487 59 49 64<\/a> (<span class=\"--l --r hover:bg-surface-info-muted hover:text-info-muted\"><span class=\"--l container-target\">nach<\/span><\/span> <span class=\"--l --r hover:bg-surface-info-muted hover:text-info-muted\"><span class=\"--r container-target\">Feierabend<\/span><\/span>)<\/p>\n<\/div><\/div><\/div><\/div><\/div><\/div><div class=\"g-cols wpb_row  us_custom_f2b6838a type_default valign_top vc_inner\"><div class=\"vc_col-sm-12 wpb_column vc_column_container\"><div class=\"vc_column-inner us_custom_31214a47 \"><div class=\"wpb_wrapper\">[vc_custom_heading text=&#8221;\u00d6ffnungszeiten B\u00fcro&#8221; use_theme_fonts=&#8221;yes&#8221;]<div class=\"wpb_text_column\" ><div class=\"wpb_wrapper\"><p>Montag bis Freitag<\/p>\n<p>08:30 &#8211; 12:00 und 12:30 &#8211; 17:00 Uhr<\/p>\n<\/div><\/div><\/div><\/div><\/div><\/div><\/div><\/div><\/div><\/div><\/div><\/section><section class=\"l-section wpb_row height_small\"><div class=\"l-section-h i-cf\"><div class=\"g-cols vc_row type_default valign_top\"><div class=\"vc_col-sm-12 wpb_column vc_column_container\"><div class=\"vc_column-inner\"><div class=\"wpb_wrapper\">[vc_raw_html]PGlmcmFtZSBzcmM9Imh0dHBzOi8vd3d3Lmdvb2dsZS5jb20vbWFwcy9lbWJlZD9wYj0hMW0xOCExbTEyITFtMyExZDI0NjIuNjMwMzYwMjE1NzQxMyEyZDUuNTMwNjU2NTE2NDc0MjE1ITNkNTEuODg1OTU5NTc5Njk5MDYhMm0zITFmMCEyZjAhM2YwITNtMiExaTEwMjQhMmk3NjghNGYxMy4xITNtMyExbTIhMXMweDQ3YzZmZjUwYTkwYjllZjclM0EweDE5ZDk4ZjVmNjAzNTVjNTAhMnNWYW4lMjBXYW1lbCUyMEJWITVlMCEzbTIhMXNubCEyc25sITR2MTYwMjU4MDc0NzQxMyE1bTIhMXNubCEyc25sIiB3aWR0aD0iMTAwJSIgaGVpZ2h0PSI0NTAiIGZyYW1lYm9yZGVyPSIwIiBzdHlsZT0iYm9yZGVyOjA7IiBhbGxvd2Z1bGxzY3JlZW49IiIgYXJpYS1oaWRkZW49ImZhbHNlIiB0YWJpbmRleD0iMCI+PC9pZnJhbWU+[\/vc_raw_html]<\/div><\/div><\/div><\/div><\/div><\/section>\n","protected":false},"excerpt":{"rendered":"[vc_custom_heading text=\"Bitte kontaktieren Sie uns\" use_theme_fonts=\"yes\"]Gerne beantworten wir alle Ihre Fragen so schnell und effizient wie m\u00f6glich. Deshalb bitten wir Sie, das unten stehende Kontaktformular so vollst\u00e4ndig wie m\u00f6glich auszuf\u00fcllen. Nachricht oder Kommentar Obst- und WeinbauKreiselm\u00e4herZerkleinerungsmaschinen f\u00fcr SchnittholzSolo-SwingStreifenreiniger Landwirtschaft und KulturtechnikWiesenbl\u00e4serSchlegelm\u00e4herMulti- und Seitenschlegelm\u00e4hwerkeDreifach-M\u00e4hwerkeSolo-Swing Ich m\u00f6chte gerne erhaltenFaltbl\u00e4tter und PreiseKontaktdaten meines n\u00e4chsten Perfect H\u00e4ndlers Erkl\u00e4rung zum...","protected":false},"author":1,"featured_media":0,"parent":0,"menu_order":50,"comment_status":"closed","ping_status":"closed","template":"","meta":{"_acf_changed":false,"footnotes":""},"class_list":["post-5393","page","type-page","status-publish","hentry"],"acf":[],"yoast_head":"<!-- This site is optimized with the Yoast SEO plugin v27.4 - https:\/\/yoast.com\/product\/yoast-seo-wordpress\/ -->\n<title>Kontakt - PERFECT - Van Wamel<\/title>\n<meta name=\"robots\" content=\"index, follow, max-snippet:-1, max-image-preview:large, max-video-preview:-1\" \/>\n<link rel=\"canonical\" href=\"https:\/\/www.perfectvanwamel.com\/de\/kontakt\/\" \/>\n<meta property=\"og:locale\" content=\"de_DE\" \/>\n<meta property=\"og:type\" content=\"article\" \/>\n<meta property=\"og:title\" content=\"Kontakt - PERFECT - Van Wamel\" \/>\n<meta property=\"og:url\" content=\"https:\/\/www.perfectvanwamel.com\/de\/kontakt\/\" \/>\n<meta property=\"og:site_name\" content=\"PERFECT - Van Wamel\" \/>\n<meta property=\"article:modified_time\" content=\"2026-04-01T06:57:46+00:00\" \/>\n<meta name=\"twitter:card\" content=\"summary_large_image\" \/>\n<meta name=\"twitter:label1\" content=\"Gesch\u00e4tzte Lesezeit\" \/>\n\t<meta name=\"twitter:data1\" content=\"2\u00a0Minuten\" \/>\n<script type=\"application\/ld+json\" class=\"yoast-schema-graph\">{\"@context\":\"https:\\\/\\\/schema.org\",\"@graph\":[{\"@type\":\"WebPage\",\"@id\":\"https:\\\/\\\/www.perfectvanwamel.com\\\/de\\\/kontakt\\\/\",\"url\":\"https:\\\/\\\/www.perfectvanwamel.com\\\/de\\\/kontakt\\\/\",\"name\":\"Kontakt - PERFECT - Van Wamel\",\"isPartOf\":{\"@id\":\"https:\\\/\\\/www.perfectvanwamel.com\\\/de\\\/#website\"},\"datePublished\":\"2020-09-07T07:23:15+00:00\",\"dateModified\":\"2026-04-01T06:57:46+00:00\",\"breadcrumb\":{\"@id\":\"https:\\\/\\\/www.perfectvanwamel.com\\\/de\\\/kontakt\\\/#breadcrumb\"},\"inLanguage\":\"de\",\"potentialAction\":[{\"@type\":\"ReadAction\",\"target\":[\"https:\\\/\\\/www.perfectvanwamel.com\\\/de\\\/kontakt\\\/\"]}]},{\"@type\":\"BreadcrumbList\",\"@id\":\"https:\\\/\\\/www.perfectvanwamel.com\\\/de\\\/kontakt\\\/#breadcrumb\",\"itemListElement\":[{\"@type\":\"ListItem\",\"position\":1,\"name\":\"Home\",\"item\":\"https:\\\/\\\/staging.perfectvanwamel.com\\\/de\\\/\"},{\"@type\":\"ListItem\",\"position\":2,\"name\":\"Kontakt\"}]},{\"@type\":\"WebSite\",\"@id\":\"https:\\\/\\\/www.perfectvanwamel.com\\\/de\\\/#website\",\"url\":\"https:\\\/\\\/www.perfectvanwamel.com\\\/de\\\/\",\"name\":\"PERFECT - Van Wamel\",\"description\":\"\",\"potentialAction\":[{\"@type\":\"SearchAction\",\"target\":{\"@type\":\"EntryPoint\",\"urlTemplate\":\"https:\\\/\\\/www.perfectvanwamel.com\\\/de\\\/?s={search_term_string}\"},\"query-input\":{\"@type\":\"PropertyValueSpecification\",\"valueRequired\":true,\"valueName\":\"search_term_string\"}}],\"inLanguage\":\"de\"}]}<\/script>\n<!-- \/ Yoast SEO plugin. -->","yoast_head_json":{"title":"Kontakt - PERFECT - Van Wamel","robots":{"index":"index","follow":"follow","max-snippet":"max-snippet:-1","max-image-preview":"max-image-preview:large","max-video-preview":"max-video-preview:-1"},"canonical":"https:\/\/www.perfectvanwamel.com\/de\/kontakt\/","og_locale":"de_DE","og_type":"article","og_title":"Kontakt - PERFECT - Van Wamel","og_url":"https:\/\/www.perfectvanwamel.com\/de\/kontakt\/","og_site_name":"PERFECT - Van Wamel","article_modified_time":"2026-04-01T06:57:46+00:00","twitter_card":"summary_large_image","twitter_misc":{"Gesch\u00e4tzte Lesezeit":"2\u00a0Minuten"},"schema":{"@context":"https:\/\/schema.org","@graph":[{"@type":"WebPage","@id":"https:\/\/www.perfectvanwamel.com\/de\/kontakt\/","url":"https:\/\/www.perfectvanwamel.com\/de\/kontakt\/","name":"Kontakt - PERFECT - Van Wamel","isPartOf":{"@id":"https:\/\/www.perfectvanwamel.com\/de\/#website"},"datePublished":"2020-09-07T07:23:15+00:00","dateModified":"2026-04-01T06:57:46+00:00","breadcrumb":{"@id":"https:\/\/www.perfectvanwamel.com\/de\/kontakt\/#breadcrumb"},"inLanguage":"de","potentialAction":[{"@type":"ReadAction","target":["https:\/\/www.perfectvanwamel.com\/de\/kontakt\/"]}]},{"@type":"BreadcrumbList","@id":"https:\/\/www.perfectvanwamel.com\/de\/kontakt\/#breadcrumb","itemListElement":[{"@type":"ListItem","position":1,"name":"Home","item":"https:\/\/staging.perfectvanwamel.com\/de\/"},{"@type":"ListItem","position":2,"name":"Kontakt"}]},{"@type":"WebSite","@id":"https:\/\/www.perfectvanwamel.com\/de\/#website","url":"https:\/\/www.perfectvanwamel.com\/de\/","name":"PERFECT - Van Wamel","description":"","potentialAction":[{"@type":"SearchAction","target":{"@type":"EntryPoint","urlTemplate":"https:\/\/www.perfectvanwamel.com\/de\/?s={search_term_string}"},"query-input":{"@type":"PropertyValueSpecification","valueRequired":true,"valueName":"search_term_string"}}],"inLanguage":"de"}]}},"_links":{"self":[{"href":"https:\/\/www.perfectvanwamel.com\/de\/wp-json\/wp\/v2\/pages\/5393","targetHints":{"allow":["GET"]}}],"collection":[{"href":"https:\/\/www.perfectvanwamel.com\/de\/wp-json\/wp\/v2\/pages"}],"about":[{"href":"https:\/\/www.perfectvanwamel.com\/de\/wp-json\/wp\/v2\/types\/page"}],"author":[{"embeddable":true,"href":"https:\/\/www.perfectvanwamel.com\/de\/wp-json\/wp\/v2\/users\/1"}],"replies":[{"embeddable":true,"href":"https:\/\/www.perfectvanwamel.com\/de\/wp-json\/wp\/v2\/comments?post=5393"}],"version-history":[{"count":23,"href":"https:\/\/www.perfectvanwamel.com\/de\/wp-json\/wp\/v2\/pages\/5393\/revisions"}],"predecessor-version":[{"id":28970,"href":"https:\/\/www.perfectvanwamel.com\/de\/wp-json\/wp\/v2\/pages\/5393\/revisions\/28970"}],"wp:attachment":[{"href":"https:\/\/www.perfectvanwamel.com\/de\/wp-json\/wp\/v2\/media?parent=5393"}],"curies":[{"name":"wp","href":"https:\/\/api.w.org\/{rel}","templated":true}]}}