{"id":5399,"date":"2020-09-07T09:28:24","date_gmt":"2020-09-07T07:28:24","guid":{"rendered":"https:\/\/www.perfectvanwamel.com\/datenschutz-haftungsausschluss\/"},"modified":"2020-10-06T11:47:21","modified_gmt":"2020-10-06T09:47:21","slug":"datenschutz-haftungsausschluss","status":"publish","type":"page","link":"https:\/\/www.perfectvanwamel.com\/de\/datenschutz-haftungsausschluss\/","title":{"rendered":"Datenschutz &#038; Haftungsausschluss"},"content":{"rendered":"<section class=\"l-section wpb_row height_small\"><div class=\"l-section-h i-cf\"><div class=\"g-cols vc_row type_default valign_top\"><div class=\"vc_col-sm-12 wpb_column vc_column_container\"><div class=\"vc_column-inner\"><div class=\"wpb_wrapper\"><div class=\"g-cols wpb_row  type_default valign_top vc_inner\"><div class=\"vc_col-sm-12 wpb_column vc_column_container\"><div class=\"vc_column-inner\"><div class=\"wpb_wrapper\"><\/div><\/div><\/div><\/div><div class=\"wpb_text_column\" ><div class=\"wpb_wrapper\"><div class=\"page-title\">\n<h2>Datenschutz-Bestimmungen<\/h2>\n<p>PERFECT &#8211; Van Wamel, Energieweg 1 6658 AE Beneden-Leeuwen, ist f\u00fcr die Verarbeitung personenbezogener Daten gem\u00e4\u00df dieser Datenschutzerkl\u00e4rung verantwortlich.<\/p>\n<p>Kontaktdetails:<\/p>\n<p>www.perfectvanwamel.com Energieweg 1 6658 AE Beneden-Leeuwen +31 (0) 487 59 29 44<\/p>\n<h2>Personenbezogene Daten, die wir verarbeiten<\/h2>\n<p>PERFECT &#8211; Van Wamel verarbeitet Ihre pers\u00f6nlichen Daten, weil Sie unsere Dienste nutzen und \/ oder weil Sie uns diese Daten selbst zur Verf\u00fcgung stellen. Nachfolgend finden Sie eine \u00dcbersicht \u00fcber die von uns verarbeiteten personenbezogenen Daten:<\/p>\n<p>&#8211; Vor-und Nachname<br \/>\n&#8211; Sex<br \/>\n&#8211; Geburtsdatum<br \/>\n&#8211; Geburtsort<br \/>\n&#8211; Adressdaten<br \/>\n&#8211; Telefonnummer<br \/>\n&#8211; E-Mail-Addresse<br \/>\n&#8211; Standortdaten<\/p>\n<h2>Spezielle und \/ oder sensible personenbezogene Daten, die wir verarbeiten<\/h2>\n<p>Unsere Website und \/ oder unser Service beabsichtigen nicht, Daten \u00fcber Website-Besucher unter 16 Jahren zu sammeln. Es sei denn, sie haben die Erlaubnis ihrer Eltern oder Erziehungsberechtigten. Wir k\u00f6nnen jedoch nicht \u00fcberpr\u00fcfen, ob ein Besucher \u00e4lter als 16 Jahre ist. Wir empfehlen Eltern daher, sich an den Online-Aktivit\u00e4ten ihrer Kinder zu beteiligen, um zu verhindern, dass Daten \u00fcber Kinder ohne Zustimmung der Eltern gesammelt werden. Wenn Sie davon \u00fcberzeugt sind, dass wir ohne diese Erlaubnis pers\u00f6nliche Informationen \u00fcber Minderj\u00e4hrige gesammelt haben, kontaktieren Sie uns bitte \u00fcber info@vanwamel.nl und wir werden diese Informationen l\u00f6schen.<\/p>\n<h2>Zu welchem \u200b\u200bZweck und auf welcher Grundlage verarbeiten wir personenbezogene Daten<\/h2>\n<p>PERFECT &#8211; Van Wamel verarbeitet Ihre pers\u00f6nlichen Daten zu folgenden Zwecken:<\/p>\n<p>&#8211; Abwicklung Ihrer Zahlung<br \/>\n&#8211; Um Sie anrufen oder per E-Mail kontaktieren zu k\u00f6nnen, wenn dies zur Erbringung unserer Dienstleistungen erforderlich ist<br \/>\n&#8211; Um Sie \u00fcber \u00c4nderungen an unseren Dienstleistungen und Produkten zu informieren<br \/>\n&#8211; Um Ihnen die M\u00f6glichkeit zu bieten, ein Konto zu erstellen<br \/>\n&#8211; Um Ihnen Waren und Dienstleistungen zu liefern<br \/>\n&#8211; PERFECT &#8211; Van Wamel verarbeitet auch personenbezogene Daten, wenn wir gesetzlich dazu verpflichtet sind, beispielsweise Informationen, die wir f\u00fcr unsere Steuererkl\u00e4rung ben\u00f6tigen.<br \/>\nAutomatisierte Entscheidungsfindung<br \/>\nPERFECT &#8211; Van Wamel trifft Entscheidungen auf der Grundlage einer automatisierten Verarbeitung in Angelegenheiten, die (erhebliche) Konsequenzen f\u00fcr Menschen haben k\u00f6nnen. Dies sind Entscheidungen, die von Computerprogrammen oder -systemen ohne Beteiligung einer Person (z. B. eines Mitarbeiters von PERFECT &#8211; Van Wamel) getroffen werden.<\/p>\n<h2>Wie lange speichern wir personenbezogene Daten?<\/h2>\n<p>PERFEKT &#8211; Van Wamel speichert Ihre pers\u00f6nlichen Daten nicht l\u00e4nger als unbedingt erforderlich, um die Zwecke zu erreichen, f\u00fcr die Ihre Daten gesammelt werden. Unsere Aufbewahrungsfrist (en) sind unbefristet.<br \/>\nWeitergabe personenbezogener Daten an Dritte<br \/>\nPERFEKT &#8211; Van Wamel liefert nur an Dritte und nur dann, wenn dies zur Ausf\u00fchrung unserer Vereinbarung mit Ihnen oder zur Einhaltung einer gesetzlichen Verpflichtung erforderlich ist.<\/p>\n<h2>Cookies oder \u00e4hnliche Techniken, die wir verwenden<\/h2>\n<p>PERFEKT &#8211; Van Wamel verwendet funktionale, analytische und Tracking-Cookies. Ein Cookie ist eine kleine Textdatei, die beim ersten Besuch dieser Website im Browser Ihres Computers, Tablets oder Smartphones gespeichert wird. PERFEKT &#8211; Van Wamel verwendet Cookies mit rein technischer Funktionalit\u00e4t. Diese stellen sicher, dass die Website ordnungsgem\u00e4\u00df funktioniert und dass beispielsweise Ihre bevorzugten Einstellungen gespeichert werden. Diese Cookies werden auch verwendet, um die Website ordnungsgem\u00e4\u00df zu betreiben und zu optimieren. Dar\u00fcber hinaus platzieren wir Cookies, die Ihr Surfverhalten verfolgen, damit wir ma\u00dfgeschneiderte Inhalte und Werbung anbieten k\u00f6nnen. Bei Ihrem ersten Besuch auf unserer Website haben wir Sie bereits \u00fcber diese Cookies informiert und Sie um Ihre Erlaubnis gebeten, sie zu platzieren. Sie k\u00f6nnen Cookies deaktivieren, indem Sie Ihren Internetbrowser so einstellen, dass keine Cookies mehr gespeichert werden. Dar\u00fcber hinaus k\u00f6nnen Sie auch alle zuvor \u00fcber Ihre Browsereinstellungen gespeicherten Informationen l\u00f6schen. Eine Erkl\u00e4rung finden Sie unter: https:\/\/veiliginternetten.nl\/themes\/situation\/cookies-wat-zijn-het-en-wat-doe-ik-ermee\/<\/p>\n<p>Cookies werden auch von Dritten auf dieser Website platziert. Dies sind beispielsweise Werbetreibende und \/ oder Social-Media-Unternehmen. Unten eine \u00dcbersicht:<\/p>\n<p><strong>Arten von Cookies<\/strong><br \/>\nCookie: Google Tag Manager<br \/>\nName: _ga, _utma<br \/>\nFunktion: Analytisches Cookie, das Website-Besuche und -Konvertierungen misst.<br \/>\nAufbewahrungsfrist: 2 Jahre<\/p>\n<\/div>\n<div class=\"std\">\n<h2>Anzeigen, \u00c4ndern oder L\u00f6schen von Daten<\/h2>\n<p>Sie haben das Recht, Ihre pers\u00f6nlichen Daten anzuzeigen, zu korrigieren oder zu l\u00f6schen. Sie haben auch das Recht, Ihre Zustimmung zur Datenverarbeitung zu widerrufen oder der Verarbeitung Ihrer personenbezogenen Daten durch PERFECT &#8211; Van Wamel zu widersprechen, und Sie haben das Recht auf Daten\u00fcbertragbarkeit. Dies bedeutet, dass Sie eine Anfrage an uns senden k\u00f6nnen, um die pers\u00f6nlichen Daten, die wir \u00fcber Sie in einer Computerdatei haben, an Sie oder eine andere von Ihnen erw\u00e4hnte Organisation zu senden. Sie k\u00f6nnen einen Antrag auf Zugriff, Korrektur, L\u00f6schung, Daten\u00fcbertragung Ihrer pers\u00f6nlichen Daten oder einen Antrag auf L\u00f6schung Ihrer Einwilligung oder Widerspruch gegen die Verarbeitung Ihrer pers\u00f6nlichen Daten an info@vanwamel.nl senden. Um sicherzustellen, dass Sie die Zugangsanfrage gestellt haben, bitten wir Sie, eine Kopie Ihrer ID mit der Anfrage zu senden. Machen Sie Ihr Passfoto, MRZ (maschinenlesbare Zone, Streifen mit den Nummern am unteren Rand des Passes), Passnummer und Citizen Service Number (BSN) in dieser Kopie schwarz. Dies dient zum Schutz Ihrer Privatsph\u00e4re. Wir werden Ihre Anfrage so schnell wie m\u00f6glich, jedoch innerhalb von vier Wochen beantworten. PERFECT &#8211; Van Wamel m\u00f6chte auch darauf hinweisen, dass Sie die M\u00f6glichkeit haben, eine Beschwerde bei der nationalen Aufsichtsbeh\u00f6rde, der niederl\u00e4ndischen Datenschutzbeh\u00f6rde, einzureichen. Dies kann \u00fcber den folgenden Link erfolgen: https:\/\/autoriteitpersoonsgegevens.nl\/nl\/contact-met-de-autoriteit-persoonsgegevens\/tip-ons<\/p>\n<h2>Wie wir personenbezogene Daten sch\u00fctzen<\/h2>\n<p>PERFEKT &#8211; Van Wamel nimmt den Schutz Ihrer Daten ernst und ergreift geeignete Ma\u00dfnahmen, um Missbrauch, Verlust, unbefugten Zugriff, unerw\u00fcnschte Offenlegung und unbefugte \u00c4nderungen zu verhindern. Wenn Sie der Meinung sind, dass Ihre Daten nicht ordnungsgem\u00e4\u00df gesch\u00fctzt sind oder Hinweise auf Missbrauch vorliegen, wenden Sie sich bitte an unseren Kundendienst oder an info@vanwamel.nl<\/p>\n<\/div>\n<\/div><\/div><\/div><\/div><\/div><\/div><\/div><\/section>\n","protected":false},"excerpt":{"rendered":"Datenschutz-Bestimmungen PERFECT &#8211; Van Wamel, Energieweg 1 6658 AE Beneden-Leeuwen, ist f\u00fcr die Verarbeitung personenbezogener Daten gem\u00e4\u00df dieser Datenschutzerkl\u00e4rung verantwortlich. Kontaktdetails: www.perfectvanwamel.com Energieweg 1 6658 AE Beneden-Leeuwen +31 (0) 487 59 29 44 Personenbezogene Daten, die wir verarbeiten PERFECT &#8211; Van Wamel verarbeitet Ihre pers\u00f6nlichen Daten, weil Sie unsere Dienste nutzen und \/ oder weil...","protected":false},"author":1,"featured_media":0,"parent":0,"menu_order":9999,"comment_status":"closed","ping_status":"closed","template":"","meta":{"_acf_changed":false,"footnotes":""},"class_list":["post-5399","page","type-page","status-publish","hentry"],"acf":[],"yoast_head":"<!-- This site is optimized with the Yoast SEO plugin v27.4 - https:\/\/yoast.com\/product\/yoast-seo-wordpress\/ -->\n<title>Datenschutz &amp; Haftungsausschluss - PERFECT - Van Wamel<\/title>\n<meta name=\"robots\" content=\"index, follow, max-snippet:-1, max-image-preview:large, max-video-preview:-1\" \/>\n<link rel=\"canonical\" href=\"https:\/\/www.perfectvanwamel.com\/de\/datenschutz-haftungsausschluss\/\" \/>\n<meta property=\"og:locale\" content=\"de_DE\" \/>\n<meta property=\"og:type\" content=\"article\" \/>\n<meta property=\"og:title\" content=\"Datenschutz &amp; Haftungsausschluss - PERFECT - Van Wamel\" \/>\n<meta property=\"og:url\" content=\"https:\/\/www.perfectvanwamel.com\/de\/datenschutz-haftungsausschluss\/\" \/>\n<meta property=\"og:site_name\" content=\"PERFECT - Van Wamel\" \/>\n<meta property=\"article:modified_time\" content=\"2020-10-06T09:47:21+00:00\" \/>\n<meta name=\"twitter:card\" content=\"summary_large_image\" \/>\n<meta name=\"twitter:label1\" content=\"Gesch\u00e4tzte Lesezeit\" \/>\n\t<meta name=\"twitter:data1\" content=\"5\u00a0Minuten\" \/>\n<script type=\"application\/ld+json\" class=\"yoast-schema-graph\">{\"@context\":\"https:\\\/\\\/schema.org\",\"@graph\":[{\"@type\":\"WebPage\",\"@id\":\"https:\\\/\\\/www.perfectvanwamel.com\\\/de\\\/datenschutz-haftungsausschluss\\\/\",\"url\":\"https:\\\/\\\/www.perfectvanwamel.com\\\/de\\\/datenschutz-haftungsausschluss\\\/\",\"name\":\"Datenschutz & Haftungsausschluss - PERFECT - Van Wamel\",\"isPartOf\":{\"@id\":\"https:\\\/\\\/www.perfectvanwamel.com\\\/de\\\/#website\"},\"datePublished\":\"2020-09-07T07:28:24+00:00\",\"dateModified\":\"2020-10-06T09:47:21+00:00\",\"breadcrumb\":{\"@id\":\"https:\\\/\\\/www.perfectvanwamel.com\\\/de\\\/datenschutz-haftungsausschluss\\\/#breadcrumb\"},\"inLanguage\":\"de\",\"potentialAction\":[{\"@type\":\"ReadAction\",\"target\":[\"https:\\\/\\\/www.perfectvanwamel.com\\\/de\\\/datenschutz-haftungsausschluss\\\/\"]}]},{\"@type\":\"BreadcrumbList\",\"@id\":\"https:\\\/\\\/www.perfectvanwamel.com\\\/de\\\/datenschutz-haftungsausschluss\\\/#breadcrumb\",\"itemListElement\":[{\"@type\":\"ListItem\",\"position\":1,\"name\":\"Home\",\"item\":\"https:\\\/\\\/staging.perfectvanwamel.com\\\/de\\\/\"},{\"@type\":\"ListItem\",\"position\":2,\"name\":\"Datenschutz &#038; Haftungsausschluss\"}]},{\"@type\":\"WebSite\",\"@id\":\"https:\\\/\\\/www.perfectvanwamel.com\\\/de\\\/#website\",\"url\":\"https:\\\/\\\/www.perfectvanwamel.com\\\/de\\\/\",\"name\":\"PERFECT - Van Wamel\",\"description\":\"\",\"potentialAction\":[{\"@type\":\"SearchAction\",\"target\":{\"@type\":\"EntryPoint\",\"urlTemplate\":\"https:\\\/\\\/www.perfectvanwamel.com\\\/de\\\/?s={search_term_string}\"},\"query-input\":{\"@type\":\"PropertyValueSpecification\",\"valueRequired\":true,\"valueName\":\"search_term_string\"}}],\"inLanguage\":\"de\"}]}<\/script>\n<!-- \/ Yoast SEO plugin. -->","yoast_head_json":{"title":"Datenschutz & Haftungsausschluss - PERFECT - Van Wamel","robots":{"index":"index","follow":"follow","max-snippet":"max-snippet:-1","max-image-preview":"max-image-preview:large","max-video-preview":"max-video-preview:-1"},"canonical":"https:\/\/www.perfectvanwamel.com\/de\/datenschutz-haftungsausschluss\/","og_locale":"de_DE","og_type":"article","og_title":"Datenschutz & Haftungsausschluss - PERFECT - Van Wamel","og_url":"https:\/\/www.perfectvanwamel.com\/de\/datenschutz-haftungsausschluss\/","og_site_name":"PERFECT - Van Wamel","article_modified_time":"2020-10-06T09:47:21+00:00","twitter_card":"summary_large_image","twitter_misc":{"Gesch\u00e4tzte Lesezeit":"5\u00a0Minuten"},"schema":{"@context":"https:\/\/schema.org","@graph":[{"@type":"WebPage","@id":"https:\/\/www.perfectvanwamel.com\/de\/datenschutz-haftungsausschluss\/","url":"https:\/\/www.perfectvanwamel.com\/de\/datenschutz-haftungsausschluss\/","name":"Datenschutz & Haftungsausschluss - PERFECT - Van Wamel","isPartOf":{"@id":"https:\/\/www.perfectvanwamel.com\/de\/#website"},"datePublished":"2020-09-07T07:28:24+00:00","dateModified":"2020-10-06T09:47:21+00:00","breadcrumb":{"@id":"https:\/\/www.perfectvanwamel.com\/de\/datenschutz-haftungsausschluss\/#breadcrumb"},"inLanguage":"de","potentialAction":[{"@type":"ReadAction","target":["https:\/\/www.perfectvanwamel.com\/de\/datenschutz-haftungsausschluss\/"]}]},{"@type":"BreadcrumbList","@id":"https:\/\/www.perfectvanwamel.com\/de\/datenschutz-haftungsausschluss\/#breadcrumb","itemListElement":[{"@type":"ListItem","position":1,"name":"Home","item":"https:\/\/staging.perfectvanwamel.com\/de\/"},{"@type":"ListItem","position":2,"name":"Datenschutz &#038; Haftungsausschluss"}]},{"@type":"WebSite","@id":"https:\/\/www.perfectvanwamel.com\/de\/#website","url":"https:\/\/www.perfectvanwamel.com\/de\/","name":"PERFECT - Van Wamel","description":"","potentialAction":[{"@type":"SearchAction","target":{"@type":"EntryPoint","urlTemplate":"https:\/\/www.perfectvanwamel.com\/de\/?s={search_term_string}"},"query-input":{"@type":"PropertyValueSpecification","valueRequired":true,"valueName":"search_term_string"}}],"inLanguage":"de"}]}},"_links":{"self":[{"href":"https:\/\/www.perfectvanwamel.com\/de\/wp-json\/wp\/v2\/pages\/5399","targetHints":{"allow":["GET"]}}],"collection":[{"href":"https:\/\/www.perfectvanwamel.com\/de\/wp-json\/wp\/v2\/pages"}],"about":[{"href":"https:\/\/www.perfectvanwamel.com\/de\/wp-json\/wp\/v2\/types\/page"}],"author":[{"embeddable":true,"href":"https:\/\/www.perfectvanwamel.com\/de\/wp-json\/wp\/v2\/users\/1"}],"replies":[{"embeddable":true,"href":"https:\/\/www.perfectvanwamel.com\/de\/wp-json\/wp\/v2\/comments?post=5399"}],"version-history":[{"count":3,"href":"https:\/\/www.perfectvanwamel.com\/de\/wp-json\/wp\/v2\/pages\/5399\/revisions"}],"predecessor-version":[{"id":7011,"href":"https:\/\/www.perfectvanwamel.com\/de\/wp-json\/wp\/v2\/pages\/5399\/revisions\/7011"}],"wp:attachment":[{"href":"https:\/\/www.perfectvanwamel.com\/de\/wp-json\/wp\/v2\/media?parent=5399"}],"curies":[{"name":"wp","href":"https:\/\/api.w.org\/{rel}","templated":true}]}}