{"id":5405,"date":"2020-09-07T11:01:45","date_gmt":"2020-09-07T09:01:45","guid":{"rendered":"https:\/\/www.perfectvanwamel.com\/downloads\/"},"modified":"2025-04-17T14:28:09","modified_gmt":"2025-04-17T12:28:09","slug":"downloads","status":"publish","type":"page","link":"https:\/\/www.perfectvanwamel.com\/de\/downloads\/","title":{"rendered":"Downloads"},"content":{"rendered":"<section class=\"l-section wpb_row us_custom_d984a24d height_small\"><div class=\"l-section-h i-cf\"><div class=\"g-cols vc_row type_default valign_top\"><div class=\"vc_col-sm-12 wpb_column vc_column_container\"><div class=\"vc_column-inner\"><div class=\"wpb_wrapper\"><h1 class=\"w-post-elm post_title us_custom_b8b30b8a entry-title\" itemprop=\"headline\">Downloads<\/h1><div class=\"g-cols wpb_row  type_default valign_top vc_inner\"><div class=\"vc_col-sm-12 wpb_column vc_column_container\"><div class=\"vc_column-inner\"><div class=\"wpb_wrapper\"><div class=\"wpb_text_column\" ><div class=\"wpb_wrapper\"><\/p>\n<hr \/>\n<\/div><\/div><\/div><\/div><\/div><\/div><div class=\"w-btn-wrapper width_auto align_left\"><a class=\"w-btn us-btn-style_1\" href=\"https:\/\/www.perfectvanwamel.com\/wp-content\/uploads\/2024\/09\/PERFECT-Brochure-fruitteelt-NE-2024.pdf\" title=\"FRUITTEELT brochure\"><span class=\"w-btn-label\">Download Algemene FRUITTEELT brochure<\/span><\/a><\/div><div class=\"w-btn-wrapper width_auto align_left\"><a class=\"w-btn us-btn-style_1\" href=\"https:\/\/www.perfectvanwamel.com\/wp-content\/uploads\/2024\/09\/PERFECT-Brochure-landbouw-NE-2024.pdf\" title=\"Brochure LANDBOUW\"><span class=\"w-btn-label\">Download Algemene LANDBOUW brochure<\/span><\/a><\/div><\/div><\/div><\/div><\/div><\/div><\/section><section class=\"l-section wpb_row height_small\"><div class=\"l-section-h i-cf\"><div class=\"g-cols vc_row type_default valign_top\"><div class=\"vc_col-sm-12 wpb_column vc_column_container\"><div class=\"vc_column-inner\"><div class=\"wpb_wrapper\"><div class=\"wpb_text_column\" ><div class=\"wpb_wrapper\"><p><a href=\"https:\/\/www.perfectvanwamel.com\/wp-content\/uploads\/2022\/12\/PERFECT-Brochure-Obst-und-Weinbau.pdf\">Brosch\u00fcre Obst- und Weinbau<\/a><\/p>\n<p><a href=\"https:\/\/www.perfectvanwamel.com\/wp-content\/uploads\/2022\/12\/PERFECT-Brochure-Landwirtschaft-DU.pdf\">Brosch\u00fcre Landwirtschaft &amp; Gr\u00fcnpflege<\/a><\/p>\n<p>Weidenmulcher<\/p>\n<ul>\n<li><a href=\"https:\/\/www.perfectvanwamel.com\/wp-content\/uploads\/2019\/08\/LB-serie-Deutsch-1.pdf\" target=\"_blank\" rel=\"noopener noreferrer\">Brosch\u00fcre LB-Serie<\/a><\/li>\n<li><a href=\"https:\/\/www.perfectvanwamel.com\/wp-content\/uploads\/2019\/12\/SV2-275-Deutsch-1.pdf\">Brosch\u00fcre SV2-275<\/a><\/li>\n<li><a href=\"https:\/\/www.perfectvanwamel.com\/wp-content\/uploads\/2019\/12\/LK-serie-Deutsch-1.pdf\">Brosch\u00fcre LK-Serie<\/a><\/li>\n<li><a href=\"https:\/\/www.perfectvanwamel.com\/wp-content\/uploads\/2020\/09\/SUNSWING-DE.pdf\">Brosch\u00fcre SUNSWING<\/a><\/li>\n<\/ul>\n<p>Kreiselmulcher<\/p>\n<ul>\n<li><a href=\"https:\/\/www.perfectvanwamel.com\/wp-content\/uploads\/2019\/12\/T-Serie-Deutsch-1.pdf\">Brosch\u00fcre T-Serie<\/a><\/li>\n<li><a href=\"https:\/\/www.perfectvanwamel.com\/wp-content\/uploads\/2019\/12\/TKF-Serie-Deutsch-1.pdf\">Brosch\u00fcre TKF-Serie<\/a><\/li>\n<li><a href=\"https:\/\/www.perfectvanwamel.com\/wp-content\/uploads\/2019\/12\/RN-Serie-Deutsch-1.pdf\">Brosch\u00fcre RN-Serie<\/a><\/li>\n<li><a href=\"https:\/\/www.perfectvanwamel.com\/wp-content\/uploads\/2020\/04\/LF-Serie-Deutsch-1.pdf\">Brosch\u00fcre LF-Serie<\/a><\/li>\n<li><a href=\"https:\/\/www.perfectvanwamel.com\/wp-content\/uploads\/2019\/12\/LK-serie-Deutsch-1.pdf\">Brosch\u00fcre LK-Serie<\/a><\/li>\n<li><a href=\"https:\/\/www.perfectvanwamel.com\/wp-content\/uploads\/2019\/12\/DR-Serie-Deutsch-1.pdf\">Brosch\u00fcre DR\/MV-Serie<\/a><\/li>\n<li><a href=\"https:\/\/www.perfectvanwamel.com\/wp-content\/uploads\/2019\/12\/RF-Serie-Deutsch-1.pdf\">Brosch\u00fcre RF-Serie<\/a><\/li>\n<li><a href=\"https:\/\/www.perfectvanwamel.com\/wp-content\/uploads\/2019\/12\/MD-Serie-Deutsch-1.pdf\">Brosch\u00fcre MD-Serie<\/a><\/li>\n<li><a href=\"https:\/\/www.perfectvanwamel.com\/wp-content\/uploads\/2019\/12\/VT-Serie-Deutsch-1.pdf\">Brosch\u00fcre VT-Serie<\/a><\/li>\n<li><a href=\"https:\/\/www.perfectvanwamel.com\/wp-content\/uploads\/2019\/12\/FV2-Serie-Deutsch.pdf\">Brosch\u00fcre\u00a0FV2-Serie<\/a><\/li>\n<\/ul>\n<p>Solo-Swings<\/p>\n<ul>\n<li><a href=\"https:\/\/www.perfectvanwamel.com\/wp-content\/uploads\/2021\/02\/Duo-Swing-Serie-Deutsch-1.pdf\">Brosch\u00fcre DUO-SWING<\/a><\/li>\n<\/ul>\n<p>Schlegelmulcher<\/p>\n<ul>\n<li><a href=\"https:\/\/www.perfectvanwamel.com\/wp-content\/uploads\/2020\/04\/KJ-serie-Deutsch-3.pdf\">Brosch\u00fcre KJ-Serie\u00a0<\/a><\/li>\n<li><a href=\"https:\/\/www.perfectvanwamel.com\/wp-content\/uploads\/2020\/04\/KP-serie-Deutsch-1.pdf\">Brosch\u00fcre KP-Serie<\/a><\/li>\n<li><a href=\"https:\/\/www.perfectvanwamel.com\/wp-content\/uploads\/2020\/04\/KW-serie-Deutsch-1.pdf\">Brosch\u00fcre KW-Serie<\/a><\/li>\n<li><a href=\"https:\/\/www.perfectvanwamel.com\/wp-content\/uploads\/2020\/04\/KR-serie-Deutsch-1.pdf\">Brosch\u00fcre KR-Serie<\/a><\/li>\n<li><a href=\"https:\/\/www.perfectvanwamel.com\/wp-content\/uploads\/2020\/04\/KT-serie-Deutsch-1.pdf\">Brosch\u00fcre KT-Serie<\/a><\/li>\n<li><a href=\"https:\/\/www.perfectvanwamel.com\/wp-content\/uploads\/2020\/04\/KM-serie-Deutsch-1.pdf\">Brosch\u00fcre KM-Serie<\/a><\/li>\n<li><a href=\"https:\/\/www.perfectvanwamel.com\/wp-content\/uploads\/2020\/04\/RX-620-Deutsch-1.pdf\">Brosch\u00fcre RX-620<\/a><\/li>\n<li><a href=\"https:\/\/www.perfectvanwamel.com\/wp-content\/uploads\/2020\/04\/PERFECT-TRIGANT-Mulcher-fur-Krone-BIG-M-450.pdf\" target=\"_blank\" rel=\"noopener noreferrer\">Brosch\u00fcre<\/a><a href=\"https:\/\/www.perfectvanwamel.com\/wp-content\/uploads\/2020\/04\/Trigant-Nederlands.pdf\" target=\"_blank\" rel=\"noopener noreferrer\"> TRIGANT<\/a><\/li>\n<li><a href=\"https:\/\/www.perfectvanwamel.com\/wp-content\/uploads\/2020\/04\/TRIWING-Deutsch-1.pdf\">Brosch\u00fcre TRIWING<\/a><\/li>\n<\/ul>\n<p>Seitenmulcher<\/p>\n<ul>\n<li><a href=\"https:\/\/www.perfectvanwamel.com\/wp-content\/uploads\/2020\/04\/ZW-serie-Deutsch-1.pdf\">Brosch\u00fcre ZW-Serie<\/a><\/li>\n<li><a href=\"https:\/\/www.perfectvanwamel.com\/wp-content\/uploads\/2020\/04\/ZF2-serie-Deutsch-1.pdf\">Brosch\u00fcre ZF2-Serie<\/a><\/li>\n<\/ul>\n<p>Holzschnitth\u00e4cksler<\/p>\n<ul>\n<li><a href=\"https:\/\/www.perfectvanwamel.com\/wp-content\/uploads\/2020\/04\/KD-Serie-Deutsch-1.pdf\">Brosch\u00fcre KD-Serie<\/a><\/li>\n<li><a href=\"https:\/\/www.perfectvanwamel.com\/wp-content\/uploads\/2020\/04\/BG2-BK2-Serie-Deutsch-1.pdf\">Brosch\u00fcre BG2-BK2-Serie<\/a><\/li>\n<li><a href=\"https:\/\/www.perfectvanwamel.com\/wp-content\/uploads\/2020\/04\/KG-KK-Serie-Deutsch-1.pdf\">Brosch\u00fcre KG-KK<\/a><\/li>\n<li><a href=\"https:\/\/www.perfectvanwamel.com\/wp-content\/uploads\/2020\/04\/VARIOCHOP-Serie-Deutsch-1.pdf\">Brosch\u00fcre VARIOCHOP<\/a><\/li>\n<li><a href=\"https:\/\/www.perfectvanwamel.com\/wp-content\/uploads\/2020\/04\/NX-460-Deutsch-1.pdf\">Brosch\u00fcre NX-460<\/a><\/li>\n<\/ul>\n<p>Reihenkehrer<\/p>\n<ul>\n<li><a href=\"https:\/\/www.perfectvanwamel.com\/wp-content\/uploads\/2020\/04\/SPA-SPF-Modell-Deutsch-1.pdf\">Brosch\u00fcre SPA\/SPF-Serie<\/a><\/li>\n<li><a href=\"https:\/\/www.perfectvanwamel.com\/wp-content\/uploads\/2020\/04\/SPD-Modell-Deutsch.pdf\">Brosch\u00fcre SPD-Serie<\/a><\/li>\n<\/ul>\n<p>Bodenbearbeitung<\/p>\n<ul>\n<li><a href=\"https:\/\/www.perfectvanwamel.com\/wp-content\/uploads\/2022\/02\/Terra-Ranger-Deutsch.pdf\">Brosch\u00fcre TERRA-RANGER<\/a><\/li>\n<\/ul>\n<p><strong>Lieferungsbedinungen<\/strong><\/p>\n<ul>\n<li><a href=\"https:\/\/www.perfectvanwamel.com\/wp-content\/uploads\/2025\/04\/Metaalunievoorwaarden-2025-Duits.pdf\">Algemeinde Gesch\u00e4ftsbedingungen Metaalunie 2025<\/a><\/li>\n<\/ul>\n<\/div><\/div><\/div><\/div><\/div><\/div><\/div><\/section>\n","protected":false},"excerpt":{"rendered":"Downloads Download Algemene FRUITTEELT brochureDownload Algemene LANDBOUW brochureBrosch\u00fcre Obst- und Weinbau Brosch\u00fcre Landwirtschaft &amp; Gr\u00fcnpflege Weidenmulcher Brosch\u00fcre LB-Serie Brosch\u00fcre SV2-275 Brosch\u00fcre LK-Serie Brosch\u00fcre SUNSWING Kreiselmulcher Brosch\u00fcre T-Serie Brosch\u00fcre TKF-Serie Brosch\u00fcre RN-Serie Brosch\u00fcre LF-Serie Brosch\u00fcre LK-Serie Brosch\u00fcre DR\/MV-Serie Brosch\u00fcre RF-Serie Brosch\u00fcre MD-Serie Brosch\u00fcre VT-Serie Brosch\u00fcre\u00a0FV2-Serie Solo-Swings Brosch\u00fcre DUO-SWING Schlegelmulcher Brosch\u00fcre KJ-Serie\u00a0 Brosch\u00fcre KP-Serie Brosch\u00fcre KW-Serie Brosch\u00fcre...","protected":false},"author":1,"featured_media":0,"parent":0,"menu_order":0,"comment_status":"closed","ping_status":"closed","template":"","meta":{"_acf_changed":false,"footnotes":""},"class_list":["post-5405","page","type-page","status-publish","hentry"],"acf":[],"yoast_head":"<!-- This site is optimized with the Yoast SEO plugin v27.4 - https:\/\/yoast.com\/product\/yoast-seo-wordpress\/ -->\n<title>Downloads - PERFECT - Van Wamel<\/title>\n<meta name=\"robots\" content=\"index, follow, max-snippet:-1, max-image-preview:large, max-video-preview:-1\" \/>\n<link rel=\"canonical\" href=\"https:\/\/www.perfectvanwamel.com\/de\/downloads\/\" \/>\n<meta property=\"og:locale\" content=\"de_DE\" \/>\n<meta property=\"og:type\" content=\"article\" \/>\n<meta property=\"og:title\" content=\"Downloads - PERFECT - Van Wamel\" \/>\n<meta property=\"og:url\" content=\"https:\/\/www.perfectvanwamel.com\/de\/downloads\/\" \/>\n<meta property=\"og:site_name\" content=\"PERFECT - Van Wamel\" \/>\n<meta property=\"article:modified_time\" content=\"2025-04-17T12:28:09+00:00\" \/>\n<meta name=\"twitter:card\" content=\"summary_large_image\" \/>\n<meta name=\"twitter:label1\" content=\"Gesch\u00e4tzte Lesezeit\" \/>\n\t<meta name=\"twitter:data1\" content=\"1\u00a0Minute\" \/>\n<script type=\"application\/ld+json\" class=\"yoast-schema-graph\">{\"@context\":\"https:\\\/\\\/schema.org\",\"@graph\":[{\"@type\":\"WebPage\",\"@id\":\"https:\\\/\\\/www.perfectvanwamel.com\\\/de\\\/downloads\\\/\",\"url\":\"https:\\\/\\\/www.perfectvanwamel.com\\\/de\\\/downloads\\\/\",\"name\":\"Downloads - PERFECT - Van Wamel\",\"isPartOf\":{\"@id\":\"https:\\\/\\\/www.perfectvanwamel.com\\\/de\\\/#website\"},\"datePublished\":\"2020-09-07T09:01:45+00:00\",\"dateModified\":\"2025-04-17T12:28:09+00:00\",\"breadcrumb\":{\"@id\":\"https:\\\/\\\/www.perfectvanwamel.com\\\/de\\\/downloads\\\/#breadcrumb\"},\"inLanguage\":\"de\",\"potentialAction\":[{\"@type\":\"ReadAction\",\"target\":[\"https:\\\/\\\/www.perfectvanwamel.com\\\/de\\\/downloads\\\/\"]}]},{\"@type\":\"BreadcrumbList\",\"@id\":\"https:\\\/\\\/www.perfectvanwamel.com\\\/de\\\/downloads\\\/#breadcrumb\",\"itemListElement\":[{\"@type\":\"ListItem\",\"position\":1,\"name\":\"Home\",\"item\":\"https:\\\/\\\/staging.perfectvanwamel.com\\\/de\\\/\"},{\"@type\":\"ListItem\",\"position\":2,\"name\":\"Downloads\"}]},{\"@type\":\"WebSite\",\"@id\":\"https:\\\/\\\/www.perfectvanwamel.com\\\/de\\\/#website\",\"url\":\"https:\\\/\\\/www.perfectvanwamel.com\\\/de\\\/\",\"name\":\"PERFECT - Van Wamel\",\"description\":\"\",\"potentialAction\":[{\"@type\":\"SearchAction\",\"target\":{\"@type\":\"EntryPoint\",\"urlTemplate\":\"https:\\\/\\\/www.perfectvanwamel.com\\\/de\\\/?s={search_term_string}\"},\"query-input\":{\"@type\":\"PropertyValueSpecification\",\"valueRequired\":true,\"valueName\":\"search_term_string\"}}],\"inLanguage\":\"de\"}]}<\/script>\n<!-- \/ Yoast SEO plugin. -->","yoast_head_json":{"title":"Downloads - PERFECT - Van Wamel","robots":{"index":"index","follow":"follow","max-snippet":"max-snippet:-1","max-image-preview":"max-image-preview:large","max-video-preview":"max-video-preview:-1"},"canonical":"https:\/\/www.perfectvanwamel.com\/de\/downloads\/","og_locale":"de_DE","og_type":"article","og_title":"Downloads - PERFECT - Van Wamel","og_url":"https:\/\/www.perfectvanwamel.com\/de\/downloads\/","og_site_name":"PERFECT - Van Wamel","article_modified_time":"2025-04-17T12:28:09+00:00","twitter_card":"summary_large_image","twitter_misc":{"Gesch\u00e4tzte Lesezeit":"1\u00a0Minute"},"schema":{"@context":"https:\/\/schema.org","@graph":[{"@type":"WebPage","@id":"https:\/\/www.perfectvanwamel.com\/de\/downloads\/","url":"https:\/\/www.perfectvanwamel.com\/de\/downloads\/","name":"Downloads - PERFECT - Van Wamel","isPartOf":{"@id":"https:\/\/www.perfectvanwamel.com\/de\/#website"},"datePublished":"2020-09-07T09:01:45+00:00","dateModified":"2025-04-17T12:28:09+00:00","breadcrumb":{"@id":"https:\/\/www.perfectvanwamel.com\/de\/downloads\/#breadcrumb"},"inLanguage":"de","potentialAction":[{"@type":"ReadAction","target":["https:\/\/www.perfectvanwamel.com\/de\/downloads\/"]}]},{"@type":"BreadcrumbList","@id":"https:\/\/www.perfectvanwamel.com\/de\/downloads\/#breadcrumb","itemListElement":[{"@type":"ListItem","position":1,"name":"Home","item":"https:\/\/staging.perfectvanwamel.com\/de\/"},{"@type":"ListItem","position":2,"name":"Downloads"}]},{"@type":"WebSite","@id":"https:\/\/www.perfectvanwamel.com\/de\/#website","url":"https:\/\/www.perfectvanwamel.com\/de\/","name":"PERFECT - Van Wamel","description":"","potentialAction":[{"@type":"SearchAction","target":{"@type":"EntryPoint","urlTemplate":"https:\/\/www.perfectvanwamel.com\/de\/?s={search_term_string}"},"query-input":{"@type":"PropertyValueSpecification","valueRequired":true,"valueName":"search_term_string"}}],"inLanguage":"de"}]}},"_links":{"self":[{"href":"https:\/\/www.perfectvanwamel.com\/de\/wp-json\/wp\/v2\/pages\/5405","targetHints":{"allow":["GET"]}}],"collection":[{"href":"https:\/\/www.perfectvanwamel.com\/de\/wp-json\/wp\/v2\/pages"}],"about":[{"href":"https:\/\/www.perfectvanwamel.com\/de\/wp-json\/wp\/v2\/types\/page"}],"author":[{"embeddable":true,"href":"https:\/\/www.perfectvanwamel.com\/de\/wp-json\/wp\/v2\/users\/1"}],"replies":[{"embeddable":true,"href":"https:\/\/www.perfectvanwamel.com\/de\/wp-json\/wp\/v2\/comments?post=5405"}],"version-history":[{"count":35,"href":"https:\/\/www.perfectvanwamel.com\/de\/wp-json\/wp\/v2\/pages\/5405\/revisions"}],"predecessor-version":[{"id":23659,"href":"https:\/\/www.perfectvanwamel.com\/de\/wp-json\/wp\/v2\/pages\/5405\/revisions\/23659"}],"wp:attachment":[{"href":"https:\/\/www.perfectvanwamel.com\/de\/wp-json\/wp\/v2\/media?parent=5405"}],"curies":[{"name":"wp","href":"https:\/\/api.w.org\/{rel}","templated":true}]}}