{"id":5414,"date":"2020-09-07T11:08:04","date_gmt":"2020-09-07T09:08:04","guid":{"rendered":"https:\/\/www.perfectvanwamel.com\/sparten\/"},"modified":"2020-10-05T13:06:27","modified_gmt":"2020-10-05T11:06:27","slug":"sparten","status":"publish","type":"page","link":"https:\/\/www.perfectvanwamel.com\/de\/sparten\/","title":{"rendered":"Sparten"},"content":{"rendered":"<section class=\"l-section wpb_row height_small\"><div class=\"l-section-h i-cf\"><div class=\"g-cols vc_row type_default valign_top reversed\"><div class=\"vc_col-sm-12 wpb_column vc_column_container\"><div class=\"vc_column-inner\"><div class=\"wpb_wrapper\">[vc_custom_heading text=&#8221;PERFECT \u2013 Van Wamel&#8221; font_container=&#8221;tag:h1|text_align:left&#8221; use_theme_fonts=&#8221;yes&#8221;]<div class=\"g-cols wpb_row  type_default valign_top vc_inner\"><div class=\"vc_col-sm-12 wpb_column vc_column_container\"><div class=\"vc_column-inner\"><div class=\"wpb_wrapper\"><div class=\"wpb_text_column\" ><div class=\"wpb_wrapper\"><p>PERFECT\u00a0\u2013 Van Wamel beliefert Nutzer in verschiedenen Sparten weltweit mit Mulch- und Sortierl\u00f6sungen.<\/p>\n<p>Damit wir Ihnen bei der Auswahl der passenden Maschine bestm\u00f6glich helfen k\u00f6nnen, bitten wir Sie, unten die Sparte auszuw\u00e4hlen, in der Sie t\u00e4tig sind.<\/p>\n<\/div><\/div><div class=\"wpb_text_column\" ><div class=\"wpb_wrapper\"><\/div><\/div><\/div><\/div><\/div><\/div>[vc_custom_heading text=&#8221;Sparten&#8221; use_theme_fonts=&#8221;yes&#8221;]<div class=\"g-cols wpb_row  us_custom_a92bf69e type_default valign_top vc_inner\"><div class=\"vc_col-sm-6 wpb_column vc_column_container\"><div class=\"vc_column-inner\"><div class=\"wpb_wrapper\"><div class=\"w-image align_center\"><a class=\"w-image-h\" href=\"https:\/\/www.perfectvanwamel.com\/de\/sparten\/obst-und-weinbau\/\"><img decoding=\"async\" width=\"850\" height=\"566\" src=\"https:\/\/www.perfectvanwamel.com\/wp-content\/uploads\/2020\/05\/Fruitteelt-Wijnbouw.jpg\" class=\"attachment-large size-large\" alt=\"\" srcset=\"https:\/\/www.perfectvanwamel.com\/wp-content\/uploads\/2020\/05\/Fruitteelt-Wijnbouw.jpg 850w, https:\/\/www.perfectvanwamel.com\/wp-content\/uploads\/2020\/05\/Fruitteelt-Wijnbouw-300x200.jpg 300w, https:\/\/www.perfectvanwamel.com\/wp-content\/uploads\/2020\/05\/Fruitteelt-Wijnbouw-600x400.jpg 600w\" sizes=\"(max-width: 850px) 100vw, 850px\" \/><\/a><\/div><div class=\"w-separator size_small\"><\/div><div class=\"wpb_text_column\" ><div class=\"wpb_wrapper\"><h2 style=\"text-align: center;\"><a href=\"https:\/\/www.perfectvanwamel.com\/de\/sparten\/obst-und-weinbau\/\">Obst- und Weinbau<\/a><\/h2>\n<\/div><\/div><\/div><\/div><\/div><div class=\"vc_col-sm-6 wpb_column vc_column_container\"><div class=\"vc_column-inner\"><div class=\"wpb_wrapper\"><div class=\"w-image align_center\"><a class=\"w-image-h\" href=\"https:\/\/www.perfectvanwamel.com\/de\/sparten\/gruenpflege\/\" title=\"Gr\u00fcnanlagenpflege\"><img decoding=\"async\" width=\"850\" height=\"567\" src=\"https:\/\/www.perfectvanwamel.com\/wp-content\/uploads\/2020\/05\/Groenbeheer.jpg\" class=\"attachment-large size-large\" alt=\"\" srcset=\"https:\/\/www.perfectvanwamel.com\/wp-content\/uploads\/2020\/05\/Groenbeheer.jpg 850w, https:\/\/www.perfectvanwamel.com\/wp-content\/uploads\/2020\/05\/Groenbeheer-300x200.jpg 300w, https:\/\/www.perfectvanwamel.com\/wp-content\/uploads\/2020\/05\/Groenbeheer-600x400.jpg 600w\" sizes=\"(max-width: 850px) 100vw, 850px\" \/><\/a><\/div><div class=\"w-separator size_small\"><\/div><div class=\"wpb_text_column\" ><div class=\"wpb_wrapper\"><h2 style=\"text-align: center;\"><a href=\"https:\/\/www.perfectvanwamel.com\/de\/sparten\/gruenpflege\/\">Gr\u00fcnanlagenpflege<\/a><\/h2>\n<\/div><\/div><\/div><\/div><\/div><\/div><div class=\"w-separator size_small\"><\/div><div class=\"g-cols wpb_row  us_custom_a92bf69e type_default valign_top vc_inner\"><div class=\"vc_col-sm-6 wpb_column vc_column_container\"><div class=\"vc_column-inner\"><div class=\"wpb_wrapper\"><div class=\"w-image align_center\"><a class=\"w-image-h\" href=\"https:\/\/www.perfectvanwamel.com\/de\/sparten\/pflege-von-solarparks\/\" title=\"Pflege von Solarparks\"><img decoding=\"async\" width=\"850\" height=\"567\" src=\"https:\/\/www.perfectvanwamel.com\/wp-content\/uploads\/2020\/05\/Solarveld.jpg\" class=\"attachment-large size-large\" alt=\"\" srcset=\"https:\/\/www.perfectvanwamel.com\/wp-content\/uploads\/2020\/05\/Solarveld.jpg 850w, https:\/\/www.perfectvanwamel.com\/wp-content\/uploads\/2020\/05\/Solarveld-300x200.jpg 300w, https:\/\/www.perfectvanwamel.com\/wp-content\/uploads\/2020\/05\/Solarveld-600x400.jpg 600w\" sizes=\"(max-width: 850px) 100vw, 850px\" \/><\/a><\/div><div class=\"w-separator size_small\"><\/div><div class=\"wpb_text_column\" ><div class=\"wpb_wrapper\"><h2 style=\"text-align: center;\"><a href=\"https:\/\/www.perfectvanwamel.com\/de\/sparten\/pflege-von-solarparks\/\">Pflege von Solarparks<\/a><\/h2>\n<\/div><\/div><\/div><\/div><\/div><div class=\"vc_col-sm-6 wpb_column vc_column_container\"><div class=\"vc_column-inner\"><div class=\"wpb_wrapper\"><div class=\"w-image align_center\"><a class=\"w-image-h\" href=\"https:\/\/www.perfectvanwamel.com\/de\/sparten\/ackerbau-und-viehwirtschaft\/\" title=\"Gr\u00fcnanlagenpflege\"><img decoding=\"async\" width=\"850\" height=\"567\" src=\"https:\/\/www.perfectvanwamel.com\/wp-content\/uploads\/2020\/05\/Veeteelt-Akkerbouw.jpg\" class=\"attachment-large size-large\" alt=\"\" srcset=\"https:\/\/www.perfectvanwamel.com\/wp-content\/uploads\/2020\/05\/Veeteelt-Akkerbouw.jpg 850w, https:\/\/www.perfectvanwamel.com\/wp-content\/uploads\/2020\/05\/Veeteelt-Akkerbouw-300x200.jpg 300w, https:\/\/www.perfectvanwamel.com\/wp-content\/uploads\/2020\/05\/Veeteelt-Akkerbouw-600x400.jpg 600w\" sizes=\"(max-width: 850px) 100vw, 850px\" \/><\/a><\/div><div class=\"w-separator size_small\"><\/div><div class=\"wpb_text_column\" ><div class=\"wpb_wrapper\"><h2 style=\"text-align: center;\"><a href=\"https:\/\/www.perfectvanwamel.com\/de\/sparten\/ackerbau-und-viehwirtschaft\/\">Ackerbau und Viehwirtschaft<\/a><\/h2>\n<\/div><\/div><\/div><\/div><\/div><\/div><\/div><\/div><\/div><\/div><\/div><\/section>\n","protected":false},"excerpt":{"rendered":"[vc_custom_heading text=\"PERFECT \u2013 Van Wamel\" font_container=\"tag:h1|text_align:left\" use_theme_fonts=\"yes\"]PERFECT\u00a0\u2013 Van Wamel beliefert Nutzer in verschiedenen Sparten weltweit mit Mulch- und Sortierl\u00f6sungen. Damit wir Ihnen bei der Auswahl der passenden Maschine bestm\u00f6glich helfen k\u00f6nnen, bitten wir Sie, unten die Sparte auszuw\u00e4hlen, in der Sie t\u00e4tig sind. [vc_custom_heading text=\"Sparten\" use_theme_fonts=\"yes\"]Obst- und Weinbau Gr\u00fcnanlagenpflege Pflege von Solarparks Ackerbau und Viehwirtschaft","protected":false},"author":1,"featured_media":0,"parent":0,"menu_order":0,"comment_status":"closed","ping_status":"closed","template":"","meta":{"_acf_changed":false,"footnotes":""},"class_list":["post-5414","page","type-page","status-publish","hentry"],"acf":[],"yoast_head":"<!-- This site is optimized with the Yoast SEO plugin v27.4 - https:\/\/yoast.com\/product\/yoast-seo-wordpress\/ -->\n<title>Sparten - PERFECT - Van Wamel<\/title>\n<meta name=\"robots\" content=\"index, follow, max-snippet:-1, max-image-preview:large, max-video-preview:-1\" \/>\n<link rel=\"canonical\" href=\"https:\/\/www.perfectvanwamel.com\/de\/sparten\/\" \/>\n<meta property=\"og:locale\" content=\"de_DE\" \/>\n<meta property=\"og:type\" content=\"article\" \/>\n<meta property=\"og:title\" content=\"Sparten - PERFECT - Van Wamel\" \/>\n<meta property=\"og:url\" content=\"https:\/\/www.perfectvanwamel.com\/de\/sparten\/\" \/>\n<meta property=\"og:site_name\" content=\"PERFECT - Van Wamel\" \/>\n<meta property=\"article:modified_time\" content=\"2020-10-05T11:06:27+00:00\" \/>\n<meta name=\"twitter:card\" content=\"summary_large_image\" \/>\n<meta name=\"twitter:label1\" content=\"Gesch\u00e4tzte Lesezeit\" \/>\n\t<meta name=\"twitter:data1\" content=\"2\u00a0Minuten\" \/>\n<script type=\"application\/ld+json\" class=\"yoast-schema-graph\">{\"@context\":\"https:\\\/\\\/schema.org\",\"@graph\":[{\"@type\":\"WebPage\",\"@id\":\"https:\\\/\\\/www.perfectvanwamel.com\\\/de\\\/sparten\\\/\",\"url\":\"https:\\\/\\\/www.perfectvanwamel.com\\\/de\\\/sparten\\\/\",\"name\":\"Sparten - PERFECT - Van Wamel\",\"isPartOf\":{\"@id\":\"https:\\\/\\\/www.perfectvanwamel.com\\\/de\\\/#website\"},\"datePublished\":\"2020-09-07T09:08:04+00:00\",\"dateModified\":\"2020-10-05T11:06:27+00:00\",\"breadcrumb\":{\"@id\":\"https:\\\/\\\/www.perfectvanwamel.com\\\/de\\\/sparten\\\/#breadcrumb\"},\"inLanguage\":\"de\",\"potentialAction\":[{\"@type\":\"ReadAction\",\"target\":[\"https:\\\/\\\/www.perfectvanwamel.com\\\/de\\\/sparten\\\/\"]}]},{\"@type\":\"BreadcrumbList\",\"@id\":\"https:\\\/\\\/www.perfectvanwamel.com\\\/de\\\/sparten\\\/#breadcrumb\",\"itemListElement\":[{\"@type\":\"ListItem\",\"position\":1,\"name\":\"Home\",\"item\":\"https:\\\/\\\/staging.perfectvanwamel.com\\\/de\\\/\"},{\"@type\":\"ListItem\",\"position\":2,\"name\":\"Sparten\"}]},{\"@type\":\"WebSite\",\"@id\":\"https:\\\/\\\/www.perfectvanwamel.com\\\/de\\\/#website\",\"url\":\"https:\\\/\\\/www.perfectvanwamel.com\\\/de\\\/\",\"name\":\"PERFECT - Van Wamel\",\"description\":\"\",\"potentialAction\":[{\"@type\":\"SearchAction\",\"target\":{\"@type\":\"EntryPoint\",\"urlTemplate\":\"https:\\\/\\\/www.perfectvanwamel.com\\\/de\\\/?s={search_term_string}\"},\"query-input\":{\"@type\":\"PropertyValueSpecification\",\"valueRequired\":true,\"valueName\":\"search_term_string\"}}],\"inLanguage\":\"de\"}]}<\/script>\n<!-- \/ Yoast SEO plugin. -->","yoast_head_json":{"title":"Sparten - PERFECT - Van Wamel","robots":{"index":"index","follow":"follow","max-snippet":"max-snippet:-1","max-image-preview":"max-image-preview:large","max-video-preview":"max-video-preview:-1"},"canonical":"https:\/\/www.perfectvanwamel.com\/de\/sparten\/","og_locale":"de_DE","og_type":"article","og_title":"Sparten - PERFECT - Van Wamel","og_url":"https:\/\/www.perfectvanwamel.com\/de\/sparten\/","og_site_name":"PERFECT - Van Wamel","article_modified_time":"2020-10-05T11:06:27+00:00","twitter_card":"summary_large_image","twitter_misc":{"Gesch\u00e4tzte Lesezeit":"2\u00a0Minuten"},"schema":{"@context":"https:\/\/schema.org","@graph":[{"@type":"WebPage","@id":"https:\/\/www.perfectvanwamel.com\/de\/sparten\/","url":"https:\/\/www.perfectvanwamel.com\/de\/sparten\/","name":"Sparten - PERFECT - Van Wamel","isPartOf":{"@id":"https:\/\/www.perfectvanwamel.com\/de\/#website"},"datePublished":"2020-09-07T09:08:04+00:00","dateModified":"2020-10-05T11:06:27+00:00","breadcrumb":{"@id":"https:\/\/www.perfectvanwamel.com\/de\/sparten\/#breadcrumb"},"inLanguage":"de","potentialAction":[{"@type":"ReadAction","target":["https:\/\/www.perfectvanwamel.com\/de\/sparten\/"]}]},{"@type":"BreadcrumbList","@id":"https:\/\/www.perfectvanwamel.com\/de\/sparten\/#breadcrumb","itemListElement":[{"@type":"ListItem","position":1,"name":"Home","item":"https:\/\/staging.perfectvanwamel.com\/de\/"},{"@type":"ListItem","position":2,"name":"Sparten"}]},{"@type":"WebSite","@id":"https:\/\/www.perfectvanwamel.com\/de\/#website","url":"https:\/\/www.perfectvanwamel.com\/de\/","name":"PERFECT - Van Wamel","description":"","potentialAction":[{"@type":"SearchAction","target":{"@type":"EntryPoint","urlTemplate":"https:\/\/www.perfectvanwamel.com\/de\/?s={search_term_string}"},"query-input":{"@type":"PropertyValueSpecification","valueRequired":true,"valueName":"search_term_string"}}],"inLanguage":"de"}]}},"_links":{"self":[{"href":"https:\/\/www.perfectvanwamel.com\/de\/wp-json\/wp\/v2\/pages\/5414","targetHints":{"allow":["GET"]}}],"collection":[{"href":"https:\/\/www.perfectvanwamel.com\/de\/wp-json\/wp\/v2\/pages"}],"about":[{"href":"https:\/\/www.perfectvanwamel.com\/de\/wp-json\/wp\/v2\/types\/page"}],"author":[{"embeddable":true,"href":"https:\/\/www.perfectvanwamel.com\/de\/wp-json\/wp\/v2\/users\/1"}],"replies":[{"embeddable":true,"href":"https:\/\/www.perfectvanwamel.com\/de\/wp-json\/wp\/v2\/comments?post=5414"}],"version-history":[{"count":5,"href":"https:\/\/www.perfectvanwamel.com\/de\/wp-json\/wp\/v2\/pages\/5414\/revisions"}],"predecessor-version":[{"id":6778,"href":"https:\/\/www.perfectvanwamel.com\/de\/wp-json\/wp\/v2\/pages\/5414\/revisions\/6778"}],"wp:attachment":[{"href":"https:\/\/www.perfectvanwamel.com\/de\/wp-json\/wp\/v2\/media?parent=5414"}],"curies":[{"name":"wp","href":"https:\/\/api.w.org\/{rel}","templated":true}]}}