{"id":5416,"date":"2020-09-07T11:15:11","date_gmt":"2020-09-07T09:15:11","guid":{"rendered":"https:\/\/www.perfectvanwamel.com\/sparten\/ackerbau-und-viehwirtschaft\/"},"modified":"2026-03-17T08:42:26","modified_gmt":"2026-03-17T07:42:26","slug":"ackerbau-und-viehwirtschaft","status":"publish","type":"page","link":"https:\/\/www.perfectvanwamel.com\/de\/sparten\/ackerbau-und-viehwirtschaft\/","title":{"rendered":"Ackerbau und Viehwirtschaft"},"content":{"rendered":"<section class=\"l-section wpb_row height_small\"><div class=\"l-section-h i-cf\"><div class=\"g-cols vc_row type_default valign_top reversed\"><div class=\"vc_col-sm-12 wpb_column vc_column_container\"><div class=\"vc_column-inner\"><div class=\"wpb_wrapper\">[vc_custom_heading text=&#8221;Spezialmulcher f\u00fcr Ackerbau und Viehwirtschaft&#8221; font_container=&#8221;tag:h1|text_align:left&#8221; use_theme_fonts=&#8221;yes&#8221;]<div class=\"g-cols wpb_row  type_default valign_top vc_inner\"><div class=\"vc_col-sm-12 wpb_column vc_column_container\"><div class=\"vc_column-inner\"><div class=\"wpb_wrapper\"><div class=\"w-image align_center\"><div class=\"w-image-h\"><img decoding=\"async\" width=\"1600\" height=\"620\" src=\"https:\/\/www.perfectvanwamel.com\/wp-content\/uploads\/2026\/03\/Akkerbouw-en-veehouderij.jpg\" class=\"attachment-us_1600_620_crop size-us_1600_620_crop\" alt=\"\" srcset=\"https:\/\/www.perfectvanwamel.com\/wp-content\/uploads\/2026\/03\/Akkerbouw-en-veehouderij.jpg 1600w, https:\/\/www.perfectvanwamel.com\/wp-content\/uploads\/2026\/03\/Akkerbouw-en-veehouderij-300x116.jpg 300w, https:\/\/www.perfectvanwamel.com\/wp-content\/uploads\/2026\/03\/Akkerbouw-en-veehouderij-1024x397.jpg 1024w, https:\/\/www.perfectvanwamel.com\/wp-content\/uploads\/2026\/03\/Akkerbouw-en-veehouderij-600x233.jpg 600w\" sizes=\"(max-width: 1600px) 100vw, 1600px\" \/><\/div><\/div><div class=\"w-separator size_medium\"><\/div><div class=\"wpb_text_column\" ><div class=\"wpb_wrapper\"><p>PERFECT \u2013 Van Wamel <span class=\"--l --r hover:bg-blue-100 hover:dark:bg-blue-600\"><span class=\"--l container-target\">seit<\/span><\/span> <span class=\"--l --r hover:bg-blue-100 hover:dark:bg-blue-600\"><span class=\"container-target\">fast<\/span><\/span> <span class=\"--l --r hover:bg-blue-100 hover:dark:bg-blue-600\"><span class=\"container-target\">80<\/span><\/span> <span class=\"--l --r hover:bg-blue-100 hover:dark:bg-blue-600\"><span class=\"--r container-target\">Jahren <\/span><\/span>Erfahrung bei der Entwicklung und Herstellung einer Vielzahl spezialisierter Kreiselmulcher und Schlegelmulcher f\u00fcr den Einsatz im Ackerbau und in der (Milch-)Viehwirtschaft zur\u00fcck.<\/p>\n<p>Neben verschiedenen Weidenmulchern zum Mulchen von Grasland in der Viehwirtschaft liefern wir eine Vielzahl an Standard- und Schwerlast-Schlegelmulchern zum Schlegeln von Gr\u00fcnd\u00fcngung, Zwischenfrucht, Ackerr\u00e4ndern, Maisstoppeln usw.<\/p>\n<p>Der schwere, effiziente Antrieb der Schlegelwelle sowie das hohe Gewicht der Schlegelwelle und der Schlegel selbst sorgen f\u00fcr gro\u00dfe Schlagkraft, sodass sich auch gr\u00f6\u00dfere Mengen an Bewuchs m\u00fchelos verarbeiten lassen.<\/p>\n<\/div><\/div><div class=\"wpb_text_column\" ><div class=\"wpb_wrapper\"><\/div><\/div><\/div><\/div><\/div><\/div><div class=\"wpb_text_column\" ><div class=\"wpb_wrapper\"><h2>Mulcher Landwirtschaft<\/h2>\n<p>Nachm\u00e4hen und Mulchen von Weideland, auf dem Tiere gegrast haben, sorgen f\u00fcr besseren Neubewuchs und schmackhafteres Gras\u00a0\u2013 und damit auch f\u00fcr die bessere Synthese und Aufnahme<\/p>\n<\/div><\/div><div class=\"w-grid type_carousel layout_3514\" id=\"us_grid_1\"><style id=\"us_grid_1_css\">#us_grid_1 .w-grid-item{padding:1.5rem}#us_grid_1 .w-grid-list{margin:-1.5rem}.w-grid + #us_grid_1 .w-grid-list{margin-top:1.5rem}<\/style><style>.layout_3514 .w-grid-item-h{}.layout_3514 .usg_post_title_1{margin-top:0.8rem!important;margin-bottom:0.2rem!important;font-family:'Interstate', sans-serif!important;font-size:1rem!important}<\/style><div class=\"w-grid-list owl-carousel navstyle_circle navpos_outside\"><article class=\"w-grid-item post-5420 page type-page status-publish has-post-thumbnail hentry\" data-id=\"5420\">\r\n\t<div class=\"w-grid-item-h\">\r\n\t\t\t\t<div class=\"w-vwrapper usg_vwrapper_1 align_left valign_top \"><div class=\"w-post-elm post_image usg_post_image_1 stretched\"><a href=\"https:\/\/www.perfectvanwamel.com\/de\/sparten\/ackerbau-und-viehwirtschaft\/mulchen-von-weideland\/\" aria-label=\"Mulchen von Weideland\"><img decoding=\"async\" width=\"550\" height=\"265\" src=\"https:\/\/www.perfectvanwamel.com\/wp-content\/uploads\/2026\/03\/Weilandbloten-550x265.jpg\" class=\"attachment-us_550_265_crop size-us_550_265_crop wp-post-image\" alt=\"\" \/><\/a><\/div><h2 class=\"w-post-elm post_title usg_post_title_1 entry-title color_link_inherit\"><a href=\"https:\/\/www.perfectvanwamel.com\/de\/sparten\/ackerbau-und-viehwirtschaft\/mulchen-von-weideland\/\">Mulchen von Weideland<\/a><\/h2><\/div>\t<\/div>\r\n<\/article>\r\n<article class=\"w-grid-item post-5418 page type-page status-publish has-post-thumbnail hentry\" data-id=\"5418\">\r\n\t<div class=\"w-grid-item-h\">\r\n\t\t\t\t<div class=\"w-vwrapper usg_vwrapper_1 align_left valign_top \"><div class=\"w-post-elm post_image usg_post_image_1 stretched\"><a href=\"https:\/\/www.perfectvanwamel.com\/de\/sparten\/ackerbau-und-viehwirtschaft\/haeckseln-von-brachland-gruenduengung-mais-usw\/\" aria-label=\"Mulchen von Brachland, Gr\u00fcnd\u00fcngung, Mais usw.\"><img decoding=\"async\" width=\"550\" height=\"265\" src=\"https:\/\/www.perfectvanwamel.com\/wp-content\/uploads\/2026\/03\/Braakland-groenbemester-mais-etc-1-550x265.jpg\" class=\"attachment-us_550_265_crop size-us_550_265_crop wp-post-image\" alt=\"\" \/><\/a><\/div><h2 class=\"w-post-elm post_title usg_post_title_1 entry-title color_link_inherit\"><a href=\"https:\/\/www.perfectvanwamel.com\/de\/sparten\/ackerbau-und-viehwirtschaft\/haeckseln-von-brachland-gruenduengung-mais-usw\/\">Mulchen von Brachland, Gr\u00fcnd\u00fcngung, Mais usw.<\/a><\/h2><\/div>\t<\/div>\r\n<\/article>\r\n<\/div>\t<div class=\"g-preloader type_1\">\r\n\t\t<div><\/div>\r\n\t<\/div>\r\n\t\t<div class=\"w-grid-json hidden\" onclick='return {&quot;ajax_url&quot;:&quot;https:\\\/\\\/www.perfectvanwamel.com\\\/wp-admin\\\/admin-ajax.php&quot;,&quot;permalink_url&quot;:&quot;https:\\\/\\\/www.perfectvanwamel.com\\\/de\\\/sparten\\\/ackerbau-und-viehwirtschaft\\\/haeckseln-von-brachland-gruenduengung-mais-usw\\\/&quot;,&quot;action&quot;:&quot;us_ajax_grid&quot;,&quot;max_num_pages&quot;:1,&quot;infinite_scroll&quot;:0,&quot;template_vars&quot;:{&quot;query_args&quot;:{&quot;ignore_sticky_posts&quot;:1,&quot;post_type&quot;:&quot;any&quot;,&quot;post__in&quot;:[&quot;1647&quot;,&quot;1653&quot;],&quot;orderby&quot;:{&quot;date&quot;:&quot;DESC&quot;},&quot;posts_per_page&quot;:&quot;10&quot;},&quot;post_id&quot;:5416,&quot;us_grid_index&quot;:1,&quot;us_grid_ajax_index&quot;:null,&quot;exclude_items&quot;:&quot;none&quot;,&quot;items_offset&quot;:&quot;1&quot;,&quot;items_layout&quot;:&quot;3514&quot;,&quot;type&quot;:&quot;carousel&quot;,&quot;columns&quot;:&quot;2&quot;,&quot;img_size&quot;:&quot;default&quot;,&quot;overriding_link&quot;:&quot;none&quot;,&quot;lang&quot;:&quot;de&quot;},&quot;carousel_settings&quot;:{&quot;items&quot;:&quot;2&quot;,&quot;nav&quot;:1,&quot;navNext&quot;:&quot;&quot;,&quot;navPrev&quot;:&quot;&quot;,&quot;dots&quot;:0,&quot;center&quot;:0,&quot;autoplay&quot;:0,&quot;smooth_play&quot;:0,&quot;timeout&quot;:3000,&quot;speed&quot;:250,&quot;transition&quot;:&quot;&quot;,&quot;autoHeight&quot;:0,&quot;slideby&quot;:&quot;1&quot;},&quot;carousel_breakpoints&quot;:{&quot;1200&quot;:{&quot;items&quot;:2},&quot;900&quot;:{&quot;items&quot;:&quot;2&quot;,&quot;autoplay&quot;:1,&quot;autoplayHoverPause&quot;:1,&quot;autoHeight&quot;:0},&quot;600&quot;:{&quot;items&quot;:2,&quot;autoplay&quot;:1,&quot;autoplayHoverPause&quot;:1,&quot;autoHeight&quot;:0},&quot;0&quot;:{&quot;items&quot;:1,&quot;autoplay&quot;:1,&quot;autoplayHoverPause&quot;:1,&quot;autoHeight&quot;:0}}}'><\/div>\r\n<\/div><\/div><\/div><\/div><\/div><\/div><\/section>\n","protected":false},"excerpt":{"rendered":"[vc_custom_heading text=\"Mulchen von Gr\u00fcnd\u00fcngung, Zwischenfrucht, Maisstoppeln usw.\" font_container=\"tag:h1|text_align:left\" use_theme_fonts=\"yes\"]PERFECT Schlegelmulcher sind darauf ausgelegt, auch unter schwierigsten Bedingungen hervorragende Arbeit zu leisten. F\u00fcr welches Modell Sie sich auch entscheiden, PERFECT Schlegelmulcher sind leistungsstarke Arbeitsger\u00e4te, auf die Sie sich verlassen k\u00f6nnen. Dank ihrer \u00fcberaus robusten Bauweise und der stabilen Rahmen \u00fcberzeugen PERFECT Schlegelmulcher durch sehr lange Lebensdauer...","protected":false},"author":1,"featured_media":4968,"parent":5414,"menu_order":0,"comment_status":"closed","ping_status":"closed","template":"","meta":{"_acf_changed":false,"footnotes":""},"class_list":["post-5416","page","type-page","status-publish","has-post-thumbnail","hentry"],"acf":[],"yoast_head":"<!-- This site is optimized with the Yoast SEO plugin v27.5 - https:\/\/yoast.com\/product\/yoast-seo-wordpress\/ -->\n<title>Ackerbau und Viehwirtschaft - PERFECT - Van Wamel<\/title>\n<meta name=\"robots\" content=\"index, follow, max-snippet:-1, max-image-preview:large, max-video-preview:-1\" \/>\n<link rel=\"canonical\" href=\"https:\/\/www.perfectvanwamel.com\/de\/sparten\/ackerbau-und-viehwirtschaft\/\" \/>\n<meta property=\"og:locale\" content=\"de_DE\" \/>\n<meta property=\"og:type\" content=\"article\" \/>\n<meta property=\"og:title\" content=\"Ackerbau und Viehwirtschaft - PERFECT - Van Wamel\" \/>\n<meta property=\"og:url\" content=\"https:\/\/www.perfectvanwamel.com\/de\/sparten\/ackerbau-und-viehwirtschaft\/\" \/>\n<meta property=\"og:site_name\" content=\"PERFECT - Van Wamel\" \/>\n<meta property=\"article:modified_time\" content=\"2026-03-17T07:42:26+00:00\" \/>\n<meta property=\"og:image\" content=\"https:\/\/staging.perfectvanwamel.com\/wp-content\/uploads\/2020\/07\/braakland-etc..jpg\" \/>\n\t<meta property=\"og:image:width\" content=\"1024\" \/>\n\t<meta property=\"og:image:height\" content=\"450\" \/>\n\t<meta property=\"og:image:type\" content=\"image\/jpeg\" \/>\n<meta name=\"twitter:card\" content=\"summary_large_image\" \/>\n<meta name=\"twitter:label1\" content=\"Gesch\u00e4tzte Lesezeit\" \/>\n\t<meta name=\"twitter:data1\" content=\"1\u00a0Minute\" \/>\n<script type=\"application\/ld+json\" class=\"yoast-schema-graph\">{\"@context\":\"https:\\\/\\\/schema.org\",\"@graph\":[{\"@type\":\"WebPage\",\"@id\":\"https:\\\/\\\/www.perfectvanwamel.com\\\/de\\\/sparten\\\/ackerbau-und-viehwirtschaft\\\/\",\"url\":\"https:\\\/\\\/www.perfectvanwamel.com\\\/de\\\/sparten\\\/ackerbau-und-viehwirtschaft\\\/\",\"name\":\"Ackerbau und Viehwirtschaft - PERFECT - Van Wamel\",\"isPartOf\":{\"@id\":\"https:\\\/\\\/www.perfectvanwamel.com\\\/de\\\/#website\"},\"primaryImageOfPage\":{\"@id\":\"https:\\\/\\\/www.perfectvanwamel.com\\\/de\\\/sparten\\\/ackerbau-und-viehwirtschaft\\\/#primaryimage\"},\"image\":{\"@id\":\"https:\\\/\\\/www.perfectvanwamel.com\\\/de\\\/sparten\\\/ackerbau-und-viehwirtschaft\\\/#primaryimage\"},\"thumbnailUrl\":\"https:\\\/\\\/www.perfectvanwamel.com\\\/wp-content\\\/uploads\\\/2020\\\/07\\\/braakland-etc..jpg\",\"datePublished\":\"2020-09-07T09:15:11+00:00\",\"dateModified\":\"2026-03-17T07:42:26+00:00\",\"breadcrumb\":{\"@id\":\"https:\\\/\\\/www.perfectvanwamel.com\\\/de\\\/sparten\\\/ackerbau-und-viehwirtschaft\\\/#breadcrumb\"},\"inLanguage\":\"de\",\"potentialAction\":[{\"@type\":\"ReadAction\",\"target\":[\"https:\\\/\\\/www.perfectvanwamel.com\\\/de\\\/sparten\\\/ackerbau-und-viehwirtschaft\\\/\"]}]},{\"@type\":\"ImageObject\",\"inLanguage\":\"de\",\"@id\":\"https:\\\/\\\/www.perfectvanwamel.com\\\/de\\\/sparten\\\/ackerbau-und-viehwirtschaft\\\/#primaryimage\",\"url\":\"https:\\\/\\\/www.perfectvanwamel.com\\\/wp-content\\\/uploads\\\/2020\\\/07\\\/braakland-etc..jpg\",\"contentUrl\":\"https:\\\/\\\/www.perfectvanwamel.com\\\/wp-content\\\/uploads\\\/2020\\\/07\\\/braakland-etc..jpg\",\"width\":1024,\"height\":450},{\"@type\":\"BreadcrumbList\",\"@id\":\"https:\\\/\\\/www.perfectvanwamel.com\\\/de\\\/sparten\\\/ackerbau-und-viehwirtschaft\\\/#breadcrumb\",\"itemListElement\":[{\"@type\":\"ListItem\",\"position\":1,\"name\":\"Home\",\"item\":\"https:\\\/\\\/staging.perfectvanwamel.com\\\/de\\\/\"},{\"@type\":\"ListItem\",\"position\":2,\"name\":\"Sparten\",\"item\":\"https:\\\/\\\/staging.perfectvanwamel.com\\\/de\\\/sparten\\\/\"},{\"@type\":\"ListItem\",\"position\":3,\"name\":\"Ackerbau und Viehwirtschaft\"}]},{\"@type\":\"WebSite\",\"@id\":\"https:\\\/\\\/www.perfectvanwamel.com\\\/de\\\/#website\",\"url\":\"https:\\\/\\\/www.perfectvanwamel.com\\\/de\\\/\",\"name\":\"PERFECT - Van Wamel\",\"description\":\"\",\"potentialAction\":[{\"@type\":\"SearchAction\",\"target\":{\"@type\":\"EntryPoint\",\"urlTemplate\":\"https:\\\/\\\/www.perfectvanwamel.com\\\/de\\\/?s={search_term_string}\"},\"query-input\":{\"@type\":\"PropertyValueSpecification\",\"valueRequired\":true,\"valueName\":\"search_term_string\"}}],\"inLanguage\":\"de\"}]}<\/script>\n<!-- \/ Yoast SEO plugin. -->","yoast_head_json":{"title":"Ackerbau und Viehwirtschaft - PERFECT - Van Wamel","robots":{"index":"index","follow":"follow","max-snippet":"max-snippet:-1","max-image-preview":"max-image-preview:large","max-video-preview":"max-video-preview:-1"},"canonical":"https:\/\/www.perfectvanwamel.com\/de\/sparten\/ackerbau-und-viehwirtschaft\/","og_locale":"de_DE","og_type":"article","og_title":"Ackerbau und Viehwirtschaft - PERFECT - Van Wamel","og_url":"https:\/\/www.perfectvanwamel.com\/de\/sparten\/ackerbau-und-viehwirtschaft\/","og_site_name":"PERFECT - Van Wamel","article_modified_time":"2026-03-17T07:42:26+00:00","og_image":[{"width":1024,"height":450,"url":"https:\/\/staging.perfectvanwamel.com\/wp-content\/uploads\/2020\/07\/braakland-etc..jpg","type":"image\/jpeg"}],"twitter_card":"summary_large_image","twitter_misc":{"Gesch\u00e4tzte Lesezeit":"1\u00a0Minute"},"schema":{"@context":"https:\/\/schema.org","@graph":[{"@type":"WebPage","@id":"https:\/\/www.perfectvanwamel.com\/de\/sparten\/ackerbau-und-viehwirtschaft\/","url":"https:\/\/www.perfectvanwamel.com\/de\/sparten\/ackerbau-und-viehwirtschaft\/","name":"Ackerbau und Viehwirtschaft - PERFECT - Van Wamel","isPartOf":{"@id":"https:\/\/www.perfectvanwamel.com\/de\/#website"},"primaryImageOfPage":{"@id":"https:\/\/www.perfectvanwamel.com\/de\/sparten\/ackerbau-und-viehwirtschaft\/#primaryimage"},"image":{"@id":"https:\/\/www.perfectvanwamel.com\/de\/sparten\/ackerbau-und-viehwirtschaft\/#primaryimage"},"thumbnailUrl":"https:\/\/www.perfectvanwamel.com\/wp-content\/uploads\/2020\/07\/braakland-etc..jpg","datePublished":"2020-09-07T09:15:11+00:00","dateModified":"2026-03-17T07:42:26+00:00","breadcrumb":{"@id":"https:\/\/www.perfectvanwamel.com\/de\/sparten\/ackerbau-und-viehwirtschaft\/#breadcrumb"},"inLanguage":"de","potentialAction":[{"@type":"ReadAction","target":["https:\/\/www.perfectvanwamel.com\/de\/sparten\/ackerbau-und-viehwirtschaft\/"]}]},{"@type":"ImageObject","inLanguage":"de","@id":"https:\/\/www.perfectvanwamel.com\/de\/sparten\/ackerbau-und-viehwirtschaft\/#primaryimage","url":"https:\/\/www.perfectvanwamel.com\/wp-content\/uploads\/2020\/07\/braakland-etc..jpg","contentUrl":"https:\/\/www.perfectvanwamel.com\/wp-content\/uploads\/2020\/07\/braakland-etc..jpg","width":1024,"height":450},{"@type":"BreadcrumbList","@id":"https:\/\/www.perfectvanwamel.com\/de\/sparten\/ackerbau-und-viehwirtschaft\/#breadcrumb","itemListElement":[{"@type":"ListItem","position":1,"name":"Home","item":"https:\/\/staging.perfectvanwamel.com\/de\/"},{"@type":"ListItem","position":2,"name":"Sparten","item":"https:\/\/staging.perfectvanwamel.com\/de\/sparten\/"},{"@type":"ListItem","position":3,"name":"Ackerbau und Viehwirtschaft"}]},{"@type":"WebSite","@id":"https:\/\/www.perfectvanwamel.com\/de\/#website","url":"https:\/\/www.perfectvanwamel.com\/de\/","name":"PERFECT - Van Wamel","description":"","potentialAction":[{"@type":"SearchAction","target":{"@type":"EntryPoint","urlTemplate":"https:\/\/www.perfectvanwamel.com\/de\/?s={search_term_string}"},"query-input":{"@type":"PropertyValueSpecification","valueRequired":true,"valueName":"search_term_string"}}],"inLanguage":"de"}]}},"_links":{"self":[{"href":"https:\/\/www.perfectvanwamel.com\/de\/wp-json\/wp\/v2\/pages\/5416","targetHints":{"allow":["GET"]}}],"collection":[{"href":"https:\/\/www.perfectvanwamel.com\/de\/wp-json\/wp\/v2\/pages"}],"about":[{"href":"https:\/\/www.perfectvanwamel.com\/de\/wp-json\/wp\/v2\/types\/page"}],"author":[{"embeddable":true,"href":"https:\/\/www.perfectvanwamel.com\/de\/wp-json\/wp\/v2\/users\/1"}],"replies":[{"embeddable":true,"href":"https:\/\/www.perfectvanwamel.com\/de\/wp-json\/wp\/v2\/comments?post=5416"}],"version-history":[{"count":5,"href":"https:\/\/www.perfectvanwamel.com\/de\/wp-json\/wp\/v2\/pages\/5416\/revisions"}],"predecessor-version":[{"id":28645,"href":"https:\/\/www.perfectvanwamel.com\/de\/wp-json\/wp\/v2\/pages\/5416\/revisions\/28645"}],"up":[{"embeddable":true,"href":"https:\/\/www.perfectvanwamel.com\/de\/wp-json\/wp\/v2\/pages\/5414"}],"wp:featuredmedia":[{"embeddable":true,"href":"https:\/\/www.perfectvanwamel.com\/de\/wp-json\/wp\/v2\/media\/4968"}],"wp:attachment":[{"href":"https:\/\/www.perfectvanwamel.com\/de\/wp-json\/wp\/v2\/media?parent=5416"}],"curies":[{"name":"wp","href":"https:\/\/api.w.org\/{rel}","templated":true}]}}