{"id":5420,"date":"2020-09-07T11:20:33","date_gmt":"2020-09-07T09:20:33","guid":{"rendered":"https:\/\/www.perfectvanwamel.com\/sparten\/ackerbau-und-viehwirtschaft\/mulchen-von-weideland\/"},"modified":"2026-03-17T08:58:12","modified_gmt":"2026-03-17T07:58:12","slug":"mulchen-von-weideland","status":"publish","type":"page","link":"https:\/\/www.perfectvanwamel.com\/de\/sparten\/ackerbau-und-viehwirtschaft\/mulchen-von-weideland\/","title":{"rendered":"Mulchen von Weideland"},"content":{"rendered":"<section class=\"l-section wpb_row height_small\"><div class=\"l-section-h i-cf\"><div class=\"g-cols vc_row type_default valign_top reversed\"><div class=\"vc_col-sm-12 wpb_column vc_column_container\"><div class=\"vc_column-inner\"><div class=\"wpb_wrapper\">[vc_custom_heading text=&#8221;Weidenmulcher in der Viehwirtschaft&#8221; font_container=&#8221;tag:h1|text_align:left&#8221; use_theme_fonts=&#8221;yes&#8221;]<div class=\"g-cols wpb_row  type_default valign_top vc_inner\"><div class=\"vc_col-sm-12 wpb_column vc_column_container\"><div class=\"vc_column-inner\"><div class=\"wpb_wrapper\"><div class=\"w-image align_none\"><div class=\"w-image-h\"><img decoding=\"async\" width=\"1600\" height=\"620\" src=\"https:\/\/www.perfectvanwamel.com\/wp-content\/uploads\/2026\/03\/Weilandbloten-in-de-veehouderij.jpg\" class=\"attachment-us_1600_620_crop size-us_1600_620_crop\" alt=\"\" srcset=\"https:\/\/www.perfectvanwamel.com\/wp-content\/uploads\/2026\/03\/Weilandbloten-in-de-veehouderij.jpg 1600w, https:\/\/www.perfectvanwamel.com\/wp-content\/uploads\/2026\/03\/Weilandbloten-in-de-veehouderij-300x116.jpg 300w, https:\/\/www.perfectvanwamel.com\/wp-content\/uploads\/2026\/03\/Weilandbloten-in-de-veehouderij-1024x397.jpg 1024w, https:\/\/www.perfectvanwamel.com\/wp-content\/uploads\/2026\/03\/Weilandbloten-in-de-veehouderij-600x233.jpg 600w\" sizes=\"(max-width: 1600px) 100vw, 1600px\" \/><\/div><\/div><div class=\"w-separator size_medium\"><\/div><div class=\"wpb_text_column\" ><div class=\"wpb_wrapper\"><p>Zum Mulchen oder Nachm\u00e4hen von Grasfl\u00e4chen in der Viehwirtschaft hat PERFECT\u00a0\u2013 Van Wamel unterschiedliche Typen von Weidenmulchern entwickelt.<\/p>\n<p>Beim Mulchen werden Disteln oder andere ungenie\u00dfbare Pflanzen abgem\u00e4ht, damit diese sich auf dem Grasland nicht weiter ausbreiten. Zudem sorgt die gleichm\u00e4\u00dfige Schnitth\u00f6he daf\u00fcr, dass es auf der gesamten Fl\u00e4che zu gleichm\u00e4\u00dfigem Neubewuchs kommt. Der Weidenmulcher verteilt zugleich das M\u00e4hgut und verhindert dadurch, dass das Graswachstum durch M\u00e4hguth\u00e4ufungen an bestimmten Stellen beeintr\u00e4chtigt wird.<\/p>\n<p>Dank des kr\u00e4ftigen Keilriemenantriebs mit automatischer Keilriemenspannung verf\u00fcgen die Messer der PERFECT Mulcher \u00fcber sehr gro\u00dfe Schlagkraft und Leistungsf\u00e4higkeit: Damit sind sie Garant f\u00fcr ein erstklassiges M\u00e4hergebnis. F\u00fchrungsplatten auf der Unterseite des Mulchers sorgen daf\u00fcr, dass sich das M\u00e4hgut \u00fcber die gesamte Breite verteilt.<\/p>\n<\/div><\/div><div class=\"wpb_text_column\" ><div class=\"wpb_wrapper\"><h2><strong>Weidemulcher<\/strong><\/h2>\n<p>Unten finden Sie eine \u00dcbersicht \u00fcber unsere Modelle mit Keilriemen- oder Zahnradantrieb.<\/p>\n<\/div><\/div><\/div><\/div><\/div><\/div><\/div><\/div><\/div><\/div><\/div><\/section><section class=\"l-section wpb_row height_small\"><div class=\"l-section-h i-cf\"><div class=\"g-cols vc_row type_default valign_top\"><div class=\"vc_col-sm-12 wpb_column vc_column_container\"><div class=\"vc_column-inner\"><div class=\"wpb_wrapper\"><div class=\"w-grid type_carousel layout_3514\" id=\"us_grid_1\"><style id=\"us_grid_1_css\">#us_grid_1 .w-grid-item{padding:1.5rem}#us_grid_1 .w-grid-list{margin:-1.5rem}.w-grid + #us_grid_1 .w-grid-list{margin-top:1.5rem}<\/style><style>.layout_3514 .w-grid-item-h{}.layout_3514 .usg_post_title_1{margin-top:0.8rem!important;margin-bottom:0.2rem!important;font-family:'Interstate', sans-serif!important;font-size:1rem!important}<\/style><div class=\"w-grid-list owl-carousel navstyle_circle navpos_outside\"><article class=\"w-grid-item post-5598 product type-product status-publish has-post-thumbnail product_cat-streifenmaher pa_aftakas-opm-540-de pa_denkende-schijf-nein pa_gewicht-kg-360-de pa_gewicht-kg-460-de pa_gewicht-kg-510-de pa_gewicht-kg-670-de pa_hefinrichting-tractor-cat-i-ii-de pa_maaihoogte-cm-4-14-de pa_maairotors-aantal-2-de pa_maairotors-aantal-3-de pa_maairotors-aantal-4-de pa_maairotors-opm-1540-de pa_maairotors-opm-1685-de pa_max-parallellogram-verstek-135-de pa_max-parallellogram-verstek-200-de pa_max-parallellogram-verstek-218-de pa_max-parallellogram-verstek-224-de pa_maximum-handmatig-standaard-135-de pa_maximum-handmatig-standaard-205-de pa_maximum-handmatig-standaard-220-de pa_maximum-handmatig-standaard-230-de pa_min-benodigd-vermogen-kw-pk-18-25-de-2 pa_min-benodigd-vermogen-kw-pk-26-35-de-2 pa_min-benodigd-vermogen-kw-pk-29-40-de-2 pa_min-benodigd-vermogen-kw-pk-33-45-de-2 pa_minimum-centr-aankoppeling-122-de pa_minimum-centr-aankoppeling-138-de pa_minimum-centr-aankoppeling-183-de pa_minimum-centr-aankoppeling-93-de pa_totale-breedte-cm-194-de pa_totale-breedte-cm-258-de pa_totale-breedte-cm-284-de pa_totale-breedte-cm-374-de pa_werkbreedte-cm-120-de pa_werkbreedte-cm-245-de pa_werkbreedte-cm-275-de pa_werkbreedte-cm-360-de first instock shipping-taxable product-type-simple\" data-id=\"5598\">\r\n\t<div class=\"w-grid-item-h\">\r\n\t\t\t\t<div class=\"w-vwrapper usg_vwrapper_1 align_left valign_top \"><div class=\"w-post-elm post_image usg_post_image_1 stretched\"><a href=\"https:\/\/www.perfectvanwamel.com\/de\/produkt\/weidenmulcher-lb-serie\/\" aria-label=\"LB-Serie, Optimaler Weidenmulcher mit Keilriemenantrieb\"><img decoding=\"async\" width=\"1772\" height=\"1068\" src=\"https:\/\/www.perfectvanwamel.com\/wp-content\/uploads\/2019\/08\/LB-275V.jpg\" class=\"attachment-shop_catalog size-shop_catalog wp-post-image\" alt=\"LB-275V\" srcset=\"https:\/\/www.perfectvanwamel.com\/wp-content\/uploads\/2019\/08\/LB-275V.jpg 1772w, https:\/\/www.perfectvanwamel.com\/wp-content\/uploads\/2019\/08\/LB-275V-300x181.jpg 300w, https:\/\/www.perfectvanwamel.com\/wp-content\/uploads\/2019\/08\/LB-275V-1024x617.jpg 1024w, https:\/\/www.perfectvanwamel.com\/wp-content\/uploads\/2019\/08\/LB-275V-600x362.jpg 600w\" sizes=\"(max-width: 1772px) 100vw, 1772px\" \/><\/a><\/div><h2 class=\"w-post-elm post_title usg_post_title_1 woocommerce-loop-product__title color_link_inherit\"><a href=\"https:\/\/www.perfectvanwamel.com\/de\/produkt\/weidenmulcher-lb-serie\/\">LB-Serie, Optimaler Weidenmulcher mit Keilriemenantrieb<\/a><\/h2><\/div>\t<\/div>\r\n<\/article>\r\n<article class=\"w-grid-item post-5596 product type-product status-publish has-post-thumbnail product_cat-streifenmaher pa_aantal-maaimessen-2-de pa_aantal-maaimessen-3-de pa_aftakas-opm-37-50-de pa_aftakas-opm-41-55-de pa_aftakas-opm-45-60-de pa_aftakas-opm-56-75-de pa_gewicht-kg-470-de pa_gewicht-kg-490-de pa_gewicht-kg-625-de pa_gewicht-kg-700-de pa_maaihoogte-cm-4-14-de pa_max-verstrek-midden-cm-141-de pa_max-verstrek-midden-cm-156-de pa_max-verstrek-midden-cm-171-de pa_max-verstrek-midden-cm-186-de pa_transportbreedte-cm-195-de pa_transportbreedte-cm-225-de pa_transportbreedte-cm-255-de pa_transportbreedte-cm-285-de pa_werkbreedte-cm-185-de pa_werkbreedte-cm-215-de pa_werkbreedte-cm-245-de pa_werkbreedte-cm-275-de  instock shipping-taxable product-type-simple\" data-id=\"5596\">\r\n\t<div class=\"w-grid-item-h\">\r\n\t\t\t\t<div class=\"w-vwrapper usg_vwrapper_1 align_left valign_top \"><div class=\"w-post-elm post_image usg_post_image_1 stretched\"><a href=\"https:\/\/www.perfectvanwamel.com\/de\/produkt\/weidenmulcher-lk-serie-2\/\" aria-label=\"LK-Serie, Besonders robuster Kreiselmulcher\"><img decoding=\"async\" width=\"1844\" height=\"1026\" src=\"https:\/\/www.perfectvanwamel.com\/wp-content\/uploads\/2019\/12\/LK.jpg\" class=\"attachment-shop_catalog size-shop_catalog wp-post-image\" alt=\"\" srcset=\"https:\/\/www.perfectvanwamel.com\/wp-content\/uploads\/2019\/12\/LK.jpg 1844w, https:\/\/www.perfectvanwamel.com\/wp-content\/uploads\/2019\/12\/LK-300x167.jpg 300w, https:\/\/www.perfectvanwamel.com\/wp-content\/uploads\/2019\/12\/LK-1024x570.jpg 1024w, https:\/\/www.perfectvanwamel.com\/wp-content\/uploads\/2019\/12\/LK-600x334.jpg 600w\" sizes=\"(max-width: 1844px) 100vw, 1844px\" \/><\/a><\/div><h2 class=\"w-post-elm post_title usg_post_title_1 woocommerce-loop-product__title color_link_inherit\"><a href=\"https:\/\/www.perfectvanwamel.com\/de\/produkt\/weidenmulcher-lk-serie-2\/\">LK-Serie, Besonders robuster Kreiselmulcher<\/a><\/h2><\/div>\t<\/div>\r\n<\/article>\r\n<article class=\"w-grid-item post-5597 product type-product status-publish has-post-thumbnail product_cat-streifenmaher pa_aftakas-opm-540-de pa_hefinrichting-tractor-cat-ii-de pa_maaihoogte-cm-4-14-de pa_maairotors-aantal-3-de pa_maairotors-opm-1685-de pa_werkbreedte-cm-275-de last instock shipping-taxable product-type-simple\" data-id=\"5597\">\r\n\t<div class=\"w-grid-item-h\">\r\n\t\t\t\t<div class=\"w-vwrapper usg_vwrapper_1 align_left valign_top \"><div class=\"w-post-elm post_image usg_post_image_1 stretched\"><a href=\"https:\/\/www.perfectvanwamel.com\/de\/produkt\/weidenmulcher-sv2-275\/\" aria-label=\"SV2-275, Mulcher mit besonders weitem Ausleger\"><img decoding=\"async\" width=\"1821\" height=\"1289\" src=\"https:\/\/www.perfectvanwamel.com\/wp-content\/uploads\/2019\/12\/SV2-275.jpg\" class=\"attachment-shop_catalog size-shop_catalog wp-post-image\" alt=\"\" srcset=\"https:\/\/www.perfectvanwamel.com\/wp-content\/uploads\/2019\/12\/SV2-275.jpg 1821w, https:\/\/www.perfectvanwamel.com\/wp-content\/uploads\/2019\/12\/SV2-275-300x212.jpg 300w, https:\/\/www.perfectvanwamel.com\/wp-content\/uploads\/2019\/12\/SV2-275-1024x725.jpg 1024w, https:\/\/www.perfectvanwamel.com\/wp-content\/uploads\/2019\/12\/SV2-275-600x425.jpg 600w\" sizes=\"(max-width: 1821px) 100vw, 1821px\" \/><\/a><\/div><h2 class=\"w-post-elm post_title usg_post_title_1 woocommerce-loop-product__title color_link_inherit\"><a href=\"https:\/\/www.perfectvanwamel.com\/de\/produkt\/weidenmulcher-sv2-275\/\">SV2-275, Mulcher mit besonders weitem Ausleger<\/a><\/h2><\/div>\t<\/div>\r\n<\/article>\r\n<\/div>\t<div class=\"g-preloader type_1\">\r\n\t\t<div><\/div>\r\n\t<\/div>\r\n\t\t<div class=\"w-grid-json hidden\" onclick='return {&quot;ajax_url&quot;:&quot;https:\\\/\\\/www.perfectvanwamel.com\\\/wp-admin\\\/admin-ajax.php&quot;,&quot;permalink_url&quot;:&quot;https:\\\/\\\/www.perfectvanwamel.com\\\/de\\\/produkt\\\/weidenmulcher-sv2-275\\\/&quot;,&quot;action&quot;:&quot;us_ajax_grid&quot;,&quot;max_num_pages&quot;:1,&quot;infinite_scroll&quot;:0,&quot;template_vars&quot;:{&quot;query_args&quot;:{&quot;ignore_sticky_posts&quot;:1,&quot;post_type&quot;:&quot;any&quot;,&quot;post__in&quot;:[&quot;120&quot;,&quot;688&quot;,&quot;687&quot;],&quot;orderby&quot;:{&quot;post__in&quot;:&quot;ASC&quot;},&quot;posts_per_page&quot;:&quot;10&quot;},&quot;post_id&quot;:5420,&quot;us_grid_index&quot;:1,&quot;us_grid_ajax_index&quot;:null,&quot;exclude_items&quot;:&quot;none&quot;,&quot;items_offset&quot;:&quot;1&quot;,&quot;items_layout&quot;:&quot;3514&quot;,&quot;type&quot;:&quot;carousel&quot;,&quot;columns&quot;:&quot;3&quot;,&quot;img_size&quot;:&quot;shop_catalog&quot;,&quot;overriding_link&quot;:&quot;none&quot;,&quot;lang&quot;:&quot;de&quot;},&quot;carousel_settings&quot;:{&quot;items&quot;:&quot;3&quot;,&quot;nav&quot;:1,&quot;navNext&quot;:&quot;&quot;,&quot;navPrev&quot;:&quot;&quot;,&quot;dots&quot;:0,&quot;center&quot;:0,&quot;autoplay&quot;:0,&quot;smooth_play&quot;:0,&quot;timeout&quot;:3000,&quot;speed&quot;:250,&quot;transition&quot;:&quot;&quot;,&quot;autoHeight&quot;:0,&quot;slideby&quot;:&quot;1&quot;},&quot;carousel_breakpoints&quot;:{&quot;1200&quot;:{&quot;items&quot;:3},&quot;900&quot;:{&quot;items&quot;:3,&quot;autoplay&quot;:1,&quot;autoplayHoverPause&quot;:1,&quot;autoHeight&quot;:0},&quot;600&quot;:{&quot;items&quot;:2,&quot;autoplay&quot;:1,&quot;autoplayHoverPause&quot;:1,&quot;autoHeight&quot;:0},&quot;0&quot;:{&quot;items&quot;:1,&quot;autoplay&quot;:1,&quot;autoplayHoverPause&quot;:1,&quot;autoHeight&quot;:0}}}'><\/div>\r\n<\/div><\/div><\/div><\/div><\/div><\/div><\/section>\n","protected":false},"excerpt":{"rendered":"Der SV2-275 ist ein robuster Kreiselmulcher, mit dem vollst\u00e4ndig au\u00dferhalb der Traktorspur gearbeitet werden kann. Der maximale M\u00e4hbereich betr\u00e4gt, von der Mitte des Traktors ausgehend, ganze 3,85\u00a0m. Der gut durchdachte Antrieb mit automatischer Keilriemenspannung sorgt f\u00fcr effiziente Kraft\u00fcbertragung zu den M\u00e4hmessern. Die profilierten Gleitleisten erm\u00f6glichen dem SV2-275 eine optimale Bodenauflage: Die Maschine passt sich freilaufend...","protected":false},"author":1,"featured_media":28651,"parent":5416,"menu_order":0,"comment_status":"closed","ping_status":"closed","template":"","meta":{"_acf_changed":false,"footnotes":""},"class_list":["post-5420","page","type-page","status-publish","has-post-thumbnail","hentry"],"acf":[],"yoast_head":"<!-- This site is optimized with the Yoast SEO plugin v27.4 - https:\/\/yoast.com\/product\/yoast-seo-wordpress\/ -->\n<title>Mulchen von Weideland - PERFECT - Van Wamel<\/title>\n<meta name=\"robots\" content=\"index, follow, max-snippet:-1, max-image-preview:large, max-video-preview:-1\" \/>\n<link rel=\"canonical\" href=\"https:\/\/www.perfectvanwamel.com\/de\/sparten\/ackerbau-und-viehwirtschaft\/mulchen-von-weideland\/\" \/>\n<meta property=\"og:locale\" content=\"de_DE\" \/>\n<meta property=\"og:type\" content=\"article\" \/>\n<meta property=\"og:title\" content=\"Mulchen von Weideland - PERFECT - Van Wamel\" \/>\n<meta property=\"og:url\" content=\"https:\/\/www.perfectvanwamel.com\/de\/sparten\/ackerbau-und-viehwirtschaft\/mulchen-von-weideland\/\" \/>\n<meta property=\"og:site_name\" content=\"PERFECT - Van Wamel\" \/>\n<meta property=\"article:modified_time\" content=\"2026-03-17T07:58:12+00:00\" \/>\n<meta property=\"og:image\" content=\"https:\/\/staging.perfectvanwamel.com\/wp-content\/uploads\/2026\/03\/Weilandbloten.jpg\" \/>\n\t<meta property=\"og:image:width\" content=\"1728\" \/>\n\t<meta property=\"og:image:height\" content=\"1728\" \/>\n\t<meta property=\"og:image:type\" content=\"image\/jpeg\" \/>\n<meta name=\"twitter:card\" content=\"summary_large_image\" \/>\n<meta name=\"twitter:label1\" content=\"Gesch\u00e4tzte Lesezeit\" \/>\n\t<meta name=\"twitter:data1\" content=\"1\u00a0Minute\" \/>\n<script type=\"application\/ld+json\" class=\"yoast-schema-graph\">{\"@context\":\"https:\\\/\\\/schema.org\",\"@graph\":[{\"@type\":\"WebPage\",\"@id\":\"https:\\\/\\\/www.perfectvanwamel.com\\\/de\\\/sparten\\\/ackerbau-und-viehwirtschaft\\\/mulchen-von-weideland\\\/\",\"url\":\"https:\\\/\\\/www.perfectvanwamel.com\\\/de\\\/sparten\\\/ackerbau-und-viehwirtschaft\\\/mulchen-von-weideland\\\/\",\"name\":\"Mulchen von Weideland - PERFECT - Van Wamel\",\"isPartOf\":{\"@id\":\"https:\\\/\\\/www.perfectvanwamel.com\\\/de\\\/#website\"},\"primaryImageOfPage\":{\"@id\":\"https:\\\/\\\/www.perfectvanwamel.com\\\/de\\\/sparten\\\/ackerbau-und-viehwirtschaft\\\/mulchen-von-weideland\\\/#primaryimage\"},\"image\":{\"@id\":\"https:\\\/\\\/www.perfectvanwamel.com\\\/de\\\/sparten\\\/ackerbau-und-viehwirtschaft\\\/mulchen-von-weideland\\\/#primaryimage\"},\"thumbnailUrl\":\"https:\\\/\\\/www.perfectvanwamel.com\\\/wp-content\\\/uploads\\\/2026\\\/03\\\/Weilandbloten.jpg\",\"datePublished\":\"2020-09-07T09:20:33+00:00\",\"dateModified\":\"2026-03-17T07:58:12+00:00\",\"breadcrumb\":{\"@id\":\"https:\\\/\\\/www.perfectvanwamel.com\\\/de\\\/sparten\\\/ackerbau-und-viehwirtschaft\\\/mulchen-von-weideland\\\/#breadcrumb\"},\"inLanguage\":\"de\",\"potentialAction\":[{\"@type\":\"ReadAction\",\"target\":[\"https:\\\/\\\/www.perfectvanwamel.com\\\/de\\\/sparten\\\/ackerbau-und-viehwirtschaft\\\/mulchen-von-weideland\\\/\"]}]},{\"@type\":\"ImageObject\",\"inLanguage\":\"de\",\"@id\":\"https:\\\/\\\/www.perfectvanwamel.com\\\/de\\\/sparten\\\/ackerbau-und-viehwirtschaft\\\/mulchen-von-weideland\\\/#primaryimage\",\"url\":\"https:\\\/\\\/www.perfectvanwamel.com\\\/wp-content\\\/uploads\\\/2026\\\/03\\\/Weilandbloten.jpg\",\"contentUrl\":\"https:\\\/\\\/www.perfectvanwamel.com\\\/wp-content\\\/uploads\\\/2026\\\/03\\\/Weilandbloten.jpg\",\"width\":1728,\"height\":1728},{\"@type\":\"BreadcrumbList\",\"@id\":\"https:\\\/\\\/www.perfectvanwamel.com\\\/de\\\/sparten\\\/ackerbau-und-viehwirtschaft\\\/mulchen-von-weideland\\\/#breadcrumb\",\"itemListElement\":[{\"@type\":\"ListItem\",\"position\":1,\"name\":\"Home\",\"item\":\"https:\\\/\\\/staging.perfectvanwamel.com\\\/de\\\/\"},{\"@type\":\"ListItem\",\"position\":2,\"name\":\"Sparten\",\"item\":\"https:\\\/\\\/staging.perfectvanwamel.com\\\/de\\\/sparten\\\/\"},{\"@type\":\"ListItem\",\"position\":3,\"name\":\"Ackerbau und Viehwirtschaft\",\"item\":\"https:\\\/\\\/staging.perfectvanwamel.com\\\/de\\\/sparten\\\/ackerbau-und-viehwirtschaft\\\/\"},{\"@type\":\"ListItem\",\"position\":4,\"name\":\"Mulchen von Weideland\"}]},{\"@type\":\"WebSite\",\"@id\":\"https:\\\/\\\/www.perfectvanwamel.com\\\/de\\\/#website\",\"url\":\"https:\\\/\\\/www.perfectvanwamel.com\\\/de\\\/\",\"name\":\"PERFECT - Van Wamel\",\"description\":\"\",\"potentialAction\":[{\"@type\":\"SearchAction\",\"target\":{\"@type\":\"EntryPoint\",\"urlTemplate\":\"https:\\\/\\\/www.perfectvanwamel.com\\\/de\\\/?s={search_term_string}\"},\"query-input\":{\"@type\":\"PropertyValueSpecification\",\"valueRequired\":true,\"valueName\":\"search_term_string\"}}],\"inLanguage\":\"de\"}]}<\/script>\n<!-- \/ Yoast SEO plugin. -->","yoast_head_json":{"title":"Mulchen von Weideland - PERFECT - Van Wamel","robots":{"index":"index","follow":"follow","max-snippet":"max-snippet:-1","max-image-preview":"max-image-preview:large","max-video-preview":"max-video-preview:-1"},"canonical":"https:\/\/www.perfectvanwamel.com\/de\/sparten\/ackerbau-und-viehwirtschaft\/mulchen-von-weideland\/","og_locale":"de_DE","og_type":"article","og_title":"Mulchen von Weideland - PERFECT - Van Wamel","og_url":"https:\/\/www.perfectvanwamel.com\/de\/sparten\/ackerbau-und-viehwirtschaft\/mulchen-von-weideland\/","og_site_name":"PERFECT - Van Wamel","article_modified_time":"2026-03-17T07:58:12+00:00","og_image":[{"width":1728,"height":1728,"url":"https:\/\/staging.perfectvanwamel.com\/wp-content\/uploads\/2026\/03\/Weilandbloten.jpg","type":"image\/jpeg"}],"twitter_card":"summary_large_image","twitter_misc":{"Gesch\u00e4tzte Lesezeit":"1\u00a0Minute"},"schema":{"@context":"https:\/\/schema.org","@graph":[{"@type":"WebPage","@id":"https:\/\/www.perfectvanwamel.com\/de\/sparten\/ackerbau-und-viehwirtschaft\/mulchen-von-weideland\/","url":"https:\/\/www.perfectvanwamel.com\/de\/sparten\/ackerbau-und-viehwirtschaft\/mulchen-von-weideland\/","name":"Mulchen von Weideland - PERFECT - Van Wamel","isPartOf":{"@id":"https:\/\/www.perfectvanwamel.com\/de\/#website"},"primaryImageOfPage":{"@id":"https:\/\/www.perfectvanwamel.com\/de\/sparten\/ackerbau-und-viehwirtschaft\/mulchen-von-weideland\/#primaryimage"},"image":{"@id":"https:\/\/www.perfectvanwamel.com\/de\/sparten\/ackerbau-und-viehwirtschaft\/mulchen-von-weideland\/#primaryimage"},"thumbnailUrl":"https:\/\/www.perfectvanwamel.com\/wp-content\/uploads\/2026\/03\/Weilandbloten.jpg","datePublished":"2020-09-07T09:20:33+00:00","dateModified":"2026-03-17T07:58:12+00:00","breadcrumb":{"@id":"https:\/\/www.perfectvanwamel.com\/de\/sparten\/ackerbau-und-viehwirtschaft\/mulchen-von-weideland\/#breadcrumb"},"inLanguage":"de","potentialAction":[{"@type":"ReadAction","target":["https:\/\/www.perfectvanwamel.com\/de\/sparten\/ackerbau-und-viehwirtschaft\/mulchen-von-weideland\/"]}]},{"@type":"ImageObject","inLanguage":"de","@id":"https:\/\/www.perfectvanwamel.com\/de\/sparten\/ackerbau-und-viehwirtschaft\/mulchen-von-weideland\/#primaryimage","url":"https:\/\/www.perfectvanwamel.com\/wp-content\/uploads\/2026\/03\/Weilandbloten.jpg","contentUrl":"https:\/\/www.perfectvanwamel.com\/wp-content\/uploads\/2026\/03\/Weilandbloten.jpg","width":1728,"height":1728},{"@type":"BreadcrumbList","@id":"https:\/\/www.perfectvanwamel.com\/de\/sparten\/ackerbau-und-viehwirtschaft\/mulchen-von-weideland\/#breadcrumb","itemListElement":[{"@type":"ListItem","position":1,"name":"Home","item":"https:\/\/staging.perfectvanwamel.com\/de\/"},{"@type":"ListItem","position":2,"name":"Sparten","item":"https:\/\/staging.perfectvanwamel.com\/de\/sparten\/"},{"@type":"ListItem","position":3,"name":"Ackerbau und Viehwirtschaft","item":"https:\/\/staging.perfectvanwamel.com\/de\/sparten\/ackerbau-und-viehwirtschaft\/"},{"@type":"ListItem","position":4,"name":"Mulchen von Weideland"}]},{"@type":"WebSite","@id":"https:\/\/www.perfectvanwamel.com\/de\/#website","url":"https:\/\/www.perfectvanwamel.com\/de\/","name":"PERFECT - Van Wamel","description":"","potentialAction":[{"@type":"SearchAction","target":{"@type":"EntryPoint","urlTemplate":"https:\/\/www.perfectvanwamel.com\/de\/?s={search_term_string}"},"query-input":{"@type":"PropertyValueSpecification","valueRequired":true,"valueName":"search_term_string"}}],"inLanguage":"de"}]}},"_links":{"self":[{"href":"https:\/\/www.perfectvanwamel.com\/de\/wp-json\/wp\/v2\/pages\/5420","targetHints":{"allow":["GET"]}}],"collection":[{"href":"https:\/\/www.perfectvanwamel.com\/de\/wp-json\/wp\/v2\/pages"}],"about":[{"href":"https:\/\/www.perfectvanwamel.com\/de\/wp-json\/wp\/v2\/types\/page"}],"author":[{"embeddable":true,"href":"https:\/\/www.perfectvanwamel.com\/de\/wp-json\/wp\/v2\/users\/1"}],"replies":[{"embeddable":true,"href":"https:\/\/www.perfectvanwamel.com\/de\/wp-json\/wp\/v2\/comments?post=5420"}],"version-history":[{"count":3,"href":"https:\/\/www.perfectvanwamel.com\/de\/wp-json\/wp\/v2\/pages\/5420\/revisions"}],"predecessor-version":[{"id":28659,"href":"https:\/\/www.perfectvanwamel.com\/de\/wp-json\/wp\/v2\/pages\/5420\/revisions\/28659"}],"up":[{"embeddable":true,"href":"https:\/\/www.perfectvanwamel.com\/de\/wp-json\/wp\/v2\/pages\/5416"}],"wp:featuredmedia":[{"embeddable":true,"href":"https:\/\/www.perfectvanwamel.com\/de\/wp-json\/wp\/v2\/media\/28651"}],"wp:attachment":[{"href":"https:\/\/www.perfectvanwamel.com\/de\/wp-json\/wp\/v2\/media?parent=5420"}],"curies":[{"name":"wp","href":"https:\/\/api.w.org\/{rel}","templated":true}]}}