{"id":5428,"date":"2020-09-07T11:22:13","date_gmt":"2020-09-07T09:22:13","guid":{"rendered":"https:\/\/www.perfectvanwamel.com\/obst-und-weinbau\/mulchen\/hydraulisch-angetriebene-maehscheiben\/"},"modified":"2026-03-17T10:38:00","modified_gmt":"2026-03-17T09:38:00","slug":"hydraulisch-angetriebene-maehscheiben","status":"publish","type":"page","link":"https:\/\/www.perfectvanwamel.com\/de\/sparten\/obst-und-weinbau\/mulchen\/hydraulisch-angetriebene-maehscheiben\/","title":{"rendered":"Hydraulisch angetriebene M\u00e4hscheiben"},"content":{"rendered":"<section class=\"l-section wpb_row height_small\"><div class=\"l-section-h i-cf\"><div class=\"g-cols vc_row type_default valign_top reversed\"><div class=\"vc_col-sm-12 wpb_column vc_column_container\"><div class=\"vc_column-inner\"><div class=\"wpb_wrapper\">[vc_custom_heading text=&#8221;Hydraulisch angetriebene M\u00e4hscheiben&#8221; font_container=&#8221;tag:h1|text_align:left&#8221; use_theme_fonts=&#8221;yes&#8221;]<div class=\"g-cols wpb_row  type_default valign_top vc_inner\"><div class=\"vc_col-sm-12 wpb_column vc_column_container\"><div class=\"vc_column-inner\"><div class=\"wpb_wrapper\"><div class=\"w-image align_none\"><div class=\"w-image-h\"><img decoding=\"async\" width=\"1600\" height=\"620\" src=\"https:\/\/www.perfectvanwamel.com\/wp-content\/uploads\/2026\/03\/Zwenkende-schijven.jpg\" class=\"attachment-us_1600_620_crop size-us_1600_620_crop\" alt=\"\" srcset=\"https:\/\/www.perfectvanwamel.com\/wp-content\/uploads\/2026\/03\/Zwenkende-schijven.jpg 1600w, https:\/\/www.perfectvanwamel.com\/wp-content\/uploads\/2026\/03\/Zwenkende-schijven-300x116.jpg 300w, https:\/\/www.perfectvanwamel.com\/wp-content\/uploads\/2026\/03\/Zwenkende-schijven-1024x397.jpg 1024w, https:\/\/www.perfectvanwamel.com\/wp-content\/uploads\/2026\/03\/Zwenkende-schijven-600x233.jpg 600w\" sizes=\"(max-width: 1600px) 100vw, 1600px\" \/><\/div><\/div><div class=\"w-separator size_medium\"><\/div><div class=\"wpb_text_column\" ><div class=\"wpb_wrapper\"><p>Au\u00dfer Kreiselmulchern mit M\u00e4hscheibe liefert PERFECT\u00a0\u2013 Van Wamel auch separate Schwenkscheiben unter der Bezeichnung Solo-Swing.<\/p>\n<p>Solo-Swing Schwenkscheiben werden hydraulisch angetrieben, sodass es f\u00fcr sie nahezu unbegrenzte Anbaum\u00f6glichkeiten gibt. Serienm\u00e4\u00dfig wird die Solo-Swing mit einem Federungsmechanismus geliefert. F\u00fcr Arbeiten in h\u00fcgeligem Gel\u00e4nde ist ein hydraulischer Taster verf\u00fcgbar.<\/p>\n<p>Dank des Messerschutzes erf\u00fcllen PERFECT Solo-Swing Schwenkscheiben wie nur wenige andere Vertreter ihrer Klasse die Anforderungen der CE-Normierung. Zudem verf\u00fcgt jede Solo-Swing auf der Unterseite des M\u00e4hrotors \u00fcber einen lagermontierten St\u00fctzteller. Dadurch werden die M\u00e4hmesser bei Unebenheiten im Gel\u00e4nde nicht abgebremst, sodass die Maschine ihre volle Leistungsf\u00e4higkeit beibeh\u00e4lt.<\/p>\n<p>&nbsp;<\/p>\n<p><strong>Modelle zum Anbau an Maschinen oder Traktoren<\/strong><\/p>\n<p>Es gibt verschiedene Solo-Swing Modelle zum Anbau an Kreiselmulcher, Schlegelmulcher und Mini-Schaufelbagger sowie zum Front- oder Heckanbau bei Traktoren.<\/p>\n<\/div><\/div><\/div><\/div><\/div><\/div><div class=\"w-separator size_small\"><\/div><div class=\"w-grid type_carousel layout_3518\" id=\"us_grid_1\"><style id=\"us_grid_1_css\">#us_grid_1 .w-grid-item{padding:1.5rem}#us_grid_1 .w-grid-list{margin:-1.5rem}.w-grid + #us_grid_1 .w-grid-list{margin-top:1.5rem}<\/style><style>.layout_3518 .w-grid-item-h{}.layout_3518 .usg_post_image_1{margin-bottom:0.5rem!important}.layout_3518 .usg_post_title_1{font-size:1rem!important}<\/style><div class=\"w-grid-list owl-carousel navstyle_circle navpos_outside\"><article class=\"w-grid-item post-5584 product type-product status-publish has-post-thumbnail product_cat-schwenkscheibe pa_denkende-schijf-ja-de pa_gewicht-kg-100-de pa_gewicht-kg-110-de pa_gewicht-kg-85-de pa_werkbreedte-cm-50-de pa_werkbreedte-cm-60-de pa_werkbreedte-cm-85-de first instock shipping-taxable product-type-simple\" data-id=\"5584\">\r\n\t<div class=\"w-grid-item-h\">\r\n\t\t\t\t<div class=\"w-post-elm post_image usg_post_image_1 stretched\"><a href=\"https:\/\/www.perfectvanwamel.com\/de\/produkt\/schwenkscheibe-sza\/\" aria-label=\"SZA, Solo-Swing zum Anbauen\"><img decoding=\"async\" width=\"600\" height=\"600\" src=\"https:\/\/www.perfectvanwamel.com\/wp-content\/uploads\/2020\/04\/SZA-600-600x600.jpg\" class=\"attachment-us_600_600_crop size-us_600_600_crop wp-post-image\" alt=\"\" srcset=\"https:\/\/www.perfectvanwamel.com\/wp-content\/uploads\/2020\/04\/SZA-600-600x600.jpg 600w, https:\/\/www.perfectvanwamel.com\/wp-content\/uploads\/2020\/04\/SZA-600-150x150.jpg 150w, https:\/\/www.perfectvanwamel.com\/wp-content\/uploads\/2020\/04\/SZA-600-64x64.jpg 64w, https:\/\/www.perfectvanwamel.com\/wp-content\/uploads\/2020\/04\/SZA-600-300x300.jpg 300w\" sizes=\"(max-width: 600px) 100vw, 600px\" \/><\/a><\/div><h2 class=\"w-post-elm post_title usg_post_title_1 woocommerce-loop-product__title color_link_inherit\"><a href=\"https:\/\/www.perfectvanwamel.com\/de\/produkt\/schwenkscheibe-sza\/\">SZA, Solo-Swing zum Anbauen<\/a><\/h2>\t<\/div>\r\n<\/article>\r\n<article class=\"w-grid-item post-5581 product type-product status-publish has-post-thumbnail product_cat-schwenkscheibe pa_denkende-schijf-ja-de pa_gewicht-kg-275-de pa_max-verstrek-midden-cm-245-de pa_werkbreedte-cm-85-de  instock shipping-taxable product-type-simple\" data-id=\"5581\">\r\n\t<div class=\"w-grid-item-h\">\r\n\t\t\t\t<div class=\"w-post-elm post_image usg_post_image_1 stretched\"><a href=\"https:\/\/www.perfectvanwamel.com\/de\/produkt\/schwenkscheibe-szx\/\" aria-label=\"SZX, Solo-Swing mit gro\u00dfer M\u00e4hscheibe f\u00fcr Frontlader\"><img decoding=\"async\" width=\"600\" height=\"600\" src=\"https:\/\/www.perfectvanwamel.com\/wp-content\/uploads\/2020\/04\/SZX-850-600x600.jpg\" class=\"attachment-us_600_600_crop size-us_600_600_crop wp-post-image\" alt=\"\" srcset=\"https:\/\/www.perfectvanwamel.com\/wp-content\/uploads\/2020\/04\/SZX-850-600x600.jpg 600w, https:\/\/www.perfectvanwamel.com\/wp-content\/uploads\/2020\/04\/SZX-850-150x150.jpg 150w, https:\/\/www.perfectvanwamel.com\/wp-content\/uploads\/2020\/04\/SZX-850-64x64.jpg 64w, https:\/\/www.perfectvanwamel.com\/wp-content\/uploads\/2020\/04\/SZX-850-300x300.jpg 300w\" sizes=\"(max-width: 600px) 100vw, 600px\" \/><\/a><\/div><h2 class=\"w-post-elm post_title usg_post_title_1 woocommerce-loop-product__title color_link_inherit\"><a href=\"https:\/\/www.perfectvanwamel.com\/de\/produkt\/schwenkscheibe-szx\/\">SZX, Solo-Swing mit gro\u00dfer M\u00e4hscheibe f\u00fcr Frontlader<\/a><\/h2>\t<\/div>\r\n<\/article>\r\n<article class=\"w-grid-item post-5582 product type-product status-publish has-post-thumbnail product_cat-schwenkscheibe pa_denkende-schijf-ja-de pa_gewicht-kg-175-de pa_gewicht-kg-195-de pa_max-verstrek-midden-cm-210-de pa_max-verstrek-midden-cm-220-de pa_werkbreedte-cm-60-de pa_werkbreedte-cm-85-de last instock shipping-taxable product-type-simple\" data-id=\"5582\">\r\n\t<div class=\"w-grid-item-h\">\r\n\t\t\t\t<div class=\"w-post-elm post_image usg_post_image_1 stretched\"><a href=\"https:\/\/www.perfectvanwamel.com\/de\/produkt\/schwenkscheibe-szs\/\" aria-label=\"SZS, Solo-Swing f\u00fcr Dreipunktaufnahme\"><img decoding=\"async\" width=\"600\" height=\"600\" src=\"https:\/\/www.perfectvanwamel.com\/wp-content\/uploads\/2020\/04\/PERFECT_rotary_mowers_SZS_2_-removebg-1-600x600.png\" class=\"attachment-us_600_600_crop size-us_600_600_crop wp-post-image\" alt=\"\" srcset=\"https:\/\/www.perfectvanwamel.com\/wp-content\/uploads\/2020\/04\/PERFECT_rotary_mowers_SZS_2_-removebg-1-600x600.png 600w, https:\/\/www.perfectvanwamel.com\/wp-content\/uploads\/2020\/04\/PERFECT_rotary_mowers_SZS_2_-removebg-1-150x150.png 150w, https:\/\/www.perfectvanwamel.com\/wp-content\/uploads\/2020\/04\/PERFECT_rotary_mowers_SZS_2_-removebg-1-64x64.png 64w, https:\/\/www.perfectvanwamel.com\/wp-content\/uploads\/2020\/04\/PERFECT_rotary_mowers_SZS_2_-removebg-1-300x300.png 300w\" sizes=\"(max-width: 600px) 100vw, 600px\" \/><\/a><\/div><h2 class=\"w-post-elm post_title usg_post_title_1 woocommerce-loop-product__title color_link_inherit\"><a href=\"https:\/\/www.perfectvanwamel.com\/de\/produkt\/schwenkscheibe-szs\/\">SZS, Solo-Swing f\u00fcr Dreipunktaufnahme<\/a><\/h2>\t<\/div>\r\n<\/article>\r\n<article class=\"w-grid-item post-8595 product type-product status-publish has-post-thumbnail product_cat-schwenkscheibe first instock shipping-taxable product-type-simple\" data-id=\"8595\">\r\n\t<div class=\"w-grid-item-h\">\r\n\t\t\t\t<div class=\"w-post-elm post_image usg_post_image_1 stretched\"><a href=\"https:\/\/www.perfectvanwamel.com\/de\/produkt\/duo-swing\/\" aria-label=\"Duo-Swing\"><img decoding=\"async\" width=\"600\" height=\"600\" src=\"https:\/\/www.perfectvanwamel.com\/wp-content\/uploads\/2021\/02\/Duo-Swing-600-met-tasters-600x600.jpg\" class=\"attachment-us_600_600_crop size-us_600_600_crop wp-post-image\" alt=\"\" srcset=\"https:\/\/www.perfectvanwamel.com\/wp-content\/uploads\/2021\/02\/Duo-Swing-600-met-tasters-600x600.jpg 600w, https:\/\/www.perfectvanwamel.com\/wp-content\/uploads\/2021\/02\/Duo-Swing-600-met-tasters-150x150.jpg 150w, https:\/\/www.perfectvanwamel.com\/wp-content\/uploads\/2021\/02\/Duo-Swing-600-met-tasters-64x64.jpg 64w, https:\/\/www.perfectvanwamel.com\/wp-content\/uploads\/2021\/02\/Duo-Swing-600-met-tasters-300x300.jpg 300w\" sizes=\"(max-width: 600px) 100vw, 600px\" \/><\/a><\/div><h2 class=\"w-post-elm post_title usg_post_title_1 woocommerce-loop-product__title color_link_inherit\"><a href=\"https:\/\/www.perfectvanwamel.com\/de\/produkt\/duo-swing\/\">Duo-Swing<\/a><\/h2>\t<\/div>\r\n<\/article>\r\n<\/div>\t<div class=\"g-preloader type_1\">\r\n\t\t<div><\/div>\r\n\t<\/div>\r\n\t\t<div class=\"w-grid-json hidden\" onclick='return {&quot;ajax_url&quot;:&quot;https:\\\/\\\/www.perfectvanwamel.com\\\/wp-admin\\\/admin-ajax.php&quot;,&quot;permalink_url&quot;:&quot;https:\\\/\\\/www.perfectvanwamel.com\\\/de\\\/produkt\\\/duo-swing\\\/&quot;,&quot;action&quot;:&quot;us_ajax_grid&quot;,&quot;max_num_pages&quot;:1,&quot;infinite_scroll&quot;:0,&quot;template_vars&quot;:{&quot;query_args&quot;:{&quot;ignore_sticky_posts&quot;:1,&quot;post_type&quot;:&quot;any&quot;,&quot;post__in&quot;:[&quot;1807&quot;,&quot;1828&quot;,&quot;1822&quot;,&quot;8566&quot;],&quot;orderby&quot;:{&quot;post__in&quot;:&quot;ASC&quot;},&quot;posts_per_page&quot;:&quot;10&quot;},&quot;post_id&quot;:5428,&quot;us_grid_index&quot;:1,&quot;us_grid_ajax_index&quot;:null,&quot;exclude_items&quot;:&quot;none&quot;,&quot;items_offset&quot;:&quot;1&quot;,&quot;items_layout&quot;:&quot;3518&quot;,&quot;type&quot;:&quot;carousel&quot;,&quot;columns&quot;:&quot;4&quot;,&quot;img_size&quot;:&quot;default&quot;,&quot;overriding_link&quot;:&quot;none&quot;,&quot;lang&quot;:&quot;de&quot;},&quot;carousel_settings&quot;:{&quot;items&quot;:&quot;4&quot;,&quot;nav&quot;:0,&quot;navNext&quot;:&quot;&quot;,&quot;navPrev&quot;:&quot;&quot;,&quot;dots&quot;:0,&quot;center&quot;:0,&quot;autoplay&quot;:0,&quot;smooth_play&quot;:0,&quot;timeout&quot;:3000,&quot;speed&quot;:250,&quot;transition&quot;:&quot;&quot;,&quot;autoHeight&quot;:0,&quot;slideby&quot;:&quot;1&quot;},&quot;carousel_breakpoints&quot;:{&quot;1200&quot;:{&quot;items&quot;:4},&quot;900&quot;:{&quot;items&quot;:3,&quot;autoplay&quot;:1,&quot;autoplayHoverPause&quot;:1,&quot;autoHeight&quot;:0},&quot;600&quot;:{&quot;items&quot;:2,&quot;autoplay&quot;:1,&quot;autoplayHoverPause&quot;:1,&quot;autoHeight&quot;:0},&quot;0&quot;:{&quot;items&quot;:1,&quot;autoplay&quot;:1,&quot;autoplayHoverPause&quot;:1,&quot;autoHeight&quot;:0}}}'><\/div>\r\n<\/div><\/div><\/div><\/div><\/div><\/div><\/section>\n","protected":false},"excerpt":{"rendered":"Bei der serienm\u00e4\u00dfig mit Schlegelmessern ausgestatteten Schwenkscheibe sind M\u00e4hh\u00f6he und Anfahrdruck verstellbar; damit ist eine Anpassung an unterschiedliche Arbeitsbedingungen m\u00f6glich. Die Duo-Swing-Modelle werden standardm\u00e4\u00dfig mit zwei schwenkbaren Scheiben geliefert. Um den M\u00e4hbereich zu maximieren, kann die Breite nicht nur hydraulisch eingestellt werden, sondern durch eine mechanische Gleitverstellung im Anbaubock auch beidseitig um weitere 25 cm...","protected":false},"author":1,"featured_media":4511,"parent":5422,"menu_order":0,"comment_status":"closed","ping_status":"closed","template":"","meta":{"_acf_changed":false,"footnotes":""},"class_list":["post-5428","page","type-page","status-publish","has-post-thumbnail","hentry"],"acf":[],"yoast_head":"<!-- This site is optimized with the Yoast SEO plugin v27.4 - https:\/\/yoast.com\/product\/yoast-seo-wordpress\/ -->\n<title>Hydraulisch angetriebene M\u00e4hscheiben - PERFECT - Van Wamel<\/title>\n<meta name=\"robots\" content=\"index, follow, max-snippet:-1, max-image-preview:large, max-video-preview:-1\" \/>\n<link rel=\"canonical\" href=\"https:\/\/www.perfectvanwamel.com\/de\/sparten\/obst-und-weinbau\/mulchen\/hydraulisch-angetriebene-maehscheiben\/\" \/>\n<meta property=\"og:locale\" content=\"de_DE\" \/>\n<meta property=\"og:type\" content=\"article\" \/>\n<meta property=\"og:title\" content=\"Hydraulisch angetriebene M\u00e4hscheiben - PERFECT - Van Wamel\" \/>\n<meta property=\"og:url\" content=\"https:\/\/www.perfectvanwamel.com\/de\/sparten\/obst-und-weinbau\/mulchen\/hydraulisch-angetriebene-maehscheiben\/\" \/>\n<meta property=\"og:site_name\" content=\"PERFECT - Van Wamel\" \/>\n<meta property=\"article:modified_time\" content=\"2026-03-17T09:38:00+00:00\" \/>\n<meta property=\"og:image\" content=\"https:\/\/staging.perfectvanwamel.com\/wp-content\/uploads\/2020\/06\/PERFECT_SWING_ARM_ORCHARD-2-1.jpg\" \/>\n\t<meta property=\"og:image:width\" content=\"2262\" \/>\n\t<meta property=\"og:image:height\" content=\"1118\" \/>\n\t<meta property=\"og:image:type\" content=\"image\/jpeg\" \/>\n<meta name=\"twitter:card\" content=\"summary_large_image\" \/>\n<meta name=\"twitter:label1\" content=\"Gesch\u00e4tzte Lesezeit\" \/>\n\t<meta name=\"twitter:data1\" content=\"1\u00a0Minute\" \/>\n<script type=\"application\/ld+json\" class=\"yoast-schema-graph\">{\"@context\":\"https:\\\/\\\/schema.org\",\"@graph\":[{\"@type\":\"WebPage\",\"@id\":\"https:\\\/\\\/www.perfectvanwamel.com\\\/de\\\/sparten\\\/obst-und-weinbau\\\/mulchen\\\/hydraulisch-angetriebene-maehscheiben\\\/\",\"url\":\"https:\\\/\\\/www.perfectvanwamel.com\\\/de\\\/sparten\\\/obst-und-weinbau\\\/mulchen\\\/hydraulisch-angetriebene-maehscheiben\\\/\",\"name\":\"Hydraulisch angetriebene M\u00e4hscheiben - PERFECT - Van Wamel\",\"isPartOf\":{\"@id\":\"https:\\\/\\\/www.perfectvanwamel.com\\\/de\\\/#website\"},\"primaryImageOfPage\":{\"@id\":\"https:\\\/\\\/www.perfectvanwamel.com\\\/de\\\/sparten\\\/obst-und-weinbau\\\/mulchen\\\/hydraulisch-angetriebene-maehscheiben\\\/#primaryimage\"},\"image\":{\"@id\":\"https:\\\/\\\/www.perfectvanwamel.com\\\/de\\\/sparten\\\/obst-und-weinbau\\\/mulchen\\\/hydraulisch-angetriebene-maehscheiben\\\/#primaryimage\"},\"thumbnailUrl\":\"https:\\\/\\\/www.perfectvanwamel.com\\\/wp-content\\\/uploads\\\/2020\\\/06\\\/PERFECT_SWING_ARM_ORCHARD-2-1.jpg\",\"datePublished\":\"2020-09-07T09:22:13+00:00\",\"dateModified\":\"2026-03-17T09:38:00+00:00\",\"breadcrumb\":{\"@id\":\"https:\\\/\\\/www.perfectvanwamel.com\\\/de\\\/sparten\\\/obst-und-weinbau\\\/mulchen\\\/hydraulisch-angetriebene-maehscheiben\\\/#breadcrumb\"},\"inLanguage\":\"de\",\"potentialAction\":[{\"@type\":\"ReadAction\",\"target\":[\"https:\\\/\\\/www.perfectvanwamel.com\\\/de\\\/sparten\\\/obst-und-weinbau\\\/mulchen\\\/hydraulisch-angetriebene-maehscheiben\\\/\"]}]},{\"@type\":\"ImageObject\",\"inLanguage\":\"de\",\"@id\":\"https:\\\/\\\/www.perfectvanwamel.com\\\/de\\\/sparten\\\/obst-und-weinbau\\\/mulchen\\\/hydraulisch-angetriebene-maehscheiben\\\/#primaryimage\",\"url\":\"https:\\\/\\\/www.perfectvanwamel.com\\\/wp-content\\\/uploads\\\/2020\\\/06\\\/PERFECT_SWING_ARM_ORCHARD-2-1.jpg\",\"contentUrl\":\"https:\\\/\\\/www.perfectvanwamel.com\\\/wp-content\\\/uploads\\\/2020\\\/06\\\/PERFECT_SWING_ARM_ORCHARD-2-1.jpg\",\"width\":2262,\"height\":1118},{\"@type\":\"BreadcrumbList\",\"@id\":\"https:\\\/\\\/www.perfectvanwamel.com\\\/de\\\/sparten\\\/obst-und-weinbau\\\/mulchen\\\/hydraulisch-angetriebene-maehscheiben\\\/#breadcrumb\",\"itemListElement\":[{\"@type\":\"ListItem\",\"position\":1,\"name\":\"Home\",\"item\":\"https:\\\/\\\/staging.perfectvanwamel.com\\\/de\\\/\"},{\"@type\":\"ListItem\",\"position\":2,\"name\":\"Sparten\",\"item\":\"https:\\\/\\\/staging.perfectvanwamel.com\\\/de\\\/sparten\\\/\"},{\"@type\":\"ListItem\",\"position\":3,\"name\":\"Obst- und Weinbau\",\"item\":\"https:\\\/\\\/staging.perfectvanwamel.com\\\/de\\\/sparten\\\/obst-und-weinbau\\\/\"},{\"@type\":\"ListItem\",\"position\":4,\"name\":\"Mulchen\",\"item\":\"https:\\\/\\\/staging.perfectvanwamel.com\\\/de\\\/sparten\\\/obst-und-weinbau\\\/mulchen\\\/\"},{\"@type\":\"ListItem\",\"position\":5,\"name\":\"Hydraulisch angetriebene M\u00e4hscheiben\"}]},{\"@type\":\"WebSite\",\"@id\":\"https:\\\/\\\/www.perfectvanwamel.com\\\/de\\\/#website\",\"url\":\"https:\\\/\\\/www.perfectvanwamel.com\\\/de\\\/\",\"name\":\"PERFECT - Van Wamel\",\"description\":\"\",\"potentialAction\":[{\"@type\":\"SearchAction\",\"target\":{\"@type\":\"EntryPoint\",\"urlTemplate\":\"https:\\\/\\\/www.perfectvanwamel.com\\\/de\\\/?s={search_term_string}\"},\"query-input\":{\"@type\":\"PropertyValueSpecification\",\"valueRequired\":true,\"valueName\":\"search_term_string\"}}],\"inLanguage\":\"de\"}]}<\/script>\n<!-- \/ Yoast SEO plugin. -->","yoast_head_json":{"title":"Hydraulisch angetriebene M\u00e4hscheiben - PERFECT - Van Wamel","robots":{"index":"index","follow":"follow","max-snippet":"max-snippet:-1","max-image-preview":"max-image-preview:large","max-video-preview":"max-video-preview:-1"},"canonical":"https:\/\/www.perfectvanwamel.com\/de\/sparten\/obst-und-weinbau\/mulchen\/hydraulisch-angetriebene-maehscheiben\/","og_locale":"de_DE","og_type":"article","og_title":"Hydraulisch angetriebene M\u00e4hscheiben - PERFECT - Van Wamel","og_url":"https:\/\/www.perfectvanwamel.com\/de\/sparten\/obst-und-weinbau\/mulchen\/hydraulisch-angetriebene-maehscheiben\/","og_site_name":"PERFECT - Van Wamel","article_modified_time":"2026-03-17T09:38:00+00:00","og_image":[{"width":2262,"height":1118,"url":"https:\/\/staging.perfectvanwamel.com\/wp-content\/uploads\/2020\/06\/PERFECT_SWING_ARM_ORCHARD-2-1.jpg","type":"image\/jpeg"}],"twitter_card":"summary_large_image","twitter_misc":{"Gesch\u00e4tzte Lesezeit":"1\u00a0Minute"},"schema":{"@context":"https:\/\/schema.org","@graph":[{"@type":"WebPage","@id":"https:\/\/www.perfectvanwamel.com\/de\/sparten\/obst-und-weinbau\/mulchen\/hydraulisch-angetriebene-maehscheiben\/","url":"https:\/\/www.perfectvanwamel.com\/de\/sparten\/obst-und-weinbau\/mulchen\/hydraulisch-angetriebene-maehscheiben\/","name":"Hydraulisch angetriebene M\u00e4hscheiben - PERFECT - Van Wamel","isPartOf":{"@id":"https:\/\/www.perfectvanwamel.com\/de\/#website"},"primaryImageOfPage":{"@id":"https:\/\/www.perfectvanwamel.com\/de\/sparten\/obst-und-weinbau\/mulchen\/hydraulisch-angetriebene-maehscheiben\/#primaryimage"},"image":{"@id":"https:\/\/www.perfectvanwamel.com\/de\/sparten\/obst-und-weinbau\/mulchen\/hydraulisch-angetriebene-maehscheiben\/#primaryimage"},"thumbnailUrl":"https:\/\/www.perfectvanwamel.com\/wp-content\/uploads\/2020\/06\/PERFECT_SWING_ARM_ORCHARD-2-1.jpg","datePublished":"2020-09-07T09:22:13+00:00","dateModified":"2026-03-17T09:38:00+00:00","breadcrumb":{"@id":"https:\/\/www.perfectvanwamel.com\/de\/sparten\/obst-und-weinbau\/mulchen\/hydraulisch-angetriebene-maehscheiben\/#breadcrumb"},"inLanguage":"de","potentialAction":[{"@type":"ReadAction","target":["https:\/\/www.perfectvanwamel.com\/de\/sparten\/obst-und-weinbau\/mulchen\/hydraulisch-angetriebene-maehscheiben\/"]}]},{"@type":"ImageObject","inLanguage":"de","@id":"https:\/\/www.perfectvanwamel.com\/de\/sparten\/obst-und-weinbau\/mulchen\/hydraulisch-angetriebene-maehscheiben\/#primaryimage","url":"https:\/\/www.perfectvanwamel.com\/wp-content\/uploads\/2020\/06\/PERFECT_SWING_ARM_ORCHARD-2-1.jpg","contentUrl":"https:\/\/www.perfectvanwamel.com\/wp-content\/uploads\/2020\/06\/PERFECT_SWING_ARM_ORCHARD-2-1.jpg","width":2262,"height":1118},{"@type":"BreadcrumbList","@id":"https:\/\/www.perfectvanwamel.com\/de\/sparten\/obst-und-weinbau\/mulchen\/hydraulisch-angetriebene-maehscheiben\/#breadcrumb","itemListElement":[{"@type":"ListItem","position":1,"name":"Home","item":"https:\/\/staging.perfectvanwamel.com\/de\/"},{"@type":"ListItem","position":2,"name":"Sparten","item":"https:\/\/staging.perfectvanwamel.com\/de\/sparten\/"},{"@type":"ListItem","position":3,"name":"Obst- und Weinbau","item":"https:\/\/staging.perfectvanwamel.com\/de\/sparten\/obst-und-weinbau\/"},{"@type":"ListItem","position":4,"name":"Mulchen","item":"https:\/\/staging.perfectvanwamel.com\/de\/sparten\/obst-und-weinbau\/mulchen\/"},{"@type":"ListItem","position":5,"name":"Hydraulisch angetriebene M\u00e4hscheiben"}]},{"@type":"WebSite","@id":"https:\/\/www.perfectvanwamel.com\/de\/#website","url":"https:\/\/www.perfectvanwamel.com\/de\/","name":"PERFECT - Van Wamel","description":"","potentialAction":[{"@type":"SearchAction","target":{"@type":"EntryPoint","urlTemplate":"https:\/\/www.perfectvanwamel.com\/de\/?s={search_term_string}"},"query-input":{"@type":"PropertyValueSpecification","valueRequired":true,"valueName":"search_term_string"}}],"inLanguage":"de"}]}},"_links":{"self":[{"href":"https:\/\/www.perfectvanwamel.com\/de\/wp-json\/wp\/v2\/pages\/5428","targetHints":{"allow":["GET"]}}],"collection":[{"href":"https:\/\/www.perfectvanwamel.com\/de\/wp-json\/wp\/v2\/pages"}],"about":[{"href":"https:\/\/www.perfectvanwamel.com\/de\/wp-json\/wp\/v2\/types\/page"}],"author":[{"embeddable":true,"href":"https:\/\/www.perfectvanwamel.com\/de\/wp-json\/wp\/v2\/users\/1"}],"replies":[{"embeddable":true,"href":"https:\/\/www.perfectvanwamel.com\/de\/wp-json\/wp\/v2\/comments?post=5428"}],"version-history":[{"count":4,"href":"https:\/\/www.perfectvanwamel.com\/de\/wp-json\/wp\/v2\/pages\/5428\/revisions"}],"predecessor-version":[{"id":28724,"href":"https:\/\/www.perfectvanwamel.com\/de\/wp-json\/wp\/v2\/pages\/5428\/revisions\/28724"}],"up":[{"embeddable":true,"href":"https:\/\/www.perfectvanwamel.com\/de\/wp-json\/wp\/v2\/pages\/5422"}],"wp:featuredmedia":[{"embeddable":true,"href":"https:\/\/www.perfectvanwamel.com\/de\/wp-json\/wp\/v2\/media\/4511"}],"wp:attachment":[{"href":"https:\/\/www.perfectvanwamel.com\/de\/wp-json\/wp\/v2\/media?parent=5428"}],"curies":[{"name":"wp","href":"https:\/\/api.w.org\/{rel}","templated":true}]}}