{"id":5444,"date":"2020-09-07T11:53:31","date_gmt":"2020-09-07T09:53:31","guid":{"rendered":"https:\/\/www.perfectvanwamel.com\/obst-und-weinbau\/reihenkehrer\/"},"modified":"2026-03-17T11:13:01","modified_gmt":"2026-03-17T10:13:01","slug":"reihenkehrer","status":"publish","type":"page","link":"https:\/\/www.perfectvanwamel.com\/de\/sparten\/obst-und-weinbau\/reihenkehrer\/","title":{"rendered":"Reihenkehrer"},"content":{"rendered":"<section class=\"l-section wpb_row height_small\"><div class=\"l-section-h i-cf\"><div class=\"g-cols vc_row type_default valign_top reversed\"><div class=\"vc_col-sm-12 wpb_column vc_column_container\"><div class=\"vc_column-inner\"><div class=\"wpb_wrapper\">[vc_custom_heading text=&#8221;Reihenkehrer im Obst- und Weinbau&#8221; font_container=&#8221;tag:h1|text_align:left&#8221; use_theme_fonts=&#8221;yes&#8221;]<div class=\"g-cols wpb_row  type_default valign_top vc_inner\"><div class=\"vc_col-sm-12 wpb_column vc_column_container\"><div class=\"vc_column-inner\"><div class=\"wpb_wrapper\"><div class=\"w-image align_none\"><div class=\"w-image-h\"><img decoding=\"async\" width=\"1600\" height=\"620\" src=\"https:\/\/www.perfectvanwamel.com\/wp-content\/uploads\/2026\/03\/Strokenpoetsen.jpg\" class=\"attachment-us_1600_620_crop size-us_1600_620_crop\" alt=\"\" srcset=\"https:\/\/www.perfectvanwamel.com\/wp-content\/uploads\/2026\/03\/Strokenpoetsen.jpg 1600w, https:\/\/www.perfectvanwamel.com\/wp-content\/uploads\/2026\/03\/Strokenpoetsen-300x116.jpg 300w, https:\/\/www.perfectvanwamel.com\/wp-content\/uploads\/2026\/03\/Strokenpoetsen-1024x397.jpg 1024w, https:\/\/www.perfectvanwamel.com\/wp-content\/uploads\/2026\/03\/Strokenpoetsen-600x233.jpg 600w\" sizes=\"(max-width: 1600px) 100vw, 1600px\" \/><\/div><\/div><div class=\"w-separator size_medium\"><\/div><div class=\"wpb_text_column\" ><div class=\"wpb_wrapper\"><p>Die Pflege der Baumstreifen tr\u00e4gt nicht nur zum besseren und leichteren Schreddern von Holzschnitt bei, sondern weil auch Laub vom Boden entfernt wird, hat Schimmel keine Chance, und Unkraut kann wirkungsvoller bek\u00e4mpft werden.<\/p>\n<p>Alle PERFECT Reihenkehrer verf\u00fcgen \u00fcber eine Laufwalze, um die sich die B\u00fcrsten drehen. Dadurch kann der Kehrer unabh\u00e4ngig von der Zugmaschine stets der Bodenformation folgen. Das f\u00fchrt nat\u00fcrlich auch zu einem besseren Arbeitsergebnis. Auch die PERFECT Reihenkehrer sind f\u00fcr ihre \u00e4u\u00dferst lange Lebensdauer bekannt.<\/p>\n<p>PERFECT Reihenkehrer sind nicht nur mit elastischen, verschlei\u00dffesten B\u00fcrsten lieferbar, sondern auch mit Gummilaschen, die horizontal angebracht werden und sich rund um einen lagermontierten St\u00fctzteller bewegen. Zur Verarbeitung von gr\u00f6berem Holzschnitt oder auch von zur\u00fcckgebliebenen Fr\u00fcchten ist dies eine ideale L\u00f6sung.<\/p>\n<\/div><\/div><div class=\"wpb_text_column\" ><div class=\"wpb_wrapper\"><h2>Reihenkehrer f\u00fcr Laub und Holzschnitt<\/h2>\n<p>Das PERFECT Lieferprogramm umfasst Reihenkehrer <a href=\"https:\/\/www.perfectvanwamel.com\/de\/produkt\/reihenkehrer-spa\/\">zum Anbau an einen Holzschnitth\u00e4cksler<\/a> (SPA) oder zum <a href=\"https:\/\/www.perfectvanwamel.com\/de\/produkt\/reihenkehrer-spf\/\">Frontanbau am Schlepper<\/a> (SPF). Zur gleichzeitigen Pflege der Baumstreifen auf beiden Seiten ist ein <a href=\"https:\/\/www.perfectvanwamel.com\/de\/produkt\/reihenkehrer-spd\/\">doppelter Reihenkehrer<\/a> (SPD) verf\u00fcgbar.<\/p>\n<\/div><\/div><\/div><\/div><\/div><\/div><div class=\"w-separator size_small\"><\/div><div class=\"w-grid type_carousel layout_121\" id=\"us_grid_1\"><style id=\"us_grid_1_css\">#us_grid_1 .w-grid-item{padding:1.5rem}#us_grid_1 .w-grid-list{margin:-1.5rem}.w-grid + #us_grid_1 .w-grid-list{margin-top:1.5rem}<\/style><style>.layout_121 .w-grid-item-h{}.layout_121 .usg_post_image_1{width:100%!important;max-height:100%!important}.layout_121 .usg_product_field_1{position:absolute!important;top:10px!important;left:10px!important;padding-left:0.8rem!important;padding-right:0.8rem!important;font-family:'Interstate', sans-serif!important;font-size:12px!important;font-weight:700!important;text-transform:uppercase!important;color:#fff!important;border-radius:2rem!important;background:#eb690b!important}.layout_121 .usg_post_title_1{margin-top:0.8rem!important;margin-bottom:0.2rem!important;font-family:'Interstate', sans-serif!important;font-size:1rem!important}.layout_121 .usg_html_3{margin-bottom:0!important}.layout_121 .usg_post_custom_field_1{font-family:'Interstate', sans-serif!important}.layout_121 .usg_vwrapper_2{height:300px!important}<\/style><div class=\"w-grid-list owl-carousel navstyle_circle navpos_outside\"><article class=\"w-grid-item post-5564 product type-product status-publish has-post-thumbnail product_cat-reihenkehrer pa_denkende-schijf-nein first instock shipping-taxable product-type-simple\" data-id=\"5564\">\r\n\t<div class=\"w-grid-item-h\">\r\n\t\t\t\t<div class=\"w-vwrapper usg_vwrapper_1 align_left valign_top \"><div class=\"w-vwrapper usg_vwrapper_2 align_center valign_middle product_image_wrapper\"><div class=\"w-post-elm post_image usg_post_image_1 stretched has_width\"><a href=\"https:\/\/www.perfectvanwamel.com\/de\/produkt\/reihenkehrer-spa\/\" aria-label=\"spa, Reihenkehrer zum Anbau\"><img decoding=\"async\" width=\"1500\" height=\"1001\" src=\"https:\/\/www.perfectvanwamel.com\/wp-content\/uploads\/2020\/04\/SPA.jpg\" class=\"attachment-full size-full wp-post-image\" alt=\"\" srcset=\"https:\/\/www.perfectvanwamel.com\/wp-content\/uploads\/2020\/04\/SPA.jpg 1500w, https:\/\/www.perfectvanwamel.com\/wp-content\/uploads\/2020\/04\/SPA-300x200.jpg 300w, https:\/\/www.perfectvanwamel.com\/wp-content\/uploads\/2020\/04\/SPA-1024x683.jpg 1024w, https:\/\/www.perfectvanwamel.com\/wp-content\/uploads\/2020\/04\/SPA-600x400.jpg 600w\" sizes=\"(max-width: 1500px) 100vw, 1500px\" \/><\/a><\/div><\/div><h2 class=\"w-post-elm post_title usg_post_title_1 woocommerce-loop-product__title color_link_inherit\"><a href=\"https:\/\/www.perfectvanwamel.com\/de\/produkt\/reihenkehrer-spa\/\">spa, Reihenkehrer zum Anbau<\/a><\/h2><div class=\"w-post-elm post_custom_field usg_post_custom_field_1 type_text\"><\/div><div class=\"w-html usg_html_3\">    <div class=\"product-icons\">\n                                <\/div>\n    <\/div><div class=\"w-html usg_html_2\"><a href=\"#\" class=\"button add-to-compare-button btn button btn-default theme-button theme-btn\" data-product-id=\"5564\" rel=\"nofollow\">Vergleichen<\/a><\/div><\/div>\t<\/div>\r\n<\/article>\r\n<article class=\"w-grid-item post-5563 product type-product status-publish has-post-thumbnail product_cat-reihenkehrer pa_denkende-schijf-nein  instock shipping-taxable product-type-simple\" data-id=\"5563\">\r\n\t<div class=\"w-grid-item-h\">\r\n\t\t\t\t<div class=\"w-vwrapper usg_vwrapper_1 align_left valign_top \"><div class=\"w-vwrapper usg_vwrapper_2 align_center valign_middle product_image_wrapper\"><div class=\"w-post-elm post_image usg_post_image_1 stretched has_width\"><a href=\"https:\/\/www.perfectvanwamel.com\/de\/produkt\/reihenkehrer-spf\/\" aria-label=\"SPF, Reihenkeher zum Frontanbau\"><img decoding=\"async\" width=\"2094\" height=\"1365\" src=\"https:\/\/www.perfectvanwamel.com\/wp-content\/uploads\/2020\/04\/SPF.jpg\" class=\"attachment-full size-full wp-post-image\" alt=\"\" srcset=\"https:\/\/www.perfectvanwamel.com\/wp-content\/uploads\/2020\/04\/SPF.jpg 2094w, https:\/\/www.perfectvanwamel.com\/wp-content\/uploads\/2020\/04\/SPF-300x196.jpg 300w, https:\/\/www.perfectvanwamel.com\/wp-content\/uploads\/2020\/04\/SPF-1024x668.jpg 1024w, https:\/\/www.perfectvanwamel.com\/wp-content\/uploads\/2020\/04\/SPF-600x391.jpg 600w\" sizes=\"(max-width: 2094px) 100vw, 2094px\" \/><\/a><\/div><\/div><h2 class=\"w-post-elm post_title usg_post_title_1 woocommerce-loop-product__title color_link_inherit\"><a href=\"https:\/\/www.perfectvanwamel.com\/de\/produkt\/reihenkehrer-spf\/\">SPF, Reihenkeher zum Frontanbau<\/a><\/h2><div class=\"w-post-elm post_custom_field usg_post_custom_field_1 type_text\"><\/div><div class=\"w-html usg_html_3\">    <div class=\"product-icons\">\n                                <\/div>\n    <\/div><div class=\"w-html usg_html_2\"><a href=\"#\" class=\"button add-to-compare-button btn button btn-default theme-button theme-btn\" data-product-id=\"5563\" rel=\"nofollow\">Vergleichen<\/a><\/div><\/div>\t<\/div>\r\n<\/article>\r\n<article class=\"w-grid-item post-5562 product type-product status-publish has-post-thumbnail product_cat-reihenkehrer pa_denkende-schijf-nein last instock shipping-taxable product-type-simple\" data-id=\"5562\">\r\n\t<div class=\"w-grid-item-h\">\r\n\t\t\t\t<div class=\"w-vwrapper usg_vwrapper_1 align_left valign_top \"><div class=\"w-vwrapper usg_vwrapper_2 align_center valign_middle product_image_wrapper\"><div class=\"w-post-elm post_image usg_post_image_1 stretched has_width\"><a href=\"https:\/\/www.perfectvanwamel.com\/de\/produkt\/reihenkehrer-spd\/\" aria-label=\"SPD, doppelter Reihenkehrer\"><img decoding=\"async\" width=\"1500\" height=\"1001\" src=\"https:\/\/www.perfectvanwamel.com\/wp-content\/uploads\/2020\/04\/SPD.jpg\" class=\"attachment-full size-full wp-post-image\" alt=\"\" srcset=\"https:\/\/www.perfectvanwamel.com\/wp-content\/uploads\/2020\/04\/SPD.jpg 1500w, https:\/\/www.perfectvanwamel.com\/wp-content\/uploads\/2020\/04\/SPD-300x200.jpg 300w, https:\/\/www.perfectvanwamel.com\/wp-content\/uploads\/2020\/04\/SPD-1024x683.jpg 1024w, https:\/\/www.perfectvanwamel.com\/wp-content\/uploads\/2020\/04\/SPD-600x400.jpg 600w\" sizes=\"(max-width: 1500px) 100vw, 1500px\" \/><\/a><\/div><\/div><h2 class=\"w-post-elm post_title usg_post_title_1 woocommerce-loop-product__title color_link_inherit\"><a href=\"https:\/\/www.perfectvanwamel.com\/de\/produkt\/reihenkehrer-spd\/\">SPD, doppelter Reihenkehrer<\/a><\/h2><div class=\"w-post-elm post_custom_field usg_post_custom_field_1 type_text\"><\/div><div class=\"w-html usg_html_3\">    <div class=\"product-icons\">\n                                <\/div>\n    <\/div><div class=\"w-html usg_html_2\"><a href=\"#\" class=\"button add-to-compare-button btn button btn-default theme-button theme-btn\" data-product-id=\"5562\" rel=\"nofollow\">Vergleichen<\/a><\/div><\/div>\t<\/div>\r\n<\/article>\r\n<\/div>\t<div class=\"g-preloader type_1\">\r\n\t\t<div><\/div>\r\n\t<\/div>\r\n\t\t<div class=\"w-grid-json hidden\" onclick='return {&quot;ajax_url&quot;:&quot;https:\\\/\\\/www.perfectvanwamel.com\\\/wp-admin\\\/admin-ajax.php&quot;,&quot;permalink_url&quot;:&quot;https:\\\/\\\/www.perfectvanwamel.com\\\/de\\\/produkt\\\/reihenkehrer-spd\\\/&quot;,&quot;action&quot;:&quot;us_ajax_grid&quot;,&quot;max_num_pages&quot;:1,&quot;infinite_scroll&quot;:0,&quot;template_vars&quot;:{&quot;query_args&quot;:{&quot;ignore_sticky_posts&quot;:1,&quot;post_type&quot;:&quot;any&quot;,&quot;post__in&quot;:[&quot;2146&quot;,&quot;2155&quot;,&quot;2164&quot;],&quot;orderby&quot;:{&quot;post__in&quot;:&quot;ASC&quot;},&quot;posts_per_page&quot;:&quot;10&quot;},&quot;post_id&quot;:5444,&quot;us_grid_index&quot;:1,&quot;us_grid_ajax_index&quot;:null,&quot;exclude_items&quot;:&quot;none&quot;,&quot;items_offset&quot;:&quot;1&quot;,&quot;items_layout&quot;:&quot;121&quot;,&quot;type&quot;:&quot;carousel&quot;,&quot;columns&quot;:&quot;3&quot;,&quot;img_size&quot;:&quot;default&quot;,&quot;overriding_link&quot;:&quot;none&quot;,&quot;lang&quot;:&quot;de&quot;},&quot;carousel_settings&quot;:{&quot;items&quot;:&quot;3&quot;,&quot;nav&quot;:0,&quot;navNext&quot;:&quot;&quot;,&quot;navPrev&quot;:&quot;&quot;,&quot;dots&quot;:0,&quot;center&quot;:0,&quot;autoplay&quot;:0,&quot;smooth_play&quot;:0,&quot;timeout&quot;:3000,&quot;speed&quot;:250,&quot;transition&quot;:&quot;&quot;,&quot;autoHeight&quot;:0,&quot;slideby&quot;:&quot;1&quot;},&quot;carousel_breakpoints&quot;:{&quot;1200&quot;:{&quot;items&quot;:3},&quot;900&quot;:{&quot;items&quot;:3,&quot;autoplay&quot;:1,&quot;autoplayHoverPause&quot;:1,&quot;autoHeight&quot;:0},&quot;600&quot;:{&quot;items&quot;:2,&quot;autoplay&quot;:1,&quot;autoplayHoverPause&quot;:1,&quot;autoHeight&quot;:0},&quot;0&quot;:{&quot;items&quot;:1,&quot;autoplay&quot;:1,&quot;autoplayHoverPause&quot;:1,&quot;autoHeight&quot;:0}}}'><\/div>\r\n<\/div><\/div><\/div><\/div><\/div><\/div><\/section>\n","protected":false},"excerpt":{"rendered":"Bei Traktoren ohne Frontkraftheber ist die Montagestange des Reinigers beispielsweise auf der Halterung f\u00fcr die Frontgewichte des Traktors montiert. Das SPD ist serienm\u00e4\u00dfig mit hydraulischen Hochklappbare Reinigungsk\u00f6pfen ausgestattet, au\u00dferdem ist die Arbeitsbreite auch hydraulisch einstellbar. Der Standard-Reinigungskopf hat einen Radius von 1,0 Metern, es sind jedoch auch Reinigungsk\u00f6pfe mit 0,58 Metern (Weinbau, Beerenanbau) und 1,30...","protected":false},"author":1,"featured_media":28865,"parent":5287,"menu_order":0,"comment_status":"closed","ping_status":"closed","template":"","meta":{"_acf_changed":false,"footnotes":""},"class_list":["post-5444","page","type-page","status-publish","has-post-thumbnail","hentry"],"acf":[],"yoast_head":"<!-- This site is optimized with the Yoast SEO plugin v27.4 - https:\/\/yoast.com\/product\/yoast-seo-wordpress\/ -->\n<title>Reihenkehrer - PERFECT - Van Wamel<\/title>\n<meta name=\"robots\" content=\"index, follow, max-snippet:-1, max-image-preview:large, max-video-preview:-1\" \/>\n<link rel=\"canonical\" href=\"https:\/\/www.perfectvanwamel.com\/de\/sparten\/obst-und-weinbau\/reihenkehrer\/\" \/>\n<meta property=\"og:locale\" content=\"de_DE\" \/>\n<meta property=\"og:type\" content=\"article\" \/>\n<meta property=\"og:title\" content=\"Reihenkehrer - PERFECT - Van Wamel\" \/>\n<meta property=\"og:url\" content=\"https:\/\/www.perfectvanwamel.com\/de\/sparten\/obst-und-weinbau\/reihenkehrer\/\" \/>\n<meta property=\"og:site_name\" content=\"PERFECT - Van Wamel\" \/>\n<meta property=\"article:modified_time\" content=\"2026-03-17T10:13:01+00:00\" \/>\n<meta property=\"og:image\" content=\"https:\/\/staging.perfectvanwamel.com\/wp-content\/uploads\/2020\/06\/PERFECT_BRUSH_SWEEPER-3-1.jpg\" \/>\n\t<meta property=\"og:image:width\" content=\"2269\" \/>\n\t<meta property=\"og:image:height\" content=\"1207\" \/>\n\t<meta property=\"og:image:type\" content=\"image\/jpeg\" \/>\n<meta name=\"twitter:card\" content=\"summary_large_image\" \/>\n<meta name=\"twitter:label1\" content=\"Gesch\u00e4tzte Lesezeit\" \/>\n\t<meta name=\"twitter:data1\" content=\"1\u00a0Minute\" \/>\n<script type=\"application\/ld+json\" class=\"yoast-schema-graph\">{\"@context\":\"https:\\\/\\\/schema.org\",\"@graph\":[{\"@type\":\"WebPage\",\"@id\":\"https:\\\/\\\/www.perfectvanwamel.com\\\/de\\\/sparten\\\/obst-und-weinbau\\\/reihenkehrer\\\/\",\"url\":\"https:\\\/\\\/www.perfectvanwamel.com\\\/de\\\/sparten\\\/obst-und-weinbau\\\/reihenkehrer\\\/\",\"name\":\"Reihenkehrer - PERFECT - Van Wamel\",\"isPartOf\":{\"@id\":\"https:\\\/\\\/www.perfectvanwamel.com\\\/de\\\/#website\"},\"primaryImageOfPage\":{\"@id\":\"https:\\\/\\\/www.perfectvanwamel.com\\\/de\\\/sparten\\\/obst-und-weinbau\\\/reihenkehrer\\\/#primaryimage\"},\"image\":{\"@id\":\"https:\\\/\\\/www.perfectvanwamel.com\\\/de\\\/sparten\\\/obst-und-weinbau\\\/reihenkehrer\\\/#primaryimage\"},\"thumbnailUrl\":\"https:\\\/\\\/www.perfectvanwamel.com\\\/wp-content\\\/uploads\\\/2026\\\/03\\\/strokenpoetsen-1.jpg\",\"datePublished\":\"2020-09-07T09:53:31+00:00\",\"dateModified\":\"2026-03-17T10:13:01+00:00\",\"breadcrumb\":{\"@id\":\"https:\\\/\\\/www.perfectvanwamel.com\\\/de\\\/sparten\\\/obst-und-weinbau\\\/reihenkehrer\\\/#breadcrumb\"},\"inLanguage\":\"de\",\"potentialAction\":[{\"@type\":\"ReadAction\",\"target\":[\"https:\\\/\\\/www.perfectvanwamel.com\\\/de\\\/sparten\\\/obst-und-weinbau\\\/reihenkehrer\\\/\"]}]},{\"@type\":\"ImageObject\",\"inLanguage\":\"de\",\"@id\":\"https:\\\/\\\/www.perfectvanwamel.com\\\/de\\\/sparten\\\/obst-und-weinbau\\\/reihenkehrer\\\/#primaryimage\",\"url\":\"https:\\\/\\\/www.perfectvanwamel.com\\\/wp-content\\\/uploads\\\/2026\\\/03\\\/strokenpoetsen-1.jpg\",\"contentUrl\":\"https:\\\/\\\/www.perfectvanwamel.com\\\/wp-content\\\/uploads\\\/2026\\\/03\\\/strokenpoetsen-1.jpg\",\"width\":1728,\"height\":1728},{\"@type\":\"BreadcrumbList\",\"@id\":\"https:\\\/\\\/www.perfectvanwamel.com\\\/de\\\/sparten\\\/obst-und-weinbau\\\/reihenkehrer\\\/#breadcrumb\",\"itemListElement\":[{\"@type\":\"ListItem\",\"position\":1,\"name\":\"Home\",\"item\":\"https:\\\/\\\/staging.perfectvanwamel.com\\\/de\\\/\"},{\"@type\":\"ListItem\",\"position\":2,\"name\":\"Sparten\",\"item\":\"https:\\\/\\\/staging.perfectvanwamel.com\\\/de\\\/sparten\\\/\"},{\"@type\":\"ListItem\",\"position\":3,\"name\":\"Obst- und Weinbau\",\"item\":\"https:\\\/\\\/staging.perfectvanwamel.com\\\/de\\\/sparten\\\/obst-und-weinbau\\\/\"},{\"@type\":\"ListItem\",\"position\":4,\"name\":\"Reihenkehrer\"}]},{\"@type\":\"WebSite\",\"@id\":\"https:\\\/\\\/www.perfectvanwamel.com\\\/de\\\/#website\",\"url\":\"https:\\\/\\\/www.perfectvanwamel.com\\\/de\\\/\",\"name\":\"PERFECT - Van Wamel\",\"description\":\"\",\"potentialAction\":[{\"@type\":\"SearchAction\",\"target\":{\"@type\":\"EntryPoint\",\"urlTemplate\":\"https:\\\/\\\/www.perfectvanwamel.com\\\/de\\\/?s={search_term_string}\"},\"query-input\":{\"@type\":\"PropertyValueSpecification\",\"valueRequired\":true,\"valueName\":\"search_term_string\"}}],\"inLanguage\":\"de\"}]}<\/script>\n<!-- \/ Yoast SEO plugin. -->","yoast_head_json":{"title":"Reihenkehrer - PERFECT - Van Wamel","robots":{"index":"index","follow":"follow","max-snippet":"max-snippet:-1","max-image-preview":"max-image-preview:large","max-video-preview":"max-video-preview:-1"},"canonical":"https:\/\/www.perfectvanwamel.com\/de\/sparten\/obst-und-weinbau\/reihenkehrer\/","og_locale":"de_DE","og_type":"article","og_title":"Reihenkehrer - PERFECT - Van Wamel","og_url":"https:\/\/www.perfectvanwamel.com\/de\/sparten\/obst-und-weinbau\/reihenkehrer\/","og_site_name":"PERFECT - Van Wamel","article_modified_time":"2026-03-17T10:13:01+00:00","og_image":[{"width":2269,"height":1207,"url":"https:\/\/staging.perfectvanwamel.com\/wp-content\/uploads\/2020\/06\/PERFECT_BRUSH_SWEEPER-3-1.jpg","type":"image\/jpeg"}],"twitter_card":"summary_large_image","twitter_misc":{"Gesch\u00e4tzte Lesezeit":"1\u00a0Minute"},"schema":{"@context":"https:\/\/schema.org","@graph":[{"@type":"WebPage","@id":"https:\/\/www.perfectvanwamel.com\/de\/sparten\/obst-und-weinbau\/reihenkehrer\/","url":"https:\/\/www.perfectvanwamel.com\/de\/sparten\/obst-und-weinbau\/reihenkehrer\/","name":"Reihenkehrer - PERFECT - Van Wamel","isPartOf":{"@id":"https:\/\/www.perfectvanwamel.com\/de\/#website"},"primaryImageOfPage":{"@id":"https:\/\/www.perfectvanwamel.com\/de\/sparten\/obst-und-weinbau\/reihenkehrer\/#primaryimage"},"image":{"@id":"https:\/\/www.perfectvanwamel.com\/de\/sparten\/obst-und-weinbau\/reihenkehrer\/#primaryimage"},"thumbnailUrl":"https:\/\/www.perfectvanwamel.com\/wp-content\/uploads\/2026\/03\/strokenpoetsen-1.jpg","datePublished":"2020-09-07T09:53:31+00:00","dateModified":"2026-03-17T10:13:01+00:00","breadcrumb":{"@id":"https:\/\/www.perfectvanwamel.com\/de\/sparten\/obst-und-weinbau\/reihenkehrer\/#breadcrumb"},"inLanguage":"de","potentialAction":[{"@type":"ReadAction","target":["https:\/\/www.perfectvanwamel.com\/de\/sparten\/obst-und-weinbau\/reihenkehrer\/"]}]},{"@type":"ImageObject","inLanguage":"de","@id":"https:\/\/www.perfectvanwamel.com\/de\/sparten\/obst-und-weinbau\/reihenkehrer\/#primaryimage","url":"https:\/\/www.perfectvanwamel.com\/wp-content\/uploads\/2026\/03\/strokenpoetsen-1.jpg","contentUrl":"https:\/\/www.perfectvanwamel.com\/wp-content\/uploads\/2026\/03\/strokenpoetsen-1.jpg","width":1728,"height":1728},{"@type":"BreadcrumbList","@id":"https:\/\/www.perfectvanwamel.com\/de\/sparten\/obst-und-weinbau\/reihenkehrer\/#breadcrumb","itemListElement":[{"@type":"ListItem","position":1,"name":"Home","item":"https:\/\/staging.perfectvanwamel.com\/de\/"},{"@type":"ListItem","position":2,"name":"Sparten","item":"https:\/\/staging.perfectvanwamel.com\/de\/sparten\/"},{"@type":"ListItem","position":3,"name":"Obst- und Weinbau","item":"https:\/\/staging.perfectvanwamel.com\/de\/sparten\/obst-und-weinbau\/"},{"@type":"ListItem","position":4,"name":"Reihenkehrer"}]},{"@type":"WebSite","@id":"https:\/\/www.perfectvanwamel.com\/de\/#website","url":"https:\/\/www.perfectvanwamel.com\/de\/","name":"PERFECT - Van Wamel","description":"","potentialAction":[{"@type":"SearchAction","target":{"@type":"EntryPoint","urlTemplate":"https:\/\/www.perfectvanwamel.com\/de\/?s={search_term_string}"},"query-input":{"@type":"PropertyValueSpecification","valueRequired":true,"valueName":"search_term_string"}}],"inLanguage":"de"}]}},"_links":{"self":[{"href":"https:\/\/www.perfectvanwamel.com\/de\/wp-json\/wp\/v2\/pages\/5444","targetHints":{"allow":["GET"]}}],"collection":[{"href":"https:\/\/www.perfectvanwamel.com\/de\/wp-json\/wp\/v2\/pages"}],"about":[{"href":"https:\/\/www.perfectvanwamel.com\/de\/wp-json\/wp\/v2\/types\/page"}],"author":[{"embeddable":true,"href":"https:\/\/www.perfectvanwamel.com\/de\/wp-json\/wp\/v2\/users\/1"}],"replies":[{"embeddable":true,"href":"https:\/\/www.perfectvanwamel.com\/de\/wp-json\/wp\/v2\/comments?post=5444"}],"version-history":[{"count":3,"href":"https:\/\/www.perfectvanwamel.com\/de\/wp-json\/wp\/v2\/pages\/5444\/revisions"}],"predecessor-version":[{"id":28756,"href":"https:\/\/www.perfectvanwamel.com\/de\/wp-json\/wp\/v2\/pages\/5444\/revisions\/28756"}],"up":[{"embeddable":true,"href":"https:\/\/www.perfectvanwamel.com\/de\/wp-json\/wp\/v2\/pages\/5287"}],"wp:featuredmedia":[{"embeddable":true,"href":"https:\/\/www.perfectvanwamel.com\/de\/wp-json\/wp\/v2\/media\/28865"}],"wp:attachment":[{"href":"https:\/\/www.perfectvanwamel.com\/de\/wp-json\/wp\/v2\/media?parent=5444"}],"curies":[{"name":"wp","href":"https:\/\/api.w.org\/{rel}","templated":true}]}}