{"id":5446,"date":"2020-09-07T11:53:47","date_gmt":"2020-09-07T09:53:47","guid":{"rendered":"https:\/\/www.perfectvanwamel.com\/sparten\/gruenpflege\/"},"modified":"2026-03-18T10:54:06","modified_gmt":"2026-03-18T09:54:06","slug":"gruenpflege","status":"publish","type":"page","link":"https:\/\/www.perfectvanwamel.com\/de\/sparten\/gruenpflege\/","title":{"rendered":"Gr\u00fcnpflege"},"content":{"rendered":"<section class=\"l-section wpb_row height_small\"><div class=\"l-section-h i-cf\"><div class=\"g-cols vc_row type_default valign_top reversed\"><div class=\"vc_col-sm-12 wpb_column vc_column_container\"><div class=\"vc_column-inner\"><div class=\"wpb_wrapper\">[vc_custom_heading text=&#8221;Gr\u00fcnpflege&#8221; font_container=&#8221;tag:h1|text_align:left&#8221; use_theme_fonts=&#8221;yes&#8221;]<div class=\"g-cols wpb_row  type_default valign_top vc_inner\"><div class=\"vc_col-sm-12 wpb_column vc_column_container\"><div class=\"vc_column-inner\"><div class=\"wpb_wrapper\"><div class=\"w-image align_center\"><div class=\"w-image-h\"><img decoding=\"async\" width=\"1600\" height=\"620\" src=\"https:\/\/www.perfectvanwamel.com\/wp-content\/uploads\/2026\/03\/Groenbeheer.jpg\" class=\"attachment-us_1600_620_crop size-us_1600_620_crop\" alt=\"\" srcset=\"https:\/\/www.perfectvanwamel.com\/wp-content\/uploads\/2026\/03\/Groenbeheer.jpg 1600w, https:\/\/www.perfectvanwamel.com\/wp-content\/uploads\/2026\/03\/Groenbeheer-300x116.jpg 300w, https:\/\/www.perfectvanwamel.com\/wp-content\/uploads\/2026\/03\/Groenbeheer-1024x397.jpg 1024w, https:\/\/www.perfectvanwamel.com\/wp-content\/uploads\/2026\/03\/Groenbeheer-600x233.jpg 600w\" sizes=\"(max-width: 1600px) 100vw, 1600px\" \/><\/div><\/div><div class=\"w-separator size_medium\"><\/div><div class=\"wpb_text_column\" ><div class=\"wpb_wrapper\"><h2><span class=\"--l --r hover:bg-blue-100 hover:dark:bg-blue-600\"><span class=\"--l container-target\">Pflege<\/span><\/span> <span class=\"--l --r hover:bg-blue-100 hover:dark:bg-blue-600\"><span class=\"container-target\">gro\u00dffl\u00e4chiger<\/span><\/span> <span class=\"--l --r hover:bg-blue-100 hover:dark:bg-blue-600\"><span class=\"container-target\">\u00f6ffentlicher<\/span><\/span> <span class=\"--l --r hover:bg-blue-100 hover:dark:bg-blue-600\"><span class=\"--r container-target\">Gr\u00fcnanlagen<\/span><\/span><\/h2>\n<p>PERFECT Schlegelmulcher eignen sich in h\u00f6chstem Ma\u00dfe f\u00fcr die Pflege gro\u00dffl\u00e4chiger \u00f6ffentlicher Gr\u00fcnanlagen wie Weg- und Stra\u00dfenr\u00e4nder, B\u00f6schungen, D\u00e4mme und Deiche, aber auch f\u00fcr Parks und Sportpl\u00e4tze.<\/p>\n<p>Unsere Schlegelmulcher \u00fcberzeugen durch eine sehr robuste Bauweise und einen gut durchdachten Antrieb.\u00a0 Sie kombinieren eine \u00fcberaus lange Lebensdauer mit hohem Benutzerkomfort und maximaler Leistungsf\u00e4higkeit.<\/p>\n<p>Da wir diese Maschinen komplett in Eigenregie herstellen, sind wir in der Lage, nicht nur Verschlei\u00dfteile, sondern auch andere Komponenten sehr schnell zu liefern. Das ist f\u00fcr immer mehr professionelle Nutzer ein gewichtiger Grund, sich f\u00fcr PERFECT zu entscheiden.<\/p>\n<h2>Schlegelmulcher f\u00fcr die Gr\u00fcnanlagenpflege<\/h2>\n<p>PERFECT bietet eine breite Palette an Schlegelmulchern. Darunter sind besonders kompakte Ger\u00e4te ebenso wie Standardvarianten und Schwerlastmodelle, Maschinen mit Arbeitsbreiten von 1,20\u00a0m bis 3,20\u00a0m f\u00fcr den Anbau an Dreipunktaufnahmen und Frontladern sowie <a href=\"https:\/\/www.perfectvanwamel.com\/de\/produkt\/seitenmulcher-zf2-serie\/\">professionelle Seitenmulcher<\/a> mit Arbeitsbreiten von 1,50\u00a0m bis 2,40\u00a0m.<\/p>\n<\/div><\/div><div class=\"wpb_text_column\" ><div class=\"wpb_wrapper\"><\/div><\/div><\/div><\/div><\/div><\/div><div class=\"w-separator size_small\"><\/div><div class=\"w-grid type_carousel layout_3514\" id=\"us_grid_1\"><style id=\"us_grid_1_css\">#us_grid_1 .w-grid-item{padding:1.5rem}#us_grid_1 .w-grid-list{margin:-1.5rem}.w-grid + #us_grid_1 .w-grid-list{margin-top:1.5rem}<\/style><style>.layout_3514 .w-grid-item-h{}.layout_3514 .usg_post_title_1{margin-top:0.8rem!important;margin-bottom:0.2rem!important;font-family:'Interstate', sans-serif!important;font-size:1rem!important}<\/style><div class=\"w-grid-list owl-carousel navstyle_circle navpos_outside\"><article class=\"w-grid-item post-5448 page type-page status-publish has-post-thumbnail hentry\" data-id=\"5448\">\r\n\t<div class=\"w-grid-item-h\">\r\n\t\t\t\t<div class=\"w-vwrapper usg_vwrapper_1 align_left valign_top \"><div class=\"w-post-elm post_image usg_post_image_1 stretched\"><a href=\"https:\/\/www.perfectvanwamel.com\/de\/sparten\/gruenpflege\/maehen-von-parkanlagen\/\" aria-label=\"M\u00e4hen von Parkanlagen\"><img decoding=\"async\" width=\"550\" height=\"265\" src=\"https:\/\/www.perfectvanwamel.com\/wp-content\/uploads\/2026\/03\/maaien-van-parken-550x265.jpg\" class=\"attachment-us_550_265_crop size-us_550_265_crop wp-post-image\" alt=\"\" \/><\/a><\/div><h2 class=\"w-post-elm post_title usg_post_title_1 entry-title color_link_inherit\"><a href=\"https:\/\/www.perfectvanwamel.com\/de\/sparten\/gruenpflege\/maehen-von-parkanlagen\/\">M\u00e4hen von Parkanlagen<\/a><\/h2><\/div>\t<\/div>\r\n<\/article>\r\n<article class=\"w-grid-item post-5450 page type-page status-publish has-post-thumbnail hentry\" data-id=\"5450\">\r\n\t<div class=\"w-grid-item-h\">\r\n\t\t\t\t<div class=\"w-vwrapper usg_vwrapper_1 align_left valign_top \"><div class=\"w-post-elm post_image usg_post_image_1 stretched\"><a href=\"https:\/\/www.perfectvanwamel.com\/de\/sparten\/gruenpflege\/maehen-von-weg-und-feldraendern\/\" aria-label=\"M\u00e4hen von Weg- und Feldr\u00e4ndern\"><img decoding=\"async\" width=\"550\" height=\"265\" src=\"https:\/\/www.perfectvanwamel.com\/wp-content\/uploads\/2026\/03\/wegbermen-en-perceelranden-550x265.jpg\" class=\"attachment-us_550_265_crop size-us_550_265_crop wp-post-image\" alt=\"\" \/><\/a><\/div><h2 class=\"w-post-elm post_title usg_post_title_1 entry-title color_link_inherit\"><a href=\"https:\/\/www.perfectvanwamel.com\/de\/sparten\/gruenpflege\/maehen-von-weg-und-feldraendern\/\">M\u00e4hen von Weg- und Feldr\u00e4ndern<\/a><\/h2><\/div>\t<\/div>\r\n<\/article>\r\n<\/div>\t<div class=\"g-preloader type_1\">\r\n\t\t<div><\/div>\r\n\t<\/div>\r\n\t\t<div class=\"w-grid-json hidden\" onclick='return {&quot;ajax_url&quot;:&quot;https:\\\/\\\/www.perfectvanwamel.com\\\/wp-admin\\\/admin-ajax.php&quot;,&quot;permalink_url&quot;:&quot;https:\\\/\\\/www.perfectvanwamel.com\\\/de\\\/sparten\\\/gruenpflege\\\/maehen-von-weg-und-feldraendern\\\/&quot;,&quot;action&quot;:&quot;us_ajax_grid&quot;,&quot;max_num_pages&quot;:1,&quot;infinite_scroll&quot;:0,&quot;template_vars&quot;:{&quot;query_args&quot;:{&quot;ignore_sticky_posts&quot;:1,&quot;post_type&quot;:&quot;any&quot;,&quot;post__in&quot;:[&quot;4905&quot;,&quot;4911&quot;],&quot;orderby&quot;:{&quot;post__in&quot;:&quot;ASC&quot;},&quot;posts_per_page&quot;:&quot;10&quot;},&quot;post_id&quot;:5446,&quot;us_grid_index&quot;:1,&quot;us_grid_ajax_index&quot;:null,&quot;exclude_items&quot;:&quot;none&quot;,&quot;items_offset&quot;:&quot;1&quot;,&quot;items_layout&quot;:&quot;3514&quot;,&quot;type&quot;:&quot;carousel&quot;,&quot;columns&quot;:&quot;2&quot;,&quot;img_size&quot;:&quot;default&quot;,&quot;overriding_link&quot;:&quot;none&quot;,&quot;lang&quot;:&quot;de&quot;},&quot;carousel_settings&quot;:{&quot;items&quot;:&quot;2&quot;,&quot;nav&quot;:1,&quot;navNext&quot;:&quot;&quot;,&quot;navPrev&quot;:&quot;&quot;,&quot;dots&quot;:0,&quot;center&quot;:0,&quot;autoplay&quot;:0,&quot;smooth_play&quot;:0,&quot;timeout&quot;:3000,&quot;speed&quot;:250,&quot;transition&quot;:&quot;&quot;,&quot;autoHeight&quot;:0,&quot;slideby&quot;:&quot;1&quot;},&quot;carousel_breakpoints&quot;:{&quot;1200&quot;:{&quot;items&quot;:2},&quot;900&quot;:{&quot;items&quot;:&quot;2&quot;,&quot;autoplay&quot;:1,&quot;autoplayHoverPause&quot;:1,&quot;autoHeight&quot;:0},&quot;600&quot;:{&quot;items&quot;:2,&quot;autoplay&quot;:1,&quot;autoplayHoverPause&quot;:1,&quot;autoHeight&quot;:0},&quot;0&quot;:{&quot;items&quot;:1,&quot;autoplay&quot;:1,&quot;autoplayHoverPause&quot;:1,&quot;autoHeight&quot;:0}}}'><\/div>\r\n<\/div><\/div><\/div><\/div><\/div><\/div><\/section>\n","protected":false},"excerpt":{"rendered":"[vc_custom_heading text=\"M\u00e4hen von Weg- und Feldr\u00e4ndern\" font_container=\"tag:h1|text_align:left\" use_theme_fonts=\"yes\"]PERFECT Multi- und Seitenmulcher sind als Qualit\u00e4tsmaschinen f\u00fcr vielf\u00e4ltige Einsatzbereiche geeignet: Sie kommen nicht nur f\u00fcr die Pflege von Weg-, Stra\u00dfen-, Acker- und Grabenr\u00e4ndern in Frage, sondern auch f\u00fcr den feldweiten Einsatz. Seitenmulcher Damit wir f\u00fcr jeden Anwender die am besten passende Maschine liefern k\u00f6nnen, umfasst das PERFECT...","protected":false},"author":1,"featured_media":0,"parent":5414,"menu_order":0,"comment_status":"closed","ping_status":"closed","template":"","meta":{"_acf_changed":false,"footnotes":""},"class_list":["post-5446","page","type-page","status-publish","hentry"],"acf":[],"yoast_head":"<!-- This site is optimized with the Yoast SEO plugin v27.4 - https:\/\/yoast.com\/product\/yoast-seo-wordpress\/ -->\n<title>Gr\u00fcnpflege - PERFECT - Van Wamel<\/title>\n<meta name=\"robots\" content=\"index, follow, max-snippet:-1, max-image-preview:large, max-video-preview:-1\" \/>\n<link rel=\"canonical\" href=\"https:\/\/www.perfectvanwamel.com\/de\/sparten\/gruenpflege\/\" \/>\n<meta property=\"og:locale\" content=\"de_DE\" \/>\n<meta property=\"og:type\" content=\"article\" \/>\n<meta property=\"og:title\" content=\"Gr\u00fcnpflege - PERFECT - Van Wamel\" \/>\n<meta property=\"og:url\" content=\"https:\/\/www.perfectvanwamel.com\/de\/sparten\/gruenpflege\/\" \/>\n<meta property=\"og:site_name\" content=\"PERFECT - Van Wamel\" \/>\n<meta property=\"article:modified_time\" content=\"2026-03-18T09:54:06+00:00\" \/>\n<meta name=\"twitter:card\" content=\"summary_large_image\" \/>\n<meta name=\"twitter:label1\" content=\"Gesch\u00e4tzte Lesezeit\" \/>\n\t<meta name=\"twitter:data1\" content=\"1\u00a0Minute\" \/>\n<script type=\"application\/ld+json\" class=\"yoast-schema-graph\">{\"@context\":\"https:\\\/\\\/schema.org\",\"@graph\":[{\"@type\":\"WebPage\",\"@id\":\"https:\\\/\\\/www.perfectvanwamel.com\\\/de\\\/sparten\\\/gruenpflege\\\/\",\"url\":\"https:\\\/\\\/www.perfectvanwamel.com\\\/de\\\/sparten\\\/gruenpflege\\\/\",\"name\":\"Gr\u00fcnpflege - PERFECT - Van Wamel\",\"isPartOf\":{\"@id\":\"https:\\\/\\\/www.perfectvanwamel.com\\\/de\\\/#website\"},\"datePublished\":\"2020-09-07T09:53:47+00:00\",\"dateModified\":\"2026-03-18T09:54:06+00:00\",\"breadcrumb\":{\"@id\":\"https:\\\/\\\/www.perfectvanwamel.com\\\/de\\\/sparten\\\/gruenpflege\\\/#breadcrumb\"},\"inLanguage\":\"de\",\"potentialAction\":[{\"@type\":\"ReadAction\",\"target\":[\"https:\\\/\\\/www.perfectvanwamel.com\\\/de\\\/sparten\\\/gruenpflege\\\/\"]}]},{\"@type\":\"BreadcrumbList\",\"@id\":\"https:\\\/\\\/www.perfectvanwamel.com\\\/de\\\/sparten\\\/gruenpflege\\\/#breadcrumb\",\"itemListElement\":[{\"@type\":\"ListItem\",\"position\":1,\"name\":\"Home\",\"item\":\"https:\\\/\\\/staging.perfectvanwamel.com\\\/de\\\/\"},{\"@type\":\"ListItem\",\"position\":2,\"name\":\"Sparten\",\"item\":\"https:\\\/\\\/staging.perfectvanwamel.com\\\/de\\\/sparten\\\/\"},{\"@type\":\"ListItem\",\"position\":3,\"name\":\"Gr\u00fcnpflege\"}]},{\"@type\":\"WebSite\",\"@id\":\"https:\\\/\\\/www.perfectvanwamel.com\\\/de\\\/#website\",\"url\":\"https:\\\/\\\/www.perfectvanwamel.com\\\/de\\\/\",\"name\":\"PERFECT - Van Wamel\",\"description\":\"\",\"potentialAction\":[{\"@type\":\"SearchAction\",\"target\":{\"@type\":\"EntryPoint\",\"urlTemplate\":\"https:\\\/\\\/www.perfectvanwamel.com\\\/de\\\/?s={search_term_string}\"},\"query-input\":{\"@type\":\"PropertyValueSpecification\",\"valueRequired\":true,\"valueName\":\"search_term_string\"}}],\"inLanguage\":\"de\"}]}<\/script>\n<!-- \/ Yoast SEO plugin. -->","yoast_head_json":{"title":"Gr\u00fcnpflege - PERFECT - Van Wamel","robots":{"index":"index","follow":"follow","max-snippet":"max-snippet:-1","max-image-preview":"max-image-preview:large","max-video-preview":"max-video-preview:-1"},"canonical":"https:\/\/www.perfectvanwamel.com\/de\/sparten\/gruenpflege\/","og_locale":"de_DE","og_type":"article","og_title":"Gr\u00fcnpflege - PERFECT - Van Wamel","og_url":"https:\/\/www.perfectvanwamel.com\/de\/sparten\/gruenpflege\/","og_site_name":"PERFECT - Van Wamel","article_modified_time":"2026-03-18T09:54:06+00:00","twitter_card":"summary_large_image","twitter_misc":{"Gesch\u00e4tzte Lesezeit":"1\u00a0Minute"},"schema":{"@context":"https:\/\/schema.org","@graph":[{"@type":"WebPage","@id":"https:\/\/www.perfectvanwamel.com\/de\/sparten\/gruenpflege\/","url":"https:\/\/www.perfectvanwamel.com\/de\/sparten\/gruenpflege\/","name":"Gr\u00fcnpflege - PERFECT - Van Wamel","isPartOf":{"@id":"https:\/\/www.perfectvanwamel.com\/de\/#website"},"datePublished":"2020-09-07T09:53:47+00:00","dateModified":"2026-03-18T09:54:06+00:00","breadcrumb":{"@id":"https:\/\/www.perfectvanwamel.com\/de\/sparten\/gruenpflege\/#breadcrumb"},"inLanguage":"de","potentialAction":[{"@type":"ReadAction","target":["https:\/\/www.perfectvanwamel.com\/de\/sparten\/gruenpflege\/"]}]},{"@type":"BreadcrumbList","@id":"https:\/\/www.perfectvanwamel.com\/de\/sparten\/gruenpflege\/#breadcrumb","itemListElement":[{"@type":"ListItem","position":1,"name":"Home","item":"https:\/\/staging.perfectvanwamel.com\/de\/"},{"@type":"ListItem","position":2,"name":"Sparten","item":"https:\/\/staging.perfectvanwamel.com\/de\/sparten\/"},{"@type":"ListItem","position":3,"name":"Gr\u00fcnpflege"}]},{"@type":"WebSite","@id":"https:\/\/www.perfectvanwamel.com\/de\/#website","url":"https:\/\/www.perfectvanwamel.com\/de\/","name":"PERFECT - Van Wamel","description":"","potentialAction":[{"@type":"SearchAction","target":{"@type":"EntryPoint","urlTemplate":"https:\/\/www.perfectvanwamel.com\/de\/?s={search_term_string}"},"query-input":{"@type":"PropertyValueSpecification","valueRequired":true,"valueName":"search_term_string"}}],"inLanguage":"de"}]}},"_links":{"self":[{"href":"https:\/\/www.perfectvanwamel.com\/de\/wp-json\/wp\/v2\/pages\/5446","targetHints":{"allow":["GET"]}}],"collection":[{"href":"https:\/\/www.perfectvanwamel.com\/de\/wp-json\/wp\/v2\/pages"}],"about":[{"href":"https:\/\/www.perfectvanwamel.com\/de\/wp-json\/wp\/v2\/types\/page"}],"author":[{"embeddable":true,"href":"https:\/\/www.perfectvanwamel.com\/de\/wp-json\/wp\/v2\/users\/1"}],"replies":[{"embeddable":true,"href":"https:\/\/www.perfectvanwamel.com\/de\/wp-json\/wp\/v2\/comments?post=5446"}],"version-history":[{"count":6,"href":"https:\/\/www.perfectvanwamel.com\/de\/wp-json\/wp\/v2\/pages\/5446\/revisions"}],"predecessor-version":[{"id":28870,"href":"https:\/\/www.perfectvanwamel.com\/de\/wp-json\/wp\/v2\/pages\/5446\/revisions\/28870"}],"up":[{"embeddable":true,"href":"https:\/\/www.perfectvanwamel.com\/de\/wp-json\/wp\/v2\/pages\/5414"}],"wp:attachment":[{"href":"https:\/\/www.perfectvanwamel.com\/de\/wp-json\/wp\/v2\/media?parent=5446"}],"curies":[{"name":"wp","href":"https:\/\/api.w.org\/{rel}","templated":true}]}}