{"id":5448,"date":"2020-09-07T11:54:57","date_gmt":"2020-09-07T09:54:57","guid":{"rendered":"https:\/\/www.perfectvanwamel.com\/sparten\/gruenpflege\/maehen-von-parkanlagen\/"},"modified":"2026-03-17T11:26:03","modified_gmt":"2026-03-17T10:26:03","slug":"maehen-von-parkanlagen","status":"publish","type":"page","link":"https:\/\/www.perfectvanwamel.com\/de\/sparten\/gruenpflege\/maehen-von-parkanlagen\/","title":{"rendered":"M\u00e4hen von Parkanlagen"},"content":{"rendered":"<section class=\"l-section wpb_row height_small\"><div class=\"l-section-h i-cf\"><div class=\"g-cols vc_row type_default valign_top reversed\"><div class=\"vc_col-sm-12 wpb_column vc_column_container\"><div class=\"vc_column-inner\"><div class=\"wpb_wrapper\">[vc_custom_heading text=&#8221;M\u00e4hen von Parkanlagen&#8221; font_container=&#8221;tag:h1|text_align:left&#8221; use_theme_fonts=&#8221;yes&#8221;]<div class=\"w-image align_none\"><div class=\"w-image-h\"><img decoding=\"async\" width=\"1600\" height=\"620\" src=\"https:\/\/www.perfectvanwamel.com\/wp-content\/uploads\/2026\/03\/Maaien-van-parken-1.jpg\" class=\"attachment-us_1600_620_crop size-us_1600_620_crop\" alt=\"\" srcset=\"https:\/\/www.perfectvanwamel.com\/wp-content\/uploads\/2026\/03\/Maaien-van-parken-1.jpg 1600w, https:\/\/www.perfectvanwamel.com\/wp-content\/uploads\/2026\/03\/Maaien-van-parken-1-300x116.jpg 300w, https:\/\/www.perfectvanwamel.com\/wp-content\/uploads\/2026\/03\/Maaien-van-parken-1-1024x397.jpg 1024w, https:\/\/www.perfectvanwamel.com\/wp-content\/uploads\/2026\/03\/Maaien-van-parken-1-600x233.jpg 600w\" sizes=\"(max-width: 1600px) 100vw, 1600px\" \/><\/div><\/div><div class=\"w-separator size_medium\"><\/div><div class=\"g-cols wpb_row  type_default valign_top vc_inner\"><div class=\"vc_col-sm-12 wpb_column vc_column_container\"><div class=\"vc_column-inner\"><div class=\"wpb_wrapper\"><div class=\"wpb_text_column\" ><div class=\"wpb_wrapper\"><p>Zum M\u00e4hen von Parkanlagen, Camping- und Sportpl\u00e4tzen bietet PERFECT\u00a0\u2013 Van Wamel ein attraktives Lieferprogramm mit Schlegel- und Kreiselmulchern.<\/p>\n<h2>Kreiselm\u00e4her und Schlegelmucher<\/h2>\n<p>Da sich sowohl die Kreisel- als auch die Schlegelmulcher durch eine verst\u00e4rkte Konstruktion auszeichnen, ist die Entscheidung f\u00fcr PERFECT immer eine Entscheidung f\u00fcr eine bewusste Investition in ein Qualit\u00e4tsprodukt mit l\u00e4ngerer Lebensdauer, geringeren Abschreibungskosten und weniger Wartung.<\/p>\n<p>Die <a href=\"https:\/\/www.perfectvanwamel.com\/de\/produkt\/schlegel-perfect\/\">0,9\u00a0kg schweren PERFECT Schlegel<\/a> sind Garant f\u00fcr eine exzellente Schredderwirkung und eine \u00fcberaus gleichm\u00e4\u00dfige M\u00e4hqualit\u00e4t.<\/p>\n<\/div><\/div><\/div><\/div><\/div><\/div><\/div><\/div><\/div><\/div><\/div><\/section><section class=\"l-section wpb_row height_small\"><div class=\"l-section-h i-cf\"><div class=\"g-cols vc_row type_default valign_top\"><div class=\"vc_col-sm-12 wpb_column vc_column_container\"><div class=\"vc_column-inner\"><div class=\"wpb_wrapper\"><div class=\"w-grid type_carousel layout_3514\" id=\"us_grid_1\"><style id=\"us_grid_1_css\">#us_grid_1 .w-grid-item{padding:1.5rem}#us_grid_1 .w-grid-list{margin:-1.5rem}.w-grid + #us_grid_1 .w-grid-list{margin-top:1.5rem}<\/style><style>.layout_3514 .w-grid-item-h{}.layout_3514 .usg_post_title_1{margin-top:0.8rem!important;margin-bottom:0.2rem!important;font-family:'Interstate', sans-serif!important;font-size:1rem!important}<\/style><div class=\"w-grid-list owl-carousel navstyle_circle navpos_outside\"><article class=\"w-grid-item post-5571 product type-product status-publish has-post-thumbnail product_cat-seitenmulcher pa_aftakas-opm-540-de pa_denkende-schijf-nein pa_gewicht-kg-735-de pa_gewicht-kg-780-de pa_gewicht-kg-840-de pa_gewicht-kg-900-de pa_hefinrichting-tractor-cat-ii-de pa_max-verstrek-midden-cm-225-de pa_max-verstrek-midden-cm-255-de pa_max-verstrek-midden-cm-285-de pa_max-verstrek-midden-cm-315-de pa_max-verstrek-midden-cm-345-de pa_min-benodigd-vermogen-kw-pk-37-50-de pa_min-benodigd-vermogen-kw-pk-44-60-de-2 pa_min-benodigd-vermogen-kw-pk-51-70-de pa_min-benodigd-vermogen-kw-pk-59-80-de pa_transportbreedte-cm-140-de pa_werkbreedte-cm-150-de pa_werkbreedte-cm-180-de pa_werkbreedte-cm-210-de pa_werkbreedte-cm-240-de first instock shipping-taxable product-type-simple\" data-id=\"5571\">\r\n\t<div class=\"w-grid-item-h\">\r\n\t\t\t\t<div class=\"w-vwrapper usg_vwrapper_1 align_left valign_top \"><div class=\"w-post-elm post_image usg_post_image_1 stretched\"><a href=\"https:\/\/www.perfectvanwamel.com\/de\/produkt\/seitenmulcher-zw-serie\/\" aria-label=\"ZW PLUS-Serie, Multifunktionaler Seitenmulcher\"><img decoding=\"async\" width=\"300\" height=\"225\" src=\"https:\/\/www.perfectvanwamel.com\/wp-content\/uploads\/2020\/04\/ZW-PLUS-vrijstaand-300x225.jpg\" class=\"attachment-us_300_225_crop size-us_300_225_crop wp-post-image\" alt=\"\" srcset=\"https:\/\/www.perfectvanwamel.com\/wp-content\/uploads\/2020\/04\/ZW-PLUS-vrijstaand-300x225.jpg 300w, https:\/\/www.perfectvanwamel.com\/wp-content\/uploads\/2020\/04\/ZW-PLUS-vrijstaand-1024x768.jpg 1024w, https:\/\/www.perfectvanwamel.com\/wp-content\/uploads\/2020\/04\/ZW-PLUS-vrijstaand-600x450.jpg 600w, https:\/\/www.perfectvanwamel.com\/wp-content\/uploads\/2020\/04\/ZW-PLUS-vrijstaand.jpg 2000w\" sizes=\"(max-width: 300px) 100vw, 300px\" \/><\/a><\/div><h2 class=\"w-post-elm post_title usg_post_title_1 woocommerce-loop-product__title color_link_inherit\"><a href=\"https:\/\/www.perfectvanwamel.com\/de\/produkt\/seitenmulcher-zw-serie\/\">ZW PLUS-Serie, Multifunktionaler Seitenmulcher<\/a><\/h2><\/div>\t<\/div>\r\n<\/article>\r\n<article class=\"w-grid-item post-5577 product type-product status-publish has-post-thumbnail product_cat-schlegelmulcher pa_aftakas-opm-540-de pa_denkende-schijf-nein pa_gewicht-kg-1020-de pa_gewicht-kg-930-de pa_gewicht-kg-975-de pa_hefinrichting-tractor-cat-ii-de pa_max-verstrek-midden-cm-135-de pa_max-verstrek-midden-cm-160-de pa_max-verstrek-midden-cm-190-de pa_min-benodigd-vermogen-kw-pk-33-45-de-2 pa_min-benodigd-vermogen-kw-pk-40-45-de pa_min-benodigd-vermogen-kw-pk-48-65-de pa_totale-breedte-cm-261-de pa_totale-breedte-cm-286-de pa_totale-breedte-cm-316-de pa_werkbreedte-cm-245-de pa_werkbreedte-cm-270-de pa_werkbreedte-cm-300-de  instock shipping-taxable product-type-simple\" data-id=\"5577\">\r\n\t<div class=\"w-grid-item-h\">\r\n\t\t\t\t<div class=\"w-vwrapper usg_vwrapper_1 align_left valign_top \"><div class=\"w-post-elm post_image usg_post_image_1 stretched\"><a href=\"https:\/\/www.perfectvanwamel.com\/de\/produkt\/schlegelmulcher-kr-serie\/\" aria-label=\"KR-Serie, Schlegelmulcher f\u00fcr Front- und Heckanbau\"><img decoding=\"async\" width=\"300\" height=\"225\" src=\"https:\/\/www.perfectvanwamel.com\/wp-content\/uploads\/2020\/04\/KR-vrijstaand-300x225.png\" class=\"attachment-us_300_225_crop size-us_300_225_crop wp-post-image\" alt=\"KR vrijstaand\" \/><\/a><\/div><h2 class=\"w-post-elm post_title usg_post_title_1 woocommerce-loop-product__title color_link_inherit\"><a href=\"https:\/\/www.perfectvanwamel.com\/de\/produkt\/schlegelmulcher-kr-serie\/\">KR-Serie, Schlegelmulcher f\u00fcr Front- und Heckanbau<\/a><\/h2><\/div>\t<\/div>\r\n<\/article>\r\n<article class=\"w-grid-item post-5578 product type-product status-publish has-post-thumbnail product_cat-schlegelmulcher pa_aftakas-opm-540-de pa_denkende-schijf-nein pa_gewicht-kg-830-de pa_gewicht-kg-875-de pa_gewicht-kg-920-de pa_hefinrichting-tractor-cat-ii-de pa_max-verstrek-midden-cm-135-de pa_max-verstrek-midden-cm-160-de pa_max-verstrek-midden-cm-190-de pa_min-benodigd-vermogen-kw-pk-33-45-de-2 pa_min-benodigd-vermogen-kw-pk-40-55-de pa_min-benodigd-vermogen-kw-pk-48-65-de pa_totale-breedte-cm-261-de pa_totale-breedte-cm-286-de pa_totale-breedte-cm-316-de pa_werkbreedte-cm-245-de pa_werkbreedte-cm-270-de pa_werkbreedte-cm-300-de last instock shipping-taxable product-type-simple\" data-id=\"5578\">\r\n\t<div class=\"w-grid-item-h\">\r\n\t\t\t\t<div class=\"w-vwrapper usg_vwrapper_1 align_left valign_top \"><div class=\"w-post-elm post_image usg_post_image_1 stretched\"><a href=\"https:\/\/www.perfectvanwamel.com\/de\/produkt\/schlegelmulcher-kw-serie\/\" aria-label=\"KW-Serie, Schlegelmulcher f\u00fcr den Heckanbau\"><img decoding=\"async\" width=\"300\" height=\"225\" src=\"https:\/\/www.perfectvanwamel.com\/wp-content\/uploads\/2020\/04\/KW-vrijstaand-300x225.png\" class=\"attachment-us_300_225_crop size-us_300_225_crop wp-post-image\" alt=\"\" \/><\/a><\/div><h2 class=\"w-post-elm post_title usg_post_title_1 woocommerce-loop-product__title color_link_inherit\"><a href=\"https:\/\/www.perfectvanwamel.com\/de\/produkt\/schlegelmulcher-kw-serie\/\">KW-Serie, Schlegelmulcher f\u00fcr den Heckanbau<\/a><\/h2><\/div>\t<\/div>\r\n<\/article>\r\n<article class=\"w-grid-item post-5579 product type-product status-publish has-post-thumbnail product_cat-schlegelmulcher pa_aftakas-opm-540-de pa_denkende-schijf-nein pa_hefinrichting-tractor-cat-i-ii-de pa_max-verstrek-midden-cm-110-de pa_max-verstrek-midden-cm-140-de pa_max-verstrek-midden-cm-154-de pa_max-verstrek-midden-cm-80-de first instock shipping-taxable product-type-simple\" data-id=\"5579\">\r\n\t<div class=\"w-grid-item-h\">\r\n\t\t\t\t<div class=\"w-vwrapper usg_vwrapper_1 align_left valign_top \"><div class=\"w-post-elm post_image usg_post_image_1 stretched\"><a href=\"https:\/\/www.perfectvanwamel.com\/de\/produkt\/schlegelmulcher-kp-serie\/\" aria-label=\"KP-Serie, Kompakter Schlegelmulcher\"><img decoding=\"async\" width=\"300\" height=\"225\" src=\"https:\/\/www.perfectvanwamel.com\/wp-content\/uploads\/2020\/04\/KP-vrijstaand1-300x225.png\" class=\"attachment-us_300_225_crop size-us_300_225_crop wp-post-image\" alt=\"\" \/><\/a><\/div><h2 class=\"w-post-elm post_title usg_post_title_1 woocommerce-loop-product__title color_link_inherit\"><a href=\"https:\/\/www.perfectvanwamel.com\/de\/produkt\/schlegelmulcher-kp-serie\/\">KP-Serie, Kompakter Schlegelmulcher<\/a><\/h2><\/div>\t<\/div>\r\n<\/article>\r\n<article class=\"w-grid-item post-5580 product type-product status-publish has-post-thumbnail product_cat-schlegelmulcher pa_aftakas-opm-540-de pa_denkende-schijf-nein pa_gewicht-kg-305-de pa_gewicht-kg-325-de pa_gewicht-kg-350-de pa_gewicht-kg-460-de pa_hefinrichting-tractor-cat-i-ii-de pa_min-benodigd-vermogen-kw-pk-15-20-de pa_min-benodigd-vermogen-kw-pk-17-23-de pa_min-benodigd-vermogen-kw-pk-20-27-de pa_min-benodigd-vermogen-kw-pk-24-32-de pa_transportbreedte-cm-305-de pa_transportbreedte-cm-325-de pa_transportbreedte-cm-350-de pa_transportbreedte-cm-460-de pa_werkbreedte-cm-120-de pa_werkbreedte-cm-150-de pa_werkbreedte-cm-180-de pa_werkbreedte-cm-210-de  instock shipping-taxable product-type-simple\" data-id=\"5580\">\r\n\t<div class=\"w-grid-item-h\">\r\n\t\t\t\t<div class=\"w-vwrapper usg_vwrapper_1 align_left valign_top \"><div class=\"w-post-elm post_image usg_post_image_1 stretched\"><a href=\"https:\/\/www.perfectvanwamel.com\/de\/produkt\/schlegelmulcher-kj\/\" aria-label=\"KJ-Serie, Basis-Schlegelmulcher\"><img decoding=\"async\" width=\"300\" height=\"225\" src=\"https:\/\/www.perfectvanwamel.com\/wp-content\/uploads\/2020\/04\/KJ-Hydro-300x225.jpg\" class=\"attachment-us_300_225_crop size-us_300_225_crop wp-post-image\" alt=\"\" \/><\/a><\/div><h2 class=\"w-post-elm post_title usg_post_title_1 woocommerce-loop-product__title color_link_inherit\"><a href=\"https:\/\/www.perfectvanwamel.com\/de\/produkt\/schlegelmulcher-kj\/\">KJ-Serie, Basis-Schlegelmulcher<\/a><\/h2><\/div>\t<\/div>\r\n<\/article>\r\n<\/div>\t<div class=\"g-preloader type_1\">\r\n\t\t<div><\/div>\r\n\t<\/div>\r\n\t\t<div class=\"w-grid-json hidden\" onclick='return {&quot;ajax_url&quot;:&quot;https:\\\/\\\/www.perfectvanwamel.com\\\/wp-admin\\\/admin-ajax.php&quot;,&quot;permalink_url&quot;:&quot;https:\\\/\\\/www.perfectvanwamel.com\\\/de\\\/produkt\\\/schlegelmulcher-kj\\\/&quot;,&quot;action&quot;:&quot;us_ajax_grid&quot;,&quot;max_num_pages&quot;:1,&quot;infinite_scroll&quot;:0,&quot;template_vars&quot;:{&quot;query_args&quot;:{&quot;ignore_sticky_posts&quot;:1,&quot;post_type&quot;:&quot;any&quot;,&quot;post__in&quot;:[&quot;1833&quot;,&quot;1860&quot;,&quot;1893&quot;,&quot;1923&quot;,&quot;2048&quot;],&quot;orderby&quot;:{&quot;date&quot;:&quot;DESC&quot;},&quot;posts_per_page&quot;:&quot;10&quot;},&quot;post_id&quot;:5448,&quot;us_grid_index&quot;:1,&quot;us_grid_ajax_index&quot;:null,&quot;exclude_items&quot;:&quot;none&quot;,&quot;items_offset&quot;:&quot;1&quot;,&quot;items_layout&quot;:&quot;3514&quot;,&quot;type&quot;:&quot;carousel&quot;,&quot;columns&quot;:&quot;3&quot;,&quot;img_size&quot;:&quot;us_300_225_crop&quot;,&quot;overriding_link&quot;:&quot;none&quot;,&quot;lang&quot;:&quot;de&quot;},&quot;carousel_settings&quot;:{&quot;items&quot;:&quot;3&quot;,&quot;nav&quot;:1,&quot;navNext&quot;:&quot;&quot;,&quot;navPrev&quot;:&quot;&quot;,&quot;dots&quot;:0,&quot;center&quot;:0,&quot;autoplay&quot;:0,&quot;smooth_play&quot;:0,&quot;timeout&quot;:3000,&quot;speed&quot;:250,&quot;transition&quot;:&quot;&quot;,&quot;autoHeight&quot;:0,&quot;slideby&quot;:&quot;1&quot;},&quot;carousel_breakpoints&quot;:{&quot;1200&quot;:{&quot;items&quot;:3},&quot;900&quot;:{&quot;items&quot;:3,&quot;autoplay&quot;:1,&quot;autoplayHoverPause&quot;:1,&quot;autoHeight&quot;:0},&quot;600&quot;:{&quot;items&quot;:2,&quot;autoplay&quot;:1,&quot;autoplayHoverPause&quot;:1,&quot;autoHeight&quot;:0},&quot;0&quot;:{&quot;items&quot;:1,&quot;autoplay&quot;:1,&quot;autoplayHoverPause&quot;:1,&quot;autoHeight&quot;:0}}}'><\/div>\r\n<\/div><\/div><\/div><\/div><\/div><\/div><\/section>\n","protected":false},"excerpt":{"rendered":"Der KJ ist ein einfach aufgebauter Schlegelmulcher, der s\u00e4mtliche PERFECT Qualit\u00e4tsanforderungen erf\u00fcllt. Der KJ zeichnet sich durch hervorragende Bodenanpassung aus und ist damit ideal f\u00fcr den Einsatz mit kleineren Zugmaschinen. Damit stellt er beispielsweise f\u00fcr Hobbybauern oder Betreiber von Campingpl\u00e4tzen ein bestens geeignetes Arbeitsger\u00e4t dar. Der KJ-Schlegelmulcher wird serienm\u00e4\u00dfig mit 0,9\u00a0kg schweren Schlegeln geliefert. Die...","protected":false},"author":1,"featured_media":28588,"parent":5446,"menu_order":0,"comment_status":"closed","ping_status":"closed","template":"","meta":{"_acf_changed":false,"footnotes":""},"class_list":["post-5448","page","type-page","status-publish","has-post-thumbnail","hentry"],"acf":[],"yoast_head":"<!-- This site is optimized with the Yoast SEO plugin v27.4 - https:\/\/yoast.com\/product\/yoast-seo-wordpress\/ -->\n<title>M\u00e4hen von Parkanlagen - PERFECT - Van Wamel<\/title>\n<meta name=\"robots\" content=\"index, follow, max-snippet:-1, max-image-preview:large, max-video-preview:-1\" \/>\n<link rel=\"canonical\" href=\"https:\/\/www.perfectvanwamel.com\/de\/sparten\/gruenpflege\/maehen-von-parkanlagen\/\" \/>\n<meta property=\"og:locale\" content=\"de_DE\" \/>\n<meta property=\"og:type\" content=\"article\" \/>\n<meta property=\"og:title\" content=\"M\u00e4hen von Parkanlagen - PERFECT - Van Wamel\" \/>\n<meta property=\"og:url\" content=\"https:\/\/www.perfectvanwamel.com\/de\/sparten\/gruenpflege\/maehen-von-parkanlagen\/\" \/>\n<meta property=\"og:site_name\" content=\"PERFECT - Van Wamel\" \/>\n<meta property=\"article:modified_time\" content=\"2026-03-17T10:26:03+00:00\" \/>\n<meta property=\"og:image\" content=\"https:\/\/staging.perfectvanwamel.com\/wp-content\/uploads\/2026\/03\/maaien-van-parken-1024x1024.jpg\" \/>\n\t<meta property=\"og:image:width\" content=\"1024\" \/>\n\t<meta property=\"og:image:height\" content=\"1024\" \/>\n\t<meta property=\"og:image:type\" content=\"image\/jpeg\" \/>\n<meta name=\"twitter:card\" content=\"summary_large_image\" \/>\n<meta name=\"twitter:label1\" content=\"Gesch\u00e4tzte Lesezeit\" \/>\n\t<meta name=\"twitter:data1\" content=\"2\u00a0Minuten\" \/>\n<script type=\"application\/ld+json\" class=\"yoast-schema-graph\">{\"@context\":\"https:\\\/\\\/schema.org\",\"@graph\":[{\"@type\":\"WebPage\",\"@id\":\"https:\\\/\\\/www.perfectvanwamel.com\\\/de\\\/sparten\\\/gruenpflege\\\/maehen-von-parkanlagen\\\/\",\"url\":\"https:\\\/\\\/www.perfectvanwamel.com\\\/de\\\/sparten\\\/gruenpflege\\\/maehen-von-parkanlagen\\\/\",\"name\":\"M\u00e4hen von Parkanlagen - PERFECT - Van Wamel\",\"isPartOf\":{\"@id\":\"https:\\\/\\\/www.perfectvanwamel.com\\\/de\\\/#website\"},\"primaryImageOfPage\":{\"@id\":\"https:\\\/\\\/www.perfectvanwamel.com\\\/de\\\/sparten\\\/gruenpflege\\\/maehen-von-parkanlagen\\\/#primaryimage\"},\"image\":{\"@id\":\"https:\\\/\\\/www.perfectvanwamel.com\\\/de\\\/sparten\\\/gruenpflege\\\/maehen-von-parkanlagen\\\/#primaryimage\"},\"thumbnailUrl\":\"https:\\\/\\\/www.perfectvanwamel.com\\\/wp-content\\\/uploads\\\/2026\\\/03\\\/maaien-van-parken.jpg\",\"datePublished\":\"2020-09-07T09:54:57+00:00\",\"dateModified\":\"2026-03-17T10:26:03+00:00\",\"breadcrumb\":{\"@id\":\"https:\\\/\\\/www.perfectvanwamel.com\\\/de\\\/sparten\\\/gruenpflege\\\/maehen-von-parkanlagen\\\/#breadcrumb\"},\"inLanguage\":\"de\",\"potentialAction\":[{\"@type\":\"ReadAction\",\"target\":[\"https:\\\/\\\/www.perfectvanwamel.com\\\/de\\\/sparten\\\/gruenpflege\\\/maehen-von-parkanlagen\\\/\"]}]},{\"@type\":\"ImageObject\",\"inLanguage\":\"de\",\"@id\":\"https:\\\/\\\/www.perfectvanwamel.com\\\/de\\\/sparten\\\/gruenpflege\\\/maehen-von-parkanlagen\\\/#primaryimage\",\"url\":\"https:\\\/\\\/www.perfectvanwamel.com\\\/wp-content\\\/uploads\\\/2026\\\/03\\\/maaien-van-parken.jpg\",\"contentUrl\":\"https:\\\/\\\/www.perfectvanwamel.com\\\/wp-content\\\/uploads\\\/2026\\\/03\\\/maaien-van-parken.jpg\",\"width\":1728,\"height\":1728},{\"@type\":\"BreadcrumbList\",\"@id\":\"https:\\\/\\\/www.perfectvanwamel.com\\\/de\\\/sparten\\\/gruenpflege\\\/maehen-von-parkanlagen\\\/#breadcrumb\",\"itemListElement\":[{\"@type\":\"ListItem\",\"position\":1,\"name\":\"Home\",\"item\":\"https:\\\/\\\/staging.perfectvanwamel.com\\\/de\\\/\"},{\"@type\":\"ListItem\",\"position\":2,\"name\":\"Sparten\",\"item\":\"https:\\\/\\\/staging.perfectvanwamel.com\\\/de\\\/sparten\\\/\"},{\"@type\":\"ListItem\",\"position\":3,\"name\":\"Gr\u00fcnpflege\",\"item\":\"https:\\\/\\\/staging.perfectvanwamel.com\\\/de\\\/sparten\\\/gruenpflege\\\/\"},{\"@type\":\"ListItem\",\"position\":4,\"name\":\"M\u00e4hen von Parkanlagen\"}]},{\"@type\":\"WebSite\",\"@id\":\"https:\\\/\\\/www.perfectvanwamel.com\\\/de\\\/#website\",\"url\":\"https:\\\/\\\/www.perfectvanwamel.com\\\/de\\\/\",\"name\":\"PERFECT - Van Wamel\",\"description\":\"\",\"potentialAction\":[{\"@type\":\"SearchAction\",\"target\":{\"@type\":\"EntryPoint\",\"urlTemplate\":\"https:\\\/\\\/www.perfectvanwamel.com\\\/de\\\/?s={search_term_string}\"},\"query-input\":{\"@type\":\"PropertyValueSpecification\",\"valueRequired\":true,\"valueName\":\"search_term_string\"}}],\"inLanguage\":\"de\"}]}<\/script>\n<!-- \/ Yoast SEO plugin. -->","yoast_head_json":{"title":"M\u00e4hen von Parkanlagen - PERFECT - Van Wamel","robots":{"index":"index","follow":"follow","max-snippet":"max-snippet:-1","max-image-preview":"max-image-preview:large","max-video-preview":"max-video-preview:-1"},"canonical":"https:\/\/www.perfectvanwamel.com\/de\/sparten\/gruenpflege\/maehen-von-parkanlagen\/","og_locale":"de_DE","og_type":"article","og_title":"M\u00e4hen von Parkanlagen - PERFECT - Van Wamel","og_url":"https:\/\/www.perfectvanwamel.com\/de\/sparten\/gruenpflege\/maehen-von-parkanlagen\/","og_site_name":"PERFECT - Van Wamel","article_modified_time":"2026-03-17T10:26:03+00:00","og_image":[{"width":1024,"height":1024,"url":"https:\/\/staging.perfectvanwamel.com\/wp-content\/uploads\/2026\/03\/maaien-van-parken-1024x1024.jpg","type":"image\/jpeg"}],"twitter_card":"summary_large_image","twitter_misc":{"Gesch\u00e4tzte Lesezeit":"2\u00a0Minuten"},"schema":{"@context":"https:\/\/schema.org","@graph":[{"@type":"WebPage","@id":"https:\/\/www.perfectvanwamel.com\/de\/sparten\/gruenpflege\/maehen-von-parkanlagen\/","url":"https:\/\/www.perfectvanwamel.com\/de\/sparten\/gruenpflege\/maehen-von-parkanlagen\/","name":"M\u00e4hen von Parkanlagen - PERFECT - Van Wamel","isPartOf":{"@id":"https:\/\/www.perfectvanwamel.com\/de\/#website"},"primaryImageOfPage":{"@id":"https:\/\/www.perfectvanwamel.com\/de\/sparten\/gruenpflege\/maehen-von-parkanlagen\/#primaryimage"},"image":{"@id":"https:\/\/www.perfectvanwamel.com\/de\/sparten\/gruenpflege\/maehen-von-parkanlagen\/#primaryimage"},"thumbnailUrl":"https:\/\/www.perfectvanwamel.com\/wp-content\/uploads\/2026\/03\/maaien-van-parken.jpg","datePublished":"2020-09-07T09:54:57+00:00","dateModified":"2026-03-17T10:26:03+00:00","breadcrumb":{"@id":"https:\/\/www.perfectvanwamel.com\/de\/sparten\/gruenpflege\/maehen-von-parkanlagen\/#breadcrumb"},"inLanguage":"de","potentialAction":[{"@type":"ReadAction","target":["https:\/\/www.perfectvanwamel.com\/de\/sparten\/gruenpflege\/maehen-von-parkanlagen\/"]}]},{"@type":"ImageObject","inLanguage":"de","@id":"https:\/\/www.perfectvanwamel.com\/de\/sparten\/gruenpflege\/maehen-von-parkanlagen\/#primaryimage","url":"https:\/\/www.perfectvanwamel.com\/wp-content\/uploads\/2026\/03\/maaien-van-parken.jpg","contentUrl":"https:\/\/www.perfectvanwamel.com\/wp-content\/uploads\/2026\/03\/maaien-van-parken.jpg","width":1728,"height":1728},{"@type":"BreadcrumbList","@id":"https:\/\/www.perfectvanwamel.com\/de\/sparten\/gruenpflege\/maehen-von-parkanlagen\/#breadcrumb","itemListElement":[{"@type":"ListItem","position":1,"name":"Home","item":"https:\/\/staging.perfectvanwamel.com\/de\/"},{"@type":"ListItem","position":2,"name":"Sparten","item":"https:\/\/staging.perfectvanwamel.com\/de\/sparten\/"},{"@type":"ListItem","position":3,"name":"Gr\u00fcnpflege","item":"https:\/\/staging.perfectvanwamel.com\/de\/sparten\/gruenpflege\/"},{"@type":"ListItem","position":4,"name":"M\u00e4hen von Parkanlagen"}]},{"@type":"WebSite","@id":"https:\/\/www.perfectvanwamel.com\/de\/#website","url":"https:\/\/www.perfectvanwamel.com\/de\/","name":"PERFECT - Van Wamel","description":"","potentialAction":[{"@type":"SearchAction","target":{"@type":"EntryPoint","urlTemplate":"https:\/\/www.perfectvanwamel.com\/de\/?s={search_term_string}"},"query-input":{"@type":"PropertyValueSpecification","valueRequired":true,"valueName":"search_term_string"}}],"inLanguage":"de"}]}},"_links":{"self":[{"href":"https:\/\/www.perfectvanwamel.com\/de\/wp-json\/wp\/v2\/pages\/5448","targetHints":{"allow":["GET"]}}],"collection":[{"href":"https:\/\/www.perfectvanwamel.com\/de\/wp-json\/wp\/v2\/pages"}],"about":[{"href":"https:\/\/www.perfectvanwamel.com\/de\/wp-json\/wp\/v2\/types\/page"}],"author":[{"embeddable":true,"href":"https:\/\/www.perfectvanwamel.com\/de\/wp-json\/wp\/v2\/users\/1"}],"replies":[{"embeddable":true,"href":"https:\/\/www.perfectvanwamel.com\/de\/wp-json\/wp\/v2\/comments?post=5448"}],"version-history":[{"count":3,"href":"https:\/\/www.perfectvanwamel.com\/de\/wp-json\/wp\/v2\/pages\/5448\/revisions"}],"predecessor-version":[{"id":28764,"href":"https:\/\/www.perfectvanwamel.com\/de\/wp-json\/wp\/v2\/pages\/5448\/revisions\/28764"}],"up":[{"embeddable":true,"href":"https:\/\/www.perfectvanwamel.com\/de\/wp-json\/wp\/v2\/pages\/5446"}],"wp:featuredmedia":[{"embeddable":true,"href":"https:\/\/www.perfectvanwamel.com\/de\/wp-json\/wp\/v2\/media\/28588"}],"wp:attachment":[{"href":"https:\/\/www.perfectvanwamel.com\/de\/wp-json\/wp\/v2\/media?parent=5448"}],"curies":[{"name":"wp","href":"https:\/\/api.w.org\/{rel}","templated":true}]}}