{"id":16277,"date":"2024-12-08T12:06:40","date_gmt":"2024-12-08T13:08:18","guid":{"rendered":"https:\/\/www.perfectvanwamel.com\/?post_type=product&#038;p=16277"},"modified":"2024-12-08T14:08:18","modified_gmt":"2024-12-08T13:08:18","slug":"wbg-2-grasnarbenlockerer","status":"publish","type":"product","link":"https:\/\/www.perfectvanwamel.com\/de\/produkt\/wbg-2-grasnarbenlockerer\/","title":{"rendered":"WBG 2 &#8211; Grasnarbenlockerer"},"content":{"rendered":"<p>Mit dem Perfect-Grasnarbenlockerer beseitigen Sie die Bodenverdichtung und halten die Grasnarbe intakt. Die Wasseraufnahmef\u00e4higkeit des Bodens verbessert sich, so dass das Gr\u00fcnland im Fr\u00fchjahr leichter zu bewirtschaften ist. Die verbesserte Bodenstruktur sorgt auch daf\u00fcr, dass die guten Gr\u00e4ser l\u00e4nger in der Grasnarbe verbleiben, so dass der Boden eine gute Tragf\u00e4higkeit beh\u00e4lt und die (relativ teure) Nachsaat verschoben werden kann oder sogar ganz entf\u00e4llt.<\/p>\n","protected":false},"excerpt":{"rendered":"<p>Sehr robuster <span class=\"fontstyle0\">Grasnarbenlockerer <\/span>mit 2 Zinken.<\/p>\n<p>Die beiden Zinken sind im Abstand von 90 cm angeordnet und brechen St\u00f6rschichten im Unterboden und Verdichtungen im Oberboden bis zu einer Breite von 180 cm effektiv auf.<\/p>\n<p>Serienm\u00e4\u00dfig ausgestattet mit einer Schneidscheibe mit Spindelverstellung vor jedem Zinken und einer Orion-Nachlaufwalze \u00d8 47 cm hinter jedem Zinken.<\/p>\n","protected":false},"featured_media":28456,"template":"","meta":{"_acf_changed":false},"product_brand":[],"product_cat":[2406],"product_tag":[],"class_list":{"0":"post-16277","1":"product","2":"type-product","3":"status-publish","4":"has-post-thumbnail","6":"product_cat-gruenlandpflege","8":"first","9":"instock","10":"shipping-taxable","11":"product-type-simple"},"acf":[],"yoast_head":"<!-- This site is optimized with the Yoast SEO plugin v27.5 - https:\/\/yoast.com\/product\/yoast-seo-wordpress\/ -->\n<title>WBG 2 - Grasnarbenlockerer - PERFECT - Van Wamel<\/title>\n<meta name=\"robots\" content=\"index, follow, max-snippet:-1, max-image-preview:large, max-video-preview:-1\" \/>\n<link rel=\"canonical\" href=\"https:\/\/www.perfectvanwamel.com\/de\/produkt\/wbg-2-grasnarbenlockerer\/\" \/>\n<meta property=\"og:locale\" content=\"de_DE\" \/>\n<meta property=\"og:type\" content=\"article\" \/>\n<meta property=\"og:title\" content=\"WBG 2 - Grasnarbenlockerer - PERFECT - Van Wamel\" \/>\n<meta property=\"og:description\" content=\"Sehr robuster Grasnarbenlockerer mit 2 Zinken.  Die beiden Zinken sind im Abstand von 90 cm angeordnet und brechen St\u00f6rschichten im Unterboden und Verdichtungen im Oberboden bis zu einer Breite von 180 cm effektiv auf.  Serienm\u00e4\u00dfig ausgestattet mit einer Schneidscheibe mit Spindelverstellung vor jedem Zinken und einer Orion-Nachlaufwalze \u00d8 47 cm hinter jedem Zinken.\" \/>\n<meta property=\"og:url\" content=\"https:\/\/www.perfectvanwamel.com\/de\/produkt\/wbg-2-grasnarbenlockerer\/\" \/>\n<meta property=\"og:site_name\" content=\"PERFECT - Van Wamel\" \/>\n<meta property=\"og:image\" content=\"https:\/\/staging.perfectvanwamel.com\/wp-content\/uploads\/2024\/12\/WBG-2-180.-Perfect-Van-Wamel-1_ID_met-logo.jpg\" \/>\n\t<meta property=\"og:image:width\" content=\"2500\" \/>\n\t<meta property=\"og:image:height\" content=\"1875\" \/>\n\t<meta property=\"og:image:type\" content=\"image\/jpeg\" \/>\n<meta name=\"twitter:card\" content=\"summary_large_image\" \/>\n<script type=\"application\/ld+json\" class=\"yoast-schema-graph\">{\"@context\":\"https:\\\/\\\/schema.org\",\"@graph\":[{\"@type\":\"WebPage\",\"@id\":\"https:\\\/\\\/www.perfectvanwamel.com\\\/de\\\/produkt\\\/wbg-2-grasnarbenlockerer\\\/\",\"url\":\"https:\\\/\\\/www.perfectvanwamel.com\\\/de\\\/produkt\\\/wbg-2-grasnarbenlockerer\\\/\",\"name\":\"WBG 2 - Grasnarbenlockerer - PERFECT - Van Wamel\",\"isPartOf\":{\"@id\":\"https:\\\/\\\/www.perfectvanwamel.com\\\/de\\\/#website\"},\"primaryImageOfPage\":{\"@id\":\"https:\\\/\\\/www.perfectvanwamel.com\\\/de\\\/produkt\\\/wbg-2-grasnarbenlockerer\\\/#primaryimage\"},\"image\":{\"@id\":\"https:\\\/\\\/www.perfectvanwamel.com\\\/de\\\/produkt\\\/wbg-2-grasnarbenlockerer\\\/#primaryimage\"},\"thumbnailUrl\":\"https:\\\/\\\/www.perfectvanwamel.com\\\/wp-content\\\/uploads\\\/2024\\\/12\\\/WBG-2-180-1.jpg\",\"datePublished\":\"2024-12-08T13:08:18+00:00\",\"breadcrumb\":{\"@id\":\"https:\\\/\\\/www.perfectvanwamel.com\\\/de\\\/produkt\\\/wbg-2-grasnarbenlockerer\\\/#breadcrumb\"},\"inLanguage\":\"de\",\"potentialAction\":[{\"@type\":\"ReadAction\",\"target\":[\"https:\\\/\\\/www.perfectvanwamel.com\\\/de\\\/produkt\\\/wbg-2-grasnarbenlockerer\\\/\"]}]},{\"@type\":\"ImageObject\",\"inLanguage\":\"de\",\"@id\":\"https:\\\/\\\/www.perfectvanwamel.com\\\/de\\\/produkt\\\/wbg-2-grasnarbenlockerer\\\/#primaryimage\",\"url\":\"https:\\\/\\\/www.perfectvanwamel.com\\\/wp-content\\\/uploads\\\/2024\\\/12\\\/WBG-2-180-1.jpg\",\"contentUrl\":\"https:\\\/\\\/www.perfectvanwamel.com\\\/wp-content\\\/uploads\\\/2024\\\/12\\\/WBG-2-180-1.jpg\",\"width\":2000,\"height\":1484},{\"@type\":\"BreadcrumbList\",\"@id\":\"https:\\\/\\\/www.perfectvanwamel.com\\\/de\\\/produkt\\\/wbg-2-grasnarbenlockerer\\\/#breadcrumb\",\"itemListElement\":[{\"@type\":\"ListItem\",\"position\":1,\"name\":\"Home\",\"item\":\"https:\\\/\\\/staging.perfectvanwamel.com\\\/de\\\/\"},{\"@type\":\"ListItem\",\"position\":2,\"name\":\"Produkte\",\"item\":\"https:\\\/\\\/www.perfectvanwamel.com\\\/de\\\/technologie\\\/\"},{\"@type\":\"ListItem\",\"position\":3,\"name\":\"WBG 2 &#8211; Grasnarbenlockerer\"}]},{\"@type\":\"WebSite\",\"@id\":\"https:\\\/\\\/www.perfectvanwamel.com\\\/de\\\/#website\",\"url\":\"https:\\\/\\\/www.perfectvanwamel.com\\\/de\\\/\",\"name\":\"PERFECT - Van Wamel\",\"description\":\"\",\"potentialAction\":[{\"@type\":\"SearchAction\",\"target\":{\"@type\":\"EntryPoint\",\"urlTemplate\":\"https:\\\/\\\/www.perfectvanwamel.com\\\/de\\\/?s={search_term_string}\"},\"query-input\":{\"@type\":\"PropertyValueSpecification\",\"valueRequired\":true,\"valueName\":\"search_term_string\"}}],\"inLanguage\":\"de\"}]}<\/script>\n<!-- \/ Yoast SEO plugin. -->","yoast_head_json":{"title":"WBG 2 - Grasnarbenlockerer - PERFECT - Van Wamel","robots":{"index":"index","follow":"follow","max-snippet":"max-snippet:-1","max-image-preview":"max-image-preview:large","max-video-preview":"max-video-preview:-1"},"canonical":"https:\/\/www.perfectvanwamel.com\/de\/produkt\/wbg-2-grasnarbenlockerer\/","og_locale":"de_DE","og_type":"article","og_title":"WBG 2 - Grasnarbenlockerer - PERFECT - Van Wamel","og_description":"Sehr robuster Grasnarbenlockerer mit 2 Zinken.  Die beiden Zinken sind im Abstand von 90 cm angeordnet und brechen St\u00f6rschichten im Unterboden und Verdichtungen im Oberboden bis zu einer Breite von 180 cm effektiv auf.  Serienm\u00e4\u00dfig ausgestattet mit einer Schneidscheibe mit Spindelverstellung vor jedem Zinken und einer Orion-Nachlaufwalze \u00d8 47 cm hinter jedem Zinken.","og_url":"https:\/\/www.perfectvanwamel.com\/de\/produkt\/wbg-2-grasnarbenlockerer\/","og_site_name":"PERFECT - Van Wamel","og_image":[{"width":2500,"height":1875,"url":"https:\/\/staging.perfectvanwamel.com\/wp-content\/uploads\/2024\/12\/WBG-2-180.-Perfect-Van-Wamel-1_ID_met-logo.jpg","type":"image\/jpeg"}],"twitter_card":"summary_large_image","schema":{"@context":"https:\/\/schema.org","@graph":[{"@type":"WebPage","@id":"https:\/\/www.perfectvanwamel.com\/de\/produkt\/wbg-2-grasnarbenlockerer\/","url":"https:\/\/www.perfectvanwamel.com\/de\/produkt\/wbg-2-grasnarbenlockerer\/","name":"WBG 2 - Grasnarbenlockerer - PERFECT - Van Wamel","isPartOf":{"@id":"https:\/\/www.perfectvanwamel.com\/de\/#website"},"primaryImageOfPage":{"@id":"https:\/\/www.perfectvanwamel.com\/de\/produkt\/wbg-2-grasnarbenlockerer\/#primaryimage"},"image":{"@id":"https:\/\/www.perfectvanwamel.com\/de\/produkt\/wbg-2-grasnarbenlockerer\/#primaryimage"},"thumbnailUrl":"https:\/\/www.perfectvanwamel.com\/wp-content\/uploads\/2024\/12\/WBG-2-180-1.jpg","datePublished":"2024-12-08T13:08:18+00:00","breadcrumb":{"@id":"https:\/\/www.perfectvanwamel.com\/de\/produkt\/wbg-2-grasnarbenlockerer\/#breadcrumb"},"inLanguage":"de","potentialAction":[{"@type":"ReadAction","target":["https:\/\/www.perfectvanwamel.com\/de\/produkt\/wbg-2-grasnarbenlockerer\/"]}]},{"@type":"ImageObject","inLanguage":"de","@id":"https:\/\/www.perfectvanwamel.com\/de\/produkt\/wbg-2-grasnarbenlockerer\/#primaryimage","url":"https:\/\/www.perfectvanwamel.com\/wp-content\/uploads\/2024\/12\/WBG-2-180-1.jpg","contentUrl":"https:\/\/www.perfectvanwamel.com\/wp-content\/uploads\/2024\/12\/WBG-2-180-1.jpg","width":2000,"height":1484},{"@type":"BreadcrumbList","@id":"https:\/\/www.perfectvanwamel.com\/de\/produkt\/wbg-2-grasnarbenlockerer\/#breadcrumb","itemListElement":[{"@type":"ListItem","position":1,"name":"Home","item":"https:\/\/staging.perfectvanwamel.com\/de\/"},{"@type":"ListItem","position":2,"name":"Produkte","item":"https:\/\/www.perfectvanwamel.com\/de\/technologie\/"},{"@type":"ListItem","position":3,"name":"WBG 2 &#8211; Grasnarbenlockerer"}]},{"@type":"WebSite","@id":"https:\/\/www.perfectvanwamel.com\/de\/#website","url":"https:\/\/www.perfectvanwamel.com\/de\/","name":"PERFECT - Van Wamel","description":"","potentialAction":[{"@type":"SearchAction","target":{"@type":"EntryPoint","urlTemplate":"https:\/\/www.perfectvanwamel.com\/de\/?s={search_term_string}"},"query-input":{"@type":"PropertyValueSpecification","valueRequired":true,"valueName":"search_term_string"}}],"inLanguage":"de"}]}},"_links":{"self":[{"href":"https:\/\/www.perfectvanwamel.com\/de\/wp-json\/wp\/v2\/product\/16277","targetHints":{"allow":["GET"]}}],"collection":[{"href":"https:\/\/www.perfectvanwamel.com\/de\/wp-json\/wp\/v2\/product"}],"about":[{"href":"https:\/\/www.perfectvanwamel.com\/de\/wp-json\/wp\/v2\/types\/product"}],"wp:featuredmedia":[{"embeddable":true,"href":"https:\/\/www.perfectvanwamel.com\/de\/wp-json\/wp\/v2\/media\/28456"}],"wp:attachment":[{"href":"https:\/\/www.perfectvanwamel.com\/de\/wp-json\/wp\/v2\/media?parent=16277"}],"wp:term":[{"taxonomy":"product_brand","embeddable":true,"href":"https:\/\/www.perfectvanwamel.com\/de\/wp-json\/wp\/v2\/product_brand?post=16277"},{"taxonomy":"product_cat","embeddable":true,"href":"https:\/\/www.perfectvanwamel.com\/de\/wp-json\/wp\/v2\/product_cat?post=16277"},{"taxonomy":"product_tag","embeddable":true,"href":"https:\/\/www.perfectvanwamel.com\/de\/wp-json\/wp\/v2\/product_tag?post=16277"}],"curies":[{"name":"wp","href":"https:\/\/api.w.org\/{rel}","templated":true}]}}