{"id":16288,"date":"2024-12-08T14:40:09","date_gmt":"2024-12-08T13:41:04","guid":{"rendered":"https:\/\/www.perfectvanwamel.com\/?post_type=product&#038;p=16288"},"modified":"2024-12-11T20:46:21","modified_gmt":"2024-12-11T19:46:21","slug":"gb-grasnarbenbeluefter-fuer-obst-und-weinbau","status":"publish","type":"product","link":"https:\/\/www.perfectvanwamel.com\/de\/produkt\/gb-grasnarbenbeluefter-fuer-obst-und-weinbau\/","title":{"rendered":"GB &#8211; Grasnarbenbel\u00fcfter f\u00fcr Obst- und Weinbau"},"content":{"rendered":"<p>Der Perfect Bodenbel\u00fcfter hebt m\u00fchelos Verdichtungen in der Bodenstruktur bis zu einer Tiefe von 18,5 cm auf. Verdichtungen oder Verschmierungen im Oberboden und Sch\u00e4den durch Sch\u00e4dlinge werden m\u00fchelos beseitigt. Die Bel\u00fcftung und die Durchl\u00e4ssigkeit werden verbessert, was sich positiv auf die Wasserhaltef\u00e4higkeit auswirkt.<\/p>\n<p>Der Oberboden l\u00e4sst das Wasser schneller abflie\u00dfen, und es gelangt mehr Sauerstoff an die Wurzeln. Mehr Sauerstoff ist wichtig f\u00fcr Wachstum und Qualit\u00e4t und erh\u00f6ht die Kapazit\u00e4t des Bodens.<\/p>\n","protected":false},"excerpt":{"rendered":"<p>Robuster Bodenbel\u00fcfter mit 24 Messern pro Meter.<br \/>\nDie Klingen mit zwei Schneidkanten sind so konzipiert, dass sie die Grasnarbe nicht besch\u00e4digen.<\/p>\n<p>Die Kufen unter den Flanschlagern der Perfect Bodenbel\u00fcfter sch\u00fctzen die Flanschlager, begrenzen die maximale Arbeitstiefe und sorgen f\u00fcr eine unbesch\u00e4digte Grasnarbe. Sie sind in den Rahmen integriert und aus hochwertigem Stahl f\u00fcr eine lange Lebensdauer gefertigt.<\/p>\n","protected":false},"featured_media":16137,"template":"","meta":{"_acf_changed":false},"product_brand":[],"product_cat":[2406],"product_tag":[],"class_list":{"0":"post-16288","1":"product","2":"type-product","3":"status-publish","4":"has-post-thumbnail","6":"product_cat-gruenlandpflege","8":"first","9":"instock","10":"shipping-taxable","11":"product-type-simple"},"acf":[],"yoast_head":"<!-- This site is optimized with the Yoast SEO plugin v27.5 - https:\/\/yoast.com\/product\/yoast-seo-wordpress\/ -->\n<title>GB - Grasnarbenbel\u00fcfter f\u00fcr Obst- und Weinbau - PERFECT - Van Wamel<\/title>\n<meta name=\"robots\" content=\"index, follow, max-snippet:-1, max-image-preview:large, max-video-preview:-1\" \/>\n<link rel=\"canonical\" href=\"https:\/\/www.perfectvanwamel.com\/de\/produkt\/gb-grasnarbenbeluefter-fuer-obst-und-weinbau\/\" \/>\n<meta property=\"og:locale\" content=\"de_DE\" \/>\n<meta property=\"og:type\" content=\"article\" \/>\n<meta property=\"og:title\" content=\"GB - Grasnarbenbel\u00fcfter f\u00fcr Obst- und Weinbau - PERFECT - Van Wamel\" \/>\n<meta property=\"og:description\" content=\"Robuster Bodenbel\u00fcfter mit 24 Messern pro Meter. Die Klingen mit zwei Schneidkanten sind so konzipiert, dass sie die Grasnarbe nicht besch\u00e4digen.  Die Kufen unter den Flanschlagern der Perfect Bodenbel\u00fcfter sch\u00fctzen die Flanschlager, begrenzen die maximale Arbeitstiefe und sorgen f\u00fcr eine unbesch\u00e4digte Grasnarbe. Sie sind in den Rahmen integriert und aus hochwertigem Stahl f\u00fcr eine lange Lebensdauer gefertigt.\" \/>\n<meta property=\"og:url\" content=\"https:\/\/www.perfectvanwamel.com\/de\/produkt\/gb-grasnarbenbeluefter-fuer-obst-und-weinbau\/\" \/>\n<meta property=\"og:site_name\" content=\"PERFECT - Van Wamel\" \/>\n<meta property=\"article:modified_time\" content=\"2024-12-11T19:46:21+00:00\" \/>\n<meta property=\"og:image\" content=\"https:\/\/staging.perfectvanwamel.com\/wp-content\/uploads\/2024\/12\/GB-150-zonder-logo.jpg\" \/>\n\t<meta property=\"og:image:width\" content=\"1386\" \/>\n\t<meta property=\"og:image:height\" content=\"974\" \/>\n\t<meta property=\"og:image:type\" content=\"image\/jpeg\" \/>\n<meta name=\"twitter:card\" content=\"summary_large_image\" \/>\n<script type=\"application\/ld+json\" class=\"yoast-schema-graph\">{\"@context\":\"https:\\\/\\\/schema.org\",\"@graph\":[{\"@type\":\"WebPage\",\"@id\":\"https:\\\/\\\/www.perfectvanwamel.com\\\/de\\\/produkt\\\/gb-grasnarbenbeluefter-fuer-obst-und-weinbau\\\/\",\"url\":\"https:\\\/\\\/www.perfectvanwamel.com\\\/de\\\/produkt\\\/gb-grasnarbenbeluefter-fuer-obst-und-weinbau\\\/\",\"name\":\"GB - Grasnarbenbel\u00fcfter f\u00fcr Obst- und Weinbau - PERFECT - Van Wamel\",\"isPartOf\":{\"@id\":\"https:\\\/\\\/www.perfectvanwamel.com\\\/de\\\/#website\"},\"primaryImageOfPage\":{\"@id\":\"https:\\\/\\\/www.perfectvanwamel.com\\\/de\\\/produkt\\\/gb-grasnarbenbeluefter-fuer-obst-und-weinbau\\\/#primaryimage\"},\"image\":{\"@id\":\"https:\\\/\\\/www.perfectvanwamel.com\\\/de\\\/produkt\\\/gb-grasnarbenbeluefter-fuer-obst-und-weinbau\\\/#primaryimage\"},\"thumbnailUrl\":\"https:\\\/\\\/www.perfectvanwamel.com\\\/wp-content\\\/uploads\\\/2024\\\/12\\\/GB-150-zonder-logo.jpg\",\"datePublished\":\"2024-12-08T13:41:04+00:00\",\"dateModified\":\"2024-12-11T19:46:21+00:00\",\"breadcrumb\":{\"@id\":\"https:\\\/\\\/www.perfectvanwamel.com\\\/de\\\/produkt\\\/gb-grasnarbenbeluefter-fuer-obst-und-weinbau\\\/#breadcrumb\"},\"inLanguage\":\"de\",\"potentialAction\":[{\"@type\":\"ReadAction\",\"target\":[\"https:\\\/\\\/www.perfectvanwamel.com\\\/de\\\/produkt\\\/gb-grasnarbenbeluefter-fuer-obst-und-weinbau\\\/\"]}]},{\"@type\":\"ImageObject\",\"inLanguage\":\"de\",\"@id\":\"https:\\\/\\\/www.perfectvanwamel.com\\\/de\\\/produkt\\\/gb-grasnarbenbeluefter-fuer-obst-und-weinbau\\\/#primaryimage\",\"url\":\"https:\\\/\\\/www.perfectvanwamel.com\\\/wp-content\\\/uploads\\\/2024\\\/12\\\/GB-150-zonder-logo.jpg\",\"contentUrl\":\"https:\\\/\\\/www.perfectvanwamel.com\\\/wp-content\\\/uploads\\\/2024\\\/12\\\/GB-150-zonder-logo.jpg\",\"width\":1386,\"height\":974},{\"@type\":\"BreadcrumbList\",\"@id\":\"https:\\\/\\\/www.perfectvanwamel.com\\\/de\\\/produkt\\\/gb-grasnarbenbeluefter-fuer-obst-und-weinbau\\\/#breadcrumb\",\"itemListElement\":[{\"@type\":\"ListItem\",\"position\":1,\"name\":\"Home\",\"item\":\"https:\\\/\\\/staging.perfectvanwamel.com\\\/de\\\/\"},{\"@type\":\"ListItem\",\"position\":2,\"name\":\"Produkte\",\"item\":\"https:\\\/\\\/www.perfectvanwamel.com\\\/de\\\/technologie\\\/\"},{\"@type\":\"ListItem\",\"position\":3,\"name\":\"GB &#8211; Grasnarbenbel\u00fcfter f\u00fcr Obst- und Weinbau\"}]},{\"@type\":\"WebSite\",\"@id\":\"https:\\\/\\\/www.perfectvanwamel.com\\\/de\\\/#website\",\"url\":\"https:\\\/\\\/www.perfectvanwamel.com\\\/de\\\/\",\"name\":\"PERFECT - Van Wamel\",\"description\":\"\",\"potentialAction\":[{\"@type\":\"SearchAction\",\"target\":{\"@type\":\"EntryPoint\",\"urlTemplate\":\"https:\\\/\\\/www.perfectvanwamel.com\\\/de\\\/?s={search_term_string}\"},\"query-input\":{\"@type\":\"PropertyValueSpecification\",\"valueRequired\":true,\"valueName\":\"search_term_string\"}}],\"inLanguage\":\"de\"}]}<\/script>\n<!-- \/ Yoast SEO plugin. -->","yoast_head_json":{"title":"GB - Grasnarbenbel\u00fcfter f\u00fcr Obst- und Weinbau - PERFECT - Van Wamel","robots":{"index":"index","follow":"follow","max-snippet":"max-snippet:-1","max-image-preview":"max-image-preview:large","max-video-preview":"max-video-preview:-1"},"canonical":"https:\/\/www.perfectvanwamel.com\/de\/produkt\/gb-grasnarbenbeluefter-fuer-obst-und-weinbau\/","og_locale":"de_DE","og_type":"article","og_title":"GB - Grasnarbenbel\u00fcfter f\u00fcr Obst- und Weinbau - PERFECT - Van Wamel","og_description":"Robuster Bodenbel\u00fcfter mit 24 Messern pro Meter. Die Klingen mit zwei Schneidkanten sind so konzipiert, dass sie die Grasnarbe nicht besch\u00e4digen.  Die Kufen unter den Flanschlagern der Perfect Bodenbel\u00fcfter sch\u00fctzen die Flanschlager, begrenzen die maximale Arbeitstiefe und sorgen f\u00fcr eine unbesch\u00e4digte Grasnarbe. Sie sind in den Rahmen integriert und aus hochwertigem Stahl f\u00fcr eine lange Lebensdauer gefertigt.","og_url":"https:\/\/www.perfectvanwamel.com\/de\/produkt\/gb-grasnarbenbeluefter-fuer-obst-und-weinbau\/","og_site_name":"PERFECT - Van Wamel","article_modified_time":"2024-12-11T19:46:21+00:00","og_image":[{"width":1386,"height":974,"url":"https:\/\/staging.perfectvanwamel.com\/wp-content\/uploads\/2024\/12\/GB-150-zonder-logo.jpg","type":"image\/jpeg"}],"twitter_card":"summary_large_image","schema":{"@context":"https:\/\/schema.org","@graph":[{"@type":"WebPage","@id":"https:\/\/www.perfectvanwamel.com\/de\/produkt\/gb-grasnarbenbeluefter-fuer-obst-und-weinbau\/","url":"https:\/\/www.perfectvanwamel.com\/de\/produkt\/gb-grasnarbenbeluefter-fuer-obst-und-weinbau\/","name":"GB - Grasnarbenbel\u00fcfter f\u00fcr Obst- und Weinbau - PERFECT - Van Wamel","isPartOf":{"@id":"https:\/\/www.perfectvanwamel.com\/de\/#website"},"primaryImageOfPage":{"@id":"https:\/\/www.perfectvanwamel.com\/de\/produkt\/gb-grasnarbenbeluefter-fuer-obst-und-weinbau\/#primaryimage"},"image":{"@id":"https:\/\/www.perfectvanwamel.com\/de\/produkt\/gb-grasnarbenbeluefter-fuer-obst-und-weinbau\/#primaryimage"},"thumbnailUrl":"https:\/\/www.perfectvanwamel.com\/wp-content\/uploads\/2024\/12\/GB-150-zonder-logo.jpg","datePublished":"2024-12-08T13:41:04+00:00","dateModified":"2024-12-11T19:46:21+00:00","breadcrumb":{"@id":"https:\/\/www.perfectvanwamel.com\/de\/produkt\/gb-grasnarbenbeluefter-fuer-obst-und-weinbau\/#breadcrumb"},"inLanguage":"de","potentialAction":[{"@type":"ReadAction","target":["https:\/\/www.perfectvanwamel.com\/de\/produkt\/gb-grasnarbenbeluefter-fuer-obst-und-weinbau\/"]}]},{"@type":"ImageObject","inLanguage":"de","@id":"https:\/\/www.perfectvanwamel.com\/de\/produkt\/gb-grasnarbenbeluefter-fuer-obst-und-weinbau\/#primaryimage","url":"https:\/\/www.perfectvanwamel.com\/wp-content\/uploads\/2024\/12\/GB-150-zonder-logo.jpg","contentUrl":"https:\/\/www.perfectvanwamel.com\/wp-content\/uploads\/2024\/12\/GB-150-zonder-logo.jpg","width":1386,"height":974},{"@type":"BreadcrumbList","@id":"https:\/\/www.perfectvanwamel.com\/de\/produkt\/gb-grasnarbenbeluefter-fuer-obst-und-weinbau\/#breadcrumb","itemListElement":[{"@type":"ListItem","position":1,"name":"Home","item":"https:\/\/staging.perfectvanwamel.com\/de\/"},{"@type":"ListItem","position":2,"name":"Produkte","item":"https:\/\/www.perfectvanwamel.com\/de\/technologie\/"},{"@type":"ListItem","position":3,"name":"GB &#8211; Grasnarbenbel\u00fcfter f\u00fcr Obst- und Weinbau"}]},{"@type":"WebSite","@id":"https:\/\/www.perfectvanwamel.com\/de\/#website","url":"https:\/\/www.perfectvanwamel.com\/de\/","name":"PERFECT - Van Wamel","description":"","potentialAction":[{"@type":"SearchAction","target":{"@type":"EntryPoint","urlTemplate":"https:\/\/www.perfectvanwamel.com\/de\/?s={search_term_string}"},"query-input":{"@type":"PropertyValueSpecification","valueRequired":true,"valueName":"search_term_string"}}],"inLanguage":"de"}]}},"_links":{"self":[{"href":"https:\/\/www.perfectvanwamel.com\/de\/wp-json\/wp\/v2\/product\/16288","targetHints":{"allow":["GET"]}}],"collection":[{"href":"https:\/\/www.perfectvanwamel.com\/de\/wp-json\/wp\/v2\/product"}],"about":[{"href":"https:\/\/www.perfectvanwamel.com\/de\/wp-json\/wp\/v2\/types\/product"}],"wp:featuredmedia":[{"embeddable":true,"href":"https:\/\/www.perfectvanwamel.com\/de\/wp-json\/wp\/v2\/media\/16137"}],"wp:attachment":[{"href":"https:\/\/www.perfectvanwamel.com\/de\/wp-json\/wp\/v2\/media?parent=16288"}],"wp:term":[{"taxonomy":"product_brand","embeddable":true,"href":"https:\/\/www.perfectvanwamel.com\/de\/wp-json\/wp\/v2\/product_brand?post=16288"},{"taxonomy":"product_cat","embeddable":true,"href":"https:\/\/www.perfectvanwamel.com\/de\/wp-json\/wp\/v2\/product_cat?post=16288"},{"taxonomy":"product_tag","embeddable":true,"href":"https:\/\/www.perfectvanwamel.com\/de\/wp-json\/wp\/v2\/product_tag?post=16288"}],"curies":[{"name":"wp","href":"https:\/\/api.w.org\/{rel}","templated":true}]}}