{"id":16319,"date":"2024-12-08T15:07:13","date_gmt":"2024-12-08T14:07:13","guid":{"rendered":"https:\/\/www.perfectvanwamel.com\/product\/grass-profi-nachsaemaschine-fuer-obst-und-weinbau\/"},"modified":"2026-03-10T12:53:41","modified_gmt":"2026-03-10T11:53:41","slug":"grass-profi-nachsaemaschine-fuer-obst-und-weinbau","status":"publish","type":"product","link":"https:\/\/www.perfectvanwamel.com\/de\/produkt\/grass-profi-nachsaemaschine-fuer-obst-und-weinbau\/","title":{"rendered":"Grass Profi &#8211; Nachs\u00e4maschine f\u00fcr Obst- und Weinbau"},"content":{"rendered":"<p>Der PERFECT Grass Profi ist die Gr\u00fcnlandpflegemaschine oder Gr\u00fcnland-Nachs\u00e4maschine, die zum Eggen, Einebnen, Nachs\u00e4en und Walzen in einem Arbeitsgang eingesetzt werden kann.<\/p>\n<ul>\n<li>Einebnen: Unebenheiten, wie Maulwurfsh\u00fcgel im Gr\u00fcnland, mit dem Einebnungsbalken einebnen<\/li>\n<li>Eggen: robuste Zinken entfernen Unkraut und oberfl\u00e4chlich verwurzelte schlechte Gr\u00e4ser Die Aggressivit\u00e4t der Eggenzinken ist stufenlos einstellbar<\/li>\n<li>Nachs\u00e4en: Die Aufbaus\u00e4maschine s\u00e4t und verteilt die Grassamen exakt. Mit der richtigen Menge an Grassamen s\u00e4en Sie junge, gute Gr\u00e4ser in den Rasen, wodurch die Grasnarbe in einem Top-Zustand bleibt<\/li>\n<li>Walzen: Mit Nachlaufwalze(n) wird\/werden Grassamen f\u00fcr eine schnelle und gute Keimung angedr\u00fcckt. Das Walzen aktiviert auch das Bodenleben und f\u00f6rdert die Bestockung von vorhandenen Gr\u00e4sern.<\/li>\n<\/ul>\n","protected":false},"excerpt":{"rendered":"<p>Nachs\u00e4maschibe f\u00fcr Grasstreifen mit einer Arbeitsbreite von 180 cm.Serienm\u00e4\u00dfig ausgestattet mit:<\/p>\n<p><span class=\"fontstyle0\"><span class=\"fontstyle2\">\u2022<\/span> 2 Reihen von robusten Eggenzinken \u00d8 12\u00a0<\/span><span class=\"fontstyle0\">mm, Aggressivit\u00e4t stufenlos einstellbar<br \/>\n<\/span><span class=\"fontstyle2\">\u2022 \u00a0<span class=\"fontstyle0\">Solide, federbelastete, h\u00f6henverstellbare\u00a0 <\/span><\/span><span class=\"fontstyle2\"><span class=\"fontstyle0\">Einebnungsbalken<\/span><br \/>\n<\/span><span class=\"fontstyle2\">\u2022 P<\/span><span class=\"fontstyle0\">ictorwalze \u00d8 44\/49 cm<br \/>\n<\/span><span class=\"fontstyle2\">\u2022 P-Box STI pneumatische S\u00e4maschine<\/span><\/p>\n","protected":false},"featured_media":28375,"template":"","meta":{"_acf_changed":false},"product_brand":[],"product_cat":[2406],"product_tag":[],"class_list":{"0":"post-16319","1":"product","2":"type-product","3":"status-publish","4":"has-post-thumbnail","6":"product_cat-gruenlandpflege","8":"first","9":"instock","10":"shipping-taxable","11":"product-type-simple"},"acf":[],"yoast_head":"<!-- This site is optimized with the Yoast SEO plugin v27.4 - https:\/\/yoast.com\/product\/yoast-seo-wordpress\/ -->\n<title>Grass Profi - Nachs\u00e4maschine f\u00fcr Obst- und Weinbau - PERFECT - Van Wamel<\/title>\n<meta name=\"robots\" content=\"index, follow, max-snippet:-1, max-image-preview:large, max-video-preview:-1\" \/>\n<link rel=\"canonical\" href=\"https:\/\/www.perfectvanwamel.com\/de\/produkt\/grass-profi-nachsaemaschine-fuer-obst-und-weinbau\/\" \/>\n<meta property=\"og:locale\" content=\"de_DE\" \/>\n<meta property=\"og:type\" content=\"article\" \/>\n<meta property=\"og:title\" content=\"Grass Profi - Nachs\u00e4maschine f\u00fcr Obst- und Weinbau - PERFECT - Van Wamel\" \/>\n<meta property=\"og:description\" content=\"Nachs\u00e4maschibe f\u00fcr Grasstreifen mit einer Arbeitsbreite von 180 cm.Serienm\u00e4\u00dfig ausgestattet mit:  \u2022 2 Reihen von robusten Eggenzinken \u00d8 12\u00a0mm, Aggressivit\u00e4t stufenlos einstellbar \u2022 \u00a0Solide, federbelastete, h\u00f6henverstellbare\u00a0 Einebnungsbalken \u2022 Pictorwalze \u00d8 44\/49 cm \u2022 P-Box STI pneumatische S\u00e4maschine\" \/>\n<meta property=\"og:url\" content=\"https:\/\/www.perfectvanwamel.com\/de\/produkt\/grass-profi-nachsaemaschine-fuer-obst-und-weinbau\/\" \/>\n<meta property=\"og:site_name\" content=\"PERFECT - Van Wamel\" \/>\n<meta property=\"article:modified_time\" content=\"2026-03-10T11:53:41+00:00\" \/>\n<meta property=\"og:image\" content=\"https:\/\/staging.perfectvanwamel.com\/wp-content\/uploads\/2024\/12\/Grass-profi-new.jpg\" \/>\n\t<meta property=\"og:image:width\" content=\"1920\" \/>\n\t<meta property=\"og:image:height\" content=\"1440\" \/>\n\t<meta property=\"og:image:type\" content=\"image\/jpeg\" \/>\n<meta name=\"twitter:card\" content=\"summary_large_image\" \/>\n<meta name=\"twitter:label1\" content=\"Gesch\u00e4tzte Lesezeit\" \/>\n\t<meta name=\"twitter:data1\" content=\"1\u00a0Minute\" \/>\n<script type=\"application\/ld+json\" class=\"yoast-schema-graph\">{\"@context\":\"https:\\\/\\\/schema.org\",\"@graph\":[{\"@type\":\"WebPage\",\"@id\":\"https:\\\/\\\/www.perfectvanwamel.com\\\/de\\\/produkt\\\/grass-profi-nachsaemaschine-fuer-obst-und-weinbau\\\/\",\"url\":\"https:\\\/\\\/www.perfectvanwamel.com\\\/de\\\/produkt\\\/grass-profi-nachsaemaschine-fuer-obst-und-weinbau\\\/\",\"name\":\"Grass Profi - Nachs\u00e4maschine f\u00fcr Obst- und Weinbau - PERFECT - Van Wamel\",\"isPartOf\":{\"@id\":\"https:\\\/\\\/www.perfectvanwamel.com\\\/de\\\/#website\"},\"primaryImageOfPage\":{\"@id\":\"https:\\\/\\\/www.perfectvanwamel.com\\\/de\\\/produkt\\\/grass-profi-nachsaemaschine-fuer-obst-und-weinbau\\\/#primaryimage\"},\"image\":{\"@id\":\"https:\\\/\\\/www.perfectvanwamel.com\\\/de\\\/produkt\\\/grass-profi-nachsaemaschine-fuer-obst-und-weinbau\\\/#primaryimage\"},\"thumbnailUrl\":\"https:\\\/\\\/www.perfectvanwamel.com\\\/wp-content\\\/uploads\\\/2024\\\/12\\\/Grass-profi-new.jpg\",\"datePublished\":\"2024-12-08T14:07:13+00:00\",\"dateModified\":\"2026-03-10T11:53:41+00:00\",\"breadcrumb\":{\"@id\":\"https:\\\/\\\/www.perfectvanwamel.com\\\/de\\\/produkt\\\/grass-profi-nachsaemaschine-fuer-obst-und-weinbau\\\/#breadcrumb\"},\"inLanguage\":\"de\",\"potentialAction\":[{\"@type\":\"ReadAction\",\"target\":[\"https:\\\/\\\/www.perfectvanwamel.com\\\/de\\\/produkt\\\/grass-profi-nachsaemaschine-fuer-obst-und-weinbau\\\/\"]}]},{\"@type\":\"ImageObject\",\"inLanguage\":\"de\",\"@id\":\"https:\\\/\\\/www.perfectvanwamel.com\\\/de\\\/produkt\\\/grass-profi-nachsaemaschine-fuer-obst-und-weinbau\\\/#primaryimage\",\"url\":\"https:\\\/\\\/www.perfectvanwamel.com\\\/wp-content\\\/uploads\\\/2024\\\/12\\\/Grass-profi-new.jpg\",\"contentUrl\":\"https:\\\/\\\/www.perfectvanwamel.com\\\/wp-content\\\/uploads\\\/2024\\\/12\\\/Grass-profi-new.jpg\",\"width\":1920,\"height\":1440},{\"@type\":\"BreadcrumbList\",\"@id\":\"https:\\\/\\\/www.perfectvanwamel.com\\\/de\\\/produkt\\\/grass-profi-nachsaemaschine-fuer-obst-und-weinbau\\\/#breadcrumb\",\"itemListElement\":[{\"@type\":\"ListItem\",\"position\":1,\"name\":\"Home\",\"item\":\"https:\\\/\\\/staging.perfectvanwamel.com\\\/de\\\/\"},{\"@type\":\"ListItem\",\"position\":2,\"name\":\"Technologie\",\"item\":\"https:\\\/\\\/staging.perfectvanwamel.com\\\/de\\\/technologie\\\/\"},{\"@type\":\"ListItem\",\"position\":3,\"name\":\"Grass Profi &#8211; Nachs\u00e4maschine f\u00fcr Obst- und Weinbau\"}]},{\"@type\":\"WebSite\",\"@id\":\"https:\\\/\\\/www.perfectvanwamel.com\\\/de\\\/#website\",\"url\":\"https:\\\/\\\/www.perfectvanwamel.com\\\/de\\\/\",\"name\":\"PERFECT - Van Wamel\",\"description\":\"\",\"potentialAction\":[{\"@type\":\"SearchAction\",\"target\":{\"@type\":\"EntryPoint\",\"urlTemplate\":\"https:\\\/\\\/www.perfectvanwamel.com\\\/de\\\/?s={search_term_string}\"},\"query-input\":{\"@type\":\"PropertyValueSpecification\",\"valueRequired\":true,\"valueName\":\"search_term_string\"}}],\"inLanguage\":\"de\"}]}<\/script>\n<!-- \/ Yoast SEO plugin. -->","yoast_head_json":{"title":"Grass Profi - Nachs\u00e4maschine f\u00fcr Obst- und Weinbau - PERFECT - Van Wamel","robots":{"index":"index","follow":"follow","max-snippet":"max-snippet:-1","max-image-preview":"max-image-preview:large","max-video-preview":"max-video-preview:-1"},"canonical":"https:\/\/www.perfectvanwamel.com\/de\/produkt\/grass-profi-nachsaemaschine-fuer-obst-und-weinbau\/","og_locale":"de_DE","og_type":"article","og_title":"Grass Profi - Nachs\u00e4maschine f\u00fcr Obst- und Weinbau - PERFECT - Van Wamel","og_description":"Nachs\u00e4maschibe f\u00fcr Grasstreifen mit einer Arbeitsbreite von 180 cm.Serienm\u00e4\u00dfig ausgestattet mit:  \u2022 2 Reihen von robusten Eggenzinken \u00d8 12\u00a0mm, Aggressivit\u00e4t stufenlos einstellbar \u2022 \u00a0Solide, federbelastete, h\u00f6henverstellbare\u00a0 Einebnungsbalken \u2022 Pictorwalze \u00d8 44\/49 cm \u2022 P-Box STI pneumatische S\u00e4maschine","og_url":"https:\/\/www.perfectvanwamel.com\/de\/produkt\/grass-profi-nachsaemaschine-fuer-obst-und-weinbau\/","og_site_name":"PERFECT - Van Wamel","article_modified_time":"2026-03-10T11:53:41+00:00","og_image":[{"width":1920,"height":1440,"url":"https:\/\/staging.perfectvanwamel.com\/wp-content\/uploads\/2024\/12\/Grass-profi-new.jpg","type":"image\/jpeg"}],"twitter_card":"summary_large_image","twitter_misc":{"Gesch\u00e4tzte Lesezeit":"1\u00a0Minute"},"schema":{"@context":"https:\/\/schema.org","@graph":[{"@type":"WebPage","@id":"https:\/\/www.perfectvanwamel.com\/de\/produkt\/grass-profi-nachsaemaschine-fuer-obst-und-weinbau\/","url":"https:\/\/www.perfectvanwamel.com\/de\/produkt\/grass-profi-nachsaemaschine-fuer-obst-und-weinbau\/","name":"Grass Profi - Nachs\u00e4maschine f\u00fcr Obst- und Weinbau - PERFECT - Van Wamel","isPartOf":{"@id":"https:\/\/www.perfectvanwamel.com\/de\/#website"},"primaryImageOfPage":{"@id":"https:\/\/www.perfectvanwamel.com\/de\/produkt\/grass-profi-nachsaemaschine-fuer-obst-und-weinbau\/#primaryimage"},"image":{"@id":"https:\/\/www.perfectvanwamel.com\/de\/produkt\/grass-profi-nachsaemaschine-fuer-obst-und-weinbau\/#primaryimage"},"thumbnailUrl":"https:\/\/www.perfectvanwamel.com\/wp-content\/uploads\/2024\/12\/Grass-profi-new.jpg","datePublished":"2024-12-08T14:07:13+00:00","dateModified":"2026-03-10T11:53:41+00:00","breadcrumb":{"@id":"https:\/\/www.perfectvanwamel.com\/de\/produkt\/grass-profi-nachsaemaschine-fuer-obst-und-weinbau\/#breadcrumb"},"inLanguage":"de","potentialAction":[{"@type":"ReadAction","target":["https:\/\/www.perfectvanwamel.com\/de\/produkt\/grass-profi-nachsaemaschine-fuer-obst-und-weinbau\/"]}]},{"@type":"ImageObject","inLanguage":"de","@id":"https:\/\/www.perfectvanwamel.com\/de\/produkt\/grass-profi-nachsaemaschine-fuer-obst-und-weinbau\/#primaryimage","url":"https:\/\/www.perfectvanwamel.com\/wp-content\/uploads\/2024\/12\/Grass-profi-new.jpg","contentUrl":"https:\/\/www.perfectvanwamel.com\/wp-content\/uploads\/2024\/12\/Grass-profi-new.jpg","width":1920,"height":1440},{"@type":"BreadcrumbList","@id":"https:\/\/www.perfectvanwamel.com\/de\/produkt\/grass-profi-nachsaemaschine-fuer-obst-und-weinbau\/#breadcrumb","itemListElement":[{"@type":"ListItem","position":1,"name":"Home","item":"https:\/\/staging.perfectvanwamel.com\/de\/"},{"@type":"ListItem","position":2,"name":"Technologie","item":"https:\/\/staging.perfectvanwamel.com\/de\/technologie\/"},{"@type":"ListItem","position":3,"name":"Grass Profi &#8211; Nachs\u00e4maschine f\u00fcr Obst- und Weinbau"}]},{"@type":"WebSite","@id":"https:\/\/www.perfectvanwamel.com\/de\/#website","url":"https:\/\/www.perfectvanwamel.com\/de\/","name":"PERFECT - Van Wamel","description":"","potentialAction":[{"@type":"SearchAction","target":{"@type":"EntryPoint","urlTemplate":"https:\/\/www.perfectvanwamel.com\/de\/?s={search_term_string}"},"query-input":{"@type":"PropertyValueSpecification","valueRequired":true,"valueName":"search_term_string"}}],"inLanguage":"de"}]}},"_links":{"self":[{"href":"https:\/\/www.perfectvanwamel.com\/de\/wp-json\/wp\/v2\/product\/16319","targetHints":{"allow":["GET"]}}],"collection":[{"href":"https:\/\/www.perfectvanwamel.com\/de\/wp-json\/wp\/v2\/product"}],"about":[{"href":"https:\/\/www.perfectvanwamel.com\/de\/wp-json\/wp\/v2\/types\/product"}],"wp:featuredmedia":[{"embeddable":true,"href":"https:\/\/www.perfectvanwamel.com\/de\/wp-json\/wp\/v2\/media\/28375"}],"wp:attachment":[{"href":"https:\/\/www.perfectvanwamel.com\/de\/wp-json\/wp\/v2\/media?parent=16319"}],"wp:term":[{"taxonomy":"product_brand","embeddable":true,"href":"https:\/\/www.perfectvanwamel.com\/de\/wp-json\/wp\/v2\/product_brand?post=16319"},{"taxonomy":"product_cat","embeddable":true,"href":"https:\/\/www.perfectvanwamel.com\/de\/wp-json\/wp\/v2\/product_cat?post=16319"},{"taxonomy":"product_tag","embeddable":true,"href":"https:\/\/www.perfectvanwamel.com\/de\/wp-json\/wp\/v2\/product_tag?post=16319"}],"curies":[{"name":"wp","href":"https:\/\/api.w.org\/{rel}","templated":true}]}}