{"id":16500,"date":"2024-12-09T14:04:06","date_gmt":"2024-12-09T13:04:06","guid":{"rendered":"https:\/\/www.perfectvanwamel.com\/product\/skyros-vario-scheibenegge\/"},"modified":"2025-04-18T15:51:38","modified_gmt":"2025-04-18T13:51:38","slug":"skyros-vario-scheibenegge","status":"publish","type":"product","link":"https:\/\/www.perfectvanwamel.com\/de\/produkt\/skyros-vario-scheibenegge\/","title":{"rendered":"Skyros Vario &#8211; Scheibenegge"},"content":{"rendered":"<p>Die Perfect Skyros Vario Scheibenegge Geeignet f\u00fcr die vollst\u00e4ndige Stoppelbearbeitung und alle Bodenarten. Die Scheibenegge sorgt f\u00fcr ein gutes Keimbett, der Abbauprozess wird schnell und intensiv in Gang gesetzt und die Kr\u00fcmelung des Bodens ist optimal.<\/p>\n<p>Serienm\u00e4\u00dfig ausgestattet mit:<br \/>\n<span class=\"fontstyle0\">\u2022 <\/span><span class=\"fontstyle2\">2 Reihen gezackter Scheiben \u00d8 510 mm<br \/>\n<\/span><span class=\"fontstyle0\">\u2022 <\/span><span class=\"fontstyle2\">Maximale Arbeitstiefe 10 cm<br \/>\n<\/span><span class=\"fontstyle0\">\u2022 <\/span><span class=\"fontstyle2\">Stufenlos einstellbarer Winkel der Scheiben<br \/>\n<\/span><span class=\"fontstyle0\">\u2022 <\/span><span class=\"fontstyle2\">Standard-Nachlaufwalze: Rohrwalze \u00d8 45 cm 8&#215;1,25\u201c\u00a0<\/span><span class=\"fontstyle2\">V-Form<\/span><\/p>\n","protected":false},"excerpt":{"rendered":"<p>Die innovative stufenlose Winkeleinstellung der Scheibeneggen sorgt daf\u00fcr, dass die Maschinen optimal auf die gew\u00fcnschten Arbeiten eingestellt werden k\u00f6nnen. Tiefe oder flache Bearbeitung, viel oder wenig Ernter\u00fcckst\u00e4nde, trockener oder feuchter Boden: Die Vario-Disc-Scheibeneggen arbeiten problemlos unter allen Bedingungen. Durch die Einstellung der Scheibenwinkel pro Reihe erhalten die Scheiben maximale Effizienz.<\/p>\n<p>Erh\u00e4ltlich mit Arbeitsbreiten von 1,50 und 2,50 Metern.<\/p>\n","protected":false},"featured_media":16449,"template":"","meta":{"_acf_changed":false},"product_brand":[],"product_cat":[2406],"product_tag":[],"class_list":{"0":"post-16500","1":"product","2":"type-product","3":"status-publish","4":"has-post-thumbnail","6":"product_cat-gruenlandpflege","8":"first","9":"instock","10":"shipping-taxable","11":"product-type-simple"},"acf":[],"yoast_head":"<!-- This site is optimized with the Yoast SEO plugin v27.4 - https:\/\/yoast.com\/product\/yoast-seo-wordpress\/ -->\n<title>Skyros Vario - Scheibenegge - PERFECT - Van Wamel<\/title>\n<meta name=\"robots\" content=\"index, follow, max-snippet:-1, max-image-preview:large, max-video-preview:-1\" \/>\n<link rel=\"canonical\" href=\"https:\/\/www.perfectvanwamel.com\/de\/produkt\/skyros-vario-scheibenegge\/\" \/>\n<meta property=\"og:locale\" content=\"de_DE\" \/>\n<meta property=\"og:type\" content=\"article\" \/>\n<meta property=\"og:title\" content=\"Skyros Vario - Scheibenegge - PERFECT - Van Wamel\" \/>\n<meta property=\"og:description\" content=\"Die innovative stufenlose Winkeleinstellung der Scheibeneggen sorgt daf\u00fcr, dass die Maschinen optimal auf die gew\u00fcnschten Arbeiten eingestellt werden k\u00f6nnen. Tiefe oder flache Bearbeitung, viel oder wenig Ernter\u00fcckst\u00e4nde, trockener oder feuchter Boden: Die Vario-Disc-Scheibeneggen arbeiten problemlos unter allen Bedingungen. Durch die Einstellung der Scheibenwinkel pro Reihe erhalten die Scheiben maximale Effizienz.  Erh\u00e4ltlich mit Arbeitsbreiten von 1,50 und 2,50 Metern.\" \/>\n<meta property=\"og:url\" content=\"https:\/\/www.perfectvanwamel.com\/de\/produkt\/skyros-vario-scheibenegge\/\" \/>\n<meta property=\"og:site_name\" content=\"PERFECT - Van Wamel\" \/>\n<meta property=\"article:modified_time\" content=\"2025-04-18T13:51:38+00:00\" \/>\n<meta property=\"og:image\" content=\"https:\/\/staging.perfectvanwamel.com\/wp-content\/uploads\/2024\/12\/SKYROS-V250-51.-Perfect-Van-Wamel-1-min-scaled.jpg\" \/>\n\t<meta property=\"og:image:width\" content=\"2560\" \/>\n\t<meta property=\"og:image:height\" content=\"1920\" \/>\n\t<meta property=\"og:image:type\" content=\"image\/jpeg\" \/>\n<meta name=\"twitter:card\" content=\"summary_large_image\" \/>\n<script type=\"application\/ld+json\" class=\"yoast-schema-graph\">{\"@context\":\"https:\\\/\\\/schema.org\",\"@graph\":[{\"@type\":\"WebPage\",\"@id\":\"https:\\\/\\\/www.perfectvanwamel.com\\\/de\\\/produkt\\\/skyros-vario-scheibenegge\\\/\",\"url\":\"https:\\\/\\\/www.perfectvanwamel.com\\\/de\\\/produkt\\\/skyros-vario-scheibenegge\\\/\",\"name\":\"Skyros Vario - Scheibenegge - PERFECT - Van Wamel\",\"isPartOf\":{\"@id\":\"https:\\\/\\\/www.perfectvanwamel.com\\\/de\\\/#website\"},\"primaryImageOfPage\":{\"@id\":\"https:\\\/\\\/www.perfectvanwamel.com\\\/de\\\/produkt\\\/skyros-vario-scheibenegge\\\/#primaryimage\"},\"image\":{\"@id\":\"https:\\\/\\\/www.perfectvanwamel.com\\\/de\\\/produkt\\\/skyros-vario-scheibenegge\\\/#primaryimage\"},\"thumbnailUrl\":\"https:\\\/\\\/www.perfectvanwamel.com\\\/wp-content\\\/uploads\\\/2024\\\/12\\\/SKYROS-V250-51.-Perfect-Van-Wamel-1-min-scaled.jpg\",\"datePublished\":\"2024-12-09T13:04:06+00:00\",\"dateModified\":\"2025-04-18T13:51:38+00:00\",\"breadcrumb\":{\"@id\":\"https:\\\/\\\/www.perfectvanwamel.com\\\/de\\\/produkt\\\/skyros-vario-scheibenegge\\\/#breadcrumb\"},\"inLanguage\":\"de\",\"potentialAction\":[{\"@type\":\"ReadAction\",\"target\":[\"https:\\\/\\\/www.perfectvanwamel.com\\\/de\\\/produkt\\\/skyros-vario-scheibenegge\\\/\"]}]},{\"@type\":\"ImageObject\",\"inLanguage\":\"de\",\"@id\":\"https:\\\/\\\/www.perfectvanwamel.com\\\/de\\\/produkt\\\/skyros-vario-scheibenegge\\\/#primaryimage\",\"url\":\"https:\\\/\\\/www.perfectvanwamel.com\\\/wp-content\\\/uploads\\\/2024\\\/12\\\/SKYROS-V250-51.-Perfect-Van-Wamel-1-min-scaled.jpg\",\"contentUrl\":\"https:\\\/\\\/www.perfectvanwamel.com\\\/wp-content\\\/uploads\\\/2024\\\/12\\\/SKYROS-V250-51.-Perfect-Van-Wamel-1-min-scaled.jpg\",\"width\":2560,\"height\":1920},{\"@type\":\"BreadcrumbList\",\"@id\":\"https:\\\/\\\/www.perfectvanwamel.com\\\/de\\\/produkt\\\/skyros-vario-scheibenegge\\\/#breadcrumb\",\"itemListElement\":[{\"@type\":\"ListItem\",\"position\":1,\"name\":\"Home\",\"item\":\"https:\\\/\\\/staging.perfectvanwamel.com\\\/de\\\/\"},{\"@type\":\"ListItem\",\"position\":2,\"name\":\"Produkte\",\"item\":\"https:\\\/\\\/www.perfectvanwamel.com\\\/de\\\/technologie\\\/\"},{\"@type\":\"ListItem\",\"position\":3,\"name\":\"Skyros Vario &#8211; Scheibenegge\"}]},{\"@type\":\"WebSite\",\"@id\":\"https:\\\/\\\/www.perfectvanwamel.com\\\/de\\\/#website\",\"url\":\"https:\\\/\\\/www.perfectvanwamel.com\\\/de\\\/\",\"name\":\"PERFECT - Van Wamel\",\"description\":\"\",\"potentialAction\":[{\"@type\":\"SearchAction\",\"target\":{\"@type\":\"EntryPoint\",\"urlTemplate\":\"https:\\\/\\\/www.perfectvanwamel.com\\\/de\\\/?s={search_term_string}\"},\"query-input\":{\"@type\":\"PropertyValueSpecification\",\"valueRequired\":true,\"valueName\":\"search_term_string\"}}],\"inLanguage\":\"de\"}]}<\/script>\n<!-- \/ Yoast SEO plugin. -->","yoast_head_json":{"title":"Skyros Vario - Scheibenegge - PERFECT - Van Wamel","robots":{"index":"index","follow":"follow","max-snippet":"max-snippet:-1","max-image-preview":"max-image-preview:large","max-video-preview":"max-video-preview:-1"},"canonical":"https:\/\/www.perfectvanwamel.com\/de\/produkt\/skyros-vario-scheibenegge\/","og_locale":"de_DE","og_type":"article","og_title":"Skyros Vario - Scheibenegge - PERFECT - Van Wamel","og_description":"Die innovative stufenlose Winkeleinstellung der Scheibeneggen sorgt daf\u00fcr, dass die Maschinen optimal auf die gew\u00fcnschten Arbeiten eingestellt werden k\u00f6nnen. Tiefe oder flache Bearbeitung, viel oder wenig Ernter\u00fcckst\u00e4nde, trockener oder feuchter Boden: Die Vario-Disc-Scheibeneggen arbeiten problemlos unter allen Bedingungen. Durch die Einstellung der Scheibenwinkel pro Reihe erhalten die Scheiben maximale Effizienz.  Erh\u00e4ltlich mit Arbeitsbreiten von 1,50 und 2,50 Metern.","og_url":"https:\/\/www.perfectvanwamel.com\/de\/produkt\/skyros-vario-scheibenegge\/","og_site_name":"PERFECT - Van Wamel","article_modified_time":"2025-04-18T13:51:38+00:00","og_image":[{"width":2560,"height":1920,"url":"https:\/\/staging.perfectvanwamel.com\/wp-content\/uploads\/2024\/12\/SKYROS-V250-51.-Perfect-Van-Wamel-1-min-scaled.jpg","type":"image\/jpeg"}],"twitter_card":"summary_large_image","schema":{"@context":"https:\/\/schema.org","@graph":[{"@type":"WebPage","@id":"https:\/\/www.perfectvanwamel.com\/de\/produkt\/skyros-vario-scheibenegge\/","url":"https:\/\/www.perfectvanwamel.com\/de\/produkt\/skyros-vario-scheibenegge\/","name":"Skyros Vario - Scheibenegge - PERFECT - Van Wamel","isPartOf":{"@id":"https:\/\/www.perfectvanwamel.com\/de\/#website"},"primaryImageOfPage":{"@id":"https:\/\/www.perfectvanwamel.com\/de\/produkt\/skyros-vario-scheibenegge\/#primaryimage"},"image":{"@id":"https:\/\/www.perfectvanwamel.com\/de\/produkt\/skyros-vario-scheibenegge\/#primaryimage"},"thumbnailUrl":"https:\/\/www.perfectvanwamel.com\/wp-content\/uploads\/2024\/12\/SKYROS-V250-51.-Perfect-Van-Wamel-1-min-scaled.jpg","datePublished":"2024-12-09T13:04:06+00:00","dateModified":"2025-04-18T13:51:38+00:00","breadcrumb":{"@id":"https:\/\/www.perfectvanwamel.com\/de\/produkt\/skyros-vario-scheibenegge\/#breadcrumb"},"inLanguage":"de","potentialAction":[{"@type":"ReadAction","target":["https:\/\/www.perfectvanwamel.com\/de\/produkt\/skyros-vario-scheibenegge\/"]}]},{"@type":"ImageObject","inLanguage":"de","@id":"https:\/\/www.perfectvanwamel.com\/de\/produkt\/skyros-vario-scheibenegge\/#primaryimage","url":"https:\/\/www.perfectvanwamel.com\/wp-content\/uploads\/2024\/12\/SKYROS-V250-51.-Perfect-Van-Wamel-1-min-scaled.jpg","contentUrl":"https:\/\/www.perfectvanwamel.com\/wp-content\/uploads\/2024\/12\/SKYROS-V250-51.-Perfect-Van-Wamel-1-min-scaled.jpg","width":2560,"height":1920},{"@type":"BreadcrumbList","@id":"https:\/\/www.perfectvanwamel.com\/de\/produkt\/skyros-vario-scheibenegge\/#breadcrumb","itemListElement":[{"@type":"ListItem","position":1,"name":"Home","item":"https:\/\/staging.perfectvanwamel.com\/de\/"},{"@type":"ListItem","position":2,"name":"Produkte","item":"https:\/\/www.perfectvanwamel.com\/de\/technologie\/"},{"@type":"ListItem","position":3,"name":"Skyros Vario &#8211; Scheibenegge"}]},{"@type":"WebSite","@id":"https:\/\/www.perfectvanwamel.com\/de\/#website","url":"https:\/\/www.perfectvanwamel.com\/de\/","name":"PERFECT - Van Wamel","description":"","potentialAction":[{"@type":"SearchAction","target":{"@type":"EntryPoint","urlTemplate":"https:\/\/www.perfectvanwamel.com\/de\/?s={search_term_string}"},"query-input":{"@type":"PropertyValueSpecification","valueRequired":true,"valueName":"search_term_string"}}],"inLanguage":"de"}]}},"_links":{"self":[{"href":"https:\/\/www.perfectvanwamel.com\/de\/wp-json\/wp\/v2\/product\/16500","targetHints":{"allow":["GET"]}}],"collection":[{"href":"https:\/\/www.perfectvanwamel.com\/de\/wp-json\/wp\/v2\/product"}],"about":[{"href":"https:\/\/www.perfectvanwamel.com\/de\/wp-json\/wp\/v2\/types\/product"}],"wp:featuredmedia":[{"embeddable":true,"href":"https:\/\/www.perfectvanwamel.com\/de\/wp-json\/wp\/v2\/media\/16449"}],"wp:attachment":[{"href":"https:\/\/www.perfectvanwamel.com\/de\/wp-json\/wp\/v2\/media?parent=16500"}],"wp:term":[{"taxonomy":"product_brand","embeddable":true,"href":"https:\/\/www.perfectvanwamel.com\/de\/wp-json\/wp\/v2\/product_brand?post=16500"},{"taxonomy":"product_cat","embeddable":true,"href":"https:\/\/www.perfectvanwamel.com\/de\/wp-json\/wp\/v2\/product_cat?post=16500"},{"taxonomy":"product_tag","embeddable":true,"href":"https:\/\/www.perfectvanwamel.com\/de\/wp-json\/wp\/v2\/product_tag?post=16500"}],"curies":[{"name":"wp","href":"https:\/\/api.w.org\/{rel}","templated":true}]}}