{"id":22161,"date":"2025-04-03T15:54:17","date_gmt":"2025-04-03T13:54:17","guid":{"rendered":"https:\/\/www.perfectvanwamel.com\/product\/hochleistungs-obstbaumaeher-t-rex\/"},"modified":"2025-05-28T09:02:42","modified_gmt":"2025-05-28T07:02:42","slug":"hochleistungs-obstbaumaeher-t-rex","status":"publish","type":"product","link":"https:\/\/www.perfectvanwamel.com\/de\/produkt\/hochleistungs-obstbaumaeher-t-rex\/","title":{"rendered":"Hochleistungs-Obstbaum\u00e4her T-Rex"},"content":{"rendered":"<p><strong>Effizienter Antrieb und Vielseitigkeit<\/strong><\/p>\n<p>Der T-Rex ist mit drei Messern ausgestattet (200, 225, 250, 270 und 290 cm Arbeitsbreite), wodurch der M\u00e4her kompakt bleibt. Das M\u00e4hwerk ist f\u00fcr eine optimale Bodenanpassung flexibel aufgeh\u00e4ngt, wodurch ein gleichm\u00e4\u00dfiger Schnitt auch auf unebenem Gel\u00e4nde gew\u00e4hrleistet ist. Der T-Rex verf\u00fcgt \u00fcber einen Getriebeantrieb anstelle von Keilriemen. Das sorgt f\u00fcr eine direkte und kraftvolle Kraft\u00fcbertragung, weniger Verschlei\u00df und eine l\u00e4ngere Lebensdauer. Ideal f\u00fcr die intensiven Bedingungen, unter denen Sie jeden Tag arbeiten.<\/p>\n<p><strong>Sie haben die Wahl zwischen 4 Konfigurationen:<\/strong><\/p>\n<p><strong>Frontm\u00e4hwerk<\/strong>: Bietet Ihnen optimale Sicht und Pr\u00e4zision.<br \/>\n<strong>Heckm\u00e4hwerk<\/strong>: Sorgt f\u00fcr eine effiziente Schnittleistung auf gr\u00f6\u00dferen Fl\u00e4chen.<br \/>\n<strong>Front- und Heckanbau<\/strong>: Mit dieser Konfiguration k\u00f6nnen Sie das M\u00e4hwerk sowohl vorne als auch hinten am Traktor anbauen.<br \/>\n<strong>M\u00e4h-Spritz Kombination<\/strong>: Kombiniert M\u00e4hen und Spr\u00fchen und spart Ihnen so Zeit und Kosten.<\/p>\n<p>Der T-Rex verf\u00fcgt serienm\u00e4\u00dfig \u00fcber einen seitlichen und hinteren Grasauswurfm\u00f6glichkeit und eine gro\u00dfe Laufwalze f\u00fcr eine optimale Bodenanpassung, die perfekt auf Ihren Obstgarten zugeschnitten ist.<\/p>\n<p><strong>Langlebig und zuverl\u00e4ssig<\/strong><\/p>\n<p>Mit hochwertigen Komponenten wie dem deutschen R\u00f6gelberg-Getriebe und der Walterscheid-Nockenwellenzapfwelle k\u00f6nnen Sie sich auf h\u00f6chste Qualit\u00e4t verlassen. Zum Schutz des Antriebs sind Gummikupplungen eingebaut: zwischen Messer und Getriebe und zwischen den Getrieben selbst. Die robuste Konstruktion und der minimale Wartungsaufwand sorgen daf\u00fcr, dass Ihr M\u00e4her zuverl\u00e4ssig und effizient arbeitet.<\/p>\n","protected":false},"excerpt":{"rendered":"<p><strong>Ihr leistungsstarker und vielseitiger M\u00e4her f\u00fcr den Obst- und Weinbau<\/strong><\/p>\n<p>Der T-Rex ist der zuverl\u00e4ssige M\u00e4her, der m\u00fchelos h\u00f6heres Gras bew\u00e4ltigt. Mit seiner robusten Konstruktion und dem Getriebeantrieb ist es kein Problem, weniger oft zu m\u00e4hen und so Kosten zu sparen. Speziell f\u00fcr Sie als Obstbauern entwickelt. Das M\u00e4hwerk ist als Heckm\u00e4hwerk, Frontm\u00e4hwerk, Front- und Heckm\u00e4hwerk und M\u00e4h-Spritz Kombination erh\u00e4ltlich, so dass Sie bei Ihrer Arbeit flexibel bleiben.<br \/>\nSehen Sie sich <a href=\"https:\/\/www.youtube.com\/watch?v=j63MEhWS8mU\">hier<\/a> das Animationsvideo des T-Rex an.<\/p>\n","protected":false},"featured_media":28350,"template":"","meta":{"_acf_changed":false},"product_brand":[],"product_cat":[1034],"product_tag":[],"class_list":{"0":"post-22161","1":"product","2":"type-product","3":"status-publish","4":"has-post-thumbnail","6":"product_cat-obstbaumulcher","8":"first","9":"instock","10":"shipping-taxable","11":"product-type-simple"},"acf":[],"yoast_head":"<!-- This site is optimized with the Yoast SEO plugin v27.5 - https:\/\/yoast.com\/product\/yoast-seo-wordpress\/ -->\n<title>Hochleistungs-Obstbaum\u00e4her T-Rex - PERFECT - Van Wamel<\/title>\n<meta name=\"robots\" content=\"index, follow, max-snippet:-1, max-image-preview:large, max-video-preview:-1\" \/>\n<link rel=\"canonical\" href=\"https:\/\/www.perfectvanwamel.com\/de\/produkt\/hochleistungs-obstbaumaeher-t-rex\/\" \/>\n<meta property=\"og:locale\" content=\"de_DE\" \/>\n<meta property=\"og:type\" content=\"article\" \/>\n<meta property=\"og:title\" content=\"Hochleistungs-Obstbaum\u00e4her T-Rex - PERFECT - Van Wamel\" \/>\n<meta property=\"og:description\" content=\"Ihr leistungsstarker und vielseitiger M\u00e4her f\u00fcr den Obst- und Weinbau  Der T-Rex ist der zuverl\u00e4ssige M\u00e4her, der m\u00fchelos h\u00f6heres Gras bew\u00e4ltigt. Mit seiner robusten Konstruktion und dem Getriebeantrieb ist es kein Problem, weniger oft zu m\u00e4hen und so Kosten zu sparen. Speziell f\u00fcr Sie als Obstbauern entwickelt. Das M\u00e4hwerk ist als Heckm\u00e4hwerk, Frontm\u00e4hwerk, Front- und Heckm\u00e4hwerk und M\u00e4h-Spritz Kombination erh\u00e4ltlich, so dass Sie bei Ihrer Arbeit flexibel bleiben. Sehen Sie sich hier das Animationsvideo des T-Rex an.\" \/>\n<meta property=\"og:url\" content=\"https:\/\/www.perfectvanwamel.com\/de\/produkt\/hochleistungs-obstbaumaeher-t-rex\/\" \/>\n<meta property=\"og:site_name\" content=\"PERFECT - Van Wamel\" \/>\n<meta property=\"article:modified_time\" content=\"2025-05-28T07:02:42+00:00\" \/>\n<meta property=\"og:image\" content=\"https:\/\/staging.perfectvanwamel.com\/wp-content\/uploads\/2025\/04\/T-Rex-8.jpg\" \/>\n\t<meta property=\"og:image:width\" content=\"709\" \/>\n\t<meta property=\"og:image:height\" content=\"399\" \/>\n\t<meta property=\"og:image:type\" content=\"image\/jpeg\" \/>\n<meta name=\"twitter:card\" content=\"summary_large_image\" \/>\n<meta name=\"twitter:label1\" content=\"Gesch\u00e4tzte Lesezeit\" \/>\n\t<meta name=\"twitter:data1\" content=\"1\u00a0Minute\" \/>\n<script type=\"application\/ld+json\" class=\"yoast-schema-graph\">{\"@context\":\"https:\\\/\\\/schema.org\",\"@graph\":[{\"@type\":\"WebPage\",\"@id\":\"https:\\\/\\\/www.perfectvanwamel.com\\\/de\\\/produkt\\\/hochleistungs-obstbaumaeher-t-rex\\\/\",\"url\":\"https:\\\/\\\/www.perfectvanwamel.com\\\/de\\\/produkt\\\/hochleistungs-obstbaumaeher-t-rex\\\/\",\"name\":\"Hochleistungs-Obstbaum\u00e4her T-Rex - PERFECT - Van Wamel\",\"isPartOf\":{\"@id\":\"https:\\\/\\\/www.perfectvanwamel.com\\\/de\\\/#website\"},\"primaryImageOfPage\":{\"@id\":\"https:\\\/\\\/www.perfectvanwamel.com\\\/de\\\/produkt\\\/hochleistungs-obstbaumaeher-t-rex\\\/#primaryimage\"},\"image\":{\"@id\":\"https:\\\/\\\/www.perfectvanwamel.com\\\/de\\\/produkt\\\/hochleistungs-obstbaumaeher-t-rex\\\/#primaryimage\"},\"thumbnailUrl\":\"https:\\\/\\\/www.perfectvanwamel.com\\\/wp-content\\\/uploads\\\/2025\\\/04\\\/T-Rex-245.jpg\",\"datePublished\":\"2025-04-03T13:54:17+00:00\",\"dateModified\":\"2025-05-28T07:02:42+00:00\",\"breadcrumb\":{\"@id\":\"https:\\\/\\\/www.perfectvanwamel.com\\\/de\\\/produkt\\\/hochleistungs-obstbaumaeher-t-rex\\\/#breadcrumb\"},\"inLanguage\":\"de\",\"potentialAction\":[{\"@type\":\"ReadAction\",\"target\":[\"https:\\\/\\\/www.perfectvanwamel.com\\\/de\\\/produkt\\\/hochleistungs-obstbaumaeher-t-rex\\\/\"]}]},{\"@type\":\"ImageObject\",\"inLanguage\":\"de\",\"@id\":\"https:\\\/\\\/www.perfectvanwamel.com\\\/de\\\/produkt\\\/hochleistungs-obstbaumaeher-t-rex\\\/#primaryimage\",\"url\":\"https:\\\/\\\/www.perfectvanwamel.com\\\/wp-content\\\/uploads\\\/2025\\\/04\\\/T-Rex-245.jpg\",\"contentUrl\":\"https:\\\/\\\/www.perfectvanwamel.com\\\/wp-content\\\/uploads\\\/2025\\\/04\\\/T-Rex-245.jpg\",\"width\":2000,\"height\":1500},{\"@type\":\"BreadcrumbList\",\"@id\":\"https:\\\/\\\/www.perfectvanwamel.com\\\/de\\\/produkt\\\/hochleistungs-obstbaumaeher-t-rex\\\/#breadcrumb\",\"itemListElement\":[{\"@type\":\"ListItem\",\"position\":1,\"name\":\"Home\",\"item\":\"https:\\\/\\\/staging.perfectvanwamel.com\\\/de\\\/\"},{\"@type\":\"ListItem\",\"position\":2,\"name\":\"Produkte\",\"item\":\"https:\\\/\\\/www.perfectvanwamel.com\\\/de\\\/technologie\\\/\"},{\"@type\":\"ListItem\",\"position\":3,\"name\":\"Hochleistungs-Obstbaum\u00e4her T-Rex\"}]},{\"@type\":\"WebSite\",\"@id\":\"https:\\\/\\\/www.perfectvanwamel.com\\\/de\\\/#website\",\"url\":\"https:\\\/\\\/www.perfectvanwamel.com\\\/de\\\/\",\"name\":\"PERFECT - Van Wamel\",\"description\":\"\",\"potentialAction\":[{\"@type\":\"SearchAction\",\"target\":{\"@type\":\"EntryPoint\",\"urlTemplate\":\"https:\\\/\\\/www.perfectvanwamel.com\\\/de\\\/?s={search_term_string}\"},\"query-input\":{\"@type\":\"PropertyValueSpecification\",\"valueRequired\":true,\"valueName\":\"search_term_string\"}}],\"inLanguage\":\"de\"}]}<\/script>\n<!-- \/ Yoast SEO plugin. -->","yoast_head_json":{"title":"Hochleistungs-Obstbaum\u00e4her T-Rex - PERFECT - Van Wamel","robots":{"index":"index","follow":"follow","max-snippet":"max-snippet:-1","max-image-preview":"max-image-preview:large","max-video-preview":"max-video-preview:-1"},"canonical":"https:\/\/www.perfectvanwamel.com\/de\/produkt\/hochleistungs-obstbaumaeher-t-rex\/","og_locale":"de_DE","og_type":"article","og_title":"Hochleistungs-Obstbaum\u00e4her T-Rex - PERFECT - Van Wamel","og_description":"Ihr leistungsstarker und vielseitiger M\u00e4her f\u00fcr den Obst- und Weinbau  Der T-Rex ist der zuverl\u00e4ssige M\u00e4her, der m\u00fchelos h\u00f6heres Gras bew\u00e4ltigt. Mit seiner robusten Konstruktion und dem Getriebeantrieb ist es kein Problem, weniger oft zu m\u00e4hen und so Kosten zu sparen. Speziell f\u00fcr Sie als Obstbauern entwickelt. Das M\u00e4hwerk ist als Heckm\u00e4hwerk, Frontm\u00e4hwerk, Front- und Heckm\u00e4hwerk und M\u00e4h-Spritz Kombination erh\u00e4ltlich, so dass Sie bei Ihrer Arbeit flexibel bleiben. Sehen Sie sich hier das Animationsvideo des T-Rex an.","og_url":"https:\/\/www.perfectvanwamel.com\/de\/produkt\/hochleistungs-obstbaumaeher-t-rex\/","og_site_name":"PERFECT - Van Wamel","article_modified_time":"2025-05-28T07:02:42+00:00","og_image":[{"width":709,"height":399,"url":"https:\/\/staging.perfectvanwamel.com\/wp-content\/uploads\/2025\/04\/T-Rex-8.jpg","type":"image\/jpeg"}],"twitter_card":"summary_large_image","twitter_misc":{"Gesch\u00e4tzte Lesezeit":"1\u00a0Minute"},"schema":{"@context":"https:\/\/schema.org","@graph":[{"@type":"WebPage","@id":"https:\/\/www.perfectvanwamel.com\/de\/produkt\/hochleistungs-obstbaumaeher-t-rex\/","url":"https:\/\/www.perfectvanwamel.com\/de\/produkt\/hochleistungs-obstbaumaeher-t-rex\/","name":"Hochleistungs-Obstbaum\u00e4her T-Rex - PERFECT - Van Wamel","isPartOf":{"@id":"https:\/\/www.perfectvanwamel.com\/de\/#website"},"primaryImageOfPage":{"@id":"https:\/\/www.perfectvanwamel.com\/de\/produkt\/hochleistungs-obstbaumaeher-t-rex\/#primaryimage"},"image":{"@id":"https:\/\/www.perfectvanwamel.com\/de\/produkt\/hochleistungs-obstbaumaeher-t-rex\/#primaryimage"},"thumbnailUrl":"https:\/\/www.perfectvanwamel.com\/wp-content\/uploads\/2025\/04\/T-Rex-245.jpg","datePublished":"2025-04-03T13:54:17+00:00","dateModified":"2025-05-28T07:02:42+00:00","breadcrumb":{"@id":"https:\/\/www.perfectvanwamel.com\/de\/produkt\/hochleistungs-obstbaumaeher-t-rex\/#breadcrumb"},"inLanguage":"de","potentialAction":[{"@type":"ReadAction","target":["https:\/\/www.perfectvanwamel.com\/de\/produkt\/hochleistungs-obstbaumaeher-t-rex\/"]}]},{"@type":"ImageObject","inLanguage":"de","@id":"https:\/\/www.perfectvanwamel.com\/de\/produkt\/hochleistungs-obstbaumaeher-t-rex\/#primaryimage","url":"https:\/\/www.perfectvanwamel.com\/wp-content\/uploads\/2025\/04\/T-Rex-245.jpg","contentUrl":"https:\/\/www.perfectvanwamel.com\/wp-content\/uploads\/2025\/04\/T-Rex-245.jpg","width":2000,"height":1500},{"@type":"BreadcrumbList","@id":"https:\/\/www.perfectvanwamel.com\/de\/produkt\/hochleistungs-obstbaumaeher-t-rex\/#breadcrumb","itemListElement":[{"@type":"ListItem","position":1,"name":"Home","item":"https:\/\/staging.perfectvanwamel.com\/de\/"},{"@type":"ListItem","position":2,"name":"Produkte","item":"https:\/\/www.perfectvanwamel.com\/de\/technologie\/"},{"@type":"ListItem","position":3,"name":"Hochleistungs-Obstbaum\u00e4her T-Rex"}]},{"@type":"WebSite","@id":"https:\/\/www.perfectvanwamel.com\/de\/#website","url":"https:\/\/www.perfectvanwamel.com\/de\/","name":"PERFECT - Van Wamel","description":"","potentialAction":[{"@type":"SearchAction","target":{"@type":"EntryPoint","urlTemplate":"https:\/\/www.perfectvanwamel.com\/de\/?s={search_term_string}"},"query-input":{"@type":"PropertyValueSpecification","valueRequired":true,"valueName":"search_term_string"}}],"inLanguage":"de"}]}},"_links":{"self":[{"href":"https:\/\/www.perfectvanwamel.com\/de\/wp-json\/wp\/v2\/product\/22161","targetHints":{"allow":["GET"]}}],"collection":[{"href":"https:\/\/www.perfectvanwamel.com\/de\/wp-json\/wp\/v2\/product"}],"about":[{"href":"https:\/\/www.perfectvanwamel.com\/de\/wp-json\/wp\/v2\/types\/product"}],"wp:featuredmedia":[{"embeddable":true,"href":"https:\/\/www.perfectvanwamel.com\/de\/wp-json\/wp\/v2\/media\/28350"}],"wp:attachment":[{"href":"https:\/\/www.perfectvanwamel.com\/de\/wp-json\/wp\/v2\/media?parent=22161"}],"wp:term":[{"taxonomy":"product_brand","embeddable":true,"href":"https:\/\/www.perfectvanwamel.com\/de\/wp-json\/wp\/v2\/product_brand?post=22161"},{"taxonomy":"product_cat","embeddable":true,"href":"https:\/\/www.perfectvanwamel.com\/de\/wp-json\/wp\/v2\/product_cat?post=22161"},{"taxonomy":"product_tag","embeddable":true,"href":"https:\/\/www.perfectvanwamel.com\/de\/wp-json\/wp\/v2\/product_tag?post=22161"}],"curies":[{"name":"wp","href":"https:\/\/api.w.org\/{rel}","templated":true}]}}