{"id":28000,"date":"2026-02-02T12:58:11","date_gmt":"2026-02-02T11:58:11","guid":{"rendered":"https:\/\/www.perfectvanwamel.com\/product\/greenflex-serie-multimaaier-voor-onderhoud-van-graslanden\/"},"modified":"2026-02-10T12:01:24","modified_gmt":"2026-02-10T11:01:24","slug":"greenflex-serie-multi-mulcher-fuer-die-pflege-von-grasflaechen","status":"publish","type":"product","link":"https:\/\/www.perfectvanwamel.com\/de\/produkt\/greenflex-serie-multi-mulcher-fuer-die-pflege-von-grasflaechen\/","title":{"rendered":"GREENFLEX-Serie &#8211; Multi-Mulcher f\u00fcr die Pflege von Grasfl\u00e4chen"},"content":{"rendered":"<section class=\"l-section wpb_row height_small\"><div class=\"l-section-h i-cf\"><div class=\"g-cols vc_row type_default valign_top\"><div class=\"vc_col-sm-12 wpb_column vc_column_container\"><div class=\"vc_column-inner\"><div class=\"wpb_wrapper\"><div class=\"wpb_text_column\" ><div class=\"wpb_wrapper\"><h3><span class=\"--l --r hover:bg-blue-100 hover:dark:bg-blue-600\"><span class=\"--l container-target\"><span class=\"--l bg-blue-50 text-unit-target\">Der<\/span><\/span><\/span> <span class=\"--l --r hover:bg-blue-100 hover:dark:bg-blue-600\"><span class=\"container-target\"><span class=\"bg-blue-50 text-unit-target\">Seitenmulcher<\/span><\/span><\/span> <span class=\"--l --r hover:bg-blue-100 hover:dark:bg-blue-600\"><span class=\"container-target\"><span class=\"bg-blue-50 text-unit-target\">f\u00fcr<\/span><\/span><\/span> <span class=\"--l --r hover:bg-blue-100 hover:dark:bg-blue-600\"><span class=\"container-target\"><span class=\"bg-blue-50 text-unit-target\">vielseitige<\/span><\/span><\/span> <span class=\"--l --r hover:bg-blue-100 hover:dark:bg-blue-600\"><span class=\"container-target\"><span class=\"bg-blue-50 text-unit-target\">Gr\u00fcnfl\u00e4chenpflege<\/span><\/span><\/span><\/h3>\n<p><span class=\"--l --r hover:bg-blue-100 hover:dark:bg-blue-600\"><span class=\"container-target\"><span class=\"bg-blue-50 text-unit-target\">Die<\/span><\/span><\/span> <span class=\"--l --r hover:bg-blue-100 hover:dark:bg-blue-600\"><span class=\"container-target\"><span class=\"bg-blue-50 text-unit-target\">GREENFLEX<\/span><\/span><\/span><span class=\"container-target\"><span class=\"bg-blue-50 text-unit-target\">&#8211;<\/span><\/span><span class=\"--l --r hover:bg-blue-100 hover:dark:bg-blue-600\"><span class=\"container-target\"><span class=\"bg-blue-50 text-unit-target\">Serie<\/span><\/span><\/span> <span class=\"--l --r hover:bg-blue-100 hover:dark:bg-blue-600\"><span class=\"container-target\"><span class=\"bg-blue-50 text-unit-target\">wurde<\/span><\/span><\/span> <span class=\"--l --r hover:bg-blue-100 hover:dark:bg-blue-600\"><span class=\"container-target\"><span class=\"bg-blue-50 text-unit-target\">f\u00fcr<\/span><\/span><\/span> <span class=\"--l --r hover:bg-blue-100 hover:dark:bg-blue-600\"><span class=\"container-target\"><span class=\"bg-blue-50 text-unit-target\">den<\/span><\/span><\/span> <span class=\"--l --r hover:bg-blue-100 hover:dark:bg-blue-600\"><span class=\"container-target\"><span class=\"bg-blue-50 text-unit-target\">flexiblen<\/span><\/span><\/span> <span class=\"--l --r hover:bg-blue-100 hover:dark:bg-blue-600\"><span class=\"container-target\"><span class=\"bg-blue-50 text-unit-target\">Einsatz<\/span><\/span><\/span> <span class=\"--l --r hover:bg-blue-100 hover:dark:bg-blue-600\"><span class=\"container-target\"><span class=\"bg-blue-50 text-unit-target\">in<\/span><\/span><\/span> <span class=\"--l --r hover:bg-blue-100 hover:dark:bg-blue-600\"><span class=\"container-target\"><span class=\"bg-blue-50 text-unit-target\">der<\/span><\/span><\/span> <span class=\"--l --r hover:bg-blue-100 hover:dark:bg-blue-600\"><span class=\"container-target\"><span class=\"bg-blue-50 text-unit-target\">Landwirtschaft<\/span><\/span><\/span> <span class=\"--l --r hover:bg-blue-100 hover:dark:bg-blue-600\"><span class=\"container-target\"><span class=\"bg-blue-50 text-unit-target\">entwickelt<\/span><\/span><\/span><span class=\"container-target\"><span class=\"bg-blue-50 text-unit-target\">. <\/span><\/span><span class=\"--l --r hover:bg-blue-100 hover:dark:bg-blue-600\"><span class=\"container-target\"><span class=\"bg-blue-50 text-unit-target\">Ideal<\/span><\/span><\/span> <span class=\"--l --r hover:bg-blue-100 hover:dark:bg-blue-600\"><span class=\"container-target\"><span class=\"bg-blue-50 text-unit-target\">f\u00fcr<\/span><\/span><\/span> <span class=\"--l --r hover:bg-blue-100 hover:dark:bg-blue-600\"><span class=\"container-target\"><span class=\"bg-blue-50 text-unit-target\">die<\/span><\/span><\/span> <span class=\"--l --r hover:bg-blue-100 hover:dark:bg-blue-600\"><span class=\"container-target\"><span class=\"bg-blue-50 text-unit-target\">Pflege<\/span><\/span><\/span> <span class=\"--l --r hover:bg-blue-100 hover:dark:bg-blue-600\"><span class=\"container-target\"><span class=\"bg-blue-50 text-unit-target\">von<\/span><\/span><\/span> <span class=\"--l --r hover:bg-blue-100 hover:dark:bg-blue-600\"><span class=\"container-target\"><span class=\"bg-blue-50 text-unit-target\">Gr\u00fcnfl\u00e4chen<\/span><\/span><\/span><span class=\"container-target\"><span class=\"bg-blue-50 text-unit-target\">, <\/span><\/span><span class=\"--l --r hover:bg-blue-100 hover:dark:bg-blue-600\"><span class=\"container-target\"><span class=\"bg-blue-50 text-unit-target\">das<\/span><\/span><\/span> <span class=\"--l --r hover:bg-blue-100 hover:dark:bg-blue-600\"><span class=\"container-target\"><span class=\"bg-blue-50 text-unit-target\">M\u00e4hen<\/span><\/span><\/span> <span class=\"--l --r hover:bg-blue-100 hover:dark:bg-blue-600\"><span class=\"container-target\"><span class=\"bg-blue-50 text-unit-target\">von<\/span><\/span><\/span> <span class=\"--l --r hover:bg-blue-100 hover:dark:bg-blue-600\"><span class=\"container-target\"><span class=\"bg-blue-50 text-unit-target\">Grabenr\u00e4ndern<\/span><\/span><\/span> <span class=\"--l --r hover:bg-blue-100 hover:dark:bg-blue-600\"><span class=\"container-target\"><span class=\"bg-blue-50 text-unit-target\">und<\/span><\/span><\/span> <span class=\"--l --r hover:bg-blue-100 hover:dark:bg-blue-600\"><span class=\"container-target\"><span class=\"bg-blue-50 text-unit-target\">die<\/span><\/span><\/span> <span class=\"--l --r hover:bg-blue-100 hover:dark:bg-blue-600\"><span class=\"container-target\"><span class=\"bg-blue-50 text-unit-target\">S\u00e4uberung<\/span><\/span><\/span> <span class=\"--l --r hover:bg-blue-100 hover:dark:bg-blue-600\"><span class=\"container-target\"><span class=\"bg-blue-50 text-unit-target\">von<\/span><\/span><\/span> <span class=\"--l --r hover:bg-blue-100 hover:dark:bg-blue-600\"><span class=\"container-target\"><span class=\"bg-blue-50 text-unit-target\">Brachfl\u00e4chen<\/span><\/span><\/span><span class=\"container-target\"><span class=\"bg-blue-50 text-unit-target\">. <\/span><\/span><span class=\"--l --r hover:bg-blue-100 hover:dark:bg-blue-600\"><span class=\"container-target\"><span class=\"bg-blue-50 text-unit-target\">Der<\/span><\/span><\/span> <span class=\"--l --r hover:bg-blue-100 hover:dark:bg-blue-600\"><span class=\"container-target\"><span class=\"bg-blue-50 text-unit-target\">GREENFLEX<\/span><\/span><\/span> <span class=\"--l --r hover:bg-blue-100 hover:dark:bg-blue-600\"><span class=\"container-target\"><span class=\"bg-blue-50 text-unit-target\">zerkleinert<\/span><\/span><\/span> <span class=\"--l --r hover:bg-blue-100 hover:dark:bg-blue-600\"><span class=\"container-target\"><span class=\"bg-blue-50 text-unit-target\">Pflanzenreste<\/span><\/span><\/span> <span class=\"--l --r hover:bg-blue-100 hover:dark:bg-blue-600\"><span class=\"container-target\"><span class=\"bg-blue-50 text-unit-target\">m\u00fchelos<\/span><\/span><\/span> <span class=\"--l --r hover:bg-blue-100 hover:dark:bg-blue-600\"><span class=\"container-target\"><span class=\"bg-blue-50 text-unit-target\">bis<\/span><\/span><\/span> <span class=\"--l --r hover:bg-blue-100 hover:dark:bg-blue-600\"><span class=\"container-target\"><span class=\"bg-blue-50 text-unit-target\">zu<\/span><\/span><\/span> <span class=\"--l --r hover:bg-blue-100 hover:dark:bg-blue-600\"><span class=\"container-target\"><span class=\"bg-blue-50 text-unit-target\">einer<\/span><\/span><\/span> <span class=\"--l --r hover:bg-blue-100 hover:dark:bg-blue-600\"><span class=\"container-target\"><span class=\"bg-blue-50 text-unit-target\">Dicke<\/span><\/span><\/span> <span class=\"--l --r hover:bg-blue-100 hover:dark:bg-blue-600\"><span class=\"container-target\"><span class=\"bg-blue-50 text-unit-target\">von<\/span><\/span><\/span> <span class=\"--l --r hover:bg-blue-100 hover:dark:bg-blue-600\"><span class=\"container-target\"><span class=\"bg-blue-50 text-unit-target\">4<\/span><\/span><\/span> <span class=\"--l --r hover:bg-blue-100 hover:dark:bg-blue-600\"><span class=\"container-target\"><span class=\"bg-blue-50 text-unit-target\">cm<\/span><\/span><\/span><span class=\"container-target\"><span class=\"bg-blue-50 text-unit-target\">, <\/span><\/span><span class=\"--l --r hover:bg-blue-100 hover:dark:bg-blue-600\"><span class=\"container-target\"><span class=\"bg-blue-50 text-unit-target\">sodass<\/span><\/span><\/span> <span class=\"--l --r hover:bg-blue-100 hover:dark:bg-blue-600\"><span class=\"container-target\"><span class=\"bg-blue-50 text-unit-target\">Ihr<\/span><\/span><\/span> <span class=\"--l --r hover:bg-blue-100 hover:dark:bg-blue-600\"><span class=\"container-target\"><span class=\"bg-blue-50 text-unit-target\">Gel\u00e4nde<\/span><\/span><\/span> <span class=\"--l --r hover:bg-blue-100 hover:dark:bg-blue-600\"><span class=\"container-target\"><span class=\"bg-blue-50 text-unit-target\">schnell<\/span><\/span><\/span> <span class=\"--l --r hover:bg-blue-100 hover:dark:bg-blue-600\"><span class=\"container-target\"><span class=\"bg-blue-50 text-unit-target\">und<\/span><\/span><\/span> <span class=\"--l --r hover:bg-blue-100 hover:dark:bg-blue-600\"><span class=\"container-target\"><span class=\"bg-blue-50 text-unit-target\">effizient<\/span><\/span><\/span> <span class=\"--l --r hover:bg-blue-100 hover:dark:bg-blue-600\"><span class=\"container-target\"><span class=\"bg-blue-50 text-unit-target\">gepflegt<\/span><\/span><\/span> <span class=\"--l --r hover:bg-blue-100 hover:dark:bg-blue-600\"><span class=\"container-target\"><span class=\"bg-blue-50 text-unit-target\">wird<\/span><\/span><\/span><span class=\"--r container-target\"><span class=\"--r bg-blue-50 text-unit-target\">.<\/span><\/span><\/p>\n<h3><span class=\"--l container-target\">PERFEKT auf Ihre Arbeit abgestimmt<\/span><\/h3>\n<p><span class=\"--r container-target\">Dank intelligenter Technik und robuster Komponenten arbeiten Sie schneller und sicherer. Der GREENFLEX verbindet Flexibilit\u00e4t mit Langlebigkeit, sodass Sie sich stets auf h\u00f6chste Qualit\u00e4t verlassen k\u00f6nnen.<\/span><\/p>\n<h3><span class=\"--l container-target\">Wichtigste Merkmale<\/span><\/h3>\n<ul>\n<li><span class=\"container-target\">Flexibel einsetzbar: neben und hinter dem Traktor<\/span><\/li>\n<li><span class=\"container-target\">Reichweite von -45\u00b0 bis +90<\/span><\/li>\n<li><span class=\"container-target\">Walterscheid-Zapfwelle<\/span><\/li>\n<li><span class=\"--l --r hover:bg-blue-100 hover:dark:bg-blue-600\"><span class=\"container-target\">PERFECT<\/span><\/span><span class=\"container-target\">\u2013<\/span><span class=\"--l --r hover:bg-blue-100 hover:dark:bg-blue-600\"><span class=\"container-target\">Schlegel<\/span><\/span> <span class=\"--l --r hover:bg-blue-100 hover:dark:bg-blue-600\"><span class=\"container-target\">und<\/span><\/span> <span class=\"--l --r hover:bg-blue-100 hover:dark:bg-blue-600\"><span class=\"container-target\">Schlegelaufh\u00e4ngung<\/span><\/span><\/li>\n<li><span class=\"--r container-target\">Serienm\u00e4\u00dfiger Gummischutz, um das Wegschleudern harter R\u00fcckst\u00e4nde so weit wie m\u00f6glich zu verhindern<\/span><\/li>\n<\/ul>\n<\/div><\/div><\/div><\/div><\/div><\/div><\/div><\/section>\n","protected":false},"excerpt":{"rendered":"<p><span class=\"--l --r hover:bg-blue-100 hover:dark:bg-blue-600\"><span class=\"--l container-target\">Der<\/span><\/span> <span class=\"--l --r hover:bg-blue-100 hover:dark:bg-blue-600\"><span class=\"container-target\">Seitenmulcher<\/span><\/span> <span class=\"--l --r hover:bg-blue-100 hover:dark:bg-blue-600\"><span class=\"container-target\">GREENFLEX<\/span><\/span> <span class=\"--l --r hover:bg-blue-100 hover:dark:bg-blue-600\"><span class=\"container-target\">wurde<\/span><\/span> <span class=\"--l --r hover:bg-blue-100 hover:dark:bg-blue-600\"><span class=\"container-target\">f\u00fcr<\/span><\/span> <span class=\"--l --r hover:bg-blue-100 hover:dark:bg-blue-600\"><span class=\"container-target\">den<\/span><\/span> <span class=\"--l --r hover:bg-blue-100 hover:dark:bg-blue-600\"><span class=\"container-target\">vielseitigen<\/span><\/span> <span class=\"--l --r hover:bg-blue-100 hover:dark:bg-blue-600\"><span class=\"container-target\">und<\/span><\/span> <span class=\"--l --r hover:bg-blue-100 hover:dark:bg-blue-600\"><span class=\"container-target\">nachhaltigen<\/span><\/span> <span class=\"--l --r hover:bg-blue-100 hover:dark:bg-blue-600\"><span class=\"container-target\">Einsatz<\/span><\/span> <span class=\"--l --r hover:bg-blue-100 hover:dark:bg-blue-600\"><span class=\"container-target\">in<\/span><\/span> <span class=\"--l --r hover:bg-blue-100 hover:dark:bg-blue-600\"><span class=\"container-target\">der<\/span><\/span> <span class=\"--l --r hover:bg-blue-100 hover:dark:bg-blue-600\"><span class=\"container-target\">Landwirtschaft<\/span><\/span> <span class=\"--l --r hover:bg-blue-100 hover:dark:bg-blue-600\"><span class=\"container-target\">entwickelt<\/span><\/span><span class=\"container-target\">. <\/span><span class=\"--l --r hover:bg-blue-100 hover:dark:bg-blue-600\"><span class=\"container-target\">Diese<\/span><\/span> <span class=\"--l --r hover:bg-blue-100 hover:dark:bg-blue-600\"><span class=\"container-target\">einfache<\/span><\/span><span class=\"container-target\">, <\/span><span class=\"--l --r hover:bg-blue-100 hover:dark:bg-blue-600\"><span class=\"container-target\">leistungsstarke<\/span><\/span> <span class=\"--l --r hover:bg-blue-100 hover:dark:bg-blue-600\"><span class=\"container-target\">Maschine<\/span><\/span> <span class=\"--l --r hover:bg-blue-100 hover:dark:bg-blue-600\"><span class=\"container-target\">eignet<\/span><\/span> <span class=\"--l --r hover:bg-blue-100 hover:dark:bg-blue-600\"><span class=\"container-target\">sich<\/span><\/span> <span class=\"--l --r hover:bg-blue-100 hover:dark:bg-blue-600\"><span class=\"container-target\">ideal<\/span><\/span> <span class=\"--l --r hover:bg-blue-100 hover:dark:bg-blue-600\"><span class=\"container-target\">f\u00fcr<\/span><\/span> <span class=\"--l --r hover:bg-blue-100 hover:dark:bg-blue-600\"><span class=\"container-target\">die<\/span><\/span> <span class=\"--l --r hover:bg-blue-100 hover:dark:bg-blue-600\"><span class=\"container-target\">Pflege<\/span><\/span> <span class=\"--l --r hover:bg-blue-100 hover:dark:bg-blue-600\"><span class=\"container-target\">von<\/span><\/span> <span class=\"--l --r hover:bg-blue-100 hover:dark:bg-blue-600\"><span class=\"container-target\">Gr\u00fcnfl\u00e4chen<\/span><\/span><span class=\"container-target\">, <\/span><span class=\"--l --r hover:bg-blue-100 hover:dark:bg-blue-600\"><span class=\"container-target\">das<\/span><\/span> <span class=\"--l --r hover:bg-blue-100 hover:dark:bg-blue-600\"><span class=\"container-target\">M\u00e4hen<\/span><\/span> <span class=\"--l --r hover:bg-blue-100 hover:dark:bg-blue-600\"><span class=\"container-target\">von<\/span><\/span> <span class=\"--l --r hover:bg-blue-100 hover:dark:bg-blue-600\"><span class=\"container-target\">Grabenr\u00e4ndern<\/span><\/span> <span class=\"--l --r hover:bg-blue-100 hover:dark:bg-blue-600\"><span class=\"container-target\">und<\/span><\/span> <span class=\"--l --r hover:bg-blue-100 hover:dark:bg-blue-600\"><span class=\"container-target\">die<\/span><\/span> <span class=\"--l --r hover:bg-blue-100 hover:dark:bg-blue-600\"><span class=\"container-target\">S\u00e4uberung<\/span><\/span> <span class=\"--l --r hover:bg-blue-100 hover:dark:bg-blue-600\"><span class=\"container-target\">von<\/span><\/span> <span class=\"--l --r hover:bg-blue-100 hover:dark:bg-blue-600\"><span class=\"container-target\">Brachland<\/span><\/span><span class=\"--r container-target\">.<\/span><\/p>\n","protected":false},"featured_media":27977,"template":"","meta":{"_acf_changed":false},"product_brand":[],"product_cat":[1208],"product_tag":[],"class_list":{"0":"post-28000","1":"product","2":"type-product","3":"status-publish","4":"has-post-thumbnail","6":"product_cat-seitenmulcher","8":"first","9":"instock","10":"shipping-taxable","11":"product-type-simple"},"acf":[],"yoast_head":"<!-- This site is optimized with the Yoast SEO plugin v27.4 - https:\/\/yoast.com\/product\/yoast-seo-wordpress\/ -->\n<title>GREENFLEX-Serie - Multi-Mulcher f\u00fcr die Pflege von Grasfl\u00e4chen - PERFECT - Van Wamel<\/title>\n<meta name=\"robots\" content=\"index, follow, max-snippet:-1, max-image-preview:large, max-video-preview:-1\" \/>\n<link rel=\"canonical\" href=\"https:\/\/www.perfectvanwamel.com\/de\/produkt\/greenflex-serie-multi-mulcher-fuer-die-pflege-von-grasflaechen\/\" \/>\n<meta property=\"og:locale\" content=\"de_DE\" \/>\n<meta property=\"og:type\" content=\"article\" \/>\n<meta property=\"og:title\" content=\"GREENFLEX-Serie - Multi-Mulcher f\u00fcr die Pflege von Grasfl\u00e4chen - PERFECT - Van Wamel\" \/>\n<meta property=\"og:description\" content=\"Der Seitenmulcher GREENFLEX wurde f\u00fcr den vielseitigen und nachhaltigen Einsatz in der Landwirtschaft entwickelt. Diese einfache, leistungsstarke Maschine eignet sich ideal f\u00fcr die Pflege von Gr\u00fcnfl\u00e4chen, das M\u00e4hen von Grabenr\u00e4ndern und die S\u00e4uberung von Brachland.\" \/>\n<meta property=\"og:url\" content=\"https:\/\/www.perfectvanwamel.com\/de\/produkt\/greenflex-serie-multi-mulcher-fuer-die-pflege-von-grasflaechen\/\" \/>\n<meta property=\"og:site_name\" content=\"PERFECT - Van Wamel\" \/>\n<meta property=\"article:modified_time\" content=\"2026-02-10T11:01:24+00:00\" \/>\n<meta property=\"og:image\" content=\"https:\/\/staging.perfectvanwamel.com\/wp-content\/uploads\/2026\/02\/Greenflex-vrijstaand-website.jpg\" \/>\n\t<meta property=\"og:image:width\" content=\"1320\" \/>\n\t<meta property=\"og:image:height\" content=\"990\" \/>\n\t<meta property=\"og:image:type\" content=\"image\/jpeg\" \/>\n<meta name=\"twitter:card\" content=\"summary_large_image\" \/>\n<meta name=\"twitter:label1\" content=\"Gesch\u00e4tzte Lesezeit\" \/>\n\t<meta name=\"twitter:data1\" content=\"1\u00a0Minute\" \/>\n<script type=\"application\/ld+json\" class=\"yoast-schema-graph\">{\"@context\":\"https:\\\/\\\/schema.org\",\"@graph\":[{\"@type\":\"WebPage\",\"@id\":\"https:\\\/\\\/www.perfectvanwamel.com\\\/de\\\/produkt\\\/greenflex-serie-multi-mulcher-fuer-die-pflege-von-grasflaechen\\\/\",\"url\":\"https:\\\/\\\/www.perfectvanwamel.com\\\/de\\\/produkt\\\/greenflex-serie-multi-mulcher-fuer-die-pflege-von-grasflaechen\\\/\",\"name\":\"GREENFLEX-Serie - Multi-Mulcher f\u00fcr die Pflege von Grasfl\u00e4chen - PERFECT - Van Wamel\",\"isPartOf\":{\"@id\":\"https:\\\/\\\/www.perfectvanwamel.com\\\/de\\\/#website\"},\"primaryImageOfPage\":{\"@id\":\"https:\\\/\\\/www.perfectvanwamel.com\\\/de\\\/produkt\\\/greenflex-serie-multi-mulcher-fuer-die-pflege-von-grasflaechen\\\/#primaryimage\"},\"image\":{\"@id\":\"https:\\\/\\\/www.perfectvanwamel.com\\\/de\\\/produkt\\\/greenflex-serie-multi-mulcher-fuer-die-pflege-von-grasflaechen\\\/#primaryimage\"},\"thumbnailUrl\":\"https:\\\/\\\/www.perfectvanwamel.com\\\/wp-content\\\/uploads\\\/2026\\\/02\\\/Greenflex-vrijstaand-website.jpg\",\"datePublished\":\"2026-02-02T11:58:11+00:00\",\"dateModified\":\"2026-02-10T11:01:24+00:00\",\"breadcrumb\":{\"@id\":\"https:\\\/\\\/www.perfectvanwamel.com\\\/de\\\/produkt\\\/greenflex-serie-multi-mulcher-fuer-die-pflege-von-grasflaechen\\\/#breadcrumb\"},\"inLanguage\":\"de\",\"potentialAction\":[{\"@type\":\"ReadAction\",\"target\":[\"https:\\\/\\\/www.perfectvanwamel.com\\\/de\\\/produkt\\\/greenflex-serie-multi-mulcher-fuer-die-pflege-von-grasflaechen\\\/\"]}]},{\"@type\":\"ImageObject\",\"inLanguage\":\"de\",\"@id\":\"https:\\\/\\\/www.perfectvanwamel.com\\\/de\\\/produkt\\\/greenflex-serie-multi-mulcher-fuer-die-pflege-von-grasflaechen\\\/#primaryimage\",\"url\":\"https:\\\/\\\/www.perfectvanwamel.com\\\/wp-content\\\/uploads\\\/2026\\\/02\\\/Greenflex-vrijstaand-website.jpg\",\"contentUrl\":\"https:\\\/\\\/www.perfectvanwamel.com\\\/wp-content\\\/uploads\\\/2026\\\/02\\\/Greenflex-vrijstaand-website.jpg\",\"width\":1320,\"height\":990},{\"@type\":\"BreadcrumbList\",\"@id\":\"https:\\\/\\\/www.perfectvanwamel.com\\\/de\\\/produkt\\\/greenflex-serie-multi-mulcher-fuer-die-pflege-von-grasflaechen\\\/#breadcrumb\",\"itemListElement\":[{\"@type\":\"ListItem\",\"position\":1,\"name\":\"Home\",\"item\":\"https:\\\/\\\/staging.perfectvanwamel.com\\\/de\\\/\"},{\"@type\":\"ListItem\",\"position\":2,\"name\":\"Technologie\",\"item\":\"https:\\\/\\\/staging.perfectvanwamel.com\\\/de\\\/technologie\\\/\"},{\"@type\":\"ListItem\",\"position\":3,\"name\":\"GREENFLEX-Serie &#8211; Multi-Mulcher f\u00fcr die Pflege von Grasfl\u00e4chen\"}]},{\"@type\":\"WebSite\",\"@id\":\"https:\\\/\\\/www.perfectvanwamel.com\\\/de\\\/#website\",\"url\":\"https:\\\/\\\/www.perfectvanwamel.com\\\/de\\\/\",\"name\":\"PERFECT - Van Wamel\",\"description\":\"\",\"potentialAction\":[{\"@type\":\"SearchAction\",\"target\":{\"@type\":\"EntryPoint\",\"urlTemplate\":\"https:\\\/\\\/www.perfectvanwamel.com\\\/de\\\/?s={search_term_string}\"},\"query-input\":{\"@type\":\"PropertyValueSpecification\",\"valueRequired\":true,\"valueName\":\"search_term_string\"}}],\"inLanguage\":\"de\"}]}<\/script>\n<!-- \/ Yoast SEO plugin. -->","yoast_head_json":{"title":"GREENFLEX-Serie - Multi-Mulcher f\u00fcr die Pflege von Grasfl\u00e4chen - PERFECT - Van Wamel","robots":{"index":"index","follow":"follow","max-snippet":"max-snippet:-1","max-image-preview":"max-image-preview:large","max-video-preview":"max-video-preview:-1"},"canonical":"https:\/\/www.perfectvanwamel.com\/de\/produkt\/greenflex-serie-multi-mulcher-fuer-die-pflege-von-grasflaechen\/","og_locale":"de_DE","og_type":"article","og_title":"GREENFLEX-Serie - Multi-Mulcher f\u00fcr die Pflege von Grasfl\u00e4chen - PERFECT - Van Wamel","og_description":"Der Seitenmulcher GREENFLEX wurde f\u00fcr den vielseitigen und nachhaltigen Einsatz in der Landwirtschaft entwickelt. Diese einfache, leistungsstarke Maschine eignet sich ideal f\u00fcr die Pflege von Gr\u00fcnfl\u00e4chen, das M\u00e4hen von Grabenr\u00e4ndern und die S\u00e4uberung von Brachland.","og_url":"https:\/\/www.perfectvanwamel.com\/de\/produkt\/greenflex-serie-multi-mulcher-fuer-die-pflege-von-grasflaechen\/","og_site_name":"PERFECT - Van Wamel","article_modified_time":"2026-02-10T11:01:24+00:00","og_image":[{"width":1320,"height":990,"url":"https:\/\/staging.perfectvanwamel.com\/wp-content\/uploads\/2026\/02\/Greenflex-vrijstaand-website.jpg","type":"image\/jpeg"}],"twitter_card":"summary_large_image","twitter_misc":{"Gesch\u00e4tzte Lesezeit":"1\u00a0Minute"},"schema":{"@context":"https:\/\/schema.org","@graph":[{"@type":"WebPage","@id":"https:\/\/www.perfectvanwamel.com\/de\/produkt\/greenflex-serie-multi-mulcher-fuer-die-pflege-von-grasflaechen\/","url":"https:\/\/www.perfectvanwamel.com\/de\/produkt\/greenflex-serie-multi-mulcher-fuer-die-pflege-von-grasflaechen\/","name":"GREENFLEX-Serie - Multi-Mulcher f\u00fcr die Pflege von Grasfl\u00e4chen - PERFECT - Van Wamel","isPartOf":{"@id":"https:\/\/www.perfectvanwamel.com\/de\/#website"},"primaryImageOfPage":{"@id":"https:\/\/www.perfectvanwamel.com\/de\/produkt\/greenflex-serie-multi-mulcher-fuer-die-pflege-von-grasflaechen\/#primaryimage"},"image":{"@id":"https:\/\/www.perfectvanwamel.com\/de\/produkt\/greenflex-serie-multi-mulcher-fuer-die-pflege-von-grasflaechen\/#primaryimage"},"thumbnailUrl":"https:\/\/www.perfectvanwamel.com\/wp-content\/uploads\/2026\/02\/Greenflex-vrijstaand-website.jpg","datePublished":"2026-02-02T11:58:11+00:00","dateModified":"2026-02-10T11:01:24+00:00","breadcrumb":{"@id":"https:\/\/www.perfectvanwamel.com\/de\/produkt\/greenflex-serie-multi-mulcher-fuer-die-pflege-von-grasflaechen\/#breadcrumb"},"inLanguage":"de","potentialAction":[{"@type":"ReadAction","target":["https:\/\/www.perfectvanwamel.com\/de\/produkt\/greenflex-serie-multi-mulcher-fuer-die-pflege-von-grasflaechen\/"]}]},{"@type":"ImageObject","inLanguage":"de","@id":"https:\/\/www.perfectvanwamel.com\/de\/produkt\/greenflex-serie-multi-mulcher-fuer-die-pflege-von-grasflaechen\/#primaryimage","url":"https:\/\/www.perfectvanwamel.com\/wp-content\/uploads\/2026\/02\/Greenflex-vrijstaand-website.jpg","contentUrl":"https:\/\/www.perfectvanwamel.com\/wp-content\/uploads\/2026\/02\/Greenflex-vrijstaand-website.jpg","width":1320,"height":990},{"@type":"BreadcrumbList","@id":"https:\/\/www.perfectvanwamel.com\/de\/produkt\/greenflex-serie-multi-mulcher-fuer-die-pflege-von-grasflaechen\/#breadcrumb","itemListElement":[{"@type":"ListItem","position":1,"name":"Home","item":"https:\/\/staging.perfectvanwamel.com\/de\/"},{"@type":"ListItem","position":2,"name":"Technologie","item":"https:\/\/staging.perfectvanwamel.com\/de\/technologie\/"},{"@type":"ListItem","position":3,"name":"GREENFLEX-Serie &#8211; Multi-Mulcher f\u00fcr die Pflege von Grasfl\u00e4chen"}]},{"@type":"WebSite","@id":"https:\/\/www.perfectvanwamel.com\/de\/#website","url":"https:\/\/www.perfectvanwamel.com\/de\/","name":"PERFECT - Van Wamel","description":"","potentialAction":[{"@type":"SearchAction","target":{"@type":"EntryPoint","urlTemplate":"https:\/\/www.perfectvanwamel.com\/de\/?s={search_term_string}"},"query-input":{"@type":"PropertyValueSpecification","valueRequired":true,"valueName":"search_term_string"}}],"inLanguage":"de"}]}},"_links":{"self":[{"href":"https:\/\/www.perfectvanwamel.com\/de\/wp-json\/wp\/v2\/product\/28000","targetHints":{"allow":["GET"]}}],"collection":[{"href":"https:\/\/www.perfectvanwamel.com\/de\/wp-json\/wp\/v2\/product"}],"about":[{"href":"https:\/\/www.perfectvanwamel.com\/de\/wp-json\/wp\/v2\/types\/product"}],"wp:featuredmedia":[{"embeddable":true,"href":"https:\/\/www.perfectvanwamel.com\/de\/wp-json\/wp\/v2\/media\/27977"}],"wp:attachment":[{"href":"https:\/\/www.perfectvanwamel.com\/de\/wp-json\/wp\/v2\/media?parent=28000"}],"wp:term":[{"taxonomy":"product_brand","embeddable":true,"href":"https:\/\/www.perfectvanwamel.com\/de\/wp-json\/wp\/v2\/product_brand?post=28000"},{"taxonomy":"product_cat","embeddable":true,"href":"https:\/\/www.perfectvanwamel.com\/de\/wp-json\/wp\/v2\/product_cat?post=28000"},{"taxonomy":"product_tag","embeddable":true,"href":"https:\/\/www.perfectvanwamel.com\/de\/wp-json\/wp\/v2\/product_tag?post=28000"}],"curies":[{"name":"wp","href":"https:\/\/api.w.org\/{rel}","templated":true}]}}