{"id":5551,"date":"2020-09-07T16:12:10","date_gmt":"2020-09-07T14:12:10","guid":{"rendered":"https:\/\/www.perfectvanwamel.com\/product\/sunswing\/"},"modified":"2022-07-26T12:07:33","modified_gmt":"2022-07-26T10:07:33","slug":"kreiselmulcher-sunswing","status":"publish","type":"product","link":"https:\/\/www.perfectvanwamel.com\/de\/produkt\/kreiselmulcher-sunswing\/","title":{"rendered":"SUNSWING, Profimulcher f\u00fcr Gr\u00fcnplege in Solarparks"},"content":{"rendered":"<h2><strong>Der ideale Mulcher f\u00fcr Solarparks<\/strong><\/h2>\n<p>Der SUNSWING ist einer einzigartigen Solarparmulcher. Dank ihrer sehr robusten Bauweise ist diese Maschine f\u00fcr sehr intensiven Einsatz geeignet, beispielsweise f\u00fcr den Gebrauch durch Lohnbetriebe oder in Kombination mit schwereren Zugmaschinen.<\/p>\n<p>Geliefert wird die Maschine serienm\u00e4\u00dfig mit hydraulischem Ausleger, Lenkrollen aus Vollgummi auf der Vorderseite und einem Auswurfschutz \u00fcber die gesamte Breite, der Sch\u00e4den an den Sonnenpaneelen z.\u00a0B. durch wegfliegende Steine verhindert.<\/p>\n<p>Wahlweise ist der SUNSWING mit hydraulischer Verstellung der M\u00e4hscheibe oder mit einem hydraulischen Taster (f\u00fcr Arbeiten in Hanglagen) erh\u00e4ltlich.<\/p>\n","protected":false},"excerpt":{"rendered":"<p>Der SUNSWING kann dank seiner Schwenkscheibe auch in weiter Seitenauslage unter niedrig stehenden Sonnenpaneelen pr\u00e4zise m\u00e4hen. Diese asymmetrische Maschine ist komplett darauf abgestimmt, ihre Arbeit auch fernab der Traktorspur zuverl\u00e4ssig zu verrichten.<\/p>\n","protected":false},"featured_media":13281,"template":"","meta":{"_acf_changed":false},"product_brand":[],"product_cat":[1542],"product_tag":[],"class_list":{"0":"post-5551","1":"product","2":"type-product","3":"status-publish","4":"has-post-thumbnail","6":"product_cat-streifenmaher","7":"pa_aantal-maaimessen-3-1-de","8":"pa_aantal-maaimessen-4-1-de","9":"pa_aftakas-opm-24-32-de","10":"pa_aftakas-opm-27-37-de","11":"pa_aftakas-opm-30-41-de","12":"pa_aftakas-opm-33-45-de","13":"pa_aftakas-opm-37-50-de","14":"pa_diam-zwenkende-schijf-cm-60-de","15":"pa_diam-zwenkende-schijf-cm-85-de","16":"pa_gewicht-kg-1010-de","17":"pa_gewicht-kg-1030-de","18":"pa_gewicht-kg-790-de","19":"pa_gewicht-kg-900-de","20":"pa_gewicht-kg-920-de","21":"pa_hefinrichting-tractor-cat-i-ii-de","22":"pa_max-verstrek-midden-cm-230-de","23":"pa_max-verstrek-midden-cm-255-de","24":"pa_max-verstrek-midden-cm-280-de","25":"pa_max-verstrek-midden-cm-300-de","26":"pa_max-verstrek-midden-cm-325-de","27":"pa_werkbreedte-cm-270-de","28":"pa_werkbreedte-cm-300-de","29":"pa_werkbreedte-cm-325-de","30":"pa_werkbreedte-cm-340-de","31":"pa_werkbreedte-cm-365-de","33":"first","34":"instock","35":"shipping-taxable","36":"product-type-simple"},"acf":[],"yoast_head":"<!-- This site is optimized with the Yoast SEO plugin v27.4 - https:\/\/yoast.com\/product\/yoast-seo-wordpress\/ -->\n<title>SUNSWING - Mulcher f\u00fcr Solarparken - PERFECT - Van Wamel<\/title>\n<meta name=\"description\" content=\"Der SUNSWING kann dank seiner Seitenauslage sehr weit unter niedrig stehenden Sonnenpaneelen m\u00e4hen\" \/>\n<meta name=\"robots\" content=\"index, follow, max-snippet:-1, max-image-preview:large, max-video-preview:-1\" \/>\n<link rel=\"canonical\" href=\"https:\/\/www.perfectvanwamel.com\/de\/produkt\/kreiselmulcher-sunswing\/\" \/>\n<meta property=\"og:locale\" content=\"de_DE\" \/>\n<meta property=\"og:type\" content=\"article\" \/>\n<meta property=\"og:title\" content=\"SUNSWING - Mulcher f\u00fcr Solarparken - PERFECT - Van Wamel\" \/>\n<meta property=\"og:description\" content=\"Der SUNSWING kann dank seiner Seitenauslage sehr weit unter niedrig stehenden Sonnenpaneelen m\u00e4hen\" \/>\n<meta property=\"og:url\" content=\"https:\/\/www.perfectvanwamel.com\/de\/produkt\/kreiselmulcher-sunswing\/\" \/>\n<meta property=\"og:site_name\" content=\"PERFECT - Van Wamel\" \/>\n<meta property=\"article:modified_time\" content=\"2022-07-26T10:07:33+00:00\" \/>\n<meta property=\"og:image\" content=\"https:\/\/staging.perfectvanwamel.com\/wp-content\/uploads\/2020\/09\/Sunswing-vrijstaand.png\" \/>\n\t<meta property=\"og:image:width\" content=\"2000\" \/>\n\t<meta property=\"og:image:height\" content=\"1333\" \/>\n\t<meta property=\"og:image:type\" content=\"image\/png\" \/>\n<meta name=\"twitter:card\" content=\"summary_large_image\" \/>\n<script type=\"application\/ld+json\" class=\"yoast-schema-graph\">{\"@context\":\"https:\\\/\\\/schema.org\",\"@graph\":[{\"@type\":\"WebPage\",\"@id\":\"https:\\\/\\\/www.perfectvanwamel.com\\\/de\\\/produkt\\\/kreiselmulcher-sunswing\\\/\",\"url\":\"https:\\\/\\\/www.perfectvanwamel.com\\\/de\\\/produkt\\\/kreiselmulcher-sunswing\\\/\",\"name\":\"SUNSWING - Mulcher f\u00fcr Solarparken - PERFECT - Van Wamel\",\"isPartOf\":{\"@id\":\"https:\\\/\\\/www.perfectvanwamel.com\\\/de\\\/#website\"},\"primaryImageOfPage\":{\"@id\":\"https:\\\/\\\/www.perfectvanwamel.com\\\/de\\\/produkt\\\/kreiselmulcher-sunswing\\\/#primaryimage\"},\"image\":{\"@id\":\"https:\\\/\\\/www.perfectvanwamel.com\\\/de\\\/produkt\\\/kreiselmulcher-sunswing\\\/#primaryimage\"},\"thumbnailUrl\":\"https:\\\/\\\/www.perfectvanwamel.com\\\/wp-content\\\/uploads\\\/2020\\\/09\\\/Sunswing-vrijstaand.png\",\"datePublished\":\"2020-09-07T14:12:10+00:00\",\"dateModified\":\"2022-07-26T10:07:33+00:00\",\"description\":\"Der SUNSWING kann dank seiner Seitenauslage sehr weit unter niedrig stehenden Sonnenpaneelen m\u00e4hen\",\"breadcrumb\":{\"@id\":\"https:\\\/\\\/www.perfectvanwamel.com\\\/de\\\/produkt\\\/kreiselmulcher-sunswing\\\/#breadcrumb\"},\"inLanguage\":\"de\",\"potentialAction\":[{\"@type\":\"ReadAction\",\"target\":[\"https:\\\/\\\/www.perfectvanwamel.com\\\/de\\\/produkt\\\/kreiselmulcher-sunswing\\\/\"]}]},{\"@type\":\"ImageObject\",\"inLanguage\":\"de\",\"@id\":\"https:\\\/\\\/www.perfectvanwamel.com\\\/de\\\/produkt\\\/kreiselmulcher-sunswing\\\/#primaryimage\",\"url\":\"https:\\\/\\\/www.perfectvanwamel.com\\\/wp-content\\\/uploads\\\/2020\\\/09\\\/Sunswing-vrijstaand.png\",\"contentUrl\":\"https:\\\/\\\/www.perfectvanwamel.com\\\/wp-content\\\/uploads\\\/2020\\\/09\\\/Sunswing-vrijstaand.png\",\"width\":2000,\"height\":1333,\"caption\":\"Sunswing vrijstaand\"},{\"@type\":\"BreadcrumbList\",\"@id\":\"https:\\\/\\\/www.perfectvanwamel.com\\\/de\\\/produkt\\\/kreiselmulcher-sunswing\\\/#breadcrumb\",\"itemListElement\":[{\"@type\":\"ListItem\",\"position\":1,\"name\":\"Home\",\"item\":\"https:\\\/\\\/staging.perfectvanwamel.com\\\/de\\\/\"},{\"@type\":\"ListItem\",\"position\":2,\"name\":\"Technologie\",\"item\":\"https:\\\/\\\/staging.perfectvanwamel.com\\\/de\\\/technologie\\\/\"},{\"@type\":\"ListItem\",\"position\":3,\"name\":\"SUNSWING, Profimulcher f\u00fcr Gr\u00fcnplege in Solarparks\"}]},{\"@type\":\"WebSite\",\"@id\":\"https:\\\/\\\/www.perfectvanwamel.com\\\/de\\\/#website\",\"url\":\"https:\\\/\\\/www.perfectvanwamel.com\\\/de\\\/\",\"name\":\"PERFECT - Van Wamel\",\"description\":\"\",\"potentialAction\":[{\"@type\":\"SearchAction\",\"target\":{\"@type\":\"EntryPoint\",\"urlTemplate\":\"https:\\\/\\\/www.perfectvanwamel.com\\\/de\\\/?s={search_term_string}\"},\"query-input\":{\"@type\":\"PropertyValueSpecification\",\"valueRequired\":true,\"valueName\":\"search_term_string\"}}],\"inLanguage\":\"de\"}]}<\/script>\n<!-- \/ Yoast SEO plugin. -->","yoast_head_json":{"title":"SUNSWING - Mulcher f\u00fcr Solarparken - PERFECT - Van Wamel","description":"Der SUNSWING kann dank seiner Seitenauslage sehr weit unter niedrig stehenden Sonnenpaneelen m\u00e4hen","robots":{"index":"index","follow":"follow","max-snippet":"max-snippet:-1","max-image-preview":"max-image-preview:large","max-video-preview":"max-video-preview:-1"},"canonical":"https:\/\/www.perfectvanwamel.com\/de\/produkt\/kreiselmulcher-sunswing\/","og_locale":"de_DE","og_type":"article","og_title":"SUNSWING - Mulcher f\u00fcr Solarparken - PERFECT - Van Wamel","og_description":"Der SUNSWING kann dank seiner Seitenauslage sehr weit unter niedrig stehenden Sonnenpaneelen m\u00e4hen","og_url":"https:\/\/www.perfectvanwamel.com\/de\/produkt\/kreiselmulcher-sunswing\/","og_site_name":"PERFECT - Van Wamel","article_modified_time":"2022-07-26T10:07:33+00:00","og_image":[{"width":2000,"height":1333,"url":"https:\/\/staging.perfectvanwamel.com\/wp-content\/uploads\/2020\/09\/Sunswing-vrijstaand.png","type":"image\/png"}],"twitter_card":"summary_large_image","schema":{"@context":"https:\/\/schema.org","@graph":[{"@type":"WebPage","@id":"https:\/\/www.perfectvanwamel.com\/de\/produkt\/kreiselmulcher-sunswing\/","url":"https:\/\/www.perfectvanwamel.com\/de\/produkt\/kreiselmulcher-sunswing\/","name":"SUNSWING - Mulcher f\u00fcr Solarparken - PERFECT - Van Wamel","isPartOf":{"@id":"https:\/\/www.perfectvanwamel.com\/de\/#website"},"primaryImageOfPage":{"@id":"https:\/\/www.perfectvanwamel.com\/de\/produkt\/kreiselmulcher-sunswing\/#primaryimage"},"image":{"@id":"https:\/\/www.perfectvanwamel.com\/de\/produkt\/kreiselmulcher-sunswing\/#primaryimage"},"thumbnailUrl":"https:\/\/www.perfectvanwamel.com\/wp-content\/uploads\/2020\/09\/Sunswing-vrijstaand.png","datePublished":"2020-09-07T14:12:10+00:00","dateModified":"2022-07-26T10:07:33+00:00","description":"Der SUNSWING kann dank seiner Seitenauslage sehr weit unter niedrig stehenden Sonnenpaneelen m\u00e4hen","breadcrumb":{"@id":"https:\/\/www.perfectvanwamel.com\/de\/produkt\/kreiselmulcher-sunswing\/#breadcrumb"},"inLanguage":"de","potentialAction":[{"@type":"ReadAction","target":["https:\/\/www.perfectvanwamel.com\/de\/produkt\/kreiselmulcher-sunswing\/"]}]},{"@type":"ImageObject","inLanguage":"de","@id":"https:\/\/www.perfectvanwamel.com\/de\/produkt\/kreiselmulcher-sunswing\/#primaryimage","url":"https:\/\/www.perfectvanwamel.com\/wp-content\/uploads\/2020\/09\/Sunswing-vrijstaand.png","contentUrl":"https:\/\/www.perfectvanwamel.com\/wp-content\/uploads\/2020\/09\/Sunswing-vrijstaand.png","width":2000,"height":1333,"caption":"Sunswing vrijstaand"},{"@type":"BreadcrumbList","@id":"https:\/\/www.perfectvanwamel.com\/de\/produkt\/kreiselmulcher-sunswing\/#breadcrumb","itemListElement":[{"@type":"ListItem","position":1,"name":"Home","item":"https:\/\/staging.perfectvanwamel.com\/de\/"},{"@type":"ListItem","position":2,"name":"Technologie","item":"https:\/\/staging.perfectvanwamel.com\/de\/technologie\/"},{"@type":"ListItem","position":3,"name":"SUNSWING, Profimulcher f\u00fcr Gr\u00fcnplege in Solarparks"}]},{"@type":"WebSite","@id":"https:\/\/www.perfectvanwamel.com\/de\/#website","url":"https:\/\/www.perfectvanwamel.com\/de\/","name":"PERFECT - Van Wamel","description":"","potentialAction":[{"@type":"SearchAction","target":{"@type":"EntryPoint","urlTemplate":"https:\/\/www.perfectvanwamel.com\/de\/?s={search_term_string}"},"query-input":{"@type":"PropertyValueSpecification","valueRequired":true,"valueName":"search_term_string"}}],"inLanguage":"de"}]}},"_links":{"self":[{"href":"https:\/\/www.perfectvanwamel.com\/de\/wp-json\/wp\/v2\/product\/5551","targetHints":{"allow":["GET"]}}],"collection":[{"href":"https:\/\/www.perfectvanwamel.com\/de\/wp-json\/wp\/v2\/product"}],"about":[{"href":"https:\/\/www.perfectvanwamel.com\/de\/wp-json\/wp\/v2\/types\/product"}],"wp:featuredmedia":[{"embeddable":true,"href":"https:\/\/www.perfectvanwamel.com\/de\/wp-json\/wp\/v2\/media\/13281"}],"wp:attachment":[{"href":"https:\/\/www.perfectvanwamel.com\/de\/wp-json\/wp\/v2\/media?parent=5551"}],"wp:term":[{"taxonomy":"product_brand","embeddable":true,"href":"https:\/\/www.perfectvanwamel.com\/de\/wp-json\/wp\/v2\/product_brand?post=5551"},{"taxonomy":"product_cat","embeddable":true,"href":"https:\/\/www.perfectvanwamel.com\/de\/wp-json\/wp\/v2\/product_cat?post=5551"},{"taxonomy":"product_tag","embeddable":true,"href":"https:\/\/www.perfectvanwamel.com\/de\/wp-json\/wp\/v2\/product_tag?post=5551"}],"curies":[{"name":"wp","href":"https:\/\/api.w.org\/{rel}","templated":true}]}}