{"id":5562,"date":"2020-04-28T09:18:56","date_gmt":"2020-04-28T07:18:56","guid":{"rendered":"https:\/\/www.perfectvanwamel.com\/product\/reihenkehrer-spd\/"},"modified":"2020-10-01T10:33:32","modified_gmt":"2020-10-01T08:33:32","slug":"reihenkehrer-spd","status":"publish","type":"product","link":"https:\/\/www.perfectvanwamel.com\/de\/produkt\/reihenkehrer-spd\/","title":{"rendered":"SPD, doppelter Reihenkehrer"},"content":{"rendered":"<p>Bei Traktoren ohne Frontkraftheber ist die Montagestange des Reinigers beispielsweise auf der Halterung f\u00fcr die Frontgewichte des Traktors montiert.<\/p>\n<p>Das SPD ist serienm\u00e4\u00dfig mit hydraulischen Hochklappbare Reinigungsk\u00f6pfen ausgestattet, au\u00dferdem ist die Arbeitsbreite auch hydraulisch einstellbar. Der Standard-Reinigungskopf hat einen Radius von 1,0 Metern, es sind jedoch auch Reinigungsk\u00f6pfe mit 0,58 Metern (Weinbau, Beerenanbau) und 1,30 Metern (Obstg\u00e4rten mit gro\u00dfen Reihenabst\u00e4nden) erh\u00e4ltlich.<br \/>\nDie B\u00fcrstenk\u00f6pfe haben dank des Schwenkrads, um das sich die B\u00fcrsten drehen, einen perfekten Bodennachlauf. Der Winkel, in dem der Reiniger arbeitet, bestimmt den Druck der B\u00fcrsten auf der Unterseite, der variiert werden kann, um unter allen Bedingungen optimal zu funktionieren.<\/p>\n<p>Die B\u00fcrsten der SPD bestehen aus einem sehr verschlei\u00dffesten Material und halten sehr lange; Dar\u00fcber hinaus besch\u00e4digen sie die St\u00e4mme der Obstb\u00e4ume nicht, selbst wenn sie eng um die St\u00e4mme herum arbeiten.<\/p>\n","protected":false},"excerpt":{"rendered":"<p>Der SPD-Streifenreiniger entfernt Schnitt- und Laubreste von den beiden Baumreihen auf beiden Seiten des Traktors. Beide Reiniger passen sich unabh\u00e4ngig vom Traktor dem Gel\u00e4nde an; Arbeitsbreiten von 1,30 &#8211; 5,15 Metern. Auch f\u00fcr Traktoren ohne Frontkraftheber.<\/p>\n","protected":false},"featured_media":28395,"template":"","meta":{"_acf_changed":false},"product_brand":[],"product_cat":[1054],"product_tag":[],"class_list":{"0":"post-5562","1":"product","2":"type-product","3":"status-publish","4":"has-post-thumbnail","6":"product_cat-reihenkehrer","7":"pa_denkende-schijf-nein","9":"first","10":"instock","11":"shipping-taxable","12":"product-type-simple"},"acf":[],"yoast_head":"<!-- This site is optimized with the Yoast SEO plugin v27.4 - https:\/\/yoast.com\/product\/yoast-seo-wordpress\/ -->\n<title>SPD, doppelter Reihenkehrer - PERFECT - Van Wamel<\/title>\n<meta name=\"robots\" content=\"index, follow, max-snippet:-1, max-image-preview:large, max-video-preview:-1\" \/>\n<link rel=\"canonical\" href=\"https:\/\/www.perfectvanwamel.com\/de\/produkt\/reihenkehrer-spd\/\" \/>\n<meta property=\"og:locale\" content=\"de_DE\" \/>\n<meta property=\"og:type\" content=\"article\" \/>\n<meta property=\"og:title\" content=\"SPD, doppelter Reihenkehrer - PERFECT - Van Wamel\" \/>\n<meta property=\"og:description\" content=\"Der SPD-Streifenreiniger entfernt Schnitt- und Laubreste von den beiden Baumreihen auf beiden Seiten des Traktors. Beide Reiniger passen sich unabh\u00e4ngig vom Traktor dem Gel\u00e4nde an; Arbeitsbreiten von 1,30 - 5,15 Metern. Auch f\u00fcr Traktoren ohne Frontkraftheber.\" \/>\n<meta property=\"og:url\" content=\"https:\/\/www.perfectvanwamel.com\/de\/produkt\/reihenkehrer-spd\/\" \/>\n<meta property=\"og:site_name\" content=\"PERFECT - Van Wamel\" \/>\n<meta property=\"article:modified_time\" content=\"2020-10-01T08:33:32+00:00\" \/>\n<meta property=\"og:image\" content=\"https:\/\/staging.perfectvanwamel.com\/wp-content\/uploads\/2020\/04\/SPD.jpg\" \/>\n\t<meta property=\"og:image:width\" content=\"1500\" \/>\n\t<meta property=\"og:image:height\" content=\"1001\" \/>\n\t<meta property=\"og:image:type\" content=\"image\/jpeg\" \/>\n<meta name=\"twitter:card\" content=\"summary_large_image\" \/>\n<meta name=\"twitter:label1\" content=\"Gesch\u00e4tzte Lesezeit\" \/>\n\t<meta name=\"twitter:data1\" content=\"1\u00a0Minute\" \/>\n<script type=\"application\/ld+json\" class=\"yoast-schema-graph\">{\"@context\":\"https:\\\/\\\/schema.org\",\"@graph\":[{\"@type\":\"WebPage\",\"@id\":\"https:\\\/\\\/www.perfectvanwamel.com\\\/de\\\/produkt\\\/reihenkehrer-spd\\\/\",\"url\":\"https:\\\/\\\/www.perfectvanwamel.com\\\/de\\\/produkt\\\/reihenkehrer-spd\\\/\",\"name\":\"SPD, doppelter Reihenkehrer - PERFECT - Van Wamel\",\"isPartOf\":{\"@id\":\"https:\\\/\\\/www.perfectvanwamel.com\\\/de\\\/#website\"},\"primaryImageOfPage\":{\"@id\":\"https:\\\/\\\/www.perfectvanwamel.com\\\/de\\\/produkt\\\/reihenkehrer-spd\\\/#primaryimage\"},\"image\":{\"@id\":\"https:\\\/\\\/www.perfectvanwamel.com\\\/de\\\/produkt\\\/reihenkehrer-spd\\\/#primaryimage\"},\"thumbnailUrl\":\"https:\\\/\\\/www.perfectvanwamel.com\\\/wp-content\\\/uploads\\\/2020\\\/04\\\/SPD.jpg\",\"datePublished\":\"2020-04-28T07:18:56+00:00\",\"dateModified\":\"2020-10-01T08:33:32+00:00\",\"breadcrumb\":{\"@id\":\"https:\\\/\\\/www.perfectvanwamel.com\\\/de\\\/produkt\\\/reihenkehrer-spd\\\/#breadcrumb\"},\"inLanguage\":\"de\",\"potentialAction\":[{\"@type\":\"ReadAction\",\"target\":[\"https:\\\/\\\/www.perfectvanwamel.com\\\/de\\\/produkt\\\/reihenkehrer-spd\\\/\"]}]},{\"@type\":\"ImageObject\",\"inLanguage\":\"de\",\"@id\":\"https:\\\/\\\/www.perfectvanwamel.com\\\/de\\\/produkt\\\/reihenkehrer-spd\\\/#primaryimage\",\"url\":\"https:\\\/\\\/www.perfectvanwamel.com\\\/wp-content\\\/uploads\\\/2020\\\/04\\\/SPD.jpg\",\"contentUrl\":\"https:\\\/\\\/www.perfectvanwamel.com\\\/wp-content\\\/uploads\\\/2020\\\/04\\\/SPD.jpg\",\"width\":1500,\"height\":1001},{\"@type\":\"BreadcrumbList\",\"@id\":\"https:\\\/\\\/www.perfectvanwamel.com\\\/de\\\/produkt\\\/reihenkehrer-spd\\\/#breadcrumb\",\"itemListElement\":[{\"@type\":\"ListItem\",\"position\":1,\"name\":\"Home\",\"item\":\"https:\\\/\\\/staging.perfectvanwamel.com\\\/de\\\/\"},{\"@type\":\"ListItem\",\"position\":2,\"name\":\"Technologie\",\"item\":\"https:\\\/\\\/staging.perfectvanwamel.com\\\/de\\\/technologie\\\/\"},{\"@type\":\"ListItem\",\"position\":3,\"name\":\"SPD, doppelter Reihenkehrer\"}]},{\"@type\":\"WebSite\",\"@id\":\"https:\\\/\\\/www.perfectvanwamel.com\\\/de\\\/#website\",\"url\":\"https:\\\/\\\/www.perfectvanwamel.com\\\/de\\\/\",\"name\":\"PERFECT - Van Wamel\",\"description\":\"\",\"potentialAction\":[{\"@type\":\"SearchAction\",\"target\":{\"@type\":\"EntryPoint\",\"urlTemplate\":\"https:\\\/\\\/www.perfectvanwamel.com\\\/de\\\/?s={search_term_string}\"},\"query-input\":{\"@type\":\"PropertyValueSpecification\",\"valueRequired\":true,\"valueName\":\"search_term_string\"}}],\"inLanguage\":\"de\"}]}<\/script>\n<!-- \/ Yoast SEO plugin. -->","yoast_head_json":{"title":"SPD, doppelter Reihenkehrer - PERFECT - Van Wamel","robots":{"index":"index","follow":"follow","max-snippet":"max-snippet:-1","max-image-preview":"max-image-preview:large","max-video-preview":"max-video-preview:-1"},"canonical":"https:\/\/www.perfectvanwamel.com\/de\/produkt\/reihenkehrer-spd\/","og_locale":"de_DE","og_type":"article","og_title":"SPD, doppelter Reihenkehrer - PERFECT - Van Wamel","og_description":"Der SPD-Streifenreiniger entfernt Schnitt- und Laubreste von den beiden Baumreihen auf beiden Seiten des Traktors. Beide Reiniger passen sich unabh\u00e4ngig vom Traktor dem Gel\u00e4nde an; Arbeitsbreiten von 1,30 - 5,15 Metern. Auch f\u00fcr Traktoren ohne Frontkraftheber.","og_url":"https:\/\/www.perfectvanwamel.com\/de\/produkt\/reihenkehrer-spd\/","og_site_name":"PERFECT - Van Wamel","article_modified_time":"2020-10-01T08:33:32+00:00","og_image":[{"width":1500,"height":1001,"url":"https:\/\/staging.perfectvanwamel.com\/wp-content\/uploads\/2020\/04\/SPD.jpg","type":"image\/jpeg"}],"twitter_card":"summary_large_image","twitter_misc":{"Gesch\u00e4tzte Lesezeit":"1\u00a0Minute"},"schema":{"@context":"https:\/\/schema.org","@graph":[{"@type":"WebPage","@id":"https:\/\/www.perfectvanwamel.com\/de\/produkt\/reihenkehrer-spd\/","url":"https:\/\/www.perfectvanwamel.com\/de\/produkt\/reihenkehrer-spd\/","name":"SPD, doppelter Reihenkehrer - PERFECT - Van Wamel","isPartOf":{"@id":"https:\/\/www.perfectvanwamel.com\/de\/#website"},"primaryImageOfPage":{"@id":"https:\/\/www.perfectvanwamel.com\/de\/produkt\/reihenkehrer-spd\/#primaryimage"},"image":{"@id":"https:\/\/www.perfectvanwamel.com\/de\/produkt\/reihenkehrer-spd\/#primaryimage"},"thumbnailUrl":"https:\/\/www.perfectvanwamel.com\/wp-content\/uploads\/2020\/04\/SPD.jpg","datePublished":"2020-04-28T07:18:56+00:00","dateModified":"2020-10-01T08:33:32+00:00","breadcrumb":{"@id":"https:\/\/www.perfectvanwamel.com\/de\/produkt\/reihenkehrer-spd\/#breadcrumb"},"inLanguage":"de","potentialAction":[{"@type":"ReadAction","target":["https:\/\/www.perfectvanwamel.com\/de\/produkt\/reihenkehrer-spd\/"]}]},{"@type":"ImageObject","inLanguage":"de","@id":"https:\/\/www.perfectvanwamel.com\/de\/produkt\/reihenkehrer-spd\/#primaryimage","url":"https:\/\/www.perfectvanwamel.com\/wp-content\/uploads\/2020\/04\/SPD.jpg","contentUrl":"https:\/\/www.perfectvanwamel.com\/wp-content\/uploads\/2020\/04\/SPD.jpg","width":1500,"height":1001},{"@type":"BreadcrumbList","@id":"https:\/\/www.perfectvanwamel.com\/de\/produkt\/reihenkehrer-spd\/#breadcrumb","itemListElement":[{"@type":"ListItem","position":1,"name":"Home","item":"https:\/\/staging.perfectvanwamel.com\/de\/"},{"@type":"ListItem","position":2,"name":"Technologie","item":"https:\/\/staging.perfectvanwamel.com\/de\/technologie\/"},{"@type":"ListItem","position":3,"name":"SPD, doppelter Reihenkehrer"}]},{"@type":"WebSite","@id":"https:\/\/www.perfectvanwamel.com\/de\/#website","url":"https:\/\/www.perfectvanwamel.com\/de\/","name":"PERFECT - Van Wamel","description":"","potentialAction":[{"@type":"SearchAction","target":{"@type":"EntryPoint","urlTemplate":"https:\/\/www.perfectvanwamel.com\/de\/?s={search_term_string}"},"query-input":{"@type":"PropertyValueSpecification","valueRequired":true,"valueName":"search_term_string"}}],"inLanguage":"de"}]}},"_links":{"self":[{"href":"https:\/\/www.perfectvanwamel.com\/de\/wp-json\/wp\/v2\/product\/5562","targetHints":{"allow":["GET"]}}],"collection":[{"href":"https:\/\/www.perfectvanwamel.com\/de\/wp-json\/wp\/v2\/product"}],"about":[{"href":"https:\/\/www.perfectvanwamel.com\/de\/wp-json\/wp\/v2\/types\/product"}],"wp:featuredmedia":[{"embeddable":true,"href":"https:\/\/www.perfectvanwamel.com\/de\/wp-json\/wp\/v2\/media\/28395"}],"wp:attachment":[{"href":"https:\/\/www.perfectvanwamel.com\/de\/wp-json\/wp\/v2\/media?parent=5562"}],"wp:term":[{"taxonomy":"product_brand","embeddable":true,"href":"https:\/\/www.perfectvanwamel.com\/de\/wp-json\/wp\/v2\/product_brand?post=5562"},{"taxonomy":"product_cat","embeddable":true,"href":"https:\/\/www.perfectvanwamel.com\/de\/wp-json\/wp\/v2\/product_cat?post=5562"},{"taxonomy":"product_tag","embeddable":true,"href":"https:\/\/www.perfectvanwamel.com\/de\/wp-json\/wp\/v2\/product_tag?post=5562"}],"curies":[{"name":"wp","href":"https:\/\/api.w.org\/{rel}","templated":true}]}}