{"id":5564,"date":"2020-04-28T09:10:20","date_gmt":"2020-04-28T07:10:20","guid":{"rendered":"https:\/\/www.perfectvanwamel.com\/product\/reihenkehrer-spa\/"},"modified":"2020-10-01T10:32:01","modified_gmt":"2020-10-01T08:32:01","slug":"reihenkehrer-spa","status":"publish","type":"product","link":"https:\/\/www.perfectvanwamel.com\/de\/produkt\/reihenkehrer-spa\/","title":{"rendered":"spa, Reihenkehrer zum Anbau"},"content":{"rendered":"<p>Der SPA-Streifenreiniger hat dank des Schwenkrads, um das sich die B\u00fcrsten drehen, eine perfekte Bodennachlauf. Der Winkel, in dem der Reiniger arbeitet, bestimmt den Druck der B\u00fcrsten auf der Unterseite, der variiert werden kann, um unter allen Bedingungen optimal zu funktionieren.<\/p>\n<p>Die B\u00fcrsten des SPA bestehen aus einem sehr verschlei\u00dffesten Material und halten sehr lange; Dar\u00fcber hinaus besch\u00e4digen sie die St\u00e4mme der Obstb\u00e4ume nicht, selbst wenn sie eng um die St\u00e4mme herum arbeiten.<\/p>\n<p>Der SPA-Streifenreiniger wird standardm\u00e4\u00dfig mit einer Montageplatte f\u00fcr den H\u00e4cksler geliefert.<\/p>\n","protected":false},"excerpt":{"rendered":"<p>Um Schnittholz und Bl\u00e4tter aus der Baumreihe und um die St\u00e4mme herum zu entfernen, ohne diese zu besch\u00e4digen, werden die Holz- und Blattreste direkt vom H\u00e4cksler verarbeitet.<\/p>\n","protected":false},"featured_media":28383,"template":"","meta":{"_acf_changed":false},"product_brand":[],"product_cat":[1054],"product_tag":[],"class_list":{"0":"post-5564","1":"product","2":"type-product","3":"status-publish","4":"has-post-thumbnail","6":"product_cat-reihenkehrer","7":"pa_denkende-schijf-nein","9":"first","10":"instock","11":"shipping-taxable","12":"product-type-simple"},"acf":[],"yoast_head":"<!-- This site is optimized with the Yoast SEO plugin v27.4 - https:\/\/yoast.com\/product\/yoast-seo-wordpress\/ -->\n<title>spa, Reihenkehrer zum Anbau - PERFECT - Van Wamel<\/title>\n<meta name=\"robots\" content=\"index, follow, max-snippet:-1, max-image-preview:large, max-video-preview:-1\" \/>\n<link rel=\"canonical\" href=\"https:\/\/www.perfectvanwamel.com\/de\/produkt\/reihenkehrer-spa\/\" \/>\n<meta property=\"og:locale\" content=\"de_DE\" \/>\n<meta property=\"og:type\" content=\"article\" \/>\n<meta property=\"og:title\" content=\"spa, Reihenkehrer zum Anbau - PERFECT - Van Wamel\" \/>\n<meta property=\"og:description\" content=\"Um Schnittholz und Bl\u00e4tter aus der Baumreihe und um die St\u00e4mme herum zu entfernen, ohne diese zu besch\u00e4digen, werden die Holz- und Blattreste direkt vom H\u00e4cksler verarbeitet.\" \/>\n<meta property=\"og:url\" content=\"https:\/\/www.perfectvanwamel.com\/de\/produkt\/reihenkehrer-spa\/\" \/>\n<meta property=\"og:site_name\" content=\"PERFECT - Van Wamel\" \/>\n<meta property=\"article:modified_time\" content=\"2020-10-01T08:32:01+00:00\" \/>\n<meta property=\"og:image\" content=\"https:\/\/staging.perfectvanwamel.com\/wp-content\/uploads\/2020\/04\/SPA.jpg\" \/>\n\t<meta property=\"og:image:width\" content=\"1500\" \/>\n\t<meta property=\"og:image:height\" content=\"1001\" \/>\n\t<meta property=\"og:image:type\" content=\"image\/jpeg\" \/>\n<meta name=\"twitter:card\" content=\"summary_large_image\" \/>\n<script type=\"application\/ld+json\" class=\"yoast-schema-graph\">{\"@context\":\"https:\\\/\\\/schema.org\",\"@graph\":[{\"@type\":\"WebPage\",\"@id\":\"https:\\\/\\\/www.perfectvanwamel.com\\\/de\\\/produkt\\\/reihenkehrer-spa\\\/\",\"url\":\"https:\\\/\\\/www.perfectvanwamel.com\\\/de\\\/produkt\\\/reihenkehrer-spa\\\/\",\"name\":\"spa, Reihenkehrer zum Anbau - PERFECT - Van Wamel\",\"isPartOf\":{\"@id\":\"https:\\\/\\\/www.perfectvanwamel.com\\\/de\\\/#website\"},\"primaryImageOfPage\":{\"@id\":\"https:\\\/\\\/www.perfectvanwamel.com\\\/de\\\/produkt\\\/reihenkehrer-spa\\\/#primaryimage\"},\"image\":{\"@id\":\"https:\\\/\\\/www.perfectvanwamel.com\\\/de\\\/produkt\\\/reihenkehrer-spa\\\/#primaryimage\"},\"thumbnailUrl\":\"https:\\\/\\\/www.perfectvanwamel.com\\\/wp-content\\\/uploads\\\/2020\\\/04\\\/SPA.jpg\",\"datePublished\":\"2020-04-28T07:10:20+00:00\",\"dateModified\":\"2020-10-01T08:32:01+00:00\",\"breadcrumb\":{\"@id\":\"https:\\\/\\\/www.perfectvanwamel.com\\\/de\\\/produkt\\\/reihenkehrer-spa\\\/#breadcrumb\"},\"inLanguage\":\"de\",\"potentialAction\":[{\"@type\":\"ReadAction\",\"target\":[\"https:\\\/\\\/www.perfectvanwamel.com\\\/de\\\/produkt\\\/reihenkehrer-spa\\\/\"]}]},{\"@type\":\"ImageObject\",\"inLanguage\":\"de\",\"@id\":\"https:\\\/\\\/www.perfectvanwamel.com\\\/de\\\/produkt\\\/reihenkehrer-spa\\\/#primaryimage\",\"url\":\"https:\\\/\\\/www.perfectvanwamel.com\\\/wp-content\\\/uploads\\\/2020\\\/04\\\/SPA.jpg\",\"contentUrl\":\"https:\\\/\\\/www.perfectvanwamel.com\\\/wp-content\\\/uploads\\\/2020\\\/04\\\/SPA.jpg\",\"width\":1500,\"height\":1001},{\"@type\":\"BreadcrumbList\",\"@id\":\"https:\\\/\\\/www.perfectvanwamel.com\\\/de\\\/produkt\\\/reihenkehrer-spa\\\/#breadcrumb\",\"itemListElement\":[{\"@type\":\"ListItem\",\"position\":1,\"name\":\"Home\",\"item\":\"https:\\\/\\\/staging.perfectvanwamel.com\\\/de\\\/\"},{\"@type\":\"ListItem\",\"position\":2,\"name\":\"Technologie\",\"item\":\"https:\\\/\\\/staging.perfectvanwamel.com\\\/de\\\/technologie\\\/\"},{\"@type\":\"ListItem\",\"position\":3,\"name\":\"spa, Reihenkehrer zum Anbau\"}]},{\"@type\":\"WebSite\",\"@id\":\"https:\\\/\\\/www.perfectvanwamel.com\\\/de\\\/#website\",\"url\":\"https:\\\/\\\/www.perfectvanwamel.com\\\/de\\\/\",\"name\":\"PERFECT - Van Wamel\",\"description\":\"\",\"potentialAction\":[{\"@type\":\"SearchAction\",\"target\":{\"@type\":\"EntryPoint\",\"urlTemplate\":\"https:\\\/\\\/www.perfectvanwamel.com\\\/de\\\/?s={search_term_string}\"},\"query-input\":{\"@type\":\"PropertyValueSpecification\",\"valueRequired\":true,\"valueName\":\"search_term_string\"}}],\"inLanguage\":\"de\"}]}<\/script>\n<!-- \/ Yoast SEO plugin. -->","yoast_head_json":{"title":"spa, Reihenkehrer zum Anbau - PERFECT - Van Wamel","robots":{"index":"index","follow":"follow","max-snippet":"max-snippet:-1","max-image-preview":"max-image-preview:large","max-video-preview":"max-video-preview:-1"},"canonical":"https:\/\/www.perfectvanwamel.com\/de\/produkt\/reihenkehrer-spa\/","og_locale":"de_DE","og_type":"article","og_title":"spa, Reihenkehrer zum Anbau - PERFECT - Van Wamel","og_description":"Um Schnittholz und Bl\u00e4tter aus der Baumreihe und um die St\u00e4mme herum zu entfernen, ohne diese zu besch\u00e4digen, werden die Holz- und Blattreste direkt vom H\u00e4cksler verarbeitet.","og_url":"https:\/\/www.perfectvanwamel.com\/de\/produkt\/reihenkehrer-spa\/","og_site_name":"PERFECT - Van Wamel","article_modified_time":"2020-10-01T08:32:01+00:00","og_image":[{"width":1500,"height":1001,"url":"https:\/\/staging.perfectvanwamel.com\/wp-content\/uploads\/2020\/04\/SPA.jpg","type":"image\/jpeg"}],"twitter_card":"summary_large_image","schema":{"@context":"https:\/\/schema.org","@graph":[{"@type":"WebPage","@id":"https:\/\/www.perfectvanwamel.com\/de\/produkt\/reihenkehrer-spa\/","url":"https:\/\/www.perfectvanwamel.com\/de\/produkt\/reihenkehrer-spa\/","name":"spa, Reihenkehrer zum Anbau - PERFECT - Van Wamel","isPartOf":{"@id":"https:\/\/www.perfectvanwamel.com\/de\/#website"},"primaryImageOfPage":{"@id":"https:\/\/www.perfectvanwamel.com\/de\/produkt\/reihenkehrer-spa\/#primaryimage"},"image":{"@id":"https:\/\/www.perfectvanwamel.com\/de\/produkt\/reihenkehrer-spa\/#primaryimage"},"thumbnailUrl":"https:\/\/www.perfectvanwamel.com\/wp-content\/uploads\/2020\/04\/SPA.jpg","datePublished":"2020-04-28T07:10:20+00:00","dateModified":"2020-10-01T08:32:01+00:00","breadcrumb":{"@id":"https:\/\/www.perfectvanwamel.com\/de\/produkt\/reihenkehrer-spa\/#breadcrumb"},"inLanguage":"de","potentialAction":[{"@type":"ReadAction","target":["https:\/\/www.perfectvanwamel.com\/de\/produkt\/reihenkehrer-spa\/"]}]},{"@type":"ImageObject","inLanguage":"de","@id":"https:\/\/www.perfectvanwamel.com\/de\/produkt\/reihenkehrer-spa\/#primaryimage","url":"https:\/\/www.perfectvanwamel.com\/wp-content\/uploads\/2020\/04\/SPA.jpg","contentUrl":"https:\/\/www.perfectvanwamel.com\/wp-content\/uploads\/2020\/04\/SPA.jpg","width":1500,"height":1001},{"@type":"BreadcrumbList","@id":"https:\/\/www.perfectvanwamel.com\/de\/produkt\/reihenkehrer-spa\/#breadcrumb","itemListElement":[{"@type":"ListItem","position":1,"name":"Home","item":"https:\/\/staging.perfectvanwamel.com\/de\/"},{"@type":"ListItem","position":2,"name":"Technologie","item":"https:\/\/staging.perfectvanwamel.com\/de\/technologie\/"},{"@type":"ListItem","position":3,"name":"spa, Reihenkehrer zum Anbau"}]},{"@type":"WebSite","@id":"https:\/\/www.perfectvanwamel.com\/de\/#website","url":"https:\/\/www.perfectvanwamel.com\/de\/","name":"PERFECT - Van Wamel","description":"","potentialAction":[{"@type":"SearchAction","target":{"@type":"EntryPoint","urlTemplate":"https:\/\/www.perfectvanwamel.com\/de\/?s={search_term_string}"},"query-input":{"@type":"PropertyValueSpecification","valueRequired":true,"valueName":"search_term_string"}}],"inLanguage":"de"}]}},"_links":{"self":[{"href":"https:\/\/www.perfectvanwamel.com\/de\/wp-json\/wp\/v2\/product\/5564","targetHints":{"allow":["GET"]}}],"collection":[{"href":"https:\/\/www.perfectvanwamel.com\/de\/wp-json\/wp\/v2\/product"}],"about":[{"href":"https:\/\/www.perfectvanwamel.com\/de\/wp-json\/wp\/v2\/types\/product"}],"wp:featuredmedia":[{"embeddable":true,"href":"https:\/\/www.perfectvanwamel.com\/de\/wp-json\/wp\/v2\/media\/28383"}],"wp:attachment":[{"href":"https:\/\/www.perfectvanwamel.com\/de\/wp-json\/wp\/v2\/media?parent=5564"}],"wp:term":[{"taxonomy":"product_brand","embeddable":true,"href":"https:\/\/www.perfectvanwamel.com\/de\/wp-json\/wp\/v2\/product_brand?post=5564"},{"taxonomy":"product_cat","embeddable":true,"href":"https:\/\/www.perfectvanwamel.com\/de\/wp-json\/wp\/v2\/product_cat?post=5564"},{"taxonomy":"product_tag","embeddable":true,"href":"https:\/\/www.perfectvanwamel.com\/de\/wp-json\/wp\/v2\/product_tag?post=5564"}],"curies":[{"name":"wp","href":"https:\/\/api.w.org\/{rel}","templated":true}]}}