{"id":5565,"date":"2020-04-28T09:08:06","date_gmt":"2020-04-28T07:08:06","guid":{"rendered":"https:\/\/www.perfectvanwamel.com\/product\/holzschnitthaecksler-nx-460\/"},"modified":"2020-10-22T23:23:36","modified_gmt":"2020-10-22T21:23:36","slug":"holzschnitthaecksler-nx-460","status":"publish","type":"product","link":"https:\/\/www.perfectvanwamel.com\/de\/produkt\/holzschnitthaecksler-nx-460\/","title":{"rendered":"NX-460, Holzschnitth\u00e4cksler\/M\u00e4her mit einstellbare Arbeitsbreite"},"content":{"rendered":"<p>Der NX-460 ist ein Schlegelmulcher \/ H\u00e4cksler mit einer pr\u00e4zisen Arbeitsbreite, die von 2,90 bis 4,60 Metern eingestellt werden kann. Diese M\u00e4hmaschine eignet sich daher besonders f\u00fcr Obstg\u00e4rten mit Reihenabst\u00e4nden von 4 bis 6 Metern. Der NX-460 besteht aus zwei sehr robusten Schlegelm\u00e4hern von jeweils 2,40 Metern.<\/p>\n<p>Dank der gro\u00dfen Arbeitsbreite und der hohen Kapazit\u00e4t kann der NX-460 viel Geld beim M\u00e4hen oder Zerkleinern von Schnitten im Obstgarten sparen. Sie m\u00fcssen weniger oft m\u00e4hen und viel Arbeitszeit und Kraftstoff sparen als mit einem einzelnen H\u00e4cksler oder Kreiselm\u00e4her.<\/p>\n<p>Der Schlegelmulcher NX-460 wird standardm\u00e4\u00dfig mit 2,2-Kilogramm-Schlegeln geliefert, die eine sehr hohe Schlagkraft liefern. F\u00fcr einen optimalen Grasschnitt kann die Maschine auch mit 0,9 kg Schlegel geliefert werden. F\u00fcr optimale Ergebnisse sowohl beim H\u00e4ckseln als auch beim Gras ist der 2,7 kg schwere Combi-Dreschflegel die beste Wahl.<\/p>\n","protected":false},"excerpt":{"rendered":"<p>Schlegelmulcher \/ H\u00e4cksler mit variabler Arbeitsbreite. Gro\u00dfe Kosteneinsparungen dank hoher Kapazit\u00e4t und gro\u00dfer, einstellbarer Arbeitsbreite bis zu 4,60 Metern.<\/p>\n","protected":false},"featured_media":4778,"template":"","meta":{"_acf_changed":false},"product_brand":[],"product_cat":[1100],"product_tag":[],"class_list":{"0":"post-5565","1":"product","2":"type-product","3":"status-publish","4":"has-post-thumbnail","6":"product_cat-holzschnitthacksler","7":"pa_denkende-schijf-nein","8":"pa_gewicht-kg-2100-de","9":"pa_maaihoogte-cm-4-10-de","10":"pa_min-benodigd-vermogen-kw-pk-81-105-de","11":"pa_werkbreedte-max-460-de","12":"pa_werkbreedte-min-290-de","14":"first","15":"instock","16":"shipping-taxable","17":"product-type-simple"},"acf":[],"yoast_head":"<!-- This site is optimized with the Yoast SEO plugin v27.4 - https:\/\/yoast.com\/product\/yoast-seo-wordpress\/ -->\n<title>NX-460, Holzschnitth\u00e4cksler\/M\u00e4her mit einstellbare Arbeitsbreite - PERFECT - Van Wamel<\/title>\n<meta name=\"robots\" content=\"index, follow, max-snippet:-1, max-image-preview:large, max-video-preview:-1\" \/>\n<link rel=\"canonical\" href=\"https:\/\/www.perfectvanwamel.com\/de\/produkt\/holzschnitthaecksler-nx-460\/\" \/>\n<meta property=\"og:locale\" content=\"de_DE\" \/>\n<meta property=\"og:type\" content=\"article\" \/>\n<meta property=\"og:title\" content=\"NX-460, Holzschnitth\u00e4cksler\/M\u00e4her mit einstellbare Arbeitsbreite - PERFECT - Van Wamel\" \/>\n<meta property=\"og:description\" content=\"Schlegelmulcher \/ H\u00e4cksler mit variabler Arbeitsbreite. Gro\u00dfe Kosteneinsparungen dank hoher Kapazit\u00e4t und gro\u00dfer, einstellbarer Arbeitsbreite bis zu 4,60 Metern.\" \/>\n<meta property=\"og:url\" content=\"https:\/\/www.perfectvanwamel.com\/de\/produkt\/holzschnitthaecksler-nx-460\/\" \/>\n<meta property=\"og:site_name\" content=\"PERFECT - Van Wamel\" \/>\n<meta property=\"article:modified_time\" content=\"2020-10-22T21:23:36+00:00\" \/>\n<meta property=\"og:image\" content=\"https:\/\/staging.perfectvanwamel.com\/wp-content\/uploads\/2020\/04\/NX-460-blanc.jpg\" \/>\n\t<meta property=\"og:image:width\" content=\"2000\" \/>\n\t<meta property=\"og:image:height\" content=\"1335\" \/>\n\t<meta property=\"og:image:type\" content=\"image\/jpeg\" \/>\n<meta name=\"twitter:card\" content=\"summary_large_image\" \/>\n<meta name=\"twitter:label1\" content=\"Gesch\u00e4tzte Lesezeit\" \/>\n\t<meta name=\"twitter:data1\" content=\"1\u00a0Minute\" \/>\n<script type=\"application\/ld+json\" class=\"yoast-schema-graph\">{\"@context\":\"https:\\\/\\\/schema.org\",\"@graph\":[{\"@type\":\"WebPage\",\"@id\":\"https:\\\/\\\/www.perfectvanwamel.com\\\/de\\\/produkt\\\/holzschnitthaecksler-nx-460\\\/\",\"url\":\"https:\\\/\\\/www.perfectvanwamel.com\\\/de\\\/produkt\\\/holzschnitthaecksler-nx-460\\\/\",\"name\":\"NX-460, Holzschnitth\u00e4cksler\\\/M\u00e4her mit einstellbare Arbeitsbreite - PERFECT - Van Wamel\",\"isPartOf\":{\"@id\":\"https:\\\/\\\/www.perfectvanwamel.com\\\/de\\\/#website\"},\"primaryImageOfPage\":{\"@id\":\"https:\\\/\\\/www.perfectvanwamel.com\\\/de\\\/produkt\\\/holzschnitthaecksler-nx-460\\\/#primaryimage\"},\"image\":{\"@id\":\"https:\\\/\\\/www.perfectvanwamel.com\\\/de\\\/produkt\\\/holzschnitthaecksler-nx-460\\\/#primaryimage\"},\"thumbnailUrl\":\"https:\\\/\\\/www.perfectvanwamel.com\\\/wp-content\\\/uploads\\\/2020\\\/04\\\/NX-460-blanc.jpg\",\"datePublished\":\"2020-04-28T07:08:06+00:00\",\"dateModified\":\"2020-10-22T21:23:36+00:00\",\"breadcrumb\":{\"@id\":\"https:\\\/\\\/www.perfectvanwamel.com\\\/de\\\/produkt\\\/holzschnitthaecksler-nx-460\\\/#breadcrumb\"},\"inLanguage\":\"de\",\"potentialAction\":[{\"@type\":\"ReadAction\",\"target\":[\"https:\\\/\\\/www.perfectvanwamel.com\\\/de\\\/produkt\\\/holzschnitthaecksler-nx-460\\\/\"]}]},{\"@type\":\"ImageObject\",\"inLanguage\":\"de\",\"@id\":\"https:\\\/\\\/www.perfectvanwamel.com\\\/de\\\/produkt\\\/holzschnitthaecksler-nx-460\\\/#primaryimage\",\"url\":\"https:\\\/\\\/www.perfectvanwamel.com\\\/wp-content\\\/uploads\\\/2020\\\/04\\\/NX-460-blanc.jpg\",\"contentUrl\":\"https:\\\/\\\/www.perfectvanwamel.com\\\/wp-content\\\/uploads\\\/2020\\\/04\\\/NX-460-blanc.jpg\",\"width\":2000,\"height\":1335},{\"@type\":\"BreadcrumbList\",\"@id\":\"https:\\\/\\\/www.perfectvanwamel.com\\\/de\\\/produkt\\\/holzschnitthaecksler-nx-460\\\/#breadcrumb\",\"itemListElement\":[{\"@type\":\"ListItem\",\"position\":1,\"name\":\"Home\",\"item\":\"https:\\\/\\\/staging.perfectvanwamel.com\\\/de\\\/\"},{\"@type\":\"ListItem\",\"position\":2,\"name\":\"Technologie\",\"item\":\"https:\\\/\\\/staging.perfectvanwamel.com\\\/de\\\/technologie\\\/\"},{\"@type\":\"ListItem\",\"position\":3,\"name\":\"NX-460, Holzschnitth\u00e4cksler\\\/M\u00e4her mit einstellbare Arbeitsbreite\"}]},{\"@type\":\"WebSite\",\"@id\":\"https:\\\/\\\/www.perfectvanwamel.com\\\/de\\\/#website\",\"url\":\"https:\\\/\\\/www.perfectvanwamel.com\\\/de\\\/\",\"name\":\"PERFECT - Van Wamel\",\"description\":\"\",\"potentialAction\":[{\"@type\":\"SearchAction\",\"target\":{\"@type\":\"EntryPoint\",\"urlTemplate\":\"https:\\\/\\\/www.perfectvanwamel.com\\\/de\\\/?s={search_term_string}\"},\"query-input\":{\"@type\":\"PropertyValueSpecification\",\"valueRequired\":true,\"valueName\":\"search_term_string\"}}],\"inLanguage\":\"de\"}]}<\/script>\n<!-- \/ Yoast SEO plugin. -->","yoast_head_json":{"title":"NX-460, Holzschnitth\u00e4cksler\/M\u00e4her mit einstellbare Arbeitsbreite - PERFECT - Van Wamel","robots":{"index":"index","follow":"follow","max-snippet":"max-snippet:-1","max-image-preview":"max-image-preview:large","max-video-preview":"max-video-preview:-1"},"canonical":"https:\/\/www.perfectvanwamel.com\/de\/produkt\/holzschnitthaecksler-nx-460\/","og_locale":"de_DE","og_type":"article","og_title":"NX-460, Holzschnitth\u00e4cksler\/M\u00e4her mit einstellbare Arbeitsbreite - PERFECT - Van Wamel","og_description":"Schlegelmulcher \/ H\u00e4cksler mit variabler Arbeitsbreite. Gro\u00dfe Kosteneinsparungen dank hoher Kapazit\u00e4t und gro\u00dfer, einstellbarer Arbeitsbreite bis zu 4,60 Metern.","og_url":"https:\/\/www.perfectvanwamel.com\/de\/produkt\/holzschnitthaecksler-nx-460\/","og_site_name":"PERFECT - Van Wamel","article_modified_time":"2020-10-22T21:23:36+00:00","og_image":[{"width":2000,"height":1335,"url":"https:\/\/staging.perfectvanwamel.com\/wp-content\/uploads\/2020\/04\/NX-460-blanc.jpg","type":"image\/jpeg"}],"twitter_card":"summary_large_image","twitter_misc":{"Gesch\u00e4tzte Lesezeit":"1\u00a0Minute"},"schema":{"@context":"https:\/\/schema.org","@graph":[{"@type":"WebPage","@id":"https:\/\/www.perfectvanwamel.com\/de\/produkt\/holzschnitthaecksler-nx-460\/","url":"https:\/\/www.perfectvanwamel.com\/de\/produkt\/holzschnitthaecksler-nx-460\/","name":"NX-460, Holzschnitth\u00e4cksler\/M\u00e4her mit einstellbare Arbeitsbreite - PERFECT - Van Wamel","isPartOf":{"@id":"https:\/\/www.perfectvanwamel.com\/de\/#website"},"primaryImageOfPage":{"@id":"https:\/\/www.perfectvanwamel.com\/de\/produkt\/holzschnitthaecksler-nx-460\/#primaryimage"},"image":{"@id":"https:\/\/www.perfectvanwamel.com\/de\/produkt\/holzschnitthaecksler-nx-460\/#primaryimage"},"thumbnailUrl":"https:\/\/www.perfectvanwamel.com\/wp-content\/uploads\/2020\/04\/NX-460-blanc.jpg","datePublished":"2020-04-28T07:08:06+00:00","dateModified":"2020-10-22T21:23:36+00:00","breadcrumb":{"@id":"https:\/\/www.perfectvanwamel.com\/de\/produkt\/holzschnitthaecksler-nx-460\/#breadcrumb"},"inLanguage":"de","potentialAction":[{"@type":"ReadAction","target":["https:\/\/www.perfectvanwamel.com\/de\/produkt\/holzschnitthaecksler-nx-460\/"]}]},{"@type":"ImageObject","inLanguage":"de","@id":"https:\/\/www.perfectvanwamel.com\/de\/produkt\/holzschnitthaecksler-nx-460\/#primaryimage","url":"https:\/\/www.perfectvanwamel.com\/wp-content\/uploads\/2020\/04\/NX-460-blanc.jpg","contentUrl":"https:\/\/www.perfectvanwamel.com\/wp-content\/uploads\/2020\/04\/NX-460-blanc.jpg","width":2000,"height":1335},{"@type":"BreadcrumbList","@id":"https:\/\/www.perfectvanwamel.com\/de\/produkt\/holzschnitthaecksler-nx-460\/#breadcrumb","itemListElement":[{"@type":"ListItem","position":1,"name":"Home","item":"https:\/\/staging.perfectvanwamel.com\/de\/"},{"@type":"ListItem","position":2,"name":"Technologie","item":"https:\/\/staging.perfectvanwamel.com\/de\/technologie\/"},{"@type":"ListItem","position":3,"name":"NX-460, Holzschnitth\u00e4cksler\/M\u00e4her mit einstellbare Arbeitsbreite"}]},{"@type":"WebSite","@id":"https:\/\/www.perfectvanwamel.com\/de\/#website","url":"https:\/\/www.perfectvanwamel.com\/de\/","name":"PERFECT - Van Wamel","description":"","potentialAction":[{"@type":"SearchAction","target":{"@type":"EntryPoint","urlTemplate":"https:\/\/www.perfectvanwamel.com\/de\/?s={search_term_string}"},"query-input":{"@type":"PropertyValueSpecification","valueRequired":true,"valueName":"search_term_string"}}],"inLanguage":"de"}]}},"_links":{"self":[{"href":"https:\/\/www.perfectvanwamel.com\/de\/wp-json\/wp\/v2\/product\/5565","targetHints":{"allow":["GET"]}}],"collection":[{"href":"https:\/\/www.perfectvanwamel.com\/de\/wp-json\/wp\/v2\/product"}],"about":[{"href":"https:\/\/www.perfectvanwamel.com\/de\/wp-json\/wp\/v2\/types\/product"}],"wp:featuredmedia":[{"embeddable":true,"href":"https:\/\/www.perfectvanwamel.com\/de\/wp-json\/wp\/v2\/media\/4778"}],"wp:attachment":[{"href":"https:\/\/www.perfectvanwamel.com\/de\/wp-json\/wp\/v2\/media?parent=5565"}],"wp:term":[{"taxonomy":"product_brand","embeddable":true,"href":"https:\/\/www.perfectvanwamel.com\/de\/wp-json\/wp\/v2\/product_brand?post=5565"},{"taxonomy":"product_cat","embeddable":true,"href":"https:\/\/www.perfectvanwamel.com\/de\/wp-json\/wp\/v2\/product_cat?post=5565"},{"taxonomy":"product_tag","embeddable":true,"href":"https:\/\/www.perfectvanwamel.com\/de\/wp-json\/wp\/v2\/product_tag?post=5565"}],"curies":[{"name":"wp","href":"https:\/\/api.w.org\/{rel}","templated":true}]}}