{"id":5566,"date":"2020-04-28T09:06:04","date_gmt":"2020-04-28T07:06:04","guid":{"rendered":"https:\/\/www.perfectvanwamel.com\/product\/holzschnitthaecksler-variochop\/"},"modified":"2020-11-02T15:31:33","modified_gmt":"2020-11-02T14:31:33","slug":"holzschnitthaecksler-variochop","status":"publish","type":"product","link":"https:\/\/www.perfectvanwamel.com\/de\/produkt\/holzschnitthaecksler-variochop\/","title":{"rendered":"VARIOCHOP, H\u00e4cksler f\u00fcr den Front- und Heckanbau"},"content":{"rendered":"<p>Der VARIOCHOP Holzschnitth\u00e4cksler ist ein \u00fcberaus robustes Arbeitsger\u00e4t, das sich f\u00fcr Holzschnitt bis gut 8\u00a0cm dicke eignet. Aufgrund der niedrigen Keilriemenabdeckung kann diese Maschine auch unter niedrig h\u00e4ngenden Zweigen m\u00fchelos arbeiten. Der Antrieb mit dem gr\u00f6\u00dftenteils automatischen Keilriemenspanner sorgt bei diesem H\u00e4cksler f\u00fcr sehr hohen Durchsatz.<\/p>\n<p>Der VARIOCHOP H\u00e4cksler verf\u00fcgt \u00fcber austauschbare Keilriemenscheiben. Durch den gegenseitigen Austausch dieser Scheiben kann die Drehzahl der Gelenkwelle zwischen 540, 750 und 1000 U\/min gewechselt werden. Dank dieses Antriebsprinzips ist es bei Anschaffung einer neuen Zugmaschine nicht mehr erforderlich, den H\u00e4cksler anzupassen oder gar gegen einen anderen auszutauschen.<\/p>\n<p>Der VARIOCHOP ist mit Arbeitsbreiten von 1,35\u00a0m, 1,50\u00a0m, 1.80\u00a0m und 2,10\u00a0m lieferbar.<\/p>\n","protected":false},"excerpt":{"rendered":"<p>H\u00e4cksler f\u00fcr den Front- und Heckanbau. Durch den gegenseitigen Austausch der Keilriemenscheiben l\u00e4sst sich die Drehzahl \u00e4ndern.<\/p>\n","protected":false},"featured_media":7768,"template":"","meta":{"_acf_changed":false},"product_brand":[],"product_cat":[1100],"product_tag":[],"class_list":{"0":"post-5566","1":"product","2":"type-product","3":"status-publish","4":"has-post-thumbnail","6":"product_cat-holzschnitthacksler","7":"pa_aftakas-opm-540-de","8":"pa_denkende-schijf-nein","9":"pa_gewicht-kg-660-de","10":"pa_gewicht-kg-700-de","11":"pa_gewicht-kg-740-de","12":"pa_gewicht-kg-810-de","13":"pa_hefinrichting-tractor-cat-i-ii-de","14":"pa_max-verstrek-midden-cm-129-de","15":"pa_max-verstrek-midden-cm-159-de","16":"pa_max-verstrek-midden-cm-99-de","17":"pa_min-benodigd-vermogen-kw-pk-18-25-de","18":"pa_min-benodigd-vermogen-kw-pk-21-28-de","19":"pa_min-benodigd-vermogen-kw-pk-25-34-de","20":"pa_min-benodigd-vermogen-kw-pk-30-41-de","21":"pa_transportbreedte-cm-157-de","22":"pa_transportbreedte-cm-172-de","23":"pa_transportbreedte-cm-202-de","24":"pa_transportbreedte-cm-232-de","25":"pa_werkbreedte-cm-135-de","26":"pa_werkbreedte-cm-150-de","27":"pa_werkbreedte-cm-180-de","28":"pa_werkbreedte-cm-210-de","30":"first","31":"instock","32":"shipping-taxable","33":"product-type-simple"},"acf":[],"yoast_head":"<!-- This site is optimized with the Yoast SEO plugin v27.4 - https:\/\/yoast.com\/product\/yoast-seo-wordpress\/ -->\n<title>VARIOCHOP, H\u00e4cksler f\u00fcr den Front- und Heckanbau - PERFECT - Van Wamel<\/title>\n<meta name=\"robots\" content=\"index, follow, max-snippet:-1, max-image-preview:large, max-video-preview:-1\" \/>\n<link rel=\"canonical\" href=\"https:\/\/www.perfectvanwamel.com\/de\/produkt\/holzschnitthaecksler-variochop\/\" \/>\n<meta property=\"og:locale\" content=\"de_DE\" \/>\n<meta property=\"og:type\" content=\"article\" \/>\n<meta property=\"og:title\" content=\"VARIOCHOP, H\u00e4cksler f\u00fcr den Front- und Heckanbau - PERFECT - Van Wamel\" \/>\n<meta property=\"og:description\" content=\"H\u00e4cksler f\u00fcr den Front- und Heckanbau. Durch den gegenseitigen Austausch der Keilriemenscheiben l\u00e4sst sich die Drehzahl \u00e4ndern.\" \/>\n<meta property=\"og:url\" content=\"https:\/\/www.perfectvanwamel.com\/de\/produkt\/holzschnitthaecksler-variochop\/\" \/>\n<meta property=\"og:site_name\" content=\"PERFECT - Van Wamel\" \/>\n<meta property=\"article:modified_time\" content=\"2020-11-02T14:31:33+00:00\" \/>\n<meta property=\"og:image\" content=\"https:\/\/staging.perfectvanwamel.com\/wp-content\/uploads\/2020\/04\/Variochop-vrijstaand-scaled.jpg\" \/>\n\t<meta property=\"og:image:width\" content=\"2560\" \/>\n\t<meta property=\"og:image:height\" content=\"1707\" \/>\n\t<meta property=\"og:image:type\" content=\"image\/jpeg\" \/>\n<meta name=\"twitter:card\" content=\"summary_large_image\" \/>\n<meta name=\"twitter:label1\" content=\"Gesch\u00e4tzte Lesezeit\" \/>\n\t<meta name=\"twitter:data1\" content=\"1\u00a0Minute\" \/>\n<script type=\"application\/ld+json\" class=\"yoast-schema-graph\">{\"@context\":\"https:\\\/\\\/schema.org\",\"@graph\":[{\"@type\":\"WebPage\",\"@id\":\"https:\\\/\\\/www.perfectvanwamel.com\\\/de\\\/produkt\\\/holzschnitthaecksler-variochop\\\/\",\"url\":\"https:\\\/\\\/www.perfectvanwamel.com\\\/de\\\/produkt\\\/holzschnitthaecksler-variochop\\\/\",\"name\":\"VARIOCHOP, H\u00e4cksler f\u00fcr den Front- und Heckanbau - PERFECT - Van Wamel\",\"isPartOf\":{\"@id\":\"https:\\\/\\\/www.perfectvanwamel.com\\\/de\\\/#website\"},\"primaryImageOfPage\":{\"@id\":\"https:\\\/\\\/www.perfectvanwamel.com\\\/de\\\/produkt\\\/holzschnitthaecksler-variochop\\\/#primaryimage\"},\"image\":{\"@id\":\"https:\\\/\\\/www.perfectvanwamel.com\\\/de\\\/produkt\\\/holzschnitthaecksler-variochop\\\/#primaryimage\"},\"thumbnailUrl\":\"https:\\\/\\\/www.perfectvanwamel.com\\\/wp-content\\\/uploads\\\/2020\\\/04\\\/Variochop-vrijstaand-scaled.jpg\",\"datePublished\":\"2020-04-28T07:06:04+00:00\",\"dateModified\":\"2020-11-02T14:31:33+00:00\",\"breadcrumb\":{\"@id\":\"https:\\\/\\\/www.perfectvanwamel.com\\\/de\\\/produkt\\\/holzschnitthaecksler-variochop\\\/#breadcrumb\"},\"inLanguage\":\"de\",\"potentialAction\":[{\"@type\":\"ReadAction\",\"target\":[\"https:\\\/\\\/www.perfectvanwamel.com\\\/de\\\/produkt\\\/holzschnitthaecksler-variochop\\\/\"]}]},{\"@type\":\"ImageObject\",\"inLanguage\":\"de\",\"@id\":\"https:\\\/\\\/www.perfectvanwamel.com\\\/de\\\/produkt\\\/holzschnitthaecksler-variochop\\\/#primaryimage\",\"url\":\"https:\\\/\\\/www.perfectvanwamel.com\\\/wp-content\\\/uploads\\\/2020\\\/04\\\/Variochop-vrijstaand-scaled.jpg\",\"contentUrl\":\"https:\\\/\\\/www.perfectvanwamel.com\\\/wp-content\\\/uploads\\\/2020\\\/04\\\/Variochop-vrijstaand-scaled.jpg\",\"width\":2560,\"height\":1707},{\"@type\":\"BreadcrumbList\",\"@id\":\"https:\\\/\\\/www.perfectvanwamel.com\\\/de\\\/produkt\\\/holzschnitthaecksler-variochop\\\/#breadcrumb\",\"itemListElement\":[{\"@type\":\"ListItem\",\"position\":1,\"name\":\"Home\",\"item\":\"https:\\\/\\\/staging.perfectvanwamel.com\\\/de\\\/\"},{\"@type\":\"ListItem\",\"position\":2,\"name\":\"Technologie\",\"item\":\"https:\\\/\\\/staging.perfectvanwamel.com\\\/de\\\/technologie\\\/\"},{\"@type\":\"ListItem\",\"position\":3,\"name\":\"VARIOCHOP, H\u00e4cksler f\u00fcr den Front- und Heckanbau\"}]},{\"@type\":\"WebSite\",\"@id\":\"https:\\\/\\\/www.perfectvanwamel.com\\\/de\\\/#website\",\"url\":\"https:\\\/\\\/www.perfectvanwamel.com\\\/de\\\/\",\"name\":\"PERFECT - Van Wamel\",\"description\":\"\",\"potentialAction\":[{\"@type\":\"SearchAction\",\"target\":{\"@type\":\"EntryPoint\",\"urlTemplate\":\"https:\\\/\\\/www.perfectvanwamel.com\\\/de\\\/?s={search_term_string}\"},\"query-input\":{\"@type\":\"PropertyValueSpecification\",\"valueRequired\":true,\"valueName\":\"search_term_string\"}}],\"inLanguage\":\"de\"}]}<\/script>\n<!-- \/ Yoast SEO plugin. -->","yoast_head_json":{"title":"VARIOCHOP, H\u00e4cksler f\u00fcr den Front- und Heckanbau - PERFECT - Van Wamel","robots":{"index":"index","follow":"follow","max-snippet":"max-snippet:-1","max-image-preview":"max-image-preview:large","max-video-preview":"max-video-preview:-1"},"canonical":"https:\/\/www.perfectvanwamel.com\/de\/produkt\/holzschnitthaecksler-variochop\/","og_locale":"de_DE","og_type":"article","og_title":"VARIOCHOP, H\u00e4cksler f\u00fcr den Front- und Heckanbau - PERFECT - Van Wamel","og_description":"H\u00e4cksler f\u00fcr den Front- und Heckanbau. Durch den gegenseitigen Austausch der Keilriemenscheiben l\u00e4sst sich die Drehzahl \u00e4ndern.","og_url":"https:\/\/www.perfectvanwamel.com\/de\/produkt\/holzschnitthaecksler-variochop\/","og_site_name":"PERFECT - Van Wamel","article_modified_time":"2020-11-02T14:31:33+00:00","og_image":[{"width":2560,"height":1707,"url":"https:\/\/staging.perfectvanwamel.com\/wp-content\/uploads\/2020\/04\/Variochop-vrijstaand-scaled.jpg","type":"image\/jpeg"}],"twitter_card":"summary_large_image","twitter_misc":{"Gesch\u00e4tzte Lesezeit":"1\u00a0Minute"},"schema":{"@context":"https:\/\/schema.org","@graph":[{"@type":"WebPage","@id":"https:\/\/www.perfectvanwamel.com\/de\/produkt\/holzschnitthaecksler-variochop\/","url":"https:\/\/www.perfectvanwamel.com\/de\/produkt\/holzschnitthaecksler-variochop\/","name":"VARIOCHOP, H\u00e4cksler f\u00fcr den Front- und Heckanbau - PERFECT - Van Wamel","isPartOf":{"@id":"https:\/\/www.perfectvanwamel.com\/de\/#website"},"primaryImageOfPage":{"@id":"https:\/\/www.perfectvanwamel.com\/de\/produkt\/holzschnitthaecksler-variochop\/#primaryimage"},"image":{"@id":"https:\/\/www.perfectvanwamel.com\/de\/produkt\/holzschnitthaecksler-variochop\/#primaryimage"},"thumbnailUrl":"https:\/\/www.perfectvanwamel.com\/wp-content\/uploads\/2020\/04\/Variochop-vrijstaand-scaled.jpg","datePublished":"2020-04-28T07:06:04+00:00","dateModified":"2020-11-02T14:31:33+00:00","breadcrumb":{"@id":"https:\/\/www.perfectvanwamel.com\/de\/produkt\/holzschnitthaecksler-variochop\/#breadcrumb"},"inLanguage":"de","potentialAction":[{"@type":"ReadAction","target":["https:\/\/www.perfectvanwamel.com\/de\/produkt\/holzschnitthaecksler-variochop\/"]}]},{"@type":"ImageObject","inLanguage":"de","@id":"https:\/\/www.perfectvanwamel.com\/de\/produkt\/holzschnitthaecksler-variochop\/#primaryimage","url":"https:\/\/www.perfectvanwamel.com\/wp-content\/uploads\/2020\/04\/Variochop-vrijstaand-scaled.jpg","contentUrl":"https:\/\/www.perfectvanwamel.com\/wp-content\/uploads\/2020\/04\/Variochop-vrijstaand-scaled.jpg","width":2560,"height":1707},{"@type":"BreadcrumbList","@id":"https:\/\/www.perfectvanwamel.com\/de\/produkt\/holzschnitthaecksler-variochop\/#breadcrumb","itemListElement":[{"@type":"ListItem","position":1,"name":"Home","item":"https:\/\/staging.perfectvanwamel.com\/de\/"},{"@type":"ListItem","position":2,"name":"Technologie","item":"https:\/\/staging.perfectvanwamel.com\/de\/technologie\/"},{"@type":"ListItem","position":3,"name":"VARIOCHOP, H\u00e4cksler f\u00fcr den Front- und Heckanbau"}]},{"@type":"WebSite","@id":"https:\/\/www.perfectvanwamel.com\/de\/#website","url":"https:\/\/www.perfectvanwamel.com\/de\/","name":"PERFECT - Van Wamel","description":"","potentialAction":[{"@type":"SearchAction","target":{"@type":"EntryPoint","urlTemplate":"https:\/\/www.perfectvanwamel.com\/de\/?s={search_term_string}"},"query-input":{"@type":"PropertyValueSpecification","valueRequired":true,"valueName":"search_term_string"}}],"inLanguage":"de"}]}},"_links":{"self":[{"href":"https:\/\/www.perfectvanwamel.com\/de\/wp-json\/wp\/v2\/product\/5566","targetHints":{"allow":["GET"]}}],"collection":[{"href":"https:\/\/www.perfectvanwamel.com\/de\/wp-json\/wp\/v2\/product"}],"about":[{"href":"https:\/\/www.perfectvanwamel.com\/de\/wp-json\/wp\/v2\/types\/product"}],"wp:featuredmedia":[{"embeddable":true,"href":"https:\/\/www.perfectvanwamel.com\/de\/wp-json\/wp\/v2\/media\/7768"}],"wp:attachment":[{"href":"https:\/\/www.perfectvanwamel.com\/de\/wp-json\/wp\/v2\/media?parent=5566"}],"wp:term":[{"taxonomy":"product_brand","embeddable":true,"href":"https:\/\/www.perfectvanwamel.com\/de\/wp-json\/wp\/v2\/product_brand?post=5566"},{"taxonomy":"product_cat","embeddable":true,"href":"https:\/\/www.perfectvanwamel.com\/de\/wp-json\/wp\/v2\/product_cat?post=5566"},{"taxonomy":"product_tag","embeddable":true,"href":"https:\/\/www.perfectvanwamel.com\/de\/wp-json\/wp\/v2\/product_tag?post=5566"}],"curies":[{"name":"wp","href":"https:\/\/api.w.org\/{rel}","templated":true}]}}