{"id":5567,"date":"2020-04-28T09:04:24","date_gmt":"2020-04-28T07:04:24","guid":{"rendered":"https:\/\/www.perfectvanwamel.com\/product\/holzschnitthacksler-kg-kk\/"},"modified":"2023-03-14T14:34:39","modified_gmt":"2023-03-14T13:34:39","slug":"holzschnitthacksler-kg-kk","status":"publish","type":"product","link":"https:\/\/www.perfectvanwamel.com\/de\/produkt\/holzschnitthacksler-kg-kk\/","title":{"rendered":"KG \u2013 KK, verst\u00e4rkte Holzschnitth\u00e4cksler f\u00fcr Obstbau und Weinbau"},"content":{"rendered":"<p>Diese PERFECT H\u00e4cksler werden serienm\u00e4\u00dfig mit 2,2\u00a0kg schweren Schlegeln geliefert, die in Kombination mit der hohen Drehzahl der Schlegelwelle f\u00fcr sehr gro\u00dfe Schlagkraft sorgen und daher auch gr\u00f6\u00dfere Mengen an dickem Holzschnitt wirkungsvoll schreddern.<\/p>\n<p>Mit dem serienm\u00e4\u00dfig vorhandenen Ausleger ist es m\u00f6glich, auch weit au\u00dferhalb der Traktorspur, also nahe an den Obstb\u00e4umen zu arbeiten. Zur Beseitigung von Holzschnitt und Laub aus dem Umkreis von Baumst\u00e4mmen kann ein SPA-Reihenkehrer auf den H\u00e4cksler montiert werden.<\/p>\n<p>Noch gr\u00f6\u00dfere Schlagkraft, sehr fein geh\u00e4ckselter Holzschnitt und eine ausgezeichnete Schnittqualit\u00e4t bei Gras sind m\u00f6glich, wenn diese H\u00e4cksler mit 2,7\u00a0kg schweren Kombischlegeln ausgestattet werden. Da diese \u00fcber austauschbare Messer verf\u00fcgen, ergibt sich zugleich eine M\u00f6glichkeit zu erheblichen Kosteneinsparungen.<\/p>\n","protected":false},"excerpt":{"rendered":"<p>KG \u2013 Verst\u00e4rkter H\u00e4cksler<br \/>\nKK \u2013 Verst\u00e4rkter H\u00e4cksler mit verstellbarer Auswurfklappe und der M\u00f6glichkeit zur Nutzung von Rechenzinken. Optional auch mit Seitenauswurf erh\u00e4ltlich.<\/p>\n<p>\u00c4u\u00dferst schwere H\u00e4cksler f\u00fcr gr\u00f6\u00dfere Holzschnittmengen bis gut 10\u00a0cm dicke. Sehr schwerer Antrieb sowie Schlegelwelle mit gro\u00dfem Durchmesser und hoher Wandst\u00e4rke. Geeignet f\u00fcr Zugmaschinen bis 140\u00a0PS.<\/p>\n","protected":false},"featured_media":5253,"template":"","meta":{"_acf_changed":false},"product_brand":[],"product_cat":[1100],"product_tag":[],"class_list":{"0":"post-5567","1":"product","2":"type-product","3":"status-publish","4":"has-post-thumbnail","6":"product_cat-holzschnitthacksler","7":"pa_aftakas-opm-540-de","8":"pa_denkende-schijf-nein","9":"pa_hefinrichting-tractor-cat-i-ii-de","10":"pa_max-verstrek-midden-cm-112-de","11":"pa_max-verstrek-midden-cm-142-de","12":"pa_max-verstrek-midden-cm-181-de","13":"pa_max-verstrek-midden-cm-182-de","14":"pa_min-benodigd-vermogen-kw-pk-24-33-de","15":"pa_min-benodigd-vermogen-kw-pk-26-35-de","16":"pa_min-benodigd-vermogen-kw-pk-30-40-de","17":"pa_min-benodigd-vermogen-kw-pk-30-42-de","18":"pa_min-benodigd-vermogen-kw-pk-33-45-de","19":"pa_min-benodigd-vermogen-kw-pk-44-60-de","20":"pa_min-benodigd-vermogen-kw-pk-58-80-de","21":"pa_transportbreedte-cm-171-de","22":"pa_transportbreedte-cm-206-de","23":"pa_transportbreedte-cm-246-de","24":"pa_transportbreedte-cm-275-de","25":"pa_werkbreedte-cm-150-de","26":"pa_werkbreedte-cm-180-de","27":"pa_werkbreedte-cm-220-de","28":"pa_werkbreedte-cm-245-de","30":"first","31":"instock","32":"shipping-taxable","33":"product-type-simple"},"acf":[],"yoast_head":"<!-- This site is optimized with the Yoast SEO plugin v27.4 - https:\/\/yoast.com\/product\/yoast-seo-wordpress\/ -->\n<title>KG \u2013 KK, verst\u00e4rkte Holzschnitth\u00e4cksler f\u00fcr Obstbau und Weinbau - PERFECT - Van Wamel<\/title>\n<meta name=\"robots\" content=\"index, follow, max-snippet:-1, max-image-preview:large, max-video-preview:-1\" \/>\n<link rel=\"canonical\" href=\"https:\/\/www.perfectvanwamel.com\/de\/produkt\/holzschnitthacksler-kg-kk\/\" \/>\n<meta property=\"og:locale\" content=\"de_DE\" \/>\n<meta property=\"og:type\" content=\"article\" \/>\n<meta property=\"og:title\" content=\"KG \u2013 KK, verst\u00e4rkte Holzschnitth\u00e4cksler f\u00fcr Obstbau und Weinbau - PERFECT - Van Wamel\" \/>\n<meta property=\"og:description\" content=\"KG \u2013 Verst\u00e4rkter H\u00e4cksler KK \u2013 Verst\u00e4rkter H\u00e4cksler mit verstellbarer Auswurfklappe und der M\u00f6glichkeit zur Nutzung von Rechenzinken. Optional auch mit Seitenauswurf erh\u00e4ltlich.  \u00c4u\u00dferst schwere H\u00e4cksler f\u00fcr gr\u00f6\u00dfere Holzschnittmengen bis gut 10\u00a0cm dicke. Sehr schwerer Antrieb sowie Schlegelwelle mit gro\u00dfem Durchmesser und hoher Wandst\u00e4rke. Geeignet f\u00fcr Zugmaschinen bis 140\u00a0PS.\" \/>\n<meta property=\"og:url\" content=\"https:\/\/www.perfectvanwamel.com\/de\/produkt\/holzschnitthacksler-kg-kk\/\" \/>\n<meta property=\"og:site_name\" content=\"PERFECT - Van Wamel\" \/>\n<meta property=\"article:modified_time\" content=\"2023-03-14T13:34:39+00:00\" \/>\n<meta property=\"og:image\" content=\"https:\/\/staging.perfectvanwamel.com\/wp-content\/uploads\/2020\/04\/KK-vrijstaand.png\" \/>\n\t<meta property=\"og:image:width\" content=\"1443\" \/>\n\t<meta property=\"og:image:height\" content=\"987\" \/>\n\t<meta property=\"og:image:type\" content=\"image\/png\" \/>\n<meta name=\"twitter:card\" content=\"summary_large_image\" \/>\n<meta name=\"twitter:label1\" content=\"Gesch\u00e4tzte Lesezeit\" \/>\n\t<meta name=\"twitter:data1\" content=\"1\u00a0Minute\" \/>\n<script type=\"application\/ld+json\" class=\"yoast-schema-graph\">{\"@context\":\"https:\\\/\\\/schema.org\",\"@graph\":[{\"@type\":\"WebPage\",\"@id\":\"https:\\\/\\\/www.perfectvanwamel.com\\\/de\\\/produkt\\\/holzschnitthacksler-kg-kk\\\/\",\"url\":\"https:\\\/\\\/www.perfectvanwamel.com\\\/de\\\/produkt\\\/holzschnitthacksler-kg-kk\\\/\",\"name\":\"KG \u2013 KK, verst\u00e4rkte Holzschnitth\u00e4cksler f\u00fcr Obstbau und Weinbau - PERFECT - Van Wamel\",\"isPartOf\":{\"@id\":\"https:\\\/\\\/www.perfectvanwamel.com\\\/de\\\/#website\"},\"primaryImageOfPage\":{\"@id\":\"https:\\\/\\\/www.perfectvanwamel.com\\\/de\\\/produkt\\\/holzschnitthacksler-kg-kk\\\/#primaryimage\"},\"image\":{\"@id\":\"https:\\\/\\\/www.perfectvanwamel.com\\\/de\\\/produkt\\\/holzschnitthacksler-kg-kk\\\/#primaryimage\"},\"thumbnailUrl\":\"https:\\\/\\\/www.perfectvanwamel.com\\\/wp-content\\\/uploads\\\/2020\\\/04\\\/KK-vrijstaand.png\",\"datePublished\":\"2020-04-28T07:04:24+00:00\",\"dateModified\":\"2023-03-14T13:34:39+00:00\",\"breadcrumb\":{\"@id\":\"https:\\\/\\\/www.perfectvanwamel.com\\\/de\\\/produkt\\\/holzschnitthacksler-kg-kk\\\/#breadcrumb\"},\"inLanguage\":\"de\",\"potentialAction\":[{\"@type\":\"ReadAction\",\"target\":[\"https:\\\/\\\/www.perfectvanwamel.com\\\/de\\\/produkt\\\/holzschnitthacksler-kg-kk\\\/\"]}]},{\"@type\":\"ImageObject\",\"inLanguage\":\"de\",\"@id\":\"https:\\\/\\\/www.perfectvanwamel.com\\\/de\\\/produkt\\\/holzschnitthacksler-kg-kk\\\/#primaryimage\",\"url\":\"https:\\\/\\\/www.perfectvanwamel.com\\\/wp-content\\\/uploads\\\/2020\\\/04\\\/KK-vrijstaand.png\",\"contentUrl\":\"https:\\\/\\\/www.perfectvanwamel.com\\\/wp-content\\\/uploads\\\/2020\\\/04\\\/KK-vrijstaand.png\",\"width\":1443,\"height\":987},{\"@type\":\"BreadcrumbList\",\"@id\":\"https:\\\/\\\/www.perfectvanwamel.com\\\/de\\\/produkt\\\/holzschnitthacksler-kg-kk\\\/#breadcrumb\",\"itemListElement\":[{\"@type\":\"ListItem\",\"position\":1,\"name\":\"Home\",\"item\":\"https:\\\/\\\/staging.perfectvanwamel.com\\\/de\\\/\"},{\"@type\":\"ListItem\",\"position\":2,\"name\":\"Technologie\",\"item\":\"https:\\\/\\\/staging.perfectvanwamel.com\\\/de\\\/technologie\\\/\"},{\"@type\":\"ListItem\",\"position\":3,\"name\":\"KG \u2013 KK, verst\u00e4rkte Holzschnitth\u00e4cksler f\u00fcr Obstbau und Weinbau\"}]},{\"@type\":\"WebSite\",\"@id\":\"https:\\\/\\\/www.perfectvanwamel.com\\\/de\\\/#website\",\"url\":\"https:\\\/\\\/www.perfectvanwamel.com\\\/de\\\/\",\"name\":\"PERFECT - Van Wamel\",\"description\":\"\",\"potentialAction\":[{\"@type\":\"SearchAction\",\"target\":{\"@type\":\"EntryPoint\",\"urlTemplate\":\"https:\\\/\\\/www.perfectvanwamel.com\\\/de\\\/?s={search_term_string}\"},\"query-input\":{\"@type\":\"PropertyValueSpecification\",\"valueRequired\":true,\"valueName\":\"search_term_string\"}}],\"inLanguage\":\"de\"}]}<\/script>\n<!-- \/ Yoast SEO plugin. -->","yoast_head_json":{"title":"KG \u2013 KK, verst\u00e4rkte Holzschnitth\u00e4cksler f\u00fcr Obstbau und Weinbau - PERFECT - Van Wamel","robots":{"index":"index","follow":"follow","max-snippet":"max-snippet:-1","max-image-preview":"max-image-preview:large","max-video-preview":"max-video-preview:-1"},"canonical":"https:\/\/www.perfectvanwamel.com\/de\/produkt\/holzschnitthacksler-kg-kk\/","og_locale":"de_DE","og_type":"article","og_title":"KG \u2013 KK, verst\u00e4rkte Holzschnitth\u00e4cksler f\u00fcr Obstbau und Weinbau - PERFECT - Van Wamel","og_description":"KG \u2013 Verst\u00e4rkter H\u00e4cksler KK \u2013 Verst\u00e4rkter H\u00e4cksler mit verstellbarer Auswurfklappe und der M\u00f6glichkeit zur Nutzung von Rechenzinken. Optional auch mit Seitenauswurf erh\u00e4ltlich.  \u00c4u\u00dferst schwere H\u00e4cksler f\u00fcr gr\u00f6\u00dfere Holzschnittmengen bis gut 10\u00a0cm dicke. Sehr schwerer Antrieb sowie Schlegelwelle mit gro\u00dfem Durchmesser und hoher Wandst\u00e4rke. Geeignet f\u00fcr Zugmaschinen bis 140\u00a0PS.","og_url":"https:\/\/www.perfectvanwamel.com\/de\/produkt\/holzschnitthacksler-kg-kk\/","og_site_name":"PERFECT - Van Wamel","article_modified_time":"2023-03-14T13:34:39+00:00","og_image":[{"width":1443,"height":987,"url":"https:\/\/staging.perfectvanwamel.com\/wp-content\/uploads\/2020\/04\/KK-vrijstaand.png","type":"image\/png"}],"twitter_card":"summary_large_image","twitter_misc":{"Gesch\u00e4tzte Lesezeit":"1\u00a0Minute"},"schema":{"@context":"https:\/\/schema.org","@graph":[{"@type":"WebPage","@id":"https:\/\/www.perfectvanwamel.com\/de\/produkt\/holzschnitthacksler-kg-kk\/","url":"https:\/\/www.perfectvanwamel.com\/de\/produkt\/holzschnitthacksler-kg-kk\/","name":"KG \u2013 KK, verst\u00e4rkte Holzschnitth\u00e4cksler f\u00fcr Obstbau und Weinbau - PERFECT - Van Wamel","isPartOf":{"@id":"https:\/\/www.perfectvanwamel.com\/de\/#website"},"primaryImageOfPage":{"@id":"https:\/\/www.perfectvanwamel.com\/de\/produkt\/holzschnitthacksler-kg-kk\/#primaryimage"},"image":{"@id":"https:\/\/www.perfectvanwamel.com\/de\/produkt\/holzschnitthacksler-kg-kk\/#primaryimage"},"thumbnailUrl":"https:\/\/www.perfectvanwamel.com\/wp-content\/uploads\/2020\/04\/KK-vrijstaand.png","datePublished":"2020-04-28T07:04:24+00:00","dateModified":"2023-03-14T13:34:39+00:00","breadcrumb":{"@id":"https:\/\/www.perfectvanwamel.com\/de\/produkt\/holzschnitthacksler-kg-kk\/#breadcrumb"},"inLanguage":"de","potentialAction":[{"@type":"ReadAction","target":["https:\/\/www.perfectvanwamel.com\/de\/produkt\/holzschnitthacksler-kg-kk\/"]}]},{"@type":"ImageObject","inLanguage":"de","@id":"https:\/\/www.perfectvanwamel.com\/de\/produkt\/holzschnitthacksler-kg-kk\/#primaryimage","url":"https:\/\/www.perfectvanwamel.com\/wp-content\/uploads\/2020\/04\/KK-vrijstaand.png","contentUrl":"https:\/\/www.perfectvanwamel.com\/wp-content\/uploads\/2020\/04\/KK-vrijstaand.png","width":1443,"height":987},{"@type":"BreadcrumbList","@id":"https:\/\/www.perfectvanwamel.com\/de\/produkt\/holzschnitthacksler-kg-kk\/#breadcrumb","itemListElement":[{"@type":"ListItem","position":1,"name":"Home","item":"https:\/\/staging.perfectvanwamel.com\/de\/"},{"@type":"ListItem","position":2,"name":"Technologie","item":"https:\/\/staging.perfectvanwamel.com\/de\/technologie\/"},{"@type":"ListItem","position":3,"name":"KG \u2013 KK, verst\u00e4rkte Holzschnitth\u00e4cksler f\u00fcr Obstbau und Weinbau"}]},{"@type":"WebSite","@id":"https:\/\/www.perfectvanwamel.com\/de\/#website","url":"https:\/\/www.perfectvanwamel.com\/de\/","name":"PERFECT - Van Wamel","description":"","potentialAction":[{"@type":"SearchAction","target":{"@type":"EntryPoint","urlTemplate":"https:\/\/www.perfectvanwamel.com\/de\/?s={search_term_string}"},"query-input":{"@type":"PropertyValueSpecification","valueRequired":true,"valueName":"search_term_string"}}],"inLanguage":"de"}]}},"_links":{"self":[{"href":"https:\/\/www.perfectvanwamel.com\/de\/wp-json\/wp\/v2\/product\/5567","targetHints":{"allow":["GET"]}}],"collection":[{"href":"https:\/\/www.perfectvanwamel.com\/de\/wp-json\/wp\/v2\/product"}],"about":[{"href":"https:\/\/www.perfectvanwamel.com\/de\/wp-json\/wp\/v2\/types\/product"}],"wp:featuredmedia":[{"embeddable":true,"href":"https:\/\/www.perfectvanwamel.com\/de\/wp-json\/wp\/v2\/media\/5253"}],"wp:attachment":[{"href":"https:\/\/www.perfectvanwamel.com\/de\/wp-json\/wp\/v2\/media?parent=5567"}],"wp:term":[{"taxonomy":"product_brand","embeddable":true,"href":"https:\/\/www.perfectvanwamel.com\/de\/wp-json\/wp\/v2\/product_brand?post=5567"},{"taxonomy":"product_cat","embeddable":true,"href":"https:\/\/www.perfectvanwamel.com\/de\/wp-json\/wp\/v2\/product_cat?post=5567"},{"taxonomy":"product_tag","embeddable":true,"href":"https:\/\/www.perfectvanwamel.com\/de\/wp-json\/wp\/v2\/product_tag?post=5567"}],"curies":[{"name":"wp","href":"https:\/\/api.w.org\/{rel}","templated":true}]}}