{"id":5568,"date":"2020-04-28T09:00:43","date_gmt":"2020-04-28T07:00:43","guid":{"rendered":"https:\/\/www.perfectvanwamel.com\/product\/holzschnitthaecksler-bg2-bk2\/"},"modified":"2020-10-01T10:29:27","modified_gmt":"2020-10-01T08:29:27","slug":"holzschnitthaecksler-bg2-bk2","status":"publish","type":"product","link":"https:\/\/www.perfectvanwamel.com\/de\/produkt\/holzschnitthaecksler-bg2-bk2\/","title":{"rendered":"BG2 \u2013 BK2, sehr niedrig ausgef\u00fchrten Holzschnitth\u00e4cksler f\u00fcr f\u00fcr Obstbau und Weinbau"},"content":{"rendered":"<p>Diese PERFECT H\u00e4cksler werden serienm\u00e4\u00dfig mit 2,2\u00a0kg schweren Schlegeln geliefert, die in Kombination mit der hohen Drehzahl der Schlegelwelle f\u00fcr sehr gro\u00dfe Schlagkraft sorgen und daher auch dickeren Holzschnitt wirkungsvoll schreddern.<\/p>\n<p>Dank der sehr niedrig ausgef\u00fchrten Keilriemenabdeckung k\u00f6nnen der BG2 und BK2 auch unter niedrig h\u00e4ngenden Zweigen m\u00e4hen. Mit dem serienm\u00e4\u00dfig vorhandenen Ausleger ist es m\u00f6glich, auch weit au\u00dferhalb der Traktorspur, also nahe an den Obstb\u00e4umen zu arbeiten.<\/p>\n<p>Noch gr\u00f6\u00dfere Schlagkraft, sehr fein geh\u00e4ckselter Holzschnitt und eine ausgezeichnete Schnittqualit\u00e4t bei Gras sind m\u00f6glich, wenn diese H\u00e4cksler mit 2,7\u00a0kg schweren Kombischlegeln ausgestattet werden. Da diese \u00fcber austauschbare Messer verf\u00fcgen, ergibt sich zugleich eine M\u00f6glichkeit zu erheblichen Kosteneinsparungen.<\/p>\n","protected":false},"excerpt":{"rendered":"<p>BG2 \u2013 \u00e4u\u00dferst robuster Holzschnitth\u00e4cksler<br \/>\nBK2 \u2013 \u00e4u\u00dferst robuster Holzschnitth\u00e4cksler mit Rechenzinken<\/p>\n<p>Sehr schwere H\u00e4cksler f\u00fcr Holzschnitt bis 8\u00a0cm dicke. Dank des schweren Antriebs mit automatischer Keilriemenspannung werden auch gr\u00f6\u00dfere Mengen Holzschnitt m\u00fchelos verarbeitet und ausgeworfen.<\/p>\n","protected":false},"featured_media":4115,"template":"","meta":{"_acf_changed":false},"product_brand":[],"product_cat":[1100],"product_tag":[],"class_list":{"0":"post-5568","1":"product","2":"type-product","3":"status-publish","4":"has-post-thumbnail","6":"product_cat-holzschnitthacksler","7":"pa_aftakas-opm-540-de","8":"pa_denkende-schijf-nein","9":"pa_gewicht-kg-385-de","10":"pa_gewicht-kg-480-de","11":"pa_gewicht-kg-500-de","12":"pa_gewicht-kg-510-de","13":"pa_gewicht-kg-525-de","14":"pa_gewicht-kg-535-de","15":"pa_gewicht-kg-550-de","16":"pa_gewicht-kg-555-de","17":"pa_gewicht-kg-590-de","18":"pa_gewicht-kg-640-de","19":"pa_gewicht-kg-665-de","20":"pa_gewicht-kg-725-de","21":"pa_gewicht-kg-800-de","22":"pa_hefinrichting-tractor-cat-i-ii-de","23":"pa_max-verstrek-midden-cm-110-de","24":"pa_max-verstrek-midden-cm-140-de","25":"pa_max-verstrek-midden-cm-170-de","26":"pa_max-verstrek-midden-cm-56-de","27":"pa_max-verstrek-midden-cm-62-de","28":"pa_max-verstrek-midden-cm-80-de","29":"pa_max-verstrek-midden-cm-95-de","30":"pa_min-benodigd-vermogen-kw-pk-18-25-de","31":"pa_min-benodigd-vermogen-kw-pk-22-27-de","32":"pa_min-benodigd-vermogen-kw-pk-22-30-de","33":"pa_min-benodigd-vermogen-kw-pk-26-35-de","34":"pa_min-benodigd-vermogen-kw-pk-28-38-de","35":"pa_min-benodigd-vermogen-kw-pk-29-40-de","36":"pa_min-benodigd-vermogen-kw-pk-33-45-de","37":"pa_min-benodigd-vermogen-kw-pk-38-52-de","38":"pa_transportbreedte-cm-110-de","39":"pa_transportbreedte-cm-128-de","40":"pa_transportbreedte-cm-143-de","41":"pa_transportbreedte-cm-158-de","42":"pa_transportbreedte-cm-173-de","43":"pa_transportbreedte-cm-203-de","44":"pa_transportbreedte-cm-233-de","45":"pa_werkbreedte-cm-105-de","46":"pa_werkbreedte-cm-120-de","47":"pa_werkbreedte-cm-135-de","48":"pa_werkbreedte-cm-150-de","49":"pa_werkbreedte-cm-180-de","50":"pa_werkbreedte-cm-210-de","51":"pa_werkbreedte-cm-90-de","53":"first","54":"instock","55":"shipping-taxable","56":"product-type-simple"},"acf":[],"yoast_head":"<!-- This site is optimized with the Yoast SEO plugin v27.4 - https:\/\/yoast.com\/product\/yoast-seo-wordpress\/ -->\n<title>BG2 \u2013 BK2, sehr niedrig ausgef\u00fchrten Holzschnitth\u00e4cksler f\u00fcr f\u00fcr Obstbau und Weinbau - PERFECT - Van Wamel<\/title>\n<meta name=\"robots\" content=\"index, follow, max-snippet:-1, max-image-preview:large, max-video-preview:-1\" \/>\n<link rel=\"canonical\" href=\"https:\/\/www.perfectvanwamel.com\/de\/produkt\/holzschnitthaecksler-bg2-bk2\/\" \/>\n<meta property=\"og:locale\" content=\"de_DE\" \/>\n<meta property=\"og:type\" content=\"article\" \/>\n<meta property=\"og:title\" content=\"BG2 \u2013 BK2, sehr niedrig ausgef\u00fchrten Holzschnitth\u00e4cksler f\u00fcr f\u00fcr Obstbau und Weinbau - PERFECT - Van Wamel\" \/>\n<meta property=\"og:description\" content=\"BG2 \u2013 \u00e4u\u00dferst robuster Holzschnitth\u00e4cksler BK2 \u2013 \u00e4u\u00dferst robuster Holzschnitth\u00e4cksler mit Rechenzinken  Sehr schwere H\u00e4cksler f\u00fcr Holzschnitt bis 8\u00a0cm dicke. Dank des schweren Antriebs mit automatischer Keilriemenspannung werden auch gr\u00f6\u00dfere Mengen Holzschnitt m\u00fchelos verarbeitet und ausgeworfen.\" \/>\n<meta property=\"og:url\" content=\"https:\/\/www.perfectvanwamel.com\/de\/produkt\/holzschnitthaecksler-bg2-bk2\/\" \/>\n<meta property=\"og:site_name\" content=\"PERFECT - Van Wamel\" \/>\n<meta property=\"article:modified_time\" content=\"2020-10-01T08:29:27+00:00\" \/>\n<meta property=\"og:image\" content=\"https:\/\/staging.perfectvanwamel.com\/wp-content\/uploads\/2020\/04\/PERFECT_flail_chopper_BG2_1_-removebg.png\" \/>\n\t<meta property=\"og:image:width\" content=\"2000\" \/>\n\t<meta property=\"og:image:height\" content=\"1335\" \/>\n\t<meta property=\"og:image:type\" content=\"image\/png\" \/>\n<meta name=\"twitter:card\" content=\"summary_large_image\" \/>\n<meta name=\"twitter:label1\" content=\"Gesch\u00e4tzte Lesezeit\" \/>\n\t<meta name=\"twitter:data1\" content=\"1\u00a0Minute\" \/>\n<script type=\"application\/ld+json\" class=\"yoast-schema-graph\">{\"@context\":\"https:\\\/\\\/schema.org\",\"@graph\":[{\"@type\":\"WebPage\",\"@id\":\"https:\\\/\\\/www.perfectvanwamel.com\\\/de\\\/produkt\\\/holzschnitthaecksler-bg2-bk2\\\/\",\"url\":\"https:\\\/\\\/www.perfectvanwamel.com\\\/de\\\/produkt\\\/holzschnitthaecksler-bg2-bk2\\\/\",\"name\":\"BG2 \u2013 BK2, sehr niedrig ausgef\u00fchrten Holzschnitth\u00e4cksler f\u00fcr f\u00fcr Obstbau und Weinbau - PERFECT - Van Wamel\",\"isPartOf\":{\"@id\":\"https:\\\/\\\/www.perfectvanwamel.com\\\/de\\\/#website\"},\"primaryImageOfPage\":{\"@id\":\"https:\\\/\\\/www.perfectvanwamel.com\\\/de\\\/produkt\\\/holzschnitthaecksler-bg2-bk2\\\/#primaryimage\"},\"image\":{\"@id\":\"https:\\\/\\\/www.perfectvanwamel.com\\\/de\\\/produkt\\\/holzschnitthaecksler-bg2-bk2\\\/#primaryimage\"},\"thumbnailUrl\":\"https:\\\/\\\/www.perfectvanwamel.com\\\/wp-content\\\/uploads\\\/2020\\\/04\\\/PERFECT_flail_chopper_BG2_1_-removebg.png\",\"datePublished\":\"2020-04-28T07:00:43+00:00\",\"dateModified\":\"2020-10-01T08:29:27+00:00\",\"breadcrumb\":{\"@id\":\"https:\\\/\\\/www.perfectvanwamel.com\\\/de\\\/produkt\\\/holzschnitthaecksler-bg2-bk2\\\/#breadcrumb\"},\"inLanguage\":\"de\",\"potentialAction\":[{\"@type\":\"ReadAction\",\"target\":[\"https:\\\/\\\/www.perfectvanwamel.com\\\/de\\\/produkt\\\/holzschnitthaecksler-bg2-bk2\\\/\"]}]},{\"@type\":\"ImageObject\",\"inLanguage\":\"de\",\"@id\":\"https:\\\/\\\/www.perfectvanwamel.com\\\/de\\\/produkt\\\/holzschnitthaecksler-bg2-bk2\\\/#primaryimage\",\"url\":\"https:\\\/\\\/www.perfectvanwamel.com\\\/wp-content\\\/uploads\\\/2020\\\/04\\\/PERFECT_flail_chopper_BG2_1_-removebg.png\",\"contentUrl\":\"https:\\\/\\\/www.perfectvanwamel.com\\\/wp-content\\\/uploads\\\/2020\\\/04\\\/PERFECT_flail_chopper_BG2_1_-removebg.png\",\"width\":2000,\"height\":1335},{\"@type\":\"BreadcrumbList\",\"@id\":\"https:\\\/\\\/www.perfectvanwamel.com\\\/de\\\/produkt\\\/holzschnitthaecksler-bg2-bk2\\\/#breadcrumb\",\"itemListElement\":[{\"@type\":\"ListItem\",\"position\":1,\"name\":\"Home\",\"item\":\"https:\\\/\\\/staging.perfectvanwamel.com\\\/de\\\/\"},{\"@type\":\"ListItem\",\"position\":2,\"name\":\"Technologie\",\"item\":\"https:\\\/\\\/staging.perfectvanwamel.com\\\/de\\\/technologie\\\/\"},{\"@type\":\"ListItem\",\"position\":3,\"name\":\"BG2 \u2013 BK2, sehr niedrig ausgef\u00fchrten Holzschnitth\u00e4cksler f\u00fcr f\u00fcr Obstbau und Weinbau\"}]},{\"@type\":\"WebSite\",\"@id\":\"https:\\\/\\\/www.perfectvanwamel.com\\\/de\\\/#website\",\"url\":\"https:\\\/\\\/www.perfectvanwamel.com\\\/de\\\/\",\"name\":\"PERFECT - Van Wamel\",\"description\":\"\",\"potentialAction\":[{\"@type\":\"SearchAction\",\"target\":{\"@type\":\"EntryPoint\",\"urlTemplate\":\"https:\\\/\\\/www.perfectvanwamel.com\\\/de\\\/?s={search_term_string}\"},\"query-input\":{\"@type\":\"PropertyValueSpecification\",\"valueRequired\":true,\"valueName\":\"search_term_string\"}}],\"inLanguage\":\"de\"}]}<\/script>\n<!-- \/ Yoast SEO plugin. -->","yoast_head_json":{"title":"BG2 \u2013 BK2, sehr niedrig ausgef\u00fchrten Holzschnitth\u00e4cksler f\u00fcr f\u00fcr Obstbau und Weinbau - PERFECT - Van Wamel","robots":{"index":"index","follow":"follow","max-snippet":"max-snippet:-1","max-image-preview":"max-image-preview:large","max-video-preview":"max-video-preview:-1"},"canonical":"https:\/\/www.perfectvanwamel.com\/de\/produkt\/holzschnitthaecksler-bg2-bk2\/","og_locale":"de_DE","og_type":"article","og_title":"BG2 \u2013 BK2, sehr niedrig ausgef\u00fchrten Holzschnitth\u00e4cksler f\u00fcr f\u00fcr Obstbau und Weinbau - PERFECT - Van Wamel","og_description":"BG2 \u2013 \u00e4u\u00dferst robuster Holzschnitth\u00e4cksler BK2 \u2013 \u00e4u\u00dferst robuster Holzschnitth\u00e4cksler mit Rechenzinken  Sehr schwere H\u00e4cksler f\u00fcr Holzschnitt bis 8\u00a0cm dicke. Dank des schweren Antriebs mit automatischer Keilriemenspannung werden auch gr\u00f6\u00dfere Mengen Holzschnitt m\u00fchelos verarbeitet und ausgeworfen.","og_url":"https:\/\/www.perfectvanwamel.com\/de\/produkt\/holzschnitthaecksler-bg2-bk2\/","og_site_name":"PERFECT - Van Wamel","article_modified_time":"2020-10-01T08:29:27+00:00","og_image":[{"width":2000,"height":1335,"url":"https:\/\/staging.perfectvanwamel.com\/wp-content\/uploads\/2020\/04\/PERFECT_flail_chopper_BG2_1_-removebg.png","type":"image\/png"}],"twitter_card":"summary_large_image","twitter_misc":{"Gesch\u00e4tzte Lesezeit":"1\u00a0Minute"},"schema":{"@context":"https:\/\/schema.org","@graph":[{"@type":"WebPage","@id":"https:\/\/www.perfectvanwamel.com\/de\/produkt\/holzschnitthaecksler-bg2-bk2\/","url":"https:\/\/www.perfectvanwamel.com\/de\/produkt\/holzschnitthaecksler-bg2-bk2\/","name":"BG2 \u2013 BK2, sehr niedrig ausgef\u00fchrten Holzschnitth\u00e4cksler f\u00fcr f\u00fcr Obstbau und Weinbau - PERFECT - Van Wamel","isPartOf":{"@id":"https:\/\/www.perfectvanwamel.com\/de\/#website"},"primaryImageOfPage":{"@id":"https:\/\/www.perfectvanwamel.com\/de\/produkt\/holzschnitthaecksler-bg2-bk2\/#primaryimage"},"image":{"@id":"https:\/\/www.perfectvanwamel.com\/de\/produkt\/holzschnitthaecksler-bg2-bk2\/#primaryimage"},"thumbnailUrl":"https:\/\/www.perfectvanwamel.com\/wp-content\/uploads\/2020\/04\/PERFECT_flail_chopper_BG2_1_-removebg.png","datePublished":"2020-04-28T07:00:43+00:00","dateModified":"2020-10-01T08:29:27+00:00","breadcrumb":{"@id":"https:\/\/www.perfectvanwamel.com\/de\/produkt\/holzschnitthaecksler-bg2-bk2\/#breadcrumb"},"inLanguage":"de","potentialAction":[{"@type":"ReadAction","target":["https:\/\/www.perfectvanwamel.com\/de\/produkt\/holzschnitthaecksler-bg2-bk2\/"]}]},{"@type":"ImageObject","inLanguage":"de","@id":"https:\/\/www.perfectvanwamel.com\/de\/produkt\/holzschnitthaecksler-bg2-bk2\/#primaryimage","url":"https:\/\/www.perfectvanwamel.com\/wp-content\/uploads\/2020\/04\/PERFECT_flail_chopper_BG2_1_-removebg.png","contentUrl":"https:\/\/www.perfectvanwamel.com\/wp-content\/uploads\/2020\/04\/PERFECT_flail_chopper_BG2_1_-removebg.png","width":2000,"height":1335},{"@type":"BreadcrumbList","@id":"https:\/\/www.perfectvanwamel.com\/de\/produkt\/holzschnitthaecksler-bg2-bk2\/#breadcrumb","itemListElement":[{"@type":"ListItem","position":1,"name":"Home","item":"https:\/\/staging.perfectvanwamel.com\/de\/"},{"@type":"ListItem","position":2,"name":"Technologie","item":"https:\/\/staging.perfectvanwamel.com\/de\/technologie\/"},{"@type":"ListItem","position":3,"name":"BG2 \u2013 BK2, sehr niedrig ausgef\u00fchrten Holzschnitth\u00e4cksler f\u00fcr f\u00fcr Obstbau und Weinbau"}]},{"@type":"WebSite","@id":"https:\/\/www.perfectvanwamel.com\/de\/#website","url":"https:\/\/www.perfectvanwamel.com\/de\/","name":"PERFECT - Van Wamel","description":"","potentialAction":[{"@type":"SearchAction","target":{"@type":"EntryPoint","urlTemplate":"https:\/\/www.perfectvanwamel.com\/de\/?s={search_term_string}"},"query-input":{"@type":"PropertyValueSpecification","valueRequired":true,"valueName":"search_term_string"}}],"inLanguage":"de"}]}},"_links":{"self":[{"href":"https:\/\/www.perfectvanwamel.com\/de\/wp-json\/wp\/v2\/product\/5568","targetHints":{"allow":["GET"]}}],"collection":[{"href":"https:\/\/www.perfectvanwamel.com\/de\/wp-json\/wp\/v2\/product"}],"about":[{"href":"https:\/\/www.perfectvanwamel.com\/de\/wp-json\/wp\/v2\/types\/product"}],"wp:featuredmedia":[{"embeddable":true,"href":"https:\/\/www.perfectvanwamel.com\/de\/wp-json\/wp\/v2\/media\/4115"}],"wp:attachment":[{"href":"https:\/\/www.perfectvanwamel.com\/de\/wp-json\/wp\/v2\/media?parent=5568"}],"wp:term":[{"taxonomy":"product_brand","embeddable":true,"href":"https:\/\/www.perfectvanwamel.com\/de\/wp-json\/wp\/v2\/product_brand?post=5568"},{"taxonomy":"product_cat","embeddable":true,"href":"https:\/\/www.perfectvanwamel.com\/de\/wp-json\/wp\/v2\/product_cat?post=5568"},{"taxonomy":"product_tag","embeddable":true,"href":"https:\/\/www.perfectvanwamel.com\/de\/wp-json\/wp\/v2\/product_tag?post=5568"}],"curies":[{"name":"wp","href":"https:\/\/api.w.org\/{rel}","templated":true}]}}