{"id":5569,"date":"2020-04-28T08:57:43","date_gmt":"2020-04-28T06:57:43","guid":{"rendered":"https:\/\/www.perfectvanwamel.com\/product\/holzschnitthaecksler-kd\/"},"modified":"2020-10-01T10:28:56","modified_gmt":"2020-10-01T08:28:56","slug":"holzschnitthaecksler-kd","status":"publish","type":"product","link":"https:\/\/www.perfectvanwamel.com\/de\/produkt\/holzschnitthaecksler-kd\/","title":{"rendered":"KD, H\u00e4cksler f\u00fcr Weing\u00e4rten"},"content":{"rendered":"<p>Der KD ist ein robuster H\u00e4cksler f\u00fcr Weing\u00e4rten und andere Pflanzungen, in denen begrenzte Mengen an (feinem) Holzschnitt anfallen. Die 0,9\u00a0kg schweren Schlegel und die Rechenzinken sorgen daf\u00fcr, dass der Holzschnitt sehr fein geschreddert und \u00fcber die Laufrolle ausgeworfen wird.<\/p>\n<p>Der KD ist mit Arbeitsbreiten von 1,50\u00a0m bis 2,40\u00a0m lieferbar und verf\u00fcgt serienm\u00e4\u00dfig \u00fcber einen zweiten Kopplungspunkt (Ausleger), damit auch weiter au\u00dferhalb der Traktorspur gearbeitet werden kann. Eine hydraulischer Ausleger ist optional erh\u00e4ltlich.<\/p>\n","protected":false},"excerpt":{"rendered":"<p>Robuster H\u00e4cksler f\u00fcr Holzschnitt bis 3\u00a0cm, ausgestattet mit 0,9\u00a0kg schweren Schlegeln und Rechenzinken, mit denen sich feiner Holzschnitt aufnehmen und dann schreddern l\u00e4sst.<\/p>\n","protected":false},"featured_media":4103,"template":"","meta":{"_acf_changed":false},"product_brand":[],"product_cat":[1100],"product_tag":[],"class_list":{"0":"post-5569","1":"product","2":"type-product","3":"status-publish","4":"has-post-thumbnail","6":"product_cat-holzschnitthacksler","7":"pa_aftakas-opm-540-de","8":"pa_gewicht-kg-460-de","9":"pa_gewicht-kg-500-de","10":"pa_gewicht-kg-590-de","11":"pa_gewicht-kg-685-de","12":"pa_hefinrichting-tractor-cat-i-ii-de","13":"pa_max-verstrek-midden-cm-127-de","14":"pa_max-verstrek-midden-cm-142-de","15":"pa_max-verstrek-midden-cm-160-de","16":"pa_max-verstrek-midden-cm-80-de","17":"pa_min-benodigd-vermogen-kw-pk-18-25-de","18":"pa_min-benodigd-vermogen-kw-pk-21-28-de","19":"pa_min-benodigd-vermogen-kw-pk-25-34-de","20":"pa_min-benodigd-vermogen-kw-pk-30-41-de","21":"pa_transportbreedte-cm-172-de","22":"pa_transportbreedte-cm-202-de","23":"pa_transportbreedte-cm-232-de","24":"pa_transportbreedte-cm-262-de","25":"pa_werkbreedte-cm-150-de","26":"pa_werkbreedte-cm-180-de","27":"pa_werkbreedte-cm-210-de","28":"pa_werkbreedte-cm-240-de","30":"first","31":"instock","32":"shipping-taxable","33":"product-type-simple"},"acf":[],"yoast_head":"<!-- This site is optimized with the Yoast SEO plugin v27.4 - https:\/\/yoast.com\/product\/yoast-seo-wordpress\/ -->\n<title>KD, H\u00e4cksler f\u00fcr Weing\u00e4rten - PERFECT - Van Wamel<\/title>\n<meta name=\"robots\" content=\"index, follow, max-snippet:-1, max-image-preview:large, max-video-preview:-1\" \/>\n<link rel=\"canonical\" href=\"https:\/\/www.perfectvanwamel.com\/de\/produkt\/holzschnitthaecksler-kd\/\" \/>\n<meta property=\"og:locale\" content=\"de_DE\" \/>\n<meta property=\"og:type\" content=\"article\" \/>\n<meta property=\"og:title\" content=\"KD, H\u00e4cksler f\u00fcr Weing\u00e4rten - PERFECT - Van Wamel\" \/>\n<meta property=\"og:description\" content=\"Robuster H\u00e4cksler f\u00fcr Holzschnitt bis 3\u00a0cm, ausgestattet mit 0,9\u00a0kg schweren Schlegeln und Rechenzinken, mit denen sich feiner Holzschnitt aufnehmen und dann schreddern l\u00e4sst.\" \/>\n<meta property=\"og:url\" content=\"https:\/\/www.perfectvanwamel.com\/de\/produkt\/holzschnitthaecksler-kd\/\" \/>\n<meta property=\"og:site_name\" content=\"PERFECT - Van Wamel\" \/>\n<meta property=\"article:modified_time\" content=\"2020-10-01T08:28:56+00:00\" \/>\n<meta property=\"og:image\" content=\"https:\/\/staging.perfectvanwamel.com\/wp-content\/uploads\/2020\/04\/PERFECT_Flail_shredder_KD_2_-removebg.png\" \/>\n\t<meta property=\"og:image:width\" content=\"2000\" \/>\n\t<meta property=\"og:image:height\" content=\"1333\" \/>\n\t<meta property=\"og:image:type\" content=\"image\/png\" \/>\n<meta name=\"twitter:card\" content=\"summary_large_image\" \/>\n<script type=\"application\/ld+json\" class=\"yoast-schema-graph\">{\"@context\":\"https:\\\/\\\/schema.org\",\"@graph\":[{\"@type\":\"WebPage\",\"@id\":\"https:\\\/\\\/www.perfectvanwamel.com\\\/de\\\/produkt\\\/holzschnitthaecksler-kd\\\/\",\"url\":\"https:\\\/\\\/www.perfectvanwamel.com\\\/de\\\/produkt\\\/holzschnitthaecksler-kd\\\/\",\"name\":\"KD, H\u00e4cksler f\u00fcr Weing\u00e4rten - PERFECT - Van Wamel\",\"isPartOf\":{\"@id\":\"https:\\\/\\\/www.perfectvanwamel.com\\\/de\\\/#website\"},\"primaryImageOfPage\":{\"@id\":\"https:\\\/\\\/www.perfectvanwamel.com\\\/de\\\/produkt\\\/holzschnitthaecksler-kd\\\/#primaryimage\"},\"image\":{\"@id\":\"https:\\\/\\\/www.perfectvanwamel.com\\\/de\\\/produkt\\\/holzschnitthaecksler-kd\\\/#primaryimage\"},\"thumbnailUrl\":\"https:\\\/\\\/www.perfectvanwamel.com\\\/wp-content\\\/uploads\\\/2020\\\/04\\\/PERFECT_Flail_shredder_KD_2_-removebg.png\",\"datePublished\":\"2020-04-28T06:57:43+00:00\",\"dateModified\":\"2020-10-01T08:28:56+00:00\",\"breadcrumb\":{\"@id\":\"https:\\\/\\\/www.perfectvanwamel.com\\\/de\\\/produkt\\\/holzschnitthaecksler-kd\\\/#breadcrumb\"},\"inLanguage\":\"de\",\"potentialAction\":[{\"@type\":\"ReadAction\",\"target\":[\"https:\\\/\\\/www.perfectvanwamel.com\\\/de\\\/produkt\\\/holzschnitthaecksler-kd\\\/\"]}]},{\"@type\":\"ImageObject\",\"inLanguage\":\"de\",\"@id\":\"https:\\\/\\\/www.perfectvanwamel.com\\\/de\\\/produkt\\\/holzschnitthaecksler-kd\\\/#primaryimage\",\"url\":\"https:\\\/\\\/www.perfectvanwamel.com\\\/wp-content\\\/uploads\\\/2020\\\/04\\\/PERFECT_Flail_shredder_KD_2_-removebg.png\",\"contentUrl\":\"https:\\\/\\\/www.perfectvanwamel.com\\\/wp-content\\\/uploads\\\/2020\\\/04\\\/PERFECT_Flail_shredder_KD_2_-removebg.png\",\"width\":2000,\"height\":1333},{\"@type\":\"BreadcrumbList\",\"@id\":\"https:\\\/\\\/www.perfectvanwamel.com\\\/de\\\/produkt\\\/holzschnitthaecksler-kd\\\/#breadcrumb\",\"itemListElement\":[{\"@type\":\"ListItem\",\"position\":1,\"name\":\"Home\",\"item\":\"https:\\\/\\\/staging.perfectvanwamel.com\\\/de\\\/\"},{\"@type\":\"ListItem\",\"position\":2,\"name\":\"Technologie\",\"item\":\"https:\\\/\\\/staging.perfectvanwamel.com\\\/de\\\/technologie\\\/\"},{\"@type\":\"ListItem\",\"position\":3,\"name\":\"KD, H\u00e4cksler f\u00fcr Weing\u00e4rten\"}]},{\"@type\":\"WebSite\",\"@id\":\"https:\\\/\\\/www.perfectvanwamel.com\\\/de\\\/#website\",\"url\":\"https:\\\/\\\/www.perfectvanwamel.com\\\/de\\\/\",\"name\":\"PERFECT - Van Wamel\",\"description\":\"\",\"potentialAction\":[{\"@type\":\"SearchAction\",\"target\":{\"@type\":\"EntryPoint\",\"urlTemplate\":\"https:\\\/\\\/www.perfectvanwamel.com\\\/de\\\/?s={search_term_string}\"},\"query-input\":{\"@type\":\"PropertyValueSpecification\",\"valueRequired\":true,\"valueName\":\"search_term_string\"}}],\"inLanguage\":\"de\"}]}<\/script>\n<!-- \/ Yoast SEO plugin. -->","yoast_head_json":{"title":"KD, H\u00e4cksler f\u00fcr Weing\u00e4rten - PERFECT - Van Wamel","robots":{"index":"index","follow":"follow","max-snippet":"max-snippet:-1","max-image-preview":"max-image-preview:large","max-video-preview":"max-video-preview:-1"},"canonical":"https:\/\/www.perfectvanwamel.com\/de\/produkt\/holzschnitthaecksler-kd\/","og_locale":"de_DE","og_type":"article","og_title":"KD, H\u00e4cksler f\u00fcr Weing\u00e4rten - PERFECT - Van Wamel","og_description":"Robuster H\u00e4cksler f\u00fcr Holzschnitt bis 3\u00a0cm, ausgestattet mit 0,9\u00a0kg schweren Schlegeln und Rechenzinken, mit denen sich feiner Holzschnitt aufnehmen und dann schreddern l\u00e4sst.","og_url":"https:\/\/www.perfectvanwamel.com\/de\/produkt\/holzschnitthaecksler-kd\/","og_site_name":"PERFECT - Van Wamel","article_modified_time":"2020-10-01T08:28:56+00:00","og_image":[{"width":2000,"height":1333,"url":"https:\/\/staging.perfectvanwamel.com\/wp-content\/uploads\/2020\/04\/PERFECT_Flail_shredder_KD_2_-removebg.png","type":"image\/png"}],"twitter_card":"summary_large_image","schema":{"@context":"https:\/\/schema.org","@graph":[{"@type":"WebPage","@id":"https:\/\/www.perfectvanwamel.com\/de\/produkt\/holzschnitthaecksler-kd\/","url":"https:\/\/www.perfectvanwamel.com\/de\/produkt\/holzschnitthaecksler-kd\/","name":"KD, H\u00e4cksler f\u00fcr Weing\u00e4rten - PERFECT - Van Wamel","isPartOf":{"@id":"https:\/\/www.perfectvanwamel.com\/de\/#website"},"primaryImageOfPage":{"@id":"https:\/\/www.perfectvanwamel.com\/de\/produkt\/holzschnitthaecksler-kd\/#primaryimage"},"image":{"@id":"https:\/\/www.perfectvanwamel.com\/de\/produkt\/holzschnitthaecksler-kd\/#primaryimage"},"thumbnailUrl":"https:\/\/www.perfectvanwamel.com\/wp-content\/uploads\/2020\/04\/PERFECT_Flail_shredder_KD_2_-removebg.png","datePublished":"2020-04-28T06:57:43+00:00","dateModified":"2020-10-01T08:28:56+00:00","breadcrumb":{"@id":"https:\/\/www.perfectvanwamel.com\/de\/produkt\/holzschnitthaecksler-kd\/#breadcrumb"},"inLanguage":"de","potentialAction":[{"@type":"ReadAction","target":["https:\/\/www.perfectvanwamel.com\/de\/produkt\/holzschnitthaecksler-kd\/"]}]},{"@type":"ImageObject","inLanguage":"de","@id":"https:\/\/www.perfectvanwamel.com\/de\/produkt\/holzschnitthaecksler-kd\/#primaryimage","url":"https:\/\/www.perfectvanwamel.com\/wp-content\/uploads\/2020\/04\/PERFECT_Flail_shredder_KD_2_-removebg.png","contentUrl":"https:\/\/www.perfectvanwamel.com\/wp-content\/uploads\/2020\/04\/PERFECT_Flail_shredder_KD_2_-removebg.png","width":2000,"height":1333},{"@type":"BreadcrumbList","@id":"https:\/\/www.perfectvanwamel.com\/de\/produkt\/holzschnitthaecksler-kd\/#breadcrumb","itemListElement":[{"@type":"ListItem","position":1,"name":"Home","item":"https:\/\/staging.perfectvanwamel.com\/de\/"},{"@type":"ListItem","position":2,"name":"Technologie","item":"https:\/\/staging.perfectvanwamel.com\/de\/technologie\/"},{"@type":"ListItem","position":3,"name":"KD, H\u00e4cksler f\u00fcr Weing\u00e4rten"}]},{"@type":"WebSite","@id":"https:\/\/www.perfectvanwamel.com\/de\/#website","url":"https:\/\/www.perfectvanwamel.com\/de\/","name":"PERFECT - Van Wamel","description":"","potentialAction":[{"@type":"SearchAction","target":{"@type":"EntryPoint","urlTemplate":"https:\/\/www.perfectvanwamel.com\/de\/?s={search_term_string}"},"query-input":{"@type":"PropertyValueSpecification","valueRequired":true,"valueName":"search_term_string"}}],"inLanguage":"de"}]}},"_links":{"self":[{"href":"https:\/\/www.perfectvanwamel.com\/de\/wp-json\/wp\/v2\/product\/5569","targetHints":{"allow":["GET"]}}],"collection":[{"href":"https:\/\/www.perfectvanwamel.com\/de\/wp-json\/wp\/v2\/product"}],"about":[{"href":"https:\/\/www.perfectvanwamel.com\/de\/wp-json\/wp\/v2\/types\/product"}],"wp:featuredmedia":[{"embeddable":true,"href":"https:\/\/www.perfectvanwamel.com\/de\/wp-json\/wp\/v2\/media\/4103"}],"wp:attachment":[{"href":"https:\/\/www.perfectvanwamel.com\/de\/wp-json\/wp\/v2\/media?parent=5569"}],"wp:term":[{"taxonomy":"product_brand","embeddable":true,"href":"https:\/\/www.perfectvanwamel.com\/de\/wp-json\/wp\/v2\/product_brand?post=5569"},{"taxonomy":"product_cat","embeddable":true,"href":"https:\/\/www.perfectvanwamel.com\/de\/wp-json\/wp\/v2\/product_cat?post=5569"},{"taxonomy":"product_tag","embeddable":true,"href":"https:\/\/www.perfectvanwamel.com\/de\/wp-json\/wp\/v2\/product_tag?post=5569"}],"curies":[{"name":"wp","href":"https:\/\/api.w.org\/{rel}","templated":true}]}}