{"id":5570,"date":"2020-04-28T08:51:35","date_gmt":"2020-04-28T06:51:35","guid":{"rendered":"https:\/\/www.perfectvanwamel.com\/product\/seitenmulcher-zf2-serie\/"},"modified":"2026-03-04T15:41:25","modified_gmt":"2026-03-04T14:41:25","slug":"seitenmulcher-zf-pro-serie","status":"publish","type":"product","link":"https:\/\/www.perfectvanwamel.com\/de\/produkt\/seitenmulcher-zf-pro-serie\/","title":{"rendered":"ZF PRO-Serie, Schwerlast Seitenmulcher"},"content":{"rendered":"<section class=\"l-section wpb_row height_small\"><div class=\"l-section-h i-cf\"><div class=\"g-cols vc_row type_default valign_top\"><div class=\"vc_col-sm-12 wpb_column vc_column_container\"><div class=\"vc_column-inner\"><div class=\"wpb_wrapper\"><div class=\"wpb_text_column\" ><div class=\"wpb_wrapper\"><h2>Ein Schwerlast-Seitenmulcher<\/h2>\n<p>Der ZF <em>PRO<\/em> ist ein echter <em>Schwerlast<\/em>-Seitenmulcher. Sowohl die Bauweise der Maschine als auch ihr Antrieb sind auf die schwierigsten Einsatzbedingungen ausgelegt. Die Schlegelwelle wird von einem 5-fachen Powerband mit automatischer Spannvorrichtung und einem sehr schweren Zahnradgetriebe mit 1000 Umdrehungen angetrieben.<\/p>\n<p>Serienm\u00e4\u00dfig wird dieser Mulcher mit 0,9\u00a0kg schweren Universalschlegeln geliefert, aber zum optimalen Schutz vor Besch\u00e4digungen kann die Maschine auch mit 2,2\u00a0kg schweren Schlegeln ausgestattet werden. Wer maximale Schlagkraft mit hoher M\u00e4hqualit\u00e4t kombinieren m\u00f6chte, f\u00fcr den sind unsere 2,7\u00a0kg schweren Kombischlegel mit austauschbarem Schlegelmesser die optimale L\u00f6sung.<\/p>\n<p>Der serienm\u00e4\u00dfige Anfahrschutz mit einstellbarem Widerstand bietet ausgezeichneten Schutz vor Sch\u00e4den durch Hindernisse wie beispielsweise B\u00e4ume. Um mit einer breiten Maschine auch Grabenr\u00e4nder mit geringem Neigungswinkel m\u00e4hen zu k\u00f6nnen, sind die ZF <em>PRO<\/em>-Mulcher wahlweise mit einem Hydro-Lift ausgestattet: Mit diesen Zylindern kann die Maschine um 38 cm angehoben werden.<\/p>\n<p>Alle ZF <em>PRO<\/em>-Modelle sind auch f\u00fcr den Frontanbau sowie als links arbeitendes Modell erh\u00e4ltlich.<\/p>\n<h2>Neue verbesserungen und spezifikationen<\/h2>\n<ul>\n<li>Verbesserte Laufwalze mit internem Lager f\u00fcr weniger Wartungsaufwand und l\u00e4ngere Lebensdauer.<\/li>\n<li>Neuer Abstreifer verhindert Schmutzansamm lungen und minimiert Verschlei\u00df.<\/li>\n<li>St\u00e4rkeres Lager der Klappenwelle f\u00fcr intensiven Gebrauch und h\u00f6here Zuverl\u00e4ssigkeit.<\/li>\n<li>Verst\u00e4rkter Dreipunktbock, geeignet f\u00fcr CAT II, f\u00fcr mehr Stabilit\u00e4t bei gr\u00f6\u00dferen Schlepper.<\/li>\n<li>Schlauchbruchsicherung; erh\u00f6ht die Sicherheit w\u00e4hrend des Transports.<\/li>\n<\/ul>\n<\/div><\/div><\/div><\/div><\/div><\/div><\/div><\/section>\n","protected":false},"excerpt":{"rendered":"<p>\u00c4u\u00dferst robuster Schlegelmulcher f\u00fcr sehr intensiven Einsatz. Gro\u00dfe Seitenauslage, um auch weit au\u00dferhalb der Traktorspur arbeiten zu k\u00f6nnen, z.\u00a0B. bei der Pflege von Grabenb\u00f6schungen oder in Kombination mit einem Frontm\u00e4her.<\/p>\n","protected":false},"featured_media":27948,"template":"","meta":{"_acf_changed":false},"product_brand":[],"product_cat":[1208],"product_tag":[],"class_list":{"0":"post-5570","1":"product","2":"type-product","3":"status-publish","4":"has-post-thumbnail","6":"product_cat-seitenmulcher","7":"pa_aftakas-opm-1000-de","8":"pa_denkende-schijf-nein","9":"pa_gewicht-kg-1050-de","10":"pa_gewicht-kg-890-de","11":"pa_gewicht-kg-940-de","12":"pa_gewicht-kg-990-de","13":"pa_hefinrichting-tractor-cat-ii-de","14":"pa_max-verstrek-midden-cm-325-de","15":"pa_max-verstrek-midden-cm-355-de","16":"pa_max-verstrek-midden-cm-385-de","17":"pa_max-verstrek-midden-cm-415-de","18":"pa_min-benodigd-vermogen-kw-pk-44-60-de-2","19":"pa_min-benodigd-vermogen-kw-pk-50-68-de","20":"pa_min-benodigd-vermogen-kw-pk-55-75-de","21":"pa_min-benodigd-vermogen-kw-pk-65-88-de","22":"pa_transportbreedte-cm-187-de","23":"pa_werkbreedte-cm-150-de","24":"pa_werkbreedte-cm-180-de","25":"pa_werkbreedte-cm-210-de","26":"pa_werkbreedte-cm-240-de","28":"first","29":"instock","30":"shipping-taxable","31":"product-type-simple"},"acf":[],"yoast_head":"<!-- This site is optimized with the Yoast SEO plugin v27.4 - https:\/\/yoast.com\/product\/yoast-seo-wordpress\/ -->\n<title>ZF PRO-Serie, Schwerlast Seitenmulcher - PERFECT - Van Wamel<\/title>\n<meta name=\"robots\" content=\"index, follow, max-snippet:-1, max-image-preview:large, max-video-preview:-1\" \/>\n<link rel=\"canonical\" href=\"https:\/\/www.perfectvanwamel.com\/de\/produkt\/seitenmulcher-zf-pro-serie\/\" \/>\n<meta property=\"og:locale\" content=\"de_DE\" \/>\n<meta property=\"og:type\" content=\"article\" \/>\n<meta property=\"og:title\" content=\"ZF PRO-Serie, Schwerlast Seitenmulcher - PERFECT - Van Wamel\" \/>\n<meta property=\"og:description\" content=\"\u00c4u\u00dferst robuster Schlegelmulcher f\u00fcr sehr intensiven Einsatz. Gro\u00dfe Seitenauslage, um auch weit au\u00dferhalb der Traktorspur arbeiten zu k\u00f6nnen, z.\u00a0B. bei der Pflege von Grabenb\u00f6schungen oder in Kombination mit einem Frontm\u00e4her.\" \/>\n<meta property=\"og:url\" content=\"https:\/\/www.perfectvanwamel.com\/de\/produkt\/seitenmulcher-zf-pro-serie\/\" \/>\n<meta property=\"og:site_name\" content=\"PERFECT - Van Wamel\" \/>\n<meta property=\"article:modified_time\" content=\"2026-03-04T14:41:25+00:00\" \/>\n<meta property=\"og:image\" content=\"https:\/\/staging.perfectvanwamel.com\/wp-content\/uploads\/2020\/04\/ZF-PRO-vrijstaand.jpg\" \/>\n\t<meta property=\"og:image:width\" content=\"2000\" \/>\n\t<meta property=\"og:image:height\" content=\"1500\" \/>\n\t<meta property=\"og:image:type\" content=\"image\/jpeg\" \/>\n<meta name=\"twitter:card\" content=\"summary_large_image\" \/>\n<meta name=\"twitter:label1\" content=\"Gesch\u00e4tzte Lesezeit\" \/>\n\t<meta name=\"twitter:data1\" content=\"1\u00a0Minute\" \/>\n<script type=\"application\/ld+json\" class=\"yoast-schema-graph\">{\"@context\":\"https:\\\/\\\/schema.org\",\"@graph\":[{\"@type\":\"WebPage\",\"@id\":\"https:\\\/\\\/www.perfectvanwamel.com\\\/de\\\/produkt\\\/seitenmulcher-zf-pro-serie\\\/\",\"url\":\"https:\\\/\\\/www.perfectvanwamel.com\\\/de\\\/produkt\\\/seitenmulcher-zf-pro-serie\\\/\",\"name\":\"ZF PRO-Serie, Schwerlast Seitenmulcher - PERFECT - Van Wamel\",\"isPartOf\":{\"@id\":\"https:\\\/\\\/www.perfectvanwamel.com\\\/de\\\/#website\"},\"primaryImageOfPage\":{\"@id\":\"https:\\\/\\\/www.perfectvanwamel.com\\\/de\\\/produkt\\\/seitenmulcher-zf-pro-serie\\\/#primaryimage\"},\"image\":{\"@id\":\"https:\\\/\\\/www.perfectvanwamel.com\\\/de\\\/produkt\\\/seitenmulcher-zf-pro-serie\\\/#primaryimage\"},\"thumbnailUrl\":\"https:\\\/\\\/www.perfectvanwamel.com\\\/wp-content\\\/uploads\\\/2020\\\/04\\\/ZF-PRO-vrijstaand.jpg\",\"datePublished\":\"2020-04-28T06:51:35+00:00\",\"dateModified\":\"2026-03-04T14:41:25+00:00\",\"breadcrumb\":{\"@id\":\"https:\\\/\\\/www.perfectvanwamel.com\\\/de\\\/produkt\\\/seitenmulcher-zf-pro-serie\\\/#breadcrumb\"},\"inLanguage\":\"de\",\"potentialAction\":[{\"@type\":\"ReadAction\",\"target\":[\"https:\\\/\\\/www.perfectvanwamel.com\\\/de\\\/produkt\\\/seitenmulcher-zf-pro-serie\\\/\"]}]},{\"@type\":\"ImageObject\",\"inLanguage\":\"de\",\"@id\":\"https:\\\/\\\/www.perfectvanwamel.com\\\/de\\\/produkt\\\/seitenmulcher-zf-pro-serie\\\/#primaryimage\",\"url\":\"https:\\\/\\\/www.perfectvanwamel.com\\\/wp-content\\\/uploads\\\/2020\\\/04\\\/ZF-PRO-vrijstaand.jpg\",\"contentUrl\":\"https:\\\/\\\/www.perfectvanwamel.com\\\/wp-content\\\/uploads\\\/2020\\\/04\\\/ZF-PRO-vrijstaand.jpg\",\"width\":2000,\"height\":1500},{\"@type\":\"BreadcrumbList\",\"@id\":\"https:\\\/\\\/www.perfectvanwamel.com\\\/de\\\/produkt\\\/seitenmulcher-zf-pro-serie\\\/#breadcrumb\",\"itemListElement\":[{\"@type\":\"ListItem\",\"position\":1,\"name\":\"Home\",\"item\":\"https:\\\/\\\/staging.perfectvanwamel.com\\\/de\\\/\"},{\"@type\":\"ListItem\",\"position\":2,\"name\":\"Technologie\",\"item\":\"https:\\\/\\\/staging.perfectvanwamel.com\\\/de\\\/technologie\\\/\"},{\"@type\":\"ListItem\",\"position\":3,\"name\":\"ZF PRO-Serie, Schwerlast Seitenmulcher\"}]},{\"@type\":\"WebSite\",\"@id\":\"https:\\\/\\\/www.perfectvanwamel.com\\\/de\\\/#website\",\"url\":\"https:\\\/\\\/www.perfectvanwamel.com\\\/de\\\/\",\"name\":\"PERFECT - Van Wamel\",\"description\":\"\",\"potentialAction\":[{\"@type\":\"SearchAction\",\"target\":{\"@type\":\"EntryPoint\",\"urlTemplate\":\"https:\\\/\\\/www.perfectvanwamel.com\\\/de\\\/?s={search_term_string}\"},\"query-input\":{\"@type\":\"PropertyValueSpecification\",\"valueRequired\":true,\"valueName\":\"search_term_string\"}}],\"inLanguage\":\"de\"}]}<\/script>\n<!-- \/ Yoast SEO plugin. -->","yoast_head_json":{"title":"ZF PRO-Serie, Schwerlast Seitenmulcher - PERFECT - Van Wamel","robots":{"index":"index","follow":"follow","max-snippet":"max-snippet:-1","max-image-preview":"max-image-preview:large","max-video-preview":"max-video-preview:-1"},"canonical":"https:\/\/www.perfectvanwamel.com\/de\/produkt\/seitenmulcher-zf-pro-serie\/","og_locale":"de_DE","og_type":"article","og_title":"ZF PRO-Serie, Schwerlast Seitenmulcher - PERFECT - Van Wamel","og_description":"\u00c4u\u00dferst robuster Schlegelmulcher f\u00fcr sehr intensiven Einsatz. Gro\u00dfe Seitenauslage, um auch weit au\u00dferhalb der Traktorspur arbeiten zu k\u00f6nnen, z.\u00a0B. bei der Pflege von Grabenb\u00f6schungen oder in Kombination mit einem Frontm\u00e4her.","og_url":"https:\/\/www.perfectvanwamel.com\/de\/produkt\/seitenmulcher-zf-pro-serie\/","og_site_name":"PERFECT - Van Wamel","article_modified_time":"2026-03-04T14:41:25+00:00","og_image":[{"width":2000,"height":1500,"url":"https:\/\/staging.perfectvanwamel.com\/wp-content\/uploads\/2020\/04\/ZF-PRO-vrijstaand.jpg","type":"image\/jpeg"}],"twitter_card":"summary_large_image","twitter_misc":{"Gesch\u00e4tzte Lesezeit":"1\u00a0Minute"},"schema":{"@context":"https:\/\/schema.org","@graph":[{"@type":"WebPage","@id":"https:\/\/www.perfectvanwamel.com\/de\/produkt\/seitenmulcher-zf-pro-serie\/","url":"https:\/\/www.perfectvanwamel.com\/de\/produkt\/seitenmulcher-zf-pro-serie\/","name":"ZF PRO-Serie, Schwerlast Seitenmulcher - PERFECT - Van Wamel","isPartOf":{"@id":"https:\/\/www.perfectvanwamel.com\/de\/#website"},"primaryImageOfPage":{"@id":"https:\/\/www.perfectvanwamel.com\/de\/produkt\/seitenmulcher-zf-pro-serie\/#primaryimage"},"image":{"@id":"https:\/\/www.perfectvanwamel.com\/de\/produkt\/seitenmulcher-zf-pro-serie\/#primaryimage"},"thumbnailUrl":"https:\/\/www.perfectvanwamel.com\/wp-content\/uploads\/2020\/04\/ZF-PRO-vrijstaand.jpg","datePublished":"2020-04-28T06:51:35+00:00","dateModified":"2026-03-04T14:41:25+00:00","breadcrumb":{"@id":"https:\/\/www.perfectvanwamel.com\/de\/produkt\/seitenmulcher-zf-pro-serie\/#breadcrumb"},"inLanguage":"de","potentialAction":[{"@type":"ReadAction","target":["https:\/\/www.perfectvanwamel.com\/de\/produkt\/seitenmulcher-zf-pro-serie\/"]}]},{"@type":"ImageObject","inLanguage":"de","@id":"https:\/\/www.perfectvanwamel.com\/de\/produkt\/seitenmulcher-zf-pro-serie\/#primaryimage","url":"https:\/\/www.perfectvanwamel.com\/wp-content\/uploads\/2020\/04\/ZF-PRO-vrijstaand.jpg","contentUrl":"https:\/\/www.perfectvanwamel.com\/wp-content\/uploads\/2020\/04\/ZF-PRO-vrijstaand.jpg","width":2000,"height":1500},{"@type":"BreadcrumbList","@id":"https:\/\/www.perfectvanwamel.com\/de\/produkt\/seitenmulcher-zf-pro-serie\/#breadcrumb","itemListElement":[{"@type":"ListItem","position":1,"name":"Home","item":"https:\/\/staging.perfectvanwamel.com\/de\/"},{"@type":"ListItem","position":2,"name":"Technologie","item":"https:\/\/staging.perfectvanwamel.com\/de\/technologie\/"},{"@type":"ListItem","position":3,"name":"ZF PRO-Serie, Schwerlast Seitenmulcher"}]},{"@type":"WebSite","@id":"https:\/\/www.perfectvanwamel.com\/de\/#website","url":"https:\/\/www.perfectvanwamel.com\/de\/","name":"PERFECT - Van Wamel","description":"","potentialAction":[{"@type":"SearchAction","target":{"@type":"EntryPoint","urlTemplate":"https:\/\/www.perfectvanwamel.com\/de\/?s={search_term_string}"},"query-input":{"@type":"PropertyValueSpecification","valueRequired":true,"valueName":"search_term_string"}}],"inLanguage":"de"}]}},"_links":{"self":[{"href":"https:\/\/www.perfectvanwamel.com\/de\/wp-json\/wp\/v2\/product\/5570","targetHints":{"allow":["GET"]}}],"collection":[{"href":"https:\/\/www.perfectvanwamel.com\/de\/wp-json\/wp\/v2\/product"}],"about":[{"href":"https:\/\/www.perfectvanwamel.com\/de\/wp-json\/wp\/v2\/types\/product"}],"wp:featuredmedia":[{"embeddable":true,"href":"https:\/\/www.perfectvanwamel.com\/de\/wp-json\/wp\/v2\/media\/27948"}],"wp:attachment":[{"href":"https:\/\/www.perfectvanwamel.com\/de\/wp-json\/wp\/v2\/media?parent=5570"}],"wp:term":[{"taxonomy":"product_brand","embeddable":true,"href":"https:\/\/www.perfectvanwamel.com\/de\/wp-json\/wp\/v2\/product_brand?post=5570"},{"taxonomy":"product_cat","embeddable":true,"href":"https:\/\/www.perfectvanwamel.com\/de\/wp-json\/wp\/v2\/product_cat?post=5570"},{"taxonomy":"product_tag","embeddable":true,"href":"https:\/\/www.perfectvanwamel.com\/de\/wp-json\/wp\/v2\/product_tag?post=5570"}],"curies":[{"name":"wp","href":"https:\/\/api.w.org\/{rel}","templated":true}]}}