{"id":5571,"date":"2020-04-28T08:38:06","date_gmt":"2020-04-28T06:38:06","guid":{"rendered":"https:\/\/www.perfectvanwamel.com\/product\/seitenmulcher-zw-serie\/"},"modified":"2026-03-04T15:53:39","modified_gmt":"2026-03-04T14:53:39","slug":"seitenmulcher-zw-serie","status":"publish","type":"product","link":"https:\/\/www.perfectvanwamel.com\/de\/produkt\/seitenmulcher-zw-serie\/","title":{"rendered":"ZW PLUS-Serie, Multifunktionaler Seitenmulcher"},"content":{"rendered":"<section class=\"l-section wpb_row height_small\"><div class=\"l-section-h i-cf\"><div class=\"g-cols vc_row type_default valign_top\"><div class=\"vc_col-sm-12 wpb_column vc_column_container\"><div class=\"vc_column-inner\"><div class=\"wpb_wrapper\"><div class=\"wpb_text_column\" ><div class=\"wpb_wrapper\"><h2>Ein robuster Seitenmulcher<\/h2>\n<p>Der ZW <em>PLUS<\/em>-Mulcher ist ein sehr robuster Seitenmulcher, der sowohl (gr\u00f6\u00dftenteils) hinter einer Zugmaschine als auch in weiter Seitenauslage eingesetzt werden kann. Dank des \u00fcberaus starken Anbaubocks und soliden Auslegerarmen \u00fcberzeugt der ZW <em>PLUS<\/em> mit unerreichter Stabilit\u00e4t und dementsprechend mit einer sehr langen Lebensdauer.<\/p>\n<p>Die breite Laufrolle mit konischen Enden und interner Lagerung sorgt f\u00fcr pr\u00e4zise Bodenanpassung und gro\u00dfe Wendigkeit. Der serienm\u00e4\u00dfige Anfahrschutz mit einstellbarem Widerstand bietet ausgezeichneten Schutz vor Sch\u00e4den durch Hindernisse.<\/p>\n<p>Serienm\u00e4\u00dfig wird der ZW <em>PLUS<\/em> mit 0,9 kg schweren Schlegeln geliefert. Wahlweise kann die Maschine mit Flex-Schlegeln ausgestattet werden, die hervorragenden Schutz vor Steinen und anderen Objekten bieten.<\/p>\n<h2>Neue verbesserungen und spezifikationen<\/h2>\n<ul>\n<li>Laufrolle mit verbesserter Innenlagerung f\u00fcr eine l\u00e4ngere Lebensdauer und einen reibungsloseren Betrieb.<\/li>\n<li>Optionaler Durchmesser 219 mm statt 152 mm.<\/li>\n<li>Dickere Gleitkufe f\u00fcr zus\u00e4tzliche Verschlei\u00dffestigkeit bei intensiver Nutzung.<\/li>\n<li>Verschlei\u00dfplatte unter dem Drehpunkt (Getriebe) f\u00fcr optimalen Verschlei\u00dfschutz.<\/li>\n<li>Verst\u00e4rkter Dreipunktbock geeignet f\u00fcr CAT 2 + 3, f\u00fcr maximale Stabilit\u00e4t und Kompatibilit\u00e4t.<\/li>\n<li>Stra\u00dfenbeleuchtung als Option, f\u00fcr sicheres Arbeiten an Stra\u00dfen und in der D\u00e4mmerung.<\/li>\n<li>St\u00fctzbeine f\u00fcr stabile Lagerung und einfachen Transport (Option).<\/li>\n<li>Schlauchbruchsicherung f\u00fcr maximale Sicherheit w\u00e4hrend Transport und Gebrauch.<\/li>\n<\/ul>\n<\/div><\/div><\/div><\/div><\/div><\/div><\/div><\/section>\n","protected":false},"excerpt":{"rendered":"<p>Vielseitiger Allesk\u00f6nner mit Z-Ausleger f\u00fcr R\u00e4nder und B\u00f6schungen von \u00c4ckern, Wegen, Stra\u00dfen, Gr\u00e4ben usw.<\/p>\n","protected":false},"featured_media":27916,"template":"","meta":{"_acf_changed":false},"product_brand":[],"product_cat":[1208],"product_tag":[],"class_list":{"0":"post-5571","1":"product","2":"type-product","3":"status-publish","4":"has-post-thumbnail","6":"product_cat-seitenmulcher","7":"pa_aftakas-opm-540-de","8":"pa_denkende-schijf-nein","9":"pa_gewicht-kg-735-de","10":"pa_gewicht-kg-780-de","11":"pa_gewicht-kg-840-de","12":"pa_gewicht-kg-900-de","13":"pa_hefinrichting-tractor-cat-ii-de","14":"pa_max-verstrek-midden-cm-225-de","15":"pa_max-verstrek-midden-cm-255-de","16":"pa_max-verstrek-midden-cm-285-de","17":"pa_max-verstrek-midden-cm-315-de","18":"pa_max-verstrek-midden-cm-345-de","19":"pa_min-benodigd-vermogen-kw-pk-37-50-de","20":"pa_min-benodigd-vermogen-kw-pk-44-60-de-2","21":"pa_min-benodigd-vermogen-kw-pk-51-70-de","22":"pa_min-benodigd-vermogen-kw-pk-59-80-de","23":"pa_transportbreedte-cm-140-de","24":"pa_werkbreedte-cm-150-de","25":"pa_werkbreedte-cm-180-de","26":"pa_werkbreedte-cm-210-de","27":"pa_werkbreedte-cm-240-de","29":"first","30":"instock","31":"shipping-taxable","32":"product-type-simple"},"acf":[],"yoast_head":"<!-- This site is optimized with the Yoast SEO plugin v27.5 - https:\/\/yoast.com\/product\/yoast-seo-wordpress\/ -->\n<title>ZW PLUS-Serie, Multifunktionaler Seitenmulcher - PERFECT - Van Wamel<\/title>\n<meta name=\"robots\" content=\"index, follow, max-snippet:-1, max-image-preview:large, max-video-preview:-1\" \/>\n<link rel=\"canonical\" href=\"https:\/\/www.perfectvanwamel.com\/de\/produkt\/seitenmulcher-zw-serie\/\" \/>\n<meta property=\"og:locale\" content=\"de_DE\" \/>\n<meta property=\"og:type\" content=\"article\" \/>\n<meta property=\"og:title\" content=\"ZW PLUS-Serie, Multifunktionaler Seitenmulcher - PERFECT - Van Wamel\" \/>\n<meta property=\"og:description\" content=\"Vielseitiger Allesk\u00f6nner mit Z-Ausleger f\u00fcr R\u00e4nder und B\u00f6schungen von \u00c4ckern, Wegen, Stra\u00dfen, Gr\u00e4ben usw.\" \/>\n<meta property=\"og:url\" content=\"https:\/\/www.perfectvanwamel.com\/de\/produkt\/seitenmulcher-zw-serie\/\" \/>\n<meta property=\"og:site_name\" content=\"PERFECT - Van Wamel\" \/>\n<meta property=\"article:modified_time\" content=\"2026-03-04T14:53:39+00:00\" \/>\n<meta property=\"og:image\" content=\"https:\/\/staging.perfectvanwamel.com\/wp-content\/uploads\/2020\/04\/ZW-PLUS-vrijstaand.jpg\" \/>\n\t<meta property=\"og:image:width\" content=\"2000\" \/>\n\t<meta property=\"og:image:height\" content=\"1500\" \/>\n\t<meta property=\"og:image:type\" content=\"image\/jpeg\" \/>\n<meta name=\"twitter:card\" content=\"summary_large_image\" \/>\n<meta name=\"twitter:label1\" content=\"Gesch\u00e4tzte Lesezeit\" \/>\n\t<meta name=\"twitter:data1\" content=\"1\u00a0Minute\" \/>\n<script type=\"application\/ld+json\" class=\"yoast-schema-graph\">{\"@context\":\"https:\\\/\\\/schema.org\",\"@graph\":[{\"@type\":\"WebPage\",\"@id\":\"https:\\\/\\\/www.perfectvanwamel.com\\\/de\\\/produkt\\\/seitenmulcher-zw-serie\\\/\",\"url\":\"https:\\\/\\\/www.perfectvanwamel.com\\\/de\\\/produkt\\\/seitenmulcher-zw-serie\\\/\",\"name\":\"ZW PLUS-Serie, Multifunktionaler Seitenmulcher - PERFECT - Van Wamel\",\"isPartOf\":{\"@id\":\"https:\\\/\\\/www.perfectvanwamel.com\\\/de\\\/#website\"},\"primaryImageOfPage\":{\"@id\":\"https:\\\/\\\/www.perfectvanwamel.com\\\/de\\\/produkt\\\/seitenmulcher-zw-serie\\\/#primaryimage\"},\"image\":{\"@id\":\"https:\\\/\\\/www.perfectvanwamel.com\\\/de\\\/produkt\\\/seitenmulcher-zw-serie\\\/#primaryimage\"},\"thumbnailUrl\":\"https:\\\/\\\/www.perfectvanwamel.com\\\/wp-content\\\/uploads\\\/2020\\\/04\\\/ZW-PLUS-vrijstaand.jpg\",\"datePublished\":\"2020-04-28T06:38:06+00:00\",\"dateModified\":\"2026-03-04T14:53:39+00:00\",\"breadcrumb\":{\"@id\":\"https:\\\/\\\/www.perfectvanwamel.com\\\/de\\\/produkt\\\/seitenmulcher-zw-serie\\\/#breadcrumb\"},\"inLanguage\":\"de\",\"potentialAction\":[{\"@type\":\"ReadAction\",\"target\":[\"https:\\\/\\\/www.perfectvanwamel.com\\\/de\\\/produkt\\\/seitenmulcher-zw-serie\\\/\"]}]},{\"@type\":\"ImageObject\",\"inLanguage\":\"de\",\"@id\":\"https:\\\/\\\/www.perfectvanwamel.com\\\/de\\\/produkt\\\/seitenmulcher-zw-serie\\\/#primaryimage\",\"url\":\"https:\\\/\\\/www.perfectvanwamel.com\\\/wp-content\\\/uploads\\\/2020\\\/04\\\/ZW-PLUS-vrijstaand.jpg\",\"contentUrl\":\"https:\\\/\\\/www.perfectvanwamel.com\\\/wp-content\\\/uploads\\\/2020\\\/04\\\/ZW-PLUS-vrijstaand.jpg\",\"width\":2000,\"height\":1500},{\"@type\":\"BreadcrumbList\",\"@id\":\"https:\\\/\\\/www.perfectvanwamel.com\\\/de\\\/produkt\\\/seitenmulcher-zw-serie\\\/#breadcrumb\",\"itemListElement\":[{\"@type\":\"ListItem\",\"position\":1,\"name\":\"Home\",\"item\":\"https:\\\/\\\/staging.perfectvanwamel.com\\\/de\\\/\"},{\"@type\":\"ListItem\",\"position\":2,\"name\":\"Produkte\",\"item\":\"https:\\\/\\\/www.perfectvanwamel.com\\\/de\\\/technologie\\\/\"},{\"@type\":\"ListItem\",\"position\":3,\"name\":\"ZW PLUS-Serie, Multifunktionaler Seitenmulcher\"}]},{\"@type\":\"WebSite\",\"@id\":\"https:\\\/\\\/www.perfectvanwamel.com\\\/de\\\/#website\",\"url\":\"https:\\\/\\\/www.perfectvanwamel.com\\\/de\\\/\",\"name\":\"PERFECT - Van Wamel\",\"description\":\"\",\"potentialAction\":[{\"@type\":\"SearchAction\",\"target\":{\"@type\":\"EntryPoint\",\"urlTemplate\":\"https:\\\/\\\/www.perfectvanwamel.com\\\/de\\\/?s={search_term_string}\"},\"query-input\":{\"@type\":\"PropertyValueSpecification\",\"valueRequired\":true,\"valueName\":\"search_term_string\"}}],\"inLanguage\":\"de\"}]}<\/script>\n<!-- \/ Yoast SEO plugin. -->","yoast_head_json":{"title":"ZW PLUS-Serie, Multifunktionaler Seitenmulcher - PERFECT - Van Wamel","robots":{"index":"index","follow":"follow","max-snippet":"max-snippet:-1","max-image-preview":"max-image-preview:large","max-video-preview":"max-video-preview:-1"},"canonical":"https:\/\/www.perfectvanwamel.com\/de\/produkt\/seitenmulcher-zw-serie\/","og_locale":"de_DE","og_type":"article","og_title":"ZW PLUS-Serie, Multifunktionaler Seitenmulcher - PERFECT - Van Wamel","og_description":"Vielseitiger Allesk\u00f6nner mit Z-Ausleger f\u00fcr R\u00e4nder und B\u00f6schungen von \u00c4ckern, Wegen, Stra\u00dfen, Gr\u00e4ben usw.","og_url":"https:\/\/www.perfectvanwamel.com\/de\/produkt\/seitenmulcher-zw-serie\/","og_site_name":"PERFECT - Van Wamel","article_modified_time":"2026-03-04T14:53:39+00:00","og_image":[{"width":2000,"height":1500,"url":"https:\/\/staging.perfectvanwamel.com\/wp-content\/uploads\/2020\/04\/ZW-PLUS-vrijstaand.jpg","type":"image\/jpeg"}],"twitter_card":"summary_large_image","twitter_misc":{"Gesch\u00e4tzte Lesezeit":"1\u00a0Minute"},"schema":{"@context":"https:\/\/schema.org","@graph":[{"@type":"WebPage","@id":"https:\/\/www.perfectvanwamel.com\/de\/produkt\/seitenmulcher-zw-serie\/","url":"https:\/\/www.perfectvanwamel.com\/de\/produkt\/seitenmulcher-zw-serie\/","name":"ZW PLUS-Serie, Multifunktionaler Seitenmulcher - PERFECT - Van Wamel","isPartOf":{"@id":"https:\/\/www.perfectvanwamel.com\/de\/#website"},"primaryImageOfPage":{"@id":"https:\/\/www.perfectvanwamel.com\/de\/produkt\/seitenmulcher-zw-serie\/#primaryimage"},"image":{"@id":"https:\/\/www.perfectvanwamel.com\/de\/produkt\/seitenmulcher-zw-serie\/#primaryimage"},"thumbnailUrl":"https:\/\/www.perfectvanwamel.com\/wp-content\/uploads\/2020\/04\/ZW-PLUS-vrijstaand.jpg","datePublished":"2020-04-28T06:38:06+00:00","dateModified":"2026-03-04T14:53:39+00:00","breadcrumb":{"@id":"https:\/\/www.perfectvanwamel.com\/de\/produkt\/seitenmulcher-zw-serie\/#breadcrumb"},"inLanguage":"de","potentialAction":[{"@type":"ReadAction","target":["https:\/\/www.perfectvanwamel.com\/de\/produkt\/seitenmulcher-zw-serie\/"]}]},{"@type":"ImageObject","inLanguage":"de","@id":"https:\/\/www.perfectvanwamel.com\/de\/produkt\/seitenmulcher-zw-serie\/#primaryimage","url":"https:\/\/www.perfectvanwamel.com\/wp-content\/uploads\/2020\/04\/ZW-PLUS-vrijstaand.jpg","contentUrl":"https:\/\/www.perfectvanwamel.com\/wp-content\/uploads\/2020\/04\/ZW-PLUS-vrijstaand.jpg","width":2000,"height":1500},{"@type":"BreadcrumbList","@id":"https:\/\/www.perfectvanwamel.com\/de\/produkt\/seitenmulcher-zw-serie\/#breadcrumb","itemListElement":[{"@type":"ListItem","position":1,"name":"Home","item":"https:\/\/staging.perfectvanwamel.com\/de\/"},{"@type":"ListItem","position":2,"name":"Produkte","item":"https:\/\/www.perfectvanwamel.com\/de\/technologie\/"},{"@type":"ListItem","position":3,"name":"ZW PLUS-Serie, Multifunktionaler Seitenmulcher"}]},{"@type":"WebSite","@id":"https:\/\/www.perfectvanwamel.com\/de\/#website","url":"https:\/\/www.perfectvanwamel.com\/de\/","name":"PERFECT - Van Wamel","description":"","potentialAction":[{"@type":"SearchAction","target":{"@type":"EntryPoint","urlTemplate":"https:\/\/www.perfectvanwamel.com\/de\/?s={search_term_string}"},"query-input":{"@type":"PropertyValueSpecification","valueRequired":true,"valueName":"search_term_string"}}],"inLanguage":"de"}]}},"_links":{"self":[{"href":"https:\/\/www.perfectvanwamel.com\/de\/wp-json\/wp\/v2\/product\/5571","targetHints":{"allow":["GET"]}}],"collection":[{"href":"https:\/\/www.perfectvanwamel.com\/de\/wp-json\/wp\/v2\/product"}],"about":[{"href":"https:\/\/www.perfectvanwamel.com\/de\/wp-json\/wp\/v2\/types\/product"}],"wp:featuredmedia":[{"embeddable":true,"href":"https:\/\/www.perfectvanwamel.com\/de\/wp-json\/wp\/v2\/media\/27916"}],"wp:attachment":[{"href":"https:\/\/www.perfectvanwamel.com\/de\/wp-json\/wp\/v2\/media?parent=5571"}],"wp:term":[{"taxonomy":"product_brand","embeddable":true,"href":"https:\/\/www.perfectvanwamel.com\/de\/wp-json\/wp\/v2\/product_brand?post=5571"},{"taxonomy":"product_cat","embeddable":true,"href":"https:\/\/www.perfectvanwamel.com\/de\/wp-json\/wp\/v2\/product_cat?post=5571"},{"taxonomy":"product_tag","embeddable":true,"href":"https:\/\/www.perfectvanwamel.com\/de\/wp-json\/wp\/v2\/product_tag?post=5571"}],"curies":[{"name":"wp","href":"https:\/\/api.w.org\/{rel}","templated":true}]}}