{"id":5572,"date":"2020-04-28T08:29:49","date_gmt":"2020-04-28T06:29:49","guid":{"rendered":"https:\/\/www.perfectvanwamel.com\/product\/schlegelmulcher-trigant\/"},"modified":"2020-10-01T10:35:19","modified_gmt":"2020-10-01T08:35:19","slug":"schlegelmulcher-trigant","status":"publish","type":"product","link":"https:\/\/www.perfectvanwamel.com\/de\/produkt\/schlegelmulcher-trigant\/","title":{"rendered":"TRIGANT, Schlegelmulcherset f\u00fcr Selbstfahrm\u00e4her Krone BiG M 450"},"content":{"rendered":"<p>Die TRIGANT M\u00e4hwerke lassen sich ohne weitere Anpassung an den BiG\u00a0M\u00a0450 anbauen. Damit sind alle M\u00f6glichkeiten nutzbar, die Krone in die Entwicklung dieses neuesten BiG\u00a0M-Modells hat einflie\u00dfen lassen, darunter:<\/p>\n<ul>\n<li>Automatische Einstellung der Schlegelwellendrehzahl \u00fcber das Bedienfeld in der Fahrerkabine<\/li>\n<li>Maximale Kapazit\u00e4t mithilfe von Sensoren auf den unteren Riemenscheiben der Schlegelmulcher, die bei Schlupf die Fahrgeschwindigkeit anpassen<\/li>\n<li>Die Seitenmulcher k\u00f6nnen nach oben oder nach hinten ausweichen, um Sch\u00e4den an den M\u00e4hwerken zu verhindern.<\/li>\n<li>Die Mulcher werden nicht geschoben, sondern gezogen.<\/li>\n<li>Hydraulische Bodendruckentlastung, einstellbar aus der Fahrerkabine<\/li>\n<li>Zus\u00e4tzlicher \u00dcberlastschutz durch Gelenkwellen mit \u00dcberlastkupplung<\/li>\n<\/ul>\n<p>Die TRIGANT Mulcher sind mit 2,2\u00a0kg schweren Schwerlast-Schlegeln ausgestattet, die eine sehr gro\u00dfe Schlagkraft generieren und gegen\u00fcber Steinen und anderen harten Objekten best\u00e4ndig sind. Alle drei Einheiten verf\u00fcgen \u00fcber eine verstellbare Auswurfklappe, damit sich auch gro\u00dfvolumiger Bewuchs problemlos verarbeiten l\u00e4sst.<\/p>\n<p>Die Transportbreite eines Krone BiG\u00a0M\u00a0450 mit TRIGANT Schlegelmulchern betr\u00e4gt 3,30\u00a0m.<\/p>\n","protected":false},"excerpt":{"rendered":"<p>H\u00f6chste Leistungsf\u00e4higkeit und Effizienz.<\/p>\n<p>Damit ist eigentlich schon alles gesagt. Es ist der Inbegriff f\u00fcr schnelle und effiziente Bearbeitung von Gr\u00fcnd\u00fcnger, Maisstoppeln und allen anderen Arten von Bewuchs und Bewuchsresten.<\/p>\n<p>Das Mulcherset mit einer Arbeitsbreite von insgesamt 9,20\u00a0m wurde in enger Zusammenarbeit mit KRONE entwickelt. Aufh\u00e4ngung und Antrieb sind vollst\u00e4ndig an den KRONE BiG\u00a0M\u00a0450 angepasst. Dementsprechend funktioniert bei TRIGANT Schlegelmulchern auch die elektronische Drehzahlregelung.<\/p>\n<p>Einige Kennzahlen (Praxistest in Deutschland):<\/p>\n<p>\u2013 Produktivit\u00e4t (ha\/Std.)*: +40\u00a0%<\/p>\n<p>\u2013 Kraftstoffverbrauch (l\/ha)*: -16\u00a0%<\/p>\n<p>\u2013 Kosten (Kraftstoff\u00a0+\u00a0Arbeit, \u20ac\/ha)*: -23\u00a0%<\/p>\n<p>* im Vergleich zu einem Dreifach-Schlegelmulcher<\/p>\n","protected":false},"featured_media":4071,"template":"","meta":{"_acf_changed":false},"product_brand":[],"product_cat":[1231],"product_tag":[],"class_list":{"0":"post-5572","1":"product","2":"type-product","3":"status-publish","4":"has-post-thumbnail","6":"product_cat-schlegelmulcher","8":"first","9":"instock","10":"shipping-taxable","11":"product-type-simple"},"acf":[],"yoast_head":"<!-- This site is optimized with the Yoast SEO plugin v27.4 - https:\/\/yoast.com\/product\/yoast-seo-wordpress\/ -->\n<title>TRIGANT, Schlegelmulcherset f\u00fcr Selbstfahrm\u00e4her Krone BiG M 450 - PERFECT - Van Wamel<\/title>\n<meta name=\"robots\" content=\"index, follow, max-snippet:-1, max-image-preview:large, max-video-preview:-1\" \/>\n<link rel=\"canonical\" href=\"https:\/\/www.perfectvanwamel.com\/de\/produkt\/schlegelmulcher-trigant\/\" \/>\n<meta property=\"og:locale\" content=\"de_DE\" \/>\n<meta property=\"og:type\" content=\"article\" \/>\n<meta property=\"og:title\" content=\"TRIGANT, Schlegelmulcherset f\u00fcr Selbstfahrm\u00e4her Krone BiG M 450 - PERFECT - Van Wamel\" \/>\n<meta property=\"og:description\" content=\"H\u00f6chste Leistungsf\u00e4higkeit und Effizienz.  Damit ist eigentlich schon alles gesagt. Es ist der Inbegriff f\u00fcr schnelle und effiziente Bearbeitung von Gr\u00fcnd\u00fcnger, Maisstoppeln und allen anderen Arten von Bewuchs und Bewuchsresten.  Das Mulcherset mit einer Arbeitsbreite von insgesamt 9,20\u00a0m wurde in enger Zusammenarbeit mit KRONE entwickelt. Aufh\u00e4ngung und Antrieb sind vollst\u00e4ndig an den KRONE BiG\u00a0M\u00a0450 angepasst. Dementsprechend funktioniert bei TRIGANT Schlegelmulchern auch die elektronische Drehzahlregelung.  Einige Kennzahlen (Praxistest in Deutschland):  \u2013 Produktivit\u00e4t (ha\/Std.)*: +40\u00a0%  \u2013 Kraftstoffverbrauch (l\/ha)*: -16\u00a0%  \u2013 Kosten (Kraftstoff\u00a0+\u00a0Arbeit, \u20ac\/ha)*: -23\u00a0%  * im Vergleich zu einem Dreifach-Schlegelmulcher\" \/>\n<meta property=\"og:url\" content=\"https:\/\/www.perfectvanwamel.com\/de\/produkt\/schlegelmulcher-trigant\/\" \/>\n<meta property=\"og:site_name\" content=\"PERFECT - Van Wamel\" \/>\n<meta property=\"article:modified_time\" content=\"2020-10-01T08:35:19+00:00\" \/>\n<meta property=\"og:image\" content=\"https:\/\/staging.perfectvanwamel.com\/wp-content\/uploads\/2020\/04\/PERFECT-klepelmaaier-TRIGANT-Krone-BIGM-in-het-maisveld-1-scaled.jpg\" \/>\n\t<meta property=\"og:image:width\" content=\"2560\" \/>\n\t<meta property=\"og:image:height\" content=\"1920\" \/>\n\t<meta property=\"og:image:type\" content=\"image\/jpeg\" \/>\n<meta name=\"twitter:card\" content=\"summary_large_image\" \/>\n<meta name=\"twitter:label1\" content=\"Gesch\u00e4tzte Lesezeit\" \/>\n\t<meta name=\"twitter:data1\" content=\"1\u00a0Minute\" \/>\n<script type=\"application\/ld+json\" class=\"yoast-schema-graph\">{\"@context\":\"https:\\\/\\\/schema.org\",\"@graph\":[{\"@type\":\"WebPage\",\"@id\":\"https:\\\/\\\/www.perfectvanwamel.com\\\/de\\\/produkt\\\/schlegelmulcher-trigant\\\/\",\"url\":\"https:\\\/\\\/www.perfectvanwamel.com\\\/de\\\/produkt\\\/schlegelmulcher-trigant\\\/\",\"name\":\"TRIGANT, Schlegelmulcherset f\u00fcr Selbstfahrm\u00e4her Krone BiG M 450 - PERFECT - Van Wamel\",\"isPartOf\":{\"@id\":\"https:\\\/\\\/www.perfectvanwamel.com\\\/de\\\/#website\"},\"primaryImageOfPage\":{\"@id\":\"https:\\\/\\\/www.perfectvanwamel.com\\\/de\\\/produkt\\\/schlegelmulcher-trigant\\\/#primaryimage\"},\"image\":{\"@id\":\"https:\\\/\\\/www.perfectvanwamel.com\\\/de\\\/produkt\\\/schlegelmulcher-trigant\\\/#primaryimage\"},\"thumbnailUrl\":\"https:\\\/\\\/www.perfectvanwamel.com\\\/wp-content\\\/uploads\\\/2020\\\/04\\\/PERFECT-klepelmaaier-TRIGANT-Krone-BIGM-in-het-maisveld-1-scaled.jpg\",\"datePublished\":\"2020-04-28T06:29:49+00:00\",\"dateModified\":\"2020-10-01T08:35:19+00:00\",\"breadcrumb\":{\"@id\":\"https:\\\/\\\/www.perfectvanwamel.com\\\/de\\\/produkt\\\/schlegelmulcher-trigant\\\/#breadcrumb\"},\"inLanguage\":\"de\",\"potentialAction\":[{\"@type\":\"ReadAction\",\"target\":[\"https:\\\/\\\/www.perfectvanwamel.com\\\/de\\\/produkt\\\/schlegelmulcher-trigant\\\/\"]}]},{\"@type\":\"ImageObject\",\"inLanguage\":\"de\",\"@id\":\"https:\\\/\\\/www.perfectvanwamel.com\\\/de\\\/produkt\\\/schlegelmulcher-trigant\\\/#primaryimage\",\"url\":\"https:\\\/\\\/www.perfectvanwamel.com\\\/wp-content\\\/uploads\\\/2020\\\/04\\\/PERFECT-klepelmaaier-TRIGANT-Krone-BIGM-in-het-maisveld-1-scaled.jpg\",\"contentUrl\":\"https:\\\/\\\/www.perfectvanwamel.com\\\/wp-content\\\/uploads\\\/2020\\\/04\\\/PERFECT-klepelmaaier-TRIGANT-Krone-BIGM-in-het-maisveld-1-scaled.jpg\",\"width\":2560,\"height\":1920},{\"@type\":\"BreadcrumbList\",\"@id\":\"https:\\\/\\\/www.perfectvanwamel.com\\\/de\\\/produkt\\\/schlegelmulcher-trigant\\\/#breadcrumb\",\"itemListElement\":[{\"@type\":\"ListItem\",\"position\":1,\"name\":\"Home\",\"item\":\"https:\\\/\\\/staging.perfectvanwamel.com\\\/de\\\/\"},{\"@type\":\"ListItem\",\"position\":2,\"name\":\"Produkte\",\"item\":\"https:\\\/\\\/www.perfectvanwamel.com\\\/de\\\/technologie\\\/\"},{\"@type\":\"ListItem\",\"position\":3,\"name\":\"TRIGANT, Schlegelmulcherset f\u00fcr Selbstfahrm\u00e4her Krone BiG M 450\"}]},{\"@type\":\"WebSite\",\"@id\":\"https:\\\/\\\/www.perfectvanwamel.com\\\/de\\\/#website\",\"url\":\"https:\\\/\\\/www.perfectvanwamel.com\\\/de\\\/\",\"name\":\"PERFECT - Van Wamel\",\"description\":\"\",\"potentialAction\":[{\"@type\":\"SearchAction\",\"target\":{\"@type\":\"EntryPoint\",\"urlTemplate\":\"https:\\\/\\\/www.perfectvanwamel.com\\\/de\\\/?s={search_term_string}\"},\"query-input\":{\"@type\":\"PropertyValueSpecification\",\"valueRequired\":true,\"valueName\":\"search_term_string\"}}],\"inLanguage\":\"de\"}]}<\/script>\n<!-- \/ Yoast SEO plugin. -->","yoast_head_json":{"title":"TRIGANT, Schlegelmulcherset f\u00fcr Selbstfahrm\u00e4her Krone BiG M 450 - PERFECT - Van Wamel","robots":{"index":"index","follow":"follow","max-snippet":"max-snippet:-1","max-image-preview":"max-image-preview:large","max-video-preview":"max-video-preview:-1"},"canonical":"https:\/\/www.perfectvanwamel.com\/de\/produkt\/schlegelmulcher-trigant\/","og_locale":"de_DE","og_type":"article","og_title":"TRIGANT, Schlegelmulcherset f\u00fcr Selbstfahrm\u00e4her Krone BiG M 450 - PERFECT - Van Wamel","og_description":"H\u00f6chste Leistungsf\u00e4higkeit und Effizienz.  Damit ist eigentlich schon alles gesagt. Es ist der Inbegriff f\u00fcr schnelle und effiziente Bearbeitung von Gr\u00fcnd\u00fcnger, Maisstoppeln und allen anderen Arten von Bewuchs und Bewuchsresten.  Das Mulcherset mit einer Arbeitsbreite von insgesamt 9,20\u00a0m wurde in enger Zusammenarbeit mit KRONE entwickelt. Aufh\u00e4ngung und Antrieb sind vollst\u00e4ndig an den KRONE BiG\u00a0M\u00a0450 angepasst. Dementsprechend funktioniert bei TRIGANT Schlegelmulchern auch die elektronische Drehzahlregelung.  Einige Kennzahlen (Praxistest in Deutschland):  \u2013 Produktivit\u00e4t (ha\/Std.)*: +40\u00a0%  \u2013 Kraftstoffverbrauch (l\/ha)*: -16\u00a0%  \u2013 Kosten (Kraftstoff\u00a0+\u00a0Arbeit, \u20ac\/ha)*: -23\u00a0%  * im Vergleich zu einem Dreifach-Schlegelmulcher","og_url":"https:\/\/www.perfectvanwamel.com\/de\/produkt\/schlegelmulcher-trigant\/","og_site_name":"PERFECT - Van Wamel","article_modified_time":"2020-10-01T08:35:19+00:00","og_image":[{"width":2560,"height":1920,"url":"https:\/\/staging.perfectvanwamel.com\/wp-content\/uploads\/2020\/04\/PERFECT-klepelmaaier-TRIGANT-Krone-BIGM-in-het-maisveld-1-scaled.jpg","type":"image\/jpeg"}],"twitter_card":"summary_large_image","twitter_misc":{"Gesch\u00e4tzte Lesezeit":"1\u00a0Minute"},"schema":{"@context":"https:\/\/schema.org","@graph":[{"@type":"WebPage","@id":"https:\/\/www.perfectvanwamel.com\/de\/produkt\/schlegelmulcher-trigant\/","url":"https:\/\/www.perfectvanwamel.com\/de\/produkt\/schlegelmulcher-trigant\/","name":"TRIGANT, Schlegelmulcherset f\u00fcr Selbstfahrm\u00e4her Krone BiG M 450 - PERFECT - Van Wamel","isPartOf":{"@id":"https:\/\/www.perfectvanwamel.com\/de\/#website"},"primaryImageOfPage":{"@id":"https:\/\/www.perfectvanwamel.com\/de\/produkt\/schlegelmulcher-trigant\/#primaryimage"},"image":{"@id":"https:\/\/www.perfectvanwamel.com\/de\/produkt\/schlegelmulcher-trigant\/#primaryimage"},"thumbnailUrl":"https:\/\/www.perfectvanwamel.com\/wp-content\/uploads\/2020\/04\/PERFECT-klepelmaaier-TRIGANT-Krone-BIGM-in-het-maisveld-1-scaled.jpg","datePublished":"2020-04-28T06:29:49+00:00","dateModified":"2020-10-01T08:35:19+00:00","breadcrumb":{"@id":"https:\/\/www.perfectvanwamel.com\/de\/produkt\/schlegelmulcher-trigant\/#breadcrumb"},"inLanguage":"de","potentialAction":[{"@type":"ReadAction","target":["https:\/\/www.perfectvanwamel.com\/de\/produkt\/schlegelmulcher-trigant\/"]}]},{"@type":"ImageObject","inLanguage":"de","@id":"https:\/\/www.perfectvanwamel.com\/de\/produkt\/schlegelmulcher-trigant\/#primaryimage","url":"https:\/\/www.perfectvanwamel.com\/wp-content\/uploads\/2020\/04\/PERFECT-klepelmaaier-TRIGANT-Krone-BIGM-in-het-maisveld-1-scaled.jpg","contentUrl":"https:\/\/www.perfectvanwamel.com\/wp-content\/uploads\/2020\/04\/PERFECT-klepelmaaier-TRIGANT-Krone-BIGM-in-het-maisveld-1-scaled.jpg","width":2560,"height":1920},{"@type":"BreadcrumbList","@id":"https:\/\/www.perfectvanwamel.com\/de\/produkt\/schlegelmulcher-trigant\/#breadcrumb","itemListElement":[{"@type":"ListItem","position":1,"name":"Home","item":"https:\/\/staging.perfectvanwamel.com\/de\/"},{"@type":"ListItem","position":2,"name":"Produkte","item":"https:\/\/www.perfectvanwamel.com\/de\/technologie\/"},{"@type":"ListItem","position":3,"name":"TRIGANT, Schlegelmulcherset f\u00fcr Selbstfahrm\u00e4her Krone BiG M 450"}]},{"@type":"WebSite","@id":"https:\/\/www.perfectvanwamel.com\/de\/#website","url":"https:\/\/www.perfectvanwamel.com\/de\/","name":"PERFECT - Van Wamel","description":"","potentialAction":[{"@type":"SearchAction","target":{"@type":"EntryPoint","urlTemplate":"https:\/\/www.perfectvanwamel.com\/de\/?s={search_term_string}"},"query-input":{"@type":"PropertyValueSpecification","valueRequired":true,"valueName":"search_term_string"}}],"inLanguage":"de"}]}},"_links":{"self":[{"href":"https:\/\/www.perfectvanwamel.com\/de\/wp-json\/wp\/v2\/product\/5572","targetHints":{"allow":["GET"]}}],"collection":[{"href":"https:\/\/www.perfectvanwamel.com\/de\/wp-json\/wp\/v2\/product"}],"about":[{"href":"https:\/\/www.perfectvanwamel.com\/de\/wp-json\/wp\/v2\/types\/product"}],"wp:featuredmedia":[{"embeddable":true,"href":"https:\/\/www.perfectvanwamel.com\/de\/wp-json\/wp\/v2\/media\/4071"}],"wp:attachment":[{"href":"https:\/\/www.perfectvanwamel.com\/de\/wp-json\/wp\/v2\/media?parent=5572"}],"wp:term":[{"taxonomy":"product_brand","embeddable":true,"href":"https:\/\/www.perfectvanwamel.com\/de\/wp-json\/wp\/v2\/product_brand?post=5572"},{"taxonomy":"product_cat","embeddable":true,"href":"https:\/\/www.perfectvanwamel.com\/de\/wp-json\/wp\/v2\/product_cat?post=5572"},{"taxonomy":"product_tag","embeddable":true,"href":"https:\/\/www.perfectvanwamel.com\/de\/wp-json\/wp\/v2\/product_tag?post=5572"}],"curies":[{"name":"wp","href":"https:\/\/api.w.org\/{rel}","templated":true}]}}