{"id":5573,"date":"2020-04-28T08:22:25","date_gmt":"2020-04-28T06:22:25","guid":{"rendered":"https:\/\/www.perfectvanwamel.com\/product\/schlegelmulcher-triwing\/"},"modified":"2020-10-29T20:31:11","modified_gmt":"2020-10-29T19:31:11","slug":"schlegelmulcher-triwing","status":"publish","type":"product","link":"https:\/\/www.perfectvanwamel.com\/de\/produkt\/schlegelmulcher-triwing\/","title":{"rendered":"TRIWING, Schwerlast-Schlegelmulcherset mit 8,60 m Arbeitsbreite"},"content":{"rendered":"<p>Angetrieben werden die Seitenm\u00e4her \u00fcber zwei schwere Zahnradgetriebe und schwere Antriebswellen.\u00a0 Der Verzicht auf ein einzelnes zentrales Zahnradgetriebe erh\u00f6ht die Zuverl\u00e4ssigkeit der Maschine erheblich.<\/p>\n<p>Die 3,20\u00a0m breiten Schwerlast-Seitenmulcher sind in einem \u00e4u\u00dferst soliden Tragrahmen aufgeh\u00e4ngt. Dank der einstellbaren Bodendruckentlastung zeichnet sich die Maschine unter allen Bedingungen durch perfekte Bodenanpassung aus. Mit der einzigartigen gezogenen Aufh\u00e4ngung des Frontm\u00e4hers ist eine wesentlich flexiblere Bodenauflage m\u00f6glich als bei einer \u201egeschobenen\u201c Maschine. Das f\u00fchrt im Ergebnis nat\u00fcrlich auch zu Kraftstoffeinsparungen.<\/p>\n<p>Die 400\u00a0kg schweren Schlegelwellen generieren eine enorme Schlagkraft, sodass sich auch gro\u00dfvolumiger und z\u00e4her Bewuchs oder Bewuchsreste h\u00e4ckseln lassen. Dank der verstellbaren Heckklappen kann der TRIWING auch gro\u00dfvolumige Bewuchsreste wie etwa Maisstroh schneller und mit weniger Widerstand verarbeiten\u00a0\u2013 und damit nat\u00fcrlich auch kraftstoffsparend.<\/p>\n","protected":false},"excerpt":{"rendered":"<p>Der TRIWING Schlegelmulcher kombiniert unerreichten Durchsatz mit hoher Kraftstoffeffizienz. Die einzigartige \u201eschwebende\u201c Aufh\u00e4ngung sowohl der Front- als auch der Seitenm\u00e4her sorgt f\u00fcr reibungslose Bodenanpassung und erlaubt hohe Fahrgeschwindigkeiten.<\/p>\n","protected":false},"featured_media":5981,"template":"","meta":{"_acf_changed":false},"product_brand":[],"product_cat":[1231],"product_tag":[],"class_list":{"0":"post-5573","1":"product","2":"type-product","3":"status-publish","4":"has-post-thumbnail","6":"product_cat-schlegelmulcher","7":"pa_aftakas-opm-1000-de","8":"pa_denkende-schijf-nein","9":"pa_hefinrichting-tractor-cat-iii-iv-de","10":"pa_min-benodigd-vermogen-kw-pk-185-250-de","11":"pa_werkbreedte-cm-860-de","13":"first","14":"instock","15":"shipping-taxable","16":"product-type-simple"},"acf":[],"yoast_head":"<!-- This site is optimized with the Yoast SEO plugin v27.5 - https:\/\/yoast.com\/product\/yoast-seo-wordpress\/ -->\n<title>TRIWING, Schwerlast-Schlegelmulcherset mit 8,60 m Arbeitsbreite - PERFECT - Van Wamel<\/title>\n<meta name=\"robots\" content=\"index, follow, max-snippet:-1, max-image-preview:large, max-video-preview:-1\" \/>\n<link rel=\"canonical\" href=\"https:\/\/www.perfectvanwamel.com\/de\/produkt\/schlegelmulcher-triwing\/\" \/>\n<meta property=\"og:locale\" content=\"de_DE\" \/>\n<meta property=\"og:type\" content=\"article\" \/>\n<meta property=\"og:title\" content=\"TRIWING, Schwerlast-Schlegelmulcherset mit 8,60 m Arbeitsbreite - PERFECT - Van Wamel\" \/>\n<meta property=\"og:description\" content=\"Der TRIWING Schlegelmulcher kombiniert unerreichten Durchsatz mit hoher Kraftstoffeffizienz. Die einzigartige \u201eschwebende\u201c Aufh\u00e4ngung sowohl der Front- als auch der Seitenm\u00e4her sorgt f\u00fcr reibungslose Bodenanpassung und erlaubt hohe Fahrgeschwindigkeiten.\" \/>\n<meta property=\"og:url\" content=\"https:\/\/www.perfectvanwamel.com\/de\/produkt\/schlegelmulcher-triwing\/\" \/>\n<meta property=\"og:site_name\" content=\"PERFECT - Van Wamel\" \/>\n<meta property=\"article:modified_time\" content=\"2020-10-29T19:31:11+00:00\" \/>\n<meta property=\"og:image\" content=\"https:\/\/staging.perfectvanwamel.com\/wp-content\/uploads\/2020\/04\/PERFECT-Triwing-11-scaled.jpg\" \/>\n\t<meta property=\"og:image:width\" content=\"2560\" \/>\n\t<meta property=\"og:image:height\" content=\"1920\" \/>\n\t<meta property=\"og:image:type\" content=\"image\/jpeg\" \/>\n<meta name=\"twitter:card\" content=\"summary_large_image\" \/>\n<meta name=\"twitter:label1\" content=\"Gesch\u00e4tzte Lesezeit\" \/>\n\t<meta name=\"twitter:data1\" content=\"1\u00a0Minute\" \/>\n<script type=\"application\/ld+json\" class=\"yoast-schema-graph\">{\"@context\":\"https:\\\/\\\/schema.org\",\"@graph\":[{\"@type\":\"WebPage\",\"@id\":\"https:\\\/\\\/www.perfectvanwamel.com\\\/de\\\/produkt\\\/schlegelmulcher-triwing\\\/\",\"url\":\"https:\\\/\\\/www.perfectvanwamel.com\\\/de\\\/produkt\\\/schlegelmulcher-triwing\\\/\",\"name\":\"TRIWING, Schwerlast-Schlegelmulcherset mit 8,60 m Arbeitsbreite - PERFECT - Van Wamel\",\"isPartOf\":{\"@id\":\"https:\\\/\\\/www.perfectvanwamel.com\\\/de\\\/#website\"},\"primaryImageOfPage\":{\"@id\":\"https:\\\/\\\/www.perfectvanwamel.com\\\/de\\\/produkt\\\/schlegelmulcher-triwing\\\/#primaryimage\"},\"image\":{\"@id\":\"https:\\\/\\\/www.perfectvanwamel.com\\\/de\\\/produkt\\\/schlegelmulcher-triwing\\\/#primaryimage\"},\"thumbnailUrl\":\"https:\\\/\\\/www.perfectvanwamel.com\\\/wp-content\\\/uploads\\\/2020\\\/04\\\/PERFECT-Triwing-11-scaled.jpg\",\"datePublished\":\"2020-04-28T06:22:25+00:00\",\"dateModified\":\"2020-10-29T19:31:11+00:00\",\"breadcrumb\":{\"@id\":\"https:\\\/\\\/www.perfectvanwamel.com\\\/de\\\/produkt\\\/schlegelmulcher-triwing\\\/#breadcrumb\"},\"inLanguage\":\"de\",\"potentialAction\":[{\"@type\":\"ReadAction\",\"target\":[\"https:\\\/\\\/www.perfectvanwamel.com\\\/de\\\/produkt\\\/schlegelmulcher-triwing\\\/\"]}]},{\"@type\":\"ImageObject\",\"inLanguage\":\"de\",\"@id\":\"https:\\\/\\\/www.perfectvanwamel.com\\\/de\\\/produkt\\\/schlegelmulcher-triwing\\\/#primaryimage\",\"url\":\"https:\\\/\\\/www.perfectvanwamel.com\\\/wp-content\\\/uploads\\\/2020\\\/04\\\/PERFECT-Triwing-11-scaled.jpg\",\"contentUrl\":\"https:\\\/\\\/www.perfectvanwamel.com\\\/wp-content\\\/uploads\\\/2020\\\/04\\\/PERFECT-Triwing-11-scaled.jpg\",\"width\":2560,\"height\":1920},{\"@type\":\"BreadcrumbList\",\"@id\":\"https:\\\/\\\/www.perfectvanwamel.com\\\/de\\\/produkt\\\/schlegelmulcher-triwing\\\/#breadcrumb\",\"itemListElement\":[{\"@type\":\"ListItem\",\"position\":1,\"name\":\"Home\",\"item\":\"https:\\\/\\\/staging.perfectvanwamel.com\\\/de\\\/\"},{\"@type\":\"ListItem\",\"position\":2,\"name\":\"Produkte\",\"item\":\"https:\\\/\\\/www.perfectvanwamel.com\\\/de\\\/technologie\\\/\"},{\"@type\":\"ListItem\",\"position\":3,\"name\":\"TRIWING, Schwerlast-Schlegelmulcherset mit 8,60 m Arbeitsbreite\"}]},{\"@type\":\"WebSite\",\"@id\":\"https:\\\/\\\/www.perfectvanwamel.com\\\/de\\\/#website\",\"url\":\"https:\\\/\\\/www.perfectvanwamel.com\\\/de\\\/\",\"name\":\"PERFECT - Van Wamel\",\"description\":\"\",\"potentialAction\":[{\"@type\":\"SearchAction\",\"target\":{\"@type\":\"EntryPoint\",\"urlTemplate\":\"https:\\\/\\\/www.perfectvanwamel.com\\\/de\\\/?s={search_term_string}\"},\"query-input\":{\"@type\":\"PropertyValueSpecification\",\"valueRequired\":true,\"valueName\":\"search_term_string\"}}],\"inLanguage\":\"de\"}]}<\/script>\n<!-- \/ Yoast SEO plugin. -->","yoast_head_json":{"title":"TRIWING, Schwerlast-Schlegelmulcherset mit 8,60 m Arbeitsbreite - PERFECT - Van Wamel","robots":{"index":"index","follow":"follow","max-snippet":"max-snippet:-1","max-image-preview":"max-image-preview:large","max-video-preview":"max-video-preview:-1"},"canonical":"https:\/\/www.perfectvanwamel.com\/de\/produkt\/schlegelmulcher-triwing\/","og_locale":"de_DE","og_type":"article","og_title":"TRIWING, Schwerlast-Schlegelmulcherset mit 8,60 m Arbeitsbreite - PERFECT - Van Wamel","og_description":"Der TRIWING Schlegelmulcher kombiniert unerreichten Durchsatz mit hoher Kraftstoffeffizienz. Die einzigartige \u201eschwebende\u201c Aufh\u00e4ngung sowohl der Front- als auch der Seitenm\u00e4her sorgt f\u00fcr reibungslose Bodenanpassung und erlaubt hohe Fahrgeschwindigkeiten.","og_url":"https:\/\/www.perfectvanwamel.com\/de\/produkt\/schlegelmulcher-triwing\/","og_site_name":"PERFECT - Van Wamel","article_modified_time":"2020-10-29T19:31:11+00:00","og_image":[{"width":2560,"height":1920,"url":"https:\/\/staging.perfectvanwamel.com\/wp-content\/uploads\/2020\/04\/PERFECT-Triwing-11-scaled.jpg","type":"image\/jpeg"}],"twitter_card":"summary_large_image","twitter_misc":{"Gesch\u00e4tzte Lesezeit":"1\u00a0Minute"},"schema":{"@context":"https:\/\/schema.org","@graph":[{"@type":"WebPage","@id":"https:\/\/www.perfectvanwamel.com\/de\/produkt\/schlegelmulcher-triwing\/","url":"https:\/\/www.perfectvanwamel.com\/de\/produkt\/schlegelmulcher-triwing\/","name":"TRIWING, Schwerlast-Schlegelmulcherset mit 8,60 m Arbeitsbreite - PERFECT - Van Wamel","isPartOf":{"@id":"https:\/\/www.perfectvanwamel.com\/de\/#website"},"primaryImageOfPage":{"@id":"https:\/\/www.perfectvanwamel.com\/de\/produkt\/schlegelmulcher-triwing\/#primaryimage"},"image":{"@id":"https:\/\/www.perfectvanwamel.com\/de\/produkt\/schlegelmulcher-triwing\/#primaryimage"},"thumbnailUrl":"https:\/\/www.perfectvanwamel.com\/wp-content\/uploads\/2020\/04\/PERFECT-Triwing-11-scaled.jpg","datePublished":"2020-04-28T06:22:25+00:00","dateModified":"2020-10-29T19:31:11+00:00","breadcrumb":{"@id":"https:\/\/www.perfectvanwamel.com\/de\/produkt\/schlegelmulcher-triwing\/#breadcrumb"},"inLanguage":"de","potentialAction":[{"@type":"ReadAction","target":["https:\/\/www.perfectvanwamel.com\/de\/produkt\/schlegelmulcher-triwing\/"]}]},{"@type":"ImageObject","inLanguage":"de","@id":"https:\/\/www.perfectvanwamel.com\/de\/produkt\/schlegelmulcher-triwing\/#primaryimage","url":"https:\/\/www.perfectvanwamel.com\/wp-content\/uploads\/2020\/04\/PERFECT-Triwing-11-scaled.jpg","contentUrl":"https:\/\/www.perfectvanwamel.com\/wp-content\/uploads\/2020\/04\/PERFECT-Triwing-11-scaled.jpg","width":2560,"height":1920},{"@type":"BreadcrumbList","@id":"https:\/\/www.perfectvanwamel.com\/de\/produkt\/schlegelmulcher-triwing\/#breadcrumb","itemListElement":[{"@type":"ListItem","position":1,"name":"Home","item":"https:\/\/staging.perfectvanwamel.com\/de\/"},{"@type":"ListItem","position":2,"name":"Produkte","item":"https:\/\/www.perfectvanwamel.com\/de\/technologie\/"},{"@type":"ListItem","position":3,"name":"TRIWING, Schwerlast-Schlegelmulcherset mit 8,60 m Arbeitsbreite"}]},{"@type":"WebSite","@id":"https:\/\/www.perfectvanwamel.com\/de\/#website","url":"https:\/\/www.perfectvanwamel.com\/de\/","name":"PERFECT - Van Wamel","description":"","potentialAction":[{"@type":"SearchAction","target":{"@type":"EntryPoint","urlTemplate":"https:\/\/www.perfectvanwamel.com\/de\/?s={search_term_string}"},"query-input":{"@type":"PropertyValueSpecification","valueRequired":true,"valueName":"search_term_string"}}],"inLanguage":"de"}]}},"_links":{"self":[{"href":"https:\/\/www.perfectvanwamel.com\/de\/wp-json\/wp\/v2\/product\/5573","targetHints":{"allow":["GET"]}}],"collection":[{"href":"https:\/\/www.perfectvanwamel.com\/de\/wp-json\/wp\/v2\/product"}],"about":[{"href":"https:\/\/www.perfectvanwamel.com\/de\/wp-json\/wp\/v2\/types\/product"}],"wp:featuredmedia":[{"embeddable":true,"href":"https:\/\/www.perfectvanwamel.com\/de\/wp-json\/wp\/v2\/media\/5981"}],"wp:attachment":[{"href":"https:\/\/www.perfectvanwamel.com\/de\/wp-json\/wp\/v2\/media?parent=5573"}],"wp:term":[{"taxonomy":"product_brand","embeddable":true,"href":"https:\/\/www.perfectvanwamel.com\/de\/wp-json\/wp\/v2\/product_brand?post=5573"},{"taxonomy":"product_cat","embeddable":true,"href":"https:\/\/www.perfectvanwamel.com\/de\/wp-json\/wp\/v2\/product_cat?post=5573"},{"taxonomy":"product_tag","embeddable":true,"href":"https:\/\/www.perfectvanwamel.com\/de\/wp-json\/wp\/v2\/product_tag?post=5573"}],"curies":[{"name":"wp","href":"https:\/\/api.w.org\/{rel}","templated":true}]}}