{"id":5574,"date":"2020-04-28T08:13:02","date_gmt":"2020-04-28T06:13:02","guid":{"rendered":"https:\/\/www.perfectvanwamel.com\/product\/schlegelmulcher-rx-620\/"},"modified":"2020-10-01T10:24:35","modified_gmt":"2020-10-01T08:24:35","slug":"schlegelmulcher-rx-620","status":"publish","type":"product","link":"https:\/\/www.perfectvanwamel.com\/de\/produkt\/schlegelmulcher-rx-620\/","title":{"rendered":"RX-620, Gezogener Doppel-Schlegelmulcher f\u00fcr hohe Belastungen"},"content":{"rendered":"<p>Beide Schlegelmulcher haben ihren eigenen Zahnradantrieb. Die 3,20\u00a0m breiten Schlegelmulcher verf\u00fcgen \u00fcber eine besonders dicke Schlegelwelle und einen Keilriemenantrieb mit f\u00fcnf automatisch gespannten Keilriemen. In Kombination mit der 400\u00a0kg schweren Schlegelwelle generiert dieser Antrieb eine un\u00fcbertroffene Schlagkraft und sorgt f\u00fcr extrem hohen Durchsatz.<\/p>\n<p>Dank der variablen Bodendruckentlastung ist eine hohe Fahrgeschwindigkeit m\u00f6glich. F\u00fcr den Stra\u00dfentransport werden beide Mulcher hydraulisch hochgeklappt.<\/p>\n<p>Der RX-620 ist serienm\u00e4\u00dfig mit 2,2\u00a0kg schweren Schlegeln f\u00fcr intensive Belastungen ausgestattet, kann aber auch mit 0,9\u00a0kg schweren Schlegeln geliefert werden, die \u00fcber eine gerade Schnittfl\u00e4che verf\u00fcgen und bei Gras f\u00fcr optimale M\u00e4hqualit\u00e4t sorgen.<br \/>\nWenn sowohl Schlagkraft als auch M\u00e4hqualit\u00e4t von gr\u00f6\u00dfter Wichtigkeit sind, stellen die 2,7\u00a0kg schweren Kombischlegel die ideale L\u00f6sung dar.<\/p>\n","protected":false},"excerpt":{"rendered":"<p>Der RX-620 besteht aus zwei Schwerlast-Schlegelmulchern mit einer Breite von 3,20\u00a0m. Dank der raffinierten Anbringung an einem gezogenen Rahmen profitieren Anwender von hohem Durchsatz und einer \u00dcberschneidung auf gro\u00dfer Arbeitsbreite, ohne dass eine sehr schwere Zugmaschine ben\u00f6tigt wird: Ein Traktor mit 150\u00a0PS ist f\u00fcr die Arbeit mit dem RX-620 ausreichend.<\/p>\n","protected":false},"featured_media":13277,"template":"","meta":{"_acf_changed":false},"product_brand":[],"product_cat":[1231],"product_tag":[],"class_list":{"0":"post-5574","1":"product","2":"type-product","3":"status-publish","4":"has-post-thumbnail","6":"product_cat-schlegelmulcher","7":"pa_aftakas-opm-1000-de","8":"pa_denkende-schijf-nein","9":"pa_min-benodigd-vermogen-kw-pk-113-150-de","10":"pa_werkbreedte-cm-620-de","12":"first","13":"instock","14":"shipping-taxable","15":"product-type-simple"},"acf":[],"yoast_head":"<!-- This site is optimized with the Yoast SEO plugin v27.5 - https:\/\/yoast.com\/product\/yoast-seo-wordpress\/ -->\n<title>RX-620, Gezogener Doppel-Schlegelmulcher f\u00fcr hohe Belastungen - PERFECT - Van Wamel<\/title>\n<meta name=\"robots\" content=\"index, follow, max-snippet:-1, max-image-preview:large, max-video-preview:-1\" \/>\n<link rel=\"canonical\" href=\"https:\/\/www.perfectvanwamel.com\/de\/produkt\/schlegelmulcher-rx-620\/\" \/>\n<meta property=\"og:locale\" content=\"de_DE\" \/>\n<meta property=\"og:type\" content=\"article\" \/>\n<meta property=\"og:title\" content=\"RX-620, Gezogener Doppel-Schlegelmulcher f\u00fcr hohe Belastungen - PERFECT - Van Wamel\" \/>\n<meta property=\"og:description\" content=\"Der RX-620 besteht aus zwei Schwerlast-Schlegelmulchern mit einer Breite von 3,20\u00a0m. Dank der raffinierten Anbringung an einem gezogenen Rahmen profitieren Anwender von hohem Durchsatz und einer \u00dcberschneidung auf gro\u00dfer Arbeitsbreite, ohne dass eine sehr schwere Zugmaschine ben\u00f6tigt wird: Ein Traktor mit 150\u00a0PS ist f\u00fcr die Arbeit mit dem RX-620 ausreichend.\" \/>\n<meta property=\"og:url\" content=\"https:\/\/www.perfectvanwamel.com\/de\/produkt\/schlegelmulcher-rx-620\/\" \/>\n<meta property=\"og:site_name\" content=\"PERFECT - Van Wamel\" \/>\n<meta property=\"article:modified_time\" content=\"2020-10-01T08:24:35+00:00\" \/>\n<meta property=\"og:image\" content=\"https:\/\/staging.perfectvanwamel.com\/wp-content\/uploads\/2020\/04\/01-PERFECT-klepelmaaier-RX-620.jpg\" \/>\n\t<meta property=\"og:image:width\" content=\"1600\" \/>\n\t<meta property=\"og:image:height\" content=\"1200\" \/>\n\t<meta property=\"og:image:type\" content=\"image\/jpeg\" \/>\n<meta name=\"twitter:card\" content=\"summary_large_image\" \/>\n<meta name=\"twitter:label1\" content=\"Gesch\u00e4tzte Lesezeit\" \/>\n\t<meta name=\"twitter:data1\" content=\"1\u00a0Minute\" \/>\n<script type=\"application\/ld+json\" class=\"yoast-schema-graph\">{\"@context\":\"https:\\\/\\\/schema.org\",\"@graph\":[{\"@type\":\"WebPage\",\"@id\":\"https:\\\/\\\/www.perfectvanwamel.com\\\/de\\\/produkt\\\/schlegelmulcher-rx-620\\\/\",\"url\":\"https:\\\/\\\/www.perfectvanwamel.com\\\/de\\\/produkt\\\/schlegelmulcher-rx-620\\\/\",\"name\":\"RX-620, Gezogener Doppel-Schlegelmulcher f\u00fcr hohe Belastungen - PERFECT - Van Wamel\",\"isPartOf\":{\"@id\":\"https:\\\/\\\/www.perfectvanwamel.com\\\/de\\\/#website\"},\"primaryImageOfPage\":{\"@id\":\"https:\\\/\\\/www.perfectvanwamel.com\\\/de\\\/produkt\\\/schlegelmulcher-rx-620\\\/#primaryimage\"},\"image\":{\"@id\":\"https:\\\/\\\/www.perfectvanwamel.com\\\/de\\\/produkt\\\/schlegelmulcher-rx-620\\\/#primaryimage\"},\"thumbnailUrl\":\"https:\\\/\\\/www.perfectvanwamel.com\\\/wp-content\\\/uploads\\\/2020\\\/04\\\/RX-620-en-NH-Agrotrans-vrijstaand.png\",\"datePublished\":\"2020-04-28T06:13:02+00:00\",\"dateModified\":\"2020-10-01T08:24:35+00:00\",\"breadcrumb\":{\"@id\":\"https:\\\/\\\/www.perfectvanwamel.com\\\/de\\\/produkt\\\/schlegelmulcher-rx-620\\\/#breadcrumb\"},\"inLanguage\":\"de\",\"potentialAction\":[{\"@type\":\"ReadAction\",\"target\":[\"https:\\\/\\\/www.perfectvanwamel.com\\\/de\\\/produkt\\\/schlegelmulcher-rx-620\\\/\"]}]},{\"@type\":\"ImageObject\",\"inLanguage\":\"de\",\"@id\":\"https:\\\/\\\/www.perfectvanwamel.com\\\/de\\\/produkt\\\/schlegelmulcher-rx-620\\\/#primaryimage\",\"url\":\"https:\\\/\\\/www.perfectvanwamel.com\\\/wp-content\\\/uploads\\\/2020\\\/04\\\/RX-620-en-NH-Agrotrans-vrijstaand.png\",\"contentUrl\":\"https:\\\/\\\/www.perfectvanwamel.com\\\/wp-content\\\/uploads\\\/2020\\\/04\\\/RX-620-en-NH-Agrotrans-vrijstaand.png\",\"width\":1600,\"height\":1200,\"caption\":\"RX vrijstaand\"},{\"@type\":\"BreadcrumbList\",\"@id\":\"https:\\\/\\\/www.perfectvanwamel.com\\\/de\\\/produkt\\\/schlegelmulcher-rx-620\\\/#breadcrumb\",\"itemListElement\":[{\"@type\":\"ListItem\",\"position\":1,\"name\":\"Home\",\"item\":\"https:\\\/\\\/staging.perfectvanwamel.com\\\/de\\\/\"},{\"@type\":\"ListItem\",\"position\":2,\"name\":\"Produkte\",\"item\":\"https:\\\/\\\/www.perfectvanwamel.com\\\/de\\\/technologie\\\/\"},{\"@type\":\"ListItem\",\"position\":3,\"name\":\"RX-620, Gezogener Doppel-Schlegelmulcher f\u00fcr hohe Belastungen\"}]},{\"@type\":\"WebSite\",\"@id\":\"https:\\\/\\\/www.perfectvanwamel.com\\\/de\\\/#website\",\"url\":\"https:\\\/\\\/www.perfectvanwamel.com\\\/de\\\/\",\"name\":\"PERFECT - Van Wamel\",\"description\":\"\",\"potentialAction\":[{\"@type\":\"SearchAction\",\"target\":{\"@type\":\"EntryPoint\",\"urlTemplate\":\"https:\\\/\\\/www.perfectvanwamel.com\\\/de\\\/?s={search_term_string}\"},\"query-input\":{\"@type\":\"PropertyValueSpecification\",\"valueRequired\":true,\"valueName\":\"search_term_string\"}}],\"inLanguage\":\"de\"}]}<\/script>\n<!-- \/ Yoast SEO plugin. -->","yoast_head_json":{"title":"RX-620, Gezogener Doppel-Schlegelmulcher f\u00fcr hohe Belastungen - PERFECT - Van Wamel","robots":{"index":"index","follow":"follow","max-snippet":"max-snippet:-1","max-image-preview":"max-image-preview:large","max-video-preview":"max-video-preview:-1"},"canonical":"https:\/\/www.perfectvanwamel.com\/de\/produkt\/schlegelmulcher-rx-620\/","og_locale":"de_DE","og_type":"article","og_title":"RX-620, Gezogener Doppel-Schlegelmulcher f\u00fcr hohe Belastungen - PERFECT - Van Wamel","og_description":"Der RX-620 besteht aus zwei Schwerlast-Schlegelmulchern mit einer Breite von 3,20\u00a0m. Dank der raffinierten Anbringung an einem gezogenen Rahmen profitieren Anwender von hohem Durchsatz und einer \u00dcberschneidung auf gro\u00dfer Arbeitsbreite, ohne dass eine sehr schwere Zugmaschine ben\u00f6tigt wird: Ein Traktor mit 150\u00a0PS ist f\u00fcr die Arbeit mit dem RX-620 ausreichend.","og_url":"https:\/\/www.perfectvanwamel.com\/de\/produkt\/schlegelmulcher-rx-620\/","og_site_name":"PERFECT - Van Wamel","article_modified_time":"2020-10-01T08:24:35+00:00","og_image":[{"width":1600,"height":1200,"url":"https:\/\/staging.perfectvanwamel.com\/wp-content\/uploads\/2020\/04\/01-PERFECT-klepelmaaier-RX-620.jpg","type":"image\/jpeg"}],"twitter_card":"summary_large_image","twitter_misc":{"Gesch\u00e4tzte Lesezeit":"1\u00a0Minute"},"schema":{"@context":"https:\/\/schema.org","@graph":[{"@type":"WebPage","@id":"https:\/\/www.perfectvanwamel.com\/de\/produkt\/schlegelmulcher-rx-620\/","url":"https:\/\/www.perfectvanwamel.com\/de\/produkt\/schlegelmulcher-rx-620\/","name":"RX-620, Gezogener Doppel-Schlegelmulcher f\u00fcr hohe Belastungen - PERFECT - Van Wamel","isPartOf":{"@id":"https:\/\/www.perfectvanwamel.com\/de\/#website"},"primaryImageOfPage":{"@id":"https:\/\/www.perfectvanwamel.com\/de\/produkt\/schlegelmulcher-rx-620\/#primaryimage"},"image":{"@id":"https:\/\/www.perfectvanwamel.com\/de\/produkt\/schlegelmulcher-rx-620\/#primaryimage"},"thumbnailUrl":"https:\/\/www.perfectvanwamel.com\/wp-content\/uploads\/2020\/04\/RX-620-en-NH-Agrotrans-vrijstaand.png","datePublished":"2020-04-28T06:13:02+00:00","dateModified":"2020-10-01T08:24:35+00:00","breadcrumb":{"@id":"https:\/\/www.perfectvanwamel.com\/de\/produkt\/schlegelmulcher-rx-620\/#breadcrumb"},"inLanguage":"de","potentialAction":[{"@type":"ReadAction","target":["https:\/\/www.perfectvanwamel.com\/de\/produkt\/schlegelmulcher-rx-620\/"]}]},{"@type":"ImageObject","inLanguage":"de","@id":"https:\/\/www.perfectvanwamel.com\/de\/produkt\/schlegelmulcher-rx-620\/#primaryimage","url":"https:\/\/www.perfectvanwamel.com\/wp-content\/uploads\/2020\/04\/RX-620-en-NH-Agrotrans-vrijstaand.png","contentUrl":"https:\/\/www.perfectvanwamel.com\/wp-content\/uploads\/2020\/04\/RX-620-en-NH-Agrotrans-vrijstaand.png","width":1600,"height":1200,"caption":"RX vrijstaand"},{"@type":"BreadcrumbList","@id":"https:\/\/www.perfectvanwamel.com\/de\/produkt\/schlegelmulcher-rx-620\/#breadcrumb","itemListElement":[{"@type":"ListItem","position":1,"name":"Home","item":"https:\/\/staging.perfectvanwamel.com\/de\/"},{"@type":"ListItem","position":2,"name":"Produkte","item":"https:\/\/www.perfectvanwamel.com\/de\/technologie\/"},{"@type":"ListItem","position":3,"name":"RX-620, Gezogener Doppel-Schlegelmulcher f\u00fcr hohe Belastungen"}]},{"@type":"WebSite","@id":"https:\/\/www.perfectvanwamel.com\/de\/#website","url":"https:\/\/www.perfectvanwamel.com\/de\/","name":"PERFECT - Van Wamel","description":"","potentialAction":[{"@type":"SearchAction","target":{"@type":"EntryPoint","urlTemplate":"https:\/\/www.perfectvanwamel.com\/de\/?s={search_term_string}"},"query-input":{"@type":"PropertyValueSpecification","valueRequired":true,"valueName":"search_term_string"}}],"inLanguage":"de"}]}},"_links":{"self":[{"href":"https:\/\/www.perfectvanwamel.com\/de\/wp-json\/wp\/v2\/product\/5574","targetHints":{"allow":["GET"]}}],"collection":[{"href":"https:\/\/www.perfectvanwamel.com\/de\/wp-json\/wp\/v2\/product"}],"about":[{"href":"https:\/\/www.perfectvanwamel.com\/de\/wp-json\/wp\/v2\/types\/product"}],"wp:featuredmedia":[{"embeddable":true,"href":"https:\/\/www.perfectvanwamel.com\/de\/wp-json\/wp\/v2\/media\/13277"}],"wp:attachment":[{"href":"https:\/\/www.perfectvanwamel.com\/de\/wp-json\/wp\/v2\/media?parent=5574"}],"wp:term":[{"taxonomy":"product_brand","embeddable":true,"href":"https:\/\/www.perfectvanwamel.com\/de\/wp-json\/wp\/v2\/product_brand?post=5574"},{"taxonomy":"product_cat","embeddable":true,"href":"https:\/\/www.perfectvanwamel.com\/de\/wp-json\/wp\/v2\/product_cat?post=5574"},{"taxonomy":"product_tag","embeddable":true,"href":"https:\/\/www.perfectvanwamel.com\/de\/wp-json\/wp\/v2\/product_tag?post=5574"}],"curies":[{"name":"wp","href":"https:\/\/api.w.org\/{rel}","templated":true}]}}