{"id":5579,"date":"2020-04-28T07:36:28","date_gmt":"2020-04-28T05:36:28","guid":{"rendered":"https:\/\/www.perfectvanwamel.com\/product\/schlegelmulcher-kp-serie\/"},"modified":"2020-10-29T20:35:43","modified_gmt":"2020-10-29T19:35:43","slug":"schlegelmulcher-kp-serie","status":"publish","type":"product","link":"https:\/\/www.perfectvanwamel.com\/de\/produkt\/schlegelmulcher-kp-serie\/","title":{"rendered":"KP-Serie, Kompakter Schlegelmulcher"},"content":{"rendered":"<p>Der KP-Schlegelmulcher ist ein kompaktes, aber robustes Arbeitsger\u00e4t, dessen schwere Schlegelwelle mit ihrer hohen Drehgeschwindigkeit f\u00fcr ein ausgezeichnetes M\u00e4hergebnis sorgt.<\/p>\n<p>Das Standardmodell dieser Schlegelmulcher ist mit <a href=\"https:\/\/www.perfectvanwamel.com\/product\/klepels-perfect\/\">0,9\u00a0kg schweren Schlegeln<\/a> ausgestattet; f\u00fcr schwierige Arbeitsbedingungen (z.\u00a0B. bei Steinen) sind Flex-Schlegel lieferbar. Ein hydraulischer Ausleger ist als Option erh\u00e4ltlich.<\/p>\n<p>Die sehr schwere, zweifach ausgewuchtete Schlegelwelle ist das Herzst\u00fcck dieses Mulchers und macht den KP zu einer \u00e4u\u00dferst zuverl\u00e4ssigen Maschine mit sehr langer Lebensdauer.<\/p>\n","protected":false},"excerpt":{"rendered":"<p>Der KP-Schlegelmulcher ist ein kompaktes und sehr solide gebautes Ger\u00e4t. Er kann bereits bei Zugmaschinen ab 25\u00a0PS eingesetzt werden.<\/p>\n","protected":false},"featured_media":13257,"template":"","meta":{"_acf_changed":false},"product_brand":[],"product_cat":[1231],"product_tag":[],"class_list":{"0":"post-5579","1":"product","2":"type-product","3":"status-publish","4":"has-post-thumbnail","6":"product_cat-schlegelmulcher","7":"pa_aftakas-opm-540-de","8":"pa_denkende-schijf-nein","9":"pa_hefinrichting-tractor-cat-i-ii-de","10":"pa_max-verstrek-midden-cm-110-de","11":"pa_max-verstrek-midden-cm-140-de","12":"pa_max-verstrek-midden-cm-154-de","13":"pa_max-verstrek-midden-cm-80-de","15":"first","16":"instock","17":"shipping-taxable","18":"product-type-simple"},"acf":[],"yoast_head":"<!-- This site is optimized with the Yoast SEO plugin v27.4 - https:\/\/yoast.com\/product\/yoast-seo-wordpress\/ -->\n<title>KP-Serie, Kompakter Schlegelmulcher - PERFECT - Van Wamel<\/title>\n<meta name=\"robots\" content=\"index, follow, max-snippet:-1, max-image-preview:large, max-video-preview:-1\" \/>\n<link rel=\"canonical\" href=\"https:\/\/www.perfectvanwamel.com\/de\/produkt\/schlegelmulcher-kp-serie\/\" \/>\n<meta property=\"og:locale\" content=\"de_DE\" \/>\n<meta property=\"og:type\" content=\"article\" \/>\n<meta property=\"og:title\" content=\"KP-Serie, Kompakter Schlegelmulcher - PERFECT - Van Wamel\" \/>\n<meta property=\"og:description\" content=\"Der KP-Schlegelmulcher ist ein kompaktes und sehr solide gebautes Ger\u00e4t. Er kann bereits bei Zugmaschinen ab 25\u00a0PS eingesetzt werden.\" \/>\n<meta property=\"og:url\" content=\"https:\/\/www.perfectvanwamel.com\/de\/produkt\/schlegelmulcher-kp-serie\/\" \/>\n<meta property=\"og:site_name\" content=\"PERFECT - Van Wamel\" \/>\n<meta property=\"article:modified_time\" content=\"2020-10-29T19:35:43+00:00\" \/>\n<meta property=\"og:image\" content=\"https:\/\/staging.perfectvanwamel.com\/wp-content\/uploads\/2020\/04\/01-PERFECT-maaier-KP-Hydraulisch-verstek.jpg\" \/>\n\t<meta property=\"og:image:width\" content=\"1408\" \/>\n\t<meta property=\"og:image:height\" content=\"1056\" \/>\n\t<meta property=\"og:image:type\" content=\"image\/jpeg\" \/>\n<meta name=\"twitter:card\" content=\"summary_large_image\" \/>\n<script type=\"application\/ld+json\" class=\"yoast-schema-graph\">{\"@context\":\"https:\\\/\\\/schema.org\",\"@graph\":[{\"@type\":\"WebPage\",\"@id\":\"https:\\\/\\\/www.perfectvanwamel.com\\\/de\\\/produkt\\\/schlegelmulcher-kp-serie\\\/\",\"url\":\"https:\\\/\\\/www.perfectvanwamel.com\\\/de\\\/produkt\\\/schlegelmulcher-kp-serie\\\/\",\"name\":\"KP-Serie, Kompakter Schlegelmulcher - PERFECT - Van Wamel\",\"isPartOf\":{\"@id\":\"https:\\\/\\\/www.perfectvanwamel.com\\\/de\\\/#website\"},\"primaryImageOfPage\":{\"@id\":\"https:\\\/\\\/www.perfectvanwamel.com\\\/de\\\/produkt\\\/schlegelmulcher-kp-serie\\\/#primaryimage\"},\"image\":{\"@id\":\"https:\\\/\\\/www.perfectvanwamel.com\\\/de\\\/produkt\\\/schlegelmulcher-kp-serie\\\/#primaryimage\"},\"thumbnailUrl\":\"https:\\\/\\\/www.perfectvanwamel.com\\\/wp-content\\\/uploads\\\/2020\\\/04\\\/KP-vrijstaand1.png\",\"datePublished\":\"2020-04-28T05:36:28+00:00\",\"dateModified\":\"2020-10-29T19:35:43+00:00\",\"breadcrumb\":{\"@id\":\"https:\\\/\\\/www.perfectvanwamel.com\\\/de\\\/produkt\\\/schlegelmulcher-kp-serie\\\/#breadcrumb\"},\"inLanguage\":\"de\",\"potentialAction\":[{\"@type\":\"ReadAction\",\"target\":[\"https:\\\/\\\/www.perfectvanwamel.com\\\/de\\\/produkt\\\/schlegelmulcher-kp-serie\\\/\"]}]},{\"@type\":\"ImageObject\",\"inLanguage\":\"de\",\"@id\":\"https:\\\/\\\/www.perfectvanwamel.com\\\/de\\\/produkt\\\/schlegelmulcher-kp-serie\\\/#primaryimage\",\"url\":\"https:\\\/\\\/www.perfectvanwamel.com\\\/wp-content\\\/uploads\\\/2020\\\/04\\\/KP-vrijstaand1.png\",\"contentUrl\":\"https:\\\/\\\/www.perfectvanwamel.com\\\/wp-content\\\/uploads\\\/2020\\\/04\\\/KP-vrijstaand1.png\",\"width\":2000,\"height\":1333},{\"@type\":\"BreadcrumbList\",\"@id\":\"https:\\\/\\\/www.perfectvanwamel.com\\\/de\\\/produkt\\\/schlegelmulcher-kp-serie\\\/#breadcrumb\",\"itemListElement\":[{\"@type\":\"ListItem\",\"position\":1,\"name\":\"Home\",\"item\":\"https:\\\/\\\/staging.perfectvanwamel.com\\\/de\\\/\"},{\"@type\":\"ListItem\",\"position\":2,\"name\":\"Technologie\",\"item\":\"https:\\\/\\\/staging.perfectvanwamel.com\\\/de\\\/technologie\\\/\"},{\"@type\":\"ListItem\",\"position\":3,\"name\":\"KP-Serie, Kompakter Schlegelmulcher\"}]},{\"@type\":\"WebSite\",\"@id\":\"https:\\\/\\\/www.perfectvanwamel.com\\\/de\\\/#website\",\"url\":\"https:\\\/\\\/www.perfectvanwamel.com\\\/de\\\/\",\"name\":\"PERFECT - Van Wamel\",\"description\":\"\",\"potentialAction\":[{\"@type\":\"SearchAction\",\"target\":{\"@type\":\"EntryPoint\",\"urlTemplate\":\"https:\\\/\\\/www.perfectvanwamel.com\\\/de\\\/?s={search_term_string}\"},\"query-input\":{\"@type\":\"PropertyValueSpecification\",\"valueRequired\":true,\"valueName\":\"search_term_string\"}}],\"inLanguage\":\"de\"}]}<\/script>\n<!-- \/ Yoast SEO plugin. -->","yoast_head_json":{"title":"KP-Serie, Kompakter Schlegelmulcher - PERFECT - Van Wamel","robots":{"index":"index","follow":"follow","max-snippet":"max-snippet:-1","max-image-preview":"max-image-preview:large","max-video-preview":"max-video-preview:-1"},"canonical":"https:\/\/www.perfectvanwamel.com\/de\/produkt\/schlegelmulcher-kp-serie\/","og_locale":"de_DE","og_type":"article","og_title":"KP-Serie, Kompakter Schlegelmulcher - PERFECT - Van Wamel","og_description":"Der KP-Schlegelmulcher ist ein kompaktes und sehr solide gebautes Ger\u00e4t. Er kann bereits bei Zugmaschinen ab 25\u00a0PS eingesetzt werden.","og_url":"https:\/\/www.perfectvanwamel.com\/de\/produkt\/schlegelmulcher-kp-serie\/","og_site_name":"PERFECT - Van Wamel","article_modified_time":"2020-10-29T19:35:43+00:00","og_image":[{"width":1408,"height":1056,"url":"https:\/\/staging.perfectvanwamel.com\/wp-content\/uploads\/2020\/04\/01-PERFECT-maaier-KP-Hydraulisch-verstek.jpg","type":"image\/jpeg"}],"twitter_card":"summary_large_image","schema":{"@context":"https:\/\/schema.org","@graph":[{"@type":"WebPage","@id":"https:\/\/www.perfectvanwamel.com\/de\/produkt\/schlegelmulcher-kp-serie\/","url":"https:\/\/www.perfectvanwamel.com\/de\/produkt\/schlegelmulcher-kp-serie\/","name":"KP-Serie, Kompakter Schlegelmulcher - PERFECT - Van Wamel","isPartOf":{"@id":"https:\/\/www.perfectvanwamel.com\/de\/#website"},"primaryImageOfPage":{"@id":"https:\/\/www.perfectvanwamel.com\/de\/produkt\/schlegelmulcher-kp-serie\/#primaryimage"},"image":{"@id":"https:\/\/www.perfectvanwamel.com\/de\/produkt\/schlegelmulcher-kp-serie\/#primaryimage"},"thumbnailUrl":"https:\/\/www.perfectvanwamel.com\/wp-content\/uploads\/2020\/04\/KP-vrijstaand1.png","datePublished":"2020-04-28T05:36:28+00:00","dateModified":"2020-10-29T19:35:43+00:00","breadcrumb":{"@id":"https:\/\/www.perfectvanwamel.com\/de\/produkt\/schlegelmulcher-kp-serie\/#breadcrumb"},"inLanguage":"de","potentialAction":[{"@type":"ReadAction","target":["https:\/\/www.perfectvanwamel.com\/de\/produkt\/schlegelmulcher-kp-serie\/"]}]},{"@type":"ImageObject","inLanguage":"de","@id":"https:\/\/www.perfectvanwamel.com\/de\/produkt\/schlegelmulcher-kp-serie\/#primaryimage","url":"https:\/\/www.perfectvanwamel.com\/wp-content\/uploads\/2020\/04\/KP-vrijstaand1.png","contentUrl":"https:\/\/www.perfectvanwamel.com\/wp-content\/uploads\/2020\/04\/KP-vrijstaand1.png","width":2000,"height":1333},{"@type":"BreadcrumbList","@id":"https:\/\/www.perfectvanwamel.com\/de\/produkt\/schlegelmulcher-kp-serie\/#breadcrumb","itemListElement":[{"@type":"ListItem","position":1,"name":"Home","item":"https:\/\/staging.perfectvanwamel.com\/de\/"},{"@type":"ListItem","position":2,"name":"Technologie","item":"https:\/\/staging.perfectvanwamel.com\/de\/technologie\/"},{"@type":"ListItem","position":3,"name":"KP-Serie, Kompakter Schlegelmulcher"}]},{"@type":"WebSite","@id":"https:\/\/www.perfectvanwamel.com\/de\/#website","url":"https:\/\/www.perfectvanwamel.com\/de\/","name":"PERFECT - Van Wamel","description":"","potentialAction":[{"@type":"SearchAction","target":{"@type":"EntryPoint","urlTemplate":"https:\/\/www.perfectvanwamel.com\/de\/?s={search_term_string}"},"query-input":{"@type":"PropertyValueSpecification","valueRequired":true,"valueName":"search_term_string"}}],"inLanguage":"de"}]}},"_links":{"self":[{"href":"https:\/\/www.perfectvanwamel.com\/de\/wp-json\/wp\/v2\/product\/5579","targetHints":{"allow":["GET"]}}],"collection":[{"href":"https:\/\/www.perfectvanwamel.com\/de\/wp-json\/wp\/v2\/product"}],"about":[{"href":"https:\/\/www.perfectvanwamel.com\/de\/wp-json\/wp\/v2\/types\/product"}],"wp:featuredmedia":[{"embeddable":true,"href":"https:\/\/www.perfectvanwamel.com\/de\/wp-json\/wp\/v2\/media\/13257"}],"wp:attachment":[{"href":"https:\/\/www.perfectvanwamel.com\/de\/wp-json\/wp\/v2\/media?parent=5579"}],"wp:term":[{"taxonomy":"product_brand","embeddable":true,"href":"https:\/\/www.perfectvanwamel.com\/de\/wp-json\/wp\/v2\/product_brand?post=5579"},{"taxonomy":"product_cat","embeddable":true,"href":"https:\/\/www.perfectvanwamel.com\/de\/wp-json\/wp\/v2\/product_cat?post=5579"},{"taxonomy":"product_tag","embeddable":true,"href":"https:\/\/www.perfectvanwamel.com\/de\/wp-json\/wp\/v2\/product_tag?post=5579"}],"curies":[{"name":"wp","href":"https:\/\/api.w.org\/{rel}","templated":true}]}}