{"id":5580,"date":"2020-04-28T07:22:22","date_gmt":"2020-04-28T05:22:22","guid":{"rendered":"https:\/\/www.perfectvanwamel.com\/product\/schlegelmulcher-kj\/"},"modified":"2022-11-30T21:40:36","modified_gmt":"2022-11-30T20:40:36","slug":"schlegelmulcher-kj","status":"publish","type":"product","link":"https:\/\/www.perfectvanwamel.com\/de\/produkt\/schlegelmulcher-kj\/","title":{"rendered":"KJ-Serie, Basis-Schlegelmulcher"},"content":{"rendered":"<p>Der KJ ist ein einfach aufgebauter Schlegelmulcher, der s\u00e4mtliche PERFECT Qualit\u00e4tsanforderungen erf\u00fcllt. Der KJ zeichnet sich durch hervorragende Bodenanpassung aus und ist damit ideal f\u00fcr den Einsatz mit kleineren Zugmaschinen. Damit stellt er beispielsweise f\u00fcr Hobbybauern oder Betreiber von Campingpl\u00e4tzen ein bestens geeignetes Arbeitsger\u00e4t dar.<\/p>\n<p>Der KJ-Schlegelmulcher wird serienm\u00e4\u00dfig mit <a href=\"https:\/\/www.perfectvanwamel.com\/product\/klepels-perfect\/\">0,9\u00a0kg schweren Schlegeln<\/a> geliefert. Die Laufrolle ist so positioniert, dass die Schlegel die Laufrolle reinigen.<\/p>\n<p>Dieser Mulcher kann wahlweise mit einem hydraulischen Ausleger versehen werden; auch als Version zum Anbau an einen Frontlader ist dieses Ger\u00e4t erh\u00e4ltlich.<\/p>\n","protected":false},"excerpt":{"rendered":"<p>Der KJ-Schlegelmulcher ist ein kompaktes Mulchger\u00e4t, das ausgezeichnete Schnittqualit\u00e4t erzielt. Diese Maschine eignet sich hervorragend f\u00fcr weniger intensiven Gebrauch, beispielsweise durch Pferdehalter oder Hobbybauern.<\/p>\n","protected":false},"featured_media":28367,"template":"","meta":{"_acf_changed":false},"product_brand":[],"product_cat":[1231],"product_tag":[],"class_list":{"0":"post-5580","1":"product","2":"type-product","3":"status-publish","4":"has-post-thumbnail","6":"product_cat-schlegelmulcher","7":"pa_aftakas-opm-540-de","8":"pa_denkende-schijf-nein","9":"pa_gewicht-kg-305-de","10":"pa_gewicht-kg-325-de","11":"pa_gewicht-kg-350-de","12":"pa_gewicht-kg-460-de","13":"pa_hefinrichting-tractor-cat-i-ii-de","14":"pa_min-benodigd-vermogen-kw-pk-15-20-de","15":"pa_min-benodigd-vermogen-kw-pk-17-23-de","16":"pa_min-benodigd-vermogen-kw-pk-20-27-de","17":"pa_min-benodigd-vermogen-kw-pk-24-32-de","18":"pa_transportbreedte-cm-305-de","19":"pa_transportbreedte-cm-325-de","20":"pa_transportbreedte-cm-350-de","21":"pa_transportbreedte-cm-460-de","22":"pa_werkbreedte-cm-120-de","23":"pa_werkbreedte-cm-150-de","24":"pa_werkbreedte-cm-180-de","25":"pa_werkbreedte-cm-210-de","27":"first","28":"instock","29":"shipping-taxable","30":"product-type-simple"},"acf":[],"yoast_head":"<!-- This site is optimized with the Yoast SEO plugin v27.5 - https:\/\/yoast.com\/product\/yoast-seo-wordpress\/ -->\n<title>KJ-Serie, Basis-Schlegelmulcher - PERFECT - Van Wamel<\/title>\n<meta name=\"robots\" content=\"index, follow, max-snippet:-1, max-image-preview:large, max-video-preview:-1\" \/>\n<link rel=\"canonical\" href=\"https:\/\/www.perfectvanwamel.com\/de\/produkt\/schlegelmulcher-kj\/\" \/>\n<meta property=\"og:locale\" content=\"de_DE\" \/>\n<meta property=\"og:type\" content=\"article\" \/>\n<meta property=\"og:title\" content=\"KJ-Serie, Basis-Schlegelmulcher - PERFECT - Van Wamel\" \/>\n<meta property=\"og:description\" content=\"Der KJ-Schlegelmulcher ist ein kompaktes Mulchger\u00e4t, das ausgezeichnete Schnittqualit\u00e4t erzielt. Diese Maschine eignet sich hervorragend f\u00fcr weniger intensiven Gebrauch, beispielsweise durch Pferdehalter oder Hobbybauern.\" \/>\n<meta property=\"og:url\" content=\"https:\/\/www.perfectvanwamel.com\/de\/produkt\/schlegelmulcher-kj\/\" \/>\n<meta property=\"og:site_name\" content=\"PERFECT - Van Wamel\" \/>\n<meta property=\"article:modified_time\" content=\"2022-11-30T20:40:36+00:00\" \/>\n<meta property=\"og:image\" content=\"https:\/\/staging.perfectvanwamel.com\/wp-content\/uploads\/2020\/04\/KJ-2-scaled.jpg\" \/>\n\t<meta property=\"og:image:width\" content=\"2560\" \/>\n\t<meta property=\"og:image:height\" content=\"1440\" \/>\n\t<meta property=\"og:image:type\" content=\"image\/jpeg\" \/>\n<meta name=\"twitter:card\" content=\"summary_large_image\" \/>\n<script type=\"application\/ld+json\" class=\"yoast-schema-graph\">{\"@context\":\"https:\\\/\\\/schema.org\",\"@graph\":[{\"@type\":\"WebPage\",\"@id\":\"https:\\\/\\\/www.perfectvanwamel.com\\\/de\\\/produkt\\\/schlegelmulcher-kj\\\/\",\"url\":\"https:\\\/\\\/www.perfectvanwamel.com\\\/de\\\/produkt\\\/schlegelmulcher-kj\\\/\",\"name\":\"KJ-Serie, Basis-Schlegelmulcher - PERFECT - Van Wamel\",\"isPartOf\":{\"@id\":\"https:\\\/\\\/www.perfectvanwamel.com\\\/de\\\/#website\"},\"primaryImageOfPage\":{\"@id\":\"https:\\\/\\\/www.perfectvanwamel.com\\\/de\\\/produkt\\\/schlegelmulcher-kj\\\/#primaryimage\"},\"image\":{\"@id\":\"https:\\\/\\\/www.perfectvanwamel.com\\\/de\\\/produkt\\\/schlegelmulcher-kj\\\/#primaryimage\"},\"thumbnailUrl\":\"https:\\\/\\\/www.perfectvanwamel.com\\\/wp-content\\\/uploads\\\/2020\\\/04\\\/KJ-Hydro.jpg\",\"datePublished\":\"2020-04-28T05:22:22+00:00\",\"dateModified\":\"2022-11-30T20:40:36+00:00\",\"breadcrumb\":{\"@id\":\"https:\\\/\\\/www.perfectvanwamel.com\\\/de\\\/produkt\\\/schlegelmulcher-kj\\\/#breadcrumb\"},\"inLanguage\":\"de\",\"potentialAction\":[{\"@type\":\"ReadAction\",\"target\":[\"https:\\\/\\\/www.perfectvanwamel.com\\\/de\\\/produkt\\\/schlegelmulcher-kj\\\/\"]}]},{\"@type\":\"ImageObject\",\"inLanguage\":\"de\",\"@id\":\"https:\\\/\\\/www.perfectvanwamel.com\\\/de\\\/produkt\\\/schlegelmulcher-kj\\\/#primaryimage\",\"url\":\"https:\\\/\\\/www.perfectvanwamel.com\\\/wp-content\\\/uploads\\\/2020\\\/04\\\/KJ-Hydro.jpg\",\"contentUrl\":\"https:\\\/\\\/www.perfectvanwamel.com\\\/wp-content\\\/uploads\\\/2020\\\/04\\\/KJ-Hydro.jpg\",\"width\":1224,\"height\":816},{\"@type\":\"BreadcrumbList\",\"@id\":\"https:\\\/\\\/www.perfectvanwamel.com\\\/de\\\/produkt\\\/schlegelmulcher-kj\\\/#breadcrumb\",\"itemListElement\":[{\"@type\":\"ListItem\",\"position\":1,\"name\":\"Home\",\"item\":\"https:\\\/\\\/staging.perfectvanwamel.com\\\/de\\\/\"},{\"@type\":\"ListItem\",\"position\":2,\"name\":\"Produkte\",\"item\":\"https:\\\/\\\/www.perfectvanwamel.com\\\/de\\\/technologie\\\/\"},{\"@type\":\"ListItem\",\"position\":3,\"name\":\"KJ-Serie, Basis-Schlegelmulcher\"}]},{\"@type\":\"WebSite\",\"@id\":\"https:\\\/\\\/www.perfectvanwamel.com\\\/de\\\/#website\",\"url\":\"https:\\\/\\\/www.perfectvanwamel.com\\\/de\\\/\",\"name\":\"PERFECT - Van Wamel\",\"description\":\"\",\"potentialAction\":[{\"@type\":\"SearchAction\",\"target\":{\"@type\":\"EntryPoint\",\"urlTemplate\":\"https:\\\/\\\/www.perfectvanwamel.com\\\/de\\\/?s={search_term_string}\"},\"query-input\":{\"@type\":\"PropertyValueSpecification\",\"valueRequired\":true,\"valueName\":\"search_term_string\"}}],\"inLanguage\":\"de\"}]}<\/script>\n<!-- \/ Yoast SEO plugin. -->","yoast_head_json":{"title":"KJ-Serie, Basis-Schlegelmulcher - PERFECT - Van Wamel","robots":{"index":"index","follow":"follow","max-snippet":"max-snippet:-1","max-image-preview":"max-image-preview:large","max-video-preview":"max-video-preview:-1"},"canonical":"https:\/\/www.perfectvanwamel.com\/de\/produkt\/schlegelmulcher-kj\/","og_locale":"de_DE","og_type":"article","og_title":"KJ-Serie, Basis-Schlegelmulcher - PERFECT - Van Wamel","og_description":"Der KJ-Schlegelmulcher ist ein kompaktes Mulchger\u00e4t, das ausgezeichnete Schnittqualit\u00e4t erzielt. Diese Maschine eignet sich hervorragend f\u00fcr weniger intensiven Gebrauch, beispielsweise durch Pferdehalter oder Hobbybauern.","og_url":"https:\/\/www.perfectvanwamel.com\/de\/produkt\/schlegelmulcher-kj\/","og_site_name":"PERFECT - Van Wamel","article_modified_time":"2022-11-30T20:40:36+00:00","og_image":[{"width":2560,"height":1440,"url":"https:\/\/staging.perfectvanwamel.com\/wp-content\/uploads\/2020\/04\/KJ-2-scaled.jpg","type":"image\/jpeg"}],"twitter_card":"summary_large_image","schema":{"@context":"https:\/\/schema.org","@graph":[{"@type":"WebPage","@id":"https:\/\/www.perfectvanwamel.com\/de\/produkt\/schlegelmulcher-kj\/","url":"https:\/\/www.perfectvanwamel.com\/de\/produkt\/schlegelmulcher-kj\/","name":"KJ-Serie, Basis-Schlegelmulcher - PERFECT - Van Wamel","isPartOf":{"@id":"https:\/\/www.perfectvanwamel.com\/de\/#website"},"primaryImageOfPage":{"@id":"https:\/\/www.perfectvanwamel.com\/de\/produkt\/schlegelmulcher-kj\/#primaryimage"},"image":{"@id":"https:\/\/www.perfectvanwamel.com\/de\/produkt\/schlegelmulcher-kj\/#primaryimage"},"thumbnailUrl":"https:\/\/www.perfectvanwamel.com\/wp-content\/uploads\/2020\/04\/KJ-Hydro.jpg","datePublished":"2020-04-28T05:22:22+00:00","dateModified":"2022-11-30T20:40:36+00:00","breadcrumb":{"@id":"https:\/\/www.perfectvanwamel.com\/de\/produkt\/schlegelmulcher-kj\/#breadcrumb"},"inLanguage":"de","potentialAction":[{"@type":"ReadAction","target":["https:\/\/www.perfectvanwamel.com\/de\/produkt\/schlegelmulcher-kj\/"]}]},{"@type":"ImageObject","inLanguage":"de","@id":"https:\/\/www.perfectvanwamel.com\/de\/produkt\/schlegelmulcher-kj\/#primaryimage","url":"https:\/\/www.perfectvanwamel.com\/wp-content\/uploads\/2020\/04\/KJ-Hydro.jpg","contentUrl":"https:\/\/www.perfectvanwamel.com\/wp-content\/uploads\/2020\/04\/KJ-Hydro.jpg","width":1224,"height":816},{"@type":"BreadcrumbList","@id":"https:\/\/www.perfectvanwamel.com\/de\/produkt\/schlegelmulcher-kj\/#breadcrumb","itemListElement":[{"@type":"ListItem","position":1,"name":"Home","item":"https:\/\/staging.perfectvanwamel.com\/de\/"},{"@type":"ListItem","position":2,"name":"Produkte","item":"https:\/\/www.perfectvanwamel.com\/de\/technologie\/"},{"@type":"ListItem","position":3,"name":"KJ-Serie, Basis-Schlegelmulcher"}]},{"@type":"WebSite","@id":"https:\/\/www.perfectvanwamel.com\/de\/#website","url":"https:\/\/www.perfectvanwamel.com\/de\/","name":"PERFECT - Van Wamel","description":"","potentialAction":[{"@type":"SearchAction","target":{"@type":"EntryPoint","urlTemplate":"https:\/\/www.perfectvanwamel.com\/de\/?s={search_term_string}"},"query-input":{"@type":"PropertyValueSpecification","valueRequired":true,"valueName":"search_term_string"}}],"inLanguage":"de"}]}},"_links":{"self":[{"href":"https:\/\/www.perfectvanwamel.com\/de\/wp-json\/wp\/v2\/product\/5580","targetHints":{"allow":["GET"]}}],"collection":[{"href":"https:\/\/www.perfectvanwamel.com\/de\/wp-json\/wp\/v2\/product"}],"about":[{"href":"https:\/\/www.perfectvanwamel.com\/de\/wp-json\/wp\/v2\/types\/product"}],"wp:featuredmedia":[{"embeddable":true,"href":"https:\/\/www.perfectvanwamel.com\/de\/wp-json\/wp\/v2\/media\/28367"}],"wp:attachment":[{"href":"https:\/\/www.perfectvanwamel.com\/de\/wp-json\/wp\/v2\/media?parent=5580"}],"wp:term":[{"taxonomy":"product_brand","embeddable":true,"href":"https:\/\/www.perfectvanwamel.com\/de\/wp-json\/wp\/v2\/product_brand?post=5580"},{"taxonomy":"product_cat","embeddable":true,"href":"https:\/\/www.perfectvanwamel.com\/de\/wp-json\/wp\/v2\/product_cat?post=5580"},{"taxonomy":"product_tag","embeddable":true,"href":"https:\/\/www.perfectvanwamel.com\/de\/wp-json\/wp\/v2\/product_tag?post=5580"}],"curies":[{"name":"wp","href":"https:\/\/api.w.org\/{rel}","templated":true}]}}