{"id":5581,"date":"2020-04-28T07:19:41","date_gmt":"2020-04-28T05:19:41","guid":{"rendered":"https:\/\/www.perfectvanwamel.com\/product\/schwenkscheibe-szx\/"},"modified":"2020-10-15T21:39:19","modified_gmt":"2020-10-15T19:39:19","slug":"schwenkscheibe-szx","status":"publish","type":"product","link":"https:\/\/www.perfectvanwamel.com\/de\/produkt\/schwenkscheibe-szx\/","title":{"rendered":"SZX, Solo-Swing mit gro\u00dfer M\u00e4hscheibe f\u00fcr Frontlader"},"content":{"rendered":"<p>Bei der serienm\u00e4\u00dfig mit Schlegelmessern ausgestatteten Schwenkscheibe sind M\u00e4hh\u00f6he und Anfahrdruck verstellbar; damit ist eine Anpassung an unterschiedliche Arbeitsbedingungen m\u00f6glich.<\/p>\n<p>Mit dem Parallelogramm-Ausleger l\u00e4sst sich die Seitenauslage vom Traktor aus einstellen. Zwei R\u00e4der und ein lagermontierter St\u00fctzteller sorgen f\u00fcr optimale Bodenauflage.<\/p>\n<p>Wahlweise kann die Maschine mit einem mechanisch-hydraulischen Taster versehen werden\u00a0\u2013 eine Option, die besonders bei empfindlichen B\u00e4umen (z.\u00a0B. bei Jungpflanzen) oder bei der Arbeit in Hanglagen von gro\u00dfem Wert sein kann.<\/p>\n","protected":false},"excerpt":{"rendered":"<p>Die Solo-Swing ist eine hydraulisch angetriebene Schwenkscheibe zum M\u00e4hen im Umkreis von B\u00e4umen, Pf\u00e4hlen und anderen Hindernissen. Die SZX wird mit einem Anbaubock f\u00fcr Frontlader geliefert; auch eine Version f\u00fcr den Heckanbau ist verf\u00fcgbar.<\/p>\n<p>Die SZX verf\u00fcgt serienm\u00e4\u00dfig \u00fcber eine M\u00e4hscheibe von 85\u00a0cm.<\/p>\n","protected":false},"featured_media":28473,"template":"","meta":{"_acf_changed":false},"product_brand":[],"product_cat":[1331],"product_tag":[],"class_list":{"0":"post-5581","1":"product","2":"type-product","3":"status-publish","4":"has-post-thumbnail","6":"product_cat-schwenkscheibe","7":"pa_denkende-schijf-ja-de","8":"pa_gewicht-kg-275-de","9":"pa_max-verstrek-midden-cm-245-de","10":"pa_werkbreedte-cm-85-de","12":"first","13":"instock","14":"shipping-taxable","15":"product-type-simple"},"acf":[],"yoast_head":"<!-- This site is optimized with the Yoast SEO plugin v27.4 - https:\/\/yoast.com\/product\/yoast-seo-wordpress\/ -->\n<title>SZX, Solo-Swing mit gro\u00dfer M\u00e4hscheibe f\u00fcr Frontlader - PERFECT - Van Wamel<\/title>\n<meta name=\"robots\" content=\"index, follow, max-snippet:-1, max-image-preview:large, max-video-preview:-1\" \/>\n<link rel=\"canonical\" href=\"https:\/\/www.perfectvanwamel.com\/de\/produkt\/schwenkscheibe-szx\/\" \/>\n<meta property=\"og:locale\" content=\"de_DE\" \/>\n<meta property=\"og:type\" content=\"article\" \/>\n<meta property=\"og:title\" content=\"SZX, Solo-Swing mit gro\u00dfer M\u00e4hscheibe f\u00fcr Frontlader - PERFECT - Van Wamel\" \/>\n<meta property=\"og:description\" content=\"Die Solo-Swing ist eine hydraulisch angetriebene Schwenkscheibe zum M\u00e4hen im Umkreis von B\u00e4umen, Pf\u00e4hlen und anderen Hindernissen. Die SZX wird mit einem Anbaubock f\u00fcr Frontlader geliefert; auch eine Version f\u00fcr den Heckanbau ist verf\u00fcgbar.  Die SZX verf\u00fcgt serienm\u00e4\u00dfig \u00fcber eine M\u00e4hscheibe von 85\u00a0cm.\" \/>\n<meta property=\"og:url\" content=\"https:\/\/www.perfectvanwamel.com\/de\/produkt\/schwenkscheibe-szx\/\" \/>\n<meta property=\"og:site_name\" content=\"PERFECT - Van Wamel\" \/>\n<meta property=\"article:modified_time\" content=\"2020-10-15T19:39:19+00:00\" \/>\n<meta property=\"og:image\" content=\"https:\/\/staging.perfectvanwamel.com\/wp-content\/uploads\/2020\/04\/SZX-850.jpg\" \/>\n\t<meta property=\"og:image:width\" content=\"2140\" \/>\n\t<meta property=\"og:image:height\" content=\"1330\" \/>\n\t<meta property=\"og:image:type\" content=\"image\/jpeg\" \/>\n<meta name=\"twitter:card\" content=\"summary_large_image\" \/>\n<script type=\"application\/ld+json\" class=\"yoast-schema-graph\">{\"@context\":\"https:\\\/\\\/schema.org\",\"@graph\":[{\"@type\":\"WebPage\",\"@id\":\"https:\\\/\\\/www.perfectvanwamel.com\\\/de\\\/produkt\\\/schwenkscheibe-szx\\\/\",\"url\":\"https:\\\/\\\/www.perfectvanwamel.com\\\/de\\\/produkt\\\/schwenkscheibe-szx\\\/\",\"name\":\"SZX, Solo-Swing mit gro\u00dfer M\u00e4hscheibe f\u00fcr Frontlader - PERFECT - Van Wamel\",\"isPartOf\":{\"@id\":\"https:\\\/\\\/www.perfectvanwamel.com\\\/de\\\/#website\"},\"primaryImageOfPage\":{\"@id\":\"https:\\\/\\\/www.perfectvanwamel.com\\\/de\\\/produkt\\\/schwenkscheibe-szx\\\/#primaryimage\"},\"image\":{\"@id\":\"https:\\\/\\\/www.perfectvanwamel.com\\\/de\\\/produkt\\\/schwenkscheibe-szx\\\/#primaryimage\"},\"thumbnailUrl\":\"https:\\\/\\\/www.perfectvanwamel.com\\\/wp-content\\\/uploads\\\/2020\\\/04\\\/SZX-850.jpg\",\"datePublished\":\"2020-04-28T05:19:41+00:00\",\"dateModified\":\"2020-10-15T19:39:19+00:00\",\"breadcrumb\":{\"@id\":\"https:\\\/\\\/www.perfectvanwamel.com\\\/de\\\/produkt\\\/schwenkscheibe-szx\\\/#breadcrumb\"},\"inLanguage\":\"de\",\"potentialAction\":[{\"@type\":\"ReadAction\",\"target\":[\"https:\\\/\\\/www.perfectvanwamel.com\\\/de\\\/produkt\\\/schwenkscheibe-szx\\\/\"]}]},{\"@type\":\"ImageObject\",\"inLanguage\":\"de\",\"@id\":\"https:\\\/\\\/www.perfectvanwamel.com\\\/de\\\/produkt\\\/schwenkscheibe-szx\\\/#primaryimage\",\"url\":\"https:\\\/\\\/www.perfectvanwamel.com\\\/wp-content\\\/uploads\\\/2020\\\/04\\\/SZX-850.jpg\",\"contentUrl\":\"https:\\\/\\\/www.perfectvanwamel.com\\\/wp-content\\\/uploads\\\/2020\\\/04\\\/SZX-850.jpg\",\"width\":2140,\"height\":1330},{\"@type\":\"BreadcrumbList\",\"@id\":\"https:\\\/\\\/www.perfectvanwamel.com\\\/de\\\/produkt\\\/schwenkscheibe-szx\\\/#breadcrumb\",\"itemListElement\":[{\"@type\":\"ListItem\",\"position\":1,\"name\":\"Home\",\"item\":\"https:\\\/\\\/staging.perfectvanwamel.com\\\/de\\\/\"},{\"@type\":\"ListItem\",\"position\":2,\"name\":\"Technologie\",\"item\":\"https:\\\/\\\/staging.perfectvanwamel.com\\\/de\\\/technologie\\\/\"},{\"@type\":\"ListItem\",\"position\":3,\"name\":\"SZX, Solo-Swing mit gro\u00dfer M\u00e4hscheibe f\u00fcr Frontlader\"}]},{\"@type\":\"WebSite\",\"@id\":\"https:\\\/\\\/www.perfectvanwamel.com\\\/de\\\/#website\",\"url\":\"https:\\\/\\\/www.perfectvanwamel.com\\\/de\\\/\",\"name\":\"PERFECT - Van Wamel\",\"description\":\"\",\"potentialAction\":[{\"@type\":\"SearchAction\",\"target\":{\"@type\":\"EntryPoint\",\"urlTemplate\":\"https:\\\/\\\/www.perfectvanwamel.com\\\/de\\\/?s={search_term_string}\"},\"query-input\":{\"@type\":\"PropertyValueSpecification\",\"valueRequired\":true,\"valueName\":\"search_term_string\"}}],\"inLanguage\":\"de\"}]}<\/script>\n<!-- \/ Yoast SEO plugin. -->","yoast_head_json":{"title":"SZX, Solo-Swing mit gro\u00dfer M\u00e4hscheibe f\u00fcr Frontlader - PERFECT - Van Wamel","robots":{"index":"index","follow":"follow","max-snippet":"max-snippet:-1","max-image-preview":"max-image-preview:large","max-video-preview":"max-video-preview:-1"},"canonical":"https:\/\/www.perfectvanwamel.com\/de\/produkt\/schwenkscheibe-szx\/","og_locale":"de_DE","og_type":"article","og_title":"SZX, Solo-Swing mit gro\u00dfer M\u00e4hscheibe f\u00fcr Frontlader - PERFECT - Van Wamel","og_description":"Die Solo-Swing ist eine hydraulisch angetriebene Schwenkscheibe zum M\u00e4hen im Umkreis von B\u00e4umen, Pf\u00e4hlen und anderen Hindernissen. Die SZX wird mit einem Anbaubock f\u00fcr Frontlader geliefert; auch eine Version f\u00fcr den Heckanbau ist verf\u00fcgbar.  Die SZX verf\u00fcgt serienm\u00e4\u00dfig \u00fcber eine M\u00e4hscheibe von 85\u00a0cm.","og_url":"https:\/\/www.perfectvanwamel.com\/de\/produkt\/schwenkscheibe-szx\/","og_site_name":"PERFECT - Van Wamel","article_modified_time":"2020-10-15T19:39:19+00:00","og_image":[{"width":2140,"height":1330,"url":"https:\/\/staging.perfectvanwamel.com\/wp-content\/uploads\/2020\/04\/SZX-850.jpg","type":"image\/jpeg"}],"twitter_card":"summary_large_image","schema":{"@context":"https:\/\/schema.org","@graph":[{"@type":"WebPage","@id":"https:\/\/www.perfectvanwamel.com\/de\/produkt\/schwenkscheibe-szx\/","url":"https:\/\/www.perfectvanwamel.com\/de\/produkt\/schwenkscheibe-szx\/","name":"SZX, Solo-Swing mit gro\u00dfer M\u00e4hscheibe f\u00fcr Frontlader - PERFECT - Van Wamel","isPartOf":{"@id":"https:\/\/www.perfectvanwamel.com\/de\/#website"},"primaryImageOfPage":{"@id":"https:\/\/www.perfectvanwamel.com\/de\/produkt\/schwenkscheibe-szx\/#primaryimage"},"image":{"@id":"https:\/\/www.perfectvanwamel.com\/de\/produkt\/schwenkscheibe-szx\/#primaryimage"},"thumbnailUrl":"https:\/\/www.perfectvanwamel.com\/wp-content\/uploads\/2020\/04\/SZX-850.jpg","datePublished":"2020-04-28T05:19:41+00:00","dateModified":"2020-10-15T19:39:19+00:00","breadcrumb":{"@id":"https:\/\/www.perfectvanwamel.com\/de\/produkt\/schwenkscheibe-szx\/#breadcrumb"},"inLanguage":"de","potentialAction":[{"@type":"ReadAction","target":["https:\/\/www.perfectvanwamel.com\/de\/produkt\/schwenkscheibe-szx\/"]}]},{"@type":"ImageObject","inLanguage":"de","@id":"https:\/\/www.perfectvanwamel.com\/de\/produkt\/schwenkscheibe-szx\/#primaryimage","url":"https:\/\/www.perfectvanwamel.com\/wp-content\/uploads\/2020\/04\/SZX-850.jpg","contentUrl":"https:\/\/www.perfectvanwamel.com\/wp-content\/uploads\/2020\/04\/SZX-850.jpg","width":2140,"height":1330},{"@type":"BreadcrumbList","@id":"https:\/\/www.perfectvanwamel.com\/de\/produkt\/schwenkscheibe-szx\/#breadcrumb","itemListElement":[{"@type":"ListItem","position":1,"name":"Home","item":"https:\/\/staging.perfectvanwamel.com\/de\/"},{"@type":"ListItem","position":2,"name":"Technologie","item":"https:\/\/staging.perfectvanwamel.com\/de\/technologie\/"},{"@type":"ListItem","position":3,"name":"SZX, Solo-Swing mit gro\u00dfer M\u00e4hscheibe f\u00fcr Frontlader"}]},{"@type":"WebSite","@id":"https:\/\/www.perfectvanwamel.com\/de\/#website","url":"https:\/\/www.perfectvanwamel.com\/de\/","name":"PERFECT - Van Wamel","description":"","potentialAction":[{"@type":"SearchAction","target":{"@type":"EntryPoint","urlTemplate":"https:\/\/www.perfectvanwamel.com\/de\/?s={search_term_string}"},"query-input":{"@type":"PropertyValueSpecification","valueRequired":true,"valueName":"search_term_string"}}],"inLanguage":"de"}]}},"_links":{"self":[{"href":"https:\/\/www.perfectvanwamel.com\/de\/wp-json\/wp\/v2\/product\/5581","targetHints":{"allow":["GET"]}}],"collection":[{"href":"https:\/\/www.perfectvanwamel.com\/de\/wp-json\/wp\/v2\/product"}],"about":[{"href":"https:\/\/www.perfectvanwamel.com\/de\/wp-json\/wp\/v2\/types\/product"}],"wp:featuredmedia":[{"embeddable":true,"href":"https:\/\/www.perfectvanwamel.com\/de\/wp-json\/wp\/v2\/media\/28473"}],"wp:attachment":[{"href":"https:\/\/www.perfectvanwamel.com\/de\/wp-json\/wp\/v2\/media?parent=5581"}],"wp:term":[{"taxonomy":"product_brand","embeddable":true,"href":"https:\/\/www.perfectvanwamel.com\/de\/wp-json\/wp\/v2\/product_brand?post=5581"},{"taxonomy":"product_cat","embeddable":true,"href":"https:\/\/www.perfectvanwamel.com\/de\/wp-json\/wp\/v2\/product_cat?post=5581"},{"taxonomy":"product_tag","embeddable":true,"href":"https:\/\/www.perfectvanwamel.com\/de\/wp-json\/wp\/v2\/product_tag?post=5581"}],"curies":[{"name":"wp","href":"https:\/\/api.w.org\/{rel}","templated":true}]}}