{"id":5582,"date":"2020-04-28T07:18:07","date_gmt":"2020-04-28T05:18:07","guid":{"rendered":"https:\/\/www.perfectvanwamel.com\/product\/schwenkscheibe-szs\/"},"modified":"2020-09-30T16:33:14","modified_gmt":"2020-09-30T14:33:14","slug":"schwenkscheibe-szs","status":"publish","type":"product","link":"https:\/\/www.perfectvanwamel.com\/de\/produkt\/schwenkscheibe-szs\/","title":{"rendered":"SZS, Solo-Swing f\u00fcr Dreipunktaufnahme"},"content":{"rendered":"<p>Bei der serienm\u00e4\u00dfig mit Schlegelmessern ausgestatteten Schwenkscheibe sind M\u00e4hh\u00f6he und Anfahrdruck verstellbar; damit ist eine Anpassung an unterschiedliche Arbeitsbedingungen m\u00f6glich.<\/p>\n<p>Pendelnde St\u00fctzr\u00e4der und ein lagermontierter St\u00fctzteller sorgen unabh\u00e4ngig von den R\u00e4dern der Zugmaschine f\u00fcr eine ausgezeichnete Bodenanpassung.<\/p>\n<p>Wahlweise kann die SZS mit einem mechanisch-hydraulischen Taster versehen werden\u00a0\u2013 eine Option, die besonders bei empfindlichen B\u00e4umen (z.\u00a0B. bei Jungpflanzen) von gro\u00dfem Wert sein kann.<\/p>\n","protected":false},"excerpt":{"rendered":"<p>Die Solo-Swing ist eine hydraulisch angetriebene M\u00e4hscheibe zum M\u00e4hen im Umkreis von B\u00e4umen, Pf\u00e4hlen und anderen Hindernissen. Die SZS l\u00e4sst sich ganz einfach am Heck einer Zugmaschine anbauen und verf\u00fcgt serienm\u00e4\u00dfig \u00fcber einen hydraulischen Ausleger zum M\u00e4hen weit au\u00dferhalb der Traktorspur.<\/p>\n","protected":false},"featured_media":3827,"template":"","meta":{"_acf_changed":false},"product_brand":[],"product_cat":[1331],"product_tag":[],"class_list":{"0":"post-5582","1":"product","2":"type-product","3":"status-publish","4":"has-post-thumbnail","6":"product_cat-schwenkscheibe","7":"pa_denkende-schijf-ja-de","8":"pa_gewicht-kg-175-de","9":"pa_gewicht-kg-195-de","10":"pa_max-verstrek-midden-cm-210-de","11":"pa_max-verstrek-midden-cm-220-de","12":"pa_werkbreedte-cm-60-de","13":"pa_werkbreedte-cm-85-de","15":"first","16":"instock","17":"shipping-taxable","18":"product-type-simple"},"acf":[],"yoast_head":"<!-- This site is optimized with the Yoast SEO plugin v27.4 - https:\/\/yoast.com\/product\/yoast-seo-wordpress\/ -->\n<title>SZS, Solo-Swing f\u00fcr Dreipunktaufnahme - PERFECT - Van Wamel<\/title>\n<meta name=\"robots\" content=\"index, follow, max-snippet:-1, max-image-preview:large, max-video-preview:-1\" \/>\n<link rel=\"canonical\" href=\"https:\/\/www.perfectvanwamel.com\/de\/produkt\/schwenkscheibe-szs\/\" \/>\n<meta property=\"og:locale\" content=\"de_DE\" \/>\n<meta property=\"og:type\" content=\"article\" \/>\n<meta property=\"og:title\" content=\"SZS, Solo-Swing f\u00fcr Dreipunktaufnahme - PERFECT - Van Wamel\" \/>\n<meta property=\"og:description\" content=\"Die Solo-Swing ist eine hydraulisch angetriebene M\u00e4hscheibe zum M\u00e4hen im Umkreis von B\u00e4umen, Pf\u00e4hlen und anderen Hindernissen. Die SZS l\u00e4sst sich ganz einfach am Heck einer Zugmaschine anbauen und verf\u00fcgt serienm\u00e4\u00dfig \u00fcber einen hydraulischen Ausleger zum M\u00e4hen weit au\u00dferhalb der Traktorspur.\" \/>\n<meta property=\"og:url\" content=\"https:\/\/www.perfectvanwamel.com\/de\/produkt\/schwenkscheibe-szs\/\" \/>\n<meta property=\"og:site_name\" content=\"PERFECT - Van Wamel\" \/>\n<meta property=\"article:modified_time\" content=\"2020-09-30T14:33:14+00:00\" \/>\n<meta property=\"og:image\" content=\"https:\/\/staging.perfectvanwamel.com\/wp-content\/uploads\/2020\/04\/PERFECT_rotary_mowers_SZS_2_-removebg-1.png\" \/>\n\t<meta property=\"og:image:width\" content=\"2000\" \/>\n\t<meta property=\"og:image:height\" content=\"1335\" \/>\n\t<meta property=\"og:image:type\" content=\"image\/png\" \/>\n<meta name=\"twitter:card\" content=\"summary_large_image\" \/>\n<script type=\"application\/ld+json\" class=\"yoast-schema-graph\">{\"@context\":\"https:\\\/\\\/schema.org\",\"@graph\":[{\"@type\":\"WebPage\",\"@id\":\"https:\\\/\\\/www.perfectvanwamel.com\\\/de\\\/produkt\\\/schwenkscheibe-szs\\\/\",\"url\":\"https:\\\/\\\/www.perfectvanwamel.com\\\/de\\\/produkt\\\/schwenkscheibe-szs\\\/\",\"name\":\"SZS, Solo-Swing f\u00fcr Dreipunktaufnahme - PERFECT - Van Wamel\",\"isPartOf\":{\"@id\":\"https:\\\/\\\/www.perfectvanwamel.com\\\/de\\\/#website\"},\"primaryImageOfPage\":{\"@id\":\"https:\\\/\\\/www.perfectvanwamel.com\\\/de\\\/produkt\\\/schwenkscheibe-szs\\\/#primaryimage\"},\"image\":{\"@id\":\"https:\\\/\\\/www.perfectvanwamel.com\\\/de\\\/produkt\\\/schwenkscheibe-szs\\\/#primaryimage\"},\"thumbnailUrl\":\"https:\\\/\\\/www.perfectvanwamel.com\\\/wp-content\\\/uploads\\\/2020\\\/04\\\/PERFECT_rotary_mowers_SZS_2_-removebg-1.png\",\"datePublished\":\"2020-04-28T05:18:07+00:00\",\"dateModified\":\"2020-09-30T14:33:14+00:00\",\"breadcrumb\":{\"@id\":\"https:\\\/\\\/www.perfectvanwamel.com\\\/de\\\/produkt\\\/schwenkscheibe-szs\\\/#breadcrumb\"},\"inLanguage\":\"de\",\"potentialAction\":[{\"@type\":\"ReadAction\",\"target\":[\"https:\\\/\\\/www.perfectvanwamel.com\\\/de\\\/produkt\\\/schwenkscheibe-szs\\\/\"]}]},{\"@type\":\"ImageObject\",\"inLanguage\":\"de\",\"@id\":\"https:\\\/\\\/www.perfectvanwamel.com\\\/de\\\/produkt\\\/schwenkscheibe-szs\\\/#primaryimage\",\"url\":\"https:\\\/\\\/www.perfectvanwamel.com\\\/wp-content\\\/uploads\\\/2020\\\/04\\\/PERFECT_rotary_mowers_SZS_2_-removebg-1.png\",\"contentUrl\":\"https:\\\/\\\/www.perfectvanwamel.com\\\/wp-content\\\/uploads\\\/2020\\\/04\\\/PERFECT_rotary_mowers_SZS_2_-removebg-1.png\",\"width\":2000,\"height\":1335},{\"@type\":\"BreadcrumbList\",\"@id\":\"https:\\\/\\\/www.perfectvanwamel.com\\\/de\\\/produkt\\\/schwenkscheibe-szs\\\/#breadcrumb\",\"itemListElement\":[{\"@type\":\"ListItem\",\"position\":1,\"name\":\"Home\",\"item\":\"https:\\\/\\\/staging.perfectvanwamel.com\\\/de\\\/\"},{\"@type\":\"ListItem\",\"position\":2,\"name\":\"Technologie\",\"item\":\"https:\\\/\\\/staging.perfectvanwamel.com\\\/de\\\/technologie\\\/\"},{\"@type\":\"ListItem\",\"position\":3,\"name\":\"SZS, Solo-Swing f\u00fcr Dreipunktaufnahme\"}]},{\"@type\":\"WebSite\",\"@id\":\"https:\\\/\\\/www.perfectvanwamel.com\\\/de\\\/#website\",\"url\":\"https:\\\/\\\/www.perfectvanwamel.com\\\/de\\\/\",\"name\":\"PERFECT - Van Wamel\",\"description\":\"\",\"potentialAction\":[{\"@type\":\"SearchAction\",\"target\":{\"@type\":\"EntryPoint\",\"urlTemplate\":\"https:\\\/\\\/www.perfectvanwamel.com\\\/de\\\/?s={search_term_string}\"},\"query-input\":{\"@type\":\"PropertyValueSpecification\",\"valueRequired\":true,\"valueName\":\"search_term_string\"}}],\"inLanguage\":\"de\"}]}<\/script>\n<!-- \/ Yoast SEO plugin. -->","yoast_head_json":{"title":"SZS, Solo-Swing f\u00fcr Dreipunktaufnahme - PERFECT - Van Wamel","robots":{"index":"index","follow":"follow","max-snippet":"max-snippet:-1","max-image-preview":"max-image-preview:large","max-video-preview":"max-video-preview:-1"},"canonical":"https:\/\/www.perfectvanwamel.com\/de\/produkt\/schwenkscheibe-szs\/","og_locale":"de_DE","og_type":"article","og_title":"SZS, Solo-Swing f\u00fcr Dreipunktaufnahme - PERFECT - Van Wamel","og_description":"Die Solo-Swing ist eine hydraulisch angetriebene M\u00e4hscheibe zum M\u00e4hen im Umkreis von B\u00e4umen, Pf\u00e4hlen und anderen Hindernissen. Die SZS l\u00e4sst sich ganz einfach am Heck einer Zugmaschine anbauen und verf\u00fcgt serienm\u00e4\u00dfig \u00fcber einen hydraulischen Ausleger zum M\u00e4hen weit au\u00dferhalb der Traktorspur.","og_url":"https:\/\/www.perfectvanwamel.com\/de\/produkt\/schwenkscheibe-szs\/","og_site_name":"PERFECT - Van Wamel","article_modified_time":"2020-09-30T14:33:14+00:00","og_image":[{"width":2000,"height":1335,"url":"https:\/\/staging.perfectvanwamel.com\/wp-content\/uploads\/2020\/04\/PERFECT_rotary_mowers_SZS_2_-removebg-1.png","type":"image\/png"}],"twitter_card":"summary_large_image","schema":{"@context":"https:\/\/schema.org","@graph":[{"@type":"WebPage","@id":"https:\/\/www.perfectvanwamel.com\/de\/produkt\/schwenkscheibe-szs\/","url":"https:\/\/www.perfectvanwamel.com\/de\/produkt\/schwenkscheibe-szs\/","name":"SZS, Solo-Swing f\u00fcr Dreipunktaufnahme - PERFECT - Van Wamel","isPartOf":{"@id":"https:\/\/www.perfectvanwamel.com\/de\/#website"},"primaryImageOfPage":{"@id":"https:\/\/www.perfectvanwamel.com\/de\/produkt\/schwenkscheibe-szs\/#primaryimage"},"image":{"@id":"https:\/\/www.perfectvanwamel.com\/de\/produkt\/schwenkscheibe-szs\/#primaryimage"},"thumbnailUrl":"https:\/\/www.perfectvanwamel.com\/wp-content\/uploads\/2020\/04\/PERFECT_rotary_mowers_SZS_2_-removebg-1.png","datePublished":"2020-04-28T05:18:07+00:00","dateModified":"2020-09-30T14:33:14+00:00","breadcrumb":{"@id":"https:\/\/www.perfectvanwamel.com\/de\/produkt\/schwenkscheibe-szs\/#breadcrumb"},"inLanguage":"de","potentialAction":[{"@type":"ReadAction","target":["https:\/\/www.perfectvanwamel.com\/de\/produkt\/schwenkscheibe-szs\/"]}]},{"@type":"ImageObject","inLanguage":"de","@id":"https:\/\/www.perfectvanwamel.com\/de\/produkt\/schwenkscheibe-szs\/#primaryimage","url":"https:\/\/www.perfectvanwamel.com\/wp-content\/uploads\/2020\/04\/PERFECT_rotary_mowers_SZS_2_-removebg-1.png","contentUrl":"https:\/\/www.perfectvanwamel.com\/wp-content\/uploads\/2020\/04\/PERFECT_rotary_mowers_SZS_2_-removebg-1.png","width":2000,"height":1335},{"@type":"BreadcrumbList","@id":"https:\/\/www.perfectvanwamel.com\/de\/produkt\/schwenkscheibe-szs\/#breadcrumb","itemListElement":[{"@type":"ListItem","position":1,"name":"Home","item":"https:\/\/staging.perfectvanwamel.com\/de\/"},{"@type":"ListItem","position":2,"name":"Technologie","item":"https:\/\/staging.perfectvanwamel.com\/de\/technologie\/"},{"@type":"ListItem","position":3,"name":"SZS, Solo-Swing f\u00fcr Dreipunktaufnahme"}]},{"@type":"WebSite","@id":"https:\/\/www.perfectvanwamel.com\/de\/#website","url":"https:\/\/www.perfectvanwamel.com\/de\/","name":"PERFECT - Van Wamel","description":"","potentialAction":[{"@type":"SearchAction","target":{"@type":"EntryPoint","urlTemplate":"https:\/\/www.perfectvanwamel.com\/de\/?s={search_term_string}"},"query-input":{"@type":"PropertyValueSpecification","valueRequired":true,"valueName":"search_term_string"}}],"inLanguage":"de"}]}},"_links":{"self":[{"href":"https:\/\/www.perfectvanwamel.com\/de\/wp-json\/wp\/v2\/product\/5582","targetHints":{"allow":["GET"]}}],"collection":[{"href":"https:\/\/www.perfectvanwamel.com\/de\/wp-json\/wp\/v2\/product"}],"about":[{"href":"https:\/\/www.perfectvanwamel.com\/de\/wp-json\/wp\/v2\/types\/product"}],"wp:featuredmedia":[{"embeddable":true,"href":"https:\/\/www.perfectvanwamel.com\/de\/wp-json\/wp\/v2\/media\/3827"}],"wp:attachment":[{"href":"https:\/\/www.perfectvanwamel.com\/de\/wp-json\/wp\/v2\/media?parent=5582"}],"wp:term":[{"taxonomy":"product_brand","embeddable":true,"href":"https:\/\/www.perfectvanwamel.com\/de\/wp-json\/wp\/v2\/product_brand?post=5582"},{"taxonomy":"product_cat","embeddable":true,"href":"https:\/\/www.perfectvanwamel.com\/de\/wp-json\/wp\/v2\/product_cat?post=5582"},{"taxonomy":"product_tag","embeddable":true,"href":"https:\/\/www.perfectvanwamel.com\/de\/wp-json\/wp\/v2\/product_tag?post=5582"}],"curies":[{"name":"wp","href":"https:\/\/api.w.org\/{rel}","templated":true}]}}