{"id":5584,"date":"2020-04-28T07:08:19","date_gmt":"2020-04-28T05:08:19","guid":{"rendered":"https:\/\/www.perfectvanwamel.com\/product\/schwenkscheibe-sza\/"},"modified":"2026-03-06T09:54:58","modified_gmt":"2026-03-06T08:54:58","slug":"schwenkscheibe-sza","status":"publish","type":"product","link":"https:\/\/www.perfectvanwamel.com\/de\/produkt\/schwenkscheibe-sza\/","title":{"rendered":"SZA, Solo-Swing zum Anbauen"},"content":{"rendered":"<p>Bei der serienm\u00e4\u00dfig mit Schlegelmessern ausgestatteten Schwenkscheibe sind M\u00e4hh\u00f6he und Anfahrdruck verstellbar; damit ist eine Anpassung an unterschiedliche Arbeitsbedingungen m\u00f6glich.<\/p>\n<p>Wahlweise kann die SZA mit einem mechanisch-hydraulischen Taster versehen werden\u00a0\u2013 eine Option, die besonders bei empfindlichen B\u00e4umen (z.\u00a0B. bei Jungpflanzen) von gro\u00dfem Wert sein kann.<\/p>\n","protected":false},"excerpt":{"rendered":"<p>Die Solo-Swing ist eine hydraulisch angetriebene Schwenkscheibe zum M\u00e4hen im Umkreis von B\u00e4umen, Pf\u00e4hlen und anderen Hindernissen. Die SZA-Modelle werden mit einem Anbaubalken geliefert und lassen sich ganz einfach an einem Kreisel- oder Schlegelmulcher befestigen.<\/p>\n<p>Zur Montage an einem Mini-Schaufelbagger ist ein spezieller Anbaubock mit pendelnden Lenkrollen erh\u00e4ltlich. Diese Rollen sorgen f\u00fcr hervorragende Bodenanpassung.<\/p>\n<p>SZA-Modelle sind mit einer Scheibe von 42, 50, 60 und 85\u00a0cm lieferbar.<\/p>\n","protected":false},"featured_media":28460,"template":"","meta":{"_acf_changed":false},"product_brand":[],"product_cat":[1331],"product_tag":[],"class_list":{"0":"post-5584","1":"product","2":"type-product","3":"status-publish","4":"has-post-thumbnail","6":"product_cat-schwenkscheibe","7":"pa_denkende-schijf-ja-de","8":"pa_gewicht-kg-100-de","9":"pa_gewicht-kg-110-de","10":"pa_gewicht-kg-85-de","11":"pa_werkbreedte-cm-50-de","12":"pa_werkbreedte-cm-60-de","13":"pa_werkbreedte-cm-85-de","15":"first","16":"instock","17":"shipping-taxable","18":"product-type-simple"},"acf":[],"yoast_head":"<!-- This site is optimized with the Yoast SEO plugin v27.4 - https:\/\/yoast.com\/product\/yoast-seo-wordpress\/ -->\n<title>SZA, Solo-Swing zum Anbauen - PERFECT - Van Wamel<\/title>\n<meta name=\"robots\" content=\"index, follow, max-snippet:-1, max-image-preview:large, max-video-preview:-1\" \/>\n<link rel=\"canonical\" href=\"https:\/\/www.perfectvanwamel.com\/de\/produkt\/schwenkscheibe-sza\/\" \/>\n<meta property=\"og:locale\" content=\"de_DE\" \/>\n<meta property=\"og:type\" content=\"article\" \/>\n<meta property=\"og:title\" content=\"SZA, Solo-Swing zum Anbauen - PERFECT - Van Wamel\" \/>\n<meta property=\"og:description\" content=\"Die Solo-Swing ist eine hydraulisch angetriebene Schwenkscheibe zum M\u00e4hen im Umkreis von B\u00e4umen, Pf\u00e4hlen und anderen Hindernissen. Die SZA-Modelle werden mit einem Anbaubalken geliefert und lassen sich ganz einfach an einem Kreisel- oder Schlegelmulcher befestigen.  Zur Montage an einem Mini-Schaufelbagger ist ein spezieller Anbaubock mit pendelnden Lenkrollen erh\u00e4ltlich. Diese Rollen sorgen f\u00fcr hervorragende Bodenanpassung.  SZA-Modelle sind mit einer Scheibe von 42, 50, 60 und 85\u00a0cm lieferbar.\" \/>\n<meta property=\"og:url\" content=\"https:\/\/www.perfectvanwamel.com\/de\/produkt\/schwenkscheibe-sza\/\" \/>\n<meta property=\"og:site_name\" content=\"PERFECT - Van Wamel\" \/>\n<meta property=\"article:modified_time\" content=\"2026-03-06T08:54:58+00:00\" \/>\n<meta property=\"og:image\" content=\"https:\/\/staging.perfectvanwamel.com\/wp-content\/uploads\/2020\/04\/SZA-600.jpg\" \/>\n\t<meta property=\"og:image:width\" content=\"1644\" \/>\n\t<meta property=\"og:image:height\" content=\"942\" \/>\n\t<meta property=\"og:image:type\" content=\"image\/jpeg\" \/>\n<meta name=\"twitter:card\" content=\"summary_large_image\" \/>\n<script type=\"application\/ld+json\" class=\"yoast-schema-graph\">{\"@context\":\"https:\\\/\\\/schema.org\",\"@graph\":[{\"@type\":\"WebPage\",\"@id\":\"https:\\\/\\\/www.perfectvanwamel.com\\\/de\\\/produkt\\\/schwenkscheibe-sza\\\/\",\"url\":\"https:\\\/\\\/www.perfectvanwamel.com\\\/de\\\/produkt\\\/schwenkscheibe-sza\\\/\",\"name\":\"SZA, Solo-Swing zum Anbauen - PERFECT - Van Wamel\",\"isPartOf\":{\"@id\":\"https:\\\/\\\/www.perfectvanwamel.com\\\/de\\\/#website\"},\"primaryImageOfPage\":{\"@id\":\"https:\\\/\\\/www.perfectvanwamel.com\\\/de\\\/produkt\\\/schwenkscheibe-sza\\\/#primaryimage\"},\"image\":{\"@id\":\"https:\\\/\\\/www.perfectvanwamel.com\\\/de\\\/produkt\\\/schwenkscheibe-sza\\\/#primaryimage\"},\"thumbnailUrl\":\"https:\\\/\\\/www.perfectvanwamel.com\\\/wp-content\\\/uploads\\\/2020\\\/04\\\/SZA-600.jpg\",\"datePublished\":\"2020-04-28T05:08:19+00:00\",\"dateModified\":\"2026-03-06T08:54:58+00:00\",\"breadcrumb\":{\"@id\":\"https:\\\/\\\/www.perfectvanwamel.com\\\/de\\\/produkt\\\/schwenkscheibe-sza\\\/#breadcrumb\"},\"inLanguage\":\"de\",\"potentialAction\":[{\"@type\":\"ReadAction\",\"target\":[\"https:\\\/\\\/www.perfectvanwamel.com\\\/de\\\/produkt\\\/schwenkscheibe-sza\\\/\"]}]},{\"@type\":\"ImageObject\",\"inLanguage\":\"de\",\"@id\":\"https:\\\/\\\/www.perfectvanwamel.com\\\/de\\\/produkt\\\/schwenkscheibe-sza\\\/#primaryimage\",\"url\":\"https:\\\/\\\/www.perfectvanwamel.com\\\/wp-content\\\/uploads\\\/2020\\\/04\\\/SZA-600.jpg\",\"contentUrl\":\"https:\\\/\\\/www.perfectvanwamel.com\\\/wp-content\\\/uploads\\\/2020\\\/04\\\/SZA-600.jpg\",\"width\":1644,\"height\":942},{\"@type\":\"BreadcrumbList\",\"@id\":\"https:\\\/\\\/www.perfectvanwamel.com\\\/de\\\/produkt\\\/schwenkscheibe-sza\\\/#breadcrumb\",\"itemListElement\":[{\"@type\":\"ListItem\",\"position\":1,\"name\":\"Home\",\"item\":\"https:\\\/\\\/staging.perfectvanwamel.com\\\/de\\\/\"},{\"@type\":\"ListItem\",\"position\":2,\"name\":\"Technologie\",\"item\":\"https:\\\/\\\/staging.perfectvanwamel.com\\\/de\\\/technologie\\\/\"},{\"@type\":\"ListItem\",\"position\":3,\"name\":\"SZA, Solo-Swing zum Anbauen\"}]},{\"@type\":\"WebSite\",\"@id\":\"https:\\\/\\\/www.perfectvanwamel.com\\\/de\\\/#website\",\"url\":\"https:\\\/\\\/www.perfectvanwamel.com\\\/de\\\/\",\"name\":\"PERFECT - Van Wamel\",\"description\":\"\",\"potentialAction\":[{\"@type\":\"SearchAction\",\"target\":{\"@type\":\"EntryPoint\",\"urlTemplate\":\"https:\\\/\\\/www.perfectvanwamel.com\\\/de\\\/?s={search_term_string}\"},\"query-input\":{\"@type\":\"PropertyValueSpecification\",\"valueRequired\":true,\"valueName\":\"search_term_string\"}}],\"inLanguage\":\"de\"}]}<\/script>\n<!-- \/ Yoast SEO plugin. -->","yoast_head_json":{"title":"SZA, Solo-Swing zum Anbauen - PERFECT - Van Wamel","robots":{"index":"index","follow":"follow","max-snippet":"max-snippet:-1","max-image-preview":"max-image-preview:large","max-video-preview":"max-video-preview:-1"},"canonical":"https:\/\/www.perfectvanwamel.com\/de\/produkt\/schwenkscheibe-sza\/","og_locale":"de_DE","og_type":"article","og_title":"SZA, Solo-Swing zum Anbauen - PERFECT - Van Wamel","og_description":"Die Solo-Swing ist eine hydraulisch angetriebene Schwenkscheibe zum M\u00e4hen im Umkreis von B\u00e4umen, Pf\u00e4hlen und anderen Hindernissen. Die SZA-Modelle werden mit einem Anbaubalken geliefert und lassen sich ganz einfach an einem Kreisel- oder Schlegelmulcher befestigen.  Zur Montage an einem Mini-Schaufelbagger ist ein spezieller Anbaubock mit pendelnden Lenkrollen erh\u00e4ltlich. Diese Rollen sorgen f\u00fcr hervorragende Bodenanpassung.  SZA-Modelle sind mit einer Scheibe von 42, 50, 60 und 85\u00a0cm lieferbar.","og_url":"https:\/\/www.perfectvanwamel.com\/de\/produkt\/schwenkscheibe-sza\/","og_site_name":"PERFECT - Van Wamel","article_modified_time":"2026-03-06T08:54:58+00:00","og_image":[{"width":1644,"height":942,"url":"https:\/\/staging.perfectvanwamel.com\/wp-content\/uploads\/2020\/04\/SZA-600.jpg","type":"image\/jpeg"}],"twitter_card":"summary_large_image","schema":{"@context":"https:\/\/schema.org","@graph":[{"@type":"WebPage","@id":"https:\/\/www.perfectvanwamel.com\/de\/produkt\/schwenkscheibe-sza\/","url":"https:\/\/www.perfectvanwamel.com\/de\/produkt\/schwenkscheibe-sza\/","name":"SZA, Solo-Swing zum Anbauen - PERFECT - Van Wamel","isPartOf":{"@id":"https:\/\/www.perfectvanwamel.com\/de\/#website"},"primaryImageOfPage":{"@id":"https:\/\/www.perfectvanwamel.com\/de\/produkt\/schwenkscheibe-sza\/#primaryimage"},"image":{"@id":"https:\/\/www.perfectvanwamel.com\/de\/produkt\/schwenkscheibe-sza\/#primaryimage"},"thumbnailUrl":"https:\/\/www.perfectvanwamel.com\/wp-content\/uploads\/2020\/04\/SZA-600.jpg","datePublished":"2020-04-28T05:08:19+00:00","dateModified":"2026-03-06T08:54:58+00:00","breadcrumb":{"@id":"https:\/\/www.perfectvanwamel.com\/de\/produkt\/schwenkscheibe-sza\/#breadcrumb"},"inLanguage":"de","potentialAction":[{"@type":"ReadAction","target":["https:\/\/www.perfectvanwamel.com\/de\/produkt\/schwenkscheibe-sza\/"]}]},{"@type":"ImageObject","inLanguage":"de","@id":"https:\/\/www.perfectvanwamel.com\/de\/produkt\/schwenkscheibe-sza\/#primaryimage","url":"https:\/\/www.perfectvanwamel.com\/wp-content\/uploads\/2020\/04\/SZA-600.jpg","contentUrl":"https:\/\/www.perfectvanwamel.com\/wp-content\/uploads\/2020\/04\/SZA-600.jpg","width":1644,"height":942},{"@type":"BreadcrumbList","@id":"https:\/\/www.perfectvanwamel.com\/de\/produkt\/schwenkscheibe-sza\/#breadcrumb","itemListElement":[{"@type":"ListItem","position":1,"name":"Home","item":"https:\/\/staging.perfectvanwamel.com\/de\/"},{"@type":"ListItem","position":2,"name":"Technologie","item":"https:\/\/staging.perfectvanwamel.com\/de\/technologie\/"},{"@type":"ListItem","position":3,"name":"SZA, Solo-Swing zum Anbauen"}]},{"@type":"WebSite","@id":"https:\/\/www.perfectvanwamel.com\/de\/#website","url":"https:\/\/www.perfectvanwamel.com\/de\/","name":"PERFECT - Van Wamel","description":"","potentialAction":[{"@type":"SearchAction","target":{"@type":"EntryPoint","urlTemplate":"https:\/\/www.perfectvanwamel.com\/de\/?s={search_term_string}"},"query-input":{"@type":"PropertyValueSpecification","valueRequired":true,"valueName":"search_term_string"}}],"inLanguage":"de"}]}},"_links":{"self":[{"href":"https:\/\/www.perfectvanwamel.com\/de\/wp-json\/wp\/v2\/product\/5584","targetHints":{"allow":["GET"]}}],"collection":[{"href":"https:\/\/www.perfectvanwamel.com\/de\/wp-json\/wp\/v2\/product"}],"about":[{"href":"https:\/\/www.perfectvanwamel.com\/de\/wp-json\/wp\/v2\/types\/product"}],"wp:featuredmedia":[{"embeddable":true,"href":"https:\/\/www.perfectvanwamel.com\/de\/wp-json\/wp\/v2\/media\/28460"}],"wp:attachment":[{"href":"https:\/\/www.perfectvanwamel.com\/de\/wp-json\/wp\/v2\/media?parent=5584"}],"wp:term":[{"taxonomy":"product_brand","embeddable":true,"href":"https:\/\/www.perfectvanwamel.com\/de\/wp-json\/wp\/v2\/product_brand?post=5584"},{"taxonomy":"product_cat","embeddable":true,"href":"https:\/\/www.perfectvanwamel.com\/de\/wp-json\/wp\/v2\/product_cat?post=5584"},{"taxonomy":"product_tag","embeddable":true,"href":"https:\/\/www.perfectvanwamel.com\/de\/wp-json\/wp\/v2\/product_tag?post=5584"}],"curies":[{"name":"wp","href":"https:\/\/api.w.org\/{rel}","templated":true}]}}