{"id":5585,"date":"2020-04-23T07:41:40","date_gmt":"2020-04-23T05:41:40","guid":{"rendered":"https:\/\/www.perfectvanwamel.com\/product\/kreiselmulcher-lf-serie\/"},"modified":"2020-10-29T20:02:10","modified_gmt":"2020-10-29T19:02:10","slug":"kreiselmulcher-lf-serie","status":"publish","type":"product","link":"https:\/\/www.perfectvanwamel.com\/de\/produkt\/kreiselmulcher-lf-serie\/","title":{"rendered":"LF-Serie, Kreiselmulcher auf Kufen f\u00fcr Obst- und Weinbau"},"content":{"rendered":"<p>Der LF-Mulcher f\u00fcr Obstpflanzungen ist ein sehr solider Mulcher mit hohem Durchsatz. Dank des schweren Antriebs mit automatischer Keilriemenspannung und der Grasf\u00fchrung auf der Unterseite des M\u00e4hwerks leistet der LF auch in hohem Gras hervorragende Arbeit. Zudem erm\u00f6glichen die Gleitleisten eine hohe Fahrgeschwindigkeit bis gut 10\u00a0km\/h.<\/p>\n<p>Streifenmulcher der Serie LF sind mit Arbeitsbreiten von 1,40\u00a0m bis 3,60\u00a0m lieferbar.<\/p>\n<p>LF-Kreiselmulcher verf\u00fcgen serienm\u00e4\u00dfig \u00fcber einen gro\u00dfen Ausleger, sodass auch in einiger Entfernung vom Traktor gem\u00e4ht werden kann. Der schmale Anbaub\u00fcgel sorgt daf\u00fcr, dass die Fr\u00fcchte an den B\u00e4umen nicht besch\u00e4digt werden.<\/p>\n<p>Zur optimalen Bodenauflage kann dieser Streifenmulcher mit einer Laufrolle ausgestattet werden.<\/p>\n","protected":false},"excerpt":{"rendered":"<p>Robuster Kreiselmulcher f\u00fcr Obst- und Weinbau, schwerer Antrieb und hoher Durchsatz. Mit den langen Gleitleisten ist eine hohe Fahrgeschwindigkeit m\u00f6glich.<\/p>\n","protected":false},"featured_media":3360,"template":"","meta":{"_acf_changed":false},"product_brand":[],"product_cat":[1034],"product_tag":[],"class_list":{"0":"post-5585","1":"product","2":"type-product","3":"status-publish","4":"has-post-thumbnail","6":"product_cat-obstbaumulcher","7":"pa_aantal-maaimessen-2-de","8":"pa_aantal-maaimessen-3-de","9":"pa_aantal-maaimessen-4-de","10":"pa_denkende-schijf-nein","11":"pa_gewicht-kg-480-de","12":"pa_gewicht-kg-560-de","13":"pa_gewicht-kg-640-de","14":"pa_lengte-looprol-cm-162-de","15":"pa_lengte-looprol-cm-53-de","16":"pa_lengte-looprol-cm-95-de","17":"pa_maaihoogte-cm-4-14-de","18":"pa_max-parallellogram-verstek-133-de","19":"pa_max-parallellogram-verstek-148-de","20":"pa_max-parallellogram-verstek-163-de","21":"pa_max-parallellogram-verstek-178-de","22":"pa_max-parallellogram-verstek-223-de","23":"pa_max-verstrek-midden-cm-140-de","24":"pa_max-verstrek-midden-cm-155-de","25":"pa_max-verstrek-midden-cm-170-de","26":"pa_max-verstrek-midden-cm-185-de","27":"pa_max-verstrek-midden-cm-230-de","28":"pa_min-benodigd-vermogen-kw-pk-18-25-de","29":"pa_min-benodigd-vermogen-kw-pk-21-28-de","30":"pa_min-benodigd-vermogen-kw-pk-24-32-de-2","31":"pa_min-benodigd-vermogen-kw-pk-28-38-de","32":"pa_min-benodigd-vermogen-kw-pk-32-42-de","33":"pa_min-benodigd-vermogen-kw-pk-39-50-de","34":"pa_transportbreedte-cm-149-de","35":"pa_transportbreedte-cm-194-de","36":"pa_transportbreedte-cm-224-de","37":"pa_transportbreedte-cm-254-de","38":"pa_transportbreedte-cm-284-de","39":"pa_transportbreedte-cm-374-de","40":"pa_werkbreedte-cm-140-de","41":"pa_werkbreedte-cm-185-de","42":"pa_werkbreedte-cm-215-de","43":"pa_werkbreedte-cm-245-de","44":"pa_werkbreedte-cm-275-de","45":"pa_werkbreedte-cm-360-de","47":"first","48":"instock","49":"shipping-taxable","50":"product-type-simple"},"acf":[],"yoast_head":"<!-- This site is optimized with the Yoast SEO plugin v27.4 - https:\/\/yoast.com\/product\/yoast-seo-wordpress\/ -->\n<title>Obstbaumulcher auf Kufen Serie LF - PERFECT - Van Wamel<\/title>\n<meta name=\"description\" content=\"Robuster Kreiselmulcher f\u00fcr Obst- und Weinbau. Mit den langen Gleitleisten ist eine hohe Fahrgeschwindigkeit m\u00f6glich.\" \/>\n<meta name=\"robots\" content=\"index, follow, max-snippet:-1, max-image-preview:large, max-video-preview:-1\" \/>\n<link rel=\"canonical\" href=\"https:\/\/www.perfectvanwamel.com\/de\/produkt\/kreiselmulcher-lf-serie\/\" \/>\n<meta property=\"og:locale\" content=\"de_DE\" \/>\n<meta property=\"og:type\" content=\"article\" \/>\n<meta property=\"og:title\" content=\"Obstbaumulcher auf Kufen Serie LF - PERFECT - Van Wamel\" \/>\n<meta property=\"og:description\" content=\"Robuster Kreiselmulcher f\u00fcr Obst- und Weinbau. Mit den langen Gleitleisten ist eine hohe Fahrgeschwindigkeit m\u00f6glich.\" \/>\n<meta property=\"og:url\" content=\"https:\/\/www.perfectvanwamel.com\/de\/produkt\/kreiselmulcher-lf-serie\/\" \/>\n<meta property=\"og:site_name\" content=\"PERFECT - Van Wamel\" \/>\n<meta property=\"article:modified_time\" content=\"2020-10-29T19:02:10+00:00\" \/>\n<meta property=\"og:image\" content=\"https:\/\/staging.perfectvanwamel.com\/wp-content\/uploads\/2020\/04\/PERFECT_rotary_mower_LF_1_-removebg.png\" \/>\n\t<meta property=\"og:image:width\" content=\"2000\" \/>\n\t<meta property=\"og:image:height\" content=\"1335\" \/>\n\t<meta property=\"og:image:type\" content=\"image\/png\" \/>\n<meta name=\"twitter:card\" content=\"summary_large_image\" \/>\n<meta name=\"twitter:label1\" content=\"Gesch\u00e4tzte Lesezeit\" \/>\n\t<meta name=\"twitter:data1\" content=\"1\u00a0Minute\" \/>\n<script type=\"application\/ld+json\" class=\"yoast-schema-graph\">{\"@context\":\"https:\\\/\\\/schema.org\",\"@graph\":[{\"@type\":\"WebPage\",\"@id\":\"https:\\\/\\\/www.perfectvanwamel.com\\\/de\\\/produkt\\\/kreiselmulcher-lf-serie\\\/\",\"url\":\"https:\\\/\\\/www.perfectvanwamel.com\\\/de\\\/produkt\\\/kreiselmulcher-lf-serie\\\/\",\"name\":\"Obstbaumulcher auf Kufen Serie LF - PERFECT - Van Wamel\",\"isPartOf\":{\"@id\":\"https:\\\/\\\/www.perfectvanwamel.com\\\/de\\\/#website\"},\"primaryImageOfPage\":{\"@id\":\"https:\\\/\\\/www.perfectvanwamel.com\\\/de\\\/produkt\\\/kreiselmulcher-lf-serie\\\/#primaryimage\"},\"image\":{\"@id\":\"https:\\\/\\\/www.perfectvanwamel.com\\\/de\\\/produkt\\\/kreiselmulcher-lf-serie\\\/#primaryimage\"},\"thumbnailUrl\":\"https:\\\/\\\/www.perfectvanwamel.com\\\/wp-content\\\/uploads\\\/2020\\\/04\\\/PERFECT_rotary_mower_LF_1_-removebg.png\",\"datePublished\":\"2020-04-23T05:41:40+00:00\",\"dateModified\":\"2020-10-29T19:02:10+00:00\",\"description\":\"Robuster Kreiselmulcher f\u00fcr Obst- und Weinbau. Mit den langen Gleitleisten ist eine hohe Fahrgeschwindigkeit m\u00f6glich.\",\"breadcrumb\":{\"@id\":\"https:\\\/\\\/www.perfectvanwamel.com\\\/de\\\/produkt\\\/kreiselmulcher-lf-serie\\\/#breadcrumb\"},\"inLanguage\":\"de\",\"potentialAction\":[{\"@type\":\"ReadAction\",\"target\":[\"https:\\\/\\\/www.perfectvanwamel.com\\\/de\\\/produkt\\\/kreiselmulcher-lf-serie\\\/\"]}]},{\"@type\":\"ImageObject\",\"inLanguage\":\"de\",\"@id\":\"https:\\\/\\\/www.perfectvanwamel.com\\\/de\\\/produkt\\\/kreiselmulcher-lf-serie\\\/#primaryimage\",\"url\":\"https:\\\/\\\/www.perfectvanwamel.com\\\/wp-content\\\/uploads\\\/2020\\\/04\\\/PERFECT_rotary_mower_LF_1_-removebg.png\",\"contentUrl\":\"https:\\\/\\\/www.perfectvanwamel.com\\\/wp-content\\\/uploads\\\/2020\\\/04\\\/PERFECT_rotary_mower_LF_1_-removebg.png\",\"width\":2000,\"height\":1335},{\"@type\":\"BreadcrumbList\",\"@id\":\"https:\\\/\\\/www.perfectvanwamel.com\\\/de\\\/produkt\\\/kreiselmulcher-lf-serie\\\/#breadcrumb\",\"itemListElement\":[{\"@type\":\"ListItem\",\"position\":1,\"name\":\"Home\",\"item\":\"https:\\\/\\\/staging.perfectvanwamel.com\\\/de\\\/\"},{\"@type\":\"ListItem\",\"position\":2,\"name\":\"Technologie\",\"item\":\"https:\\\/\\\/staging.perfectvanwamel.com\\\/de\\\/technologie\\\/\"},{\"@type\":\"ListItem\",\"position\":3,\"name\":\"LF-Serie, Kreiselmulcher auf Kufen f\u00fcr Obst- und Weinbau\"}]},{\"@type\":\"WebSite\",\"@id\":\"https:\\\/\\\/www.perfectvanwamel.com\\\/de\\\/#website\",\"url\":\"https:\\\/\\\/www.perfectvanwamel.com\\\/de\\\/\",\"name\":\"PERFECT - Van Wamel\",\"description\":\"\",\"potentialAction\":[{\"@type\":\"SearchAction\",\"target\":{\"@type\":\"EntryPoint\",\"urlTemplate\":\"https:\\\/\\\/www.perfectvanwamel.com\\\/de\\\/?s={search_term_string}\"},\"query-input\":{\"@type\":\"PropertyValueSpecification\",\"valueRequired\":true,\"valueName\":\"search_term_string\"}}],\"inLanguage\":\"de\"}]}<\/script>\n<!-- \/ Yoast SEO plugin. -->","yoast_head_json":{"title":"Obstbaumulcher auf Kufen Serie LF - PERFECT - Van Wamel","description":"Robuster Kreiselmulcher f\u00fcr Obst- und Weinbau. Mit den langen Gleitleisten ist eine hohe Fahrgeschwindigkeit m\u00f6glich.","robots":{"index":"index","follow":"follow","max-snippet":"max-snippet:-1","max-image-preview":"max-image-preview:large","max-video-preview":"max-video-preview:-1"},"canonical":"https:\/\/www.perfectvanwamel.com\/de\/produkt\/kreiselmulcher-lf-serie\/","og_locale":"de_DE","og_type":"article","og_title":"Obstbaumulcher auf Kufen Serie LF - PERFECT - Van Wamel","og_description":"Robuster Kreiselmulcher f\u00fcr Obst- und Weinbau. Mit den langen Gleitleisten ist eine hohe Fahrgeschwindigkeit m\u00f6glich.","og_url":"https:\/\/www.perfectvanwamel.com\/de\/produkt\/kreiselmulcher-lf-serie\/","og_site_name":"PERFECT - Van Wamel","article_modified_time":"2020-10-29T19:02:10+00:00","og_image":[{"width":2000,"height":1335,"url":"https:\/\/staging.perfectvanwamel.com\/wp-content\/uploads\/2020\/04\/PERFECT_rotary_mower_LF_1_-removebg.png","type":"image\/png"}],"twitter_card":"summary_large_image","twitter_misc":{"Gesch\u00e4tzte Lesezeit":"1\u00a0Minute"},"schema":{"@context":"https:\/\/schema.org","@graph":[{"@type":"WebPage","@id":"https:\/\/www.perfectvanwamel.com\/de\/produkt\/kreiselmulcher-lf-serie\/","url":"https:\/\/www.perfectvanwamel.com\/de\/produkt\/kreiselmulcher-lf-serie\/","name":"Obstbaumulcher auf Kufen Serie LF - PERFECT - Van Wamel","isPartOf":{"@id":"https:\/\/www.perfectvanwamel.com\/de\/#website"},"primaryImageOfPage":{"@id":"https:\/\/www.perfectvanwamel.com\/de\/produkt\/kreiselmulcher-lf-serie\/#primaryimage"},"image":{"@id":"https:\/\/www.perfectvanwamel.com\/de\/produkt\/kreiselmulcher-lf-serie\/#primaryimage"},"thumbnailUrl":"https:\/\/www.perfectvanwamel.com\/wp-content\/uploads\/2020\/04\/PERFECT_rotary_mower_LF_1_-removebg.png","datePublished":"2020-04-23T05:41:40+00:00","dateModified":"2020-10-29T19:02:10+00:00","description":"Robuster Kreiselmulcher f\u00fcr Obst- und Weinbau. Mit den langen Gleitleisten ist eine hohe Fahrgeschwindigkeit m\u00f6glich.","breadcrumb":{"@id":"https:\/\/www.perfectvanwamel.com\/de\/produkt\/kreiselmulcher-lf-serie\/#breadcrumb"},"inLanguage":"de","potentialAction":[{"@type":"ReadAction","target":["https:\/\/www.perfectvanwamel.com\/de\/produkt\/kreiselmulcher-lf-serie\/"]}]},{"@type":"ImageObject","inLanguage":"de","@id":"https:\/\/www.perfectvanwamel.com\/de\/produkt\/kreiselmulcher-lf-serie\/#primaryimage","url":"https:\/\/www.perfectvanwamel.com\/wp-content\/uploads\/2020\/04\/PERFECT_rotary_mower_LF_1_-removebg.png","contentUrl":"https:\/\/www.perfectvanwamel.com\/wp-content\/uploads\/2020\/04\/PERFECT_rotary_mower_LF_1_-removebg.png","width":2000,"height":1335},{"@type":"BreadcrumbList","@id":"https:\/\/www.perfectvanwamel.com\/de\/produkt\/kreiselmulcher-lf-serie\/#breadcrumb","itemListElement":[{"@type":"ListItem","position":1,"name":"Home","item":"https:\/\/staging.perfectvanwamel.com\/de\/"},{"@type":"ListItem","position":2,"name":"Technologie","item":"https:\/\/staging.perfectvanwamel.com\/de\/technologie\/"},{"@type":"ListItem","position":3,"name":"LF-Serie, Kreiselmulcher auf Kufen f\u00fcr Obst- und Weinbau"}]},{"@type":"WebSite","@id":"https:\/\/www.perfectvanwamel.com\/de\/#website","url":"https:\/\/www.perfectvanwamel.com\/de\/","name":"PERFECT - Van Wamel","description":"","potentialAction":[{"@type":"SearchAction","target":{"@type":"EntryPoint","urlTemplate":"https:\/\/www.perfectvanwamel.com\/de\/?s={search_term_string}"},"query-input":{"@type":"PropertyValueSpecification","valueRequired":true,"valueName":"search_term_string"}}],"inLanguage":"de"}]}},"_links":{"self":[{"href":"https:\/\/www.perfectvanwamel.com\/de\/wp-json\/wp\/v2\/product\/5585","targetHints":{"allow":["GET"]}}],"collection":[{"href":"https:\/\/www.perfectvanwamel.com\/de\/wp-json\/wp\/v2\/product"}],"about":[{"href":"https:\/\/www.perfectvanwamel.com\/de\/wp-json\/wp\/v2\/types\/product"}],"wp:featuredmedia":[{"embeddable":true,"href":"https:\/\/www.perfectvanwamel.com\/de\/wp-json\/wp\/v2\/media\/3360"}],"wp:attachment":[{"href":"https:\/\/www.perfectvanwamel.com\/de\/wp-json\/wp\/v2\/media?parent=5585"}],"wp:term":[{"taxonomy":"product_brand","embeddable":true,"href":"https:\/\/www.perfectvanwamel.com\/de\/wp-json\/wp\/v2\/product_brand?post=5585"},{"taxonomy":"product_cat","embeddable":true,"href":"https:\/\/www.perfectvanwamel.com\/de\/wp-json\/wp\/v2\/product_cat?post=5585"},{"taxonomy":"product_tag","embeddable":true,"href":"https:\/\/www.perfectvanwamel.com\/de\/wp-json\/wp\/v2\/product_tag?post=5585"}],"curies":[{"name":"wp","href":"https:\/\/api.w.org\/{rel}","templated":true}]}}