{"id":5587,"date":"2019-12-03T13:04:17","date_gmt":"2019-12-03T12:04:17","guid":{"rendered":"https:\/\/www.perfectvanwamel.com\/product\/kreiselmulcher-fv2-serie\/"},"modified":"2020-10-29T13:03:22","modified_gmt":"2020-10-29T12:03:22","slug":"kreiselmulcher-fv2-serie","status":"publish","type":"product","link":"https:\/\/www.perfectvanwamel.com\/de\/produkt\/kreiselmulcher-fv2-serie\/","title":{"rendered":"FV2-Serie, der optimale Mulcher f\u00fcr (Bio-)Weing\u00e4rten, Beerenkulturen und Erdbeerstellagen"},"content":{"rendered":"<p>Seit vielen Jahren ist der Weingartenmulcher FV2 das ideale Arbeitsger\u00e4t f\u00fcr Weing\u00e4rten, wo der Bodenbewuchs nicht chemisch bek\u00e4mpft wird. Der hohe Durchsatz \u00fcber die gesamte Breite und die \u00fcberaus hohe Zuverl\u00e4ssigkeit des Schwenkmechanismus machen den FV2 zum optimalen Mulchger\u00e4t f\u00fcr den biologischen Weinanbau.<\/p>\n<p>Dank des robusten Keilriemenantriebs der M\u00e4hscheiben drehen sich die schweren M\u00e4hmesser sehr schnell, sodass sie trotz ihres kleineren Durchmessers durch hohe Leistungsf\u00e4higkeit \u00fcberzeugen.<\/p>\n<p>Der FV2-Mulcher ist in acht verschiedenen Arbeitsbreiten erh\u00e4ltlich. Zur optimalen Anpassung der Scheibenposition an die jeweiligen Gegebenheiten kann der FV2 mit einer hydraulischen Scheibeneinstellung geliefert werden. Dadurch wird zwar die maximale Arbeitsbreite begrenzt, aber der Schwenkeffekt bleibt erhalten.<\/p>\n<p>F\u00fcr Weing\u00e4rten mit erh\u00f6ht liegenden Ranken sind hochklappbare Schwenkscheiben lieferbar; dabei arbeiten die Scheiben mit einem festen Winkel von maximal 15\u00a0Grad.<\/p>\n","protected":false},"excerpt":{"rendered":"<p>Komplett mechanisch angetriebener Kreiselmulcher mit M\u00e4hscheiben zum Mulchen in der Reihe (Weinreben, Beeren) oder im Umkreis von Erdbeerstellagen. Hocher Durchsatz und ausgezeichnete Schnittqualit\u00e4t. Erh\u00e4ltlich in acht Arbeitsbreiten.<\/p>\n","protected":false},"featured_media":3762,"template":"","meta":{"_acf_changed":false},"product_brand":[],"product_cat":[1034],"product_tag":[],"class_list":{"0":"post-5587","1":"product","2":"type-product","3":"status-publish","4":"has-post-thumbnail","6":"product_cat-obstbaumulcher","7":"pa_aantal-maaimessen-4-de","8":"pa_aantal-maaimessen-5-de","9":"pa_denkende-schijf-ja-de","10":"pa_gewicht-kg-300-de","11":"pa_gewicht-kg-430-de","12":"pa_gewicht-kg-460-de","13":"pa_gewicht-kg-515-de","14":"pa_gewicht-kg-520-de","15":"pa_gewicht-kg-555-de","16":"pa_gewicht-kg-615-de","17":"pa_gewicht-kg-660-de","18":"pa_maaihoogte-cm-4-10-de","19":"pa_min-benodigd-vermogen-kw-pk-18-25-de","20":"pa_min-benodigd-vermogen-kw-pk-22-30-de","21":"pa_min-benodigd-vermogen-kw-pk-24-33-de","22":"pa_min-benodigd-vermogen-kw-pk-26-35-de","23":"pa_min-benodigd-vermogen-kw-pk-28-38-de","24":"pa_min-benodigd-vermogen-kw-pk-33-44-de","25":"pa_min-benodigd-vermogen-kw-pk-35-47-de","26":"pa_min-benodigd-vermogen-kw-pk-38-51-de","27":"pa_werkbreedte-max-160-de","28":"pa_werkbreedte-max-195-de","29":"pa_werkbreedte-max-220-de","30":"pa_werkbreedte-max-250-de","31":"pa_werkbreedte-max-265-de","32":"pa_werkbreedte-max-300-de","33":"pa_werkbreedte-max-320-de","34":"pa_werkbreedte-max-365-de","35":"pa_werkbreedte-min-120-de","36":"pa_werkbreedte-min-125-de","37":"pa_werkbreedte-min-147-de","38":"pa_werkbreedte-min-175-de","39":"pa_werkbreedte-min-190-de","40":"pa_werkbreedte-min-225-de","41":"pa_werkbreedte-min-245-de","42":"pa_werkbreedte-min-294-de","44":"first","45":"instock","46":"shipping-taxable","47":"product-type-simple"},"acf":[],"yoast_head":"<!-- This site is optimized with the Yoast SEO plugin v27.4 - https:\/\/yoast.com\/product\/yoast-seo-wordpress\/ -->\n<title>FV2-Serie, der optimale Mulcher f\u00fcr (Bio-)Weing\u00e4rten, Beerenkulturen und Erdbeerstellagen - PERFECT - Van Wamel<\/title>\n<meta name=\"robots\" content=\"index, follow, max-snippet:-1, max-image-preview:large, max-video-preview:-1\" \/>\n<link rel=\"canonical\" href=\"https:\/\/www.perfectvanwamel.com\/de\/produkt\/kreiselmulcher-fv2-serie\/\" \/>\n<meta property=\"og:locale\" content=\"de_DE\" \/>\n<meta property=\"og:type\" content=\"article\" \/>\n<meta property=\"og:title\" content=\"FV2-Serie, der optimale Mulcher f\u00fcr (Bio-)Weing\u00e4rten, Beerenkulturen und Erdbeerstellagen - PERFECT - Van Wamel\" \/>\n<meta property=\"og:description\" content=\"Komplett mechanisch angetriebener Kreiselmulcher mit M\u00e4hscheiben zum Mulchen in der Reihe (Weinreben, Beeren) oder im Umkreis von Erdbeerstellagen. Hocher Durchsatz und ausgezeichnete Schnittqualit\u00e4t. Erh\u00e4ltlich in acht Arbeitsbreiten.\" \/>\n<meta property=\"og:url\" content=\"https:\/\/www.perfectvanwamel.com\/de\/produkt\/kreiselmulcher-fv2-serie\/\" \/>\n<meta property=\"og:site_name\" content=\"PERFECT - Van Wamel\" \/>\n<meta property=\"article:modified_time\" content=\"2020-10-29T12:03:22+00:00\" \/>\n<meta property=\"og:image\" content=\"https:\/\/staging.perfectvanwamel.com\/wp-content\/uploads\/2019\/12\/PERFECT_rotary_mower_FV2_1_-removebg.png\" \/>\n\t<meta property=\"og:image:width\" content=\"2000\" \/>\n\t<meta property=\"og:image:height\" content=\"1335\" \/>\n\t<meta property=\"og:image:type\" content=\"image\/png\" \/>\n<meta name=\"twitter:card\" content=\"summary_large_image\" \/>\n<meta name=\"twitter:label1\" content=\"Gesch\u00e4tzte Lesezeit\" \/>\n\t<meta name=\"twitter:data1\" content=\"1\u00a0Minute\" \/>\n<script type=\"application\/ld+json\" class=\"yoast-schema-graph\">{\"@context\":\"https:\\\/\\\/schema.org\",\"@graph\":[{\"@type\":\"WebPage\",\"@id\":\"https:\\\/\\\/www.perfectvanwamel.com\\\/de\\\/produkt\\\/kreiselmulcher-fv2-serie\\\/\",\"url\":\"https:\\\/\\\/www.perfectvanwamel.com\\\/de\\\/produkt\\\/kreiselmulcher-fv2-serie\\\/\",\"name\":\"FV2-Serie, der optimale Mulcher f\u00fcr (Bio-)Weing\u00e4rten, Beerenkulturen und Erdbeerstellagen - PERFECT - Van Wamel\",\"isPartOf\":{\"@id\":\"https:\\\/\\\/www.perfectvanwamel.com\\\/de\\\/#website\"},\"primaryImageOfPage\":{\"@id\":\"https:\\\/\\\/www.perfectvanwamel.com\\\/de\\\/produkt\\\/kreiselmulcher-fv2-serie\\\/#primaryimage\"},\"image\":{\"@id\":\"https:\\\/\\\/www.perfectvanwamel.com\\\/de\\\/produkt\\\/kreiselmulcher-fv2-serie\\\/#primaryimage\"},\"thumbnailUrl\":\"https:\\\/\\\/www.perfectvanwamel.com\\\/wp-content\\\/uploads\\\/2019\\\/12\\\/PERFECT_rotary_mower_FV2_1_-removebg.png\",\"datePublished\":\"2019-12-03T12:04:17+00:00\",\"dateModified\":\"2020-10-29T12:03:22+00:00\",\"breadcrumb\":{\"@id\":\"https:\\\/\\\/www.perfectvanwamel.com\\\/de\\\/produkt\\\/kreiselmulcher-fv2-serie\\\/#breadcrumb\"},\"inLanguage\":\"de\",\"potentialAction\":[{\"@type\":\"ReadAction\",\"target\":[\"https:\\\/\\\/www.perfectvanwamel.com\\\/de\\\/produkt\\\/kreiselmulcher-fv2-serie\\\/\"]}]},{\"@type\":\"ImageObject\",\"inLanguage\":\"de\",\"@id\":\"https:\\\/\\\/www.perfectvanwamel.com\\\/de\\\/produkt\\\/kreiselmulcher-fv2-serie\\\/#primaryimage\",\"url\":\"https:\\\/\\\/www.perfectvanwamel.com\\\/wp-content\\\/uploads\\\/2019\\\/12\\\/PERFECT_rotary_mower_FV2_1_-removebg.png\",\"contentUrl\":\"https:\\\/\\\/www.perfectvanwamel.com\\\/wp-content\\\/uploads\\\/2019\\\/12\\\/PERFECT_rotary_mower_FV2_1_-removebg.png\",\"width\":2000,\"height\":1335},{\"@type\":\"BreadcrumbList\",\"@id\":\"https:\\\/\\\/www.perfectvanwamel.com\\\/de\\\/produkt\\\/kreiselmulcher-fv2-serie\\\/#breadcrumb\",\"itemListElement\":[{\"@type\":\"ListItem\",\"position\":1,\"name\":\"Home\",\"item\":\"https:\\\/\\\/staging.perfectvanwamel.com\\\/de\\\/\"},{\"@type\":\"ListItem\",\"position\":2,\"name\":\"Technologie\",\"item\":\"https:\\\/\\\/staging.perfectvanwamel.com\\\/de\\\/technologie\\\/\"},{\"@type\":\"ListItem\",\"position\":3,\"name\":\"FV2-Serie, der optimale Mulcher f\u00fcr (Bio-)Weing\u00e4rten, Beerenkulturen und Erdbeerstellagen\"}]},{\"@type\":\"WebSite\",\"@id\":\"https:\\\/\\\/www.perfectvanwamel.com\\\/de\\\/#website\",\"url\":\"https:\\\/\\\/www.perfectvanwamel.com\\\/de\\\/\",\"name\":\"PERFECT - Van Wamel\",\"description\":\"\",\"potentialAction\":[{\"@type\":\"SearchAction\",\"target\":{\"@type\":\"EntryPoint\",\"urlTemplate\":\"https:\\\/\\\/www.perfectvanwamel.com\\\/de\\\/?s={search_term_string}\"},\"query-input\":{\"@type\":\"PropertyValueSpecification\",\"valueRequired\":true,\"valueName\":\"search_term_string\"}}],\"inLanguage\":\"de\"}]}<\/script>\n<!-- \/ Yoast SEO plugin. -->","yoast_head_json":{"title":"FV2-Serie, der optimale Mulcher f\u00fcr (Bio-)Weing\u00e4rten, Beerenkulturen und Erdbeerstellagen - PERFECT - Van Wamel","robots":{"index":"index","follow":"follow","max-snippet":"max-snippet:-1","max-image-preview":"max-image-preview:large","max-video-preview":"max-video-preview:-1"},"canonical":"https:\/\/www.perfectvanwamel.com\/de\/produkt\/kreiselmulcher-fv2-serie\/","og_locale":"de_DE","og_type":"article","og_title":"FV2-Serie, der optimale Mulcher f\u00fcr (Bio-)Weing\u00e4rten, Beerenkulturen und Erdbeerstellagen - PERFECT - Van Wamel","og_description":"Komplett mechanisch angetriebener Kreiselmulcher mit M\u00e4hscheiben zum Mulchen in der Reihe (Weinreben, Beeren) oder im Umkreis von Erdbeerstellagen. Hocher Durchsatz und ausgezeichnete Schnittqualit\u00e4t. Erh\u00e4ltlich in acht Arbeitsbreiten.","og_url":"https:\/\/www.perfectvanwamel.com\/de\/produkt\/kreiselmulcher-fv2-serie\/","og_site_name":"PERFECT - Van Wamel","article_modified_time":"2020-10-29T12:03:22+00:00","og_image":[{"width":2000,"height":1335,"url":"https:\/\/staging.perfectvanwamel.com\/wp-content\/uploads\/2019\/12\/PERFECT_rotary_mower_FV2_1_-removebg.png","type":"image\/png"}],"twitter_card":"summary_large_image","twitter_misc":{"Gesch\u00e4tzte Lesezeit":"1\u00a0Minute"},"schema":{"@context":"https:\/\/schema.org","@graph":[{"@type":"WebPage","@id":"https:\/\/www.perfectvanwamel.com\/de\/produkt\/kreiselmulcher-fv2-serie\/","url":"https:\/\/www.perfectvanwamel.com\/de\/produkt\/kreiselmulcher-fv2-serie\/","name":"FV2-Serie, der optimale Mulcher f\u00fcr (Bio-)Weing\u00e4rten, Beerenkulturen und Erdbeerstellagen - PERFECT - Van Wamel","isPartOf":{"@id":"https:\/\/www.perfectvanwamel.com\/de\/#website"},"primaryImageOfPage":{"@id":"https:\/\/www.perfectvanwamel.com\/de\/produkt\/kreiselmulcher-fv2-serie\/#primaryimage"},"image":{"@id":"https:\/\/www.perfectvanwamel.com\/de\/produkt\/kreiselmulcher-fv2-serie\/#primaryimage"},"thumbnailUrl":"https:\/\/www.perfectvanwamel.com\/wp-content\/uploads\/2019\/12\/PERFECT_rotary_mower_FV2_1_-removebg.png","datePublished":"2019-12-03T12:04:17+00:00","dateModified":"2020-10-29T12:03:22+00:00","breadcrumb":{"@id":"https:\/\/www.perfectvanwamel.com\/de\/produkt\/kreiselmulcher-fv2-serie\/#breadcrumb"},"inLanguage":"de","potentialAction":[{"@type":"ReadAction","target":["https:\/\/www.perfectvanwamel.com\/de\/produkt\/kreiselmulcher-fv2-serie\/"]}]},{"@type":"ImageObject","inLanguage":"de","@id":"https:\/\/www.perfectvanwamel.com\/de\/produkt\/kreiselmulcher-fv2-serie\/#primaryimage","url":"https:\/\/www.perfectvanwamel.com\/wp-content\/uploads\/2019\/12\/PERFECT_rotary_mower_FV2_1_-removebg.png","contentUrl":"https:\/\/www.perfectvanwamel.com\/wp-content\/uploads\/2019\/12\/PERFECT_rotary_mower_FV2_1_-removebg.png","width":2000,"height":1335},{"@type":"BreadcrumbList","@id":"https:\/\/www.perfectvanwamel.com\/de\/produkt\/kreiselmulcher-fv2-serie\/#breadcrumb","itemListElement":[{"@type":"ListItem","position":1,"name":"Home","item":"https:\/\/staging.perfectvanwamel.com\/de\/"},{"@type":"ListItem","position":2,"name":"Technologie","item":"https:\/\/staging.perfectvanwamel.com\/de\/technologie\/"},{"@type":"ListItem","position":3,"name":"FV2-Serie, der optimale Mulcher f\u00fcr (Bio-)Weing\u00e4rten, Beerenkulturen und Erdbeerstellagen"}]},{"@type":"WebSite","@id":"https:\/\/www.perfectvanwamel.com\/de\/#website","url":"https:\/\/www.perfectvanwamel.com\/de\/","name":"PERFECT - Van Wamel","description":"","potentialAction":[{"@type":"SearchAction","target":{"@type":"EntryPoint","urlTemplate":"https:\/\/www.perfectvanwamel.com\/de\/?s={search_term_string}"},"query-input":{"@type":"PropertyValueSpecification","valueRequired":true,"valueName":"search_term_string"}}],"inLanguage":"de"}]}},"_links":{"self":[{"href":"https:\/\/www.perfectvanwamel.com\/de\/wp-json\/wp\/v2\/product\/5587","targetHints":{"allow":["GET"]}}],"collection":[{"href":"https:\/\/www.perfectvanwamel.com\/de\/wp-json\/wp\/v2\/product"}],"about":[{"href":"https:\/\/www.perfectvanwamel.com\/de\/wp-json\/wp\/v2\/types\/product"}],"wp:featuredmedia":[{"embeddable":true,"href":"https:\/\/www.perfectvanwamel.com\/de\/wp-json\/wp\/v2\/media\/3762"}],"wp:attachment":[{"href":"https:\/\/www.perfectvanwamel.com\/de\/wp-json\/wp\/v2\/media?parent=5587"}],"wp:term":[{"taxonomy":"product_brand","embeddable":true,"href":"https:\/\/www.perfectvanwamel.com\/de\/wp-json\/wp\/v2\/product_brand?post=5587"},{"taxonomy":"product_cat","embeddable":true,"href":"https:\/\/www.perfectvanwamel.com\/de\/wp-json\/wp\/v2\/product_cat?post=5587"},{"taxonomy":"product_tag","embeddable":true,"href":"https:\/\/www.perfectvanwamel.com\/de\/wp-json\/wp\/v2\/product_tag?post=5587"}],"curies":[{"name":"wp","href":"https:\/\/api.w.org\/{rel}","templated":true}]}}