{"id":5588,"date":"2019-12-03T13:04:02","date_gmt":"2019-12-03T12:04:02","guid":{"rendered":"https:\/\/www.perfectvanwamel.com\/product\/kreiselmulcher-vt-serie\/"},"modified":"2020-09-30T16:17:43","modified_gmt":"2020-09-30T14:17:43","slug":"kreiselmulcher-vt-serie","status":"publish","type":"product","link":"https:\/\/www.perfectvanwamel.com\/de\/produkt\/kreiselmulcher-vt-serie\/","title":{"rendered":"VT\u2013Serie, Kreiselmulcher"},"content":{"rendered":"<p>Der Direktantrieb der PERFECT VT-Kreiselmulcher \u00fcbertr\u00e4gt noch mehr Leistung auf die M\u00e4hmesser als bei einem keilriemengetriebenen Mulchger\u00e4t. Das f\u00fchrt im Ergebnis zu sehr hohem Durchsatz und ausgezeichneter Schnittqualit\u00e4t. Um eine \u00dcberlastung des Antriebs zu verhindern, verf\u00fcgen die VT-Mulcher serienm\u00e4\u00dfig \u00fcber eine Gelenkwelle mit Freilauf und sind mit einer \u00dcberlastkupplung ausgestattet.<\/p>\n<p>Es gibt vier VT-Modelle mit Arbeitsbreiten von 1,15\u00a0m bis 2,60\u00a0m.<\/p>\n<p>Serienm\u00e4\u00dfig verf\u00fcgen die VT-Mulcher \u00fcber zwei Stahlr\u00e4der auf der Vorderseite und \u00fcber eine Laufrolle am Heck. F\u00fcr raueres Gel\u00e4nde und h\u00f6here Geschwindigkeiten k\u00f6nnen der VT-225 und der VT-260 mit Vollgummir\u00e4dern und\/oder einer Tandemrolle ausgestattet werden.<\/p>\n","protected":false},"excerpt":{"rendered":"<p>Verstellbarer Mulcher mit Zahnradantrieb f\u00fcr Obstpflanzungen\/Weing\u00e4rten\/Beerenkulturen, hervorragend geeignet zum M\u00e4hen von hohem Gras. Dank der verstellbaren Arbeitsbreite kann n\u00e4her an den B\u00e4umen gem\u00e4ht werden. Der Seitenauswurf bildet ordentliche M\u00e4hgutreihen.<\/p>\n","protected":false},"featured_media":3406,"template":"","meta":{"_acf_changed":false},"product_brand":[],"product_cat":[1034],"product_tag":[],"class_list":{"0":"post-5588","1":"product","2":"type-product","3":"status-publish","4":"has-post-thumbnail","6":"product_cat-obstbaumulcher","7":"pa_aantal-maaimessen-2-de","8":"pa_denkende-schijf-nein","9":"pa_gewicht-kg-450-de","10":"pa_gewicht-kg-460-de","11":"pa_gewicht-kg-640-de","12":"pa_gewicht-kg-700-de","13":"pa_maaihoogte-cm-4-9-de","14":"pa_min-benodigd-vermogen-kw-pk-18-25-de","15":"pa_min-benodigd-vermogen-kw-pk-25-35-de","16":"pa_min-benodigd-vermogen-kw-pk-45-60-de","17":"pa_transportbreedte-cm-118-de","18":"pa_transportbreedte-cm-136-de","19":"pa_transportbreedte-cm-168-de","20":"pa_transportbreedte-cm-193-de","21":"pa_werkbreedte-max-145-de","22":"pa_werkbreedte-max-180-de","23":"pa_werkbreedte-max-225-de","24":"pa_werkbreedte-max-260-de","25":"pa_werkbreedte-max-280-de","26":"pa_werkbreedte-min-115-de","27":"pa_werkbreedte-min-133-de","28":"pa_werkbreedte-min-165-de","29":"pa_werkbreedte-min-190-de","31":"first","32":"instock","33":"shipping-taxable","34":"product-type-simple"},"acf":[],"yoast_head":"<!-- This site is optimized with the Yoast SEO plugin v27.5 - https:\/\/yoast.com\/product\/yoast-seo-wordpress\/ -->\n<title>VT\u2013Serie, Kreiselmulcher - PERFECT - Van Wamel<\/title>\n<meta name=\"robots\" content=\"index, follow, max-snippet:-1, max-image-preview:large, max-video-preview:-1\" \/>\n<link rel=\"canonical\" href=\"https:\/\/www.perfectvanwamel.com\/de\/produkt\/kreiselmulcher-vt-serie\/\" \/>\n<meta property=\"og:locale\" content=\"de_DE\" \/>\n<meta property=\"og:type\" content=\"article\" \/>\n<meta property=\"og:title\" content=\"VT\u2013Serie, Kreiselmulcher - PERFECT - Van Wamel\" \/>\n<meta property=\"og:description\" content=\"Verstellbarer Mulcher mit Zahnradantrieb f\u00fcr Obstpflanzungen\/Weing\u00e4rten\/Beerenkulturen, hervorragend geeignet zum M\u00e4hen von hohem Gras. Dank der verstellbaren Arbeitsbreite kann n\u00e4her an den B\u00e4umen gem\u00e4ht werden. Der Seitenauswurf bildet ordentliche M\u00e4hgutreihen.\" \/>\n<meta property=\"og:url\" content=\"https:\/\/www.perfectvanwamel.com\/de\/produkt\/kreiselmulcher-vt-serie\/\" \/>\n<meta property=\"og:site_name\" content=\"PERFECT - Van Wamel\" \/>\n<meta property=\"article:modified_time\" content=\"2020-09-30T14:17:43+00:00\" \/>\n<meta property=\"og:image\" content=\"https:\/\/staging.perfectvanwamel.com\/wp-content\/uploads\/2019\/12\/PERFECT_rotary_mower_VT_blanc.png\" \/>\n\t<meta property=\"og:image:width\" content=\"1413\" \/>\n\t<meta property=\"og:image:height\" content=\"1012\" \/>\n\t<meta property=\"og:image:type\" content=\"image\/png\" \/>\n<meta name=\"twitter:card\" content=\"summary_large_image\" \/>\n<meta name=\"twitter:label1\" content=\"Gesch\u00e4tzte Lesezeit\" \/>\n\t<meta name=\"twitter:data1\" content=\"1\u00a0Minute\" \/>\n<script type=\"application\/ld+json\" class=\"yoast-schema-graph\">{\"@context\":\"https:\\\/\\\/schema.org\",\"@graph\":[{\"@type\":\"WebPage\",\"@id\":\"https:\\\/\\\/www.perfectvanwamel.com\\\/de\\\/produkt\\\/kreiselmulcher-vt-serie\\\/\",\"url\":\"https:\\\/\\\/www.perfectvanwamel.com\\\/de\\\/produkt\\\/kreiselmulcher-vt-serie\\\/\",\"name\":\"VT\u2013Serie, Kreiselmulcher - PERFECT - Van Wamel\",\"isPartOf\":{\"@id\":\"https:\\\/\\\/www.perfectvanwamel.com\\\/de\\\/#website\"},\"primaryImageOfPage\":{\"@id\":\"https:\\\/\\\/www.perfectvanwamel.com\\\/de\\\/produkt\\\/kreiselmulcher-vt-serie\\\/#primaryimage\"},\"image\":{\"@id\":\"https:\\\/\\\/www.perfectvanwamel.com\\\/de\\\/produkt\\\/kreiselmulcher-vt-serie\\\/#primaryimage\"},\"thumbnailUrl\":\"https:\\\/\\\/www.perfectvanwamel.com\\\/wp-content\\\/uploads\\\/2019\\\/12\\\/PERFECT_rotary_mower_VT_blanc.png\",\"datePublished\":\"2019-12-03T12:04:02+00:00\",\"dateModified\":\"2020-09-30T14:17:43+00:00\",\"breadcrumb\":{\"@id\":\"https:\\\/\\\/www.perfectvanwamel.com\\\/de\\\/produkt\\\/kreiselmulcher-vt-serie\\\/#breadcrumb\"},\"inLanguage\":\"de\",\"potentialAction\":[{\"@type\":\"ReadAction\",\"target\":[\"https:\\\/\\\/www.perfectvanwamel.com\\\/de\\\/produkt\\\/kreiselmulcher-vt-serie\\\/\"]}]},{\"@type\":\"ImageObject\",\"inLanguage\":\"de\",\"@id\":\"https:\\\/\\\/www.perfectvanwamel.com\\\/de\\\/produkt\\\/kreiselmulcher-vt-serie\\\/#primaryimage\",\"url\":\"https:\\\/\\\/www.perfectvanwamel.com\\\/wp-content\\\/uploads\\\/2019\\\/12\\\/PERFECT_rotary_mower_VT_blanc.png\",\"contentUrl\":\"https:\\\/\\\/www.perfectvanwamel.com\\\/wp-content\\\/uploads\\\/2019\\\/12\\\/PERFECT_rotary_mower_VT_blanc.png\",\"width\":1413,\"height\":1012},{\"@type\":\"BreadcrumbList\",\"@id\":\"https:\\\/\\\/www.perfectvanwamel.com\\\/de\\\/produkt\\\/kreiselmulcher-vt-serie\\\/#breadcrumb\",\"itemListElement\":[{\"@type\":\"ListItem\",\"position\":1,\"name\":\"Home\",\"item\":\"https:\\\/\\\/staging.perfectvanwamel.com\\\/de\\\/\"},{\"@type\":\"ListItem\",\"position\":2,\"name\":\"Produkte\",\"item\":\"https:\\\/\\\/www.perfectvanwamel.com\\\/de\\\/technologie\\\/\"},{\"@type\":\"ListItem\",\"position\":3,\"name\":\"VT\u2013Serie, Kreiselmulcher\"}]},{\"@type\":\"WebSite\",\"@id\":\"https:\\\/\\\/www.perfectvanwamel.com\\\/de\\\/#website\",\"url\":\"https:\\\/\\\/www.perfectvanwamel.com\\\/de\\\/\",\"name\":\"PERFECT - Van Wamel\",\"description\":\"\",\"potentialAction\":[{\"@type\":\"SearchAction\",\"target\":{\"@type\":\"EntryPoint\",\"urlTemplate\":\"https:\\\/\\\/www.perfectvanwamel.com\\\/de\\\/?s={search_term_string}\"},\"query-input\":{\"@type\":\"PropertyValueSpecification\",\"valueRequired\":true,\"valueName\":\"search_term_string\"}}],\"inLanguage\":\"de\"}]}<\/script>\n<!-- \/ Yoast SEO plugin. -->","yoast_head_json":{"title":"VT\u2013Serie, Kreiselmulcher - PERFECT - Van Wamel","robots":{"index":"index","follow":"follow","max-snippet":"max-snippet:-1","max-image-preview":"max-image-preview:large","max-video-preview":"max-video-preview:-1"},"canonical":"https:\/\/www.perfectvanwamel.com\/de\/produkt\/kreiselmulcher-vt-serie\/","og_locale":"de_DE","og_type":"article","og_title":"VT\u2013Serie, Kreiselmulcher - PERFECT - Van Wamel","og_description":"Verstellbarer Mulcher mit Zahnradantrieb f\u00fcr Obstpflanzungen\/Weing\u00e4rten\/Beerenkulturen, hervorragend geeignet zum M\u00e4hen von hohem Gras. Dank der verstellbaren Arbeitsbreite kann n\u00e4her an den B\u00e4umen gem\u00e4ht werden. Der Seitenauswurf bildet ordentliche M\u00e4hgutreihen.","og_url":"https:\/\/www.perfectvanwamel.com\/de\/produkt\/kreiselmulcher-vt-serie\/","og_site_name":"PERFECT - Van Wamel","article_modified_time":"2020-09-30T14:17:43+00:00","og_image":[{"width":1413,"height":1012,"url":"https:\/\/staging.perfectvanwamel.com\/wp-content\/uploads\/2019\/12\/PERFECT_rotary_mower_VT_blanc.png","type":"image\/png"}],"twitter_card":"summary_large_image","twitter_misc":{"Gesch\u00e4tzte Lesezeit":"1\u00a0Minute"},"schema":{"@context":"https:\/\/schema.org","@graph":[{"@type":"WebPage","@id":"https:\/\/www.perfectvanwamel.com\/de\/produkt\/kreiselmulcher-vt-serie\/","url":"https:\/\/www.perfectvanwamel.com\/de\/produkt\/kreiselmulcher-vt-serie\/","name":"VT\u2013Serie, Kreiselmulcher - PERFECT - Van Wamel","isPartOf":{"@id":"https:\/\/www.perfectvanwamel.com\/de\/#website"},"primaryImageOfPage":{"@id":"https:\/\/www.perfectvanwamel.com\/de\/produkt\/kreiselmulcher-vt-serie\/#primaryimage"},"image":{"@id":"https:\/\/www.perfectvanwamel.com\/de\/produkt\/kreiselmulcher-vt-serie\/#primaryimage"},"thumbnailUrl":"https:\/\/www.perfectvanwamel.com\/wp-content\/uploads\/2019\/12\/PERFECT_rotary_mower_VT_blanc.png","datePublished":"2019-12-03T12:04:02+00:00","dateModified":"2020-09-30T14:17:43+00:00","breadcrumb":{"@id":"https:\/\/www.perfectvanwamel.com\/de\/produkt\/kreiselmulcher-vt-serie\/#breadcrumb"},"inLanguage":"de","potentialAction":[{"@type":"ReadAction","target":["https:\/\/www.perfectvanwamel.com\/de\/produkt\/kreiselmulcher-vt-serie\/"]}]},{"@type":"ImageObject","inLanguage":"de","@id":"https:\/\/www.perfectvanwamel.com\/de\/produkt\/kreiselmulcher-vt-serie\/#primaryimage","url":"https:\/\/www.perfectvanwamel.com\/wp-content\/uploads\/2019\/12\/PERFECT_rotary_mower_VT_blanc.png","contentUrl":"https:\/\/www.perfectvanwamel.com\/wp-content\/uploads\/2019\/12\/PERFECT_rotary_mower_VT_blanc.png","width":1413,"height":1012},{"@type":"BreadcrumbList","@id":"https:\/\/www.perfectvanwamel.com\/de\/produkt\/kreiselmulcher-vt-serie\/#breadcrumb","itemListElement":[{"@type":"ListItem","position":1,"name":"Home","item":"https:\/\/staging.perfectvanwamel.com\/de\/"},{"@type":"ListItem","position":2,"name":"Produkte","item":"https:\/\/www.perfectvanwamel.com\/de\/technologie\/"},{"@type":"ListItem","position":3,"name":"VT\u2013Serie, Kreiselmulcher"}]},{"@type":"WebSite","@id":"https:\/\/www.perfectvanwamel.com\/de\/#website","url":"https:\/\/www.perfectvanwamel.com\/de\/","name":"PERFECT - Van Wamel","description":"","potentialAction":[{"@type":"SearchAction","target":{"@type":"EntryPoint","urlTemplate":"https:\/\/www.perfectvanwamel.com\/de\/?s={search_term_string}"},"query-input":{"@type":"PropertyValueSpecification","valueRequired":true,"valueName":"search_term_string"}}],"inLanguage":"de"}]}},"_links":{"self":[{"href":"https:\/\/www.perfectvanwamel.com\/de\/wp-json\/wp\/v2\/product\/5588","targetHints":{"allow":["GET"]}}],"collection":[{"href":"https:\/\/www.perfectvanwamel.com\/de\/wp-json\/wp\/v2\/product"}],"about":[{"href":"https:\/\/www.perfectvanwamel.com\/de\/wp-json\/wp\/v2\/types\/product"}],"wp:featuredmedia":[{"embeddable":true,"href":"https:\/\/www.perfectvanwamel.com\/de\/wp-json\/wp\/v2\/media\/3406"}],"wp:attachment":[{"href":"https:\/\/www.perfectvanwamel.com\/de\/wp-json\/wp\/v2\/media?parent=5588"}],"wp:term":[{"taxonomy":"product_brand","embeddable":true,"href":"https:\/\/www.perfectvanwamel.com\/de\/wp-json\/wp\/v2\/product_brand?post=5588"},{"taxonomy":"product_cat","embeddable":true,"href":"https:\/\/www.perfectvanwamel.com\/de\/wp-json\/wp\/v2\/product_cat?post=5588"},{"taxonomy":"product_tag","embeddable":true,"href":"https:\/\/www.perfectvanwamel.com\/de\/wp-json\/wp\/v2\/product_tag?post=5588"}],"curies":[{"name":"wp","href":"https:\/\/api.w.org\/{rel}","templated":true}]}}