{"id":5589,"date":"2019-12-03T13:03:47","date_gmt":"2019-12-03T12:03:47","guid":{"rendered":"https:\/\/www.perfectvanwamel.com\/product\/kreiselmulcher-rf-serie\/"},"modified":"2020-10-29T10:52:41","modified_gmt":"2020-10-29T09:52:41","slug":"kreiselmulcher-rf-serie","status":"publish","type":"product","link":"https:\/\/www.perfectvanwamel.com\/de\/produkt\/kreiselmulcher-rf-serie\/","title":{"rendered":"RF-Serie, zum Mulchen in der Baumreihe\/im Umkreis von Hindernissen"},"content":{"rendered":"<p>Der RF-Kreiselmulcher ist speziell darauf ausgelegt, weit au\u00dferhalb der Traktorspur und in Baumreihen zu m\u00e4hen. Dank des niedrigen Rahmens speziell f\u00fcr den Obstbau sind auch Bereiche unter niedrig h\u00e4ngenden Zweigen problemlos erreichbar.<\/p>\n<p>Zuverl\u00e4ssigkeit, Leistungsst\u00e4rke und sehr lange Lebensdauer haben diesem Mulcher f\u00fcr Obstpflanzungen einen ausgezeichneten Ruf eingebracht. Der Schwenkmechanismus verdankt seine Zuverl\u00e4ssigkeit dem Umstand, dass dieses Bauteil (wie im \u00dcbrigen die gesamte Maschine) aus Komponenten besteht, die allesamt von PERFECT&nbsp;\u2013 Van Wamel selbst hergestellt werden.<\/p>\n<p>Mit seinem schweren Zahnradgetriebe und einem Keilriemenantrieb mit automatischer Keilriemenspannung erzielt der RF-Kreiselmulcher auch in hohem Gras einen sehr hohen Durchsatz. Das Gras wird \u00fcber die komplette Breite des Mulchers verteilt.<\/p>\n<p>Mithilfe eines Federungsmechanismus schwenkt die M\u00e4hscheibe beim Kontakt mit einem Baum oder einem anderen Hindernis zur\u00fcck. Zur Arbeit auf Feldern mit Jungpflanzen kann der RF-Mulcher mit einem hydraulischen Taster ausgestattet werden.<\/p>\n","protected":false},"excerpt":{"rendered":"<p>Der RF-Mulcher f\u00fcr Obstpflanzungen verf\u00fcgt \u00fcber einen gro\u00dfen Ausleger und eine robuste M\u00e4hscheibe&nbsp;\u2013 eine Kombination, mit der sich Gras und Unkraut in den Baumreihen m\u00fchelos m\u00e4hen lassen. Zudem bietet der Ausleger die M\u00f6glichkeit, auch in einiger Entfernung zur Traktorspur zu m\u00e4hen.<\/p>\n","protected":false},"featured_media":3370,"template":"","meta":{"_acf_changed":false},"product_brand":[],"product_cat":[1034],"product_tag":[],"class_list":{"0":"post-5589","1":"product","2":"type-product","3":"status-publish","4":"has-post-thumbnail","6":"product_cat-obstbaumulcher","7":"pa_aantal-maaimessen-2-1-de","8":"pa_aantal-maaimessen-3-1-de","9":"pa_aantal-maaimessen-4-1-de","10":"pa_denkende-schijf-ja-de","11":"pa_diam-zwenkende-schijf-cm-60-de","12":"pa_diam-zwenkende-schijf-cm-85-de","13":"pa_gewicht-kg-495-de","14":"pa_gewicht-kg-600-de","15":"pa_gewicht-kg-610-de","16":"pa_gewicht-kg-675-de","17":"pa_gewicht-kg-715-de","18":"pa_gewicht-kg-730-de","19":"pa_lengte-looprol-cm-53-de","20":"pa_lengte-looprol-cm-95-de","21":"pa_maaibreedte-cm-220-de","22":"pa_maaibreedte-cm-270-de","23":"pa_maaibreedte-cm-300-de","24":"pa_maaibreedte-cm-325-de","25":"pa_maaibreedte-cm-340-de","26":"pa_maaibreedte-cm-365-de","27":"pa_maaihoogte-cm-4-14-de","28":"pa_max-verstrek-midden-cm-215-de","29":"pa_max-verstrek-midden-cm-230-de","30":"pa_max-verstrek-midden-cm-255-de","31":"pa_max-verstrek-midden-cm-280-de","32":"pa_max-verstrek-midden-cm-297-de","33":"pa_max-verstrek-midden-cm-322-de","34":"pa_min-benodigd-vermogen-kw-pk-19-25-de","35":"pa_min-benodigd-vermogen-kw-pk-24-32-de-2","36":"pa_min-benodigd-vermogen-kw-pk-27-37-de","37":"pa_min-benodigd-vermogen-kw-pk-30-41-de","38":"pa_min-benodigd-vermogen-kw-pk-33-45-de","39":"pa_min-benodigd-vermogen-kw-pk-37-50-de-2","41":"first","42":"instock","43":"shipping-taxable","44":"product-type-simple"},"acf":[],"yoast_head":"<!-- This site is optimized with the Yoast SEO plugin v27.5 - https:\/\/yoast.com\/product\/yoast-seo-wordpress\/ -->\n<title>Obstbaum\u00e4her mit Schwenkscheibe Serie RF - PERFECT - Van Wamel<\/title>\n<meta name=\"description\" content=\"Spezialisierter Obstm\u00e4her zum einfachen M\u00e4hen unter und um B\u00e4ume.\" \/>\n<meta name=\"robots\" content=\"index, follow, max-snippet:-1, max-image-preview:large, max-video-preview:-1\" \/>\n<link rel=\"canonical\" href=\"https:\/\/www.perfectvanwamel.com\/de\/produkt\/kreiselmulcher-rf-serie\/\" \/>\n<meta property=\"og:locale\" content=\"de_DE\" \/>\n<meta property=\"og:type\" content=\"article\" \/>\n<meta property=\"og:title\" content=\"Obstbaum\u00e4her mit Schwenkscheibe Serie RF - PERFECT - Van Wamel\" \/>\n<meta property=\"og:description\" content=\"Spezialisierter Obstm\u00e4her zum einfachen M\u00e4hen unter und um B\u00e4ume.\" \/>\n<meta property=\"og:url\" content=\"https:\/\/www.perfectvanwamel.com\/de\/produkt\/kreiselmulcher-rf-serie\/\" \/>\n<meta property=\"og:site_name\" content=\"PERFECT - Van Wamel\" \/>\n<meta property=\"article:modified_time\" content=\"2020-10-29T09:52:41+00:00\" \/>\n<meta property=\"og:image\" content=\"https:\/\/staging.perfectvanwamel.com\/wp-content\/uploads\/2019\/12\/PERFECT_rotary_mower_RF_3___1_-removebg.png\" \/>\n\t<meta property=\"og:image:width\" content=\"2000\" \/>\n\t<meta property=\"og:image:height\" content=\"1335\" \/>\n\t<meta property=\"og:image:type\" content=\"image\/png\" \/>\n<meta name=\"twitter:card\" content=\"summary_large_image\" \/>\n<meta name=\"twitter:label1\" content=\"Gesch\u00e4tzte Lesezeit\" \/>\n\t<meta name=\"twitter:data1\" content=\"1\u00a0Minute\" \/>\n<script type=\"application\/ld+json\" class=\"yoast-schema-graph\">{\"@context\":\"https:\\\/\\\/schema.org\",\"@graph\":[{\"@type\":\"WebPage\",\"@id\":\"https:\\\/\\\/www.perfectvanwamel.com\\\/de\\\/produkt\\\/kreiselmulcher-rf-serie\\\/\",\"url\":\"https:\\\/\\\/www.perfectvanwamel.com\\\/de\\\/produkt\\\/kreiselmulcher-rf-serie\\\/\",\"name\":\"Obstbaum\u00e4her mit Schwenkscheibe Serie RF - PERFECT - Van Wamel\",\"isPartOf\":{\"@id\":\"https:\\\/\\\/www.perfectvanwamel.com\\\/de\\\/#website\"},\"primaryImageOfPage\":{\"@id\":\"https:\\\/\\\/www.perfectvanwamel.com\\\/de\\\/produkt\\\/kreiselmulcher-rf-serie\\\/#primaryimage\"},\"image\":{\"@id\":\"https:\\\/\\\/www.perfectvanwamel.com\\\/de\\\/produkt\\\/kreiselmulcher-rf-serie\\\/#primaryimage\"},\"thumbnailUrl\":\"https:\\\/\\\/www.perfectvanwamel.com\\\/wp-content\\\/uploads\\\/2019\\\/12\\\/PERFECT_rotary_mower_RF_3___1_-removebg.png\",\"datePublished\":\"2019-12-03T12:03:47+00:00\",\"dateModified\":\"2020-10-29T09:52:41+00:00\",\"description\":\"Spezialisierter Obstm\u00e4her zum einfachen M\u00e4hen unter und um B\u00e4ume.\",\"breadcrumb\":{\"@id\":\"https:\\\/\\\/www.perfectvanwamel.com\\\/de\\\/produkt\\\/kreiselmulcher-rf-serie\\\/#breadcrumb\"},\"inLanguage\":\"de\",\"potentialAction\":[{\"@type\":\"ReadAction\",\"target\":[\"https:\\\/\\\/www.perfectvanwamel.com\\\/de\\\/produkt\\\/kreiselmulcher-rf-serie\\\/\"]}]},{\"@type\":\"ImageObject\",\"inLanguage\":\"de\",\"@id\":\"https:\\\/\\\/www.perfectvanwamel.com\\\/de\\\/produkt\\\/kreiselmulcher-rf-serie\\\/#primaryimage\",\"url\":\"https:\\\/\\\/www.perfectvanwamel.com\\\/wp-content\\\/uploads\\\/2019\\\/12\\\/PERFECT_rotary_mower_RF_3___1_-removebg.png\",\"contentUrl\":\"https:\\\/\\\/www.perfectvanwamel.com\\\/wp-content\\\/uploads\\\/2019\\\/12\\\/PERFECT_rotary_mower_RF_3___1_-removebg.png\",\"width\":2000,\"height\":1335},{\"@type\":\"BreadcrumbList\",\"@id\":\"https:\\\/\\\/www.perfectvanwamel.com\\\/de\\\/produkt\\\/kreiselmulcher-rf-serie\\\/#breadcrumb\",\"itemListElement\":[{\"@type\":\"ListItem\",\"position\":1,\"name\":\"Home\",\"item\":\"https:\\\/\\\/staging.perfectvanwamel.com\\\/de\\\/\"},{\"@type\":\"ListItem\",\"position\":2,\"name\":\"Produkte\",\"item\":\"https:\\\/\\\/www.perfectvanwamel.com\\\/de\\\/technologie\\\/\"},{\"@type\":\"ListItem\",\"position\":3,\"name\":\"RF-Serie, zum Mulchen in der Baumreihe\\\/im Umkreis von Hindernissen\"}]},{\"@type\":\"WebSite\",\"@id\":\"https:\\\/\\\/www.perfectvanwamel.com\\\/de\\\/#website\",\"url\":\"https:\\\/\\\/www.perfectvanwamel.com\\\/de\\\/\",\"name\":\"PERFECT - Van Wamel\",\"description\":\"\",\"potentialAction\":[{\"@type\":\"SearchAction\",\"target\":{\"@type\":\"EntryPoint\",\"urlTemplate\":\"https:\\\/\\\/www.perfectvanwamel.com\\\/de\\\/?s={search_term_string}\"},\"query-input\":{\"@type\":\"PropertyValueSpecification\",\"valueRequired\":true,\"valueName\":\"search_term_string\"}}],\"inLanguage\":\"de\"}]}<\/script>\n<!-- \/ Yoast SEO plugin. -->","yoast_head_json":{"title":"Obstbaum\u00e4her mit Schwenkscheibe Serie RF - PERFECT - Van Wamel","description":"Spezialisierter Obstm\u00e4her zum einfachen M\u00e4hen unter und um B\u00e4ume.","robots":{"index":"index","follow":"follow","max-snippet":"max-snippet:-1","max-image-preview":"max-image-preview:large","max-video-preview":"max-video-preview:-1"},"canonical":"https:\/\/www.perfectvanwamel.com\/de\/produkt\/kreiselmulcher-rf-serie\/","og_locale":"de_DE","og_type":"article","og_title":"Obstbaum\u00e4her mit Schwenkscheibe Serie RF - PERFECT - Van Wamel","og_description":"Spezialisierter Obstm\u00e4her zum einfachen M\u00e4hen unter und um B\u00e4ume.","og_url":"https:\/\/www.perfectvanwamel.com\/de\/produkt\/kreiselmulcher-rf-serie\/","og_site_name":"PERFECT - Van Wamel","article_modified_time":"2020-10-29T09:52:41+00:00","og_image":[{"width":2000,"height":1335,"url":"https:\/\/staging.perfectvanwamel.com\/wp-content\/uploads\/2019\/12\/PERFECT_rotary_mower_RF_3___1_-removebg.png","type":"image\/png"}],"twitter_card":"summary_large_image","twitter_misc":{"Gesch\u00e4tzte Lesezeit":"1\u00a0Minute"},"schema":{"@context":"https:\/\/schema.org","@graph":[{"@type":"WebPage","@id":"https:\/\/www.perfectvanwamel.com\/de\/produkt\/kreiselmulcher-rf-serie\/","url":"https:\/\/www.perfectvanwamel.com\/de\/produkt\/kreiselmulcher-rf-serie\/","name":"Obstbaum\u00e4her mit Schwenkscheibe Serie RF - PERFECT - Van Wamel","isPartOf":{"@id":"https:\/\/www.perfectvanwamel.com\/de\/#website"},"primaryImageOfPage":{"@id":"https:\/\/www.perfectvanwamel.com\/de\/produkt\/kreiselmulcher-rf-serie\/#primaryimage"},"image":{"@id":"https:\/\/www.perfectvanwamel.com\/de\/produkt\/kreiselmulcher-rf-serie\/#primaryimage"},"thumbnailUrl":"https:\/\/www.perfectvanwamel.com\/wp-content\/uploads\/2019\/12\/PERFECT_rotary_mower_RF_3___1_-removebg.png","datePublished":"2019-12-03T12:03:47+00:00","dateModified":"2020-10-29T09:52:41+00:00","description":"Spezialisierter Obstm\u00e4her zum einfachen M\u00e4hen unter und um B\u00e4ume.","breadcrumb":{"@id":"https:\/\/www.perfectvanwamel.com\/de\/produkt\/kreiselmulcher-rf-serie\/#breadcrumb"},"inLanguage":"de","potentialAction":[{"@type":"ReadAction","target":["https:\/\/www.perfectvanwamel.com\/de\/produkt\/kreiselmulcher-rf-serie\/"]}]},{"@type":"ImageObject","inLanguage":"de","@id":"https:\/\/www.perfectvanwamel.com\/de\/produkt\/kreiselmulcher-rf-serie\/#primaryimage","url":"https:\/\/www.perfectvanwamel.com\/wp-content\/uploads\/2019\/12\/PERFECT_rotary_mower_RF_3___1_-removebg.png","contentUrl":"https:\/\/www.perfectvanwamel.com\/wp-content\/uploads\/2019\/12\/PERFECT_rotary_mower_RF_3___1_-removebg.png","width":2000,"height":1335},{"@type":"BreadcrumbList","@id":"https:\/\/www.perfectvanwamel.com\/de\/produkt\/kreiselmulcher-rf-serie\/#breadcrumb","itemListElement":[{"@type":"ListItem","position":1,"name":"Home","item":"https:\/\/staging.perfectvanwamel.com\/de\/"},{"@type":"ListItem","position":2,"name":"Produkte","item":"https:\/\/www.perfectvanwamel.com\/de\/technologie\/"},{"@type":"ListItem","position":3,"name":"RF-Serie, zum Mulchen in der Baumreihe\/im Umkreis von Hindernissen"}]},{"@type":"WebSite","@id":"https:\/\/www.perfectvanwamel.com\/de\/#website","url":"https:\/\/www.perfectvanwamel.com\/de\/","name":"PERFECT - Van Wamel","description":"","potentialAction":[{"@type":"SearchAction","target":{"@type":"EntryPoint","urlTemplate":"https:\/\/www.perfectvanwamel.com\/de\/?s={search_term_string}"},"query-input":{"@type":"PropertyValueSpecification","valueRequired":true,"valueName":"search_term_string"}}],"inLanguage":"de"}]}},"_links":{"self":[{"href":"https:\/\/www.perfectvanwamel.com\/de\/wp-json\/wp\/v2\/product\/5589","targetHints":{"allow":["GET"]}}],"collection":[{"href":"https:\/\/www.perfectvanwamel.com\/de\/wp-json\/wp\/v2\/product"}],"about":[{"href":"https:\/\/www.perfectvanwamel.com\/de\/wp-json\/wp\/v2\/types\/product"}],"wp:featuredmedia":[{"embeddable":true,"href":"https:\/\/www.perfectvanwamel.com\/de\/wp-json\/wp\/v2\/media\/3370"}],"wp:attachment":[{"href":"https:\/\/www.perfectvanwamel.com\/de\/wp-json\/wp\/v2\/media?parent=5589"}],"wp:term":[{"taxonomy":"product_brand","embeddable":true,"href":"https:\/\/www.perfectvanwamel.com\/de\/wp-json\/wp\/v2\/product_brand?post=5589"},{"taxonomy":"product_cat","embeddable":true,"href":"https:\/\/www.perfectvanwamel.com\/de\/wp-json\/wp\/v2\/product_cat?post=5589"},{"taxonomy":"product_tag","embeddable":true,"href":"https:\/\/www.perfectvanwamel.com\/de\/wp-json\/wp\/v2\/product_tag?post=5589"}],"curies":[{"name":"wp","href":"https:\/\/api.w.org\/{rel}","templated":true}]}}