{"id":5590,"date":"2019-12-03T13:03:01","date_gmt":"2019-12-03T12:03:01","guid":{"rendered":"https:\/\/www.perfectvanwamel.com\/product\/kreiselmulcher-md-serie\/"},"modified":"2020-09-30T15:59:07","modified_gmt":"2020-09-30T13:59:07","slug":"kreiselmulcher-md-serie","status":"publish","type":"product","link":"https:\/\/www.perfectvanwamel.com\/de\/produkt\/kreiselmulcher-md-serie\/","title":{"rendered":"MD-Serie, Bio-Mulcher f\u00fcr Grasstreifen und Baumreihen in Obstpflanzungen (doppelseitig)"},"content":{"rendered":"<p>Sobald die Schwenkscheibe des MD einen Baumstamm ber\u00fchrt, schwenkt sie nach hinten; dabei dreht sich die gummiverkleidete Scheibe um den Baum herum, ohne ihn zu besch\u00e4digen. Wenn der Baum passiert wurde, schwenkt die Scheibe mithilfe eines Federungsmechanismus wieder in die Reihe zur\u00fcck. F\u00fcr die schweren M\u00e4hmesser stellen auch z\u00e4hes Gras und andere Pflanzen kein Problem dar.<\/p>\n<p>Dieser Kreiselmulcher f\u00fcr den Obstbau ist in verschiedenen Arbeitsbreiten verf\u00fcgbar, d.&nbsp;h. f\u00fcr nahezu jede Obstpflanzung gibt es auch einen passenden MD-Mulcher. <\/p>\n<p>Damit der Einsatz auch auf Feldern mit sehr jungen Pflanzen m\u00f6glich ist, kann der MD mit hydraulischen Tastern ausger\u00fcstet werden. Dabei registriert ein F\u00fchler die Anwesenheit eines Baums und steuert einen hydraulischen Zylinder an, der daf\u00fcr sorgt, dass die M\u00e4hscheibe exakt um den Baum herum m\u00e4ht, ohne diesen zu ber\u00fchren.<\/p>\n","protected":false},"excerpt":{"rendered":"<p>Der MD-Kreiselmulcher ist das optimale Arbeitsger\u00e4t f\u00fcr Obstpflanzungen, in denen die Unkrautbek\u00e4mpfung in den Baumreihen durch M\u00e4hen erfolgt. Der gut durchdachte Antrieb und die sehr robusten, aber wendigen M\u00e4hscheiben sorgen f\u00fcr einen hohen Durchsatz, ergeben eine ausgezeichnete Schnittqualit\u00e4t und sind Garant f\u00fcr eine lange Lebensdauer.&nbsp;&nbsp;<\/p>\n","protected":false},"featured_media":3415,"template":"","meta":{"_acf_changed":false},"product_brand":[],"product_cat":[1034],"product_tag":[],"class_list":{"0":"post-5590","1":"product","2":"type-product","3":"status-publish","4":"has-post-thumbnail","6":"product_cat-obstbaumulcher","7":"pa_aantal-maaimessen-4-de","8":"pa_aantal-maaimessen-5-de","9":"pa_aftakas-opm-28-38-de","10":"pa_aftakas-opm-29-40-de","11":"pa_aftakas-opm-33-45-de","12":"pa_aftakas-opm-38-52-de","13":"pa_aftakas-opm-40-54-de","14":"pa_aftakas-opm-45-62-de","15":"pa_denkende-schijf-ja-de","16":"pa_gewicht-kg-505-de","17":"pa_gewicht-kg-535-de","18":"pa_gewicht-kg-560-de","19":"pa_gewicht-kg-565-de","20":"pa_gewicht-kg-620-de","21":"pa_gewicht-kg-740-de","22":"pa_maaihoogte-cm-4-9-de-2","23":"pa_werkbreedte-max-250-de","24":"pa_werkbreedte-max-280-de","25":"pa_werkbreedte-max-300-de","26":"pa_werkbreedte-max-335-de","27":"pa_werkbreedte-max-400-de","28":"pa_werkbreedte-min-160-de","29":"pa_werkbreedte-min-175-de","30":"pa_werkbreedte-min-190-de","31":"pa_werkbreedte-min-225-de","32":"pa_werkbreedte-min-245-de","33":"pa_werkbreedte-min-292-de","35":"first","36":"instock","37":"shipping-taxable","38":"product-type-simple"},"acf":[],"yoast_head":"<!-- This site is optimized with the Yoast SEO plugin v27.5 - https:\/\/yoast.com\/product\/yoast-seo-wordpress\/ -->\n<title>MD-Serie, Bio-Mulcher f\u00fcr Grasstreifen und Baumreihen in Obstpflanzungen (doppelseitig) - PERFECT - Van Wamel<\/title>\n<meta name=\"robots\" content=\"index, follow, max-snippet:-1, max-image-preview:large, max-video-preview:-1\" \/>\n<link rel=\"canonical\" href=\"https:\/\/www.perfectvanwamel.com\/de\/produkt\/kreiselmulcher-md-serie\/\" \/>\n<meta property=\"og:locale\" content=\"de_DE\" \/>\n<meta property=\"og:type\" content=\"article\" \/>\n<meta property=\"og:title\" content=\"MD-Serie, Bio-Mulcher f\u00fcr Grasstreifen und Baumreihen in Obstpflanzungen (doppelseitig) - PERFECT - Van Wamel\" \/>\n<meta property=\"og:description\" content=\"Der MD-Kreiselmulcher ist das optimale Arbeitsger\u00e4t f\u00fcr Obstpflanzungen, in denen die Unkrautbek\u00e4mpfung in den Baumreihen durch M\u00e4hen erfolgt. Der gut durchdachte Antrieb und die sehr robusten, aber wendigen M\u00e4hscheiben sorgen f\u00fcr einen hohen Durchsatz, ergeben eine ausgezeichnete Schnittqualit\u00e4t und sind Garant f\u00fcr eine lange Lebensdauer.&nbsp;&nbsp;\" \/>\n<meta property=\"og:url\" content=\"https:\/\/www.perfectvanwamel.com\/de\/produkt\/kreiselmulcher-md-serie\/\" \/>\n<meta property=\"og:site_name\" content=\"PERFECT - Van Wamel\" \/>\n<meta property=\"article:modified_time\" content=\"2020-09-30T13:59:07+00:00\" \/>\n<meta property=\"og:image\" content=\"https:\/\/staging.perfectvanwamel.com\/wp-content\/uploads\/2019\/12\/PERFECT_rotary_mower_MD-2000x1335-1.png\" \/>\n\t<meta property=\"og:image:width\" content=\"2000\" \/>\n\t<meta property=\"og:image:height\" content=\"1335\" \/>\n\t<meta property=\"og:image:type\" content=\"image\/png\" \/>\n<meta name=\"twitter:card\" content=\"summary_large_image\" \/>\n<meta name=\"twitter:label1\" content=\"Gesch\u00e4tzte Lesezeit\" \/>\n\t<meta name=\"twitter:data1\" content=\"1\u00a0Minute\" \/>\n<script type=\"application\/ld+json\" class=\"yoast-schema-graph\">{\"@context\":\"https:\\\/\\\/schema.org\",\"@graph\":[{\"@type\":\"WebPage\",\"@id\":\"https:\\\/\\\/www.perfectvanwamel.com\\\/de\\\/produkt\\\/kreiselmulcher-md-serie\\\/\",\"url\":\"https:\\\/\\\/www.perfectvanwamel.com\\\/de\\\/produkt\\\/kreiselmulcher-md-serie\\\/\",\"name\":\"MD-Serie, Bio-Mulcher f\u00fcr Grasstreifen und Baumreihen in Obstpflanzungen (doppelseitig) - PERFECT - Van Wamel\",\"isPartOf\":{\"@id\":\"https:\\\/\\\/www.perfectvanwamel.com\\\/de\\\/#website\"},\"primaryImageOfPage\":{\"@id\":\"https:\\\/\\\/www.perfectvanwamel.com\\\/de\\\/produkt\\\/kreiselmulcher-md-serie\\\/#primaryimage\"},\"image\":{\"@id\":\"https:\\\/\\\/www.perfectvanwamel.com\\\/de\\\/produkt\\\/kreiselmulcher-md-serie\\\/#primaryimage\"},\"thumbnailUrl\":\"https:\\\/\\\/www.perfectvanwamel.com\\\/wp-content\\\/uploads\\\/2019\\\/12\\\/PERFECT_rotary_mower_MD-2000x1335-1.png\",\"datePublished\":\"2019-12-03T12:03:01+00:00\",\"dateModified\":\"2020-09-30T13:59:07+00:00\",\"breadcrumb\":{\"@id\":\"https:\\\/\\\/www.perfectvanwamel.com\\\/de\\\/produkt\\\/kreiselmulcher-md-serie\\\/#breadcrumb\"},\"inLanguage\":\"de\",\"potentialAction\":[{\"@type\":\"ReadAction\",\"target\":[\"https:\\\/\\\/www.perfectvanwamel.com\\\/de\\\/produkt\\\/kreiselmulcher-md-serie\\\/\"]}]},{\"@type\":\"ImageObject\",\"inLanguage\":\"de\",\"@id\":\"https:\\\/\\\/www.perfectvanwamel.com\\\/de\\\/produkt\\\/kreiselmulcher-md-serie\\\/#primaryimage\",\"url\":\"https:\\\/\\\/www.perfectvanwamel.com\\\/wp-content\\\/uploads\\\/2019\\\/12\\\/PERFECT_rotary_mower_MD-2000x1335-1.png\",\"contentUrl\":\"https:\\\/\\\/www.perfectvanwamel.com\\\/wp-content\\\/uploads\\\/2019\\\/12\\\/PERFECT_rotary_mower_MD-2000x1335-1.png\",\"width\":2000,\"height\":1335},{\"@type\":\"BreadcrumbList\",\"@id\":\"https:\\\/\\\/www.perfectvanwamel.com\\\/de\\\/produkt\\\/kreiselmulcher-md-serie\\\/#breadcrumb\",\"itemListElement\":[{\"@type\":\"ListItem\",\"position\":1,\"name\":\"Home\",\"item\":\"https:\\\/\\\/staging.perfectvanwamel.com\\\/de\\\/\"},{\"@type\":\"ListItem\",\"position\":2,\"name\":\"Produkte\",\"item\":\"https:\\\/\\\/www.perfectvanwamel.com\\\/de\\\/technologie\\\/\"},{\"@type\":\"ListItem\",\"position\":3,\"name\":\"MD-Serie, Bio-Mulcher f\u00fcr Grasstreifen und Baumreihen in Obstpflanzungen (doppelseitig)\"}]},{\"@type\":\"WebSite\",\"@id\":\"https:\\\/\\\/www.perfectvanwamel.com\\\/de\\\/#website\",\"url\":\"https:\\\/\\\/www.perfectvanwamel.com\\\/de\\\/\",\"name\":\"PERFECT - Van Wamel\",\"description\":\"\",\"potentialAction\":[{\"@type\":\"SearchAction\",\"target\":{\"@type\":\"EntryPoint\",\"urlTemplate\":\"https:\\\/\\\/www.perfectvanwamel.com\\\/de\\\/?s={search_term_string}\"},\"query-input\":{\"@type\":\"PropertyValueSpecification\",\"valueRequired\":true,\"valueName\":\"search_term_string\"}}],\"inLanguage\":\"de\"}]}<\/script>\n<!-- \/ Yoast SEO plugin. -->","yoast_head_json":{"title":"MD-Serie, Bio-Mulcher f\u00fcr Grasstreifen und Baumreihen in Obstpflanzungen (doppelseitig) - PERFECT - Van Wamel","robots":{"index":"index","follow":"follow","max-snippet":"max-snippet:-1","max-image-preview":"max-image-preview:large","max-video-preview":"max-video-preview:-1"},"canonical":"https:\/\/www.perfectvanwamel.com\/de\/produkt\/kreiselmulcher-md-serie\/","og_locale":"de_DE","og_type":"article","og_title":"MD-Serie, Bio-Mulcher f\u00fcr Grasstreifen und Baumreihen in Obstpflanzungen (doppelseitig) - PERFECT - Van Wamel","og_description":"Der MD-Kreiselmulcher ist das optimale Arbeitsger\u00e4t f\u00fcr Obstpflanzungen, in denen die Unkrautbek\u00e4mpfung in den Baumreihen durch M\u00e4hen erfolgt. Der gut durchdachte Antrieb und die sehr robusten, aber wendigen M\u00e4hscheiben sorgen f\u00fcr einen hohen Durchsatz, ergeben eine ausgezeichnete Schnittqualit\u00e4t und sind Garant f\u00fcr eine lange Lebensdauer.&nbsp;&nbsp;","og_url":"https:\/\/www.perfectvanwamel.com\/de\/produkt\/kreiselmulcher-md-serie\/","og_site_name":"PERFECT - Van Wamel","article_modified_time":"2020-09-30T13:59:07+00:00","og_image":[{"width":2000,"height":1335,"url":"https:\/\/staging.perfectvanwamel.com\/wp-content\/uploads\/2019\/12\/PERFECT_rotary_mower_MD-2000x1335-1.png","type":"image\/png"}],"twitter_card":"summary_large_image","twitter_misc":{"Gesch\u00e4tzte Lesezeit":"1\u00a0Minute"},"schema":{"@context":"https:\/\/schema.org","@graph":[{"@type":"WebPage","@id":"https:\/\/www.perfectvanwamel.com\/de\/produkt\/kreiselmulcher-md-serie\/","url":"https:\/\/www.perfectvanwamel.com\/de\/produkt\/kreiselmulcher-md-serie\/","name":"MD-Serie, Bio-Mulcher f\u00fcr Grasstreifen und Baumreihen in Obstpflanzungen (doppelseitig) - PERFECT - Van Wamel","isPartOf":{"@id":"https:\/\/www.perfectvanwamel.com\/de\/#website"},"primaryImageOfPage":{"@id":"https:\/\/www.perfectvanwamel.com\/de\/produkt\/kreiselmulcher-md-serie\/#primaryimage"},"image":{"@id":"https:\/\/www.perfectvanwamel.com\/de\/produkt\/kreiselmulcher-md-serie\/#primaryimage"},"thumbnailUrl":"https:\/\/www.perfectvanwamel.com\/wp-content\/uploads\/2019\/12\/PERFECT_rotary_mower_MD-2000x1335-1.png","datePublished":"2019-12-03T12:03:01+00:00","dateModified":"2020-09-30T13:59:07+00:00","breadcrumb":{"@id":"https:\/\/www.perfectvanwamel.com\/de\/produkt\/kreiselmulcher-md-serie\/#breadcrumb"},"inLanguage":"de","potentialAction":[{"@type":"ReadAction","target":["https:\/\/www.perfectvanwamel.com\/de\/produkt\/kreiselmulcher-md-serie\/"]}]},{"@type":"ImageObject","inLanguage":"de","@id":"https:\/\/www.perfectvanwamel.com\/de\/produkt\/kreiselmulcher-md-serie\/#primaryimage","url":"https:\/\/www.perfectvanwamel.com\/wp-content\/uploads\/2019\/12\/PERFECT_rotary_mower_MD-2000x1335-1.png","contentUrl":"https:\/\/www.perfectvanwamel.com\/wp-content\/uploads\/2019\/12\/PERFECT_rotary_mower_MD-2000x1335-1.png","width":2000,"height":1335},{"@type":"BreadcrumbList","@id":"https:\/\/www.perfectvanwamel.com\/de\/produkt\/kreiselmulcher-md-serie\/#breadcrumb","itemListElement":[{"@type":"ListItem","position":1,"name":"Home","item":"https:\/\/staging.perfectvanwamel.com\/de\/"},{"@type":"ListItem","position":2,"name":"Produkte","item":"https:\/\/www.perfectvanwamel.com\/de\/technologie\/"},{"@type":"ListItem","position":3,"name":"MD-Serie, Bio-Mulcher f\u00fcr Grasstreifen und Baumreihen in Obstpflanzungen (doppelseitig)"}]},{"@type":"WebSite","@id":"https:\/\/www.perfectvanwamel.com\/de\/#website","url":"https:\/\/www.perfectvanwamel.com\/de\/","name":"PERFECT - Van Wamel","description":"","potentialAction":[{"@type":"SearchAction","target":{"@type":"EntryPoint","urlTemplate":"https:\/\/www.perfectvanwamel.com\/de\/?s={search_term_string}"},"query-input":{"@type":"PropertyValueSpecification","valueRequired":true,"valueName":"search_term_string"}}],"inLanguage":"de"}]}},"_links":{"self":[{"href":"https:\/\/www.perfectvanwamel.com\/de\/wp-json\/wp\/v2\/product\/5590","targetHints":{"allow":["GET"]}}],"collection":[{"href":"https:\/\/www.perfectvanwamel.com\/de\/wp-json\/wp\/v2\/product"}],"about":[{"href":"https:\/\/www.perfectvanwamel.com\/de\/wp-json\/wp\/v2\/types\/product"}],"wp:featuredmedia":[{"embeddable":true,"href":"https:\/\/www.perfectvanwamel.com\/de\/wp-json\/wp\/v2\/media\/3415"}],"wp:attachment":[{"href":"https:\/\/www.perfectvanwamel.com\/de\/wp-json\/wp\/v2\/media?parent=5590"}],"wp:term":[{"taxonomy":"product_brand","embeddable":true,"href":"https:\/\/www.perfectvanwamel.com\/de\/wp-json\/wp\/v2\/product_brand?post=5590"},{"taxonomy":"product_cat","embeddable":true,"href":"https:\/\/www.perfectvanwamel.com\/de\/wp-json\/wp\/v2\/product_cat?post=5590"},{"taxonomy":"product_tag","embeddable":true,"href":"https:\/\/www.perfectvanwamel.com\/de\/wp-json\/wp\/v2\/product_tag?post=5590"}],"curies":[{"name":"wp","href":"https:\/\/api.w.org\/{rel}","templated":true}]}}