{"id":5591,"date":"2019-12-03T13:02:39","date_gmt":"2019-12-03T12:02:39","guid":{"rendered":"https:\/\/www.perfectvanwamel.com\/product\/kreiselmulcher-dr-mv-serie\/"},"modified":"2020-10-29T09:33:15","modified_gmt":"2020-10-29T08:33:15","slug":"kreiselmulcher-dr-mv-serie","status":"publish","type":"product","link":"https:\/\/www.perfectvanwamel.com\/de\/produkt\/kreiselmulcher-dr-mv-serie\/","title":{"rendered":"DR\/MV-Serie, \u2013 Mulcher f\u00fcr den Obstbau mit verstellbare Arbeitsbreite"},"content":{"rendered":"<p>Zum M\u00e4hen in verschiedenen Arbeitsbreiten bzw. f\u00fcr Obst- und Weinbaubetriebe mit unterschiedlichen Reihenabst\u00e4nden bietet PERFECT die Kreiselmulcher der Serien DR und MV.<\/p>\n<p>Beide Maschinen verf\u00fcgen \u00fcber einen festen Rahmen mit zwei individuell (hydraulisch) verstellbaren Fl\u00fcgeln, sodass sich eine gro\u00dfe Varianz an Arbeitsbreiten erzielen l\u00e4sst.<\/p>\n<p>Dank des doppelten Antriebs \u00fcber zwei Zahnradgetriebe mit automatischer Keilriemenspannung bringt es dieser Streifenmulcher \u00fc<\/p>\n<p>Zum M\u00e4hen in verschiedenen Arbeitsbreiten bzw. f\u00fcr Obst- und Weinbaubetriebe mit unterschiedlichen Reihenabst\u00e4nden bietet PERFECT die Kreiselmulcher der Serien DR und MV.<\/p>\n<p>Beide Maschinen verf\u00fcgen \u00fcber einen festen Rahmen mit zwei individuell (hydraulisch) verstellbaren Fl\u00fcgeln, sodass sich eine gro\u00dfe Varianz an Arbeitsbreiten erzielen l\u00e4sst.<\/p>\n<p>Dank des doppelten Antriebs \u00fcber zwei Zahnradgetriebe mit automatischer Keilriemenspannung bringt es dieser Streifenmulcher \u00fcber die gesamte Breite zu einem hohen Durchsatz.<\/p>\n<p>Der Verstellmechanismus besteht aus Komponenten, die vollst\u00e4ndig von PERFECT\u00a0\u2013 Van Wamel selbst hergestellt werden. Das Ergebnis ist ein zuverl\u00e4ssiger Mulcher f\u00fcr den Obstbau, der nur wenig Wartung ben\u00f6tigt und sich durch eine sehr lange Lebensdauer auszeichnet.<\/p>\n<p>ber die gesamte Breite zu einem hohen Durchsatz.<\/p>\n<p>Der Verstellmechanismus besteht aus Komponenten, die vollst\u00e4ndig von PERFECT\u00a0\u2013 Van Wamel selbst hergestellt werden. Das Ergebnis ist ein zuverl\u00e4ssiger Mulcher f\u00fcr den Obstbau, der nur wenig Wartung ben\u00f6tigt und sich durch eine sehr lange Lebensdauer auszeichnet.<\/p>\n","protected":false},"excerpt":{"rendered":"<p>Verstellbarer Mulcher f\u00fcr den Obstbau mit gro\u00dfen und\/oder unterschiedlichen Reihenabst\u00e4nden. Dank der hydraulisch verstellbaren Fl\u00fcgel ist dieser Kreiselmulcher \u00e4u\u00dferst flexibel, was die Breite der zu m\u00e4henden Reihen angeht.<u><\/u><\/p>\n<p>&nbsp;<\/p>\n","protected":false},"featured_media":3355,"template":"","meta":{"_acf_changed":false},"product_brand":[],"product_cat":[1034],"product_tag":[],"class_list":{"0":"post-5591","1":"product","2":"type-product","3":"status-publish","4":"has-post-thumbnail","6":"product_cat-obstbaumulcher","7":"pa_aantal-maaimessen-4-de","8":"pa_aantal-maaimessen-5-de","9":"pa_aantal-maaimessen-7-de","10":"pa_denkende-schijf-nein","11":"pa_gewicht-kg-1100-de","12":"pa_gewicht-kg-540-de","13":"pa_gewicht-kg-580-de","14":"pa_gewicht-kg-600-de","15":"pa_gewicht-kg-615-de","16":"pa_gewicht-kg-625-de","17":"pa_gewicht-kg-660-de","18":"pa_gewicht-kg-710-de","19":"pa_gewicht-kg-740-de","20":"pa_gewicht-kg-825-de","21":"pa_maaihoogte-cm-4-9-de-2","22":"pa_min-benodigd-vermogen-kw-pk-28-38-de-2","23":"pa_min-benodigd-vermogen-kw-pk-29-40-de-2","24":"pa_min-benodigd-vermogen-kw-pk-36-50-de","25":"pa_min-benodigd-vermogen-kw-pk-40-55-de","26":"pa_min-benodigd-vermogen-kw-pk-48-65-de","27":"pa_min-benodigd-vermogen-kw-pk-50-58-de","28":"pa_min-benodigd-vermogen-kw-pk-60-82-de","29":"pa_transportbreedte-cm-161-de","30":"pa_transportbreedte-cm-178-de","31":"pa_transportbreedte-cm-193-de","32":"pa_transportbreedte-cm-205-de","33":"pa_transportbreedte-cm-228-de","34":"pa_transportbreedte-cm-248-de","35":"pa_transportbreedte-cm-300-de","36":"pa_werkbreedte-max-250-de","37":"pa_werkbreedte-max-280-de","38":"pa_werkbreedte-max-320-de","39":"pa_werkbreedte-max-365-de","40":"pa_werkbreedte-max-405-de","41":"pa_werkbreedte-max-440-de","42":"pa_werkbreedte-max-480-de","43":"pa_werkbreedte-max-570-de","44":"pa_werkbreedte-min-150-de","45":"pa_werkbreedte-min-175-de","46":"pa_werkbreedte-min-190-de","47":"pa_werkbreedte-min-195-de","48":"pa_werkbreedte-min-225-de","49":"pa_werkbreedte-min-245-de","50":"pa_werkbreedte-min-290-de","52":"first","53":"instock","54":"shipping-taxable","55":"product-type-simple"},"acf":[],"yoast_head":"<!-- This site is optimized with the Yoast SEO plugin v27.4 - https:\/\/yoast.com\/product\/yoast-seo-wordpress\/ -->\n<title>Verstelbare Obstbaumulcher Serie DR - PERFECT - Van Wamel<\/title>\n<meta name=\"description\" content=\"Spezialisierter Obstm\u00e4her mit einstellbarer Arbeitsbreite. Besonders f\u00fcr Obstbauer mit Kulturen mit unterschiedlichen Fahrstrecken.\" \/>\n<meta name=\"robots\" content=\"index, follow, max-snippet:-1, max-image-preview:large, max-video-preview:-1\" \/>\n<link rel=\"canonical\" href=\"https:\/\/www.perfectvanwamel.com\/de\/produkt\/kreiselmulcher-dr-mv-serie\/\" \/>\n<meta property=\"og:locale\" content=\"de_DE\" \/>\n<meta property=\"og:type\" content=\"article\" \/>\n<meta property=\"og:title\" content=\"Verstelbare Obstbaumulcher Serie DR - PERFECT - Van Wamel\" \/>\n<meta property=\"og:description\" content=\"Spezialisierter Obstm\u00e4her mit einstellbarer Arbeitsbreite. Besonders f\u00fcr Obstbauer mit Kulturen mit unterschiedlichen Fahrstrecken.\" \/>\n<meta property=\"og:url\" content=\"https:\/\/www.perfectvanwamel.com\/de\/produkt\/kreiselmulcher-dr-mv-serie\/\" \/>\n<meta property=\"og:site_name\" content=\"PERFECT - Van Wamel\" \/>\n<meta property=\"article:modified_time\" content=\"2020-10-29T08:33:15+00:00\" \/>\n<meta property=\"og:image\" content=\"https:\/\/staging.perfectvanwamel.com\/wp-content\/uploads\/2019\/12\/PERFECT_rotary_mower_DR_1_-removebg.png\" \/>\n\t<meta property=\"og:image:width\" content=\"2000\" \/>\n\t<meta property=\"og:image:height\" content=\"1335\" \/>\n\t<meta property=\"og:image:type\" content=\"image\/png\" \/>\n<meta name=\"twitter:card\" content=\"summary_large_image\" \/>\n<meta name=\"twitter:label1\" content=\"Gesch\u00e4tzte Lesezeit\" \/>\n\t<meta name=\"twitter:data1\" content=\"1\u00a0Minute\" \/>\n<script type=\"application\/ld+json\" class=\"yoast-schema-graph\">{\"@context\":\"https:\\\/\\\/schema.org\",\"@graph\":[{\"@type\":\"WebPage\",\"@id\":\"https:\\\/\\\/www.perfectvanwamel.com\\\/de\\\/produkt\\\/kreiselmulcher-dr-mv-serie\\\/\",\"url\":\"https:\\\/\\\/www.perfectvanwamel.com\\\/de\\\/produkt\\\/kreiselmulcher-dr-mv-serie\\\/\",\"name\":\"Verstelbare Obstbaumulcher Serie DR - PERFECT - Van Wamel\",\"isPartOf\":{\"@id\":\"https:\\\/\\\/www.perfectvanwamel.com\\\/de\\\/#website\"},\"primaryImageOfPage\":{\"@id\":\"https:\\\/\\\/www.perfectvanwamel.com\\\/de\\\/produkt\\\/kreiselmulcher-dr-mv-serie\\\/#primaryimage\"},\"image\":{\"@id\":\"https:\\\/\\\/www.perfectvanwamel.com\\\/de\\\/produkt\\\/kreiselmulcher-dr-mv-serie\\\/#primaryimage\"},\"thumbnailUrl\":\"https:\\\/\\\/www.perfectvanwamel.com\\\/wp-content\\\/uploads\\\/2019\\\/12\\\/PERFECT_rotary_mower_DR_1_-removebg.png\",\"datePublished\":\"2019-12-03T12:02:39+00:00\",\"dateModified\":\"2020-10-29T08:33:15+00:00\",\"description\":\"Spezialisierter Obstm\u00e4her mit einstellbarer Arbeitsbreite. Besonders f\u00fcr Obstbauer mit Kulturen mit unterschiedlichen Fahrstrecken.\",\"breadcrumb\":{\"@id\":\"https:\\\/\\\/www.perfectvanwamel.com\\\/de\\\/produkt\\\/kreiselmulcher-dr-mv-serie\\\/#breadcrumb\"},\"inLanguage\":\"de\",\"potentialAction\":[{\"@type\":\"ReadAction\",\"target\":[\"https:\\\/\\\/www.perfectvanwamel.com\\\/de\\\/produkt\\\/kreiselmulcher-dr-mv-serie\\\/\"]}]},{\"@type\":\"ImageObject\",\"inLanguage\":\"de\",\"@id\":\"https:\\\/\\\/www.perfectvanwamel.com\\\/de\\\/produkt\\\/kreiselmulcher-dr-mv-serie\\\/#primaryimage\",\"url\":\"https:\\\/\\\/www.perfectvanwamel.com\\\/wp-content\\\/uploads\\\/2019\\\/12\\\/PERFECT_rotary_mower_DR_1_-removebg.png\",\"contentUrl\":\"https:\\\/\\\/www.perfectvanwamel.com\\\/wp-content\\\/uploads\\\/2019\\\/12\\\/PERFECT_rotary_mower_DR_1_-removebg.png\",\"width\":2000,\"height\":1335},{\"@type\":\"BreadcrumbList\",\"@id\":\"https:\\\/\\\/www.perfectvanwamel.com\\\/de\\\/produkt\\\/kreiselmulcher-dr-mv-serie\\\/#breadcrumb\",\"itemListElement\":[{\"@type\":\"ListItem\",\"position\":1,\"name\":\"Home\",\"item\":\"https:\\\/\\\/staging.perfectvanwamel.com\\\/de\\\/\"},{\"@type\":\"ListItem\",\"position\":2,\"name\":\"Produkte\",\"item\":\"https:\\\/\\\/www.perfectvanwamel.com\\\/de\\\/technologie\\\/\"},{\"@type\":\"ListItem\",\"position\":3,\"name\":\"DR\\\/MV-Serie, \u2013 Mulcher f\u00fcr den Obstbau mit verstellbare Arbeitsbreite\"}]},{\"@type\":\"WebSite\",\"@id\":\"https:\\\/\\\/www.perfectvanwamel.com\\\/de\\\/#website\",\"url\":\"https:\\\/\\\/www.perfectvanwamel.com\\\/de\\\/\",\"name\":\"PERFECT - Van Wamel\",\"description\":\"\",\"potentialAction\":[{\"@type\":\"SearchAction\",\"target\":{\"@type\":\"EntryPoint\",\"urlTemplate\":\"https:\\\/\\\/www.perfectvanwamel.com\\\/de\\\/?s={search_term_string}\"},\"query-input\":{\"@type\":\"PropertyValueSpecification\",\"valueRequired\":true,\"valueName\":\"search_term_string\"}}],\"inLanguage\":\"de\"}]}<\/script>\n<!-- \/ Yoast SEO plugin. -->","yoast_head_json":{"title":"Verstelbare Obstbaumulcher Serie DR - PERFECT - Van Wamel","description":"Spezialisierter Obstm\u00e4her mit einstellbarer Arbeitsbreite. Besonders f\u00fcr Obstbauer mit Kulturen mit unterschiedlichen Fahrstrecken.","robots":{"index":"index","follow":"follow","max-snippet":"max-snippet:-1","max-image-preview":"max-image-preview:large","max-video-preview":"max-video-preview:-1"},"canonical":"https:\/\/www.perfectvanwamel.com\/de\/produkt\/kreiselmulcher-dr-mv-serie\/","og_locale":"de_DE","og_type":"article","og_title":"Verstelbare Obstbaumulcher Serie DR - PERFECT - Van Wamel","og_description":"Spezialisierter Obstm\u00e4her mit einstellbarer Arbeitsbreite. Besonders f\u00fcr Obstbauer mit Kulturen mit unterschiedlichen Fahrstrecken.","og_url":"https:\/\/www.perfectvanwamel.com\/de\/produkt\/kreiselmulcher-dr-mv-serie\/","og_site_name":"PERFECT - Van Wamel","article_modified_time":"2020-10-29T08:33:15+00:00","og_image":[{"width":2000,"height":1335,"url":"https:\/\/staging.perfectvanwamel.com\/wp-content\/uploads\/2019\/12\/PERFECT_rotary_mower_DR_1_-removebg.png","type":"image\/png"}],"twitter_card":"summary_large_image","twitter_misc":{"Gesch\u00e4tzte Lesezeit":"1\u00a0Minute"},"schema":{"@context":"https:\/\/schema.org","@graph":[{"@type":"WebPage","@id":"https:\/\/www.perfectvanwamel.com\/de\/produkt\/kreiselmulcher-dr-mv-serie\/","url":"https:\/\/www.perfectvanwamel.com\/de\/produkt\/kreiselmulcher-dr-mv-serie\/","name":"Verstelbare Obstbaumulcher Serie DR - PERFECT - Van Wamel","isPartOf":{"@id":"https:\/\/www.perfectvanwamel.com\/de\/#website"},"primaryImageOfPage":{"@id":"https:\/\/www.perfectvanwamel.com\/de\/produkt\/kreiselmulcher-dr-mv-serie\/#primaryimage"},"image":{"@id":"https:\/\/www.perfectvanwamel.com\/de\/produkt\/kreiselmulcher-dr-mv-serie\/#primaryimage"},"thumbnailUrl":"https:\/\/www.perfectvanwamel.com\/wp-content\/uploads\/2019\/12\/PERFECT_rotary_mower_DR_1_-removebg.png","datePublished":"2019-12-03T12:02:39+00:00","dateModified":"2020-10-29T08:33:15+00:00","description":"Spezialisierter Obstm\u00e4her mit einstellbarer Arbeitsbreite. Besonders f\u00fcr Obstbauer mit Kulturen mit unterschiedlichen Fahrstrecken.","breadcrumb":{"@id":"https:\/\/www.perfectvanwamel.com\/de\/produkt\/kreiselmulcher-dr-mv-serie\/#breadcrumb"},"inLanguage":"de","potentialAction":[{"@type":"ReadAction","target":["https:\/\/www.perfectvanwamel.com\/de\/produkt\/kreiselmulcher-dr-mv-serie\/"]}]},{"@type":"ImageObject","inLanguage":"de","@id":"https:\/\/www.perfectvanwamel.com\/de\/produkt\/kreiselmulcher-dr-mv-serie\/#primaryimage","url":"https:\/\/www.perfectvanwamel.com\/wp-content\/uploads\/2019\/12\/PERFECT_rotary_mower_DR_1_-removebg.png","contentUrl":"https:\/\/www.perfectvanwamel.com\/wp-content\/uploads\/2019\/12\/PERFECT_rotary_mower_DR_1_-removebg.png","width":2000,"height":1335},{"@type":"BreadcrumbList","@id":"https:\/\/www.perfectvanwamel.com\/de\/produkt\/kreiselmulcher-dr-mv-serie\/#breadcrumb","itemListElement":[{"@type":"ListItem","position":1,"name":"Home","item":"https:\/\/staging.perfectvanwamel.com\/de\/"},{"@type":"ListItem","position":2,"name":"Produkte","item":"https:\/\/www.perfectvanwamel.com\/de\/technologie\/"},{"@type":"ListItem","position":3,"name":"DR\/MV-Serie, \u2013 Mulcher f\u00fcr den Obstbau mit verstellbare Arbeitsbreite"}]},{"@type":"WebSite","@id":"https:\/\/www.perfectvanwamel.com\/de\/#website","url":"https:\/\/www.perfectvanwamel.com\/de\/","name":"PERFECT - Van Wamel","description":"","potentialAction":[{"@type":"SearchAction","target":{"@type":"EntryPoint","urlTemplate":"https:\/\/www.perfectvanwamel.com\/de\/?s={search_term_string}"},"query-input":{"@type":"PropertyValueSpecification","valueRequired":true,"valueName":"search_term_string"}}],"inLanguage":"de"}]}},"_links":{"self":[{"href":"https:\/\/www.perfectvanwamel.com\/de\/wp-json\/wp\/v2\/product\/5591","targetHints":{"allow":["GET"]}}],"collection":[{"href":"https:\/\/www.perfectvanwamel.com\/de\/wp-json\/wp\/v2\/product"}],"about":[{"href":"https:\/\/www.perfectvanwamel.com\/de\/wp-json\/wp\/v2\/types\/product"}],"wp:featuredmedia":[{"embeddable":true,"href":"https:\/\/www.perfectvanwamel.com\/de\/wp-json\/wp\/v2\/media\/3355"}],"wp:attachment":[{"href":"https:\/\/www.perfectvanwamel.com\/de\/wp-json\/wp\/v2\/media?parent=5591"}],"wp:term":[{"taxonomy":"product_brand","embeddable":true,"href":"https:\/\/www.perfectvanwamel.com\/de\/wp-json\/wp\/v2\/product_brand?post=5591"},{"taxonomy":"product_cat","embeddable":true,"href":"https:\/\/www.perfectvanwamel.com\/de\/wp-json\/wp\/v2\/product_cat?post=5591"},{"taxonomy":"product_tag","embeddable":true,"href":"https:\/\/www.perfectvanwamel.com\/de\/wp-json\/wp\/v2\/product_tag?post=5591"}],"curies":[{"name":"wp","href":"https:\/\/api.w.org\/{rel}","templated":true}]}}