{"id":5592,"date":"2019-12-03T13:02:24","date_gmt":"2019-12-03T12:02:24","guid":{"rendered":"https:\/\/www.perfectvanwamel.com\/product\/kreiselmulcher-lk-serie\/"},"modified":"2020-09-30T15:56:33","modified_gmt":"2020-09-30T13:56:33","slug":"kreiselmulcher-lk-serie","status":"publish","type":"product","link":"https:\/\/www.perfectvanwamel.com\/de\/produkt\/kreiselmulcher-lk-serie\/","title":{"rendered":"LK-Serie, Besonders robuster Kreiselmulcher"},"content":{"rendered":"<p>LK-Kreiselmulcher verf\u00fcgen \u00fcber Zahnrad-Direktantriebe, sodass mehr Leistung an die M\u00e4hrotoren \u00fcbertragen werden kann. Damit sind hoher Durchsatz und ein ausgezeichnetes M\u00e4hergebnis sichergestellt, auch bei hartn\u00e4ckigem Bewuchs.<\/p>\n<p>Gesch\u00fctzt wird der Antrieb des LK-Mulchers durch Kupplungen zwischen den Zahnradgetrieben und einer serienm\u00e4\u00dfig vorhandenen Rutschkupplung auf der Gelenkwelle.<\/p>\n<p>Der LK ist das optimale Arbeitsger\u00e4t f\u00fcr Bereiche, in denen der Einsatz eines Schlegelmulchers nicht m\u00f6glich oder nicht gew\u00fcnscht ist.<\/p>\n<p>Der LK ist auf Wunsch mit einem hydraulischen Ausleger erh\u00e4ltlich. Zur optimalen Bodenauflage kann eine Laufrolle angebracht werden. Auch Lenkrollen aus Gummi geh\u00f6ren zu den M\u00f6glichkeiten.<\/p>\n","protected":false},"excerpt":{"rendered":"<p>Dieser hochleistungsf\u00e4hige Mulcher eignet sich hervorragend f\u00fcr hohes Gras und hartn\u00e4ckigen Bewuchs.<br \/>Hohe Arbeitsgeschwindigkeit dank langer Gleitleisten.<\/p>\n","protected":false},"featured_media":3366,"template":"","meta":{"_acf_changed":false},"product_brand":[],"product_cat":[1034],"product_tag":[],"class_list":{"0":"post-5592","1":"product","2":"type-product","3":"status-publish","4":"has-post-thumbnail","6":"product_cat-obstbaumulcher","7":"pa_aantal-maaimessen-2-de","8":"pa_aantal-maaimessen-3-de","9":"pa_aftakas-opm-37-50-de","10":"pa_aftakas-opm-41-55-de","11":"pa_aftakas-opm-45-60-de","12":"pa_aftakas-opm-56-75-de","13":"pa_denkende-schijf-nein","14":"pa_gewicht-kg-470-de","15":"pa_gewicht-kg-490-de","16":"pa_gewicht-kg-625-de","17":"pa_gewicht-kg-700-de","18":"pa_maaihoogte-cm-4-14-de","19":"pa_max-verstrek-midden-cm-141-de","20":"pa_max-verstrek-midden-cm-156-de","21":"pa_max-verstrek-midden-cm-171-de","22":"pa_max-verstrek-midden-cm-186-de","23":"pa_transportbreedte-cm-195-de","24":"pa_transportbreedte-cm-225-de","25":"pa_transportbreedte-cm-255-de","26":"pa_transportbreedte-cm-285-de","27":"pa_werkbreedte-cm-185-de","28":"pa_werkbreedte-cm-215-de","29":"pa_werkbreedte-cm-245-de","30":"pa_werkbreedte-cm-275-de","32":"first","33":"instock","34":"shipping-taxable","35":"product-type-simple"},"acf":[],"yoast_head":"<!-- This site is optimized with the Yoast SEO plugin v27.4 - https:\/\/yoast.com\/product\/yoast-seo-wordpress\/ -->\n<title>LK-Serie, Besonders robuster Kreiselmulcher - PERFECT - Van Wamel<\/title>\n<meta name=\"robots\" content=\"index, follow, max-snippet:-1, max-image-preview:large, max-video-preview:-1\" \/>\n<link rel=\"canonical\" href=\"https:\/\/www.perfectvanwamel.com\/de\/produkt\/kreiselmulcher-lk-serie\/\" \/>\n<meta property=\"og:locale\" content=\"de_DE\" \/>\n<meta property=\"og:type\" content=\"article\" \/>\n<meta property=\"og:title\" content=\"LK-Serie, Besonders robuster Kreiselmulcher - PERFECT - Van Wamel\" \/>\n<meta property=\"og:description\" content=\"Dieser hochleistungsf\u00e4hige Mulcher eignet sich hervorragend f\u00fcr hohes Gras und hartn\u00e4ckigen Bewuchs.Hohe Arbeitsgeschwindigkeit dank langer Gleitleisten.\" \/>\n<meta property=\"og:url\" content=\"https:\/\/www.perfectvanwamel.com\/de\/produkt\/kreiselmulcher-lk-serie\/\" \/>\n<meta property=\"og:site_name\" content=\"PERFECT - Van Wamel\" \/>\n<meta property=\"article:modified_time\" content=\"2020-09-30T13:56:33+00:00\" \/>\n<meta property=\"og:image\" content=\"https:\/\/staging.perfectvanwamel.com\/wp-content\/uploads\/2019\/12\/PERFECT_rotary_mower_LK-245_blanc-1024x766.jpg\" \/>\n\t<meta property=\"og:image:width\" content=\"1024\" \/>\n\t<meta property=\"og:image:height\" content=\"766\" \/>\n\t<meta property=\"og:image:type\" content=\"image\/jpeg\" \/>\n<meta name=\"twitter:card\" content=\"summary_large_image\" \/>\n<meta name=\"twitter:label1\" content=\"Gesch\u00e4tzte Lesezeit\" \/>\n\t<meta name=\"twitter:data1\" content=\"1\u00a0Minute\" \/>\n<script type=\"application\/ld+json\" class=\"yoast-schema-graph\">{\"@context\":\"https:\\\/\\\/schema.org\",\"@graph\":[{\"@type\":\"WebPage\",\"@id\":\"https:\\\/\\\/www.perfectvanwamel.com\\\/de\\\/produkt\\\/kreiselmulcher-lk-serie\\\/\",\"url\":\"https:\\\/\\\/www.perfectvanwamel.com\\\/de\\\/produkt\\\/kreiselmulcher-lk-serie\\\/\",\"name\":\"LK-Serie, Besonders robuster Kreiselmulcher - PERFECT - Van Wamel\",\"isPartOf\":{\"@id\":\"https:\\\/\\\/www.perfectvanwamel.com\\\/de\\\/#website\"},\"primaryImageOfPage\":{\"@id\":\"https:\\\/\\\/www.perfectvanwamel.com\\\/de\\\/produkt\\\/kreiselmulcher-lk-serie\\\/#primaryimage\"},\"image\":{\"@id\":\"https:\\\/\\\/www.perfectvanwamel.com\\\/de\\\/produkt\\\/kreiselmulcher-lk-serie\\\/#primaryimage\"},\"thumbnailUrl\":\"https:\\\/\\\/www.perfectvanwamel.com\\\/wp-content\\\/uploads\\\/2019\\\/12\\\/PERFECT_rotary_mower_LK-245_blanc.jpg\",\"datePublished\":\"2019-12-03T12:02:24+00:00\",\"dateModified\":\"2020-09-30T13:56:33+00:00\",\"breadcrumb\":{\"@id\":\"https:\\\/\\\/www.perfectvanwamel.com\\\/de\\\/produkt\\\/kreiselmulcher-lk-serie\\\/#breadcrumb\"},\"inLanguage\":\"de\",\"potentialAction\":[{\"@type\":\"ReadAction\",\"target\":[\"https:\\\/\\\/www.perfectvanwamel.com\\\/de\\\/produkt\\\/kreiselmulcher-lk-serie\\\/\"]}]},{\"@type\":\"ImageObject\",\"inLanguage\":\"de\",\"@id\":\"https:\\\/\\\/www.perfectvanwamel.com\\\/de\\\/produkt\\\/kreiselmulcher-lk-serie\\\/#primaryimage\",\"url\":\"https:\\\/\\\/www.perfectvanwamel.com\\\/wp-content\\\/uploads\\\/2019\\\/12\\\/PERFECT_rotary_mower_LK-245_blanc.jpg\",\"contentUrl\":\"https:\\\/\\\/www.perfectvanwamel.com\\\/wp-content\\\/uploads\\\/2019\\\/12\\\/PERFECT_rotary_mower_LK-245_blanc.jpg\",\"width\":2288,\"height\":1712},{\"@type\":\"BreadcrumbList\",\"@id\":\"https:\\\/\\\/www.perfectvanwamel.com\\\/de\\\/produkt\\\/kreiselmulcher-lk-serie\\\/#breadcrumb\",\"itemListElement\":[{\"@type\":\"ListItem\",\"position\":1,\"name\":\"Home\",\"item\":\"https:\\\/\\\/staging.perfectvanwamel.com\\\/de\\\/\"},{\"@type\":\"ListItem\",\"position\":2,\"name\":\"Technologie\",\"item\":\"https:\\\/\\\/staging.perfectvanwamel.com\\\/de\\\/technologie\\\/\"},{\"@type\":\"ListItem\",\"position\":3,\"name\":\"LK-Serie, Besonders robuster Kreiselmulcher\"}]},{\"@type\":\"WebSite\",\"@id\":\"https:\\\/\\\/www.perfectvanwamel.com\\\/de\\\/#website\",\"url\":\"https:\\\/\\\/www.perfectvanwamel.com\\\/de\\\/\",\"name\":\"PERFECT - Van Wamel\",\"description\":\"\",\"potentialAction\":[{\"@type\":\"SearchAction\",\"target\":{\"@type\":\"EntryPoint\",\"urlTemplate\":\"https:\\\/\\\/www.perfectvanwamel.com\\\/de\\\/?s={search_term_string}\"},\"query-input\":{\"@type\":\"PropertyValueSpecification\",\"valueRequired\":true,\"valueName\":\"search_term_string\"}}],\"inLanguage\":\"de\"}]}<\/script>\n<!-- \/ Yoast SEO plugin. -->","yoast_head_json":{"title":"LK-Serie, Besonders robuster Kreiselmulcher - PERFECT - Van Wamel","robots":{"index":"index","follow":"follow","max-snippet":"max-snippet:-1","max-image-preview":"max-image-preview:large","max-video-preview":"max-video-preview:-1"},"canonical":"https:\/\/www.perfectvanwamel.com\/de\/produkt\/kreiselmulcher-lk-serie\/","og_locale":"de_DE","og_type":"article","og_title":"LK-Serie, Besonders robuster Kreiselmulcher - PERFECT - Van Wamel","og_description":"Dieser hochleistungsf\u00e4hige Mulcher eignet sich hervorragend f\u00fcr hohes Gras und hartn\u00e4ckigen Bewuchs.Hohe Arbeitsgeschwindigkeit dank langer Gleitleisten.","og_url":"https:\/\/www.perfectvanwamel.com\/de\/produkt\/kreiselmulcher-lk-serie\/","og_site_name":"PERFECT - Van Wamel","article_modified_time":"2020-09-30T13:56:33+00:00","og_image":[{"width":1024,"height":766,"url":"https:\/\/staging.perfectvanwamel.com\/wp-content\/uploads\/2019\/12\/PERFECT_rotary_mower_LK-245_blanc-1024x766.jpg","type":"image\/jpeg"}],"twitter_card":"summary_large_image","twitter_misc":{"Gesch\u00e4tzte Lesezeit":"1\u00a0Minute"},"schema":{"@context":"https:\/\/schema.org","@graph":[{"@type":"WebPage","@id":"https:\/\/www.perfectvanwamel.com\/de\/produkt\/kreiselmulcher-lk-serie\/","url":"https:\/\/www.perfectvanwamel.com\/de\/produkt\/kreiselmulcher-lk-serie\/","name":"LK-Serie, Besonders robuster Kreiselmulcher - PERFECT - Van Wamel","isPartOf":{"@id":"https:\/\/www.perfectvanwamel.com\/de\/#website"},"primaryImageOfPage":{"@id":"https:\/\/www.perfectvanwamel.com\/de\/produkt\/kreiselmulcher-lk-serie\/#primaryimage"},"image":{"@id":"https:\/\/www.perfectvanwamel.com\/de\/produkt\/kreiselmulcher-lk-serie\/#primaryimage"},"thumbnailUrl":"https:\/\/www.perfectvanwamel.com\/wp-content\/uploads\/2019\/12\/PERFECT_rotary_mower_LK-245_blanc.jpg","datePublished":"2019-12-03T12:02:24+00:00","dateModified":"2020-09-30T13:56:33+00:00","breadcrumb":{"@id":"https:\/\/www.perfectvanwamel.com\/de\/produkt\/kreiselmulcher-lk-serie\/#breadcrumb"},"inLanguage":"de","potentialAction":[{"@type":"ReadAction","target":["https:\/\/www.perfectvanwamel.com\/de\/produkt\/kreiselmulcher-lk-serie\/"]}]},{"@type":"ImageObject","inLanguage":"de","@id":"https:\/\/www.perfectvanwamel.com\/de\/produkt\/kreiselmulcher-lk-serie\/#primaryimage","url":"https:\/\/www.perfectvanwamel.com\/wp-content\/uploads\/2019\/12\/PERFECT_rotary_mower_LK-245_blanc.jpg","contentUrl":"https:\/\/www.perfectvanwamel.com\/wp-content\/uploads\/2019\/12\/PERFECT_rotary_mower_LK-245_blanc.jpg","width":2288,"height":1712},{"@type":"BreadcrumbList","@id":"https:\/\/www.perfectvanwamel.com\/de\/produkt\/kreiselmulcher-lk-serie\/#breadcrumb","itemListElement":[{"@type":"ListItem","position":1,"name":"Home","item":"https:\/\/staging.perfectvanwamel.com\/de\/"},{"@type":"ListItem","position":2,"name":"Technologie","item":"https:\/\/staging.perfectvanwamel.com\/de\/technologie\/"},{"@type":"ListItem","position":3,"name":"LK-Serie, Besonders robuster Kreiselmulcher"}]},{"@type":"WebSite","@id":"https:\/\/www.perfectvanwamel.com\/de\/#website","url":"https:\/\/www.perfectvanwamel.com\/de\/","name":"PERFECT - Van Wamel","description":"","potentialAction":[{"@type":"SearchAction","target":{"@type":"EntryPoint","urlTemplate":"https:\/\/www.perfectvanwamel.com\/de\/?s={search_term_string}"},"query-input":{"@type":"PropertyValueSpecification","valueRequired":true,"valueName":"search_term_string"}}],"inLanguage":"de"}]}},"_links":{"self":[{"href":"https:\/\/www.perfectvanwamel.com\/de\/wp-json\/wp\/v2\/product\/5592","targetHints":{"allow":["GET"]}}],"collection":[{"href":"https:\/\/www.perfectvanwamel.com\/de\/wp-json\/wp\/v2\/product"}],"about":[{"href":"https:\/\/www.perfectvanwamel.com\/de\/wp-json\/wp\/v2\/types\/product"}],"wp:featuredmedia":[{"embeddable":true,"href":"https:\/\/www.perfectvanwamel.com\/de\/wp-json\/wp\/v2\/media\/3366"}],"wp:attachment":[{"href":"https:\/\/www.perfectvanwamel.com\/de\/wp-json\/wp\/v2\/media?parent=5592"}],"wp:term":[{"taxonomy":"product_brand","embeddable":true,"href":"https:\/\/www.perfectvanwamel.com\/de\/wp-json\/wp\/v2\/product_brand?post=5592"},{"taxonomy":"product_cat","embeddable":true,"href":"https:\/\/www.perfectvanwamel.com\/de\/wp-json\/wp\/v2\/product_cat?post=5592"},{"taxonomy":"product_tag","embeddable":true,"href":"https:\/\/www.perfectvanwamel.com\/de\/wp-json\/wp\/v2\/product_tag?post=5592"}],"curies":[{"name":"wp","href":"https:\/\/api.w.org\/{rel}","templated":true}]}}