{"id":5593,"date":"2019-12-03T13:02:07","date_gmt":"2019-12-03T12:02:07","guid":{"rendered":"https:\/\/www.perfectvanwamel.com\/product\/kreiselmulcher-rn-serie\/"},"modified":"2020-10-29T19:19:16","modified_gmt":"2020-10-29T18:19:16","slug":"kreiselmulcher-rn-serie","status":"publish","type":"product","link":"https:\/\/www.perfectvanwamel.com\/de\/produkt\/kreiselmulcher-rn-serie\/","title":{"rendered":"RN-Serie, Mulcher mit Seitenauswurf"},"content":{"rendered":"<p>Die M\u00e4hmesser des RN-Streifenmulchers drehen sich nach au\u00dfen. Dank der abnehmbaren Abdeckhauben kann das Gras seitlich in die Reihe ausgeworfen werden. Dieser Mulchvorgang bietet Schutz vor Austrocknung und verhindert die Ausbreitung von Unkraut. Au\u00dferdem wird dadurch der Baum\/die Weinrebe mit D\u00fcngerstoffen versorgt.<\/p>\n<p>RN-Mulcher sind mit einem speziellen Anbaubock f\u00fcr Mulchen und Spr\u00fchen im selben Arbeitsgang erh\u00e4ltlich. Dieser Mulcher f\u00fcr Obstpflanzungen ist auch f\u00fcr den Anbau an einen Frontlader erh\u00e4ltlich. Zum Mulchen weit au\u00dferhalb der Traktorspur ist ein Parallelogramm-Ausleger verf\u00fcgbar.<\/p>\n","protected":false},"excerpt":{"rendered":"<p>Der RN-Mulcher verf\u00fcgt \u00fcber einen schweren Antrieb mit zwei Zahnradgetrieben; dadurch ist ein gro\u00dfer Durchsatz auch beim M\u00e4hen von hohem Gras sichergestellt. Der gro\u00dfe, abgerundete Rahmen und die serienm\u00e4\u00dfig vorhandenen Lenkrollen verleihen diesem Mulcher f\u00fcr den Obstbau eine optimale Wendigkeit. Alle RN-Mulcher f\u00fcr Obstpflanzungen verf\u00fcgen \u00fcber drei Rotoren.<br \/>\nKreiselmulcher der Serie RN sind mit Arbeitsbreiten von 1,80\u00a0m bis 2,90\u00a0m erh\u00e4ltlich.<\/p>\n","protected":false},"featured_media":3374,"template":"","meta":{"_acf_changed":false},"product_brand":[],"product_cat":[1034],"product_tag":[],"class_list":{"0":"post-5593","1":"product","2":"type-product","3":"status-publish","4":"has-post-thumbnail","6":"product_cat-obstbaumulcher","7":"pa_aantal-maaimessen-3-de","8":"pa_denkende-schijf-ja-de","9":"pa_gewicht-kg-415-de","10":"pa_gewicht-kg-460-de","11":"pa_gewicht-kg-480-de","12":"pa_gewicht-kg-530-de","13":"pa_gewicht-kg-585-de","14":"pa_lengte-looprol-cm-48-de","15":"pa_lengte-looprol-cm-76-de","16":"pa_lengte-looprol-cm-95-de","17":"pa_maaihoogte-cm-4-10-de","18":"pa_max-verstrek-midden-cm-126-de","19":"pa_max-verstrek-midden-cm-136-de","20":"pa_max-verstrek-midden-cm-148-de","21":"pa_max-verstrek-midden-cm-161-de","22":"pa_min-benodigd-vermogen-kw-pk-18-25-de","23":"pa_min-benodigd-vermogen-kw-pk-22-30-de","24":"pa_min-benodigd-vermogen-kw-pk-26-35-de","25":"pa_min-benodigd-vermogen-kw-pk-29-40-de","26":"pa_min-benodigd-vermogen-kw-pk-33-45-de","27":"pa_transportbreedte-cm-185-de","28":"pa_transportbreedte-cm-205-de","29":"pa_transportbreedte-cm-230-de","30":"pa_transportbreedte-cm-255-de","31":"pa_transportbreedte-cm-295-de","32":"pa_werkbreedte-cm-180-de","33":"pa_werkbreedte-cm-200-de","34":"pa_werkbreedte-cm-225-de","35":"pa_werkbreedte-cm-250-de","36":"pa_werkbreedte-cm-290-de","38":"first","39":"instock","40":"shipping-taxable","41":"product-type-simple"},"acf":[],"yoast_head":"<!-- This site is optimized with the Yoast SEO plugin v27.4 - https:\/\/yoast.com\/product\/yoast-seo-wordpress\/ -->\n<title>Obstbaum\u00e4her mit Seitenauswurf Serie RN. - PERFECT - Van Wamel<\/title>\n<meta name=\"description\" content=\"Spezialisierter Obstm\u00e4her. Dank abnehmbarer Abdeckungen kann das Gras seitlich in der Reihe ausgeworfen werden.\" \/>\n<meta name=\"robots\" content=\"index, follow, max-snippet:-1, max-image-preview:large, max-video-preview:-1\" \/>\n<link rel=\"canonical\" href=\"https:\/\/www.perfectvanwamel.com\/de\/produkt\/kreiselmulcher-rn-serie\/\" \/>\n<meta property=\"og:locale\" content=\"de_DE\" \/>\n<meta property=\"og:type\" content=\"article\" \/>\n<meta property=\"og:title\" content=\"Obstbaum\u00e4her mit Seitenauswurf Serie RN. - PERFECT - Van Wamel\" \/>\n<meta property=\"og:description\" content=\"Spezialisierter Obstm\u00e4her. Dank abnehmbarer Abdeckungen kann das Gras seitlich in der Reihe ausgeworfen werden.\" \/>\n<meta property=\"og:url\" content=\"https:\/\/www.perfectvanwamel.com\/de\/produkt\/kreiselmulcher-rn-serie\/\" \/>\n<meta property=\"og:site_name\" content=\"PERFECT - Van Wamel\" \/>\n<meta property=\"article:modified_time\" content=\"2020-10-29T18:19:16+00:00\" \/>\n<meta property=\"og:image\" content=\"https:\/\/staging.perfectvanwamel.com\/wp-content\/uploads\/2019\/12\/PERFECT_rotary_mower_RN_1_-removebg.png\" \/>\n\t<meta property=\"og:image:width\" content=\"2000\" \/>\n\t<meta property=\"og:image:height\" content=\"1335\" \/>\n\t<meta property=\"og:image:type\" content=\"image\/png\" \/>\n<meta name=\"twitter:card\" content=\"summary_large_image\" \/>\n<script type=\"application\/ld+json\" class=\"yoast-schema-graph\">{\"@context\":\"https:\\\/\\\/schema.org\",\"@graph\":[{\"@type\":\"WebPage\",\"@id\":\"https:\\\/\\\/www.perfectvanwamel.com\\\/de\\\/produkt\\\/kreiselmulcher-rn-serie\\\/\",\"url\":\"https:\\\/\\\/www.perfectvanwamel.com\\\/de\\\/produkt\\\/kreiselmulcher-rn-serie\\\/\",\"name\":\"Obstbaum\u00e4her mit Seitenauswurf Serie RN. - PERFECT - Van Wamel\",\"isPartOf\":{\"@id\":\"https:\\\/\\\/www.perfectvanwamel.com\\\/de\\\/#website\"},\"primaryImageOfPage\":{\"@id\":\"https:\\\/\\\/www.perfectvanwamel.com\\\/de\\\/produkt\\\/kreiselmulcher-rn-serie\\\/#primaryimage\"},\"image\":{\"@id\":\"https:\\\/\\\/www.perfectvanwamel.com\\\/de\\\/produkt\\\/kreiselmulcher-rn-serie\\\/#primaryimage\"},\"thumbnailUrl\":\"https:\\\/\\\/www.perfectvanwamel.com\\\/wp-content\\\/uploads\\\/2019\\\/12\\\/PERFECT_rotary_mower_RN_1_-removebg.png\",\"datePublished\":\"2019-12-03T12:02:07+00:00\",\"dateModified\":\"2020-10-29T18:19:16+00:00\",\"description\":\"Spezialisierter Obstm\u00e4her. Dank abnehmbarer Abdeckungen kann das Gras seitlich in der Reihe ausgeworfen werden.\",\"breadcrumb\":{\"@id\":\"https:\\\/\\\/www.perfectvanwamel.com\\\/de\\\/produkt\\\/kreiselmulcher-rn-serie\\\/#breadcrumb\"},\"inLanguage\":\"de\",\"potentialAction\":[{\"@type\":\"ReadAction\",\"target\":[\"https:\\\/\\\/www.perfectvanwamel.com\\\/de\\\/produkt\\\/kreiselmulcher-rn-serie\\\/\"]}]},{\"@type\":\"ImageObject\",\"inLanguage\":\"de\",\"@id\":\"https:\\\/\\\/www.perfectvanwamel.com\\\/de\\\/produkt\\\/kreiselmulcher-rn-serie\\\/#primaryimage\",\"url\":\"https:\\\/\\\/www.perfectvanwamel.com\\\/wp-content\\\/uploads\\\/2019\\\/12\\\/PERFECT_rotary_mower_RN_1_-removebg.png\",\"contentUrl\":\"https:\\\/\\\/www.perfectvanwamel.com\\\/wp-content\\\/uploads\\\/2019\\\/12\\\/PERFECT_rotary_mower_RN_1_-removebg.png\",\"width\":2000,\"height\":1335},{\"@type\":\"BreadcrumbList\",\"@id\":\"https:\\\/\\\/www.perfectvanwamel.com\\\/de\\\/produkt\\\/kreiselmulcher-rn-serie\\\/#breadcrumb\",\"itemListElement\":[{\"@type\":\"ListItem\",\"position\":1,\"name\":\"Home\",\"item\":\"https:\\\/\\\/staging.perfectvanwamel.com\\\/de\\\/\"},{\"@type\":\"ListItem\",\"position\":2,\"name\":\"Technologie\",\"item\":\"https:\\\/\\\/staging.perfectvanwamel.com\\\/de\\\/technologie\\\/\"},{\"@type\":\"ListItem\",\"position\":3,\"name\":\"RN-Serie, Mulcher mit Seitenauswurf\"}]},{\"@type\":\"WebSite\",\"@id\":\"https:\\\/\\\/www.perfectvanwamel.com\\\/de\\\/#website\",\"url\":\"https:\\\/\\\/www.perfectvanwamel.com\\\/de\\\/\",\"name\":\"PERFECT - Van Wamel\",\"description\":\"\",\"potentialAction\":[{\"@type\":\"SearchAction\",\"target\":{\"@type\":\"EntryPoint\",\"urlTemplate\":\"https:\\\/\\\/www.perfectvanwamel.com\\\/de\\\/?s={search_term_string}\"},\"query-input\":{\"@type\":\"PropertyValueSpecification\",\"valueRequired\":true,\"valueName\":\"search_term_string\"}}],\"inLanguage\":\"de\"}]}<\/script>\n<!-- \/ Yoast SEO plugin. -->","yoast_head_json":{"title":"Obstbaum\u00e4her mit Seitenauswurf Serie RN. - PERFECT - Van Wamel","description":"Spezialisierter Obstm\u00e4her. Dank abnehmbarer Abdeckungen kann das Gras seitlich in der Reihe ausgeworfen werden.","robots":{"index":"index","follow":"follow","max-snippet":"max-snippet:-1","max-image-preview":"max-image-preview:large","max-video-preview":"max-video-preview:-1"},"canonical":"https:\/\/www.perfectvanwamel.com\/de\/produkt\/kreiselmulcher-rn-serie\/","og_locale":"de_DE","og_type":"article","og_title":"Obstbaum\u00e4her mit Seitenauswurf Serie RN. - PERFECT - Van Wamel","og_description":"Spezialisierter Obstm\u00e4her. Dank abnehmbarer Abdeckungen kann das Gras seitlich in der Reihe ausgeworfen werden.","og_url":"https:\/\/www.perfectvanwamel.com\/de\/produkt\/kreiselmulcher-rn-serie\/","og_site_name":"PERFECT - Van Wamel","article_modified_time":"2020-10-29T18:19:16+00:00","og_image":[{"width":2000,"height":1335,"url":"https:\/\/staging.perfectvanwamel.com\/wp-content\/uploads\/2019\/12\/PERFECT_rotary_mower_RN_1_-removebg.png","type":"image\/png"}],"twitter_card":"summary_large_image","schema":{"@context":"https:\/\/schema.org","@graph":[{"@type":"WebPage","@id":"https:\/\/www.perfectvanwamel.com\/de\/produkt\/kreiselmulcher-rn-serie\/","url":"https:\/\/www.perfectvanwamel.com\/de\/produkt\/kreiselmulcher-rn-serie\/","name":"Obstbaum\u00e4her mit Seitenauswurf Serie RN. - PERFECT - Van Wamel","isPartOf":{"@id":"https:\/\/www.perfectvanwamel.com\/de\/#website"},"primaryImageOfPage":{"@id":"https:\/\/www.perfectvanwamel.com\/de\/produkt\/kreiselmulcher-rn-serie\/#primaryimage"},"image":{"@id":"https:\/\/www.perfectvanwamel.com\/de\/produkt\/kreiselmulcher-rn-serie\/#primaryimage"},"thumbnailUrl":"https:\/\/www.perfectvanwamel.com\/wp-content\/uploads\/2019\/12\/PERFECT_rotary_mower_RN_1_-removebg.png","datePublished":"2019-12-03T12:02:07+00:00","dateModified":"2020-10-29T18:19:16+00:00","description":"Spezialisierter Obstm\u00e4her. Dank abnehmbarer Abdeckungen kann das Gras seitlich in der Reihe ausgeworfen werden.","breadcrumb":{"@id":"https:\/\/www.perfectvanwamel.com\/de\/produkt\/kreiselmulcher-rn-serie\/#breadcrumb"},"inLanguage":"de","potentialAction":[{"@type":"ReadAction","target":["https:\/\/www.perfectvanwamel.com\/de\/produkt\/kreiselmulcher-rn-serie\/"]}]},{"@type":"ImageObject","inLanguage":"de","@id":"https:\/\/www.perfectvanwamel.com\/de\/produkt\/kreiselmulcher-rn-serie\/#primaryimage","url":"https:\/\/www.perfectvanwamel.com\/wp-content\/uploads\/2019\/12\/PERFECT_rotary_mower_RN_1_-removebg.png","contentUrl":"https:\/\/www.perfectvanwamel.com\/wp-content\/uploads\/2019\/12\/PERFECT_rotary_mower_RN_1_-removebg.png","width":2000,"height":1335},{"@type":"BreadcrumbList","@id":"https:\/\/www.perfectvanwamel.com\/de\/produkt\/kreiselmulcher-rn-serie\/#breadcrumb","itemListElement":[{"@type":"ListItem","position":1,"name":"Home","item":"https:\/\/staging.perfectvanwamel.com\/de\/"},{"@type":"ListItem","position":2,"name":"Technologie","item":"https:\/\/staging.perfectvanwamel.com\/de\/technologie\/"},{"@type":"ListItem","position":3,"name":"RN-Serie, Mulcher mit Seitenauswurf"}]},{"@type":"WebSite","@id":"https:\/\/www.perfectvanwamel.com\/de\/#website","url":"https:\/\/www.perfectvanwamel.com\/de\/","name":"PERFECT - Van Wamel","description":"","potentialAction":[{"@type":"SearchAction","target":{"@type":"EntryPoint","urlTemplate":"https:\/\/www.perfectvanwamel.com\/de\/?s={search_term_string}"},"query-input":{"@type":"PropertyValueSpecification","valueRequired":true,"valueName":"search_term_string"}}],"inLanguage":"de"}]}},"_links":{"self":[{"href":"https:\/\/www.perfectvanwamel.com\/de\/wp-json\/wp\/v2\/product\/5593","targetHints":{"allow":["GET"]}}],"collection":[{"href":"https:\/\/www.perfectvanwamel.com\/de\/wp-json\/wp\/v2\/product"}],"about":[{"href":"https:\/\/www.perfectvanwamel.com\/de\/wp-json\/wp\/v2\/types\/product"}],"wp:featuredmedia":[{"embeddable":true,"href":"https:\/\/www.perfectvanwamel.com\/de\/wp-json\/wp\/v2\/media\/3374"}],"wp:attachment":[{"href":"https:\/\/www.perfectvanwamel.com\/de\/wp-json\/wp\/v2\/media?parent=5593"}],"wp:term":[{"taxonomy":"product_brand","embeddable":true,"href":"https:\/\/www.perfectvanwamel.com\/de\/wp-json\/wp\/v2\/product_brand?post=5593"},{"taxonomy":"product_cat","embeddable":true,"href":"https:\/\/www.perfectvanwamel.com\/de\/wp-json\/wp\/v2\/product_cat?post=5593"},{"taxonomy":"product_tag","embeddable":true,"href":"https:\/\/www.perfectvanwamel.com\/de\/wp-json\/wp\/v2\/product_tag?post=5593"}],"curies":[{"name":"wp","href":"https:\/\/api.w.org\/{rel}","templated":true}]}}