{"id":5594,"date":"2019-12-03T13:01:53","date_gmt":"2019-12-03T12:01:53","guid":{"rendered":"https:\/\/www.perfectvanwamel.com\/product\/kreiselmulcher-tkf-serie\/"},"modified":"2020-10-30T20:33:36","modified_gmt":"2020-10-30T19:33:36","slug":"kreiselmulcher-tkf-serie","status":"publish","type":"product","link":"https:\/\/www.perfectvanwamel.com\/de\/produkt\/kreiselmulcher-tkf-serie\/","title":{"rendered":"TKF-Serie, Frontkreiselmulcher mit extrem kurze Anbau"},"content":{"rendered":"<p>Dank des gut durchdachten Antriebs weisen die M\u00e4hmesser unterschiedliche Drehrichtungen auf. Die optimale Grasverteilung sorgt bei diesem Modell f\u00fcr einen \u00fcberaus hohen Durchsatz, der bei einem kompakten Modell wie diesem au\u00dfergew\u00f6hnlich ist.<br \/>\n<strong><br \/>\n<\/strong>Dieser Mulcher eignet sich auch f\u00fcr Traktoren mit Umkehrvorrichtung: Das spezielle Zahnradgetriebe korrigiert die Drehrichtung der Gelenkwelle automatisch. Somit ist der TKF in Kombination mit jedem Schmalspurtraktor einsetzbar.<\/p>\n","protected":false},"excerpt":{"rendered":"<p>Der TKF-Mulcher wurde speziell f\u00fcr den Einsatz in modernen Obstpflanzungen und Weing\u00e4rten entwickelt. Der extrem kurze Anbau mit k\u00fcrzeren M\u00e4hmessern und dem flexiblen Frontbock sorgen daf\u00fcr, dass der TKF mit \u00e4u\u00dferst geringem Platzbedarf an jeden Schmalspurtraktor angebaut werden kann. Damit l\u00e4sst sich jede Situation im Obst- und Weinbau m\u00fchelos meistern, beispielsweise in Kombination mit einem Obstbauspritze.<br \/>\nDer TKF ist mit Arbeitsbreiten von 2,00\u00a0m bis 2,60\u00a0m lieferbar.<\/p>\n","protected":false},"featured_media":28354,"template":"","meta":{"_acf_changed":false},"product_brand":[],"product_cat":[1034],"product_tag":[],"class_list":{"0":"post-5594","1":"product","2":"type-product","3":"status-publish","4":"has-post-thumbnail","6":"product_cat-obstbaumulcher","7":"pa_aantal-maaimessen-4-de","8":"pa_denkende-schijf-nein","9":"pa_gewicht-kg-480-de","10":"pa_gewicht-kg-560-de","11":"pa_gewicht-kg-640-de","12":"pa_lengte-looprol-cm-74-de","13":"pa_maaihoogte-cm-4-10-de","14":"pa_min-benodigd-vermogen-kw-pk-34-35-de","15":"pa_min-benodigd-vermogen-kw-pk-36-50-de-2","16":"pa_min-benodigd-vermogen-kw-pk-46-60-de","17":"pa_transportbreedte-cm-205-de","18":"pa_transportbreedte-cm-235-de","19":"pa_transportbreedte-cm-265-de","20":"pa_werkbreedte-cm-200-de","21":"pa_werkbreedte-cm-230-de","22":"pa_werkbreedte-cm-260-de","24":"first","25":"instock","26":"shipping-taxable","27":"product-type-simple"},"acf":[],"yoast_head":"<!-- This site is optimized with the Yoast SEO plugin v27.4 - https:\/\/yoast.com\/product\/yoast-seo-wordpress\/ -->\n<title>Extra kompakter Frontmulcher - PERFECT - Van Wamel<\/title>\n<meta name=\"description\" content=\"Einzigartiger Frontm\u00e4her mit k\u00fcrzeren Messern und flexiblem Anbaubock. Extrem kurze Befestigung an jedem Schmalspurtraktor. Sehr kurzer Wendekreis.\" \/>\n<meta name=\"robots\" content=\"index, follow, max-snippet:-1, max-image-preview:large, max-video-preview:-1\" \/>\n<link rel=\"canonical\" href=\"https:\/\/www.perfectvanwamel.com\/de\/produkt\/kreiselmulcher-tkf-serie\/\" \/>\n<meta property=\"og:locale\" content=\"de_DE\" \/>\n<meta property=\"og:type\" content=\"article\" \/>\n<meta property=\"og:title\" content=\"Extra kompakter Frontmulcher - PERFECT - Van Wamel\" \/>\n<meta property=\"og:description\" content=\"Einzigartiger Frontm\u00e4her mit k\u00fcrzeren Messern und flexiblem Anbaubock. Extrem kurze Befestigung an jedem Schmalspurtraktor. Sehr kurzer Wendekreis.\" \/>\n<meta property=\"og:url\" content=\"https:\/\/www.perfectvanwamel.com\/de\/produkt\/kreiselmulcher-tkf-serie\/\" \/>\n<meta property=\"og:site_name\" content=\"PERFECT - Van Wamel\" \/>\n<meta property=\"article:modified_time\" content=\"2020-10-30T19:33:36+00:00\" \/>\n<meta name=\"twitter:card\" content=\"summary_large_image\" \/>\n<script type=\"application\/ld+json\" class=\"yoast-schema-graph\">{\"@context\":\"https:\\\/\\\/schema.org\",\"@graph\":[{\"@type\":\"WebPage\",\"@id\":\"https:\\\/\\\/www.perfectvanwamel.com\\\/de\\\/produkt\\\/kreiselmulcher-tkf-serie\\\/\",\"url\":\"https:\\\/\\\/www.perfectvanwamel.com\\\/de\\\/produkt\\\/kreiselmulcher-tkf-serie\\\/\",\"name\":\"Extra kompakter Frontmulcher - PERFECT - Van Wamel\",\"isPartOf\":{\"@id\":\"https:\\\/\\\/www.perfectvanwamel.com\\\/de\\\/#website\"},\"primaryImageOfPage\":{\"@id\":\"https:\\\/\\\/www.perfectvanwamel.com\\\/de\\\/produkt\\\/kreiselmulcher-tkf-serie\\\/#primaryimage\"},\"image\":{\"@id\":\"https:\\\/\\\/www.perfectvanwamel.com\\\/de\\\/produkt\\\/kreiselmulcher-tkf-serie\\\/#primaryimage\"},\"thumbnailUrl\":\"https:\\\/\\\/www.perfectvanwamel.com\\\/wp-content\\\/uploads\\\/2019\\\/12\\\/TKF.jpg\",\"datePublished\":\"2019-12-03T12:01:53+00:00\",\"dateModified\":\"2020-10-30T19:33:36+00:00\",\"description\":\"Einzigartiger Frontm\u00e4her mit k\u00fcrzeren Messern und flexiblem Anbaubock. Extrem kurze Befestigung an jedem Schmalspurtraktor. Sehr kurzer Wendekreis.\",\"breadcrumb\":{\"@id\":\"https:\\\/\\\/www.perfectvanwamel.com\\\/de\\\/produkt\\\/kreiselmulcher-tkf-serie\\\/#breadcrumb\"},\"inLanguage\":\"de\",\"potentialAction\":[{\"@type\":\"ReadAction\",\"target\":[\"https:\\\/\\\/www.perfectvanwamel.com\\\/de\\\/produkt\\\/kreiselmulcher-tkf-serie\\\/\"]}]},{\"@type\":\"ImageObject\",\"inLanguage\":\"de\",\"@id\":\"https:\\\/\\\/www.perfectvanwamel.com\\\/de\\\/produkt\\\/kreiselmulcher-tkf-serie\\\/#primaryimage\",\"url\":\"https:\\\/\\\/www.perfectvanwamel.com\\\/wp-content\\\/uploads\\\/2019\\\/12\\\/TKF.jpg\",\"contentUrl\":\"https:\\\/\\\/www.perfectvanwamel.com\\\/wp-content\\\/uploads\\\/2019\\\/12\\\/TKF.jpg\",\"width\":1772,\"height\":1182},{\"@type\":\"BreadcrumbList\",\"@id\":\"https:\\\/\\\/www.perfectvanwamel.com\\\/de\\\/produkt\\\/kreiselmulcher-tkf-serie\\\/#breadcrumb\",\"itemListElement\":[{\"@type\":\"ListItem\",\"position\":1,\"name\":\"Home\",\"item\":\"https:\\\/\\\/staging.perfectvanwamel.com\\\/de\\\/\"},{\"@type\":\"ListItem\",\"position\":2,\"name\":\"Technologie\",\"item\":\"https:\\\/\\\/staging.perfectvanwamel.com\\\/de\\\/technologie\\\/\"},{\"@type\":\"ListItem\",\"position\":3,\"name\":\"TKF-Serie, Frontkreiselmulcher mit extrem kurze Anbau\"}]},{\"@type\":\"WebSite\",\"@id\":\"https:\\\/\\\/www.perfectvanwamel.com\\\/de\\\/#website\",\"url\":\"https:\\\/\\\/www.perfectvanwamel.com\\\/de\\\/\",\"name\":\"PERFECT - Van Wamel\",\"description\":\"\",\"potentialAction\":[{\"@type\":\"SearchAction\",\"target\":{\"@type\":\"EntryPoint\",\"urlTemplate\":\"https:\\\/\\\/www.perfectvanwamel.com\\\/de\\\/?s={search_term_string}\"},\"query-input\":{\"@type\":\"PropertyValueSpecification\",\"valueRequired\":true,\"valueName\":\"search_term_string\"}}],\"inLanguage\":\"de\"}]}<\/script>\n<!-- \/ Yoast SEO plugin. -->","yoast_head_json":{"title":"Extra kompakter Frontmulcher - PERFECT - Van Wamel","description":"Einzigartiger Frontm\u00e4her mit k\u00fcrzeren Messern und flexiblem Anbaubock. Extrem kurze Befestigung an jedem Schmalspurtraktor. Sehr kurzer Wendekreis.","robots":{"index":"index","follow":"follow","max-snippet":"max-snippet:-1","max-image-preview":"max-image-preview:large","max-video-preview":"max-video-preview:-1"},"canonical":"https:\/\/www.perfectvanwamel.com\/de\/produkt\/kreiselmulcher-tkf-serie\/","og_locale":"de_DE","og_type":"article","og_title":"Extra kompakter Frontmulcher - PERFECT - Van Wamel","og_description":"Einzigartiger Frontm\u00e4her mit k\u00fcrzeren Messern und flexiblem Anbaubock. Extrem kurze Befestigung an jedem Schmalspurtraktor. Sehr kurzer Wendekreis.","og_url":"https:\/\/www.perfectvanwamel.com\/de\/produkt\/kreiselmulcher-tkf-serie\/","og_site_name":"PERFECT - Van Wamel","article_modified_time":"2020-10-30T19:33:36+00:00","twitter_card":"summary_large_image","schema":{"@context":"https:\/\/schema.org","@graph":[{"@type":"WebPage","@id":"https:\/\/www.perfectvanwamel.com\/de\/produkt\/kreiselmulcher-tkf-serie\/","url":"https:\/\/www.perfectvanwamel.com\/de\/produkt\/kreiselmulcher-tkf-serie\/","name":"Extra kompakter Frontmulcher - PERFECT - Van Wamel","isPartOf":{"@id":"https:\/\/www.perfectvanwamel.com\/de\/#website"},"primaryImageOfPage":{"@id":"https:\/\/www.perfectvanwamel.com\/de\/produkt\/kreiselmulcher-tkf-serie\/#primaryimage"},"image":{"@id":"https:\/\/www.perfectvanwamel.com\/de\/produkt\/kreiselmulcher-tkf-serie\/#primaryimage"},"thumbnailUrl":"https:\/\/www.perfectvanwamel.com\/wp-content\/uploads\/2019\/12\/TKF.jpg","datePublished":"2019-12-03T12:01:53+00:00","dateModified":"2020-10-30T19:33:36+00:00","description":"Einzigartiger Frontm\u00e4her mit k\u00fcrzeren Messern und flexiblem Anbaubock. Extrem kurze Befestigung an jedem Schmalspurtraktor. Sehr kurzer Wendekreis.","breadcrumb":{"@id":"https:\/\/www.perfectvanwamel.com\/de\/produkt\/kreiselmulcher-tkf-serie\/#breadcrumb"},"inLanguage":"de","potentialAction":[{"@type":"ReadAction","target":["https:\/\/www.perfectvanwamel.com\/de\/produkt\/kreiselmulcher-tkf-serie\/"]}]},{"@type":"ImageObject","inLanguage":"de","@id":"https:\/\/www.perfectvanwamel.com\/de\/produkt\/kreiselmulcher-tkf-serie\/#primaryimage","url":"https:\/\/www.perfectvanwamel.com\/wp-content\/uploads\/2019\/12\/TKF.jpg","contentUrl":"https:\/\/www.perfectvanwamel.com\/wp-content\/uploads\/2019\/12\/TKF.jpg","width":1772,"height":1182},{"@type":"BreadcrumbList","@id":"https:\/\/www.perfectvanwamel.com\/de\/produkt\/kreiselmulcher-tkf-serie\/#breadcrumb","itemListElement":[{"@type":"ListItem","position":1,"name":"Home","item":"https:\/\/staging.perfectvanwamel.com\/de\/"},{"@type":"ListItem","position":2,"name":"Technologie","item":"https:\/\/staging.perfectvanwamel.com\/de\/technologie\/"},{"@type":"ListItem","position":3,"name":"TKF-Serie, Frontkreiselmulcher mit extrem kurze Anbau"}]},{"@type":"WebSite","@id":"https:\/\/www.perfectvanwamel.com\/de\/#website","url":"https:\/\/www.perfectvanwamel.com\/de\/","name":"PERFECT - Van Wamel","description":"","potentialAction":[{"@type":"SearchAction","target":{"@type":"EntryPoint","urlTemplate":"https:\/\/www.perfectvanwamel.com\/de\/?s={search_term_string}"},"query-input":{"@type":"PropertyValueSpecification","valueRequired":true,"valueName":"search_term_string"}}],"inLanguage":"de"}]}},"_links":{"self":[{"href":"https:\/\/www.perfectvanwamel.com\/de\/wp-json\/wp\/v2\/product\/5594","targetHints":{"allow":["GET"]}}],"collection":[{"href":"https:\/\/www.perfectvanwamel.com\/de\/wp-json\/wp\/v2\/product"}],"about":[{"href":"https:\/\/www.perfectvanwamel.com\/de\/wp-json\/wp\/v2\/types\/product"}],"wp:featuredmedia":[{"embeddable":true,"href":"https:\/\/www.perfectvanwamel.com\/de\/wp-json\/wp\/v2\/media\/28354"}],"wp:attachment":[{"href":"https:\/\/www.perfectvanwamel.com\/de\/wp-json\/wp\/v2\/media?parent=5594"}],"wp:term":[{"taxonomy":"product_brand","embeddable":true,"href":"https:\/\/www.perfectvanwamel.com\/de\/wp-json\/wp\/v2\/product_brand?post=5594"},{"taxonomy":"product_cat","embeddable":true,"href":"https:\/\/www.perfectvanwamel.com\/de\/wp-json\/wp\/v2\/product_cat?post=5594"},{"taxonomy":"product_tag","embeddable":true,"href":"https:\/\/www.perfectvanwamel.com\/de\/wp-json\/wp\/v2\/product_tag?post=5594"}],"curies":[{"name":"wp","href":"https:\/\/api.w.org\/{rel}","templated":true}]}}