{"id":5595,"date":"2019-12-03T13:01:38","date_gmt":"2019-12-03T12:01:38","guid":{"rendered":"https:\/\/www.perfectvanwamel.com\/product\/kreiselmulcher-t-serie\/"},"modified":"2020-10-05T10:24:19","modified_gmt":"2020-10-05T08:24:19","slug":"kreiselmulcher-t-serie","status":"publish","type":"product","link":"https:\/\/www.perfectvanwamel.com\/de\/produkt\/kreiselmulcher-t-serie\/","title":{"rendered":"T-Serie, Niedrige Streifenmulcher"},"content":{"rendered":"<p>Der kr\u00e4ftige Keilriemenantrieb mit automatischer Keilriemenspannung und die hohe Drehgeschwindigkeit der drei Rotoren sorgen bei diesem Mulcher f\u00fcr \u00fcberzeugende Leistungsf\u00e4higkeit. Mulcher der T-Serie sind mit speziellem Anbaubock f\u00fcr kombiniertes M\u00e4hen und Spr\u00fchen lieferbar. Auch eine Version f\u00fcr den Frontanbau geh\u00f6rt zu den M\u00f6glichkeiten.<\/p>\n","protected":false},"excerpt":{"rendered":"<p>Die Mulcher der T-Serie sind sehr robuste und wendige Streifenmulcher f\u00fcr den Einsatz in Obstpflanzungen und Weing\u00e4rten. Sie sind mit Arbeitsbreiten von 1,55\u00a0m bis 2,90\u00a0m lieferbar.<\/p>\n","protected":false},"featured_media":4923,"template":"","meta":{"_acf_changed":false},"product_brand":[],"product_cat":[1034],"product_tag":[],"class_list":{"0":"post-5595","1":"product","2":"type-product","3":"status-publish","4":"has-post-thumbnail","6":"product_cat-obstbaumulcher","7":"pa_aantal-maaimessen-3-de","8":"pa_denkende-schijf-nein","9":"pa_gewicht-kg-350-de","10":"pa_gewicht-kg-385-de","11":"pa_gewicht-kg-415-de","12":"pa_gewicht-kg-500-de","13":"pa_gewicht-kg-525-de","14":"pa_gewicht-kg-535-de","15":"pa_lengte-looprol-cm-1-102-de","16":"pa_lengte-looprol-cm-2-38-de","17":"pa_lengte-looprol-cm-2-48-de","18":"pa_lengte-looprol-cm-2-53-de","19":"pa_maaihoogte-cm-4-10-de","20":"pa_min-benodigd-vermogen-kw-pk-16-22-de","21":"pa_min-benodigd-vermogen-kw-pk-18-25-de","22":"pa_min-benodigd-vermogen-kw-pk-22-30-de","23":"pa_min-benodigd-vermogen-kw-pk-26-35-de","24":"pa_min-benodigd-vermogen-kw-pk-29-40-de","25":"pa_min-benodigd-vermogen-kw-pk-33-45-de","26":"pa_transportbreedte-cm-160-de","27":"pa_transportbreedte-cm-185-de","28":"pa_transportbreedte-cm-205-de","29":"pa_transportbreedte-cm-230-de","30":"pa_transportbreedte-cm-255-de","31":"pa_transportbreedte-cm-295-de","32":"pa_werkbreedte-cm-155-de","33":"pa_werkbreedte-cm-180-de","34":"pa_werkbreedte-cm-200-de","35":"pa_werkbreedte-cm-225-de","36":"pa_werkbreedte-cm-250-de","37":"pa_werkbreedte-cm-290-de","39":"first","40":"instock","41":"shipping-taxable","42":"product-type-simple"},"acf":[],"yoast_head":"<!-- This site is optimized with the Yoast SEO plugin v27.5 - https:\/\/yoast.com\/product\/yoast-seo-wordpress\/ -->\n<title>T-Serie, Niedrige Streifenmulcher - PERFECT - Van Wamel<\/title>\n<meta name=\"robots\" content=\"index, follow, max-snippet:-1, max-image-preview:large, max-video-preview:-1\" \/>\n<link rel=\"canonical\" href=\"https:\/\/www.perfectvanwamel.com\/de\/produkt\/kreiselmulcher-t-serie\/\" \/>\n<meta property=\"og:locale\" content=\"de_DE\" \/>\n<meta property=\"og:type\" content=\"article\" \/>\n<meta property=\"og:title\" content=\"T-Serie, Niedrige Streifenmulcher - PERFECT - Van Wamel\" \/>\n<meta property=\"og:description\" content=\"Die Mulcher der T-Serie sind sehr robuste und wendige Streifenmulcher f\u00fcr den Einsatz in Obstpflanzungen und Weing\u00e4rten. Sie sind mit Arbeitsbreiten von 1,55\u00a0m bis 2,90\u00a0m lieferbar.\" \/>\n<meta property=\"og:url\" content=\"https:\/\/www.perfectvanwamel.com\/de\/produkt\/kreiselmulcher-t-serie\/\" \/>\n<meta property=\"og:site_name\" content=\"PERFECT - Van Wamel\" \/>\n<meta property=\"article:modified_time\" content=\"2020-10-05T08:24:19+00:00\" \/>\n<meta property=\"og:image\" content=\"https:\/\/staging.perfectvanwamel.com\/wp-content\/uploads\/2019\/12\/T-series.png\" \/>\n\t<meta property=\"og:image:width\" content=\"2000\" \/>\n\t<meta property=\"og:image:height\" content=\"1335\" \/>\n\t<meta property=\"og:image:type\" content=\"image\/png\" \/>\n<meta name=\"twitter:card\" content=\"summary_large_image\" \/>\n<script type=\"application\/ld+json\" class=\"yoast-schema-graph\">{\"@context\":\"https:\\\/\\\/schema.org\",\"@graph\":[{\"@type\":\"WebPage\",\"@id\":\"https:\\\/\\\/www.perfectvanwamel.com\\\/de\\\/produkt\\\/kreiselmulcher-t-serie\\\/\",\"url\":\"https:\\\/\\\/www.perfectvanwamel.com\\\/de\\\/produkt\\\/kreiselmulcher-t-serie\\\/\",\"name\":\"T-Serie, Niedrige Streifenmulcher - PERFECT - Van Wamel\",\"isPartOf\":{\"@id\":\"https:\\\/\\\/www.perfectvanwamel.com\\\/de\\\/#website\"},\"primaryImageOfPage\":{\"@id\":\"https:\\\/\\\/www.perfectvanwamel.com\\\/de\\\/produkt\\\/kreiselmulcher-t-serie\\\/#primaryimage\"},\"image\":{\"@id\":\"https:\\\/\\\/www.perfectvanwamel.com\\\/de\\\/produkt\\\/kreiselmulcher-t-serie\\\/#primaryimage\"},\"thumbnailUrl\":\"https:\\\/\\\/www.perfectvanwamel.com\\\/wp-content\\\/uploads\\\/2019\\\/12\\\/T-series.png\",\"datePublished\":\"2019-12-03T12:01:38+00:00\",\"dateModified\":\"2020-10-05T08:24:19+00:00\",\"breadcrumb\":{\"@id\":\"https:\\\/\\\/www.perfectvanwamel.com\\\/de\\\/produkt\\\/kreiselmulcher-t-serie\\\/#breadcrumb\"},\"inLanguage\":\"de\",\"potentialAction\":[{\"@type\":\"ReadAction\",\"target\":[\"https:\\\/\\\/www.perfectvanwamel.com\\\/de\\\/produkt\\\/kreiselmulcher-t-serie\\\/\"]}]},{\"@type\":\"ImageObject\",\"inLanguage\":\"de\",\"@id\":\"https:\\\/\\\/www.perfectvanwamel.com\\\/de\\\/produkt\\\/kreiselmulcher-t-serie\\\/#primaryimage\",\"url\":\"https:\\\/\\\/www.perfectvanwamel.com\\\/wp-content\\\/uploads\\\/2019\\\/12\\\/T-series.png\",\"contentUrl\":\"https:\\\/\\\/www.perfectvanwamel.com\\\/wp-content\\\/uploads\\\/2019\\\/12\\\/T-series.png\",\"width\":2000,\"height\":1335},{\"@type\":\"BreadcrumbList\",\"@id\":\"https:\\\/\\\/www.perfectvanwamel.com\\\/de\\\/produkt\\\/kreiselmulcher-t-serie\\\/#breadcrumb\",\"itemListElement\":[{\"@type\":\"ListItem\",\"position\":1,\"name\":\"Home\",\"item\":\"https:\\\/\\\/staging.perfectvanwamel.com\\\/de\\\/\"},{\"@type\":\"ListItem\",\"position\":2,\"name\":\"Produkte\",\"item\":\"https:\\\/\\\/www.perfectvanwamel.com\\\/de\\\/technologie\\\/\"},{\"@type\":\"ListItem\",\"position\":3,\"name\":\"T-Serie, Niedrige Streifenmulcher\"}]},{\"@type\":\"WebSite\",\"@id\":\"https:\\\/\\\/www.perfectvanwamel.com\\\/de\\\/#website\",\"url\":\"https:\\\/\\\/www.perfectvanwamel.com\\\/de\\\/\",\"name\":\"PERFECT - Van Wamel\",\"description\":\"\",\"potentialAction\":[{\"@type\":\"SearchAction\",\"target\":{\"@type\":\"EntryPoint\",\"urlTemplate\":\"https:\\\/\\\/www.perfectvanwamel.com\\\/de\\\/?s={search_term_string}\"},\"query-input\":{\"@type\":\"PropertyValueSpecification\",\"valueRequired\":true,\"valueName\":\"search_term_string\"}}],\"inLanguage\":\"de\"}]}<\/script>\n<!-- \/ Yoast SEO plugin. -->","yoast_head_json":{"title":"T-Serie, Niedrige Streifenmulcher - PERFECT - Van Wamel","robots":{"index":"index","follow":"follow","max-snippet":"max-snippet:-1","max-image-preview":"max-image-preview:large","max-video-preview":"max-video-preview:-1"},"canonical":"https:\/\/www.perfectvanwamel.com\/de\/produkt\/kreiselmulcher-t-serie\/","og_locale":"de_DE","og_type":"article","og_title":"T-Serie, Niedrige Streifenmulcher - PERFECT - Van Wamel","og_description":"Die Mulcher der T-Serie sind sehr robuste und wendige Streifenmulcher f\u00fcr den Einsatz in Obstpflanzungen und Weing\u00e4rten. Sie sind mit Arbeitsbreiten von 1,55\u00a0m bis 2,90\u00a0m lieferbar.","og_url":"https:\/\/www.perfectvanwamel.com\/de\/produkt\/kreiselmulcher-t-serie\/","og_site_name":"PERFECT - Van Wamel","article_modified_time":"2020-10-05T08:24:19+00:00","og_image":[{"width":2000,"height":1335,"url":"https:\/\/staging.perfectvanwamel.com\/wp-content\/uploads\/2019\/12\/T-series.png","type":"image\/png"}],"twitter_card":"summary_large_image","schema":{"@context":"https:\/\/schema.org","@graph":[{"@type":"WebPage","@id":"https:\/\/www.perfectvanwamel.com\/de\/produkt\/kreiselmulcher-t-serie\/","url":"https:\/\/www.perfectvanwamel.com\/de\/produkt\/kreiselmulcher-t-serie\/","name":"T-Serie, Niedrige Streifenmulcher - PERFECT - Van Wamel","isPartOf":{"@id":"https:\/\/www.perfectvanwamel.com\/de\/#website"},"primaryImageOfPage":{"@id":"https:\/\/www.perfectvanwamel.com\/de\/produkt\/kreiselmulcher-t-serie\/#primaryimage"},"image":{"@id":"https:\/\/www.perfectvanwamel.com\/de\/produkt\/kreiselmulcher-t-serie\/#primaryimage"},"thumbnailUrl":"https:\/\/www.perfectvanwamel.com\/wp-content\/uploads\/2019\/12\/T-series.png","datePublished":"2019-12-03T12:01:38+00:00","dateModified":"2020-10-05T08:24:19+00:00","breadcrumb":{"@id":"https:\/\/www.perfectvanwamel.com\/de\/produkt\/kreiselmulcher-t-serie\/#breadcrumb"},"inLanguage":"de","potentialAction":[{"@type":"ReadAction","target":["https:\/\/www.perfectvanwamel.com\/de\/produkt\/kreiselmulcher-t-serie\/"]}]},{"@type":"ImageObject","inLanguage":"de","@id":"https:\/\/www.perfectvanwamel.com\/de\/produkt\/kreiselmulcher-t-serie\/#primaryimage","url":"https:\/\/www.perfectvanwamel.com\/wp-content\/uploads\/2019\/12\/T-series.png","contentUrl":"https:\/\/www.perfectvanwamel.com\/wp-content\/uploads\/2019\/12\/T-series.png","width":2000,"height":1335},{"@type":"BreadcrumbList","@id":"https:\/\/www.perfectvanwamel.com\/de\/produkt\/kreiselmulcher-t-serie\/#breadcrumb","itemListElement":[{"@type":"ListItem","position":1,"name":"Home","item":"https:\/\/staging.perfectvanwamel.com\/de\/"},{"@type":"ListItem","position":2,"name":"Produkte","item":"https:\/\/www.perfectvanwamel.com\/de\/technologie\/"},{"@type":"ListItem","position":3,"name":"T-Serie, Niedrige Streifenmulcher"}]},{"@type":"WebSite","@id":"https:\/\/www.perfectvanwamel.com\/de\/#website","url":"https:\/\/www.perfectvanwamel.com\/de\/","name":"PERFECT - Van Wamel","description":"","potentialAction":[{"@type":"SearchAction","target":{"@type":"EntryPoint","urlTemplate":"https:\/\/www.perfectvanwamel.com\/de\/?s={search_term_string}"},"query-input":{"@type":"PropertyValueSpecification","valueRequired":true,"valueName":"search_term_string"}}],"inLanguage":"de"}]}},"_links":{"self":[{"href":"https:\/\/www.perfectvanwamel.com\/de\/wp-json\/wp\/v2\/product\/5595","targetHints":{"allow":["GET"]}}],"collection":[{"href":"https:\/\/www.perfectvanwamel.com\/de\/wp-json\/wp\/v2\/product"}],"about":[{"href":"https:\/\/www.perfectvanwamel.com\/de\/wp-json\/wp\/v2\/types\/product"}],"wp:featuredmedia":[{"embeddable":true,"href":"https:\/\/www.perfectvanwamel.com\/de\/wp-json\/wp\/v2\/media\/4923"}],"wp:attachment":[{"href":"https:\/\/www.perfectvanwamel.com\/de\/wp-json\/wp\/v2\/media?parent=5595"}],"wp:term":[{"taxonomy":"product_brand","embeddable":true,"href":"https:\/\/www.perfectvanwamel.com\/de\/wp-json\/wp\/v2\/product_brand?post=5595"},{"taxonomy":"product_cat","embeddable":true,"href":"https:\/\/www.perfectvanwamel.com\/de\/wp-json\/wp\/v2\/product_cat?post=5595"},{"taxonomy":"product_tag","embeddable":true,"href":"https:\/\/www.perfectvanwamel.com\/de\/wp-json\/wp\/v2\/product_tag?post=5595"}],"curies":[{"name":"wp","href":"https:\/\/api.w.org\/{rel}","templated":true}]}}