{"id":5596,"date":"2019-12-03T13:01:21","date_gmt":"2019-12-03T12:01:21","guid":{"rendered":"https:\/\/www.perfectvanwamel.com\/product\/kreiselmulcher-lk-serie-2\/"},"modified":"2020-09-30T15:33:57","modified_gmt":"2020-09-30T13:33:57","slug":"weidenmulcher-lk-serie-2","status":"publish","type":"product","link":"https:\/\/www.perfectvanwamel.com\/de\/produkt\/weidenmulcher-lk-serie-2\/","title":{"rendered":"LK-Serie, Besonders robuster Kreiselmulcher"},"content":{"rendered":"<p>Diese Schwerlast-Kreiselmulcher der Serie LK sind in verschiedenen Arbeitsbreiten von 1,85\u00a0m bis 2,75\u00a0m erh\u00e4ltlich und verf\u00fcgen serienm\u00e4\u00dfig \u00fcber eine Gelenkwelle mit \u00dcberlastkupplung zum Schutz des Antriebs.<\/p>\n<p>Zur optimalen Bodenauflage kann der LK-Streifenmulcher mit einer Laufrolle ausgestattet werden.<\/p>\n","protected":false},"excerpt":{"rendered":"<p>LK-Mulcher f\u00fcr den Obst- und Weinbau sind mit Zahnradgetrieben ausgestattet, \u00fcber die sich mehr Leistung zu den Messern \u00fcbertragen l\u00e4sst. Das f\u00fchrt im Ergebnis zu einem hohen Leistungsniveau, sodass auch hartn\u00e4ckiger Bewuchs bzw. sehr hohes Gras m\u00fchelos gem\u00e4ht werden kann. Daher eignet sich diese Maschine auch ganz hervorragend f\u00fcr Obstpflanzungen und Weing\u00e4rten, in denen nicht so h\u00e4ufig gem\u00e4ht wird.<\/p>\n","protected":false},"featured_media":28436,"template":"","meta":{"_acf_changed":false},"product_brand":[],"product_cat":[1542],"product_tag":[],"class_list":{"0":"post-5596","1":"product","2":"type-product","3":"status-publish","4":"has-post-thumbnail","6":"product_cat-streifenmaher","7":"pa_aantal-maaimessen-2-de","8":"pa_aantal-maaimessen-3-de","9":"pa_aftakas-opm-37-50-de","10":"pa_aftakas-opm-41-55-de","11":"pa_aftakas-opm-45-60-de","12":"pa_aftakas-opm-56-75-de","13":"pa_gewicht-kg-470-de","14":"pa_gewicht-kg-490-de","15":"pa_gewicht-kg-625-de","16":"pa_gewicht-kg-700-de","17":"pa_maaihoogte-cm-4-14-de","18":"pa_max-verstrek-midden-cm-141-de","19":"pa_max-verstrek-midden-cm-156-de","20":"pa_max-verstrek-midden-cm-171-de","21":"pa_max-verstrek-midden-cm-186-de","22":"pa_transportbreedte-cm-195-de","23":"pa_transportbreedte-cm-225-de","24":"pa_transportbreedte-cm-255-de","25":"pa_transportbreedte-cm-285-de","26":"pa_werkbreedte-cm-185-de","27":"pa_werkbreedte-cm-215-de","28":"pa_werkbreedte-cm-245-de","29":"pa_werkbreedte-cm-275-de","31":"first","32":"instock","33":"shipping-taxable","34":"product-type-simple"},"acf":[],"yoast_head":"<!-- This site is optimized with the Yoast SEO plugin v27.5 - https:\/\/yoast.com\/product\/yoast-seo-wordpress\/ -->\n<title>LK-Serie, Besonders robuster Kreiselmulcher - PERFECT - Van Wamel<\/title>\n<meta name=\"robots\" content=\"index, follow, max-snippet:-1, max-image-preview:large, max-video-preview:-1\" \/>\n<link rel=\"canonical\" href=\"https:\/\/www.perfectvanwamel.com\/de\/produkt\/weidenmulcher-lk-serie-2\/\" \/>\n<meta property=\"og:locale\" content=\"de_DE\" \/>\n<meta property=\"og:type\" content=\"article\" \/>\n<meta property=\"og:title\" content=\"LK-Serie, Besonders robuster Kreiselmulcher - PERFECT - Van Wamel\" \/>\n<meta property=\"og:description\" content=\"LK-Mulcher f\u00fcr den Obst- und Weinbau sind mit Zahnradgetrieben ausgestattet, \u00fcber die sich mehr Leistung zu den Messern \u00fcbertragen l\u00e4sst. Das f\u00fchrt im Ergebnis zu einem hohen Leistungsniveau, sodass auch hartn\u00e4ckiger Bewuchs bzw. sehr hohes Gras m\u00fchelos gem\u00e4ht werden kann. Daher eignet sich diese Maschine auch ganz hervorragend f\u00fcr Obstpflanzungen und Weing\u00e4rten, in denen nicht so h\u00e4ufig gem\u00e4ht wird.\" \/>\n<meta property=\"og:url\" content=\"https:\/\/www.perfectvanwamel.com\/de\/produkt\/weidenmulcher-lk-serie-2\/\" \/>\n<meta property=\"og:site_name\" content=\"PERFECT - Van Wamel\" \/>\n<meta property=\"article:modified_time\" content=\"2020-09-30T13:33:57+00:00\" \/>\n<meta property=\"og:image\" content=\"https:\/\/staging.perfectvanwamel.com\/wp-content\/uploads\/2019\/12\/LK.jpg\" \/>\n\t<meta property=\"og:image:width\" content=\"1844\" \/>\n\t<meta property=\"og:image:height\" content=\"1026\" \/>\n\t<meta property=\"og:image:type\" content=\"image\/jpeg\" \/>\n<meta name=\"twitter:card\" content=\"summary_large_image\" \/>\n<script type=\"application\/ld+json\" class=\"yoast-schema-graph\">{\"@context\":\"https:\\\/\\\/schema.org\",\"@graph\":[{\"@type\":\"WebPage\",\"@id\":\"https:\\\/\\\/www.perfectvanwamel.com\\\/de\\\/produkt\\\/weidenmulcher-lk-serie-2\\\/\",\"url\":\"https:\\\/\\\/www.perfectvanwamel.com\\\/de\\\/produkt\\\/weidenmulcher-lk-serie-2\\\/\",\"name\":\"LK-Serie, Besonders robuster Kreiselmulcher - PERFECT - Van Wamel\",\"isPartOf\":{\"@id\":\"https:\\\/\\\/www.perfectvanwamel.com\\\/de\\\/#website\"},\"primaryImageOfPage\":{\"@id\":\"https:\\\/\\\/www.perfectvanwamel.com\\\/de\\\/produkt\\\/weidenmulcher-lk-serie-2\\\/#primaryimage\"},\"image\":{\"@id\":\"https:\\\/\\\/www.perfectvanwamel.com\\\/de\\\/produkt\\\/weidenmulcher-lk-serie-2\\\/#primaryimage\"},\"thumbnailUrl\":\"https:\\\/\\\/www.perfectvanwamel.com\\\/wp-content\\\/uploads\\\/2019\\\/12\\\/LK.jpg\",\"datePublished\":\"2019-12-03T12:01:21+00:00\",\"dateModified\":\"2020-09-30T13:33:57+00:00\",\"breadcrumb\":{\"@id\":\"https:\\\/\\\/www.perfectvanwamel.com\\\/de\\\/produkt\\\/weidenmulcher-lk-serie-2\\\/#breadcrumb\"},\"inLanguage\":\"de\",\"potentialAction\":[{\"@type\":\"ReadAction\",\"target\":[\"https:\\\/\\\/www.perfectvanwamel.com\\\/de\\\/produkt\\\/weidenmulcher-lk-serie-2\\\/\"]}]},{\"@type\":\"ImageObject\",\"inLanguage\":\"de\",\"@id\":\"https:\\\/\\\/www.perfectvanwamel.com\\\/de\\\/produkt\\\/weidenmulcher-lk-serie-2\\\/#primaryimage\",\"url\":\"https:\\\/\\\/www.perfectvanwamel.com\\\/wp-content\\\/uploads\\\/2019\\\/12\\\/LK.jpg\",\"contentUrl\":\"https:\\\/\\\/www.perfectvanwamel.com\\\/wp-content\\\/uploads\\\/2019\\\/12\\\/LK.jpg\",\"width\":1844,\"height\":1026},{\"@type\":\"BreadcrumbList\",\"@id\":\"https:\\\/\\\/www.perfectvanwamel.com\\\/de\\\/produkt\\\/weidenmulcher-lk-serie-2\\\/#breadcrumb\",\"itemListElement\":[{\"@type\":\"ListItem\",\"position\":1,\"name\":\"Home\",\"item\":\"https:\\\/\\\/staging.perfectvanwamel.com\\\/de\\\/\"},{\"@type\":\"ListItem\",\"position\":2,\"name\":\"Produkte\",\"item\":\"https:\\\/\\\/www.perfectvanwamel.com\\\/de\\\/technologie\\\/\"},{\"@type\":\"ListItem\",\"position\":3,\"name\":\"LK-Serie, Besonders robuster Kreiselmulcher\"}]},{\"@type\":\"WebSite\",\"@id\":\"https:\\\/\\\/www.perfectvanwamel.com\\\/de\\\/#website\",\"url\":\"https:\\\/\\\/www.perfectvanwamel.com\\\/de\\\/\",\"name\":\"PERFECT - Van Wamel\",\"description\":\"\",\"potentialAction\":[{\"@type\":\"SearchAction\",\"target\":{\"@type\":\"EntryPoint\",\"urlTemplate\":\"https:\\\/\\\/www.perfectvanwamel.com\\\/de\\\/?s={search_term_string}\"},\"query-input\":{\"@type\":\"PropertyValueSpecification\",\"valueRequired\":true,\"valueName\":\"search_term_string\"}}],\"inLanguage\":\"de\"}]}<\/script>\n<!-- \/ Yoast SEO plugin. -->","yoast_head_json":{"title":"LK-Serie, Besonders robuster Kreiselmulcher - PERFECT - Van Wamel","robots":{"index":"index","follow":"follow","max-snippet":"max-snippet:-1","max-image-preview":"max-image-preview:large","max-video-preview":"max-video-preview:-1"},"canonical":"https:\/\/www.perfectvanwamel.com\/de\/produkt\/weidenmulcher-lk-serie-2\/","og_locale":"de_DE","og_type":"article","og_title":"LK-Serie, Besonders robuster Kreiselmulcher - PERFECT - Van Wamel","og_description":"LK-Mulcher f\u00fcr den Obst- und Weinbau sind mit Zahnradgetrieben ausgestattet, \u00fcber die sich mehr Leistung zu den Messern \u00fcbertragen l\u00e4sst. Das f\u00fchrt im Ergebnis zu einem hohen Leistungsniveau, sodass auch hartn\u00e4ckiger Bewuchs bzw. sehr hohes Gras m\u00fchelos gem\u00e4ht werden kann. Daher eignet sich diese Maschine auch ganz hervorragend f\u00fcr Obstpflanzungen und Weing\u00e4rten, in denen nicht so h\u00e4ufig gem\u00e4ht wird.","og_url":"https:\/\/www.perfectvanwamel.com\/de\/produkt\/weidenmulcher-lk-serie-2\/","og_site_name":"PERFECT - Van Wamel","article_modified_time":"2020-09-30T13:33:57+00:00","og_image":[{"width":1844,"height":1026,"url":"https:\/\/staging.perfectvanwamel.com\/wp-content\/uploads\/2019\/12\/LK.jpg","type":"image\/jpeg"}],"twitter_card":"summary_large_image","schema":{"@context":"https:\/\/schema.org","@graph":[{"@type":"WebPage","@id":"https:\/\/www.perfectvanwamel.com\/de\/produkt\/weidenmulcher-lk-serie-2\/","url":"https:\/\/www.perfectvanwamel.com\/de\/produkt\/weidenmulcher-lk-serie-2\/","name":"LK-Serie, Besonders robuster Kreiselmulcher - PERFECT - Van Wamel","isPartOf":{"@id":"https:\/\/www.perfectvanwamel.com\/de\/#website"},"primaryImageOfPage":{"@id":"https:\/\/www.perfectvanwamel.com\/de\/produkt\/weidenmulcher-lk-serie-2\/#primaryimage"},"image":{"@id":"https:\/\/www.perfectvanwamel.com\/de\/produkt\/weidenmulcher-lk-serie-2\/#primaryimage"},"thumbnailUrl":"https:\/\/www.perfectvanwamel.com\/wp-content\/uploads\/2019\/12\/LK.jpg","datePublished":"2019-12-03T12:01:21+00:00","dateModified":"2020-09-30T13:33:57+00:00","breadcrumb":{"@id":"https:\/\/www.perfectvanwamel.com\/de\/produkt\/weidenmulcher-lk-serie-2\/#breadcrumb"},"inLanguage":"de","potentialAction":[{"@type":"ReadAction","target":["https:\/\/www.perfectvanwamel.com\/de\/produkt\/weidenmulcher-lk-serie-2\/"]}]},{"@type":"ImageObject","inLanguage":"de","@id":"https:\/\/www.perfectvanwamel.com\/de\/produkt\/weidenmulcher-lk-serie-2\/#primaryimage","url":"https:\/\/www.perfectvanwamel.com\/wp-content\/uploads\/2019\/12\/LK.jpg","contentUrl":"https:\/\/www.perfectvanwamel.com\/wp-content\/uploads\/2019\/12\/LK.jpg","width":1844,"height":1026},{"@type":"BreadcrumbList","@id":"https:\/\/www.perfectvanwamel.com\/de\/produkt\/weidenmulcher-lk-serie-2\/#breadcrumb","itemListElement":[{"@type":"ListItem","position":1,"name":"Home","item":"https:\/\/staging.perfectvanwamel.com\/de\/"},{"@type":"ListItem","position":2,"name":"Produkte","item":"https:\/\/www.perfectvanwamel.com\/de\/technologie\/"},{"@type":"ListItem","position":3,"name":"LK-Serie, Besonders robuster Kreiselmulcher"}]},{"@type":"WebSite","@id":"https:\/\/www.perfectvanwamel.com\/de\/#website","url":"https:\/\/www.perfectvanwamel.com\/de\/","name":"PERFECT - Van Wamel","description":"","potentialAction":[{"@type":"SearchAction","target":{"@type":"EntryPoint","urlTemplate":"https:\/\/www.perfectvanwamel.com\/de\/?s={search_term_string}"},"query-input":{"@type":"PropertyValueSpecification","valueRequired":true,"valueName":"search_term_string"}}],"inLanguage":"de"}]}},"_links":{"self":[{"href":"https:\/\/www.perfectvanwamel.com\/de\/wp-json\/wp\/v2\/product\/5596","targetHints":{"allow":["GET"]}}],"collection":[{"href":"https:\/\/www.perfectvanwamel.com\/de\/wp-json\/wp\/v2\/product"}],"about":[{"href":"https:\/\/www.perfectvanwamel.com\/de\/wp-json\/wp\/v2\/types\/product"}],"wp:featuredmedia":[{"embeddable":true,"href":"https:\/\/www.perfectvanwamel.com\/de\/wp-json\/wp\/v2\/media\/28436"}],"wp:attachment":[{"href":"https:\/\/www.perfectvanwamel.com\/de\/wp-json\/wp\/v2\/media?parent=5596"}],"wp:term":[{"taxonomy":"product_brand","embeddable":true,"href":"https:\/\/www.perfectvanwamel.com\/de\/wp-json\/wp\/v2\/product_brand?post=5596"},{"taxonomy":"product_cat","embeddable":true,"href":"https:\/\/www.perfectvanwamel.com\/de\/wp-json\/wp\/v2\/product_cat?post=5596"},{"taxonomy":"product_tag","embeddable":true,"href":"https:\/\/www.perfectvanwamel.com\/de\/wp-json\/wp\/v2\/product_tag?post=5596"}],"curies":[{"name":"wp","href":"https:\/\/api.w.org\/{rel}","templated":true}]}}