{"id":5597,"date":"2019-12-03T13:00:40","date_gmt":"2019-12-03T12:00:40","guid":{"rendered":"https:\/\/www.perfectvanwamel.com\/product\/streifenmaeher-sv2-275\/"},"modified":"2020-09-30T15:30:27","modified_gmt":"2020-09-30T13:30:27","slug":"weidenmulcher-sv2-275","status":"publish","type":"product","link":"https:\/\/www.perfectvanwamel.com\/de\/produkt\/weidenmulcher-sv2-275\/","title":{"rendered":"SV2-275, Mulcher mit besonders weitem Ausleger"},"content":{"rendered":"<p>Der SV2-275 ist ein robuster Kreiselmulcher, mit dem vollst\u00e4ndig au\u00dferhalb der Traktorspur gearbeitet werden kann. Der maximale M\u00e4hbereich betr\u00e4gt, von der Mitte des Traktors ausgehend, ganze 3,85\u00a0m. Der gut durchdachte Antrieb mit automatischer Keilriemenspannung sorgt f\u00fcr effiziente Kraft\u00fcbertragung zu den M\u00e4hmessern.<\/p>\n<p>Die profilierten Gleitleisten erm\u00f6glichen dem SV2-275 eine optimale Bodenauflage: Die Maschine passt sich freilaufend an das Gel\u00e4nde an. Zur weiteren Optimierung der Bodenanpassung kann eine Laufrolle montiert werden.<\/p>\n<p>F\u00fcr den Stra\u00dfentransport wird der Mulcher in eine vertikale Position geklappt.<\/p>\n","protected":false},"excerpt":{"rendered":"<p>Der SV2-275 ist ein robuster, keilriemengetriebener Mulcher mit besonders weitem Ausleger, sodass auch weit au\u00dferhalb der Traktorspur gearbeitet werden kann. Auf diese Weise lassen sich Fl\u00e4chen m\u00e4hen, ohne dass die R\u00e4der der Zugmaschine zuvor dar\u00fcbergefahren sind.<\/p>\n<p>In Kombination mit einem Frontm\u00e4her ist eine gesamte Arbeitsbreite von gut 6\u00a0m m\u00f6glich.<\/p>\n","protected":false},"featured_media":28444,"template":"","meta":{"_acf_changed":false},"product_brand":[],"product_cat":[1542],"product_tag":[],"class_list":{"0":"post-5597","1":"product","2":"type-product","3":"status-publish","4":"has-post-thumbnail","6":"product_cat-streifenmaher","7":"pa_aftakas-opm-540-de","8":"pa_hefinrichting-tractor-cat-ii-de","9":"pa_maaihoogte-cm-4-14-de","10":"pa_maairotors-aantal-3-de","11":"pa_maairotors-opm-1685-de","12":"pa_werkbreedte-cm-275-de","14":"first","15":"instock","16":"shipping-taxable","17":"product-type-simple"},"acf":[],"yoast_head":"<!-- This site is optimized with the Yoast SEO plugin v27.4 - https:\/\/yoast.com\/product\/yoast-seo-wordpress\/ -->\n<title>SV2-275, Mulcher mit besonders weitem Ausleger - PERFECT - Van Wamel<\/title>\n<meta name=\"robots\" content=\"index, follow, max-snippet:-1, max-image-preview:large, max-video-preview:-1\" \/>\n<link rel=\"canonical\" href=\"https:\/\/www.perfectvanwamel.com\/de\/produkt\/weidenmulcher-sv2-275\/\" \/>\n<meta property=\"og:locale\" content=\"de_DE\" \/>\n<meta property=\"og:type\" content=\"article\" \/>\n<meta property=\"og:title\" content=\"SV2-275, Mulcher mit besonders weitem Ausleger - PERFECT - Van Wamel\" \/>\n<meta property=\"og:description\" content=\"Der SV2-275 ist ein robuster, keilriemengetriebener Mulcher mit besonders weitem Ausleger, sodass auch weit au\u00dferhalb der Traktorspur gearbeitet werden kann. Auf diese Weise lassen sich Fl\u00e4chen m\u00e4hen, ohne dass die R\u00e4der der Zugmaschine zuvor dar\u00fcbergefahren sind.  In Kombination mit einem Frontm\u00e4her ist eine gesamte Arbeitsbreite von gut 6\u00a0m m\u00f6glich.\" \/>\n<meta property=\"og:url\" content=\"https:\/\/www.perfectvanwamel.com\/de\/produkt\/weidenmulcher-sv2-275\/\" \/>\n<meta property=\"og:site_name\" content=\"PERFECT - Van Wamel\" \/>\n<meta property=\"article:modified_time\" content=\"2020-09-30T13:30:27+00:00\" \/>\n<meta property=\"og:image\" content=\"https:\/\/staging.perfectvanwamel.com\/wp-content\/uploads\/2019\/12\/SV2-275.jpg\" \/>\n\t<meta property=\"og:image:width\" content=\"1821\" \/>\n\t<meta property=\"og:image:height\" content=\"1289\" \/>\n\t<meta property=\"og:image:type\" content=\"image\/jpeg\" \/>\n<meta name=\"twitter:card\" content=\"summary_large_image\" \/>\n<script type=\"application\/ld+json\" class=\"yoast-schema-graph\">{\"@context\":\"https:\\\/\\\/schema.org\",\"@graph\":[{\"@type\":\"WebPage\",\"@id\":\"https:\\\/\\\/www.perfectvanwamel.com\\\/de\\\/produkt\\\/weidenmulcher-sv2-275\\\/\",\"url\":\"https:\\\/\\\/www.perfectvanwamel.com\\\/de\\\/produkt\\\/weidenmulcher-sv2-275\\\/\",\"name\":\"SV2-275, Mulcher mit besonders weitem Ausleger - PERFECT - Van Wamel\",\"isPartOf\":{\"@id\":\"https:\\\/\\\/www.perfectvanwamel.com\\\/de\\\/#website\"},\"primaryImageOfPage\":{\"@id\":\"https:\\\/\\\/www.perfectvanwamel.com\\\/de\\\/produkt\\\/weidenmulcher-sv2-275\\\/#primaryimage\"},\"image\":{\"@id\":\"https:\\\/\\\/www.perfectvanwamel.com\\\/de\\\/produkt\\\/weidenmulcher-sv2-275\\\/#primaryimage\"},\"thumbnailUrl\":\"https:\\\/\\\/www.perfectvanwamel.com\\\/wp-content\\\/uploads\\\/2019\\\/12\\\/SV2-275.jpg\",\"datePublished\":\"2019-12-03T12:00:40+00:00\",\"dateModified\":\"2020-09-30T13:30:27+00:00\",\"breadcrumb\":{\"@id\":\"https:\\\/\\\/www.perfectvanwamel.com\\\/de\\\/produkt\\\/weidenmulcher-sv2-275\\\/#breadcrumb\"},\"inLanguage\":\"de\",\"potentialAction\":[{\"@type\":\"ReadAction\",\"target\":[\"https:\\\/\\\/www.perfectvanwamel.com\\\/de\\\/produkt\\\/weidenmulcher-sv2-275\\\/\"]}]},{\"@type\":\"ImageObject\",\"inLanguage\":\"de\",\"@id\":\"https:\\\/\\\/www.perfectvanwamel.com\\\/de\\\/produkt\\\/weidenmulcher-sv2-275\\\/#primaryimage\",\"url\":\"https:\\\/\\\/www.perfectvanwamel.com\\\/wp-content\\\/uploads\\\/2019\\\/12\\\/SV2-275.jpg\",\"contentUrl\":\"https:\\\/\\\/www.perfectvanwamel.com\\\/wp-content\\\/uploads\\\/2019\\\/12\\\/SV2-275.jpg\",\"width\":1821,\"height\":1289},{\"@type\":\"BreadcrumbList\",\"@id\":\"https:\\\/\\\/www.perfectvanwamel.com\\\/de\\\/produkt\\\/weidenmulcher-sv2-275\\\/#breadcrumb\",\"itemListElement\":[{\"@type\":\"ListItem\",\"position\":1,\"name\":\"Home\",\"item\":\"https:\\\/\\\/staging.perfectvanwamel.com\\\/de\\\/\"},{\"@type\":\"ListItem\",\"position\":2,\"name\":\"Technologie\",\"item\":\"https:\\\/\\\/staging.perfectvanwamel.com\\\/de\\\/technologie\\\/\"},{\"@type\":\"ListItem\",\"position\":3,\"name\":\"SV2-275, Mulcher mit besonders weitem Ausleger\"}]},{\"@type\":\"WebSite\",\"@id\":\"https:\\\/\\\/www.perfectvanwamel.com\\\/de\\\/#website\",\"url\":\"https:\\\/\\\/www.perfectvanwamel.com\\\/de\\\/\",\"name\":\"PERFECT - Van Wamel\",\"description\":\"\",\"potentialAction\":[{\"@type\":\"SearchAction\",\"target\":{\"@type\":\"EntryPoint\",\"urlTemplate\":\"https:\\\/\\\/www.perfectvanwamel.com\\\/de\\\/?s={search_term_string}\"},\"query-input\":{\"@type\":\"PropertyValueSpecification\",\"valueRequired\":true,\"valueName\":\"search_term_string\"}}],\"inLanguage\":\"de\"}]}<\/script>\n<!-- \/ Yoast SEO plugin. -->","yoast_head_json":{"title":"SV2-275, Mulcher mit besonders weitem Ausleger - PERFECT - Van Wamel","robots":{"index":"index","follow":"follow","max-snippet":"max-snippet:-1","max-image-preview":"max-image-preview:large","max-video-preview":"max-video-preview:-1"},"canonical":"https:\/\/www.perfectvanwamel.com\/de\/produkt\/weidenmulcher-sv2-275\/","og_locale":"de_DE","og_type":"article","og_title":"SV2-275, Mulcher mit besonders weitem Ausleger - PERFECT - Van Wamel","og_description":"Der SV2-275 ist ein robuster, keilriemengetriebener Mulcher mit besonders weitem Ausleger, sodass auch weit au\u00dferhalb der Traktorspur gearbeitet werden kann. Auf diese Weise lassen sich Fl\u00e4chen m\u00e4hen, ohne dass die R\u00e4der der Zugmaschine zuvor dar\u00fcbergefahren sind.  In Kombination mit einem Frontm\u00e4her ist eine gesamte Arbeitsbreite von gut 6\u00a0m m\u00f6glich.","og_url":"https:\/\/www.perfectvanwamel.com\/de\/produkt\/weidenmulcher-sv2-275\/","og_site_name":"PERFECT - Van Wamel","article_modified_time":"2020-09-30T13:30:27+00:00","og_image":[{"width":1821,"height":1289,"url":"https:\/\/staging.perfectvanwamel.com\/wp-content\/uploads\/2019\/12\/SV2-275.jpg","type":"image\/jpeg"}],"twitter_card":"summary_large_image","schema":{"@context":"https:\/\/schema.org","@graph":[{"@type":"WebPage","@id":"https:\/\/www.perfectvanwamel.com\/de\/produkt\/weidenmulcher-sv2-275\/","url":"https:\/\/www.perfectvanwamel.com\/de\/produkt\/weidenmulcher-sv2-275\/","name":"SV2-275, Mulcher mit besonders weitem Ausleger - PERFECT - Van Wamel","isPartOf":{"@id":"https:\/\/www.perfectvanwamel.com\/de\/#website"},"primaryImageOfPage":{"@id":"https:\/\/www.perfectvanwamel.com\/de\/produkt\/weidenmulcher-sv2-275\/#primaryimage"},"image":{"@id":"https:\/\/www.perfectvanwamel.com\/de\/produkt\/weidenmulcher-sv2-275\/#primaryimage"},"thumbnailUrl":"https:\/\/www.perfectvanwamel.com\/wp-content\/uploads\/2019\/12\/SV2-275.jpg","datePublished":"2019-12-03T12:00:40+00:00","dateModified":"2020-09-30T13:30:27+00:00","breadcrumb":{"@id":"https:\/\/www.perfectvanwamel.com\/de\/produkt\/weidenmulcher-sv2-275\/#breadcrumb"},"inLanguage":"de","potentialAction":[{"@type":"ReadAction","target":["https:\/\/www.perfectvanwamel.com\/de\/produkt\/weidenmulcher-sv2-275\/"]}]},{"@type":"ImageObject","inLanguage":"de","@id":"https:\/\/www.perfectvanwamel.com\/de\/produkt\/weidenmulcher-sv2-275\/#primaryimage","url":"https:\/\/www.perfectvanwamel.com\/wp-content\/uploads\/2019\/12\/SV2-275.jpg","contentUrl":"https:\/\/www.perfectvanwamel.com\/wp-content\/uploads\/2019\/12\/SV2-275.jpg","width":1821,"height":1289},{"@type":"BreadcrumbList","@id":"https:\/\/www.perfectvanwamel.com\/de\/produkt\/weidenmulcher-sv2-275\/#breadcrumb","itemListElement":[{"@type":"ListItem","position":1,"name":"Home","item":"https:\/\/staging.perfectvanwamel.com\/de\/"},{"@type":"ListItem","position":2,"name":"Technologie","item":"https:\/\/staging.perfectvanwamel.com\/de\/technologie\/"},{"@type":"ListItem","position":3,"name":"SV2-275, Mulcher mit besonders weitem Ausleger"}]},{"@type":"WebSite","@id":"https:\/\/www.perfectvanwamel.com\/de\/#website","url":"https:\/\/www.perfectvanwamel.com\/de\/","name":"PERFECT - Van Wamel","description":"","potentialAction":[{"@type":"SearchAction","target":{"@type":"EntryPoint","urlTemplate":"https:\/\/www.perfectvanwamel.com\/de\/?s={search_term_string}"},"query-input":{"@type":"PropertyValueSpecification","valueRequired":true,"valueName":"search_term_string"}}],"inLanguage":"de"}]}},"_links":{"self":[{"href":"https:\/\/www.perfectvanwamel.com\/de\/wp-json\/wp\/v2\/product\/5597","targetHints":{"allow":["GET"]}}],"collection":[{"href":"https:\/\/www.perfectvanwamel.com\/de\/wp-json\/wp\/v2\/product"}],"about":[{"href":"https:\/\/www.perfectvanwamel.com\/de\/wp-json\/wp\/v2\/types\/product"}],"wp:featuredmedia":[{"embeddable":true,"href":"https:\/\/www.perfectvanwamel.com\/de\/wp-json\/wp\/v2\/media\/28444"}],"wp:attachment":[{"href":"https:\/\/www.perfectvanwamel.com\/de\/wp-json\/wp\/v2\/media?parent=5597"}],"wp:term":[{"taxonomy":"product_brand","embeddable":true,"href":"https:\/\/www.perfectvanwamel.com\/de\/wp-json\/wp\/v2\/product_brand?post=5597"},{"taxonomy":"product_cat","embeddable":true,"href":"https:\/\/www.perfectvanwamel.com\/de\/wp-json\/wp\/v2\/product_cat?post=5597"},{"taxonomy":"product_tag","embeddable":true,"href":"https:\/\/www.perfectvanwamel.com\/de\/wp-json\/wp\/v2\/product_tag?post=5597"}],"curies":[{"name":"wp","href":"https:\/\/api.w.org\/{rel}","templated":true}]}}